{"id":6068,"date":"2018-08-24T11:50:37","date_gmt":"2018-08-24T09:50:37","guid":{"rendered":"http:\/\/www.editorialjuventud.es\/bien-por-los-cinco\/"},"modified":"2024-12-11T11:55:13","modified_gmt":"2024-12-11T10:55:13","slug":"bien-por-los-cinco-9788426142061","status":"publish","type":"product","link":"https:\/\/www.editorialjuventud.es\/ca\/bien-por-los-cinco-9788426142061\/","title":{"rendered":"\u00a1Bien por los Cinco!"},"content":{"rendered":"<p>Un famoso caballo de carreras huye en estampida mientras estaba entrenando en la pista. Los Cinco tienen que actuar con rapidez\u2026 Estos relatos in\u00e9ditos de Enid Blyton, con muchas ilustraciones a todo color, son una introducci\u00f3n ideal para j\u00f3venes lectores a partir de 7 a\u00f1os, con historias m\u00e1s cortas y f\u00e1ciles de leer<\/p>\n","protected":false},"excerpt":{"rendered":"Un famoso caballo de carreras huye en estampida mientras estaba entrenando en la pista. Los Cinco tienen que actuar con rapidez\u2026 Estos relatos in\u00e9ditos de Enid Blyton, con muchas ilustraciones a todo color, son una introducci\u00f3n ideal para j\u00f3venes lectores [&hellip;]","protected":false},"featured_media":17062,"template":"","meta":{"_acf_changed":false,"_exactmetrics_skip_tracking":false,"_exactmetrics_sitenote_active":false,"_exactmetrics_sitenote_note":"","_exactmetrics_sitenote_category":0},"product_brand":[],"product_cat":[902,1142,1119,1229],"product_tag":[],"coleccion":[1026],"class_list":{"0":"post-6068","1":"product","2":"type-product","3":"status-publish","4":"has-post-thumbnail","6":"product_cat-a-partir-de-7-anos","7":"product_cat-aventura","8":"product_cat-narrativa-juvenil","9":"product_cat-vacaciones-viajes","10":"coleccion-historias-cortas-de-los-cinco","12":"first","13":"instock","14":"taxable","15":"shipping-taxable","16":"purchasable","17":"product-type-simple"},"acf":{"autor":"Blyton, Enid","codart":"4206","ediciones":"9","encuadernacion":"R\u00fastica","fecha_de_publicacion":"01\/09\/2015","novedad":"0","paginas":"80","subtitulo":"","texto_web_adicional":"","texto_web_novedad":"","orden":"999","portada":"0","texto_web_resaltado":"","indice":"","autores-libros":[16237],"ilustradores-libros":[17857],"traductores-libros":[18265],"descripcion_corta":"","recomendamos":"","mas_vendido":"","idioma-libro":"","color":false,"formato":"","mas_informacion_del_producto":false,"premios":false,"texto_enlace_cubierta":"","enlace_cubierta":false,"texto_enlace_ficha_tecnica":"","enlace_ficha_tecnica":{"ID":24630,"id":24630,"title":"SERIE Historias Cortas de Los Cinco","filename":"SERIE-Historias-Cortas-de-Los-Cinco.pdf","filesize":902693,"url":"https:\/\/www.editorialjuventud.es\/wp-content\/uploads\/SERIE-Historias-Cortas-de-Los-Cinco.pdf","link":"https:\/\/www.editorialjuventud.es\/ca\/?attachment_id=24630","alt":"","author":"47","description":"","caption":"","name":"serie-historias-cortas-de-los-cinco","status":"inherit","uploaded_to":6070,"date":"2019-04-24 09:48:48","modified":"2019-04-24 09:48:48","menu_order":0,"mime_type":"application\/pdf","type":"application","subtype":"pdf","icon":"https:\/\/www.editorialjuventud.es\/wp-includes\/images\/media\/document.png"},"ficheros":false,"titulo-fr":"","texto-fr":"","fecha_de_reimpresion":"01\/04\/2021","deshabilitar_compra":[]},"yoast_head":"<!-- This site is optimized with the Yoast SEO plugin v27.3 - https:\/\/yoast.com\/product\/yoast-seo-wordpress\/ -->\n<title>\u00a1Bien por los Cinco! - Editorial Juventud<\/title>\n<meta name=\"description\" content=\"Un famoso caballo de carreras huye en estampida mientras estaba entrenando en la pista. Los Cinco tienen que actuar con rapidez\u2026 Estos relatos in\u00e9ditos de\" \/>\n<meta name=\"robots\" content=\"index, follow, max-snippet:-1, max-image-preview:large, max-video-preview:-1\" \/>\n<link rel=\"canonical\" href=\"https:\/\/www.editorialjuventud.es\/bien-por-los-cinco-9788426142061\/\" \/>\n<meta property=\"og:locale\" content=\"ca_ES\" \/>\n<meta property=\"og:type\" content=\"article\" \/>\n<meta property=\"og:title\" content=\"\u00a1Bien por los Cinco! - Editorial Juventud\" \/>\n<meta property=\"og:description\" content=\"Un famoso caballo de carreras huye en estampida mientras estaba entrenando en la pista. Los Cinco tienen que actuar con rapidez\u2026 Estos relatos in\u00e9ditos de\" \/>\n<meta property=\"og:url\" content=\"https:\/\/www.editorialjuventud.es\/bien-por-los-cinco-9788426142061\/\" \/>\n<meta property=\"og:site_name\" content=\"Editorial Juventud\" \/>\n<meta property=\"article:modified_time\" content=\"2024-12-11T10:55:13+00:00\" \/>\n<meta property=\"og:image\" content=\"https:\/\/www.editorialjuventud.es\/wp-content\/uploads\/4206.gif\" \/>\n\t<meta property=\"og:image:width\" content=\"293\" \/>\n\t<meta property=\"og:image:height\" content=\"450\" \/>\n\t<meta property=\"og:image:type\" content=\"image\/gif\" \/>\n<meta name=\"twitter:card\" content=\"summary_large_image\" \/>\n<meta name=\"twitter:label1\" content=\"Temps estimat de lectura\" \/>\n\t<meta name=\"twitter:data1\" content=\"1 minut\" \/>\n<script type=\"application\/ld+json\" class=\"yoast-schema-graph\">{\"@context\":\"https:\\\/\\\/schema.org\",\"@graph\":[{\"@type\":\"WebPage\",\"@id\":\"https:\\\/\\\/www.editorialjuventud.es\\\/bien-por-los-cinco-9788426142061\\\/\",\"url\":\"https:\\\/\\\/www.editorialjuventud.es\\\/bien-por-los-cinco-9788426142061\\\/\",\"name\":\"\u00a1Bien por los Cinco! - Editorial Juventud\",\"isPartOf\":{\"@id\":\"https:\\\/\\\/www.editorialjuventud.es\\\/#website\"},\"primaryImageOfPage\":{\"@id\":\"https:\\\/\\\/www.editorialjuventud.es\\\/bien-por-los-cinco-9788426142061\\\/#primaryimage\"},\"image\":{\"@id\":\"https:\\\/\\\/www.editorialjuventud.es\\\/bien-por-los-cinco-9788426142061\\\/#primaryimage\"},\"thumbnailUrl\":\"https:\\\/\\\/www.editorialjuventud.es\\\/wp-content\\\/uploads\\\/4206.gif\",\"datePublished\":\"2018-08-24T09:50:37+00:00\",\"dateModified\":\"2024-12-11T10:55:13+00:00\",\"description\":\"Un famoso caballo de carreras huye en estampida mientras estaba entrenando en la pista. Los Cinco tienen que actuar con rapidez\u2026 Estos relatos in\u00e9ditos de\",\"breadcrumb\":{\"@id\":\"https:\\\/\\\/www.editorialjuventud.es\\\/bien-por-los-cinco-9788426142061\\\/#breadcrumb\"},\"inLanguage\":\"ca\",\"potentialAction\":[{\"@type\":\"ReadAction\",\"target\":[\"https:\\\/\\\/www.editorialjuventud.es\\\/bien-por-los-cinco-9788426142061\\\/\"]}]},{\"@type\":\"ImageObject\",\"inLanguage\":\"ca\",\"@id\":\"https:\\\/\\\/www.editorialjuventud.es\\\/bien-por-los-cinco-9788426142061\\\/#primaryimage\",\"url\":\"https:\\\/\\\/www.editorialjuventud.es\\\/wp-content\\\/uploads\\\/4206.gif\",\"contentUrl\":\"https:\\\/\\\/www.editorialjuventud.es\\\/wp-content\\\/uploads\\\/4206.gif\",\"width\":293,\"height\":450,\"caption\":\"4206.gif\"},{\"@type\":\"BreadcrumbList\",\"@id\":\"https:\\\/\\\/www.editorialjuventud.es\\\/bien-por-los-cinco-9788426142061\\\/#breadcrumb\",\"itemListElement\":[{\"@type\":\"ListItem\",\"position\":1,\"name\":\"Portada\",\"item\":\"https:\\\/\\\/www.editorialjuventud.es\\\/\"},{\"@type\":\"ListItem\",\"position\":2,\"name\":\"cat\u00e1logo\",\"item\":\"https:\\\/\\\/www.editorialjuventud.es\\\/coleccion\\\/catalogo\\\/\"},{\"@type\":\"ListItem\",\"position\":3,\"name\":\"castellano\",\"item\":\"https:\\\/\\\/www.editorialjuventud.es\\\/coleccion\\\/castellano\\\/\"},{\"@type\":\"ListItem\",\"position\":4,\"name\":\"Narrativa Juvenil\",\"item\":\"https:\\\/\\\/www.editorialjuventud.es\\\/coleccion\\\/narrativa-juvenil-castellano\\\/\"},{\"@type\":\"ListItem\",\"position\":5,\"name\":\"Historias Cortas de los Cinco\",\"item\":\"https:\\\/\\\/www.editorialjuventud.es\\\/coleccion\\\/historias-cortas-de-los-cinco\\\/\"},{\"@type\":\"ListItem\",\"position\":6,\"name\":\"\u00a1Bien por los Cinco!\"}]},{\"@type\":\"WebSite\",\"@id\":\"https:\\\/\\\/www.editorialjuventud.es\\\/#website\",\"url\":\"https:\\\/\\\/www.editorialjuventud.es\\\/\",\"name\":\"Editorial Juventud\",\"description\":\"\",\"potentialAction\":[{\"@type\":\"SearchAction\",\"target\":{\"@type\":\"EntryPoint\",\"urlTemplate\":\"https:\\\/\\\/www.editorialjuventud.es\\\/?s={search_term_string}\"},\"query-input\":{\"@type\":\"PropertyValueSpecification\",\"valueRequired\":true,\"valueName\":\"search_term_string\"}}],\"inLanguage\":\"ca\"}]}<\/script>\n<!-- \/ Yoast SEO plugin. -->","yoast_head_json":{"title":"\u00a1Bien por los Cinco! - Editorial Juventud","description":"Un famoso caballo de carreras huye en estampida mientras estaba entrenando en la pista. Los Cinco tienen que actuar con rapidez\u2026 Estos relatos in\u00e9ditos de","robots":{"index":"index","follow":"follow","max-snippet":"max-snippet:-1","max-image-preview":"max-image-preview:large","max-video-preview":"max-video-preview:-1"},"canonical":"https:\/\/www.editorialjuventud.es\/bien-por-los-cinco-9788426142061\/","og_locale":"ca_ES","og_type":"article","og_title":"\u00a1Bien por los Cinco! - Editorial Juventud","og_description":"Un famoso caballo de carreras huye en estampida mientras estaba entrenando en la pista. Los Cinco tienen que actuar con rapidez\u2026 Estos relatos in\u00e9ditos de","og_url":"https:\/\/www.editorialjuventud.es\/bien-por-los-cinco-9788426142061\/","og_site_name":"Editorial Juventud","article_modified_time":"2024-12-11T10:55:13+00:00","og_image":[{"width":293,"height":450,"url":"https:\/\/www.editorialjuventud.es\/wp-content\/uploads\/4206.gif","type":"image\/gif"}],"twitter_card":"summary_large_image","twitter_misc":{"Temps estimat de lectura":"1 minut"},"schema":{"@context":"https:\/\/schema.org","@graph":[{"@type":"WebPage","@id":"https:\/\/www.editorialjuventud.es\/bien-por-los-cinco-9788426142061\/","url":"https:\/\/www.editorialjuventud.es\/bien-por-los-cinco-9788426142061\/","name":"\u00a1Bien por los Cinco! - Editorial Juventud","isPartOf":{"@id":"https:\/\/www.editorialjuventud.es\/#website"},"primaryImageOfPage":{"@id":"https:\/\/www.editorialjuventud.es\/bien-por-los-cinco-9788426142061\/#primaryimage"},"image":{"@id":"https:\/\/www.editorialjuventud.es\/bien-por-los-cinco-9788426142061\/#primaryimage"},"thumbnailUrl":"https:\/\/www.editorialjuventud.es\/wp-content\/uploads\/4206.gif","datePublished":"2018-08-24T09:50:37+00:00","dateModified":"2024-12-11T10:55:13+00:00","description":"Un famoso caballo de carreras huye en estampida mientras estaba entrenando en la pista. Los Cinco tienen que actuar con rapidez\u2026 Estos relatos in\u00e9ditos de","breadcrumb":{"@id":"https:\/\/www.editorialjuventud.es\/bien-por-los-cinco-9788426142061\/#breadcrumb"},"inLanguage":"ca","potentialAction":[{"@type":"ReadAction","target":["https:\/\/www.editorialjuventud.es\/bien-por-los-cinco-9788426142061\/"]}]},{"@type":"ImageObject","inLanguage":"ca","@id":"https:\/\/www.editorialjuventud.es\/bien-por-los-cinco-9788426142061\/#primaryimage","url":"https:\/\/www.editorialjuventud.es\/wp-content\/uploads\/4206.gif","contentUrl":"https:\/\/www.editorialjuventud.es\/wp-content\/uploads\/4206.gif","width":293,"height":450,"caption":"4206.gif"},{"@type":"BreadcrumbList","@id":"https:\/\/www.editorialjuventud.es\/bien-por-los-cinco-9788426142061\/#breadcrumb","itemListElement":[{"@type":"ListItem","position":1,"name":"Portada","item":"https:\/\/www.editorialjuventud.es\/"},{"@type":"ListItem","position":2,"name":"cat\u00e1logo","item":"https:\/\/www.editorialjuventud.es\/coleccion\/catalogo\/"},{"@type":"ListItem","position":3,"name":"castellano","item":"https:\/\/www.editorialjuventud.es\/coleccion\/castellano\/"},{"@type":"ListItem","position":4,"name":"Narrativa Juvenil","item":"https:\/\/www.editorialjuventud.es\/coleccion\/narrativa-juvenil-castellano\/"},{"@type":"ListItem","position":5,"name":"Historias Cortas de los Cinco","item":"https:\/\/www.editorialjuventud.es\/coleccion\/historias-cortas-de-los-cinco\/"},{"@type":"ListItem","position":6,"name":"\u00a1Bien por los Cinco!"}]},{"@type":"WebSite","@id":"https:\/\/www.editorialjuventud.es\/#website","url":"https:\/\/www.editorialjuventud.es\/","name":"Editorial Juventud","description":"","potentialAction":[{"@type":"SearchAction","target":{"@type":"EntryPoint","urlTemplate":"https:\/\/www.editorialjuventud.es\/?s={search_term_string}"},"query-input":{"@type":"PropertyValueSpecification","valueRequired":true,"valueName":"search_term_string"}}],"inLanguage":"ca"}]}},"_links":{"self":[{"href":"https:\/\/www.editorialjuventud.es\/ca\/wp-json\/wp\/v2\/product\/6068","targetHints":{"allow":["GET"]}}],"collection":[{"href":"https:\/\/www.editorialjuventud.es\/ca\/wp-json\/wp\/v2\/product"}],"about":[{"href":"https:\/\/www.editorialjuventud.es\/ca\/wp-json\/wp\/v2\/types\/product"}],"wp:featuredmedia":[{"embeddable":true,"href":"https:\/\/www.editorialjuventud.es\/ca\/wp-json\/wp\/v2\/media\/17062"}],"wp:attachment":[{"href":"https:\/\/www.editorialjuventud.es\/ca\/wp-json\/wp\/v2\/media?parent=6068"}],"wp:term":[{"taxonomy":"product_brand","embeddable":true,"href":"https:\/\/www.editorialjuventud.es\/ca\/wp-json\/wp\/v2\/product_brand?post=6068"},{"taxonomy":"product_cat","embeddable":true,"href":"https:\/\/www.editorialjuventud.es\/ca\/wp-json\/wp\/v2\/product_cat?post=6068"},{"taxonomy":"product_tag","embeddable":true,"href":"https:\/\/www.editorialjuventud.es\/ca\/wp-json\/wp\/v2\/product_tag?post=6068"},{"taxonomy":"coleccion","embeddable":true,"href":"https:\/\/www.editorialjuventud.es\/ca\/wp-json\/wp\/v2\/coleccion?post=6068"}],"curies":[{"name":"wp","href":"https:\/\/api.w.org\/{rel}","templated":true}]}}