{"id":6067,"date":"2018-08-24T11:50:31","date_gmt":"2018-08-24T09:50:31","guid":{"rendered":"http:\/\/www.editorialjuventud.es\/ben-fet-dick\/"},"modified":"2024-12-11T11:55:25","modified_gmt":"2024-12-11T10:55:25","slug":"ben-fet-dick-9788426142054","status":"publish","type":"product","link":"https:\/\/www.editorialjuventud.es\/ca\/ben-fet-dick-9788426142054\/","title":{"rendered":"Ben fet, Dick!"},"content":{"rendered":"<p>A Kirrin entrenen un fam\u00f3s cavall de cursa. Per\u00f2 quan el cavall es desboca, els Cinc han de pensar r\u00e0pidament qu\u00e8 poden fer perqu\u00e8 el cavall no es perdi i tampoc es faci mal. Tothom dep\u00e8n d\u2019ells!<\/p>\n","protected":false},"excerpt":{"rendered":"A Kirrin entrenen un fam\u00f3s cavall de cursa. Per\u00f2 quan el cavall es desboca, els Cinc han de pensar r\u00e0pidament qu\u00e8 poden fer perqu\u00e8 el cavall no es perdi i tampoc es faci mal. Tothom dep\u00e8n d\u2019ells!","protected":false},"featured_media":17060,"template":"","meta":{"_acf_changed":false,"_exactmetrics_skip_tracking":false,"_exactmetrics_sitenote_active":false,"_exactmetrics_sitenote_note":"","_exactmetrics_sitenote_category":0},"product_brand":[],"product_cat":[902,1136,1142,1119,1128,1229],"product_tag":[],"coleccion":[982],"class_list":{"0":"post-6067","1":"product","2":"type-product","3":"status-publish","4":"has-post-thumbnail","6":"product_cat-a-partir-de-7-anos","7":"product_cat-amistad","8":"product_cat-aventura","9":"product_cat-narrativa-juvenil","10":"product_cat-tematica","11":"product_cat-vacaciones-viajes","12":"coleccion-histories-curtes-dels-cinc","14":"first","15":"instock","16":"taxable","17":"shipping-taxable","18":"purchasable","19":"product-type-simple"},"acf":{"autor":"Blyton, Enid","codart":"4205","ediciones":"9","encuadernacion":"R\u00fastica","fecha_de_publicacion":"01\/09\/2015","novedad":"0","paginas":"80","subtitulo":"","texto_web_adicional":"","texto_web_novedad":"","orden":"999","portada":"0","texto_web_resaltado":"","indice":"","autores-libros":[16237],"ilustradores-libros":[17857],"traductores-libros":[58414],"descripcion_corta":"","recomendamos":"","mas_vendido":"","idioma-libro":"","color":false,"formato":"","mas_informacion_del_producto":false,"premios":false,"texto_enlace_cubierta":"","enlace_cubierta":false,"texto_enlace_ficha_tecnica":"","enlace_ficha_tecnica":false,"ficheros":false,"titulo-fr":"","texto-fr":"","fecha_de_reimpresion":"01\/04\/2021","deshabilitar_compra":[]},"yoast_head":"<!-- This site is optimized with the Yoast SEO plugin v27.5 - https:\/\/yoast.com\/product\/yoast-seo-wordpress\/ -->\n<title>Ben fet, Dick! - Editorial Juventud<\/title>\n<meta name=\"description\" content=\"A Kirrin entrenen un fam\u00f3s cavall de cursa. Per\u00f2 quan el cavall es desboca, els Cinc han de pensar r\u00e0pidament qu\u00e8 poden fer perqu\u00e8 el cavall no es perdi i\" \/>\n<meta name=\"robots\" content=\"index, follow, max-snippet:-1, max-image-preview:large, max-video-preview:-1\" \/>\n<link rel=\"canonical\" href=\"https:\/\/www.editorialjuventud.es\/ben-fet-dick-9788426142054\/\" \/>\n<meta property=\"og:locale\" content=\"ca_ES\" \/>\n<meta property=\"og:type\" content=\"article\" \/>\n<meta property=\"og:title\" content=\"Ben fet, Dick! - Editorial Juventud\" \/>\n<meta property=\"og:description\" content=\"A Kirrin entrenen un fam\u00f3s cavall de cursa. Per\u00f2 quan el cavall es desboca, els Cinc han de pensar r\u00e0pidament qu\u00e8 poden fer perqu\u00e8 el cavall no es perdi i\" \/>\n<meta property=\"og:url\" content=\"https:\/\/www.editorialjuventud.es\/ben-fet-dick-9788426142054\/\" \/>\n<meta property=\"og:site_name\" content=\"Editorial Juventud\" \/>\n<meta property=\"article:modified_time\" content=\"2024-12-11T10:55:25+00:00\" \/>\n<meta property=\"og:image\" content=\"https:\/\/www.editorialjuventud.es\/wp-content\/uploads\/4205.jpg\" \/>\n\t<meta property=\"og:image:width\" content=\"294\" \/>\n\t<meta property=\"og:image:height\" content=\"450\" \/>\n\t<meta property=\"og:image:type\" content=\"image\/jpeg\" \/>\n<meta name=\"twitter:card\" content=\"summary_large_image\" \/>\n<script type=\"application\/ld+json\" class=\"yoast-schema-graph\">{\"@context\":\"https:\\\/\\\/schema.org\",\"@graph\":[{\"@type\":\"WebPage\",\"@id\":\"https:\\\/\\\/www.editorialjuventud.es\\\/ben-fet-dick-9788426142054\\\/\",\"url\":\"https:\\\/\\\/www.editorialjuventud.es\\\/ben-fet-dick-9788426142054\\\/\",\"name\":\"Ben fet, Dick! - Editorial Juventud\",\"isPartOf\":{\"@id\":\"https:\\\/\\\/www.editorialjuventud.es\\\/#website\"},\"primaryImageOfPage\":{\"@id\":\"https:\\\/\\\/www.editorialjuventud.es\\\/ben-fet-dick-9788426142054\\\/#primaryimage\"},\"image\":{\"@id\":\"https:\\\/\\\/www.editorialjuventud.es\\\/ben-fet-dick-9788426142054\\\/#primaryimage\"},\"thumbnailUrl\":\"https:\\\/\\\/www.editorialjuventud.es\\\/wp-content\\\/uploads\\\/4205.jpg\",\"datePublished\":\"2018-08-24T09:50:31+00:00\",\"dateModified\":\"2024-12-11T10:55:25+00:00\",\"description\":\"A Kirrin entrenen un fam\u00f3s cavall de cursa. Per\u00f2 quan el cavall es desboca, els Cinc han de pensar r\u00e0pidament qu\u00e8 poden fer perqu\u00e8 el cavall no es perdi i\",\"breadcrumb\":{\"@id\":\"https:\\\/\\\/www.editorialjuventud.es\\\/ben-fet-dick-9788426142054\\\/#breadcrumb\"},\"inLanguage\":\"ca\",\"potentialAction\":[{\"@type\":\"ReadAction\",\"target\":[\"https:\\\/\\\/www.editorialjuventud.es\\\/ben-fet-dick-9788426142054\\\/\"]}]},{\"@type\":\"ImageObject\",\"inLanguage\":\"ca\",\"@id\":\"https:\\\/\\\/www.editorialjuventud.es\\\/ben-fet-dick-9788426142054\\\/#primaryimage\",\"url\":\"https:\\\/\\\/www.editorialjuventud.es\\\/wp-content\\\/uploads\\\/4205.jpg\",\"contentUrl\":\"https:\\\/\\\/www.editorialjuventud.es\\\/wp-content\\\/uploads\\\/4205.jpg\",\"width\":294,\"height\":450,\"caption\":\"4205.jpg\"},{\"@type\":\"BreadcrumbList\",\"@id\":\"https:\\\/\\\/www.editorialjuventud.es\\\/ben-fet-dick-9788426142054\\\/#breadcrumb\",\"itemListElement\":[{\"@type\":\"ListItem\",\"position\":1,\"name\":\"Portada\",\"item\":\"https:\\\/\\\/www.editorialjuventud.es\\\/\"},{\"@type\":\"ListItem\",\"position\":2,\"name\":\"cat\u00e1logo\",\"item\":\"https:\\\/\\\/www.editorialjuventud.es\\\/coleccion\\\/catalogo\\\/\"},{\"@type\":\"ListItem\",\"position\":3,\"name\":\"catal\u00e0\",\"item\":\"https:\\\/\\\/www.editorialjuventud.es\\\/coleccion\\\/catala\\\/\"},{\"@type\":\"ListItem\",\"position\":4,\"name\":\"Narrativa Juvenil\",\"item\":\"https:\\\/\\\/www.editorialjuventud.es\\\/ca\\\/coleccion\\\/narrativa-juvenil\\\/\"},{\"@type\":\"ListItem\",\"position\":5,\"name\":\"Hist\u00f2ries Curtes dels Cinc\",\"item\":\"https:\\\/\\\/www.editorialjuventud.es\\\/ca\\\/coleccion\\\/histories-curtes-dels-cinc\\\/\"},{\"@type\":\"ListItem\",\"position\":6,\"name\":\"Ben fet, Dick!\"}]},{\"@type\":\"WebSite\",\"@id\":\"https:\\\/\\\/www.editorialjuventud.es\\\/#website\",\"url\":\"https:\\\/\\\/www.editorialjuventud.es\\\/\",\"name\":\"Editorial Juventud\",\"description\":\"\",\"potentialAction\":[{\"@type\":\"SearchAction\",\"target\":{\"@type\":\"EntryPoint\",\"urlTemplate\":\"https:\\\/\\\/www.editorialjuventud.es\\\/?s={search_term_string}\"},\"query-input\":{\"@type\":\"PropertyValueSpecification\",\"valueRequired\":true,\"valueName\":\"search_term_string\"}}],\"inLanguage\":\"ca\"}]}<\/script>\n<!-- \/ Yoast SEO plugin. -->","yoast_head_json":{"title":"Ben fet, Dick! - Editorial Juventud","description":"A Kirrin entrenen un fam\u00f3s cavall de cursa. Per\u00f2 quan el cavall es desboca, els Cinc han de pensar r\u00e0pidament qu\u00e8 poden fer perqu\u00e8 el cavall no es perdi i","robots":{"index":"index","follow":"follow","max-snippet":"max-snippet:-1","max-image-preview":"max-image-preview:large","max-video-preview":"max-video-preview:-1"},"canonical":"https:\/\/www.editorialjuventud.es\/ben-fet-dick-9788426142054\/","og_locale":"ca_ES","og_type":"article","og_title":"Ben fet, Dick! - Editorial Juventud","og_description":"A Kirrin entrenen un fam\u00f3s cavall de cursa. Per\u00f2 quan el cavall es desboca, els Cinc han de pensar r\u00e0pidament qu\u00e8 poden fer perqu\u00e8 el cavall no es perdi i","og_url":"https:\/\/www.editorialjuventud.es\/ben-fet-dick-9788426142054\/","og_site_name":"Editorial Juventud","article_modified_time":"2024-12-11T10:55:25+00:00","og_image":[{"width":294,"height":450,"url":"https:\/\/www.editorialjuventud.es\/wp-content\/uploads\/4205.jpg","type":"image\/jpeg"}],"twitter_card":"summary_large_image","schema":{"@context":"https:\/\/schema.org","@graph":[{"@type":"WebPage","@id":"https:\/\/www.editorialjuventud.es\/ben-fet-dick-9788426142054\/","url":"https:\/\/www.editorialjuventud.es\/ben-fet-dick-9788426142054\/","name":"Ben fet, Dick! - Editorial Juventud","isPartOf":{"@id":"https:\/\/www.editorialjuventud.es\/#website"},"primaryImageOfPage":{"@id":"https:\/\/www.editorialjuventud.es\/ben-fet-dick-9788426142054\/#primaryimage"},"image":{"@id":"https:\/\/www.editorialjuventud.es\/ben-fet-dick-9788426142054\/#primaryimage"},"thumbnailUrl":"https:\/\/www.editorialjuventud.es\/wp-content\/uploads\/4205.jpg","datePublished":"2018-08-24T09:50:31+00:00","dateModified":"2024-12-11T10:55:25+00:00","description":"A Kirrin entrenen un fam\u00f3s cavall de cursa. Per\u00f2 quan el cavall es desboca, els Cinc han de pensar r\u00e0pidament qu\u00e8 poden fer perqu\u00e8 el cavall no es perdi i","breadcrumb":{"@id":"https:\/\/www.editorialjuventud.es\/ben-fet-dick-9788426142054\/#breadcrumb"},"inLanguage":"ca","potentialAction":[{"@type":"ReadAction","target":["https:\/\/www.editorialjuventud.es\/ben-fet-dick-9788426142054\/"]}]},{"@type":"ImageObject","inLanguage":"ca","@id":"https:\/\/www.editorialjuventud.es\/ben-fet-dick-9788426142054\/#primaryimage","url":"https:\/\/www.editorialjuventud.es\/wp-content\/uploads\/4205.jpg","contentUrl":"https:\/\/www.editorialjuventud.es\/wp-content\/uploads\/4205.jpg","width":294,"height":450,"caption":"4205.jpg"},{"@type":"BreadcrumbList","@id":"https:\/\/www.editorialjuventud.es\/ben-fet-dick-9788426142054\/#breadcrumb","itemListElement":[{"@type":"ListItem","position":1,"name":"Portada","item":"https:\/\/www.editorialjuventud.es\/"},{"@type":"ListItem","position":2,"name":"cat\u00e1logo","item":"https:\/\/www.editorialjuventud.es\/coleccion\/catalogo\/"},{"@type":"ListItem","position":3,"name":"catal\u00e0","item":"https:\/\/www.editorialjuventud.es\/coleccion\/catala\/"},{"@type":"ListItem","position":4,"name":"Narrativa Juvenil","item":"https:\/\/www.editorialjuventud.es\/ca\/coleccion\/narrativa-juvenil\/"},{"@type":"ListItem","position":5,"name":"Hist\u00f2ries Curtes dels Cinc","item":"https:\/\/www.editorialjuventud.es\/ca\/coleccion\/histories-curtes-dels-cinc\/"},{"@type":"ListItem","position":6,"name":"Ben fet, Dick!"}]},{"@type":"WebSite","@id":"https:\/\/www.editorialjuventud.es\/#website","url":"https:\/\/www.editorialjuventud.es\/","name":"Editorial Juventud","description":"","potentialAction":[{"@type":"SearchAction","target":{"@type":"EntryPoint","urlTemplate":"https:\/\/www.editorialjuventud.es\/?s={search_term_string}"},"query-input":{"@type":"PropertyValueSpecification","valueRequired":true,"valueName":"search_term_string"}}],"inLanguage":"ca"}]}},"_links":{"self":[{"href":"https:\/\/www.editorialjuventud.es\/ca\/wp-json\/wp\/v2\/product\/6067","targetHints":{"allow":["GET"]}}],"collection":[{"href":"https:\/\/www.editorialjuventud.es\/ca\/wp-json\/wp\/v2\/product"}],"about":[{"href":"https:\/\/www.editorialjuventud.es\/ca\/wp-json\/wp\/v2\/types\/product"}],"wp:featuredmedia":[{"embeddable":true,"href":"https:\/\/www.editorialjuventud.es\/ca\/wp-json\/wp\/v2\/media\/17060"}],"wp:attachment":[{"href":"https:\/\/www.editorialjuventud.es\/ca\/wp-json\/wp\/v2\/media?parent=6067"}],"wp:term":[{"taxonomy":"product_brand","embeddable":true,"href":"https:\/\/www.editorialjuventud.es\/ca\/wp-json\/wp\/v2\/product_brand?post=6067"},{"taxonomy":"product_cat","embeddable":true,"href":"https:\/\/www.editorialjuventud.es\/ca\/wp-json\/wp\/v2\/product_cat?post=6067"},{"taxonomy":"product_tag","embeddable":true,"href":"https:\/\/www.editorialjuventud.es\/ca\/wp-json\/wp\/v2\/product_tag?post=6067"},{"taxonomy":"coleccion","embeddable":true,"href":"https:\/\/www.editorialjuventud.es\/ca\/wp-json\/wp\/v2\/coleccion?post=6067"}],"curies":[{"name":"wp","href":"https:\/\/api.w.org\/{rel}","templated":true}]}}