{"id":6066,"date":"2018-08-24T11:50:25","date_gmt":"2018-08-24T09:50:25","guid":{"rendered":"http:\/\/www.editorialjuventud.es\/historia-de-la-guerra-del-peloponeso\/"},"modified":"2019-10-11T23:46:29","modified_gmt":"2019-10-11T21:46:29","slug":"historia-de-la-guerra-del-peloponeso-9788426142047","status":"publish","type":"product","link":"https:\/\/www.editorialjuventud.es\/ca\/historia-de-la-guerra-del-peloponeso-9788426142047\/","title":{"rendered":"Historia de la guerra del Peloponeso"},"content":{"rendered":"<p>No es frecuente que un historiador sea al mismo tiempo protagonista de los sucesos que narra. En tal caso, el testimonio da una veracidad especial al relato hist\u00f3rico. Pero si el cronista es adem\u00e1s estratega de la contienda narrada y jefe de algunas expediciones, no hay duda del valor excepcional de lo que nos cuenta de primera mano. Todos estos elementos favorables coinciden en Tuc\u00eddides, quien en Historia de la guerra del Peloponeso describe los terribles y largos enfrentamientos entre Atenas y Esparta, las dos ciudades que tantas cosas simbolizan en la Antig\u00fcedad. Tuc\u00eddides es un narrador cr\u00edtico, a menudo realista, que no se inspira en la \u00e9pica ni conf\u00eda en la l\u00edrica para convencernos de un episodio heroico.<\/p>\n","protected":false},"excerpt":{"rendered":"No es frecuente que un historiador sea al mismo tiempo protagonista de los sucesos que narra. En tal caso, el testimonio da una veracidad especial al relato hist\u00f3rico. Pero si el cronista es adem\u00e1s estratega de la contienda narrada y [&hellip;]","protected":false},"featured_media":13385,"template":"","meta":{"_acf_changed":false,"_exactmetrics_skip_tracking":false,"_exactmetrics_sitenote_active":false,"_exactmetrics_sitenote_note":"","_exactmetrics_sitenote_category":0},"product_brand":[],"product_cat":[905,892,1115,1118],"product_tag":[],"coleccion":[916,1083,1007,938],"class_list":{"0":"post-6066","1":"product","2":"type-product","3":"status-publish","4":"has-post-thumbnail","6":"product_cat-adulto","7":"product_cat-edades","8":"product_cat-generos","9":"product_cat-literatura-clasica","10":"coleccion-castellano","11":"coleccion-clasicos","12":"coleccion-coleccion-z","13":"coleccion-libros-de-bolsillo","15":"first","16":"instock","17":"taxable","18":"shipping-taxable","19":"purchasable","20":"product-type-simple"},"acf":{"autores-libros":[16652],"traductores-libros":[16473]},"yoast_head":"<!-- This site is optimized with the Yoast SEO plugin v27.5 - https:\/\/yoast.com\/product\/yoast-seo-wordpress\/ -->\n<title>Historia de la guerra del Peloponeso - Editorial Juventud<\/title>\n<meta name=\"description\" content=\"No es frecuente que un historiador sea al mismo tiempo protagonista de los sucesos que narra. En tal caso, el testimonio da una veracidad especial al\" \/>\n<meta name=\"robots\" content=\"index, follow, max-snippet:-1, max-image-preview:large, max-video-preview:-1\" \/>\n<link rel=\"canonical\" href=\"https:\/\/www.editorialjuventud.es\/historia-de-la-guerra-del-peloponeso-9788426142047\/\" \/>\n<meta property=\"og:locale\" content=\"ca_ES\" \/>\n<meta property=\"og:type\" content=\"article\" \/>\n<meta property=\"og:title\" content=\"Historia de la guerra del Peloponeso - Editorial Juventud\" \/>\n<meta property=\"og:description\" content=\"No es frecuente que un historiador sea al mismo tiempo protagonista de los sucesos que narra. En tal caso, el testimonio da una veracidad especial al\" \/>\n<meta property=\"og:url\" content=\"https:\/\/www.editorialjuventud.es\/historia-de-la-guerra-del-peloponeso-9788426142047\/\" \/>\n<meta property=\"og:site_name\" content=\"Editorial Juventud\" \/>\n<meta property=\"article:modified_time\" content=\"2019-10-11T21:46:29+00:00\" \/>\n<meta property=\"og:image\" content=\"https:\/\/www.editorialjuventud.es\/wp-content\/uploads\/4204.jpg\" \/>\n\t<meta property=\"og:image:width\" content=\"292\" \/>\n\t<meta property=\"og:image:height\" content=\"450\" \/>\n\t<meta property=\"og:image:type\" content=\"image\/jpeg\" \/>\n<meta name=\"twitter:card\" content=\"summary_large_image\" \/>\n<meta name=\"twitter:label1\" content=\"Temps estimat de lectura\" \/>\n\t<meta name=\"twitter:data1\" content=\"1 minut\" \/>\n<script type=\"application\/ld+json\" class=\"yoast-schema-graph\">{\"@context\":\"https:\\\/\\\/schema.org\",\"@graph\":[{\"@type\":\"WebPage\",\"@id\":\"https:\\\/\\\/www.editorialjuventud.es\\\/historia-de-la-guerra-del-peloponeso-9788426142047\\\/\",\"url\":\"https:\\\/\\\/www.editorialjuventud.es\\\/historia-de-la-guerra-del-peloponeso-9788426142047\\\/\",\"name\":\"Historia de la guerra del Peloponeso - Editorial Juventud\",\"isPartOf\":{\"@id\":\"https:\\\/\\\/www.editorialjuventud.es\\\/#website\"},\"primaryImageOfPage\":{\"@id\":\"https:\\\/\\\/www.editorialjuventud.es\\\/historia-de-la-guerra-del-peloponeso-9788426142047\\\/#primaryimage\"},\"image\":{\"@id\":\"https:\\\/\\\/www.editorialjuventud.es\\\/historia-de-la-guerra-del-peloponeso-9788426142047\\\/#primaryimage\"},\"thumbnailUrl\":\"https:\\\/\\\/www.editorialjuventud.es\\\/wp-content\\\/uploads\\\/4204.jpg\",\"datePublished\":\"2018-08-24T09:50:25+00:00\",\"dateModified\":\"2019-10-11T21:46:29+00:00\",\"description\":\"No es frecuente que un historiador sea al mismo tiempo protagonista de los sucesos que narra. En tal caso, el testimonio da una veracidad especial al\",\"breadcrumb\":{\"@id\":\"https:\\\/\\\/www.editorialjuventud.es\\\/historia-de-la-guerra-del-peloponeso-9788426142047\\\/#breadcrumb\"},\"inLanguage\":\"ca\",\"potentialAction\":[{\"@type\":\"ReadAction\",\"target\":[\"https:\\\/\\\/www.editorialjuventud.es\\\/historia-de-la-guerra-del-peloponeso-9788426142047\\\/\"]}]},{\"@type\":\"ImageObject\",\"inLanguage\":\"ca\",\"@id\":\"https:\\\/\\\/www.editorialjuventud.es\\\/historia-de-la-guerra-del-peloponeso-9788426142047\\\/#primaryimage\",\"url\":\"https:\\\/\\\/www.editorialjuventud.es\\\/wp-content\\\/uploads\\\/4204.jpg\",\"contentUrl\":\"https:\\\/\\\/www.editorialjuventud.es\\\/wp-content\\\/uploads\\\/4204.jpg\",\"width\":292,\"height\":450,\"caption\":\"4204.jpg\"},{\"@type\":\"BreadcrumbList\",\"@id\":\"https:\\\/\\\/www.editorialjuventud.es\\\/historia-de-la-guerra-del-peloponeso-9788426142047\\\/#breadcrumb\",\"itemListElement\":[{\"@type\":\"ListItem\",\"position\":1,\"name\":\"Portada\",\"item\":\"https:\\\/\\\/www.editorialjuventud.es\\\/\"},{\"@type\":\"ListItem\",\"position\":2,\"name\":\"cat\u00e1logo\",\"item\":\"https:\\\/\\\/www.editorialjuventud.es\\\/coleccion\\\/catalogo\\\/\"},{\"@type\":\"ListItem\",\"position\":3,\"name\":\"castellano\",\"item\":\"https:\\\/\\\/www.editorialjuventud.es\\\/coleccion\\\/castellano\\\/\"},{\"@type\":\"ListItem\",\"position\":4,\"name\":\"Libros de Bolsillo\",\"item\":\"https:\\\/\\\/www.editorialjuventud.es\\\/coleccion\\\/libros-de-bolsillo\\\/\"},{\"@type\":\"ListItem\",\"position\":5,\"name\":\"Colecci\u00f3n Z\",\"item\":\"https:\\\/\\\/www.editorialjuventud.es\\\/coleccion\\\/coleccion-z\\\/\"},{\"@type\":\"ListItem\",\"position\":6,\"name\":\"Cl\u00e1sicos\",\"item\":\"https:\\\/\\\/www.editorialjuventud.es\\\/ca\\\/coleccion\\\/clasicos\\\/\"},{\"@type\":\"ListItem\",\"position\":7,\"name\":\"Historia de la guerra del Peloponeso\"}]},{\"@type\":\"WebSite\",\"@id\":\"https:\\\/\\\/www.editorialjuventud.es\\\/#website\",\"url\":\"https:\\\/\\\/www.editorialjuventud.es\\\/\",\"name\":\"Editorial Juventud\",\"description\":\"\",\"potentialAction\":[{\"@type\":\"SearchAction\",\"target\":{\"@type\":\"EntryPoint\",\"urlTemplate\":\"https:\\\/\\\/www.editorialjuventud.es\\\/?s={search_term_string}\"},\"query-input\":{\"@type\":\"PropertyValueSpecification\",\"valueRequired\":true,\"valueName\":\"search_term_string\"}}],\"inLanguage\":\"ca\"}]}<\/script>\n<!-- \/ Yoast SEO plugin. -->","yoast_head_json":{"title":"Historia de la guerra del Peloponeso - Editorial Juventud","description":"No es frecuente que un historiador sea al mismo tiempo protagonista de los sucesos que narra. En tal caso, el testimonio da una veracidad especial al","robots":{"index":"index","follow":"follow","max-snippet":"max-snippet:-1","max-image-preview":"max-image-preview:large","max-video-preview":"max-video-preview:-1"},"canonical":"https:\/\/www.editorialjuventud.es\/historia-de-la-guerra-del-peloponeso-9788426142047\/","og_locale":"ca_ES","og_type":"article","og_title":"Historia de la guerra del Peloponeso - Editorial Juventud","og_description":"No es frecuente que un historiador sea al mismo tiempo protagonista de los sucesos que narra. En tal caso, el testimonio da una veracidad especial al","og_url":"https:\/\/www.editorialjuventud.es\/historia-de-la-guerra-del-peloponeso-9788426142047\/","og_site_name":"Editorial Juventud","article_modified_time":"2019-10-11T21:46:29+00:00","og_image":[{"width":292,"height":450,"url":"https:\/\/www.editorialjuventud.es\/wp-content\/uploads\/4204.jpg","type":"image\/jpeg"}],"twitter_card":"summary_large_image","twitter_misc":{"Temps estimat de lectura":"1 minut"},"schema":{"@context":"https:\/\/schema.org","@graph":[{"@type":"WebPage","@id":"https:\/\/www.editorialjuventud.es\/historia-de-la-guerra-del-peloponeso-9788426142047\/","url":"https:\/\/www.editorialjuventud.es\/historia-de-la-guerra-del-peloponeso-9788426142047\/","name":"Historia de la guerra del Peloponeso - Editorial Juventud","isPartOf":{"@id":"https:\/\/www.editorialjuventud.es\/#website"},"primaryImageOfPage":{"@id":"https:\/\/www.editorialjuventud.es\/historia-de-la-guerra-del-peloponeso-9788426142047\/#primaryimage"},"image":{"@id":"https:\/\/www.editorialjuventud.es\/historia-de-la-guerra-del-peloponeso-9788426142047\/#primaryimage"},"thumbnailUrl":"https:\/\/www.editorialjuventud.es\/wp-content\/uploads\/4204.jpg","datePublished":"2018-08-24T09:50:25+00:00","dateModified":"2019-10-11T21:46:29+00:00","description":"No es frecuente que un historiador sea al mismo tiempo protagonista de los sucesos que narra. En tal caso, el testimonio da una veracidad especial al","breadcrumb":{"@id":"https:\/\/www.editorialjuventud.es\/historia-de-la-guerra-del-peloponeso-9788426142047\/#breadcrumb"},"inLanguage":"ca","potentialAction":[{"@type":"ReadAction","target":["https:\/\/www.editorialjuventud.es\/historia-de-la-guerra-del-peloponeso-9788426142047\/"]}]},{"@type":"ImageObject","inLanguage":"ca","@id":"https:\/\/www.editorialjuventud.es\/historia-de-la-guerra-del-peloponeso-9788426142047\/#primaryimage","url":"https:\/\/www.editorialjuventud.es\/wp-content\/uploads\/4204.jpg","contentUrl":"https:\/\/www.editorialjuventud.es\/wp-content\/uploads\/4204.jpg","width":292,"height":450,"caption":"4204.jpg"},{"@type":"BreadcrumbList","@id":"https:\/\/www.editorialjuventud.es\/historia-de-la-guerra-del-peloponeso-9788426142047\/#breadcrumb","itemListElement":[{"@type":"ListItem","position":1,"name":"Portada","item":"https:\/\/www.editorialjuventud.es\/"},{"@type":"ListItem","position":2,"name":"cat\u00e1logo","item":"https:\/\/www.editorialjuventud.es\/coleccion\/catalogo\/"},{"@type":"ListItem","position":3,"name":"castellano","item":"https:\/\/www.editorialjuventud.es\/coleccion\/castellano\/"},{"@type":"ListItem","position":4,"name":"Libros de Bolsillo","item":"https:\/\/www.editorialjuventud.es\/coleccion\/libros-de-bolsillo\/"},{"@type":"ListItem","position":5,"name":"Colecci\u00f3n Z","item":"https:\/\/www.editorialjuventud.es\/coleccion\/coleccion-z\/"},{"@type":"ListItem","position":6,"name":"Cl\u00e1sicos","item":"https:\/\/www.editorialjuventud.es\/ca\/coleccion\/clasicos\/"},{"@type":"ListItem","position":7,"name":"Historia de la guerra del Peloponeso"}]},{"@type":"WebSite","@id":"https:\/\/www.editorialjuventud.es\/#website","url":"https:\/\/www.editorialjuventud.es\/","name":"Editorial Juventud","description":"","potentialAction":[{"@type":"SearchAction","target":{"@type":"EntryPoint","urlTemplate":"https:\/\/www.editorialjuventud.es\/?s={search_term_string}"},"query-input":{"@type":"PropertyValueSpecification","valueRequired":true,"valueName":"search_term_string"}}],"inLanguage":"ca"}]}},"_links":{"self":[{"href":"https:\/\/www.editorialjuventud.es\/ca\/wp-json\/wp\/v2\/product\/6066","targetHints":{"allow":["GET"]}}],"collection":[{"href":"https:\/\/www.editorialjuventud.es\/ca\/wp-json\/wp\/v2\/product"}],"about":[{"href":"https:\/\/www.editorialjuventud.es\/ca\/wp-json\/wp\/v2\/types\/product"}],"wp:featuredmedia":[{"embeddable":true,"href":"https:\/\/www.editorialjuventud.es\/ca\/wp-json\/wp\/v2\/media\/13385"}],"wp:attachment":[{"href":"https:\/\/www.editorialjuventud.es\/ca\/wp-json\/wp\/v2\/media?parent=6066"}],"wp:term":[{"taxonomy":"product_brand","embeddable":true,"href":"https:\/\/www.editorialjuventud.es\/ca\/wp-json\/wp\/v2\/product_brand?post=6066"},{"taxonomy":"product_cat","embeddable":true,"href":"https:\/\/www.editorialjuventud.es\/ca\/wp-json\/wp\/v2\/product_cat?post=6066"},{"taxonomy":"product_tag","embeddable":true,"href":"https:\/\/www.editorialjuventud.es\/ca\/wp-json\/wp\/v2\/product_tag?post=6066"},{"taxonomy":"coleccion","embeddable":true,"href":"https:\/\/www.editorialjuventud.es\/ca\/wp-json\/wp\/v2\/coleccion?post=6066"}],"curies":[{"name":"wp","href":"https:\/\/api.w.org\/{rel}","templated":true}]}}