{"id":6065,"date":"2018-08-24T11:50:18","date_gmt":"2018-08-24T09:50:18","guid":{"rendered":"http:\/\/www.editorialjuventud.es\/el-pollet-valent\/"},"modified":"2025-01-22T13:14:52","modified_gmt":"2025-01-22T12:14:52","slug":"el-pollet-valent-9788426142030","status":"publish","type":"product","link":"https:\/\/www.editorialjuventud.es\/ca\/el-pollet-valent-9788426142030\/","title":{"rendered":"El Pollet Valent"},"content":{"rendered":"<p>El pollet valent i els seus amics van a avisar el rei que el cel est\u00e0 caient. En el seu cam\u00ed troben el guillot Camallot i els convida a dinar amb la seva fam\u00edlia. Per\u00f2, qu\u00e8 passa quan el pollet valent i els seus companys se n&#8217;adonen que ells s\u00f3n el dinar? Una hist\u00f2ria cl\u00e0ssica amb exquisides il\u00b7lustracions que transformen una faula amb moralitat en un conte que triomfa amb un nou final.<\/p>\n","protected":false},"excerpt":{"rendered":"El pollet valent i els seus amics van a avisar el rei que el cel est\u00e0 caient. En el seu cam\u00ed troben el guillot Camallot i els convida a dinar amb la seva fam\u00edlia. Per\u00f2, qu\u00e8 passa quan el pollet [&hellip;]","protected":false},"featured_media":13027,"template":"","meta":{"_acf_changed":false,"_exactmetrics_skip_tracking":false,"_exactmetrics_sitenote_active":false,"_exactmetrics_sitenote_note":"","_exactmetrics_sitenote_category":0},"product_brand":[],"product_cat":[900,1121,1175,1196,1211,1128],"product_tag":[],"coleccion":[953],"class_list":{"0":"post-6065","1":"product","2":"type-product","3":"status-publish","4":"has-post-thumbnail","6":"product_cat-a-partir-de-5-anos","7":"product_cat-albumes-ilustrados","8":"product_cat-fabulas","9":"product_cat-miedo-valentia","10":"product_cat-poesia-rimas","11":"product_cat-tematica","12":"coleccion-larca-dels-contes","14":"first","15":"instock","16":"taxable","17":"shipping-taxable","18":"purchasable","19":"product-type-simple"},"acf":{"autor":"Byrd, Robert","codart":"4203","ediciones":"1","encuadernacion":"Carton\u00e9","fecha_de_publicacion":"01\/04\/2015","novedad":"0","paginas":"40","subtitulo":"","texto_web_adicional":"","texto_web_novedad":"","orden":"999","portada":"0","texto_web_resaltado":"","indice":"","autores-libros":[16255],"ilustradores-libros":[16255],"traductores-libros":[18265],"descripcion_corta":"","recomendamos":"","mas_vendido":"","idioma-libro":"","color":false,"formato":"","mas_informacion_del_producto":false,"premios":false,"texto_enlace_cubierta":"","enlace_cubierta":false,"texto_enlace_ficha_tecnica":"","enlace_ficha_tecnica":false,"ficheros":false,"titulo-fr":"","texto-fr":""},"yoast_head":"<!-- This site is optimized with the Yoast SEO plugin v27.3 - https:\/\/yoast.com\/product\/yoast-seo-wordpress\/ -->\n<title>El Pollet Valent - Editorial Juventud<\/title>\n<meta name=\"description\" content=\"El pollet valent i els seus amics van a avisar el rei que el cel est\u00e0 caient. En el seu cam\u00ed troben el guillot Camallot i els convida a dinar amb la seva\" \/>\n<meta name=\"robots\" content=\"index, follow, max-snippet:-1, max-image-preview:large, max-video-preview:-1\" \/>\n<link rel=\"canonical\" href=\"https:\/\/www.editorialjuventud.es\/el-pollet-valent-9788426142030\/\" \/>\n<meta property=\"og:locale\" content=\"ca_ES\" \/>\n<meta property=\"og:type\" content=\"article\" \/>\n<meta property=\"og:title\" content=\"El Pollet Valent - Editorial Juventud\" \/>\n<meta property=\"og:description\" content=\"El pollet valent i els seus amics van a avisar el rei que el cel est\u00e0 caient. En el seu cam\u00ed troben el guillot Camallot i els convida a dinar amb la seva\" \/>\n<meta property=\"og:url\" content=\"https:\/\/www.editorialjuventud.es\/el-pollet-valent-9788426142030\/\" \/>\n<meta property=\"og:site_name\" content=\"Editorial Juventud\" \/>\n<meta property=\"article:modified_time\" content=\"2025-01-22T12:14:52+00:00\" \/>\n<meta property=\"og:image\" content=\"https:\/\/www.editorialjuventud.es\/wp-content\/uploads\/4203.jpg\" \/>\n\t<meta property=\"og:image:width\" content=\"358\" \/>\n\t<meta property=\"og:image:height\" content=\"450\" \/>\n\t<meta property=\"og:image:type\" content=\"image\/jpeg\" \/>\n<meta name=\"twitter:card\" content=\"summary_large_image\" \/>\n<script type=\"application\/ld+json\" class=\"yoast-schema-graph\">{\"@context\":\"https:\\\/\\\/schema.org\",\"@graph\":[{\"@type\":\"WebPage\",\"@id\":\"https:\\\/\\\/www.editorialjuventud.es\\\/el-pollet-valent-9788426142030\\\/\",\"url\":\"https:\\\/\\\/www.editorialjuventud.es\\\/el-pollet-valent-9788426142030\\\/\",\"name\":\"El Pollet Valent - Editorial Juventud\",\"isPartOf\":{\"@id\":\"https:\\\/\\\/www.editorialjuventud.es\\\/#website\"},\"primaryImageOfPage\":{\"@id\":\"https:\\\/\\\/www.editorialjuventud.es\\\/el-pollet-valent-9788426142030\\\/#primaryimage\"},\"image\":{\"@id\":\"https:\\\/\\\/www.editorialjuventud.es\\\/el-pollet-valent-9788426142030\\\/#primaryimage\"},\"thumbnailUrl\":\"https:\\\/\\\/www.editorialjuventud.es\\\/wp-content\\\/uploads\\\/4203.jpg\",\"datePublished\":\"2018-08-24T09:50:18+00:00\",\"dateModified\":\"2025-01-22T12:14:52+00:00\",\"description\":\"El pollet valent i els seus amics van a avisar el rei que el cel est\u00e0 caient. En el seu cam\u00ed troben el guillot Camallot i els convida a dinar amb la seva\",\"breadcrumb\":{\"@id\":\"https:\\\/\\\/www.editorialjuventud.es\\\/el-pollet-valent-9788426142030\\\/#breadcrumb\"},\"inLanguage\":\"ca\",\"potentialAction\":[{\"@type\":\"ReadAction\",\"target\":[\"https:\\\/\\\/www.editorialjuventud.es\\\/el-pollet-valent-9788426142030\\\/\"]}]},{\"@type\":\"ImageObject\",\"inLanguage\":\"ca\",\"@id\":\"https:\\\/\\\/www.editorialjuventud.es\\\/el-pollet-valent-9788426142030\\\/#primaryimage\",\"url\":\"https:\\\/\\\/www.editorialjuventud.es\\\/wp-content\\\/uploads\\\/4203.jpg\",\"contentUrl\":\"https:\\\/\\\/www.editorialjuventud.es\\\/wp-content\\\/uploads\\\/4203.jpg\",\"width\":358,\"height\":450,\"caption\":\"4203.jpg\"},{\"@type\":\"BreadcrumbList\",\"@id\":\"https:\\\/\\\/www.editorialjuventud.es\\\/el-pollet-valent-9788426142030\\\/#breadcrumb\",\"itemListElement\":[{\"@type\":\"ListItem\",\"position\":1,\"name\":\"Portada\",\"item\":\"https:\\\/\\\/www.editorialjuventud.es\\\/\"},{\"@type\":\"ListItem\",\"position\":2,\"name\":\"cat\u00e1logo\",\"item\":\"https:\\\/\\\/www.editorialjuventud.es\\\/coleccion\\\/catalogo\\\/\"},{\"@type\":\"ListItem\",\"position\":3,\"name\":\"catal\u00e0\",\"item\":\"https:\\\/\\\/www.editorialjuventud.es\\\/coleccion\\\/catala\\\/\"},{\"@type\":\"ListItem\",\"position\":4,\"name\":\"\u00c0lbums Il\u00b7lustrats\",\"item\":\"https:\\\/\\\/www.editorialjuventud.es\\\/coleccion\\\/albums-il%c2%b7lustrats\\\/\"},{\"@type\":\"ListItem\",\"position\":5,\"name\":\"L'Arca dels Contes\",\"item\":\"https:\\\/\\\/www.editorialjuventud.es\\\/coleccion\\\/larca-dels-contes\\\/\"},{\"@type\":\"ListItem\",\"position\":6,\"name\":\"El Pollet Valent\"}]},{\"@type\":\"WebSite\",\"@id\":\"https:\\\/\\\/www.editorialjuventud.es\\\/#website\",\"url\":\"https:\\\/\\\/www.editorialjuventud.es\\\/\",\"name\":\"Editorial Juventud\",\"description\":\"\",\"potentialAction\":[{\"@type\":\"SearchAction\",\"target\":{\"@type\":\"EntryPoint\",\"urlTemplate\":\"https:\\\/\\\/www.editorialjuventud.es\\\/?s={search_term_string}\"},\"query-input\":{\"@type\":\"PropertyValueSpecification\",\"valueRequired\":true,\"valueName\":\"search_term_string\"}}],\"inLanguage\":\"ca\"}]}<\/script>\n<!-- \/ Yoast SEO plugin. -->","yoast_head_json":{"title":"El Pollet Valent - Editorial Juventud","description":"El pollet valent i els seus amics van a avisar el rei que el cel est\u00e0 caient. En el seu cam\u00ed troben el guillot Camallot i els convida a dinar amb la seva","robots":{"index":"index","follow":"follow","max-snippet":"max-snippet:-1","max-image-preview":"max-image-preview:large","max-video-preview":"max-video-preview:-1"},"canonical":"https:\/\/www.editorialjuventud.es\/el-pollet-valent-9788426142030\/","og_locale":"ca_ES","og_type":"article","og_title":"El Pollet Valent - Editorial Juventud","og_description":"El pollet valent i els seus amics van a avisar el rei que el cel est\u00e0 caient. En el seu cam\u00ed troben el guillot Camallot i els convida a dinar amb la seva","og_url":"https:\/\/www.editorialjuventud.es\/el-pollet-valent-9788426142030\/","og_site_name":"Editorial Juventud","article_modified_time":"2025-01-22T12:14:52+00:00","og_image":[{"width":358,"height":450,"url":"https:\/\/www.editorialjuventud.es\/wp-content\/uploads\/4203.jpg","type":"image\/jpeg"}],"twitter_card":"summary_large_image","schema":{"@context":"https:\/\/schema.org","@graph":[{"@type":"WebPage","@id":"https:\/\/www.editorialjuventud.es\/el-pollet-valent-9788426142030\/","url":"https:\/\/www.editorialjuventud.es\/el-pollet-valent-9788426142030\/","name":"El Pollet Valent - Editorial Juventud","isPartOf":{"@id":"https:\/\/www.editorialjuventud.es\/#website"},"primaryImageOfPage":{"@id":"https:\/\/www.editorialjuventud.es\/el-pollet-valent-9788426142030\/#primaryimage"},"image":{"@id":"https:\/\/www.editorialjuventud.es\/el-pollet-valent-9788426142030\/#primaryimage"},"thumbnailUrl":"https:\/\/www.editorialjuventud.es\/wp-content\/uploads\/4203.jpg","datePublished":"2018-08-24T09:50:18+00:00","dateModified":"2025-01-22T12:14:52+00:00","description":"El pollet valent i els seus amics van a avisar el rei que el cel est\u00e0 caient. En el seu cam\u00ed troben el guillot Camallot i els convida a dinar amb la seva","breadcrumb":{"@id":"https:\/\/www.editorialjuventud.es\/el-pollet-valent-9788426142030\/#breadcrumb"},"inLanguage":"ca","potentialAction":[{"@type":"ReadAction","target":["https:\/\/www.editorialjuventud.es\/el-pollet-valent-9788426142030\/"]}]},{"@type":"ImageObject","inLanguage":"ca","@id":"https:\/\/www.editorialjuventud.es\/el-pollet-valent-9788426142030\/#primaryimage","url":"https:\/\/www.editorialjuventud.es\/wp-content\/uploads\/4203.jpg","contentUrl":"https:\/\/www.editorialjuventud.es\/wp-content\/uploads\/4203.jpg","width":358,"height":450,"caption":"4203.jpg"},{"@type":"BreadcrumbList","@id":"https:\/\/www.editorialjuventud.es\/el-pollet-valent-9788426142030\/#breadcrumb","itemListElement":[{"@type":"ListItem","position":1,"name":"Portada","item":"https:\/\/www.editorialjuventud.es\/"},{"@type":"ListItem","position":2,"name":"cat\u00e1logo","item":"https:\/\/www.editorialjuventud.es\/coleccion\/catalogo\/"},{"@type":"ListItem","position":3,"name":"catal\u00e0","item":"https:\/\/www.editorialjuventud.es\/coleccion\/catala\/"},{"@type":"ListItem","position":4,"name":"\u00c0lbums Il\u00b7lustrats","item":"https:\/\/www.editorialjuventud.es\/coleccion\/albums-il%c2%b7lustrats\/"},{"@type":"ListItem","position":5,"name":"L'Arca dels Contes","item":"https:\/\/www.editorialjuventud.es\/coleccion\/larca-dels-contes\/"},{"@type":"ListItem","position":6,"name":"El Pollet Valent"}]},{"@type":"WebSite","@id":"https:\/\/www.editorialjuventud.es\/#website","url":"https:\/\/www.editorialjuventud.es\/","name":"Editorial Juventud","description":"","potentialAction":[{"@type":"SearchAction","target":{"@type":"EntryPoint","urlTemplate":"https:\/\/www.editorialjuventud.es\/?s={search_term_string}"},"query-input":{"@type":"PropertyValueSpecification","valueRequired":true,"valueName":"search_term_string"}}],"inLanguage":"ca"}]}},"_links":{"self":[{"href":"https:\/\/www.editorialjuventud.es\/ca\/wp-json\/wp\/v2\/product\/6065","targetHints":{"allow":["GET"]}}],"collection":[{"href":"https:\/\/www.editorialjuventud.es\/ca\/wp-json\/wp\/v2\/product"}],"about":[{"href":"https:\/\/www.editorialjuventud.es\/ca\/wp-json\/wp\/v2\/types\/product"}],"wp:featuredmedia":[{"embeddable":true,"href":"https:\/\/www.editorialjuventud.es\/ca\/wp-json\/wp\/v2\/media\/13027"}],"wp:attachment":[{"href":"https:\/\/www.editorialjuventud.es\/ca\/wp-json\/wp\/v2\/media?parent=6065"}],"wp:term":[{"taxonomy":"product_brand","embeddable":true,"href":"https:\/\/www.editorialjuventud.es\/ca\/wp-json\/wp\/v2\/product_brand?post=6065"},{"taxonomy":"product_cat","embeddable":true,"href":"https:\/\/www.editorialjuventud.es\/ca\/wp-json\/wp\/v2\/product_cat?post=6065"},{"taxonomy":"product_tag","embeddable":true,"href":"https:\/\/www.editorialjuventud.es\/ca\/wp-json\/wp\/v2\/product_tag?post=6065"},{"taxonomy":"coleccion","embeddable":true,"href":"https:\/\/www.editorialjuventud.es\/ca\/wp-json\/wp\/v2\/coleccion?post=6065"}],"curies":[{"name":"wp","href":"https:\/\/api.w.org\/{rel}","templated":true}]}}