{"id":6054,"date":"2018-08-24T11:49:24","date_gmt":"2018-08-24T09:49:24","guid":{"rendered":"http:\/\/www.editorialjuventud.es\/rondalles-dandersen\/"},"modified":"2025-01-31T10:05:29","modified_gmt":"2025-01-31T09:05:29","slug":"rondalles-dandersen-9788426141934","status":"publish","type":"product","link":"https:\/\/www.editorialjuventud.es\/ca\/rondalles-dandersen-9788426141934\/","title":{"rendered":"Rondalles d&#8217;Andersen"},"content":{"rendered":"<p>Entre els escriptors i il\u00b7lustradors m\u00e9s c\u00e8lebres de la literatura infantil, sempre perduraran en la mem\u00f2ria H. C. Andersen i A. Rakham, gr\u00e0cies als seus exquisits treballs que romanen com a referent hist\u00f2ric. Editorial Joventut va publicar aquest llibre per primera vegada el 1933, i ara ens complau oferir aquesta edici\u00f3 de luxe, mantenint les immillorables traduccions de Josep Carner i Mari\u00e0 Manent, per\u00f2 amb imatges optimitzades i noves il\u00b7lustracions en color i en blanc i negre.<\/p>\n","protected":false},"excerpt":{"rendered":"Entre els escriptors i il\u00b7lustradors m\u00e9s c\u00e8lebres de la literatura infantil, sempre perduraran en la mem\u00f2ria H. C. Andersen i A. Rakham, gr\u00e0cies als seus exquisits treballs que romanen com a referent hist\u00f2ric. Editorial Joventut va publicar aquest llibre per [&hellip;]","protected":false},"featured_media":14727,"template":"","meta":{"_acf_changed":false,"_exactmetrics_skip_tracking":false,"_exactmetrics_sitenote_active":false,"_exactmetrics_sitenote_note":"","_exactmetrics_sitenote_category":0},"product_brand":[],"product_cat":[896,892,1115,1289,1119,1128,908],"product_tag":[],"coleccion":[915,918],"class_list":{"0":"post-6054","1":"product","2":"type-product","3":"status-publish","4":"has-post-thumbnail","6":"product_cat-a-partir-de-12-anos","7":"product_cat-edades","8":"product_cat-generos","9":"product_cat-leyendas-cuentos-tradicionales","10":"product_cat-narrativa-juvenil","11":"product_cat-tematica","12":"product_cat-todas-las-edades","13":"coleccion-catala","14":"coleccion-contes-universals","16":"first","17":"instock","18":"taxable","19":"shipping-taxable","20":"purchasable","21":"product-type-simple"},"acf":{"autor":"ANDERSEN","codart":"4193","ediciones":"1","encuadernacion":"Geltex","fecha_de_publicacion":"01\/05\/2015","novedad":"0","paginas":"282","subtitulo":"","texto_web_adicional":"","texto_web_novedad":"","orden":"999","portada":"0","texto_web_resaltado":"","indice":"","autores-libros":[16189,16569],"ilustradores-libros":[16569],"traductores-libros":[17902,21270],"fecha_de_reimpresion":"","descripcion_corta":"","recomendamos":"","mas_vendido":"","idioma-libro":"","color":false,"formato":"","mas_informacion_del_producto":false,"premios":false,"deshabilitar_compra":["deshabilitar"],"texto_enlace_cubierta":"","enlace_cubierta":false,"texto_enlace_ficha_tecnica":"","enlace_ficha_tecnica":false,"ficheros":false,"titulo-fr":"","texto-fr":""},"yoast_head":"<!-- This site is optimized with the Yoast SEO plugin v27.5 - https:\/\/yoast.com\/product\/yoast-seo-wordpress\/ -->\n<title>Rondalles d&#039;Andersen - Editorial Juventud<\/title>\n<meta name=\"description\" content=\"Entre els escriptors i il\u00b7lustradors m\u00e9s c\u00e8lebres de la literatura infantil, sempre perduraran en la mem\u00f2ria H. C. Andersen i A. Rakham, gr\u00e0cies als seus\" \/>\n<meta name=\"robots\" content=\"index, follow, max-snippet:-1, max-image-preview:large, max-video-preview:-1\" \/>\n<link rel=\"canonical\" href=\"https:\/\/www.editorialjuventud.es\/rondalles-dandersen-9788426141934\/\" \/>\n<meta property=\"og:locale\" content=\"ca_ES\" \/>\n<meta property=\"og:type\" content=\"article\" \/>\n<meta property=\"og:title\" content=\"Rondalles d&#039;Andersen - Editorial Juventud\" \/>\n<meta property=\"og:description\" content=\"Entre els escriptors i il\u00b7lustradors m\u00e9s c\u00e8lebres de la literatura infantil, sempre perduraran en la mem\u00f2ria H. C. Andersen i A. Rakham, gr\u00e0cies als seus\" \/>\n<meta property=\"og:url\" content=\"https:\/\/www.editorialjuventud.es\/rondalles-dandersen-9788426141934\/\" \/>\n<meta property=\"og:site_name\" content=\"Editorial Juventud\" \/>\n<meta property=\"article:modified_time\" content=\"2025-01-31T09:05:29+00:00\" \/>\n<meta property=\"og:image\" content=\"https:\/\/www.editorialjuventud.es\/wp-content\/uploads\/4193.jpg\" \/>\n\t<meta property=\"og:image:width\" content=\"320\" \/>\n\t<meta property=\"og:image:height\" content=\"450\" \/>\n\t<meta property=\"og:image:type\" content=\"image\/jpeg\" \/>\n<meta name=\"twitter:card\" content=\"summary_large_image\" \/>\n<meta name=\"twitter:label1\" content=\"Temps estimat de lectura\" \/>\n\t<meta name=\"twitter:data1\" content=\"1 minut\" \/>\n<script type=\"application\/ld+json\" class=\"yoast-schema-graph\">{\"@context\":\"https:\\\/\\\/schema.org\",\"@graph\":[{\"@type\":\"WebPage\",\"@id\":\"https:\\\/\\\/www.editorialjuventud.es\\\/rondalles-dandersen-9788426141934\\\/\",\"url\":\"https:\\\/\\\/www.editorialjuventud.es\\\/rondalles-dandersen-9788426141934\\\/\",\"name\":\"Rondalles d'Andersen - Editorial Juventud\",\"isPartOf\":{\"@id\":\"https:\\\/\\\/www.editorialjuventud.es\\\/#website\"},\"primaryImageOfPage\":{\"@id\":\"https:\\\/\\\/www.editorialjuventud.es\\\/rondalles-dandersen-9788426141934\\\/#primaryimage\"},\"image\":{\"@id\":\"https:\\\/\\\/www.editorialjuventud.es\\\/rondalles-dandersen-9788426141934\\\/#primaryimage\"},\"thumbnailUrl\":\"https:\\\/\\\/www.editorialjuventud.es\\\/wp-content\\\/uploads\\\/4193.jpg\",\"datePublished\":\"2018-08-24T09:49:24+00:00\",\"dateModified\":\"2025-01-31T09:05:29+00:00\",\"description\":\"Entre els escriptors i il\u00b7lustradors m\u00e9s c\u00e8lebres de la literatura infantil, sempre perduraran en la mem\u00f2ria H. C. Andersen i A. Rakham, gr\u00e0cies als seus\",\"breadcrumb\":{\"@id\":\"https:\\\/\\\/www.editorialjuventud.es\\\/rondalles-dandersen-9788426141934\\\/#breadcrumb\"},\"inLanguage\":\"ca\",\"potentialAction\":[{\"@type\":\"ReadAction\",\"target\":[\"https:\\\/\\\/www.editorialjuventud.es\\\/rondalles-dandersen-9788426141934\\\/\"]}]},{\"@type\":\"ImageObject\",\"inLanguage\":\"ca\",\"@id\":\"https:\\\/\\\/www.editorialjuventud.es\\\/rondalles-dandersen-9788426141934\\\/#primaryimage\",\"url\":\"https:\\\/\\\/www.editorialjuventud.es\\\/wp-content\\\/uploads\\\/4193.jpg\",\"contentUrl\":\"https:\\\/\\\/www.editorialjuventud.es\\\/wp-content\\\/uploads\\\/4193.jpg\",\"width\":320,\"height\":450,\"caption\":\"4193.jpg\"},{\"@type\":\"BreadcrumbList\",\"@id\":\"https:\\\/\\\/www.editorialjuventud.es\\\/rondalles-dandersen-9788426141934\\\/#breadcrumb\",\"itemListElement\":[{\"@type\":\"ListItem\",\"position\":1,\"name\":\"Portada\",\"item\":\"https:\\\/\\\/www.editorialjuventud.es\\\/\"},{\"@type\":\"ListItem\",\"position\":2,\"name\":\"cat\u00e1logo\",\"item\":\"https:\\\/\\\/www.editorialjuventud.es\\\/coleccion\\\/catalogo\\\/\"},{\"@type\":\"ListItem\",\"position\":3,\"name\":\"catal\u00e0\",\"item\":\"https:\\\/\\\/www.editorialjuventud.es\\\/coleccion\\\/catala\\\/\"},{\"@type\":\"ListItem\",\"position\":4,\"name\":\"Contes Universals\",\"item\":\"https:\\\/\\\/www.editorialjuventud.es\\\/coleccion\\\/contes-universals\\\/\"},{\"@type\":\"ListItem\",\"position\":5,\"name\":\"Rondalles d'Andersen\"}]},{\"@type\":\"WebSite\",\"@id\":\"https:\\\/\\\/www.editorialjuventud.es\\\/#website\",\"url\":\"https:\\\/\\\/www.editorialjuventud.es\\\/\",\"name\":\"Editorial Juventud\",\"description\":\"\",\"potentialAction\":[{\"@type\":\"SearchAction\",\"target\":{\"@type\":\"EntryPoint\",\"urlTemplate\":\"https:\\\/\\\/www.editorialjuventud.es\\\/?s={search_term_string}\"},\"query-input\":{\"@type\":\"PropertyValueSpecification\",\"valueRequired\":true,\"valueName\":\"search_term_string\"}}],\"inLanguage\":\"ca\"}]}<\/script>\n<!-- \/ Yoast SEO plugin. -->","yoast_head_json":{"title":"Rondalles d'Andersen - Editorial Juventud","description":"Entre els escriptors i il\u00b7lustradors m\u00e9s c\u00e8lebres de la literatura infantil, sempre perduraran en la mem\u00f2ria H. C. Andersen i A. Rakham, gr\u00e0cies als seus","robots":{"index":"index","follow":"follow","max-snippet":"max-snippet:-1","max-image-preview":"max-image-preview:large","max-video-preview":"max-video-preview:-1"},"canonical":"https:\/\/www.editorialjuventud.es\/rondalles-dandersen-9788426141934\/","og_locale":"ca_ES","og_type":"article","og_title":"Rondalles d'Andersen - Editorial Juventud","og_description":"Entre els escriptors i il\u00b7lustradors m\u00e9s c\u00e8lebres de la literatura infantil, sempre perduraran en la mem\u00f2ria H. C. Andersen i A. Rakham, gr\u00e0cies als seus","og_url":"https:\/\/www.editorialjuventud.es\/rondalles-dandersen-9788426141934\/","og_site_name":"Editorial Juventud","article_modified_time":"2025-01-31T09:05:29+00:00","og_image":[{"width":320,"height":450,"url":"https:\/\/www.editorialjuventud.es\/wp-content\/uploads\/4193.jpg","type":"image\/jpeg"}],"twitter_card":"summary_large_image","twitter_misc":{"Temps estimat de lectura":"1 minut"},"schema":{"@context":"https:\/\/schema.org","@graph":[{"@type":"WebPage","@id":"https:\/\/www.editorialjuventud.es\/rondalles-dandersen-9788426141934\/","url":"https:\/\/www.editorialjuventud.es\/rondalles-dandersen-9788426141934\/","name":"Rondalles d'Andersen - Editorial Juventud","isPartOf":{"@id":"https:\/\/www.editorialjuventud.es\/#website"},"primaryImageOfPage":{"@id":"https:\/\/www.editorialjuventud.es\/rondalles-dandersen-9788426141934\/#primaryimage"},"image":{"@id":"https:\/\/www.editorialjuventud.es\/rondalles-dandersen-9788426141934\/#primaryimage"},"thumbnailUrl":"https:\/\/www.editorialjuventud.es\/wp-content\/uploads\/4193.jpg","datePublished":"2018-08-24T09:49:24+00:00","dateModified":"2025-01-31T09:05:29+00:00","description":"Entre els escriptors i il\u00b7lustradors m\u00e9s c\u00e8lebres de la literatura infantil, sempre perduraran en la mem\u00f2ria H. C. Andersen i A. Rakham, gr\u00e0cies als seus","breadcrumb":{"@id":"https:\/\/www.editorialjuventud.es\/rondalles-dandersen-9788426141934\/#breadcrumb"},"inLanguage":"ca","potentialAction":[{"@type":"ReadAction","target":["https:\/\/www.editorialjuventud.es\/rondalles-dandersen-9788426141934\/"]}]},{"@type":"ImageObject","inLanguage":"ca","@id":"https:\/\/www.editorialjuventud.es\/rondalles-dandersen-9788426141934\/#primaryimage","url":"https:\/\/www.editorialjuventud.es\/wp-content\/uploads\/4193.jpg","contentUrl":"https:\/\/www.editorialjuventud.es\/wp-content\/uploads\/4193.jpg","width":320,"height":450,"caption":"4193.jpg"},{"@type":"BreadcrumbList","@id":"https:\/\/www.editorialjuventud.es\/rondalles-dandersen-9788426141934\/#breadcrumb","itemListElement":[{"@type":"ListItem","position":1,"name":"Portada","item":"https:\/\/www.editorialjuventud.es\/"},{"@type":"ListItem","position":2,"name":"cat\u00e1logo","item":"https:\/\/www.editorialjuventud.es\/coleccion\/catalogo\/"},{"@type":"ListItem","position":3,"name":"catal\u00e0","item":"https:\/\/www.editorialjuventud.es\/coleccion\/catala\/"},{"@type":"ListItem","position":4,"name":"Contes Universals","item":"https:\/\/www.editorialjuventud.es\/coleccion\/contes-universals\/"},{"@type":"ListItem","position":5,"name":"Rondalles d'Andersen"}]},{"@type":"WebSite","@id":"https:\/\/www.editorialjuventud.es\/#website","url":"https:\/\/www.editorialjuventud.es\/","name":"Editorial Juventud","description":"","potentialAction":[{"@type":"SearchAction","target":{"@type":"EntryPoint","urlTemplate":"https:\/\/www.editorialjuventud.es\/?s={search_term_string}"},"query-input":{"@type":"PropertyValueSpecification","valueRequired":true,"valueName":"search_term_string"}}],"inLanguage":"ca"}]}},"_links":{"self":[{"href":"https:\/\/www.editorialjuventud.es\/ca\/wp-json\/wp\/v2\/product\/6054","targetHints":{"allow":["GET"]}}],"collection":[{"href":"https:\/\/www.editorialjuventud.es\/ca\/wp-json\/wp\/v2\/product"}],"about":[{"href":"https:\/\/www.editorialjuventud.es\/ca\/wp-json\/wp\/v2\/types\/product"}],"wp:featuredmedia":[{"embeddable":true,"href":"https:\/\/www.editorialjuventud.es\/ca\/wp-json\/wp\/v2\/media\/14727"}],"wp:attachment":[{"href":"https:\/\/www.editorialjuventud.es\/ca\/wp-json\/wp\/v2\/media?parent=6054"}],"wp:term":[{"taxonomy":"product_brand","embeddable":true,"href":"https:\/\/www.editorialjuventud.es\/ca\/wp-json\/wp\/v2\/product_brand?post=6054"},{"taxonomy":"product_cat","embeddable":true,"href":"https:\/\/www.editorialjuventud.es\/ca\/wp-json\/wp\/v2\/product_cat?post=6054"},{"taxonomy":"product_tag","embeddable":true,"href":"https:\/\/www.editorialjuventud.es\/ca\/wp-json\/wp\/v2\/product_tag?post=6054"},{"taxonomy":"coleccion","embeddable":true,"href":"https:\/\/www.editorialjuventud.es\/ca\/wp-json\/wp\/v2\/coleccion?post=6054"}],"curies":[{"name":"wp","href":"https:\/\/api.w.org\/{rel}","templated":true}]}}