{"id":6053,"date":"2018-08-24T13:49:18","date_gmt":"2018-08-24T09:49:18","guid":{"rendered":"http:\/\/www.editorialjuventud.es\/cuentos-de-andersen\/"},"modified":"2023-03-14T08:55:53","modified_gmt":"2023-03-14T07:55:53","slug":"cuentos-de-andersen-9788426141927","status":"publish","type":"product","link":"https:\/\/www.editorialjuventud.es\/ca\/cuentos-de-andersen-9788426141927\/","title":{"rendered":"Cuentos de Andersen"},"content":{"rendered":"<p>Entre los m\u00e1s c\u00e9lebres escritores e ilustradores de la literatura infantil, siempre perdurar\u00e1n en la memoria H. C. Andersen y A. Rackham, gracias a sus exquisitos trabajos que permanecen como referente hist\u00f3rico. Editorial Juventud public\u00f3 este libro por primera vez en 1925, y esta vez nos complacemos en ofrecer esta edici\u00f3n de lujo: manteniendo la traducci\u00f3n al castellano de Alfonso Nadal, con textos revisados, im\u00e1genes optimizadas y a\u00f1adiendo nuevas ilustraciones tanto a color como en blanco y negro.<\/p>\n","protected":false},"excerpt":{"rendered":"Entre los m\u00e1s c\u00e9lebres escritores e ilustradores de la literatura infantil, siempre perdurar\u00e1n en la memoria H. C. Andersen y A. Rackham, gracias a sus exquisitos trabajos que permanecen como referente hist\u00f3rico. Editorial Juventud public\u00f3 este libro por primera vez [&hellip;]","protected":false},"featured_media":12271,"template":"","meta":{"_acf_changed":false,"_exactmetrics_skip_tracking":false,"_exactmetrics_sitenote_active":false,"_exactmetrics_sitenote_note":"","_exactmetrics_sitenote_category":0},"product_brand":[],"product_cat":[896,892,1115,1289,1119,1128,908],"product_tag":[],"coleccion":[916,931],"class_list":{"0":"post-6053","1":"product","2":"type-product","3":"status-publish","4":"has-post-thumbnail","6":"product_cat-a-partir-de-12-anos","7":"product_cat-edades","8":"product_cat-generos","9":"product_cat-leyendas-cuentos-tradicionales","10":"product_cat-narrativa-juvenil","11":"product_cat-tematica","12":"product_cat-todas-las-edades","13":"coleccion-castellano","14":"coleccion-cuentos-universales","16":"first","17":"instock","18":"taxable","19":"shipping-taxable","20":"purchasable","21":"product-type-simple"},"acf":{"autor":"Hans Christian Andersen","codart":"4192","ediciones":"2","encuadernacion":"Geltex","fecha_de_publicacion":"01\/03\/2015","novedad":"0","paginas":"282","subtitulo":"","texto_web_adicional":"","texto_web_novedad":"","orden":"999","portada":"0","texto_web_resaltado":"","indice":"","autores-libros":[16189],"ilustradores-libros":[16569],"traductores-libros":[26889],"descripcion_corta":"","recomendamos":"","mas_vendido":"","idioma-libro":"","color":false,"formato":"","mas_informacion_del_producto":false,"premios":false,"texto_enlace_cubierta":"","enlace_cubierta":false,"texto_enlace_ficha_tecnica":"","enlace_ficha_tecnica":{"ID":24675,"id":24675,"title":"ficha Cuentos de Andersen","filename":"ficha-Cuentos-de-Andersen.pdf","filesize":212676,"url":"https:\/\/www.editorialjuventud.es\/wp-content\/uploads\/ficha-Cuentos-de-Andersen.pdf","link":"https:\/\/www.editorialjuventud.es\/ca\/?attachment_id=24675","alt":"","author":"47","description":"","caption":"","name":"ficha-cuentos-de-andersen","status":"inherit","uploaded_to":6053,"date":"2019-04-25 09:29:31","modified":"2019-04-25 09:29:31","menu_order":0,"mime_type":"application\/pdf","type":"application","subtype":"pdf","icon":"https:\/\/www.editorialjuventud.es\/wp-includes\/images\/media\/document.png"},"ficheros":false,"titulo-fr":"","texto-fr":"","fecha_de_reimpresion":"01\/10\/2017","deshabilitar_compra":["deshabilitar"]},"yoast_head":"<!-- This site is optimized with the Yoast SEO plugin v27.5 - https:\/\/yoast.com\/product\/yoast-seo-wordpress\/ -->\n<title>Cuentos de Andersen - Editorial Juventud<\/title>\n<meta name=\"description\" content=\"Entre los m\u00e1s c\u00e9lebres escritores e ilustradores de la literatura infantil, siempre perdurar\u00e1n en la memoria H. C. Andersen y A. Rackham, gracias a sus\" \/>\n<meta name=\"robots\" content=\"index, follow, max-snippet:-1, max-image-preview:large, max-video-preview:-1\" \/>\n<link rel=\"canonical\" href=\"https:\/\/www.editorialjuventud.es\/cuentos-de-andersen-9788426141927\/\" \/>\n<meta property=\"og:locale\" content=\"ca_ES\" \/>\n<meta property=\"og:type\" content=\"article\" \/>\n<meta property=\"og:title\" content=\"Cuentos de Andersen - Editorial Juventud\" \/>\n<meta property=\"og:description\" content=\"Entre los m\u00e1s c\u00e9lebres escritores e ilustradores de la literatura infantil, siempre perdurar\u00e1n en la memoria H. C. Andersen y A. Rackham, gracias a sus\" \/>\n<meta property=\"og:url\" content=\"https:\/\/www.editorialjuventud.es\/cuentos-de-andersen-9788426141927\/\" \/>\n<meta property=\"og:site_name\" content=\"Editorial Juventud\" \/>\n<meta property=\"article:modified_time\" content=\"2023-03-14T07:55:53+00:00\" \/>\n<meta property=\"og:image\" content=\"https:\/\/www.editorialjuventud.es\/wp-content\/uploads\/4192.jpg\" \/>\n\t<meta property=\"og:image:width\" content=\"320\" \/>\n\t<meta property=\"og:image:height\" content=\"450\" \/>\n\t<meta property=\"og:image:type\" content=\"image\/jpeg\" \/>\n<meta name=\"twitter:card\" content=\"summary_large_image\" \/>\n<script type=\"application\/ld+json\" class=\"yoast-schema-graph\">{\"@context\":\"https:\\\/\\\/schema.org\",\"@graph\":[{\"@type\":\"WebPage\",\"@id\":\"https:\\\/\\\/www.editorialjuventud.es\\\/cuentos-de-andersen-9788426141927\\\/\",\"url\":\"https:\\\/\\\/www.editorialjuventud.es\\\/cuentos-de-andersen-9788426141927\\\/\",\"name\":\"Cuentos de Andersen - Editorial Juventud\",\"isPartOf\":{\"@id\":\"https:\\\/\\\/www.editorialjuventud.es\\\/#website\"},\"primaryImageOfPage\":{\"@id\":\"https:\\\/\\\/www.editorialjuventud.es\\\/cuentos-de-andersen-9788426141927\\\/#primaryimage\"},\"image\":{\"@id\":\"https:\\\/\\\/www.editorialjuventud.es\\\/cuentos-de-andersen-9788426141927\\\/#primaryimage\"},\"thumbnailUrl\":\"https:\\\/\\\/www.editorialjuventud.es\\\/wp-content\\\/uploads\\\/4192.jpg\",\"datePublished\":\"2018-08-24T09:49:18+00:00\",\"dateModified\":\"2023-03-14T07:55:53+00:00\",\"description\":\"Entre los m\u00e1s c\u00e9lebres escritores e ilustradores de la literatura infantil, siempre perdurar\u00e1n en la memoria H. C. Andersen y A. Rackham, gracias a sus\",\"breadcrumb\":{\"@id\":\"https:\\\/\\\/www.editorialjuventud.es\\\/cuentos-de-andersen-9788426141927\\\/#breadcrumb\"},\"inLanguage\":\"ca\",\"potentialAction\":[{\"@type\":\"ReadAction\",\"target\":[\"https:\\\/\\\/www.editorialjuventud.es\\\/cuentos-de-andersen-9788426141927\\\/\"]}]},{\"@type\":\"ImageObject\",\"inLanguage\":\"ca\",\"@id\":\"https:\\\/\\\/www.editorialjuventud.es\\\/cuentos-de-andersen-9788426141927\\\/#primaryimage\",\"url\":\"https:\\\/\\\/www.editorialjuventud.es\\\/wp-content\\\/uploads\\\/4192.jpg\",\"contentUrl\":\"https:\\\/\\\/www.editorialjuventud.es\\\/wp-content\\\/uploads\\\/4192.jpg\",\"width\":320,\"height\":450,\"caption\":\"4192.jpg\"},{\"@type\":\"BreadcrumbList\",\"@id\":\"https:\\\/\\\/www.editorialjuventud.es\\\/cuentos-de-andersen-9788426141927\\\/#breadcrumb\",\"itemListElement\":[{\"@type\":\"ListItem\",\"position\":1,\"name\":\"Portada\",\"item\":\"https:\\\/\\\/www.editorialjuventud.es\\\/\"},{\"@type\":\"ListItem\",\"position\":2,\"name\":\"cat\u00e1logo\",\"item\":\"https:\\\/\\\/www.editorialjuventud.es\\\/coleccion\\\/catalogo\\\/\"},{\"@type\":\"ListItem\",\"position\":3,\"name\":\"castellano\",\"item\":\"https:\\\/\\\/www.editorialjuventud.es\\\/coleccion\\\/castellano\\\/\"},{\"@type\":\"ListItem\",\"position\":4,\"name\":\"Cuentos Universales\",\"item\":\"https:\\\/\\\/www.editorialjuventud.es\\\/coleccion\\\/cuentos-universales\\\/\"},{\"@type\":\"ListItem\",\"position\":5,\"name\":\"Cuentos de Andersen\"}]},{\"@type\":\"WebSite\",\"@id\":\"https:\\\/\\\/www.editorialjuventud.es\\\/#website\",\"url\":\"https:\\\/\\\/www.editorialjuventud.es\\\/\",\"name\":\"Editorial Juventud\",\"description\":\"\",\"potentialAction\":[{\"@type\":\"SearchAction\",\"target\":{\"@type\":\"EntryPoint\",\"urlTemplate\":\"https:\\\/\\\/www.editorialjuventud.es\\\/?s={search_term_string}\"},\"query-input\":{\"@type\":\"PropertyValueSpecification\",\"valueRequired\":true,\"valueName\":\"search_term_string\"}}],\"inLanguage\":\"ca\"}]}<\/script>\n<!-- \/ Yoast SEO plugin. -->","yoast_head_json":{"title":"Cuentos de Andersen - Editorial Juventud","description":"Entre los m\u00e1s c\u00e9lebres escritores e ilustradores de la literatura infantil, siempre perdurar\u00e1n en la memoria H. C. Andersen y A. Rackham, gracias a sus","robots":{"index":"index","follow":"follow","max-snippet":"max-snippet:-1","max-image-preview":"max-image-preview:large","max-video-preview":"max-video-preview:-1"},"canonical":"https:\/\/www.editorialjuventud.es\/cuentos-de-andersen-9788426141927\/","og_locale":"ca_ES","og_type":"article","og_title":"Cuentos de Andersen - Editorial Juventud","og_description":"Entre los m\u00e1s c\u00e9lebres escritores e ilustradores de la literatura infantil, siempre perdurar\u00e1n en la memoria H. C. Andersen y A. Rackham, gracias a sus","og_url":"https:\/\/www.editorialjuventud.es\/cuentos-de-andersen-9788426141927\/","og_site_name":"Editorial Juventud","article_modified_time":"2023-03-14T07:55:53+00:00","og_image":[{"width":320,"height":450,"url":"https:\/\/www.editorialjuventud.es\/wp-content\/uploads\/4192.jpg","type":"image\/jpeg"}],"twitter_card":"summary_large_image","schema":{"@context":"https:\/\/schema.org","@graph":[{"@type":"WebPage","@id":"https:\/\/www.editorialjuventud.es\/cuentos-de-andersen-9788426141927\/","url":"https:\/\/www.editorialjuventud.es\/cuentos-de-andersen-9788426141927\/","name":"Cuentos de Andersen - Editorial Juventud","isPartOf":{"@id":"https:\/\/www.editorialjuventud.es\/#website"},"primaryImageOfPage":{"@id":"https:\/\/www.editorialjuventud.es\/cuentos-de-andersen-9788426141927\/#primaryimage"},"image":{"@id":"https:\/\/www.editorialjuventud.es\/cuentos-de-andersen-9788426141927\/#primaryimage"},"thumbnailUrl":"https:\/\/www.editorialjuventud.es\/wp-content\/uploads\/4192.jpg","datePublished":"2018-08-24T09:49:18+00:00","dateModified":"2023-03-14T07:55:53+00:00","description":"Entre los m\u00e1s c\u00e9lebres escritores e ilustradores de la literatura infantil, siempre perdurar\u00e1n en la memoria H. C. Andersen y A. Rackham, gracias a sus","breadcrumb":{"@id":"https:\/\/www.editorialjuventud.es\/cuentos-de-andersen-9788426141927\/#breadcrumb"},"inLanguage":"ca","potentialAction":[{"@type":"ReadAction","target":["https:\/\/www.editorialjuventud.es\/cuentos-de-andersen-9788426141927\/"]}]},{"@type":"ImageObject","inLanguage":"ca","@id":"https:\/\/www.editorialjuventud.es\/cuentos-de-andersen-9788426141927\/#primaryimage","url":"https:\/\/www.editorialjuventud.es\/wp-content\/uploads\/4192.jpg","contentUrl":"https:\/\/www.editorialjuventud.es\/wp-content\/uploads\/4192.jpg","width":320,"height":450,"caption":"4192.jpg"},{"@type":"BreadcrumbList","@id":"https:\/\/www.editorialjuventud.es\/cuentos-de-andersen-9788426141927\/#breadcrumb","itemListElement":[{"@type":"ListItem","position":1,"name":"Portada","item":"https:\/\/www.editorialjuventud.es\/"},{"@type":"ListItem","position":2,"name":"cat\u00e1logo","item":"https:\/\/www.editorialjuventud.es\/coleccion\/catalogo\/"},{"@type":"ListItem","position":3,"name":"castellano","item":"https:\/\/www.editorialjuventud.es\/coleccion\/castellano\/"},{"@type":"ListItem","position":4,"name":"Cuentos Universales","item":"https:\/\/www.editorialjuventud.es\/coleccion\/cuentos-universales\/"},{"@type":"ListItem","position":5,"name":"Cuentos de Andersen"}]},{"@type":"WebSite","@id":"https:\/\/www.editorialjuventud.es\/#website","url":"https:\/\/www.editorialjuventud.es\/","name":"Editorial Juventud","description":"","potentialAction":[{"@type":"SearchAction","target":{"@type":"EntryPoint","urlTemplate":"https:\/\/www.editorialjuventud.es\/?s={search_term_string}"},"query-input":{"@type":"PropertyValueSpecification","valueRequired":true,"valueName":"search_term_string"}}],"inLanguage":"ca"}]}},"_links":{"self":[{"href":"https:\/\/www.editorialjuventud.es\/ca\/wp-json\/wp\/v2\/product\/6053","targetHints":{"allow":["GET"]}}],"collection":[{"href":"https:\/\/www.editorialjuventud.es\/ca\/wp-json\/wp\/v2\/product"}],"about":[{"href":"https:\/\/www.editorialjuventud.es\/ca\/wp-json\/wp\/v2\/types\/product"}],"wp:featuredmedia":[{"embeddable":true,"href":"https:\/\/www.editorialjuventud.es\/ca\/wp-json\/wp\/v2\/media\/12271"}],"wp:attachment":[{"href":"https:\/\/www.editorialjuventud.es\/ca\/wp-json\/wp\/v2\/media?parent=6053"}],"wp:term":[{"taxonomy":"product_brand","embeddable":true,"href":"https:\/\/www.editorialjuventud.es\/ca\/wp-json\/wp\/v2\/product_brand?post=6053"},{"taxonomy":"product_cat","embeddable":true,"href":"https:\/\/www.editorialjuventud.es\/ca\/wp-json\/wp\/v2\/product_cat?post=6053"},{"taxonomy":"product_tag","embeddable":true,"href":"https:\/\/www.editorialjuventud.es\/ca\/wp-json\/wp\/v2\/product_tag?post=6053"},{"taxonomy":"coleccion","embeddable":true,"href":"https:\/\/www.editorialjuventud.es\/ca\/wp-json\/wp\/v2\/coleccion?post=6053"}],"curies":[{"name":"wp","href":"https:\/\/api.w.org\/{rel}","templated":true}]}}