{"id":6051,"date":"2018-08-24T11:49:10","date_gmt":"2018-08-24T09:49:10","guid":{"rendered":"http:\/\/www.editorialjuventud.es\/mi-abuelo-y-yo\/"},"modified":"2025-01-22T13:15:22","modified_gmt":"2025-01-22T12:15:22","slug":"mi-abuelo-y-yo-9788426141903","status":"publish","type":"product","link":"https:\/\/www.editorialjuventud.es\/ca\/mi-abuelo-y-yo-9788426141903\/","title":{"rendered":"Mi abuelo y yo"},"content":{"rendered":"<p>Con mi abuelo Sim\u00f3n juego cada d\u00eda a esconder besos.<br \/>Aunque tenga que ir al hospital, aunque no est\u00e9, mi abuelo Sim\u00f3n y yo seguimos jugando\u2026&#8217;.<br \/>Un bonito \u00e1lbum art\u00edstico, con palabras sencillas, que relatan la relaci\u00f3n entre una nieta y su abuelo. Mediante el juego de esconder besos, descubrimos que el abuelo sufre olvidos, y un d\u00eda le dicen a la ni\u00f1a que el abuelo no volver\u00e1 porque se ha olvidado de respirar\u2026<br \/>Su duelo ser\u00e1 m\u00e1s llevadero gracias a la interacci\u00f3n con su madre, y al beso que su abuelo dej\u00f3 para que ella lo recordara cuando no estuviera\u2026<\/p>\n","protected":false},"excerpt":{"rendered":"Con mi abuelo Sim\u00f3n juego cada d\u00eda a esconder besos.Aunque tenga que ir al hospital, aunque no est\u00e9, mi abuelo Sim\u00f3n y yo seguimos jugando\u2026&#8217;.Un bonito \u00e1lbum art\u00edstico, con palabras sencillas, que relatan la relaci\u00f3n entre una nieta y su [&hellip;]","protected":false},"featured_media":14075,"template":"","meta":{"_acf_changed":false,"_exactmetrics_skip_tracking":false,"_exactmetrics_sitenote_active":false,"_exactmetrics_sitenote_note":"","_exactmetrics_sitenote_category":0},"product_brand":[],"product_cat":[900,1129,1121,1166],"product_tag":[],"coleccion":[998],"class_list":{"0":"post-6051","1":"product","2":"type-product","3":"status-publish","4":"has-post-thumbnail","6":"product_cat-a-partir-de-5-anos","7":"product_cat-abuelos","8":"product_cat-albumes-ilustrados","9":"product_cat-duelo-perdida-de-un-ser-querido","10":"coleccion-para-hablar-en-familia","12":"first","13":"instock","14":"taxable","15":"shipping-taxable","16":"purchasable","17":"product-type-simple"},"acf":{"autor":"Parera Ciur\u00f3, N\u00faria","codart":"4190","ediciones":"1","encuadernacion":"Carton\u00e9","fecha_de_publicacion":"01\/03\/2015","novedad":"0","paginas":"44","subtitulo":"","texto_web_adicional":"","texto_web_novedad":"","orden":"999","portada":"0","texto_web_resaltado":"","indice":"","autores-libros":[16536],"ilustradores-libros":[18189],"traductores-libros":[58416],"descripcion_corta":"","recomendamos":"","mas_vendido":"","color":false,"formato":"","mas_informacion_del_producto":false,"premios":false,"texto_enlace_cubierta":"","enlace_cubierta":false,"texto_enlace_ficha_tecnica":"","enlace_ficha_tecnica":false,"ficheros":false,"titulo-fr":"My Grandpa And I","texto-fr":"<p><img loading=\"lazy\" decoding=\"async\" class=\"aligncenter size-full wp-image-24767\" src=\"http:\/\/www.editorialjuventud.es\/wp-content\/uploads\/5.png\" alt=\"\" width=\"43\" height=\"43\" \/><\/p>\n<p><strong>Introducing the 5 Stages of Grief &amp; Loss<\/strong><\/p>\n<p><em>With Grandpa Simon we play <\/em><br \/>\n<em>our \u201chide kisses\u201d game every day. <\/em><br \/>\n<em>Even if he has to go to hospital. Even if he is not here. <\/em><br \/>\n<em>Grandfather Simon and I keep playing&#8230;<\/em><\/p>\n<p>A tender story about how, with the magic of a relationship between and old man and his<br \/>\ngranddaughter, it is possible to offer a less tragic view of degenerative diseases.<\/p>\n<p>&nbsp;<\/p>\n<hr \/>\n<h2><\/h2>\n<p><img loading=\"lazy\" decoding=\"async\" class=\"alignnone size-full wp-image-19141\" src=\"http:\/\/www.editorialjuventud.es\/wp-content\/uploads\/N\u00faria-Parera-2.jpg\" alt=\"\" width=\"185\" height=\"147\" \/><\/p>\n<h2><strong>N\u00faria Parera<\/strong><\/h2>\n<h6><\/h6>\n<p>She started her career as a journalist, but soon she realized that she enjoyed more telling stories and creating them. For ten years she has been writing scripts for television series and publishing children\u2019s books.<\/p>\n<hr \/>\n<h5>\u203a<span style=\"text-decoration: underline;\"><span style=\"color: #0000ff; text-decoration: underline;\"><strong>\u00a0<\/strong><\/span><\/span><span style=\"color: #003366;\"><a href=\"http:\/\/www.editorialjuventud.es\/wp-content\/uploads\/Ficha-FR-My-Granpa-and-I.pdf\" target=\"_blank\" rel=\"noopener\"><span style=\"text-decoration: underline;\"><span style=\"text-decoration: underline;\"><strong>Fact Sheet<\/strong><\/span><\/span><\/a><\/span><\/h5>\n<p>&nbsp;<\/p>\n","idioma-libro":""},"yoast_head":"<!-- This site is optimized with the Yoast SEO plugin v27.3 - https:\/\/yoast.com\/product\/yoast-seo-wordpress\/ -->\n<title>Mi abuelo y yo - Editorial Juventud<\/title>\n<meta name=\"description\" content=\"Con mi abuelo Sim\u00f3n juego cada d\u00eda a esconder besos.Aunque tenga que ir al hospital, aunque no est\u00e9, mi abuelo Sim\u00f3n y yo seguimos jugando\u2026&#039;.Un bonito\" \/>\n<meta name=\"robots\" content=\"index, follow, max-snippet:-1, max-image-preview:large, max-video-preview:-1\" \/>\n<link rel=\"canonical\" href=\"https:\/\/www.editorialjuventud.es\/mi-abuelo-y-yo-9788426141903\/\" \/>\n<meta property=\"og:locale\" content=\"ca_ES\" \/>\n<meta property=\"og:type\" content=\"article\" \/>\n<meta property=\"og:title\" content=\"Mi abuelo y yo - Editorial Juventud\" \/>\n<meta property=\"og:description\" content=\"Con mi abuelo Sim\u00f3n juego cada d\u00eda a esconder besos.Aunque tenga que ir al hospital, aunque no est\u00e9, mi abuelo Sim\u00f3n y yo seguimos jugando\u2026&#039;.Un bonito\" \/>\n<meta property=\"og:url\" content=\"https:\/\/www.editorialjuventud.es\/mi-abuelo-y-yo-9788426141903\/\" \/>\n<meta property=\"og:site_name\" content=\"Editorial Juventud\" \/>\n<meta property=\"article:modified_time\" content=\"2025-01-22T12:15:22+00:00\" \/>\n<meta property=\"og:image\" content=\"https:\/\/www.editorialjuventud.es\/wp-content\/uploads\/4190.jpg\" \/>\n\t<meta property=\"og:image:width\" content=\"519\" \/>\n\t<meta property=\"og:image:height\" content=\"450\" \/>\n\t<meta property=\"og:image:type\" content=\"image\/jpeg\" \/>\n<meta name=\"twitter:card\" content=\"summary_large_image\" \/>\n<meta name=\"twitter:label1\" content=\"Temps estimat de lectura\" \/>\n\t<meta name=\"twitter:data1\" content=\"1 minut\" \/>\n<script type=\"application\/ld+json\" class=\"yoast-schema-graph\">{\"@context\":\"https:\\\/\\\/schema.org\",\"@graph\":[{\"@type\":\"WebPage\",\"@id\":\"https:\\\/\\\/www.editorialjuventud.es\\\/mi-abuelo-y-yo-9788426141903\\\/\",\"url\":\"https:\\\/\\\/www.editorialjuventud.es\\\/mi-abuelo-y-yo-9788426141903\\\/\",\"name\":\"Mi abuelo y yo - Editorial Juventud\",\"isPartOf\":{\"@id\":\"https:\\\/\\\/www.editorialjuventud.es\\\/#website\"},\"primaryImageOfPage\":{\"@id\":\"https:\\\/\\\/www.editorialjuventud.es\\\/mi-abuelo-y-yo-9788426141903\\\/#primaryimage\"},\"image\":{\"@id\":\"https:\\\/\\\/www.editorialjuventud.es\\\/mi-abuelo-y-yo-9788426141903\\\/#primaryimage\"},\"thumbnailUrl\":\"https:\\\/\\\/www.editorialjuventud.es\\\/wp-content\\\/uploads\\\/4190.jpg\",\"datePublished\":\"2018-08-24T09:49:10+00:00\",\"dateModified\":\"2025-01-22T12:15:22+00:00\",\"description\":\"Con mi abuelo Sim\u00f3n juego cada d\u00eda a esconder besos.Aunque tenga que ir al hospital, aunque no est\u00e9, mi abuelo Sim\u00f3n y yo seguimos jugando\u2026'.Un bonito\",\"breadcrumb\":{\"@id\":\"https:\\\/\\\/www.editorialjuventud.es\\\/mi-abuelo-y-yo-9788426141903\\\/#breadcrumb\"},\"inLanguage\":\"ca\",\"potentialAction\":[{\"@type\":\"ReadAction\",\"target\":[\"https:\\\/\\\/www.editorialjuventud.es\\\/mi-abuelo-y-yo-9788426141903\\\/\"]}]},{\"@type\":\"ImageObject\",\"inLanguage\":\"ca\",\"@id\":\"https:\\\/\\\/www.editorialjuventud.es\\\/mi-abuelo-y-yo-9788426141903\\\/#primaryimage\",\"url\":\"https:\\\/\\\/www.editorialjuventud.es\\\/wp-content\\\/uploads\\\/4190.jpg\",\"contentUrl\":\"https:\\\/\\\/www.editorialjuventud.es\\\/wp-content\\\/uploads\\\/4190.jpg\",\"width\":519,\"height\":450,\"caption\":\"4190.jpg\"},{\"@type\":\"BreadcrumbList\",\"@id\":\"https:\\\/\\\/www.editorialjuventud.es\\\/mi-abuelo-y-yo-9788426141903\\\/#breadcrumb\",\"itemListElement\":[{\"@type\":\"ListItem\",\"position\":1,\"name\":\"Portada\",\"item\":\"https:\\\/\\\/www.editorialjuventud.es\\\/\"},{\"@type\":\"ListItem\",\"position\":2,\"name\":\"cat\u00e1logo\",\"item\":\"https:\\\/\\\/www.editorialjuventud.es\\\/coleccion\\\/catalogo\\\/\"},{\"@type\":\"ListItem\",\"position\":3,\"name\":\"castellano\",\"item\":\"https:\\\/\\\/www.editorialjuventud.es\\\/coleccion\\\/castellano\\\/\"},{\"@type\":\"ListItem\",\"position\":4,\"name\":\"\u00c1lbumes Ilustrados\",\"item\":\"https:\\\/\\\/www.editorialjuventud.es\\\/coleccion\\\/albumes-ilustrados\\\/\"},{\"@type\":\"ListItem\",\"position\":5,\"name\":\"Para Hablar en Familia\",\"item\":\"https:\\\/\\\/www.editorialjuventud.es\\\/coleccion\\\/para-hablar-en-familia\\\/\"},{\"@type\":\"ListItem\",\"position\":6,\"name\":\"Mi abuelo y yo\"}]},{\"@type\":\"WebSite\",\"@id\":\"https:\\\/\\\/www.editorialjuventud.es\\\/#website\",\"url\":\"https:\\\/\\\/www.editorialjuventud.es\\\/\",\"name\":\"Editorial Juventud\",\"description\":\"\",\"potentialAction\":[{\"@type\":\"SearchAction\",\"target\":{\"@type\":\"EntryPoint\",\"urlTemplate\":\"https:\\\/\\\/www.editorialjuventud.es\\\/?s={search_term_string}\"},\"query-input\":{\"@type\":\"PropertyValueSpecification\",\"valueRequired\":true,\"valueName\":\"search_term_string\"}}],\"inLanguage\":\"ca\"}]}<\/script>\n<!-- \/ Yoast SEO plugin. -->","yoast_head_json":{"title":"Mi abuelo y yo - Editorial Juventud","description":"Con mi abuelo Sim\u00f3n juego cada d\u00eda a esconder besos.Aunque tenga que ir al hospital, aunque no est\u00e9, mi abuelo Sim\u00f3n y yo seguimos jugando\u2026'.Un bonito","robots":{"index":"index","follow":"follow","max-snippet":"max-snippet:-1","max-image-preview":"max-image-preview:large","max-video-preview":"max-video-preview:-1"},"canonical":"https:\/\/www.editorialjuventud.es\/mi-abuelo-y-yo-9788426141903\/","og_locale":"ca_ES","og_type":"article","og_title":"Mi abuelo y yo - Editorial Juventud","og_description":"Con mi abuelo Sim\u00f3n juego cada d\u00eda a esconder besos.Aunque tenga que ir al hospital, aunque no est\u00e9, mi abuelo Sim\u00f3n y yo seguimos jugando\u2026'.Un bonito","og_url":"https:\/\/www.editorialjuventud.es\/mi-abuelo-y-yo-9788426141903\/","og_site_name":"Editorial Juventud","article_modified_time":"2025-01-22T12:15:22+00:00","og_image":[{"width":519,"height":450,"url":"https:\/\/www.editorialjuventud.es\/wp-content\/uploads\/4190.jpg","type":"image\/jpeg"}],"twitter_card":"summary_large_image","twitter_misc":{"Temps estimat de lectura":"1 minut"},"schema":{"@context":"https:\/\/schema.org","@graph":[{"@type":"WebPage","@id":"https:\/\/www.editorialjuventud.es\/mi-abuelo-y-yo-9788426141903\/","url":"https:\/\/www.editorialjuventud.es\/mi-abuelo-y-yo-9788426141903\/","name":"Mi abuelo y yo - Editorial Juventud","isPartOf":{"@id":"https:\/\/www.editorialjuventud.es\/#website"},"primaryImageOfPage":{"@id":"https:\/\/www.editorialjuventud.es\/mi-abuelo-y-yo-9788426141903\/#primaryimage"},"image":{"@id":"https:\/\/www.editorialjuventud.es\/mi-abuelo-y-yo-9788426141903\/#primaryimage"},"thumbnailUrl":"https:\/\/www.editorialjuventud.es\/wp-content\/uploads\/4190.jpg","datePublished":"2018-08-24T09:49:10+00:00","dateModified":"2025-01-22T12:15:22+00:00","description":"Con mi abuelo Sim\u00f3n juego cada d\u00eda a esconder besos.Aunque tenga que ir al hospital, aunque no est\u00e9, mi abuelo Sim\u00f3n y yo seguimos jugando\u2026'.Un bonito","breadcrumb":{"@id":"https:\/\/www.editorialjuventud.es\/mi-abuelo-y-yo-9788426141903\/#breadcrumb"},"inLanguage":"ca","potentialAction":[{"@type":"ReadAction","target":["https:\/\/www.editorialjuventud.es\/mi-abuelo-y-yo-9788426141903\/"]}]},{"@type":"ImageObject","inLanguage":"ca","@id":"https:\/\/www.editorialjuventud.es\/mi-abuelo-y-yo-9788426141903\/#primaryimage","url":"https:\/\/www.editorialjuventud.es\/wp-content\/uploads\/4190.jpg","contentUrl":"https:\/\/www.editorialjuventud.es\/wp-content\/uploads\/4190.jpg","width":519,"height":450,"caption":"4190.jpg"},{"@type":"BreadcrumbList","@id":"https:\/\/www.editorialjuventud.es\/mi-abuelo-y-yo-9788426141903\/#breadcrumb","itemListElement":[{"@type":"ListItem","position":1,"name":"Portada","item":"https:\/\/www.editorialjuventud.es\/"},{"@type":"ListItem","position":2,"name":"cat\u00e1logo","item":"https:\/\/www.editorialjuventud.es\/coleccion\/catalogo\/"},{"@type":"ListItem","position":3,"name":"castellano","item":"https:\/\/www.editorialjuventud.es\/coleccion\/castellano\/"},{"@type":"ListItem","position":4,"name":"\u00c1lbumes Ilustrados","item":"https:\/\/www.editorialjuventud.es\/coleccion\/albumes-ilustrados\/"},{"@type":"ListItem","position":5,"name":"Para Hablar en Familia","item":"https:\/\/www.editorialjuventud.es\/coleccion\/para-hablar-en-familia\/"},{"@type":"ListItem","position":6,"name":"Mi abuelo y yo"}]},{"@type":"WebSite","@id":"https:\/\/www.editorialjuventud.es\/#website","url":"https:\/\/www.editorialjuventud.es\/","name":"Editorial Juventud","description":"","potentialAction":[{"@type":"SearchAction","target":{"@type":"EntryPoint","urlTemplate":"https:\/\/www.editorialjuventud.es\/?s={search_term_string}"},"query-input":{"@type":"PropertyValueSpecification","valueRequired":true,"valueName":"search_term_string"}}],"inLanguage":"ca"}]}},"_links":{"self":[{"href":"https:\/\/www.editorialjuventud.es\/ca\/wp-json\/wp\/v2\/product\/6051","targetHints":{"allow":["GET"]}}],"collection":[{"href":"https:\/\/www.editorialjuventud.es\/ca\/wp-json\/wp\/v2\/product"}],"about":[{"href":"https:\/\/www.editorialjuventud.es\/ca\/wp-json\/wp\/v2\/types\/product"}],"wp:featuredmedia":[{"embeddable":true,"href":"https:\/\/www.editorialjuventud.es\/ca\/wp-json\/wp\/v2\/media\/14075"}],"wp:attachment":[{"href":"https:\/\/www.editorialjuventud.es\/ca\/wp-json\/wp\/v2\/media?parent=6051"}],"wp:term":[{"taxonomy":"product_brand","embeddable":true,"href":"https:\/\/www.editorialjuventud.es\/ca\/wp-json\/wp\/v2\/product_brand?post=6051"},{"taxonomy":"product_cat","embeddable":true,"href":"https:\/\/www.editorialjuventud.es\/ca\/wp-json\/wp\/v2\/product_cat?post=6051"},{"taxonomy":"product_tag","embeddable":true,"href":"https:\/\/www.editorialjuventud.es\/ca\/wp-json\/wp\/v2\/product_tag?post=6051"},{"taxonomy":"coleccion","embeddable":true,"href":"https:\/\/www.editorialjuventud.es\/ca\/wp-json\/wp\/v2\/coleccion?post=6051"}],"curies":[{"name":"wp","href":"https:\/\/api.w.org\/{rel}","templated":true}]}}