{"id":6047,"date":"2018-08-24T11:48:52","date_gmt":"2018-08-24T09:48:52","guid":{"rendered":"http:\/\/www.editorialjuventud.es\/malalaiqbal-2\/"},"modified":"2021-12-27T10:38:08","modified_gmt":"2021-12-27T09:38:08","slug":"malala-iqbal-9788426141873","status":"publish","type":"product","link":"https:\/\/www.editorialjuventud.es\/ca\/malala-iqbal-9788426141873\/","title":{"rendered":"Malala \/ Iqbal"},"content":{"rendered":"<p>Dos nens pakistanesos van denunciar la injust\u00edcia en el seu m\u00f3n. Primer va ser l&#8217;Iqbal Masih, qui va denunciar l&#8217;esclavitud a les f\u00e0briques de catifes del Pakistan. Despr\u00e9s, la Malala Yousafzai va reivindicar el dret de les nenes a anar a l&#8217;escola. La valentia amb la que van enfrontar el perill resulta inspiradora per a tots aquells que coneixen la seva hist\u00f2ria. Aquest llibre reversible de la Jeanette Winter, contribueix a mantenir a la mem\u00f2ria les gestes d&#8217;aquests dos nens valents i a ensenyar als m\u00e9s petits com \u00e9s la lluita en altres pa\u00efsos per a obtenir els drets dels que aqu\u00ed gaudim.<\/p>\n","protected":false},"excerpt":{"rendered":"Dos nens pakistanesos van denunciar la injust\u00edcia en el seu m\u00f3n. Primer va ser l&#8217;Iqbal Masih, qui va denunciar l&#8217;esclavitud a les f\u00e0briques de catifes del Pakistan. Despr\u00e9s, la Malala Yousafzai va reivindicar el dret de les nenes a anar [&hellip;]","protected":false},"featured_media":17050,"template":"","meta":{"_acf_changed":false,"_exactmetrics_skip_tracking":false,"_exactmetrics_sitenote_active":false,"_exactmetrics_sitenote_note":"","_exactmetrics_sitenote_category":0},"product_brand":[],"product_cat":[902,1121,1156,1161,892,1173,1115,1207,1128],"product_tag":[],"coleccion":[917,915,948],"class_list":{"0":"post-6047","1":"product","2":"type-product","3":"status-publish","4":"has-post-thumbnail","6":"product_cat-a-partir-de-7-anos","7":"product_cat-albumes-ilustrados","8":"product_cat-cooperacion","9":"product_cat-derechos-humanos","10":"product_cat-edades","11":"product_cat-escuela","12":"product_cat-generos","13":"product_cat-personajes-reales","14":"product_cat-tematica","15":"coleccion-albums-illustrats","16":"coleccion-catala","17":"coleccion-convivencia-i-multiculturalitat","19":"first","20":"instock","21":"taxable","22":"shipping-taxable","23":"purchasable","24":"product-type-simple"},"acf":{"autor":"WINTER, JEANETTE","codart":"4187","ediciones":"1","encuadernacion":"Carton\u00e9","fecha_de_publicacion":"01\/05\/2015","novedad":"0","paginas":"40","subtitulo":"","texto_web_adicional":"","texto_web_novedad":"","orden":"999","portada":"0","texto_web_resaltado":"","indice":"","autores-libros":[16687],"ilustradores-libros":[16687],"traductores-libros":[18265],"descripcion_corta":"","recomendamos":"","mas_vendido":"","idioma-libro":"","color":false,"formato":"","mas_informacion_del_producto":false,"premios":false,"texto_enlace_cubierta":"","enlace_cubierta":false,"texto_enlace_ficha_tecnica":"","enlace_ficha_tecnica":false,"ficheros":false,"titulo-fr":"","texto-fr":""},"yoast_head":"<!-- This site is optimized with the Yoast SEO plugin v27.3 - https:\/\/yoast.com\/product\/yoast-seo-wordpress\/ -->\n<title>Malala \/ Iqbal - Editorial Juventud<\/title>\n<meta name=\"description\" content=\"Dos nens pakistanesos van denunciar la injust\u00edcia en el seu m\u00f3n. Primer va ser l&#039;Iqbal Masih, qui va denunciar l&#039;esclavitud a les f\u00e0briques de catifes del\" \/>\n<meta name=\"robots\" content=\"index, follow, max-snippet:-1, max-image-preview:large, max-video-preview:-1\" \/>\n<link rel=\"canonical\" href=\"https:\/\/www.editorialjuventud.es\/ca\/malala-iqbal-9788426141873\/\" \/>\n<meta property=\"og:locale\" content=\"ca_ES\" \/>\n<meta property=\"og:type\" content=\"article\" \/>\n<meta property=\"og:title\" content=\"Malala \/ Iqbal - Editorial Juventud\" \/>\n<meta property=\"og:description\" content=\"Dos nens pakistanesos van denunciar la injust\u00edcia en el seu m\u00f3n. Primer va ser l&#039;Iqbal Masih, qui va denunciar l&#039;esclavitud a les f\u00e0briques de catifes del\" \/>\n<meta property=\"og:url\" content=\"https:\/\/www.editorialjuventud.es\/ca\/malala-iqbal-9788426141873\/\" \/>\n<meta property=\"og:site_name\" content=\"Editorial Juventud\" \/>\n<meta property=\"article:modified_time\" content=\"2021-12-27T09:38:08+00:00\" \/>\n<meta property=\"og:image\" content=\"https:\/\/www.editorialjuventud.es\/wp-content\/uploads\/4187.jpg\" \/>\n\t<meta property=\"og:image:width\" content=\"674\" \/>\n\t<meta property=\"og:image:height\" content=\"450\" \/>\n\t<meta property=\"og:image:type\" content=\"image\/jpeg\" \/>\n<meta name=\"twitter:card\" content=\"summary_large_image\" \/>\n<meta name=\"twitter:label1\" content=\"Temps estimat de lectura\" \/>\n\t<meta name=\"twitter:data1\" content=\"1 minut\" \/>\n<script type=\"application\/ld+json\" class=\"yoast-schema-graph\">{\"@context\":\"https:\\\/\\\/schema.org\",\"@graph\":[{\"@type\":\"WebPage\",\"@id\":\"https:\\\/\\\/www.editorialjuventud.es\\\/ca\\\/malala-iqbal-9788426141873\\\/\",\"url\":\"https:\\\/\\\/www.editorialjuventud.es\\\/ca\\\/malala-iqbal-9788426141873\\\/\",\"name\":\"Malala \\\/ Iqbal - Editorial Juventud\",\"isPartOf\":{\"@id\":\"https:\\\/\\\/www.editorialjuventud.es\\\/#website\"},\"primaryImageOfPage\":{\"@id\":\"https:\\\/\\\/www.editorialjuventud.es\\\/ca\\\/malala-iqbal-9788426141873\\\/#primaryimage\"},\"image\":{\"@id\":\"https:\\\/\\\/www.editorialjuventud.es\\\/ca\\\/malala-iqbal-9788426141873\\\/#primaryimage\"},\"thumbnailUrl\":\"https:\\\/\\\/www.editorialjuventud.es\\\/wp-content\\\/uploads\\\/4187.jpg\",\"datePublished\":\"2018-08-24T09:48:52+00:00\",\"dateModified\":\"2021-12-27T09:38:08+00:00\",\"description\":\"Dos nens pakistanesos van denunciar la injust\u00edcia en el seu m\u00f3n. Primer va ser l'Iqbal Masih, qui va denunciar l'esclavitud a les f\u00e0briques de catifes del\",\"breadcrumb\":{\"@id\":\"https:\\\/\\\/www.editorialjuventud.es\\\/ca\\\/malala-iqbal-9788426141873\\\/#breadcrumb\"},\"inLanguage\":\"ca\",\"potentialAction\":[{\"@type\":\"ReadAction\",\"target\":[\"https:\\\/\\\/www.editorialjuventud.es\\\/ca\\\/malala-iqbal-9788426141873\\\/\"]}]},{\"@type\":\"ImageObject\",\"inLanguage\":\"ca\",\"@id\":\"https:\\\/\\\/www.editorialjuventud.es\\\/ca\\\/malala-iqbal-9788426141873\\\/#primaryimage\",\"url\":\"https:\\\/\\\/www.editorialjuventud.es\\\/wp-content\\\/uploads\\\/4187.jpg\",\"contentUrl\":\"https:\\\/\\\/www.editorialjuventud.es\\\/wp-content\\\/uploads\\\/4187.jpg\",\"width\":674,\"height\":450,\"caption\":\"4187.jpg\"},{\"@type\":\"BreadcrumbList\",\"@id\":\"https:\\\/\\\/www.editorialjuventud.es\\\/ca\\\/malala-iqbal-9788426141873\\\/#breadcrumb\",\"itemListElement\":[{\"@type\":\"ListItem\",\"position\":1,\"name\":\"Portada\",\"item\":\"https:\\\/\\\/www.editorialjuventud.es\\\/\"},{\"@type\":\"ListItem\",\"position\":2,\"name\":\"cat\u00e1logo\",\"item\":\"https:\\\/\\\/www.editorialjuventud.es\\\/coleccion\\\/catalogo\\\/\"},{\"@type\":\"ListItem\",\"position\":3,\"name\":\"catal\u00e0\",\"item\":\"https:\\\/\\\/www.editorialjuventud.es\\\/coleccion\\\/catala\\\/\"},{\"@type\":\"ListItem\",\"position\":4,\"name\":\"\u00c0lbums Il\u00b7lustrats\",\"item\":\"https:\\\/\\\/www.editorialjuventud.es\\\/coleccion\\\/albums-il%c2%b7lustrats\\\/\"},{\"@type\":\"ListItem\",\"position\":5,\"name\":\"Conviv\u00e8ncia i Multiculturalitat\",\"item\":\"https:\\\/\\\/www.editorialjuventud.es\\\/coleccion\\\/convivencia-i-multiculturalitat\\\/\"},{\"@type\":\"ListItem\",\"position\":6,\"name\":\"Malala \\\/ Iqbal\"}]},{\"@type\":\"WebSite\",\"@id\":\"https:\\\/\\\/www.editorialjuventud.es\\\/#website\",\"url\":\"https:\\\/\\\/www.editorialjuventud.es\\\/\",\"name\":\"Editorial Juventud\",\"description\":\"\",\"potentialAction\":[{\"@type\":\"SearchAction\",\"target\":{\"@type\":\"EntryPoint\",\"urlTemplate\":\"https:\\\/\\\/www.editorialjuventud.es\\\/?s={search_term_string}\"},\"query-input\":{\"@type\":\"PropertyValueSpecification\",\"valueRequired\":true,\"valueName\":\"search_term_string\"}}],\"inLanguage\":\"ca\"}]}<\/script>\n<!-- \/ Yoast SEO plugin. -->","yoast_head_json":{"title":"Malala \/ Iqbal - Editorial Juventud","description":"Dos nens pakistanesos van denunciar la injust\u00edcia en el seu m\u00f3n. Primer va ser l'Iqbal Masih, qui va denunciar l'esclavitud a les f\u00e0briques de catifes del","robots":{"index":"index","follow":"follow","max-snippet":"max-snippet:-1","max-image-preview":"max-image-preview:large","max-video-preview":"max-video-preview:-1"},"canonical":"https:\/\/www.editorialjuventud.es\/ca\/malala-iqbal-9788426141873\/","og_locale":"ca_ES","og_type":"article","og_title":"Malala \/ Iqbal - Editorial Juventud","og_description":"Dos nens pakistanesos van denunciar la injust\u00edcia en el seu m\u00f3n. Primer va ser l'Iqbal Masih, qui va denunciar l'esclavitud a les f\u00e0briques de catifes del","og_url":"https:\/\/www.editorialjuventud.es\/ca\/malala-iqbal-9788426141873\/","og_site_name":"Editorial Juventud","article_modified_time":"2021-12-27T09:38:08+00:00","og_image":[{"width":674,"height":450,"url":"https:\/\/www.editorialjuventud.es\/wp-content\/uploads\/4187.jpg","type":"image\/jpeg"}],"twitter_card":"summary_large_image","twitter_misc":{"Temps estimat de lectura":"1 minut"},"schema":{"@context":"https:\/\/schema.org","@graph":[{"@type":"WebPage","@id":"https:\/\/www.editorialjuventud.es\/ca\/malala-iqbal-9788426141873\/","url":"https:\/\/www.editorialjuventud.es\/ca\/malala-iqbal-9788426141873\/","name":"Malala \/ Iqbal - Editorial Juventud","isPartOf":{"@id":"https:\/\/www.editorialjuventud.es\/#website"},"primaryImageOfPage":{"@id":"https:\/\/www.editorialjuventud.es\/ca\/malala-iqbal-9788426141873\/#primaryimage"},"image":{"@id":"https:\/\/www.editorialjuventud.es\/ca\/malala-iqbal-9788426141873\/#primaryimage"},"thumbnailUrl":"https:\/\/www.editorialjuventud.es\/wp-content\/uploads\/4187.jpg","datePublished":"2018-08-24T09:48:52+00:00","dateModified":"2021-12-27T09:38:08+00:00","description":"Dos nens pakistanesos van denunciar la injust\u00edcia en el seu m\u00f3n. Primer va ser l'Iqbal Masih, qui va denunciar l'esclavitud a les f\u00e0briques de catifes del","breadcrumb":{"@id":"https:\/\/www.editorialjuventud.es\/ca\/malala-iqbal-9788426141873\/#breadcrumb"},"inLanguage":"ca","potentialAction":[{"@type":"ReadAction","target":["https:\/\/www.editorialjuventud.es\/ca\/malala-iqbal-9788426141873\/"]}]},{"@type":"ImageObject","inLanguage":"ca","@id":"https:\/\/www.editorialjuventud.es\/ca\/malala-iqbal-9788426141873\/#primaryimage","url":"https:\/\/www.editorialjuventud.es\/wp-content\/uploads\/4187.jpg","contentUrl":"https:\/\/www.editorialjuventud.es\/wp-content\/uploads\/4187.jpg","width":674,"height":450,"caption":"4187.jpg"},{"@type":"BreadcrumbList","@id":"https:\/\/www.editorialjuventud.es\/ca\/malala-iqbal-9788426141873\/#breadcrumb","itemListElement":[{"@type":"ListItem","position":1,"name":"Portada","item":"https:\/\/www.editorialjuventud.es\/"},{"@type":"ListItem","position":2,"name":"cat\u00e1logo","item":"https:\/\/www.editorialjuventud.es\/coleccion\/catalogo\/"},{"@type":"ListItem","position":3,"name":"catal\u00e0","item":"https:\/\/www.editorialjuventud.es\/coleccion\/catala\/"},{"@type":"ListItem","position":4,"name":"\u00c0lbums Il\u00b7lustrats","item":"https:\/\/www.editorialjuventud.es\/coleccion\/albums-il%c2%b7lustrats\/"},{"@type":"ListItem","position":5,"name":"Conviv\u00e8ncia i Multiculturalitat","item":"https:\/\/www.editorialjuventud.es\/coleccion\/convivencia-i-multiculturalitat\/"},{"@type":"ListItem","position":6,"name":"Malala \/ Iqbal"}]},{"@type":"WebSite","@id":"https:\/\/www.editorialjuventud.es\/#website","url":"https:\/\/www.editorialjuventud.es\/","name":"Editorial Juventud","description":"","potentialAction":[{"@type":"SearchAction","target":{"@type":"EntryPoint","urlTemplate":"https:\/\/www.editorialjuventud.es\/?s={search_term_string}"},"query-input":{"@type":"PropertyValueSpecification","valueRequired":true,"valueName":"search_term_string"}}],"inLanguage":"ca"}]}},"_links":{"self":[{"href":"https:\/\/www.editorialjuventud.es\/ca\/wp-json\/wp\/v2\/product\/6047","targetHints":{"allow":["GET"]}}],"collection":[{"href":"https:\/\/www.editorialjuventud.es\/ca\/wp-json\/wp\/v2\/product"}],"about":[{"href":"https:\/\/www.editorialjuventud.es\/ca\/wp-json\/wp\/v2\/types\/product"}],"wp:featuredmedia":[{"embeddable":true,"href":"https:\/\/www.editorialjuventud.es\/ca\/wp-json\/wp\/v2\/media\/17050"}],"wp:attachment":[{"href":"https:\/\/www.editorialjuventud.es\/ca\/wp-json\/wp\/v2\/media?parent=6047"}],"wp:term":[{"taxonomy":"product_brand","embeddable":true,"href":"https:\/\/www.editorialjuventud.es\/ca\/wp-json\/wp\/v2\/product_brand?post=6047"},{"taxonomy":"product_cat","embeddable":true,"href":"https:\/\/www.editorialjuventud.es\/ca\/wp-json\/wp\/v2\/product_cat?post=6047"},{"taxonomy":"product_tag","embeddable":true,"href":"https:\/\/www.editorialjuventud.es\/ca\/wp-json\/wp\/v2\/product_tag?post=6047"},{"taxonomy":"coleccion","embeddable":true,"href":"https:\/\/www.editorialjuventud.es\/ca\/wp-json\/wp\/v2\/coleccion?post=6047"}],"curies":[{"name":"wp","href":"https:\/\/api.w.org\/{rel}","templated":true}]}}