{"id":6046,"date":"2018-08-24T11:48:47","date_gmt":"2018-08-24T09:48:47","guid":{"rendered":"http:\/\/www.editorialjuventud.es\/malalaiqbal\/"},"modified":"2019-10-24T16:40:09","modified_gmt":"2019-10-24T14:40:09","slug":"malalaiqbal-9788426141866","status":"publish","type":"product","link":"https:\/\/www.editorialjuventud.es\/ca\/malalaiqbal-9788426141866\/","title":{"rendered":"Malala\/Iqbal"},"content":{"rendered":"<p>Dos ni\u00f1os pakistan\u00edes denunciaron la injusticia en su mundo. Primero fue Iqbal Masih, quien denunci\u00f3 la esclavitud infantil en las f\u00e1bricas de alfombras de Pakist\u00e1n. Luego, Malala Yousafzai reivindic\u00f3 el derecho de las ni\u00f1as a ir a la escuela. La valent\u00eda con que afrontaron el peligro resulta inspiradora para todos aquellos que conocen su historia. Este libro reversible de Jeanette Winter, contribuye a mantener en la memoria las haza\u00f1as de estos dos ni\u00f1os valientes y a ense\u00f1ar a los m\u00e1s peque\u00f1os c\u00f3mo es la lucha en otros pa\u00edses para obtener los derechos que aqu\u00ed gozamos.<\/p>\n","protected":false},"excerpt":{"rendered":"Dos ni\u00f1os pakistan\u00edes denunciaron la injusticia en su mundo. Primero fue Iqbal Masih, quien denunci\u00f3 la esclavitud infantil en las f\u00e1bricas de alfombras de Pakist\u00e1n. Luego, Malala Yousafzai reivindic\u00f3 el derecho de las ni\u00f1as a ir a la escuela. La [&hellip;]","protected":false},"featured_media":17048,"template":"","meta":{"_acf_changed":false,"_exactmetrics_skip_tracking":false,"_exactmetrics_sitenote_active":false,"_exactmetrics_sitenote_note":"","_exactmetrics_sitenote_category":0},"product_brand":[],"product_cat":[902,1121,1156,1161,892,1173,1115,1207,1128],"product_tag":[],"coleccion":[928,916,988],"class_list":{"0":"post-6046","1":"product","2":"type-product","3":"status-publish","4":"has-post-thumbnail","6":"product_cat-a-partir-de-7-anos","7":"product_cat-albumes-ilustrados","8":"product_cat-cooperacion","9":"product_cat-derechos-humanos","10":"product_cat-edades","11":"product_cat-escuela","12":"product_cat-generos","13":"product_cat-personajes-reales","14":"product_cat-tematica","15":"coleccion-albumes-ilustrados","16":"coleccion-castellano","17":"coleccion-convivencia-y-multiculturalidad","19":"first","20":"instock","21":"taxable","22":"shipping-taxable","23":"purchasable","24":"product-type-simple"},"acf":{"autor":"WINTER, JEANETTE","codart":"4186","ediciones":"2","encuadernacion":"Carton\u00e9","fecha_de_publicacion":"01\/05\/2015","novedad":"0","paginas":"40","subtitulo":"","texto_web_adicional":"","texto_web_novedad":"","orden":"999","portada":"0","texto_web_resaltado":"","indice":"","autores-libros":[16687],"ilustradores-libros":[16687],"traductores-libros":"","descripcion_corta":"","recomendamos":"","mas_vendido":"","idioma-libro":"","color":false,"formato":"","mas_informacion_del_producto":false,"premios":false,"texto_enlace_cubierta":"","enlace_cubierta":{"ID":33113,"id":33113,"title":"MalalaIqbal_300px_CAST","filename":"MalalaIqbal_300px_CAST.tif","filesize":32422284,"url":"https:\/\/www.editorialjuventud.es\/wp-content\/uploads\/MalalaIqbal_300px_CAST.tif","link":"https:\/\/www.editorialjuventud.es\/ca\/?attachment_id=33113","alt":"","author":"50","description":"","caption":"","name":"malalaiqbal_300px_cast","status":"inherit","uploaded_to":6046,"date":"2019-10-10 19:43:29","modified":"2019-10-10 19:43:29","menu_order":0,"mime_type":"image\/tiff","type":"image","subtype":"tiff","icon":"https:\/\/www.editorialjuventud.es\/wp-includes\/images\/media\/default.png","width":0,"height":0,"sizes":{"thumbnail":"https:\/\/www.editorialjuventud.es\/wp-content\/uploads\/MalalaIqbal_300px_CAST.tif","thumbnail-width":1,"thumbnail-height":1,"medium":"https:\/\/www.editorialjuventud.es\/wp-content\/uploads\/MalalaIqbal_300px_CAST.tif","medium-width":0,"medium-height":0,"medium_large":"https:\/\/www.editorialjuventud.es\/wp-content\/uploads\/MalalaIqbal_300px_CAST.tif","medium_large-width":1,"medium_large-height":1,"large":"https:\/\/www.editorialjuventud.es\/wp-content\/uploads\/MalalaIqbal_300px_CAST.tif","large-width":0,"large-height":0,"1536x1536":"https:\/\/www.editorialjuventud.es\/wp-content\/uploads\/MalalaIqbal_300px_CAST.tif","1536x1536-width":1,"1536x1536-height":1,"2048x2048":"https:\/\/www.editorialjuventud.es\/wp-content\/uploads\/MalalaIqbal_300px_CAST.tif","2048x2048-width":1,"2048x2048-height":1,"woocommerce_thumbnail":"https:\/\/www.editorialjuventud.es\/wp-content\/uploads\/MalalaIqbal_300px_CAST.tif","woocommerce_thumbnail-width":1,"woocommerce_thumbnail-height":1,"woocommerce_single":"https:\/\/www.editorialjuventud.es\/wp-content\/uploads\/MalalaIqbal_300px_CAST.tif","woocommerce_single-width":1,"woocommerce_single-height":1,"woocommerce_gallery_thumbnail":"https:\/\/www.editorialjuventud.es\/wp-content\/uploads\/MalalaIqbal_300px_CAST.tif","woocommerce_gallery_thumbnail-width":1,"woocommerce_gallery_thumbnail-height":1,"ppec_logo_image_size":"https:\/\/www.editorialjuventud.es\/wp-content\/uploads\/MalalaIqbal_300px_CAST.tif","ppec_logo_image_size-width":1,"ppec_logo_image_size-height":1,"ppec_header_image_size":"https:\/\/www.editorialjuventud.es\/wp-content\/uploads\/MalalaIqbal_300px_CAST.tif","ppec_header_image_size-width":1,"ppec_header_image_size-height":1}},"texto_enlace_ficha_tecnica":"","enlace_ficha_tecnica":false,"ficheros":false,"titulo-fr":"","texto-fr":""},"yoast_head":"<!-- This site is optimized with the Yoast SEO plugin v27.5 - https:\/\/yoast.com\/product\/yoast-seo-wordpress\/ -->\n<title>Malala\/Iqbal - Editorial Juventud<\/title>\n<meta name=\"description\" content=\"Dos ni\u00f1os pakistan\u00edes denunciaron la injusticia en su mundo. Primero fue Iqbal Masih, quien denunci\u00f3 la esclavitud infantil en las f\u00e1bricas de alfombras\" \/>\n<meta name=\"robots\" content=\"index, follow, max-snippet:-1, max-image-preview:large, max-video-preview:-1\" \/>\n<link rel=\"canonical\" href=\"https:\/\/www.editorialjuventud.es\/malalaiqbal-9788426141866\/\" \/>\n<meta property=\"og:locale\" content=\"ca_ES\" \/>\n<meta property=\"og:type\" content=\"article\" \/>\n<meta property=\"og:title\" content=\"Malala\/Iqbal - Editorial Juventud\" \/>\n<meta property=\"og:description\" content=\"Dos ni\u00f1os pakistan\u00edes denunciaron la injusticia en su mundo. Primero fue Iqbal Masih, quien denunci\u00f3 la esclavitud infantil en las f\u00e1bricas de alfombras\" \/>\n<meta property=\"og:url\" content=\"https:\/\/www.editorialjuventud.es\/malalaiqbal-9788426141866\/\" \/>\n<meta property=\"og:site_name\" content=\"Editorial Juventud\" \/>\n<meta property=\"article:modified_time\" content=\"2019-10-24T14:40:09+00:00\" \/>\n<meta property=\"og:image\" content=\"https:\/\/www.editorialjuventud.es\/wp-content\/uploads\/4186.jpg\" \/>\n\t<meta property=\"og:image:width\" content=\"675\" \/>\n\t<meta property=\"og:image:height\" content=\"450\" \/>\n\t<meta property=\"og:image:type\" content=\"image\/jpeg\" \/>\n<meta name=\"twitter:card\" content=\"summary_large_image\" \/>\n<meta name=\"twitter:label1\" content=\"Temps estimat de lectura\" \/>\n\t<meta name=\"twitter:data1\" content=\"1 minut\" \/>\n<script type=\"application\/ld+json\" class=\"yoast-schema-graph\">{\"@context\":\"https:\\\/\\\/schema.org\",\"@graph\":[{\"@type\":\"WebPage\",\"@id\":\"https:\\\/\\\/www.editorialjuventud.es\\\/malalaiqbal-9788426141866\\\/\",\"url\":\"https:\\\/\\\/www.editorialjuventud.es\\\/malalaiqbal-9788426141866\\\/\",\"name\":\"Malala\\\/Iqbal - Editorial Juventud\",\"isPartOf\":{\"@id\":\"https:\\\/\\\/www.editorialjuventud.es\\\/#website\"},\"primaryImageOfPage\":{\"@id\":\"https:\\\/\\\/www.editorialjuventud.es\\\/malalaiqbal-9788426141866\\\/#primaryimage\"},\"image\":{\"@id\":\"https:\\\/\\\/www.editorialjuventud.es\\\/malalaiqbal-9788426141866\\\/#primaryimage\"},\"thumbnailUrl\":\"https:\\\/\\\/www.editorialjuventud.es\\\/wp-content\\\/uploads\\\/4186.jpg\",\"datePublished\":\"2018-08-24T09:48:47+00:00\",\"dateModified\":\"2019-10-24T14:40:09+00:00\",\"description\":\"Dos ni\u00f1os pakistan\u00edes denunciaron la injusticia en su mundo. Primero fue Iqbal Masih, quien denunci\u00f3 la esclavitud infantil en las f\u00e1bricas de alfombras\",\"breadcrumb\":{\"@id\":\"https:\\\/\\\/www.editorialjuventud.es\\\/malalaiqbal-9788426141866\\\/#breadcrumb\"},\"inLanguage\":\"ca\",\"potentialAction\":[{\"@type\":\"ReadAction\",\"target\":[\"https:\\\/\\\/www.editorialjuventud.es\\\/malalaiqbal-9788426141866\\\/\"]}]},{\"@type\":\"ImageObject\",\"inLanguage\":\"ca\",\"@id\":\"https:\\\/\\\/www.editorialjuventud.es\\\/malalaiqbal-9788426141866\\\/#primaryimage\",\"url\":\"https:\\\/\\\/www.editorialjuventud.es\\\/wp-content\\\/uploads\\\/4186.jpg\",\"contentUrl\":\"https:\\\/\\\/www.editorialjuventud.es\\\/wp-content\\\/uploads\\\/4186.jpg\",\"width\":675,\"height\":450,\"caption\":\"4186.jpg\"},{\"@type\":\"BreadcrumbList\",\"@id\":\"https:\\\/\\\/www.editorialjuventud.es\\\/malalaiqbal-9788426141866\\\/#breadcrumb\",\"itemListElement\":[{\"@type\":\"ListItem\",\"position\":1,\"name\":\"Portada\",\"item\":\"https:\\\/\\\/www.editorialjuventud.es\\\/\"},{\"@type\":\"ListItem\",\"position\":2,\"name\":\"cat\u00e1logo\",\"item\":\"https:\\\/\\\/www.editorialjuventud.es\\\/coleccion\\\/catalogo\\\/\"},{\"@type\":\"ListItem\",\"position\":3,\"name\":\"castellano\",\"item\":\"https:\\\/\\\/www.editorialjuventud.es\\\/coleccion\\\/castellano\\\/\"},{\"@type\":\"ListItem\",\"position\":4,\"name\":\"\u00c1lbumes Ilustrados\",\"item\":\"https:\\\/\\\/www.editorialjuventud.es\\\/coleccion\\\/albumes-ilustrados\\\/\"},{\"@type\":\"ListItem\",\"position\":5,\"name\":\"Convivencia y Multiculturalidad\",\"item\":\"https:\\\/\\\/www.editorialjuventud.es\\\/coleccion\\\/convivencia-y-multiculturalidad\\\/\"},{\"@type\":\"ListItem\",\"position\":6,\"name\":\"Malala\\\/Iqbal\"}]},{\"@type\":\"WebSite\",\"@id\":\"https:\\\/\\\/www.editorialjuventud.es\\\/#website\",\"url\":\"https:\\\/\\\/www.editorialjuventud.es\\\/\",\"name\":\"Editorial Juventud\",\"description\":\"\",\"potentialAction\":[{\"@type\":\"SearchAction\",\"target\":{\"@type\":\"EntryPoint\",\"urlTemplate\":\"https:\\\/\\\/www.editorialjuventud.es\\\/?s={search_term_string}\"},\"query-input\":{\"@type\":\"PropertyValueSpecification\",\"valueRequired\":true,\"valueName\":\"search_term_string\"}}],\"inLanguage\":\"ca\"}]}<\/script>\n<!-- \/ Yoast SEO plugin. -->","yoast_head_json":{"title":"Malala\/Iqbal - Editorial Juventud","description":"Dos ni\u00f1os pakistan\u00edes denunciaron la injusticia en su mundo. Primero fue Iqbal Masih, quien denunci\u00f3 la esclavitud infantil en las f\u00e1bricas de alfombras","robots":{"index":"index","follow":"follow","max-snippet":"max-snippet:-1","max-image-preview":"max-image-preview:large","max-video-preview":"max-video-preview:-1"},"canonical":"https:\/\/www.editorialjuventud.es\/malalaiqbal-9788426141866\/","og_locale":"ca_ES","og_type":"article","og_title":"Malala\/Iqbal - Editorial Juventud","og_description":"Dos ni\u00f1os pakistan\u00edes denunciaron la injusticia en su mundo. Primero fue Iqbal Masih, quien denunci\u00f3 la esclavitud infantil en las f\u00e1bricas de alfombras","og_url":"https:\/\/www.editorialjuventud.es\/malalaiqbal-9788426141866\/","og_site_name":"Editorial Juventud","article_modified_time":"2019-10-24T14:40:09+00:00","og_image":[{"width":675,"height":450,"url":"https:\/\/www.editorialjuventud.es\/wp-content\/uploads\/4186.jpg","type":"image\/jpeg"}],"twitter_card":"summary_large_image","twitter_misc":{"Temps estimat de lectura":"1 minut"},"schema":{"@context":"https:\/\/schema.org","@graph":[{"@type":"WebPage","@id":"https:\/\/www.editorialjuventud.es\/malalaiqbal-9788426141866\/","url":"https:\/\/www.editorialjuventud.es\/malalaiqbal-9788426141866\/","name":"Malala\/Iqbal - Editorial Juventud","isPartOf":{"@id":"https:\/\/www.editorialjuventud.es\/#website"},"primaryImageOfPage":{"@id":"https:\/\/www.editorialjuventud.es\/malalaiqbal-9788426141866\/#primaryimage"},"image":{"@id":"https:\/\/www.editorialjuventud.es\/malalaiqbal-9788426141866\/#primaryimage"},"thumbnailUrl":"https:\/\/www.editorialjuventud.es\/wp-content\/uploads\/4186.jpg","datePublished":"2018-08-24T09:48:47+00:00","dateModified":"2019-10-24T14:40:09+00:00","description":"Dos ni\u00f1os pakistan\u00edes denunciaron la injusticia en su mundo. Primero fue Iqbal Masih, quien denunci\u00f3 la esclavitud infantil en las f\u00e1bricas de alfombras","breadcrumb":{"@id":"https:\/\/www.editorialjuventud.es\/malalaiqbal-9788426141866\/#breadcrumb"},"inLanguage":"ca","potentialAction":[{"@type":"ReadAction","target":["https:\/\/www.editorialjuventud.es\/malalaiqbal-9788426141866\/"]}]},{"@type":"ImageObject","inLanguage":"ca","@id":"https:\/\/www.editorialjuventud.es\/malalaiqbal-9788426141866\/#primaryimage","url":"https:\/\/www.editorialjuventud.es\/wp-content\/uploads\/4186.jpg","contentUrl":"https:\/\/www.editorialjuventud.es\/wp-content\/uploads\/4186.jpg","width":675,"height":450,"caption":"4186.jpg"},{"@type":"BreadcrumbList","@id":"https:\/\/www.editorialjuventud.es\/malalaiqbal-9788426141866\/#breadcrumb","itemListElement":[{"@type":"ListItem","position":1,"name":"Portada","item":"https:\/\/www.editorialjuventud.es\/"},{"@type":"ListItem","position":2,"name":"cat\u00e1logo","item":"https:\/\/www.editorialjuventud.es\/coleccion\/catalogo\/"},{"@type":"ListItem","position":3,"name":"castellano","item":"https:\/\/www.editorialjuventud.es\/coleccion\/castellano\/"},{"@type":"ListItem","position":4,"name":"\u00c1lbumes Ilustrados","item":"https:\/\/www.editorialjuventud.es\/coleccion\/albumes-ilustrados\/"},{"@type":"ListItem","position":5,"name":"Convivencia y Multiculturalidad","item":"https:\/\/www.editorialjuventud.es\/coleccion\/convivencia-y-multiculturalidad\/"},{"@type":"ListItem","position":6,"name":"Malala\/Iqbal"}]},{"@type":"WebSite","@id":"https:\/\/www.editorialjuventud.es\/#website","url":"https:\/\/www.editorialjuventud.es\/","name":"Editorial Juventud","description":"","potentialAction":[{"@type":"SearchAction","target":{"@type":"EntryPoint","urlTemplate":"https:\/\/www.editorialjuventud.es\/?s={search_term_string}"},"query-input":{"@type":"PropertyValueSpecification","valueRequired":true,"valueName":"search_term_string"}}],"inLanguage":"ca"}]}},"_links":{"self":[{"href":"https:\/\/www.editorialjuventud.es\/ca\/wp-json\/wp\/v2\/product\/6046","targetHints":{"allow":["GET"]}}],"collection":[{"href":"https:\/\/www.editorialjuventud.es\/ca\/wp-json\/wp\/v2\/product"}],"about":[{"href":"https:\/\/www.editorialjuventud.es\/ca\/wp-json\/wp\/v2\/types\/product"}],"wp:featuredmedia":[{"embeddable":true,"href":"https:\/\/www.editorialjuventud.es\/ca\/wp-json\/wp\/v2\/media\/17048"}],"wp:attachment":[{"href":"https:\/\/www.editorialjuventud.es\/ca\/wp-json\/wp\/v2\/media?parent=6046"}],"wp:term":[{"taxonomy":"product_brand","embeddable":true,"href":"https:\/\/www.editorialjuventud.es\/ca\/wp-json\/wp\/v2\/product_brand?post=6046"},{"taxonomy":"product_cat","embeddable":true,"href":"https:\/\/www.editorialjuventud.es\/ca\/wp-json\/wp\/v2\/product_cat?post=6046"},{"taxonomy":"product_tag","embeddable":true,"href":"https:\/\/www.editorialjuventud.es\/ca\/wp-json\/wp\/v2\/product_tag?post=6046"},{"taxonomy":"coleccion","embeddable":true,"href":"https:\/\/www.editorialjuventud.es\/ca\/wp-json\/wp\/v2\/coleccion?post=6046"}],"curies":[{"name":"wp","href":"https:\/\/api.w.org\/{rel}","templated":true}]}}