{"id":6044,"date":"2018-08-24T11:48:36","date_gmt":"2018-08-24T09:48:36","guid":{"rendered":"http:\/\/www.editorialjuventud.es\/el-capita-jan-i-els-pirates\/"},"modified":"2025-01-22T13:15:46","modified_gmt":"2025-01-22T12:15:46","slug":"el-capita-jan-i-els-pirates-9788426141842","status":"publish","type":"product","link":"https:\/\/www.editorialjuventud.es\/ca\/el-capita-jan-i-els-pirates-9788426141842\/","title":{"rendered":"El Capit\u00e0 Jan i els Pirates"},"content":{"rendered":"<p>De l&#8217;autor de El rei Jan i el Drac arriba aquesta nova hist\u00f2ria d&#8217;en Jan, en Biel i en Marc. Gr\u00e0cies a les meravelloses il\u00b7lustracions de la Helen Oxenbury, podem endinsar-nos en la imaginaci\u00f3 d&#8217;aquests tres nens, qui fan que un dia de platja en fam\u00edlia es converteixi en una aventura pirata plena de diversi\u00f3. Tot comen\u00e7a quan tres mariners del bo i millor construeixen vora mar un gali\u00f3&#8230;<\/p>\n","protected":false},"excerpt":{"rendered":"De l&#8217;autor de El rei Jan i el Drac arriba aquesta nova hist\u00f2ria d&#8217;en Jan, en Biel i en Marc. Gr\u00e0cies a les meravelloses il\u00b7lustracions de la Helen Oxenbury, podem endinsar-nos en la imaginaci\u00f3 d&#8217;aquests tres nens, qui fan que [&hellip;]","protected":false},"featured_media":12533,"template":"","meta":{"_acf_changed":false,"_exactmetrics_skip_tracking":false,"_exactmetrics_sitenote_active":false,"_exactmetrics_sitenote_note":"","_exactmetrics_sitenote_category":0},"product_brand":[],"product_cat":[899,1121,1142,1143,1128],"product_tag":[],"coleccion":[915,951],"class_list":{"0":"post-6044","1":"product","2":"type-product","3":"status-publish","4":"has-post-thumbnail","6":"product_cat-a-partir-de-3-anos","7":"product_cat-albumes-ilustrados","8":"product_cat-aventura","9":"product_cat-barcos","10":"product_cat-tematica","11":"coleccion-catala","12":"coleccion-els-meus-primers-contes","14":"first","15":"instock","16":"taxable","17":"shipping-taxable","18":"purchasable","19":"product-type-simple"},"acf":{"autor":"Bently, Peter","codart":"4184","ediciones":"2","encuadernacion":"Carton\u00e9","fecha_de_publicacion":"03\/06\/2015","novedad":"0","paginas":"32","subtitulo":"","texto_web_adicional":"","texto_web_novedad":"","orden":"999","portada":"0","texto_web_resaltado":"","indice":"","autores-libros":[16223],"ilustradores-libros":[16533],"traductores-libros":[17928],"descripcion_corta":"","recomendamos":"","mas_vendido":"","idioma-libro":"","color":false,"formato":"","mas_informacion_del_producto":false,"premios":false,"texto_enlace_cubierta":"","enlace_cubierta":{"ID":24294,"id":24294,"title":"cover-4184","filename":"cover-4184.jpg","filesize":23866,"url":"https:\/\/www.editorialjuventud.es\/wp-content\/uploads\/cover-4184.jpg","link":"https:\/\/www.editorialjuventud.es\/ca\/?attachment_id=24294","alt":"","author":"47","description":"","caption":"","name":"cover-4184","status":"inherit","uploaded_to":6044,"date":"2019-04-16 07:44:33","modified":"2019-04-16 07:44:33","menu_order":0,"mime_type":"image\/jpeg","type":"image","subtype":"jpeg","icon":"https:\/\/www.editorialjuventud.es\/wp-includes\/images\/media\/default.png","width":360,"height":450,"sizes":{"thumbnail":"https:\/\/www.editorialjuventud.es\/wp-content\/uploads\/cover-4184-200x200.jpg","thumbnail-width":200,"thumbnail-height":200,"medium":"https:\/\/www.editorialjuventud.es\/wp-content\/uploads\/cover-4184.jpg","medium-width":360,"medium-height":450,"medium_large":"https:\/\/www.editorialjuventud.es\/wp-content\/uploads\/cover-4184.jpg","medium_large-width":360,"medium_large-height":450,"large":"https:\/\/www.editorialjuventud.es\/wp-content\/uploads\/cover-4184.jpg","large-width":360,"large-height":450,"1536x1536":"https:\/\/www.editorialjuventud.es\/wp-content\/uploads\/cover-4184.jpg","1536x1536-width":360,"1536x1536-height":450,"2048x2048":"https:\/\/www.editorialjuventud.es\/wp-content\/uploads\/cover-4184.jpg","2048x2048-width":360,"2048x2048-height":450,"woocommerce_thumbnail":"https:\/\/www.editorialjuventud.es\/wp-content\/uploads\/cover-4184-350x438.jpg","woocommerce_thumbnail-width":350,"woocommerce_thumbnail-height":438,"woocommerce_single":"https:\/\/www.editorialjuventud.es\/wp-content\/uploads\/cover-4184.jpg","woocommerce_single-width":360,"woocommerce_single-height":450,"woocommerce_gallery_thumbnail":"https:\/\/www.editorialjuventud.es\/wp-content\/uploads\/cover-4184-100x100.jpg","woocommerce_gallery_thumbnail-width":100,"woocommerce_gallery_thumbnail-height":100,"ppec_logo_image_size":"https:\/\/www.editorialjuventud.es\/wp-content\/uploads\/cover-4184.jpg","ppec_logo_image_size-width":48,"ppec_logo_image_size-height":60,"ppec_header_image_size":"https:\/\/www.editorialjuventud.es\/wp-content\/uploads\/cover-4184.jpg","ppec_header_image_size-width":72,"ppec_header_image_size-height":90}},"texto_enlace_ficha_tecnica":"","enlace_ficha_tecnica":false,"ficheros":false,"titulo-fr":"","texto-fr":""},"yoast_head":"<!-- This site is optimized with the Yoast SEO plugin v27.5 - https:\/\/yoast.com\/product\/yoast-seo-wordpress\/ -->\n<title>El Capit\u00e0 Jan i els Pirates - Editorial Juventud<\/title>\n<meta name=\"description\" content=\"De l&#039;autor de El rei Jan i el Drac arriba aquesta nova hist\u00f2ria d&#039;en Jan, en Biel i en Marc. Gr\u00e0cies a les meravelloses il\u00b7lustracions de la Helen\" \/>\n<meta name=\"robots\" content=\"index, follow, max-snippet:-1, max-image-preview:large, max-video-preview:-1\" \/>\n<link rel=\"canonical\" href=\"https:\/\/www.editorialjuventud.es\/el-capita-jan-i-els-pirates-9788426141842\/\" \/>\n<meta property=\"og:locale\" content=\"ca_ES\" \/>\n<meta property=\"og:type\" content=\"article\" \/>\n<meta property=\"og:title\" content=\"El Capit\u00e0 Jan i els Pirates - Editorial Juventud\" \/>\n<meta property=\"og:description\" content=\"De l&#039;autor de El rei Jan i el Drac arriba aquesta nova hist\u00f2ria d&#039;en Jan, en Biel i en Marc. Gr\u00e0cies a les meravelloses il\u00b7lustracions de la Helen\" \/>\n<meta property=\"og:url\" content=\"https:\/\/www.editorialjuventud.es\/el-capita-jan-i-els-pirates-9788426141842\/\" \/>\n<meta property=\"og:site_name\" content=\"Editorial Juventud\" \/>\n<meta property=\"article:modified_time\" content=\"2025-01-22T12:15:46+00:00\" \/>\n<meta property=\"og:image\" content=\"https:\/\/www.editorialjuventud.es\/wp-content\/uploads\/4184.jpg\" \/>\n\t<meta property=\"og:image:width\" content=\"360\" \/>\n\t<meta property=\"og:image:height\" content=\"450\" \/>\n\t<meta property=\"og:image:type\" content=\"image\/jpeg\" \/>\n<meta name=\"twitter:card\" content=\"summary_large_image\" \/>\n<script type=\"application\/ld+json\" class=\"yoast-schema-graph\">{\"@context\":\"https:\\\/\\\/schema.org\",\"@graph\":[{\"@type\":\"WebPage\",\"@id\":\"https:\\\/\\\/www.editorialjuventud.es\\\/el-capita-jan-i-els-pirates-9788426141842\\\/\",\"url\":\"https:\\\/\\\/www.editorialjuventud.es\\\/el-capita-jan-i-els-pirates-9788426141842\\\/\",\"name\":\"El Capit\u00e0 Jan i els Pirates - Editorial Juventud\",\"isPartOf\":{\"@id\":\"https:\\\/\\\/www.editorialjuventud.es\\\/#website\"},\"primaryImageOfPage\":{\"@id\":\"https:\\\/\\\/www.editorialjuventud.es\\\/el-capita-jan-i-els-pirates-9788426141842\\\/#primaryimage\"},\"image\":{\"@id\":\"https:\\\/\\\/www.editorialjuventud.es\\\/el-capita-jan-i-els-pirates-9788426141842\\\/#primaryimage\"},\"thumbnailUrl\":\"https:\\\/\\\/www.editorialjuventud.es\\\/wp-content\\\/uploads\\\/4184.jpg\",\"datePublished\":\"2018-08-24T09:48:36+00:00\",\"dateModified\":\"2025-01-22T12:15:46+00:00\",\"description\":\"De l'autor de El rei Jan i el Drac arriba aquesta nova hist\u00f2ria d'en Jan, en Biel i en Marc. Gr\u00e0cies a les meravelloses il\u00b7lustracions de la Helen\",\"breadcrumb\":{\"@id\":\"https:\\\/\\\/www.editorialjuventud.es\\\/el-capita-jan-i-els-pirates-9788426141842\\\/#breadcrumb\"},\"inLanguage\":\"ca\",\"potentialAction\":[{\"@type\":\"ReadAction\",\"target\":[\"https:\\\/\\\/www.editorialjuventud.es\\\/el-capita-jan-i-els-pirates-9788426141842\\\/\"]}]},{\"@type\":\"ImageObject\",\"inLanguage\":\"ca\",\"@id\":\"https:\\\/\\\/www.editorialjuventud.es\\\/el-capita-jan-i-els-pirates-9788426141842\\\/#primaryimage\",\"url\":\"https:\\\/\\\/www.editorialjuventud.es\\\/wp-content\\\/uploads\\\/4184.jpg\",\"contentUrl\":\"https:\\\/\\\/www.editorialjuventud.es\\\/wp-content\\\/uploads\\\/4184.jpg\",\"width\":360,\"height\":450,\"caption\":\"4184.jpg\"},{\"@type\":\"BreadcrumbList\",\"@id\":\"https:\\\/\\\/www.editorialjuventud.es\\\/el-capita-jan-i-els-pirates-9788426141842\\\/#breadcrumb\",\"itemListElement\":[{\"@type\":\"ListItem\",\"position\":1,\"name\":\"Portada\",\"item\":\"https:\\\/\\\/www.editorialjuventud.es\\\/\"},{\"@type\":\"ListItem\",\"position\":2,\"name\":\"cat\u00e1logo\",\"item\":\"https:\\\/\\\/www.editorialjuventud.es\\\/coleccion\\\/catalogo\\\/\"},{\"@type\":\"ListItem\",\"position\":3,\"name\":\"catal\u00e0\",\"item\":\"https:\\\/\\\/www.editorialjuventud.es\\\/coleccion\\\/catala\\\/\"},{\"@type\":\"ListItem\",\"position\":4,\"name\":\"\u00c0lbums Il\u00b7lustrats\",\"item\":\"https:\\\/\\\/www.editorialjuventud.es\\\/coleccion\\\/albums-il%c2%b7lustrats\\\/\"},{\"@type\":\"ListItem\",\"position\":5,\"name\":\"Els Meus Primers Contes\",\"item\":\"https:\\\/\\\/www.editorialjuventud.es\\\/coleccion\\\/els-meus-primers-contes\\\/\"},{\"@type\":\"ListItem\",\"position\":6,\"name\":\"El Capit\u00e0 Jan i els Pirates\"}]},{\"@type\":\"WebSite\",\"@id\":\"https:\\\/\\\/www.editorialjuventud.es\\\/#website\",\"url\":\"https:\\\/\\\/www.editorialjuventud.es\\\/\",\"name\":\"Editorial Juventud\",\"description\":\"\",\"potentialAction\":[{\"@type\":\"SearchAction\",\"target\":{\"@type\":\"EntryPoint\",\"urlTemplate\":\"https:\\\/\\\/www.editorialjuventud.es\\\/?s={search_term_string}\"},\"query-input\":{\"@type\":\"PropertyValueSpecification\",\"valueRequired\":true,\"valueName\":\"search_term_string\"}}],\"inLanguage\":\"ca\"}]}<\/script>\n<!-- \/ Yoast SEO plugin. -->","yoast_head_json":{"title":"El Capit\u00e0 Jan i els Pirates - Editorial Juventud","description":"De l'autor de El rei Jan i el Drac arriba aquesta nova hist\u00f2ria d'en Jan, en Biel i en Marc. Gr\u00e0cies a les meravelloses il\u00b7lustracions de la Helen","robots":{"index":"index","follow":"follow","max-snippet":"max-snippet:-1","max-image-preview":"max-image-preview:large","max-video-preview":"max-video-preview:-1"},"canonical":"https:\/\/www.editorialjuventud.es\/el-capita-jan-i-els-pirates-9788426141842\/","og_locale":"ca_ES","og_type":"article","og_title":"El Capit\u00e0 Jan i els Pirates - Editorial Juventud","og_description":"De l'autor de El rei Jan i el Drac arriba aquesta nova hist\u00f2ria d'en Jan, en Biel i en Marc. Gr\u00e0cies a les meravelloses il\u00b7lustracions de la Helen","og_url":"https:\/\/www.editorialjuventud.es\/el-capita-jan-i-els-pirates-9788426141842\/","og_site_name":"Editorial Juventud","article_modified_time":"2025-01-22T12:15:46+00:00","og_image":[{"width":360,"height":450,"url":"https:\/\/www.editorialjuventud.es\/wp-content\/uploads\/4184.jpg","type":"image\/jpeg"}],"twitter_card":"summary_large_image","schema":{"@context":"https:\/\/schema.org","@graph":[{"@type":"WebPage","@id":"https:\/\/www.editorialjuventud.es\/el-capita-jan-i-els-pirates-9788426141842\/","url":"https:\/\/www.editorialjuventud.es\/el-capita-jan-i-els-pirates-9788426141842\/","name":"El Capit\u00e0 Jan i els Pirates - Editorial Juventud","isPartOf":{"@id":"https:\/\/www.editorialjuventud.es\/#website"},"primaryImageOfPage":{"@id":"https:\/\/www.editorialjuventud.es\/el-capita-jan-i-els-pirates-9788426141842\/#primaryimage"},"image":{"@id":"https:\/\/www.editorialjuventud.es\/el-capita-jan-i-els-pirates-9788426141842\/#primaryimage"},"thumbnailUrl":"https:\/\/www.editorialjuventud.es\/wp-content\/uploads\/4184.jpg","datePublished":"2018-08-24T09:48:36+00:00","dateModified":"2025-01-22T12:15:46+00:00","description":"De l'autor de El rei Jan i el Drac arriba aquesta nova hist\u00f2ria d'en Jan, en Biel i en Marc. Gr\u00e0cies a les meravelloses il\u00b7lustracions de la Helen","breadcrumb":{"@id":"https:\/\/www.editorialjuventud.es\/el-capita-jan-i-els-pirates-9788426141842\/#breadcrumb"},"inLanguage":"ca","potentialAction":[{"@type":"ReadAction","target":["https:\/\/www.editorialjuventud.es\/el-capita-jan-i-els-pirates-9788426141842\/"]}]},{"@type":"ImageObject","inLanguage":"ca","@id":"https:\/\/www.editorialjuventud.es\/el-capita-jan-i-els-pirates-9788426141842\/#primaryimage","url":"https:\/\/www.editorialjuventud.es\/wp-content\/uploads\/4184.jpg","contentUrl":"https:\/\/www.editorialjuventud.es\/wp-content\/uploads\/4184.jpg","width":360,"height":450,"caption":"4184.jpg"},{"@type":"BreadcrumbList","@id":"https:\/\/www.editorialjuventud.es\/el-capita-jan-i-els-pirates-9788426141842\/#breadcrumb","itemListElement":[{"@type":"ListItem","position":1,"name":"Portada","item":"https:\/\/www.editorialjuventud.es\/"},{"@type":"ListItem","position":2,"name":"cat\u00e1logo","item":"https:\/\/www.editorialjuventud.es\/coleccion\/catalogo\/"},{"@type":"ListItem","position":3,"name":"catal\u00e0","item":"https:\/\/www.editorialjuventud.es\/coleccion\/catala\/"},{"@type":"ListItem","position":4,"name":"\u00c0lbums Il\u00b7lustrats","item":"https:\/\/www.editorialjuventud.es\/coleccion\/albums-il%c2%b7lustrats\/"},{"@type":"ListItem","position":5,"name":"Els Meus Primers Contes","item":"https:\/\/www.editorialjuventud.es\/coleccion\/els-meus-primers-contes\/"},{"@type":"ListItem","position":6,"name":"El Capit\u00e0 Jan i els Pirates"}]},{"@type":"WebSite","@id":"https:\/\/www.editorialjuventud.es\/#website","url":"https:\/\/www.editorialjuventud.es\/","name":"Editorial Juventud","description":"","potentialAction":[{"@type":"SearchAction","target":{"@type":"EntryPoint","urlTemplate":"https:\/\/www.editorialjuventud.es\/?s={search_term_string}"},"query-input":{"@type":"PropertyValueSpecification","valueRequired":true,"valueName":"search_term_string"}}],"inLanguage":"ca"}]}},"_links":{"self":[{"href":"https:\/\/www.editorialjuventud.es\/ca\/wp-json\/wp\/v2\/product\/6044","targetHints":{"allow":["GET"]}}],"collection":[{"href":"https:\/\/www.editorialjuventud.es\/ca\/wp-json\/wp\/v2\/product"}],"about":[{"href":"https:\/\/www.editorialjuventud.es\/ca\/wp-json\/wp\/v2\/types\/product"}],"wp:featuredmedia":[{"embeddable":true,"href":"https:\/\/www.editorialjuventud.es\/ca\/wp-json\/wp\/v2\/media\/12533"}],"wp:attachment":[{"href":"https:\/\/www.editorialjuventud.es\/ca\/wp-json\/wp\/v2\/media?parent=6044"}],"wp:term":[{"taxonomy":"product_brand","embeddable":true,"href":"https:\/\/www.editorialjuventud.es\/ca\/wp-json\/wp\/v2\/product_brand?post=6044"},{"taxonomy":"product_cat","embeddable":true,"href":"https:\/\/www.editorialjuventud.es\/ca\/wp-json\/wp\/v2\/product_cat?post=6044"},{"taxonomy":"product_tag","embeddable":true,"href":"https:\/\/www.editorialjuventud.es\/ca\/wp-json\/wp\/v2\/product_tag?post=6044"},{"taxonomy":"coleccion","embeddable":true,"href":"https:\/\/www.editorialjuventud.es\/ca\/wp-json\/wp\/v2\/coleccion?post=6044"}],"curies":[{"name":"wp","href":"https:\/\/api.w.org\/{rel}","templated":true}]}}