{"id":6043,"date":"2018-08-24T13:48:32","date_gmt":"2018-08-24T09:48:32","guid":{"rendered":"http:\/\/www.editorialjuventud.es\/el-capitan-hugo-y-los-piratas\/"},"modified":"2025-01-22T13:15:40","modified_gmt":"2025-01-22T12:15:40","slug":"el-capitan-hugo-y-los-piratas-9788426141835","status":"publish","type":"product","link":"https:\/\/www.editorialjuventud.es\/ca\/el-capitan-hugo-y-los-piratas-9788426141835\/","title":{"rendered":"El Capit\u00e1n Hugo y los Piratas"},"content":{"rendered":"<p>Del autor de El rey Hugo y el Drag\u00f3n nos llega esta nueva historia de Hugo, Iv\u00e1n y Marcos. Gracias a las maravillosas ilustraciones de Helen Oxenbury, podemos adentrarnos en la imaginaci\u00f3n de estos tres ni\u00f1os, quienes hacen que un d\u00eda de playa con la familia, se convierta en una divertida aventura pirata. Todo empieza cuando tres valientes marineros construyen un barco para hacerse a la mar&#8230;<\/p>\n","protected":false},"excerpt":{"rendered":"Del autor de El rey Hugo y el Drag\u00f3n nos llega esta nueva historia de Hugo, Iv\u00e1n y Marcos. Gracias a las maravillosas ilustraciones de Helen Oxenbury, podemos adentrarnos en la imaginaci\u00f3n de estos tres ni\u00f1os, quienes hacen que un [&hellip;]","protected":false},"featured_media":12535,"template":"","meta":{"_acf_changed":false,"_exactmetrics_skip_tracking":false,"_exactmetrics_sitenote_active":false,"_exactmetrics_sitenote_note":"","_exactmetrics_sitenote_category":0},"product_brand":[],"product_cat":[899,1121,1142,1143],"product_tag":[],"coleccion":[997],"class_list":{"0":"post-6043","1":"product","2":"type-product","3":"status-publish","4":"has-post-thumbnail","6":"product_cat-a-partir-de-3-anos","7":"product_cat-albumes-ilustrados","8":"product_cat-aventura","9":"product_cat-barcos","10":"coleccion-mis-primeros-cuentos","12":"first","13":"instock","14":"taxable","15":"shipping-taxable","16":"purchasable","17":"product-type-simple"},"acf":{"autor":"Bently - Oxenbury","codart":"4183","ediciones":"2","encuadernacion":"Carton\u00e9","fecha_de_publicacion":"03\/06\/2015","novedad":"0","paginas":"32","subtitulo":"","texto_web_adicional":"","texto_web_novedad":"","orden":"999","portada":"0","texto_web_resaltado":"","indice":"","autores-libros":[16223],"ilustradores-libros":[16533],"traductores-libros":[58416],"descripcion_corta":"","recomendamos":"","mas_vendido":"","idioma-libro":"","color":false,"formato":"","mas_informacion_del_producto":false,"premios":false,"texto_enlace_cubierta":"","enlace_cubierta":{"ID":24097,"id":24097,"title":"cover-4183","filename":"cover-4183.jpg","filesize":23283,"url":"https:\/\/www.editorialjuventud.es\/wp-content\/uploads\/cover-4183.jpg","link":"https:\/\/www.editorialjuventud.es\/ca\/?attachment_id=24097","alt":"","author":"47","description":"","caption":"","name":"cover-4183","status":"inherit","uploaded_to":6043,"date":"2019-04-15 11:43:52","modified":"2019-04-15 11:43:52","menu_order":0,"mime_type":"image\/jpeg","type":"image","subtype":"jpeg","icon":"https:\/\/www.editorialjuventud.es\/wp-includes\/images\/media\/default.png","width":355,"height":450,"sizes":{"thumbnail":"https:\/\/www.editorialjuventud.es\/wp-content\/uploads\/cover-4183-200x200.jpg","thumbnail-width":200,"thumbnail-height":200,"medium":"https:\/\/www.editorialjuventud.es\/wp-content\/uploads\/cover-4183.jpg","medium-width":355,"medium-height":450,"medium_large":"https:\/\/www.editorialjuventud.es\/wp-content\/uploads\/cover-4183.jpg","medium_large-width":355,"medium_large-height":450,"large":"https:\/\/www.editorialjuventud.es\/wp-content\/uploads\/cover-4183.jpg","large-width":355,"large-height":450,"1536x1536":"https:\/\/www.editorialjuventud.es\/wp-content\/uploads\/cover-4183.jpg","1536x1536-width":355,"1536x1536-height":450,"2048x2048":"https:\/\/www.editorialjuventud.es\/wp-content\/uploads\/cover-4183.jpg","2048x2048-width":355,"2048x2048-height":450,"woocommerce_thumbnail":"https:\/\/www.editorialjuventud.es\/wp-content\/uploads\/cover-4183-350x444.jpg","woocommerce_thumbnail-width":350,"woocommerce_thumbnail-height":444,"woocommerce_single":"https:\/\/www.editorialjuventud.es\/wp-content\/uploads\/cover-4183.jpg","woocommerce_single-width":355,"woocommerce_single-height":450,"woocommerce_gallery_thumbnail":"https:\/\/www.editorialjuventud.es\/wp-content\/uploads\/cover-4183-100x100.jpg","woocommerce_gallery_thumbnail-width":100,"woocommerce_gallery_thumbnail-height":100,"ppec_logo_image_size":"https:\/\/www.editorialjuventud.es\/wp-content\/uploads\/cover-4183.jpg","ppec_logo_image_size-width":47,"ppec_logo_image_size-height":60,"ppec_header_image_size":"https:\/\/www.editorialjuventud.es\/wp-content\/uploads\/cover-4183.jpg","ppec_header_image_size-width":71,"ppec_header_image_size-height":90}},"texto_enlace_ficha_tecnica":"","enlace_ficha_tecnica":{"ID":24099,"id":24099,"title":"ficha-El Capit\u00e1n Hugo y los Piratas","filename":"ficha-El-Capit\u00e1n-Hugo-y-los-Piratas.pdf","filesize":200394,"url":"https:\/\/www.editorialjuventud.es\/wp-content\/uploads\/ficha-El-Capit\u00e1n-Hugo-y-los-Piratas.pdf","link":"https:\/\/www.editorialjuventud.es\/ca\/?attachment_id=24099","alt":"","author":"47","description":"","caption":"","name":"ficha-el-capitan-hugo-y-los-piratas","status":"inherit","uploaded_to":6043,"date":"2019-04-15 11:44:09","modified":"2019-04-15 11:44:09","menu_order":0,"mime_type":"application\/pdf","type":"application","subtype":"pdf","icon":"https:\/\/www.editorialjuventud.es\/wp-includes\/images\/media\/document.png"},"ficheros":false,"titulo-fr":"","texto-fr":"","fecha_de_reimpresion":"01\/12\/2018","deshabilitar_compra":["deshabilitar"]},"yoast_head":"<!-- This site is optimized with the Yoast SEO plugin v27.5 - https:\/\/yoast.com\/product\/yoast-seo-wordpress\/ -->\n<title>El Capit\u00e1n Hugo y los Piratas - Editorial Juventud<\/title>\n<meta name=\"description\" content=\"Del autor de El rey Hugo y el Drag\u00f3n nos llega esta nueva historia de Hugo, Iv\u00e1n y Marcos. Gracias a las maravillosas ilustraciones de Helen Oxenbury,\" \/>\n<meta name=\"robots\" content=\"index, follow, max-snippet:-1, max-image-preview:large, max-video-preview:-1\" \/>\n<link rel=\"canonical\" href=\"https:\/\/www.editorialjuventud.es\/el-capitan-hugo-y-los-piratas-9788426141835\/\" \/>\n<meta property=\"og:locale\" content=\"ca_ES\" \/>\n<meta property=\"og:type\" content=\"article\" \/>\n<meta property=\"og:title\" content=\"El Capit\u00e1n Hugo y los Piratas - Editorial Juventud\" \/>\n<meta property=\"og:description\" content=\"Del autor de El rey Hugo y el Drag\u00f3n nos llega esta nueva historia de Hugo, Iv\u00e1n y Marcos. Gracias a las maravillosas ilustraciones de Helen Oxenbury,\" \/>\n<meta property=\"og:url\" content=\"https:\/\/www.editorialjuventud.es\/el-capitan-hugo-y-los-piratas-9788426141835\/\" \/>\n<meta property=\"og:site_name\" content=\"Editorial Juventud\" \/>\n<meta property=\"article:modified_time\" content=\"2025-01-22T12:15:40+00:00\" \/>\n<meta property=\"og:image\" content=\"https:\/\/www.editorialjuventud.es\/wp-content\/uploads\/4183.jpg\" \/>\n\t<meta property=\"og:image:width\" content=\"355\" \/>\n\t<meta property=\"og:image:height\" content=\"450\" \/>\n\t<meta property=\"og:image:type\" content=\"image\/jpeg\" \/>\n<meta name=\"twitter:card\" content=\"summary_large_image\" \/>\n<meta name=\"twitter:label1\" content=\"Temps estimat de lectura\" \/>\n\t<meta name=\"twitter:data1\" content=\"1 minut\" \/>\n<script type=\"application\/ld+json\" class=\"yoast-schema-graph\">{\"@context\":\"https:\\\/\\\/schema.org\",\"@graph\":[{\"@type\":\"WebPage\",\"@id\":\"https:\\\/\\\/www.editorialjuventud.es\\\/el-capitan-hugo-y-los-piratas-9788426141835\\\/\",\"url\":\"https:\\\/\\\/www.editorialjuventud.es\\\/el-capitan-hugo-y-los-piratas-9788426141835\\\/\",\"name\":\"El Capit\u00e1n Hugo y los Piratas - Editorial Juventud\",\"isPartOf\":{\"@id\":\"https:\\\/\\\/www.editorialjuventud.es\\\/#website\"},\"primaryImageOfPage\":{\"@id\":\"https:\\\/\\\/www.editorialjuventud.es\\\/el-capitan-hugo-y-los-piratas-9788426141835\\\/#primaryimage\"},\"image\":{\"@id\":\"https:\\\/\\\/www.editorialjuventud.es\\\/el-capitan-hugo-y-los-piratas-9788426141835\\\/#primaryimage\"},\"thumbnailUrl\":\"https:\\\/\\\/www.editorialjuventud.es\\\/wp-content\\\/uploads\\\/4183.jpg\",\"datePublished\":\"2018-08-24T09:48:32+00:00\",\"dateModified\":\"2025-01-22T12:15:40+00:00\",\"description\":\"Del autor de El rey Hugo y el Drag\u00f3n nos llega esta nueva historia de Hugo, Iv\u00e1n y Marcos. Gracias a las maravillosas ilustraciones de Helen Oxenbury,\",\"breadcrumb\":{\"@id\":\"https:\\\/\\\/www.editorialjuventud.es\\\/el-capitan-hugo-y-los-piratas-9788426141835\\\/#breadcrumb\"},\"inLanguage\":\"ca\",\"potentialAction\":[{\"@type\":\"ReadAction\",\"target\":[\"https:\\\/\\\/www.editorialjuventud.es\\\/el-capitan-hugo-y-los-piratas-9788426141835\\\/\"]}]},{\"@type\":\"ImageObject\",\"inLanguage\":\"ca\",\"@id\":\"https:\\\/\\\/www.editorialjuventud.es\\\/el-capitan-hugo-y-los-piratas-9788426141835\\\/#primaryimage\",\"url\":\"https:\\\/\\\/www.editorialjuventud.es\\\/wp-content\\\/uploads\\\/4183.jpg\",\"contentUrl\":\"https:\\\/\\\/www.editorialjuventud.es\\\/wp-content\\\/uploads\\\/4183.jpg\",\"width\":355,\"height\":450,\"caption\":\"4183.jpg\"},{\"@type\":\"BreadcrumbList\",\"@id\":\"https:\\\/\\\/www.editorialjuventud.es\\\/el-capitan-hugo-y-los-piratas-9788426141835\\\/#breadcrumb\",\"itemListElement\":[{\"@type\":\"ListItem\",\"position\":1,\"name\":\"Portada\",\"item\":\"https:\\\/\\\/www.editorialjuventud.es\\\/\"},{\"@type\":\"ListItem\",\"position\":2,\"name\":\"cat\u00e1logo\",\"item\":\"https:\\\/\\\/www.editorialjuventud.es\\\/coleccion\\\/catalogo\\\/\"},{\"@type\":\"ListItem\",\"position\":3,\"name\":\"castellano\",\"item\":\"https:\\\/\\\/www.editorialjuventud.es\\\/coleccion\\\/castellano\\\/\"},{\"@type\":\"ListItem\",\"position\":4,\"name\":\"\u00c1lbumes Ilustrados\",\"item\":\"https:\\\/\\\/www.editorialjuventud.es\\\/coleccion\\\/albumes-ilustrados\\\/\"},{\"@type\":\"ListItem\",\"position\":5,\"name\":\"Mis Primeros Cuentos\",\"item\":\"https:\\\/\\\/www.editorialjuventud.es\\\/coleccion\\\/mis-primeros-cuentos\\\/\"},{\"@type\":\"ListItem\",\"position\":6,\"name\":\"El Capit\u00e1n Hugo y los Piratas\"}]},{\"@type\":\"WebSite\",\"@id\":\"https:\\\/\\\/www.editorialjuventud.es\\\/#website\",\"url\":\"https:\\\/\\\/www.editorialjuventud.es\\\/\",\"name\":\"Editorial Juventud\",\"description\":\"\",\"potentialAction\":[{\"@type\":\"SearchAction\",\"target\":{\"@type\":\"EntryPoint\",\"urlTemplate\":\"https:\\\/\\\/www.editorialjuventud.es\\\/?s={search_term_string}\"},\"query-input\":{\"@type\":\"PropertyValueSpecification\",\"valueRequired\":true,\"valueName\":\"search_term_string\"}}],\"inLanguage\":\"ca\"}]}<\/script>\n<!-- \/ Yoast SEO plugin. -->","yoast_head_json":{"title":"El Capit\u00e1n Hugo y los Piratas - Editorial Juventud","description":"Del autor de El rey Hugo y el Drag\u00f3n nos llega esta nueva historia de Hugo, Iv\u00e1n y Marcos. Gracias a las maravillosas ilustraciones de Helen Oxenbury,","robots":{"index":"index","follow":"follow","max-snippet":"max-snippet:-1","max-image-preview":"max-image-preview:large","max-video-preview":"max-video-preview:-1"},"canonical":"https:\/\/www.editorialjuventud.es\/el-capitan-hugo-y-los-piratas-9788426141835\/","og_locale":"ca_ES","og_type":"article","og_title":"El Capit\u00e1n Hugo y los Piratas - Editorial Juventud","og_description":"Del autor de El rey Hugo y el Drag\u00f3n nos llega esta nueva historia de Hugo, Iv\u00e1n y Marcos. Gracias a las maravillosas ilustraciones de Helen Oxenbury,","og_url":"https:\/\/www.editorialjuventud.es\/el-capitan-hugo-y-los-piratas-9788426141835\/","og_site_name":"Editorial Juventud","article_modified_time":"2025-01-22T12:15:40+00:00","og_image":[{"width":355,"height":450,"url":"https:\/\/www.editorialjuventud.es\/wp-content\/uploads\/4183.jpg","type":"image\/jpeg"}],"twitter_card":"summary_large_image","twitter_misc":{"Temps estimat de lectura":"1 minut"},"schema":{"@context":"https:\/\/schema.org","@graph":[{"@type":"WebPage","@id":"https:\/\/www.editorialjuventud.es\/el-capitan-hugo-y-los-piratas-9788426141835\/","url":"https:\/\/www.editorialjuventud.es\/el-capitan-hugo-y-los-piratas-9788426141835\/","name":"El Capit\u00e1n Hugo y los Piratas - Editorial Juventud","isPartOf":{"@id":"https:\/\/www.editorialjuventud.es\/#website"},"primaryImageOfPage":{"@id":"https:\/\/www.editorialjuventud.es\/el-capitan-hugo-y-los-piratas-9788426141835\/#primaryimage"},"image":{"@id":"https:\/\/www.editorialjuventud.es\/el-capitan-hugo-y-los-piratas-9788426141835\/#primaryimage"},"thumbnailUrl":"https:\/\/www.editorialjuventud.es\/wp-content\/uploads\/4183.jpg","datePublished":"2018-08-24T09:48:32+00:00","dateModified":"2025-01-22T12:15:40+00:00","description":"Del autor de El rey Hugo y el Drag\u00f3n nos llega esta nueva historia de Hugo, Iv\u00e1n y Marcos. Gracias a las maravillosas ilustraciones de Helen Oxenbury,","breadcrumb":{"@id":"https:\/\/www.editorialjuventud.es\/el-capitan-hugo-y-los-piratas-9788426141835\/#breadcrumb"},"inLanguage":"ca","potentialAction":[{"@type":"ReadAction","target":["https:\/\/www.editorialjuventud.es\/el-capitan-hugo-y-los-piratas-9788426141835\/"]}]},{"@type":"ImageObject","inLanguage":"ca","@id":"https:\/\/www.editorialjuventud.es\/el-capitan-hugo-y-los-piratas-9788426141835\/#primaryimage","url":"https:\/\/www.editorialjuventud.es\/wp-content\/uploads\/4183.jpg","contentUrl":"https:\/\/www.editorialjuventud.es\/wp-content\/uploads\/4183.jpg","width":355,"height":450,"caption":"4183.jpg"},{"@type":"BreadcrumbList","@id":"https:\/\/www.editorialjuventud.es\/el-capitan-hugo-y-los-piratas-9788426141835\/#breadcrumb","itemListElement":[{"@type":"ListItem","position":1,"name":"Portada","item":"https:\/\/www.editorialjuventud.es\/"},{"@type":"ListItem","position":2,"name":"cat\u00e1logo","item":"https:\/\/www.editorialjuventud.es\/coleccion\/catalogo\/"},{"@type":"ListItem","position":3,"name":"castellano","item":"https:\/\/www.editorialjuventud.es\/coleccion\/castellano\/"},{"@type":"ListItem","position":4,"name":"\u00c1lbumes Ilustrados","item":"https:\/\/www.editorialjuventud.es\/coleccion\/albumes-ilustrados\/"},{"@type":"ListItem","position":5,"name":"Mis Primeros Cuentos","item":"https:\/\/www.editorialjuventud.es\/coleccion\/mis-primeros-cuentos\/"},{"@type":"ListItem","position":6,"name":"El Capit\u00e1n Hugo y los Piratas"}]},{"@type":"WebSite","@id":"https:\/\/www.editorialjuventud.es\/#website","url":"https:\/\/www.editorialjuventud.es\/","name":"Editorial Juventud","description":"","potentialAction":[{"@type":"SearchAction","target":{"@type":"EntryPoint","urlTemplate":"https:\/\/www.editorialjuventud.es\/?s={search_term_string}"},"query-input":{"@type":"PropertyValueSpecification","valueRequired":true,"valueName":"search_term_string"}}],"inLanguage":"ca"}]}},"_links":{"self":[{"href":"https:\/\/www.editorialjuventud.es\/ca\/wp-json\/wp\/v2\/product\/6043","targetHints":{"allow":["GET"]}}],"collection":[{"href":"https:\/\/www.editorialjuventud.es\/ca\/wp-json\/wp\/v2\/product"}],"about":[{"href":"https:\/\/www.editorialjuventud.es\/ca\/wp-json\/wp\/v2\/types\/product"}],"wp:featuredmedia":[{"embeddable":true,"href":"https:\/\/www.editorialjuventud.es\/ca\/wp-json\/wp\/v2\/media\/12535"}],"wp:attachment":[{"href":"https:\/\/www.editorialjuventud.es\/ca\/wp-json\/wp\/v2\/media?parent=6043"}],"wp:term":[{"taxonomy":"product_brand","embeddable":true,"href":"https:\/\/www.editorialjuventud.es\/ca\/wp-json\/wp\/v2\/product_brand?post=6043"},{"taxonomy":"product_cat","embeddable":true,"href":"https:\/\/www.editorialjuventud.es\/ca\/wp-json\/wp\/v2\/product_cat?post=6043"},{"taxonomy":"product_tag","embeddable":true,"href":"https:\/\/www.editorialjuventud.es\/ca\/wp-json\/wp\/v2\/product_tag?post=6043"},{"taxonomy":"coleccion","embeddable":true,"href":"https:\/\/www.editorialjuventud.es\/ca\/wp-json\/wp\/v2\/coleccion?post=6043"}],"curies":[{"name":"wp","href":"https:\/\/api.w.org\/{rel}","templated":true}]}}