{"id":6033,"date":"2018-08-24T11:47:44","date_gmt":"2018-08-24T09:47:44","guid":{"rendered":"http:\/\/www.editorialjuventud.es\/el-gran-libro-de-la-ecologia\/"},"modified":"2021-01-21T11:44:07","modified_gmt":"2021-01-21T10:44:07","slug":"el-gran-libro-de-la-ecologia-9788426141743","status":"publish","type":"product","link":"https:\/\/www.editorialjuventud.es\/ca\/el-gran-libro-de-la-ecologia-9788426141743\/","title":{"rendered":"El gran libro de la ecolog\u00eda"},"content":{"rendered":"<p>\u00bfTe gustar\u00eda poder hacer algo para salvar las especies en peligro de extinci\u00f3n, proteger los bosques y las plantas, y mantener nuestro aire y nuestra agua limpios y seguros? Entonces eres un ecologista en potencia: \u00a1Piensas en verde! Descubre en este \u00e1lbum de qu\u00e9 manera puedes contribuir a cuidar nuestro planeta para los ni\u00f1os del futuro: cierra los grifos, ahorra energ\u00eda, cultiva plantas para las abejas, reduce, reutiliza, recicla, y sobre todo \u00a1no dudes en preguntar!<\/p>\n","protected":false},"excerpt":{"rendered":"\u00bfTe gustar\u00eda poder hacer algo para salvar las especies en peligro de extinci\u00f3n, proteger los bosques y las plantas, y mantener nuestro aire y nuestra agua limpios y seguros? Entonces eres un ecologista en potencia: \u00a1Piensas en verde! Descubre en [&hellip;]","protected":false},"featured_media":12741,"template":"","meta":{"_acf_changed":false,"_exactmetrics_skip_tracking":false,"_exactmetrics_sitenote_active":false,"_exactmetrics_sitenote_note":"","_exactmetrics_sitenote_category":0},"product_brand":[],"product_cat":[900,1167,892,1115,1123,1218,1128],"product_tag":[],"coleccion":[928,916,987,1059],"class_list":{"0":"post-6033","1":"product","2":"type-product","3":"status-publish","4":"has-post-thumbnail","6":"product_cat-a-partir-de-5-anos","7":"product_cat-ecologia-medio-ambiente","8":"product_cat-edades","9":"product_cat-generos","10":"product_cat-libros-informativos-infantil","11":"product_cat-reciclaje","12":"product_cat-tematica","13":"coleccion-albumes-ilustrados","14":"coleccion-castellano","15":"coleccion-conocer-y-comprender","16":"coleccion-grandes-libros-de-mary-hofmann-y-ros-asquith","18":"first","19":"instock","20":"taxable","21":"shipping-taxable","22":"purchasable","23":"product-type-simple"},"acf":{"autor":"HOFFMAN - ASQUITH","codart":"4174","ediciones":"1","encuadernacion":"Carton\u00e9","fecha_de_publicacion":"02\/01\/2015","novedad":"0","paginas":"40","subtitulo":"","texto_web_adicional":"","texto_web_novedad":"","orden":"999","portada":"0","texto_web_resaltado":"","indice":"","autores-libros":[16416],"ilustradores-libros":[17367],"traductores-libros":[16364],"fecha_de_reimpresion":"","descripcion_corta":"","recomendamos":"","mas_vendido":"","idioma-libro":"","color":false,"formato":"","mas_informacion_del_producto":false,"premios":[{"premio":"Recomendado por la ONU para el Club de Lectura de los Objetivos de Desarrollo Sostenible","anyo_del_premio":"2020","pais_del_premio":""}],"deshabilitar_compra":["deshabilitar"],"texto_enlace_cubierta":"","enlace_cubierta":false,"texto_enlace_ficha_tecnica":"","enlace_ficha_tecnica":false,"ficheros":false,"titulo-fr":"","texto-fr":""},"yoast_head":"<!-- This site is optimized with the Yoast SEO plugin v27.5 - https:\/\/yoast.com\/product\/yoast-seo-wordpress\/ -->\n<title>El gran libro de la ecolog\u00eda - Editorial Juventud<\/title>\n<meta name=\"description\" content=\"\u00bfTe gustar\u00eda poder hacer algo para salvar las especies en peligro de extinci\u00f3n, proteger los bosques y las plantas, y mantener nuestro aire y nuestra agua\" \/>\n<meta name=\"robots\" content=\"index, follow, max-snippet:-1, max-image-preview:large, max-video-preview:-1\" \/>\n<link rel=\"canonical\" href=\"https:\/\/www.editorialjuventud.es\/el-gran-libro-de-la-ecologia-9788426141743\/\" \/>\n<meta property=\"og:locale\" content=\"ca_ES\" \/>\n<meta property=\"og:type\" content=\"article\" \/>\n<meta property=\"og:title\" content=\"El gran libro de la ecolog\u00eda - Editorial Juventud\" \/>\n<meta property=\"og:description\" content=\"\u00bfTe gustar\u00eda poder hacer algo para salvar las especies en peligro de extinci\u00f3n, proteger los bosques y las plantas, y mantener nuestro aire y nuestra agua\" \/>\n<meta property=\"og:url\" content=\"https:\/\/www.editorialjuventud.es\/el-gran-libro-de-la-ecologia-9788426141743\/\" \/>\n<meta property=\"og:site_name\" content=\"Editorial Juventud\" \/>\n<meta property=\"article:modified_time\" content=\"2021-01-21T10:44:07+00:00\" \/>\n<meta property=\"og:image\" content=\"https:\/\/www.editorialjuventud.es\/wp-content\/uploads\/4174.jpg\" \/>\n\t<meta property=\"og:image:width\" content=\"328\" \/>\n\t<meta property=\"og:image:height\" content=\"450\" \/>\n\t<meta property=\"og:image:type\" content=\"image\/jpeg\" \/>\n<meta name=\"twitter:card\" content=\"summary_large_image\" \/>\n<script type=\"application\/ld+json\" class=\"yoast-schema-graph\">{\"@context\":\"https:\\\/\\\/schema.org\",\"@graph\":[{\"@type\":\"WebPage\",\"@id\":\"https:\\\/\\\/www.editorialjuventud.es\\\/el-gran-libro-de-la-ecologia-9788426141743\\\/\",\"url\":\"https:\\\/\\\/www.editorialjuventud.es\\\/el-gran-libro-de-la-ecologia-9788426141743\\\/\",\"name\":\"El gran libro de la ecolog\u00eda - Editorial Juventud\",\"isPartOf\":{\"@id\":\"https:\\\/\\\/www.editorialjuventud.es\\\/#website\"},\"primaryImageOfPage\":{\"@id\":\"https:\\\/\\\/www.editorialjuventud.es\\\/el-gran-libro-de-la-ecologia-9788426141743\\\/#primaryimage\"},\"image\":{\"@id\":\"https:\\\/\\\/www.editorialjuventud.es\\\/el-gran-libro-de-la-ecologia-9788426141743\\\/#primaryimage\"},\"thumbnailUrl\":\"https:\\\/\\\/www.editorialjuventud.es\\\/wp-content\\\/uploads\\\/4174.jpg\",\"datePublished\":\"2018-08-24T09:47:44+00:00\",\"dateModified\":\"2021-01-21T10:44:07+00:00\",\"description\":\"\u00bfTe gustar\u00eda poder hacer algo para salvar las especies en peligro de extinci\u00f3n, proteger los bosques y las plantas, y mantener nuestro aire y nuestra agua\",\"breadcrumb\":{\"@id\":\"https:\\\/\\\/www.editorialjuventud.es\\\/el-gran-libro-de-la-ecologia-9788426141743\\\/#breadcrumb\"},\"inLanguage\":\"ca\",\"potentialAction\":[{\"@type\":\"ReadAction\",\"target\":[\"https:\\\/\\\/www.editorialjuventud.es\\\/el-gran-libro-de-la-ecologia-9788426141743\\\/\"]}]},{\"@type\":\"ImageObject\",\"inLanguage\":\"ca\",\"@id\":\"https:\\\/\\\/www.editorialjuventud.es\\\/el-gran-libro-de-la-ecologia-9788426141743\\\/#primaryimage\",\"url\":\"https:\\\/\\\/www.editorialjuventud.es\\\/wp-content\\\/uploads\\\/4174.jpg\",\"contentUrl\":\"https:\\\/\\\/www.editorialjuventud.es\\\/wp-content\\\/uploads\\\/4174.jpg\",\"width\":328,\"height\":450,\"caption\":\"4174.jpg\"},{\"@type\":\"BreadcrumbList\",\"@id\":\"https:\\\/\\\/www.editorialjuventud.es\\\/el-gran-libro-de-la-ecologia-9788426141743\\\/#breadcrumb\",\"itemListElement\":[{\"@type\":\"ListItem\",\"position\":1,\"name\":\"Portada\",\"item\":\"https:\\\/\\\/www.editorialjuventud.es\\\/\"},{\"@type\":\"ListItem\",\"position\":2,\"name\":\"cat\u00e1logo\",\"item\":\"https:\\\/\\\/www.editorialjuventud.es\\\/coleccion\\\/catalogo\\\/\"},{\"@type\":\"ListItem\",\"position\":3,\"name\":\"castellano\",\"item\":\"https:\\\/\\\/www.editorialjuventud.es\\\/coleccion\\\/castellano\\\/\"},{\"@type\":\"ListItem\",\"position\":4,\"name\":\"\u00c1lbumes Ilustrados\",\"item\":\"https:\\\/\\\/www.editorialjuventud.es\\\/coleccion\\\/albumes-ilustrados\\\/\"},{\"@type\":\"ListItem\",\"position\":5,\"name\":\"Conocer y Comprender\",\"item\":\"https:\\\/\\\/www.editorialjuventud.es\\\/coleccion\\\/conocer-y-comprender\\\/\"},{\"@type\":\"ListItem\",\"position\":6,\"name\":\"Grandes Libros de Mary Hofmann y Ros Asquith\",\"item\":\"https:\\\/\\\/www.editorialjuventud.es\\\/ca\\\/coleccion\\\/grandes-libros-de-mary-hofmann-y-ros-asquith\\\/\"},{\"@type\":\"ListItem\",\"position\":7,\"name\":\"El gran libro de la ecolog\u00eda\"}]},{\"@type\":\"WebSite\",\"@id\":\"https:\\\/\\\/www.editorialjuventud.es\\\/#website\",\"url\":\"https:\\\/\\\/www.editorialjuventud.es\\\/\",\"name\":\"Editorial Juventud\",\"description\":\"\",\"potentialAction\":[{\"@type\":\"SearchAction\",\"target\":{\"@type\":\"EntryPoint\",\"urlTemplate\":\"https:\\\/\\\/www.editorialjuventud.es\\\/?s={search_term_string}\"},\"query-input\":{\"@type\":\"PropertyValueSpecification\",\"valueRequired\":true,\"valueName\":\"search_term_string\"}}],\"inLanguage\":\"ca\"}]}<\/script>\n<!-- \/ Yoast SEO plugin. -->","yoast_head_json":{"title":"El gran libro de la ecolog\u00eda - Editorial Juventud","description":"\u00bfTe gustar\u00eda poder hacer algo para salvar las especies en peligro de extinci\u00f3n, proteger los bosques y las plantas, y mantener nuestro aire y nuestra agua","robots":{"index":"index","follow":"follow","max-snippet":"max-snippet:-1","max-image-preview":"max-image-preview:large","max-video-preview":"max-video-preview:-1"},"canonical":"https:\/\/www.editorialjuventud.es\/el-gran-libro-de-la-ecologia-9788426141743\/","og_locale":"ca_ES","og_type":"article","og_title":"El gran libro de la ecolog\u00eda - Editorial Juventud","og_description":"\u00bfTe gustar\u00eda poder hacer algo para salvar las especies en peligro de extinci\u00f3n, proteger los bosques y las plantas, y mantener nuestro aire y nuestra agua","og_url":"https:\/\/www.editorialjuventud.es\/el-gran-libro-de-la-ecologia-9788426141743\/","og_site_name":"Editorial Juventud","article_modified_time":"2021-01-21T10:44:07+00:00","og_image":[{"width":328,"height":450,"url":"https:\/\/www.editorialjuventud.es\/wp-content\/uploads\/4174.jpg","type":"image\/jpeg"}],"twitter_card":"summary_large_image","schema":{"@context":"https:\/\/schema.org","@graph":[{"@type":"WebPage","@id":"https:\/\/www.editorialjuventud.es\/el-gran-libro-de-la-ecologia-9788426141743\/","url":"https:\/\/www.editorialjuventud.es\/el-gran-libro-de-la-ecologia-9788426141743\/","name":"El gran libro de la ecolog\u00eda - Editorial Juventud","isPartOf":{"@id":"https:\/\/www.editorialjuventud.es\/#website"},"primaryImageOfPage":{"@id":"https:\/\/www.editorialjuventud.es\/el-gran-libro-de-la-ecologia-9788426141743\/#primaryimage"},"image":{"@id":"https:\/\/www.editorialjuventud.es\/el-gran-libro-de-la-ecologia-9788426141743\/#primaryimage"},"thumbnailUrl":"https:\/\/www.editorialjuventud.es\/wp-content\/uploads\/4174.jpg","datePublished":"2018-08-24T09:47:44+00:00","dateModified":"2021-01-21T10:44:07+00:00","description":"\u00bfTe gustar\u00eda poder hacer algo para salvar las especies en peligro de extinci\u00f3n, proteger los bosques y las plantas, y mantener nuestro aire y nuestra agua","breadcrumb":{"@id":"https:\/\/www.editorialjuventud.es\/el-gran-libro-de-la-ecologia-9788426141743\/#breadcrumb"},"inLanguage":"ca","potentialAction":[{"@type":"ReadAction","target":["https:\/\/www.editorialjuventud.es\/el-gran-libro-de-la-ecologia-9788426141743\/"]}]},{"@type":"ImageObject","inLanguage":"ca","@id":"https:\/\/www.editorialjuventud.es\/el-gran-libro-de-la-ecologia-9788426141743\/#primaryimage","url":"https:\/\/www.editorialjuventud.es\/wp-content\/uploads\/4174.jpg","contentUrl":"https:\/\/www.editorialjuventud.es\/wp-content\/uploads\/4174.jpg","width":328,"height":450,"caption":"4174.jpg"},{"@type":"BreadcrumbList","@id":"https:\/\/www.editorialjuventud.es\/el-gran-libro-de-la-ecologia-9788426141743\/#breadcrumb","itemListElement":[{"@type":"ListItem","position":1,"name":"Portada","item":"https:\/\/www.editorialjuventud.es\/"},{"@type":"ListItem","position":2,"name":"cat\u00e1logo","item":"https:\/\/www.editorialjuventud.es\/coleccion\/catalogo\/"},{"@type":"ListItem","position":3,"name":"castellano","item":"https:\/\/www.editorialjuventud.es\/coleccion\/castellano\/"},{"@type":"ListItem","position":4,"name":"\u00c1lbumes Ilustrados","item":"https:\/\/www.editorialjuventud.es\/coleccion\/albumes-ilustrados\/"},{"@type":"ListItem","position":5,"name":"Conocer y Comprender","item":"https:\/\/www.editorialjuventud.es\/coleccion\/conocer-y-comprender\/"},{"@type":"ListItem","position":6,"name":"Grandes Libros de Mary Hofmann y Ros Asquith","item":"https:\/\/www.editorialjuventud.es\/ca\/coleccion\/grandes-libros-de-mary-hofmann-y-ros-asquith\/"},{"@type":"ListItem","position":7,"name":"El gran libro de la ecolog\u00eda"}]},{"@type":"WebSite","@id":"https:\/\/www.editorialjuventud.es\/#website","url":"https:\/\/www.editorialjuventud.es\/","name":"Editorial Juventud","description":"","potentialAction":[{"@type":"SearchAction","target":{"@type":"EntryPoint","urlTemplate":"https:\/\/www.editorialjuventud.es\/?s={search_term_string}"},"query-input":{"@type":"PropertyValueSpecification","valueRequired":true,"valueName":"search_term_string"}}],"inLanguage":"ca"}]}},"_links":{"self":[{"href":"https:\/\/www.editorialjuventud.es\/ca\/wp-json\/wp\/v2\/product\/6033","targetHints":{"allow":["GET"]}}],"collection":[{"href":"https:\/\/www.editorialjuventud.es\/ca\/wp-json\/wp\/v2\/product"}],"about":[{"href":"https:\/\/www.editorialjuventud.es\/ca\/wp-json\/wp\/v2\/types\/product"}],"wp:featuredmedia":[{"embeddable":true,"href":"https:\/\/www.editorialjuventud.es\/ca\/wp-json\/wp\/v2\/media\/12741"}],"wp:attachment":[{"href":"https:\/\/www.editorialjuventud.es\/ca\/wp-json\/wp\/v2\/media?parent=6033"}],"wp:term":[{"taxonomy":"product_brand","embeddable":true,"href":"https:\/\/www.editorialjuventud.es\/ca\/wp-json\/wp\/v2\/product_brand?post=6033"},{"taxonomy":"product_cat","embeddable":true,"href":"https:\/\/www.editorialjuventud.es\/ca\/wp-json\/wp\/v2\/product_cat?post=6033"},{"taxonomy":"product_tag","embeddable":true,"href":"https:\/\/www.editorialjuventud.es\/ca\/wp-json\/wp\/v2\/product_tag?post=6033"},{"taxonomy":"coleccion","embeddable":true,"href":"https:\/\/www.editorialjuventud.es\/ca\/wp-json\/wp\/v2\/coleccion?post=6033"}],"curies":[{"name":"wp","href":"https:\/\/api.w.org\/{rel}","templated":true}]}}