{"id":6027,"date":"2018-08-24T11:47:16","date_gmt":"2018-08-24T09:47:16","guid":{"rendered":"http:\/\/www.editorialjuventud.es\/el-nino-nuevo\/"},"modified":"2025-01-22T13:16:11","modified_gmt":"2025-01-22T12:16:11","slug":"el-nino-nuevo-9788426141330","status":"publish","type":"product","link":"https:\/\/www.editorialjuventud.es\/ca\/el-nino-nuevo-9788426141330\/","title":{"rendered":"El ni\u00f1o nuevo"},"content":{"rendered":"<p>Elmore Green, como muchos otros ni\u00f1os, empez\u00f3 su vida siendo hijo \u00fanico. Ten\u00eda una habitaci\u00f3n solo para \u00e9l, y todo lo que hab\u00eda en ella era suyo. Sus padres cre\u00edan que \u00e9l era el ni\u00f1o m\u00e1s adorable del mundo. Pero un d\u00eda, todo cambi\u00f3&#8230;\u00a0<\/p>\n","protected":false},"excerpt":{"rendered":"Elmore Green, como muchos otros ni\u00f1os, empez\u00f3 su vida siendo hijo \u00fanico. Ten\u00eda una habitaci\u00f3n solo para \u00e9l, y todo lo que hab\u00eda en ella era suyo. Sus padres cre\u00edan que \u00e9l era el ni\u00f1o m\u00e1s adorable del mundo. Pero [&hellip;]","protected":false},"featured_media":17046,"template":"","meta":{"_acf_changed":false,"_exactmetrics_skip_tracking":false,"_exactmetrics_sitenote_active":false,"_exactmetrics_sitenote_note":"","_exactmetrics_sitenote_category":0},"product_brand":[],"product_cat":[900,1121,1146,1182,1200],"product_tag":[],"coleccion":[998],"class_list":{"0":"post-6027","1":"product","2":"type-product","3":"status-publish","4":"has-post-thumbnail","6":"product_cat-a-partir-de-5-anos","7":"product_cat-albumes-ilustrados","8":"product_cat-celos","9":"product_cat-hermanos","10":"product_cat-nacimiento","11":"coleccion-para-hablar-en-familia","13":"first","14":"instock","15":"taxable","16":"shipping-taxable","17":"purchasable","18":"product-type-simple"},"acf":{"autor":"Child, Lauren","codart":"4133","ediciones":"4","encuadernacion":"Carton\u00e9","fecha_de_publicacion":"01\/01\/2015","novedad":"0","paginas":"32","subtitulo":"","texto_web_adicional":"","texto_web_novedad":"","orden":"999","portada":"0","texto_web_resaltado":"","indice":"","autores-libros":[16278],"ilustradores-libros":[16278],"traductores-libros":"","descripcion_corta":"","recomendamos":"","mas_vendido":"","idioma-libro":"","color":false,"formato":"","mas_informacion_del_producto":false,"premios":false,"texto_enlace_cubierta":"","enlace_cubierta":false,"texto_enlace_ficha_tecnica":"","enlace_ficha_tecnica":false,"ficheros":false,"titulo-fr":"","texto-fr":"","fecha_de_reimpresion":"01\/01\/2023","deshabilitar_compra":[]},"yoast_head":"<!-- This site is optimized with the Yoast SEO plugin v27.3 - https:\/\/yoast.com\/product\/yoast-seo-wordpress\/ -->\n<title>El ni\u00f1o nuevo - Editorial Juventud<\/title>\n<meta name=\"description\" content=\"Elmore Green, como muchos otros ni\u00f1os, empez\u00f3 su vida siendo hijo \u00fanico. Ten\u00eda una habitaci\u00f3n solo para \u00e9l, y todo lo que hab\u00eda en ella era suyo. Sus\" \/>\n<meta name=\"robots\" content=\"index, follow, max-snippet:-1, max-image-preview:large, max-video-preview:-1\" \/>\n<link rel=\"canonical\" href=\"https:\/\/www.editorialjuventud.es\/el-nino-nuevo-9788426141330\/\" \/>\n<meta property=\"og:locale\" content=\"ca_ES\" \/>\n<meta property=\"og:type\" content=\"article\" \/>\n<meta property=\"og:title\" content=\"El ni\u00f1o nuevo - Editorial Juventud\" \/>\n<meta property=\"og:description\" content=\"Elmore Green, como muchos otros ni\u00f1os, empez\u00f3 su vida siendo hijo \u00fanico. Ten\u00eda una habitaci\u00f3n solo para \u00e9l, y todo lo que hab\u00eda en ella era suyo. Sus\" \/>\n<meta property=\"og:url\" content=\"https:\/\/www.editorialjuventud.es\/el-nino-nuevo-9788426141330\/\" \/>\n<meta property=\"og:site_name\" content=\"Editorial Juventud\" \/>\n<meta property=\"article:modified_time\" content=\"2025-01-22T12:16:11+00:00\" \/>\n<meta property=\"og:image\" content=\"https:\/\/www.editorialjuventud.es\/wp-content\/uploads\/4133.jpg\" \/>\n\t<meta property=\"og:image:width\" content=\"403\" \/>\n\t<meta property=\"og:image:height\" content=\"450\" \/>\n\t<meta property=\"og:image:type\" content=\"image\/jpeg\" \/>\n<meta name=\"twitter:card\" content=\"summary_large_image\" \/>\n<script type=\"application\/ld+json\" class=\"yoast-schema-graph\">{\"@context\":\"https:\\\/\\\/schema.org\",\"@graph\":[{\"@type\":\"WebPage\",\"@id\":\"https:\\\/\\\/www.editorialjuventud.es\\\/el-nino-nuevo-9788426141330\\\/\",\"url\":\"https:\\\/\\\/www.editorialjuventud.es\\\/el-nino-nuevo-9788426141330\\\/\",\"name\":\"El ni\u00f1o nuevo - Editorial Juventud\",\"isPartOf\":{\"@id\":\"https:\\\/\\\/www.editorialjuventud.es\\\/#website\"},\"primaryImageOfPage\":{\"@id\":\"https:\\\/\\\/www.editorialjuventud.es\\\/el-nino-nuevo-9788426141330\\\/#primaryimage\"},\"image\":{\"@id\":\"https:\\\/\\\/www.editorialjuventud.es\\\/el-nino-nuevo-9788426141330\\\/#primaryimage\"},\"thumbnailUrl\":\"https:\\\/\\\/www.editorialjuventud.es\\\/wp-content\\\/uploads\\\/4133.jpg\",\"datePublished\":\"2018-08-24T09:47:16+00:00\",\"dateModified\":\"2025-01-22T12:16:11+00:00\",\"description\":\"Elmore Green, como muchos otros ni\u00f1os, empez\u00f3 su vida siendo hijo \u00fanico. Ten\u00eda una habitaci\u00f3n solo para \u00e9l, y todo lo que hab\u00eda en ella era suyo. Sus\",\"breadcrumb\":{\"@id\":\"https:\\\/\\\/www.editorialjuventud.es\\\/el-nino-nuevo-9788426141330\\\/#breadcrumb\"},\"inLanguage\":\"ca\",\"potentialAction\":[{\"@type\":\"ReadAction\",\"target\":[\"https:\\\/\\\/www.editorialjuventud.es\\\/el-nino-nuevo-9788426141330\\\/\"]}]},{\"@type\":\"ImageObject\",\"inLanguage\":\"ca\",\"@id\":\"https:\\\/\\\/www.editorialjuventud.es\\\/el-nino-nuevo-9788426141330\\\/#primaryimage\",\"url\":\"https:\\\/\\\/www.editorialjuventud.es\\\/wp-content\\\/uploads\\\/4133.jpg\",\"contentUrl\":\"https:\\\/\\\/www.editorialjuventud.es\\\/wp-content\\\/uploads\\\/4133.jpg\",\"width\":403,\"height\":450,\"caption\":\"4133.jpg\"},{\"@type\":\"BreadcrumbList\",\"@id\":\"https:\\\/\\\/www.editorialjuventud.es\\\/el-nino-nuevo-9788426141330\\\/#breadcrumb\",\"itemListElement\":[{\"@type\":\"ListItem\",\"position\":1,\"name\":\"Portada\",\"item\":\"https:\\\/\\\/www.editorialjuventud.es\\\/\"},{\"@type\":\"ListItem\",\"position\":2,\"name\":\"cat\u00e1logo\",\"item\":\"https:\\\/\\\/www.editorialjuventud.es\\\/coleccion\\\/catalogo\\\/\"},{\"@type\":\"ListItem\",\"position\":3,\"name\":\"castellano\",\"item\":\"https:\\\/\\\/www.editorialjuventud.es\\\/coleccion\\\/castellano\\\/\"},{\"@type\":\"ListItem\",\"position\":4,\"name\":\"\u00c1lbumes Ilustrados\",\"item\":\"https:\\\/\\\/www.editorialjuventud.es\\\/coleccion\\\/albumes-ilustrados\\\/\"},{\"@type\":\"ListItem\",\"position\":5,\"name\":\"Para Hablar en Familia\",\"item\":\"https:\\\/\\\/www.editorialjuventud.es\\\/coleccion\\\/para-hablar-en-familia\\\/\"},{\"@type\":\"ListItem\",\"position\":6,\"name\":\"El ni\u00f1o nuevo\"}]},{\"@type\":\"WebSite\",\"@id\":\"https:\\\/\\\/www.editorialjuventud.es\\\/#website\",\"url\":\"https:\\\/\\\/www.editorialjuventud.es\\\/\",\"name\":\"Editorial Juventud\",\"description\":\"\",\"potentialAction\":[{\"@type\":\"SearchAction\",\"target\":{\"@type\":\"EntryPoint\",\"urlTemplate\":\"https:\\\/\\\/www.editorialjuventud.es\\\/?s={search_term_string}\"},\"query-input\":{\"@type\":\"PropertyValueSpecification\",\"valueRequired\":true,\"valueName\":\"search_term_string\"}}],\"inLanguage\":\"ca\"}]}<\/script>\n<!-- \/ Yoast SEO plugin. -->","yoast_head_json":{"title":"El ni\u00f1o nuevo - Editorial Juventud","description":"Elmore Green, como muchos otros ni\u00f1os, empez\u00f3 su vida siendo hijo \u00fanico. Ten\u00eda una habitaci\u00f3n solo para \u00e9l, y todo lo que hab\u00eda en ella era suyo. Sus","robots":{"index":"index","follow":"follow","max-snippet":"max-snippet:-1","max-image-preview":"max-image-preview:large","max-video-preview":"max-video-preview:-1"},"canonical":"https:\/\/www.editorialjuventud.es\/el-nino-nuevo-9788426141330\/","og_locale":"ca_ES","og_type":"article","og_title":"El ni\u00f1o nuevo - Editorial Juventud","og_description":"Elmore Green, como muchos otros ni\u00f1os, empez\u00f3 su vida siendo hijo \u00fanico. Ten\u00eda una habitaci\u00f3n solo para \u00e9l, y todo lo que hab\u00eda en ella era suyo. Sus","og_url":"https:\/\/www.editorialjuventud.es\/el-nino-nuevo-9788426141330\/","og_site_name":"Editorial Juventud","article_modified_time":"2025-01-22T12:16:11+00:00","og_image":[{"width":403,"height":450,"url":"https:\/\/www.editorialjuventud.es\/wp-content\/uploads\/4133.jpg","type":"image\/jpeg"}],"twitter_card":"summary_large_image","schema":{"@context":"https:\/\/schema.org","@graph":[{"@type":"WebPage","@id":"https:\/\/www.editorialjuventud.es\/el-nino-nuevo-9788426141330\/","url":"https:\/\/www.editorialjuventud.es\/el-nino-nuevo-9788426141330\/","name":"El ni\u00f1o nuevo - Editorial Juventud","isPartOf":{"@id":"https:\/\/www.editorialjuventud.es\/#website"},"primaryImageOfPage":{"@id":"https:\/\/www.editorialjuventud.es\/el-nino-nuevo-9788426141330\/#primaryimage"},"image":{"@id":"https:\/\/www.editorialjuventud.es\/el-nino-nuevo-9788426141330\/#primaryimage"},"thumbnailUrl":"https:\/\/www.editorialjuventud.es\/wp-content\/uploads\/4133.jpg","datePublished":"2018-08-24T09:47:16+00:00","dateModified":"2025-01-22T12:16:11+00:00","description":"Elmore Green, como muchos otros ni\u00f1os, empez\u00f3 su vida siendo hijo \u00fanico. Ten\u00eda una habitaci\u00f3n solo para \u00e9l, y todo lo que hab\u00eda en ella era suyo. Sus","breadcrumb":{"@id":"https:\/\/www.editorialjuventud.es\/el-nino-nuevo-9788426141330\/#breadcrumb"},"inLanguage":"ca","potentialAction":[{"@type":"ReadAction","target":["https:\/\/www.editorialjuventud.es\/el-nino-nuevo-9788426141330\/"]}]},{"@type":"ImageObject","inLanguage":"ca","@id":"https:\/\/www.editorialjuventud.es\/el-nino-nuevo-9788426141330\/#primaryimage","url":"https:\/\/www.editorialjuventud.es\/wp-content\/uploads\/4133.jpg","contentUrl":"https:\/\/www.editorialjuventud.es\/wp-content\/uploads\/4133.jpg","width":403,"height":450,"caption":"4133.jpg"},{"@type":"BreadcrumbList","@id":"https:\/\/www.editorialjuventud.es\/el-nino-nuevo-9788426141330\/#breadcrumb","itemListElement":[{"@type":"ListItem","position":1,"name":"Portada","item":"https:\/\/www.editorialjuventud.es\/"},{"@type":"ListItem","position":2,"name":"cat\u00e1logo","item":"https:\/\/www.editorialjuventud.es\/coleccion\/catalogo\/"},{"@type":"ListItem","position":3,"name":"castellano","item":"https:\/\/www.editorialjuventud.es\/coleccion\/castellano\/"},{"@type":"ListItem","position":4,"name":"\u00c1lbumes Ilustrados","item":"https:\/\/www.editorialjuventud.es\/coleccion\/albumes-ilustrados\/"},{"@type":"ListItem","position":5,"name":"Para Hablar en Familia","item":"https:\/\/www.editorialjuventud.es\/coleccion\/para-hablar-en-familia\/"},{"@type":"ListItem","position":6,"name":"El ni\u00f1o nuevo"}]},{"@type":"WebSite","@id":"https:\/\/www.editorialjuventud.es\/#website","url":"https:\/\/www.editorialjuventud.es\/","name":"Editorial Juventud","description":"","potentialAction":[{"@type":"SearchAction","target":{"@type":"EntryPoint","urlTemplate":"https:\/\/www.editorialjuventud.es\/?s={search_term_string}"},"query-input":{"@type":"PropertyValueSpecification","valueRequired":true,"valueName":"search_term_string"}}],"inLanguage":"ca"}]}},"_links":{"self":[{"href":"https:\/\/www.editorialjuventud.es\/ca\/wp-json\/wp\/v2\/product\/6027","targetHints":{"allow":["GET"]}}],"collection":[{"href":"https:\/\/www.editorialjuventud.es\/ca\/wp-json\/wp\/v2\/product"}],"about":[{"href":"https:\/\/www.editorialjuventud.es\/ca\/wp-json\/wp\/v2\/types\/product"}],"wp:featuredmedia":[{"embeddable":true,"href":"https:\/\/www.editorialjuventud.es\/ca\/wp-json\/wp\/v2\/media\/17046"}],"wp:attachment":[{"href":"https:\/\/www.editorialjuventud.es\/ca\/wp-json\/wp\/v2\/media?parent=6027"}],"wp:term":[{"taxonomy":"product_brand","embeddable":true,"href":"https:\/\/www.editorialjuventud.es\/ca\/wp-json\/wp\/v2\/product_brand?post=6027"},{"taxonomy":"product_cat","embeddable":true,"href":"https:\/\/www.editorialjuventud.es\/ca\/wp-json\/wp\/v2\/product_cat?post=6027"},{"taxonomy":"product_tag","embeddable":true,"href":"https:\/\/www.editorialjuventud.es\/ca\/wp-json\/wp\/v2\/product_tag?post=6027"},{"taxonomy":"coleccion","embeddable":true,"href":"https:\/\/www.editorialjuventud.es\/ca\/wp-json\/wp\/v2\/coleccion?post=6027"}],"curies":[{"name":"wp","href":"https:\/\/api.w.org\/{rel}","templated":true}]}}