{"id":6025,"date":"2018-08-24T11:47:07","date_gmt":"2018-08-24T09:47:07","guid":{"rendered":"http:\/\/www.editorialjuventud.es\/jo-tambe-vaig-ser-dins-la-panxa-de-la-mama\/"},"modified":"2025-01-22T13:16:22","modified_gmt":"2025-01-22T12:16:22","slug":"jo-tambe-vaig-ser-dins-la-panxa-de-la-mama-9788426141316","status":"publish","type":"product","link":"https:\/\/www.editorialjuventud.es\/ca\/jo-tambe-vaig-ser-dins-la-panxa-de-la-mama-9788426141316\/","title":{"rendered":"Jo tamb\u00e9 vaig ser dins la panxa de la Mama?"},"content":{"rendered":"<p>La Lili, una amiga de la mama, ha vingut de visita. T\u00e9 una panxa ben rodona i for\u00e7a grossa. \u2014Hi ha un beb\u00e8 que est\u00e0 creixent a dins! \u2014diu la mama. \u2014Jo tamb\u00e9 vaig ser dins la teva panxa? \u2014pregunto.<br \/>\u2014\u00c9s clar! \u2014diu la mama. \u2014I la teva panxa era tan grossa com la de la Lili? La mama riu. \u2014Jo crec que la meva panxa era fins i tot un xic m\u00e9s grossa que la seva. Tu eres un beb\u00e8 molt gran quan vas n\u00e9ixer&#8230;<br \/>Qu\u00e8 pot ser m\u00e9s fascinant que saber d\u2019on v\u00e9ns? Aquest llibre ofereix l\u2019ocasi\u00f3 de parlar sobre un tema molt important als nens que volen saber realment quin ha estat el seu cam\u00ed.<\/p>\n","protected":false},"excerpt":{"rendered":"La Lili, una amiga de la mama, ha vingut de visita. T\u00e9 una panxa ben rodona i for\u00e7a grossa. \u2014Hi ha un beb\u00e8 que est\u00e0 creixent a dins! \u2014diu la mama. \u2014Jo tamb\u00e9 vaig ser dins la teva panxa? \u2014pregunto.\u2014\u00c9s [&hellip;]","protected":false},"featured_media":13449,"template":"","meta":{"_acf_changed":false,"_exactmetrics_skip_tracking":false,"_exactmetrics_sitenote_active":false,"_exactmetrics_sitenote_note":"","_exactmetrics_sitenote_category":0},"product_brand":[],"product_cat":[902,1159,1171,1123,1128],"product_tag":[],"coleccion":[946,1034],"class_list":{"0":"post-6025","1":"product","2":"type-product","3":"status-publish","4":"has-post-thumbnail","6":"product_cat-a-partir-de-7-anos","7":"product_cat-cuerpo-humano-anatomia","8":"product_cat-embarazo-gestacion","9":"product_cat-libros-informativos-infantil","10":"product_cat-tematica","11":"coleccion-com-i-per-que","12":"coleccion-cos-i-emocions","14":"first","15":"instock","16":"taxable","17":"shipping-taxable","18":"purchasable","19":"product-type-simple"},"acf":{"autor":"Geisler, Dagmar","codart":"4131","ediciones":"1","encuadernacion":"Carton\u00e9","fecha_de_publicacion":"01\/03\/2015","novedad":"0","paginas":"36","subtitulo":"","texto_web_adicional":"","texto_web_novedad":"","orden":"999","portada":"0","texto_web_resaltado":"","autores-libros":[16365],"ilustradores-libros":[16365],"traductores-libros":[18265]},"yoast_head":"<!-- This site is optimized with the Yoast SEO plugin v27.3 - https:\/\/yoast.com\/product\/yoast-seo-wordpress\/ -->\n<title>Jo tamb\u00e9 vaig ser dins la panxa de la Mama? - Editorial Juventud<\/title>\n<meta name=\"description\" content=\"La Lili, una amiga de la mama, ha vingut de visita. T\u00e9 una panxa ben rodona i for\u00e7a grossa. \u2014Hi ha un beb\u00e8 que est\u00e0 creixent a dins! \u2014diu la mama. \u2014Jo\" \/>\n<meta name=\"robots\" content=\"index, follow, max-snippet:-1, max-image-preview:large, max-video-preview:-1\" \/>\n<link rel=\"canonical\" href=\"https:\/\/www.editorialjuventud.es\/jo-tambe-vaig-ser-dins-la-panxa-de-la-mama-9788426141316\/\" \/>\n<meta property=\"og:locale\" content=\"ca_ES\" \/>\n<meta property=\"og:type\" content=\"article\" \/>\n<meta property=\"og:title\" content=\"Jo tamb\u00e9 vaig ser dins la panxa de la Mama? - Editorial Juventud\" \/>\n<meta property=\"og:description\" content=\"La Lili, una amiga de la mama, ha vingut de visita. T\u00e9 una panxa ben rodona i for\u00e7a grossa. \u2014Hi ha un beb\u00e8 que est\u00e0 creixent a dins! \u2014diu la mama. \u2014Jo\" \/>\n<meta property=\"og:url\" content=\"https:\/\/www.editorialjuventud.es\/jo-tambe-vaig-ser-dins-la-panxa-de-la-mama-9788426141316\/\" \/>\n<meta property=\"og:site_name\" content=\"Editorial Juventud\" \/>\n<meta property=\"article:modified_time\" content=\"2025-01-22T12:16:22+00:00\" \/>\n<meta property=\"og:image\" content=\"https:\/\/www.editorialjuventud.es\/wp-content\/uploads\/4131.jpg\" \/>\n\t<meta property=\"og:image:width\" content=\"362\" \/>\n\t<meta property=\"og:image:height\" content=\"450\" \/>\n\t<meta property=\"og:image:type\" content=\"image\/jpeg\" \/>\n<meta name=\"twitter:card\" content=\"summary_large_image\" \/>\n<meta name=\"twitter:label1\" content=\"Temps estimat de lectura\" \/>\n\t<meta name=\"twitter:data1\" content=\"1 minut\" \/>\n<script type=\"application\/ld+json\" class=\"yoast-schema-graph\">{\"@context\":\"https:\\\/\\\/schema.org\",\"@graph\":[{\"@type\":\"WebPage\",\"@id\":\"https:\\\/\\\/www.editorialjuventud.es\\\/jo-tambe-vaig-ser-dins-la-panxa-de-la-mama-9788426141316\\\/\",\"url\":\"https:\\\/\\\/www.editorialjuventud.es\\\/jo-tambe-vaig-ser-dins-la-panxa-de-la-mama-9788426141316\\\/\",\"name\":\"Jo tamb\u00e9 vaig ser dins la panxa de la Mama? - Editorial Juventud\",\"isPartOf\":{\"@id\":\"https:\\\/\\\/www.editorialjuventud.es\\\/#website\"},\"primaryImageOfPage\":{\"@id\":\"https:\\\/\\\/www.editorialjuventud.es\\\/jo-tambe-vaig-ser-dins-la-panxa-de-la-mama-9788426141316\\\/#primaryimage\"},\"image\":{\"@id\":\"https:\\\/\\\/www.editorialjuventud.es\\\/jo-tambe-vaig-ser-dins-la-panxa-de-la-mama-9788426141316\\\/#primaryimage\"},\"thumbnailUrl\":\"https:\\\/\\\/www.editorialjuventud.es\\\/wp-content\\\/uploads\\\/4131.jpg\",\"datePublished\":\"2018-08-24T09:47:07+00:00\",\"dateModified\":\"2025-01-22T12:16:22+00:00\",\"description\":\"La Lili, una amiga de la mama, ha vingut de visita. T\u00e9 una panxa ben rodona i for\u00e7a grossa. \u2014Hi ha un beb\u00e8 que est\u00e0 creixent a dins! \u2014diu la mama. \u2014Jo\",\"breadcrumb\":{\"@id\":\"https:\\\/\\\/www.editorialjuventud.es\\\/jo-tambe-vaig-ser-dins-la-panxa-de-la-mama-9788426141316\\\/#breadcrumb\"},\"inLanguage\":\"ca\",\"potentialAction\":[{\"@type\":\"ReadAction\",\"target\":[\"https:\\\/\\\/www.editorialjuventud.es\\\/jo-tambe-vaig-ser-dins-la-panxa-de-la-mama-9788426141316\\\/\"]}]},{\"@type\":\"ImageObject\",\"inLanguage\":\"ca\",\"@id\":\"https:\\\/\\\/www.editorialjuventud.es\\\/jo-tambe-vaig-ser-dins-la-panxa-de-la-mama-9788426141316\\\/#primaryimage\",\"url\":\"https:\\\/\\\/www.editorialjuventud.es\\\/wp-content\\\/uploads\\\/4131.jpg\",\"contentUrl\":\"https:\\\/\\\/www.editorialjuventud.es\\\/wp-content\\\/uploads\\\/4131.jpg\",\"width\":362,\"height\":450,\"caption\":\"4131.jpg\"},{\"@type\":\"BreadcrumbList\",\"@id\":\"https:\\\/\\\/www.editorialjuventud.es\\\/jo-tambe-vaig-ser-dins-la-panxa-de-la-mama-9788426141316\\\/#breadcrumb\",\"itemListElement\":[{\"@type\":\"ListItem\",\"position\":1,\"name\":\"Portada\",\"item\":\"https:\\\/\\\/www.editorialjuventud.es\\\/\"},{\"@type\":\"ListItem\",\"position\":2,\"name\":\"cat\u00e1logo\",\"item\":\"https:\\\/\\\/www.editorialjuventud.es\\\/coleccion\\\/catalogo\\\/\"},{\"@type\":\"ListItem\",\"position\":3,\"name\":\"catal\u00e0\",\"item\":\"https:\\\/\\\/www.editorialjuventud.es\\\/coleccion\\\/catala\\\/\"},{\"@type\":\"ListItem\",\"position\":4,\"name\":\"\u00c0lbums Il\u00b7lustrats\",\"item\":\"https:\\\/\\\/www.editorialjuventud.es\\\/coleccion\\\/albums-il%c2%b7lustrats\\\/\"},{\"@type\":\"ListItem\",\"position\":5,\"name\":\"Com i Per qu\u00e8\",\"item\":\"https:\\\/\\\/www.editorialjuventud.es\\\/coleccion\\\/com-i-per-que\\\/\"},{\"@type\":\"ListItem\",\"position\":6,\"name\":\"Cos i Emocions\",\"item\":\"https:\\\/\\\/www.editorialjuventud.es\\\/coleccion\\\/cos-i-emocions\\\/\"},{\"@type\":\"ListItem\",\"position\":7,\"name\":\"Jo tamb\u00e9 vaig ser dins la panxa de la Mama?\"}]},{\"@type\":\"WebSite\",\"@id\":\"https:\\\/\\\/www.editorialjuventud.es\\\/#website\",\"url\":\"https:\\\/\\\/www.editorialjuventud.es\\\/\",\"name\":\"Editorial Juventud\",\"description\":\"\",\"potentialAction\":[{\"@type\":\"SearchAction\",\"target\":{\"@type\":\"EntryPoint\",\"urlTemplate\":\"https:\\\/\\\/www.editorialjuventud.es\\\/?s={search_term_string}\"},\"query-input\":{\"@type\":\"PropertyValueSpecification\",\"valueRequired\":true,\"valueName\":\"search_term_string\"}}],\"inLanguage\":\"ca\"}]}<\/script>\n<!-- \/ Yoast SEO plugin. -->","yoast_head_json":{"title":"Jo tamb\u00e9 vaig ser dins la panxa de la Mama? - Editorial Juventud","description":"La Lili, una amiga de la mama, ha vingut de visita. T\u00e9 una panxa ben rodona i for\u00e7a grossa. \u2014Hi ha un beb\u00e8 que est\u00e0 creixent a dins! \u2014diu la mama. \u2014Jo","robots":{"index":"index","follow":"follow","max-snippet":"max-snippet:-1","max-image-preview":"max-image-preview:large","max-video-preview":"max-video-preview:-1"},"canonical":"https:\/\/www.editorialjuventud.es\/jo-tambe-vaig-ser-dins-la-panxa-de-la-mama-9788426141316\/","og_locale":"ca_ES","og_type":"article","og_title":"Jo tamb\u00e9 vaig ser dins la panxa de la Mama? - Editorial Juventud","og_description":"La Lili, una amiga de la mama, ha vingut de visita. T\u00e9 una panxa ben rodona i for\u00e7a grossa. \u2014Hi ha un beb\u00e8 que est\u00e0 creixent a dins! \u2014diu la mama. \u2014Jo","og_url":"https:\/\/www.editorialjuventud.es\/jo-tambe-vaig-ser-dins-la-panxa-de-la-mama-9788426141316\/","og_site_name":"Editorial Juventud","article_modified_time":"2025-01-22T12:16:22+00:00","og_image":[{"width":362,"height":450,"url":"https:\/\/www.editorialjuventud.es\/wp-content\/uploads\/4131.jpg","type":"image\/jpeg"}],"twitter_card":"summary_large_image","twitter_misc":{"Temps estimat de lectura":"1 minut"},"schema":{"@context":"https:\/\/schema.org","@graph":[{"@type":"WebPage","@id":"https:\/\/www.editorialjuventud.es\/jo-tambe-vaig-ser-dins-la-panxa-de-la-mama-9788426141316\/","url":"https:\/\/www.editorialjuventud.es\/jo-tambe-vaig-ser-dins-la-panxa-de-la-mama-9788426141316\/","name":"Jo tamb\u00e9 vaig ser dins la panxa de la Mama? - Editorial Juventud","isPartOf":{"@id":"https:\/\/www.editorialjuventud.es\/#website"},"primaryImageOfPage":{"@id":"https:\/\/www.editorialjuventud.es\/jo-tambe-vaig-ser-dins-la-panxa-de-la-mama-9788426141316\/#primaryimage"},"image":{"@id":"https:\/\/www.editorialjuventud.es\/jo-tambe-vaig-ser-dins-la-panxa-de-la-mama-9788426141316\/#primaryimage"},"thumbnailUrl":"https:\/\/www.editorialjuventud.es\/wp-content\/uploads\/4131.jpg","datePublished":"2018-08-24T09:47:07+00:00","dateModified":"2025-01-22T12:16:22+00:00","description":"La Lili, una amiga de la mama, ha vingut de visita. T\u00e9 una panxa ben rodona i for\u00e7a grossa. \u2014Hi ha un beb\u00e8 que est\u00e0 creixent a dins! \u2014diu la mama. \u2014Jo","breadcrumb":{"@id":"https:\/\/www.editorialjuventud.es\/jo-tambe-vaig-ser-dins-la-panxa-de-la-mama-9788426141316\/#breadcrumb"},"inLanguage":"ca","potentialAction":[{"@type":"ReadAction","target":["https:\/\/www.editorialjuventud.es\/jo-tambe-vaig-ser-dins-la-panxa-de-la-mama-9788426141316\/"]}]},{"@type":"ImageObject","inLanguage":"ca","@id":"https:\/\/www.editorialjuventud.es\/jo-tambe-vaig-ser-dins-la-panxa-de-la-mama-9788426141316\/#primaryimage","url":"https:\/\/www.editorialjuventud.es\/wp-content\/uploads\/4131.jpg","contentUrl":"https:\/\/www.editorialjuventud.es\/wp-content\/uploads\/4131.jpg","width":362,"height":450,"caption":"4131.jpg"},{"@type":"BreadcrumbList","@id":"https:\/\/www.editorialjuventud.es\/jo-tambe-vaig-ser-dins-la-panxa-de-la-mama-9788426141316\/#breadcrumb","itemListElement":[{"@type":"ListItem","position":1,"name":"Portada","item":"https:\/\/www.editorialjuventud.es\/"},{"@type":"ListItem","position":2,"name":"cat\u00e1logo","item":"https:\/\/www.editorialjuventud.es\/coleccion\/catalogo\/"},{"@type":"ListItem","position":3,"name":"catal\u00e0","item":"https:\/\/www.editorialjuventud.es\/coleccion\/catala\/"},{"@type":"ListItem","position":4,"name":"\u00c0lbums Il\u00b7lustrats","item":"https:\/\/www.editorialjuventud.es\/coleccion\/albums-il%c2%b7lustrats\/"},{"@type":"ListItem","position":5,"name":"Com i Per qu\u00e8","item":"https:\/\/www.editorialjuventud.es\/coleccion\/com-i-per-que\/"},{"@type":"ListItem","position":6,"name":"Cos i Emocions","item":"https:\/\/www.editorialjuventud.es\/coleccion\/cos-i-emocions\/"},{"@type":"ListItem","position":7,"name":"Jo tamb\u00e9 vaig ser dins la panxa de la Mama?"}]},{"@type":"WebSite","@id":"https:\/\/www.editorialjuventud.es\/#website","url":"https:\/\/www.editorialjuventud.es\/","name":"Editorial Juventud","description":"","potentialAction":[{"@type":"SearchAction","target":{"@type":"EntryPoint","urlTemplate":"https:\/\/www.editorialjuventud.es\/?s={search_term_string}"},"query-input":{"@type":"PropertyValueSpecification","valueRequired":true,"valueName":"search_term_string"}}],"inLanguage":"ca"}]}},"_links":{"self":[{"href":"https:\/\/www.editorialjuventud.es\/ca\/wp-json\/wp\/v2\/product\/6025","targetHints":{"allow":["GET"]}}],"collection":[{"href":"https:\/\/www.editorialjuventud.es\/ca\/wp-json\/wp\/v2\/product"}],"about":[{"href":"https:\/\/www.editorialjuventud.es\/ca\/wp-json\/wp\/v2\/types\/product"}],"wp:featuredmedia":[{"embeddable":true,"href":"https:\/\/www.editorialjuventud.es\/ca\/wp-json\/wp\/v2\/media\/13449"}],"wp:attachment":[{"href":"https:\/\/www.editorialjuventud.es\/ca\/wp-json\/wp\/v2\/media?parent=6025"}],"wp:term":[{"taxonomy":"product_brand","embeddable":true,"href":"https:\/\/www.editorialjuventud.es\/ca\/wp-json\/wp\/v2\/product_brand?post=6025"},{"taxonomy":"product_cat","embeddable":true,"href":"https:\/\/www.editorialjuventud.es\/ca\/wp-json\/wp\/v2\/product_cat?post=6025"},{"taxonomy":"product_tag","embeddable":true,"href":"https:\/\/www.editorialjuventud.es\/ca\/wp-json\/wp\/v2\/product_tag?post=6025"},{"taxonomy":"coleccion","embeddable":true,"href":"https:\/\/www.editorialjuventud.es\/ca\/wp-json\/wp\/v2\/coleccion?post=6025"}],"curies":[{"name":"wp","href":"https:\/\/api.w.org\/{rel}","templated":true}]}}