{"id":6024,"date":"2018-08-24T13:47:03","date_gmt":"2018-08-24T09:47:03","guid":{"rendered":"http:\/\/www.editorialjuventud.es\/yo-tambien-estuve-en-tu-barriga-mama\/"},"modified":"2025-01-22T13:16:31","modified_gmt":"2025-01-22T12:16:31","slug":"yo-tambien-estuve-en-tu-barriga-mama-9788426141309","status":"publish","type":"product","link":"https:\/\/www.editorialjuventud.es\/ca\/yo-tambien-estuve-en-tu-barriga-mama-9788426141309\/","title":{"rendered":"\u00bfYo tambi\u00e9n estuve en tu barriga, Mam\u00e1?"},"content":{"rendered":"<p>Saber de d\u00f3nde venimos, \u00bfhay algo m\u00e1s apasionante? Este libro favorece el di\u00e1logo con los ni\u00f1os sobre este importante tema y explica, con tacto y sensibilidad, y de manera clara y apropiada, c\u00f3mo de una diminuta c\u00e9lula nace un ser humano.<\/p>\n","protected":false},"excerpt":{"rendered":"Saber de d\u00f3nde venimos, \u00bfhay algo m\u00e1s apasionante? Este libro favorece el di\u00e1logo con los ni\u00f1os sobre este importante tema y explica, con tacto y sensibilidad, y de manera clara y apropiada, c\u00f3mo de una diminuta c\u00e9lula nace un ser [&hellip;]","protected":false},"featured_media":75922,"template":"","meta":{"_acf_changed":false,"_exactmetrics_skip_tracking":false,"_exactmetrics_sitenote_active":false,"_exactmetrics_sitenote_note":"","_exactmetrics_sitenote_category":0},"product_brand":[],"product_cat":[902,1159,1171,1123,1221],"product_tag":[],"coleccion":[1057],"class_list":{"0":"post-6024","1":"product","2":"type-product","3":"status-publish","4":"has-post-thumbnail","6":"product_cat-a-partir-de-7-anos","7":"product_cat-cuerpo-humano-anatomia","8":"product_cat-embarazo-gestacion","9":"product_cat-libros-informativos-infantil","10":"product_cat-sexualidad","11":"coleccion-cuerpo-y-emociones","13":"first","14":"instock","15":"taxable","16":"shipping-taxable","17":"purchasable","18":"product-type-simple"},"acf":{"autor":"Geisler. Darmar","codart":"4130","ediciones":"1","encuadernacion":"Carton\u00e9","fecha_de_publicacion":"01\/03\/2015","novedad":"0","paginas":"36","subtitulo":"","texto_web_adicional":"","texto_web_novedad":"","orden":"999","portada":"0","texto_web_resaltado":"","indice":"","autores-libros":[16365],"ilustradores-libros":[16365],"traductores-libros":"","descripcion_corta":"","recomendamos":"","mas_vendido":"","idioma-libro":"","color":false,"formato":"","mas_informacion_del_producto":false,"premios":false,"texto_enlace_cubierta":"","enlace_cubierta":false,"texto_enlace_ficha_tecnica":"","enlace_ficha_tecnica":false,"ficheros":false,"titulo-fr":"","texto-fr":"","fecha_de_reimpresion":"","deshabilitar_compra":[]},"yoast_head":"<!-- This site is optimized with the Yoast SEO plugin v27.5 - https:\/\/yoast.com\/product\/yoast-seo-wordpress\/ -->\n<title>\u00bfYo tambi\u00e9n estuve en tu barriga, Mam\u00e1? - Editorial Juventud<\/title>\n<meta name=\"description\" content=\"Saber de d\u00f3nde venimos, \u00bfhay algo m\u00e1s apasionante? Este libro favorece el di\u00e1logo con los ni\u00f1os sobre este importante tema y explica, con tacto y\" \/>\n<meta name=\"robots\" content=\"index, follow, max-snippet:-1, max-image-preview:large, max-video-preview:-1\" \/>\n<link rel=\"canonical\" href=\"https:\/\/www.editorialjuventud.es\/yo-tambien-estuve-en-tu-barriga-mama-9788426141309\/\" \/>\n<meta property=\"og:locale\" content=\"ca_ES\" \/>\n<meta property=\"og:type\" content=\"article\" \/>\n<meta property=\"og:title\" content=\"\u00bfYo tambi\u00e9n estuve en tu barriga, Mam\u00e1? - Editorial Juventud\" \/>\n<meta property=\"og:description\" content=\"Saber de d\u00f3nde venimos, \u00bfhay algo m\u00e1s apasionante? Este libro favorece el di\u00e1logo con los ni\u00f1os sobre este importante tema y explica, con tacto y\" \/>\n<meta property=\"og:url\" content=\"https:\/\/www.editorialjuventud.es\/yo-tambien-estuve-en-tu-barriga-mama-9788426141309\/\" \/>\n<meta property=\"og:site_name\" content=\"Editorial Juventud\" \/>\n<meta property=\"article:modified_time\" content=\"2025-01-22T12:16:31+00:00\" \/>\n<meta property=\"og:image\" content=\"https:\/\/www.editorialjuventud.es\/wp-content\/uploads\/4130-e1682000947229.jpg\" \/>\n\t<meta property=\"og:image:width\" content=\"363\" \/>\n\t<meta property=\"og:image:height\" content=\"450\" \/>\n\t<meta property=\"og:image:type\" content=\"image\/jpeg\" \/>\n<meta name=\"twitter:card\" content=\"summary_large_image\" \/>\n<script type=\"application\/ld+json\" class=\"yoast-schema-graph\">{\"@context\":\"https:\\\/\\\/schema.org\",\"@graph\":[{\"@type\":\"WebPage\",\"@id\":\"https:\\\/\\\/www.editorialjuventud.es\\\/yo-tambien-estuve-en-tu-barriga-mama-9788426141309\\\/\",\"url\":\"https:\\\/\\\/www.editorialjuventud.es\\\/yo-tambien-estuve-en-tu-barriga-mama-9788426141309\\\/\",\"name\":\"\u00bfYo tambi\u00e9n estuve en tu barriga, Mam\u00e1? - Editorial Juventud\",\"isPartOf\":{\"@id\":\"https:\\\/\\\/www.editorialjuventud.es\\\/#website\"},\"primaryImageOfPage\":{\"@id\":\"https:\\\/\\\/www.editorialjuventud.es\\\/yo-tambien-estuve-en-tu-barriga-mama-9788426141309\\\/#primaryimage\"},\"image\":{\"@id\":\"https:\\\/\\\/www.editorialjuventud.es\\\/yo-tambien-estuve-en-tu-barriga-mama-9788426141309\\\/#primaryimage\"},\"thumbnailUrl\":\"https:\\\/\\\/www.editorialjuventud.es\\\/wp-content\\\/uploads\\\/4130-e1682000947229.jpg\",\"datePublished\":\"2018-08-24T09:47:03+00:00\",\"dateModified\":\"2025-01-22T12:16:31+00:00\",\"description\":\"Saber de d\u00f3nde venimos, \u00bfhay algo m\u00e1s apasionante? Este libro favorece el di\u00e1logo con los ni\u00f1os sobre este importante tema y explica, con tacto y\",\"breadcrumb\":{\"@id\":\"https:\\\/\\\/www.editorialjuventud.es\\\/yo-tambien-estuve-en-tu-barriga-mama-9788426141309\\\/#breadcrumb\"},\"inLanguage\":\"ca\",\"potentialAction\":[{\"@type\":\"ReadAction\",\"target\":[\"https:\\\/\\\/www.editorialjuventud.es\\\/yo-tambien-estuve-en-tu-barriga-mama-9788426141309\\\/\"]}]},{\"@type\":\"ImageObject\",\"inLanguage\":\"ca\",\"@id\":\"https:\\\/\\\/www.editorialjuventud.es\\\/yo-tambien-estuve-en-tu-barriga-mama-9788426141309\\\/#primaryimage\",\"url\":\"https:\\\/\\\/www.editorialjuventud.es\\\/wp-content\\\/uploads\\\/4130-e1682000947229.jpg\",\"contentUrl\":\"https:\\\/\\\/www.editorialjuventud.es\\\/wp-content\\\/uploads\\\/4130-e1682000947229.jpg\",\"width\":363,\"height\":450},{\"@type\":\"BreadcrumbList\",\"@id\":\"https:\\\/\\\/www.editorialjuventud.es\\\/yo-tambien-estuve-en-tu-barriga-mama-9788426141309\\\/#breadcrumb\",\"itemListElement\":[{\"@type\":\"ListItem\",\"position\":1,\"name\":\"Portada\",\"item\":\"https:\\\/\\\/www.editorialjuventud.es\\\/\"},{\"@type\":\"ListItem\",\"position\":2,\"name\":\"cat\u00e1logo\",\"item\":\"https:\\\/\\\/www.editorialjuventud.es\\\/coleccion\\\/catalogo\\\/\"},{\"@type\":\"ListItem\",\"position\":3,\"name\":\"castellano\",\"item\":\"https:\\\/\\\/www.editorialjuventud.es\\\/coleccion\\\/castellano\\\/\"},{\"@type\":\"ListItem\",\"position\":4,\"name\":\"\u00c1lbumes Ilustrados\",\"item\":\"https:\\\/\\\/www.editorialjuventud.es\\\/coleccion\\\/albumes-ilustrados\\\/\"},{\"@type\":\"ListItem\",\"position\":5,\"name\":\"Conocer y Comprender\",\"item\":\"https:\\\/\\\/www.editorialjuventud.es\\\/coleccion\\\/conocer-y-comprender\\\/\"},{\"@type\":\"ListItem\",\"position\":6,\"name\":\"Cuerpo y Emociones\",\"item\":\"https:\\\/\\\/www.editorialjuventud.es\\\/coleccion\\\/cuerpo-y-emociones\\\/\"},{\"@type\":\"ListItem\",\"position\":7,\"name\":\"\u00bfYo tambi\u00e9n estuve en tu barriga, Mam\u00e1?\"}]},{\"@type\":\"WebSite\",\"@id\":\"https:\\\/\\\/www.editorialjuventud.es\\\/#website\",\"url\":\"https:\\\/\\\/www.editorialjuventud.es\\\/\",\"name\":\"Editorial Juventud\",\"description\":\"\",\"potentialAction\":[{\"@type\":\"SearchAction\",\"target\":{\"@type\":\"EntryPoint\",\"urlTemplate\":\"https:\\\/\\\/www.editorialjuventud.es\\\/?s={search_term_string}\"},\"query-input\":{\"@type\":\"PropertyValueSpecification\",\"valueRequired\":true,\"valueName\":\"search_term_string\"}}],\"inLanguage\":\"ca\"}]}<\/script>\n<!-- \/ Yoast SEO plugin. -->","yoast_head_json":{"title":"\u00bfYo tambi\u00e9n estuve en tu barriga, Mam\u00e1? - Editorial Juventud","description":"Saber de d\u00f3nde venimos, \u00bfhay algo m\u00e1s apasionante? Este libro favorece el di\u00e1logo con los ni\u00f1os sobre este importante tema y explica, con tacto y","robots":{"index":"index","follow":"follow","max-snippet":"max-snippet:-1","max-image-preview":"max-image-preview:large","max-video-preview":"max-video-preview:-1"},"canonical":"https:\/\/www.editorialjuventud.es\/yo-tambien-estuve-en-tu-barriga-mama-9788426141309\/","og_locale":"ca_ES","og_type":"article","og_title":"\u00bfYo tambi\u00e9n estuve en tu barriga, Mam\u00e1? - Editorial Juventud","og_description":"Saber de d\u00f3nde venimos, \u00bfhay algo m\u00e1s apasionante? Este libro favorece el di\u00e1logo con los ni\u00f1os sobre este importante tema y explica, con tacto y","og_url":"https:\/\/www.editorialjuventud.es\/yo-tambien-estuve-en-tu-barriga-mama-9788426141309\/","og_site_name":"Editorial Juventud","article_modified_time":"2025-01-22T12:16:31+00:00","og_image":[{"width":363,"height":450,"url":"https:\/\/www.editorialjuventud.es\/wp-content\/uploads\/4130-e1682000947229.jpg","type":"image\/jpeg"}],"twitter_card":"summary_large_image","schema":{"@context":"https:\/\/schema.org","@graph":[{"@type":"WebPage","@id":"https:\/\/www.editorialjuventud.es\/yo-tambien-estuve-en-tu-barriga-mama-9788426141309\/","url":"https:\/\/www.editorialjuventud.es\/yo-tambien-estuve-en-tu-barriga-mama-9788426141309\/","name":"\u00bfYo tambi\u00e9n estuve en tu barriga, Mam\u00e1? - Editorial Juventud","isPartOf":{"@id":"https:\/\/www.editorialjuventud.es\/#website"},"primaryImageOfPage":{"@id":"https:\/\/www.editorialjuventud.es\/yo-tambien-estuve-en-tu-barriga-mama-9788426141309\/#primaryimage"},"image":{"@id":"https:\/\/www.editorialjuventud.es\/yo-tambien-estuve-en-tu-barriga-mama-9788426141309\/#primaryimage"},"thumbnailUrl":"https:\/\/www.editorialjuventud.es\/wp-content\/uploads\/4130-e1682000947229.jpg","datePublished":"2018-08-24T09:47:03+00:00","dateModified":"2025-01-22T12:16:31+00:00","description":"Saber de d\u00f3nde venimos, \u00bfhay algo m\u00e1s apasionante? Este libro favorece el di\u00e1logo con los ni\u00f1os sobre este importante tema y explica, con tacto y","breadcrumb":{"@id":"https:\/\/www.editorialjuventud.es\/yo-tambien-estuve-en-tu-barriga-mama-9788426141309\/#breadcrumb"},"inLanguage":"ca","potentialAction":[{"@type":"ReadAction","target":["https:\/\/www.editorialjuventud.es\/yo-tambien-estuve-en-tu-barriga-mama-9788426141309\/"]}]},{"@type":"ImageObject","inLanguage":"ca","@id":"https:\/\/www.editorialjuventud.es\/yo-tambien-estuve-en-tu-barriga-mama-9788426141309\/#primaryimage","url":"https:\/\/www.editorialjuventud.es\/wp-content\/uploads\/4130-e1682000947229.jpg","contentUrl":"https:\/\/www.editorialjuventud.es\/wp-content\/uploads\/4130-e1682000947229.jpg","width":363,"height":450},{"@type":"BreadcrumbList","@id":"https:\/\/www.editorialjuventud.es\/yo-tambien-estuve-en-tu-barriga-mama-9788426141309\/#breadcrumb","itemListElement":[{"@type":"ListItem","position":1,"name":"Portada","item":"https:\/\/www.editorialjuventud.es\/"},{"@type":"ListItem","position":2,"name":"cat\u00e1logo","item":"https:\/\/www.editorialjuventud.es\/coleccion\/catalogo\/"},{"@type":"ListItem","position":3,"name":"castellano","item":"https:\/\/www.editorialjuventud.es\/coleccion\/castellano\/"},{"@type":"ListItem","position":4,"name":"\u00c1lbumes Ilustrados","item":"https:\/\/www.editorialjuventud.es\/coleccion\/albumes-ilustrados\/"},{"@type":"ListItem","position":5,"name":"Conocer y Comprender","item":"https:\/\/www.editorialjuventud.es\/coleccion\/conocer-y-comprender\/"},{"@type":"ListItem","position":6,"name":"Cuerpo y Emociones","item":"https:\/\/www.editorialjuventud.es\/coleccion\/cuerpo-y-emociones\/"},{"@type":"ListItem","position":7,"name":"\u00bfYo tambi\u00e9n estuve en tu barriga, Mam\u00e1?"}]},{"@type":"WebSite","@id":"https:\/\/www.editorialjuventud.es\/#website","url":"https:\/\/www.editorialjuventud.es\/","name":"Editorial Juventud","description":"","potentialAction":[{"@type":"SearchAction","target":{"@type":"EntryPoint","urlTemplate":"https:\/\/www.editorialjuventud.es\/?s={search_term_string}"},"query-input":{"@type":"PropertyValueSpecification","valueRequired":true,"valueName":"search_term_string"}}],"inLanguage":"ca"}]}},"_links":{"self":[{"href":"https:\/\/www.editorialjuventud.es\/ca\/wp-json\/wp\/v2\/product\/6024","targetHints":{"allow":["GET"]}}],"collection":[{"href":"https:\/\/www.editorialjuventud.es\/ca\/wp-json\/wp\/v2\/product"}],"about":[{"href":"https:\/\/www.editorialjuventud.es\/ca\/wp-json\/wp\/v2\/types\/product"}],"wp:featuredmedia":[{"embeddable":true,"href":"https:\/\/www.editorialjuventud.es\/ca\/wp-json\/wp\/v2\/media\/75922"}],"wp:attachment":[{"href":"https:\/\/www.editorialjuventud.es\/ca\/wp-json\/wp\/v2\/media?parent=6024"}],"wp:term":[{"taxonomy":"product_brand","embeddable":true,"href":"https:\/\/www.editorialjuventud.es\/ca\/wp-json\/wp\/v2\/product_brand?post=6024"},{"taxonomy":"product_cat","embeddable":true,"href":"https:\/\/www.editorialjuventud.es\/ca\/wp-json\/wp\/v2\/product_cat?post=6024"},{"taxonomy":"product_tag","embeddable":true,"href":"https:\/\/www.editorialjuventud.es\/ca\/wp-json\/wp\/v2\/product_tag?post=6024"},{"taxonomy":"coleccion","embeddable":true,"href":"https:\/\/www.editorialjuventud.es\/ca\/wp-json\/wp\/v2\/coleccion?post=6024"}],"curies":[{"name":"wp","href":"https:\/\/api.w.org\/{rel}","templated":true}]}}