{"id":6022,"date":"2018-08-24T11:46:54","date_gmt":"2018-08-24T09:46:54","guid":{"rendered":"http:\/\/www.editorialjuventud.es\/el-meu-cos-es-meu\/"},"modified":"2025-01-22T13:16:46","modified_gmt":"2025-01-22T12:16:46","slug":"el-meu-cos-es-meu-9788426141293","status":"publish","type":"product","link":"https:\/\/www.editorialjuventud.es\/ca\/el-meu-cos-es-meu-9788426141293\/","title":{"rendered":"El meu cos \u00e9s meu!"},"content":{"rendered":"<p>\u00abS\u00f3c la Clara, i tinc quelcom molt especial: el meu cos! \u00c9s meu i de ning\u00fa m\u00e9s. Si no m\u2019agrada que em toquin, dic: \u201cDeixa\u2019m. No em toquis. No ho vull.\u201d\u00bb<br \/>Dir que no i protegir-se de contactes desagradables no \u00e9s f\u00e0cil. Els nens que se senten segurs de si mateixos tenen m\u00e9s facilitat per dir ben clar el que volen i el que no. Per aix\u00f2 \u00e9s important que tots els nens prenguin consci\u00e8ncia dels seus sentiments i del seu cos. Nom\u00e9s aix\u00ed podran establir l\u00edmits. <br \/>Prevenci\u00f3 contra l\u2019ab\u00fas.<\/p>\n","protected":false},"excerpt":{"rendered":"\u00abS\u00f3c la Clara, i tinc quelcom molt especial: el meu cos! \u00c9s meu i de ning\u00fa m\u00e9s. Si no m\u2019agrada que em toquin, dic: \u201cDeixa\u2019m. No em toquis. No ho vull.\u201d\u00bbDir que no i protegir-se de contactes desagradables no \u00e9s [&hellip;]","protected":false},"featured_media":16724,"template":"","meta":{"_acf_changed":false,"_exactmetrics_skip_tracking":false,"_exactmetrics_sitenote_active":false,"_exactmetrics_sitenote_note":"","_exactmetrics_sitenote_category":0},"product_brand":[],"product_cat":[900,1141,1123,1212,1221],"product_tag":[],"coleccion":[946,1034],"class_list":{"0":"post-6022","1":"product","2":"type-product","3":"status-publish","4":"has-post-thumbnail","6":"product_cat-a-partir-de-5-anos","7":"product_cat-autoestima","8":"product_cat-libros-informativos-infantil","9":"product_cat-prevencion","10":"product_cat-sexualidad","11":"coleccion-com-i-per-que","12":"coleccion-cos-i-emocions","14":"first","15":"instock","16":"taxable","17":"shipping-taxable","18":"purchasable","19":"product-type-simple"},"acf":{"autor":"Geisler, Dagmar","codart":"4129","ediciones":"4","encuadernacion":"Carton\u00e9","fecha_de_publicacion":"01\/03\/2015","novedad":"0","paginas":"36","subtitulo":"","texto_web_adicional":"","texto_web_novedad":"","orden":"999","portada":"0","texto_web_resaltado":"","indice":"","autores-libros":[16365],"ilustradores-libros":[16365],"traductores-libros":[18265],"descripcion_corta":"","recomendamos":"","mas_vendido":"","idioma-libro":"","color":false,"formato":"","mas_informacion_del_producto":false,"premios":false,"texto_enlace_cubierta":"","enlace_cubierta":false,"texto_enlace_ficha_tecnica":"","enlace_ficha_tecnica":false,"ficheros":false,"titulo-fr":"","texto-fr":"","fecha_de_reimpresion":"01\/10\/2024","deshabilitar_compra":[]},"yoast_head":"<!-- This site is optimized with the Yoast SEO plugin v27.3 - https:\/\/yoast.com\/product\/yoast-seo-wordpress\/ -->\n<title>El meu cos \u00e9s meu! - Editorial Juventud<\/title>\n<meta name=\"description\" content=\"\u00abS\u00f3c la Clara, i tinc quelcom molt especial: el meu cos! \u00c9s meu i de ning\u00fa m\u00e9s. Si no m\u2019agrada que em toquin, dic: \u201cDeixa\u2019m. No em toquis. No ho\" \/>\n<meta name=\"robots\" content=\"index, follow, max-snippet:-1, max-image-preview:large, max-video-preview:-1\" \/>\n<link rel=\"canonical\" href=\"https:\/\/www.editorialjuventud.es\/el-meu-cos-es-meu-9788426141293\/\" \/>\n<meta property=\"og:locale\" content=\"ca_ES\" \/>\n<meta property=\"og:type\" content=\"article\" \/>\n<meta property=\"og:title\" content=\"El meu cos \u00e9s meu! - Editorial Juventud\" \/>\n<meta property=\"og:description\" content=\"\u00abS\u00f3c la Clara, i tinc quelcom molt especial: el meu cos! \u00c9s meu i de ning\u00fa m\u00e9s. Si no m\u2019agrada que em toquin, dic: \u201cDeixa\u2019m. No em toquis. No ho\" \/>\n<meta property=\"og:url\" content=\"https:\/\/www.editorialjuventud.es\/el-meu-cos-es-meu-9788426141293\/\" \/>\n<meta property=\"og:site_name\" content=\"Editorial Juventud\" \/>\n<meta property=\"article:modified_time\" content=\"2025-01-22T12:16:46+00:00\" \/>\n<meta property=\"og:image\" content=\"https:\/\/www.editorialjuventud.es\/wp-content\/uploads\/4129.jpg\" \/>\n\t<meta property=\"og:image:width\" content=\"360\" \/>\n\t<meta property=\"og:image:height\" content=\"450\" \/>\n\t<meta property=\"og:image:type\" content=\"image\/jpeg\" \/>\n<meta name=\"twitter:card\" content=\"summary_large_image\" \/>\n<meta name=\"twitter:label1\" content=\"Temps estimat de lectura\" \/>\n\t<meta name=\"twitter:data1\" content=\"1 minut\" \/>\n<script type=\"application\/ld+json\" class=\"yoast-schema-graph\">{\"@context\":\"https:\\\/\\\/schema.org\",\"@graph\":[{\"@type\":\"WebPage\",\"@id\":\"https:\\\/\\\/www.editorialjuventud.es\\\/el-meu-cos-es-meu-9788426141293\\\/\",\"url\":\"https:\\\/\\\/www.editorialjuventud.es\\\/el-meu-cos-es-meu-9788426141293\\\/\",\"name\":\"El meu cos \u00e9s meu! - Editorial Juventud\",\"isPartOf\":{\"@id\":\"https:\\\/\\\/www.editorialjuventud.es\\\/#website\"},\"primaryImageOfPage\":{\"@id\":\"https:\\\/\\\/www.editorialjuventud.es\\\/el-meu-cos-es-meu-9788426141293\\\/#primaryimage\"},\"image\":{\"@id\":\"https:\\\/\\\/www.editorialjuventud.es\\\/el-meu-cos-es-meu-9788426141293\\\/#primaryimage\"},\"thumbnailUrl\":\"https:\\\/\\\/www.editorialjuventud.es\\\/wp-content\\\/uploads\\\/4129.jpg\",\"datePublished\":\"2018-08-24T09:46:54+00:00\",\"dateModified\":\"2025-01-22T12:16:46+00:00\",\"description\":\"\u00abS\u00f3c la Clara, i tinc quelcom molt especial: el meu cos! \u00c9s meu i de ning\u00fa m\u00e9s. Si no m\u2019agrada que em toquin, dic: \u201cDeixa\u2019m. No em toquis. No ho\",\"breadcrumb\":{\"@id\":\"https:\\\/\\\/www.editorialjuventud.es\\\/el-meu-cos-es-meu-9788426141293\\\/#breadcrumb\"},\"inLanguage\":\"ca\",\"potentialAction\":[{\"@type\":\"ReadAction\",\"target\":[\"https:\\\/\\\/www.editorialjuventud.es\\\/el-meu-cos-es-meu-9788426141293\\\/\"]}]},{\"@type\":\"ImageObject\",\"inLanguage\":\"ca\",\"@id\":\"https:\\\/\\\/www.editorialjuventud.es\\\/el-meu-cos-es-meu-9788426141293\\\/#primaryimage\",\"url\":\"https:\\\/\\\/www.editorialjuventud.es\\\/wp-content\\\/uploads\\\/4129.jpg\",\"contentUrl\":\"https:\\\/\\\/www.editorialjuventud.es\\\/wp-content\\\/uploads\\\/4129.jpg\",\"width\":360,\"height\":450,\"caption\":\"4129.jpg\"},{\"@type\":\"BreadcrumbList\",\"@id\":\"https:\\\/\\\/www.editorialjuventud.es\\\/el-meu-cos-es-meu-9788426141293\\\/#breadcrumb\",\"itemListElement\":[{\"@type\":\"ListItem\",\"position\":1,\"name\":\"Portada\",\"item\":\"https:\\\/\\\/www.editorialjuventud.es\\\/\"},{\"@type\":\"ListItem\",\"position\":2,\"name\":\"cat\u00e1logo\",\"item\":\"https:\\\/\\\/www.editorialjuventud.es\\\/coleccion\\\/catalogo\\\/\"},{\"@type\":\"ListItem\",\"position\":3,\"name\":\"catal\u00e0\",\"item\":\"https:\\\/\\\/www.editorialjuventud.es\\\/coleccion\\\/catala\\\/\"},{\"@type\":\"ListItem\",\"position\":4,\"name\":\"\u00c0lbums Il\u00b7lustrats\",\"item\":\"https:\\\/\\\/www.editorialjuventud.es\\\/coleccion\\\/albums-il%c2%b7lustrats\\\/\"},{\"@type\":\"ListItem\",\"position\":5,\"name\":\"Com i Per qu\u00e8\",\"item\":\"https:\\\/\\\/www.editorialjuventud.es\\\/coleccion\\\/com-i-per-que\\\/\"},{\"@type\":\"ListItem\",\"position\":6,\"name\":\"Cos i Emocions\",\"item\":\"https:\\\/\\\/www.editorialjuventud.es\\\/coleccion\\\/cos-i-emocions\\\/\"},{\"@type\":\"ListItem\",\"position\":7,\"name\":\"El meu cos \u00e9s meu!\"}]},{\"@type\":\"WebSite\",\"@id\":\"https:\\\/\\\/www.editorialjuventud.es\\\/#website\",\"url\":\"https:\\\/\\\/www.editorialjuventud.es\\\/\",\"name\":\"Editorial Juventud\",\"description\":\"\",\"potentialAction\":[{\"@type\":\"SearchAction\",\"target\":{\"@type\":\"EntryPoint\",\"urlTemplate\":\"https:\\\/\\\/www.editorialjuventud.es\\\/?s={search_term_string}\"},\"query-input\":{\"@type\":\"PropertyValueSpecification\",\"valueRequired\":true,\"valueName\":\"search_term_string\"}}],\"inLanguage\":\"ca\"}]}<\/script>\n<!-- \/ Yoast SEO plugin. -->","yoast_head_json":{"title":"El meu cos \u00e9s meu! - Editorial Juventud","description":"\u00abS\u00f3c la Clara, i tinc quelcom molt especial: el meu cos! \u00c9s meu i de ning\u00fa m\u00e9s. Si no m\u2019agrada que em toquin, dic: \u201cDeixa\u2019m. No em toquis. No ho","robots":{"index":"index","follow":"follow","max-snippet":"max-snippet:-1","max-image-preview":"max-image-preview:large","max-video-preview":"max-video-preview:-1"},"canonical":"https:\/\/www.editorialjuventud.es\/el-meu-cos-es-meu-9788426141293\/","og_locale":"ca_ES","og_type":"article","og_title":"El meu cos \u00e9s meu! - Editorial Juventud","og_description":"\u00abS\u00f3c la Clara, i tinc quelcom molt especial: el meu cos! \u00c9s meu i de ning\u00fa m\u00e9s. Si no m\u2019agrada que em toquin, dic: \u201cDeixa\u2019m. No em toquis. No ho","og_url":"https:\/\/www.editorialjuventud.es\/el-meu-cos-es-meu-9788426141293\/","og_site_name":"Editorial Juventud","article_modified_time":"2025-01-22T12:16:46+00:00","og_image":[{"width":360,"height":450,"url":"https:\/\/www.editorialjuventud.es\/wp-content\/uploads\/4129.jpg","type":"image\/jpeg"}],"twitter_card":"summary_large_image","twitter_misc":{"Temps estimat de lectura":"1 minut"},"schema":{"@context":"https:\/\/schema.org","@graph":[{"@type":"WebPage","@id":"https:\/\/www.editorialjuventud.es\/el-meu-cos-es-meu-9788426141293\/","url":"https:\/\/www.editorialjuventud.es\/el-meu-cos-es-meu-9788426141293\/","name":"El meu cos \u00e9s meu! - Editorial Juventud","isPartOf":{"@id":"https:\/\/www.editorialjuventud.es\/#website"},"primaryImageOfPage":{"@id":"https:\/\/www.editorialjuventud.es\/el-meu-cos-es-meu-9788426141293\/#primaryimage"},"image":{"@id":"https:\/\/www.editorialjuventud.es\/el-meu-cos-es-meu-9788426141293\/#primaryimage"},"thumbnailUrl":"https:\/\/www.editorialjuventud.es\/wp-content\/uploads\/4129.jpg","datePublished":"2018-08-24T09:46:54+00:00","dateModified":"2025-01-22T12:16:46+00:00","description":"\u00abS\u00f3c la Clara, i tinc quelcom molt especial: el meu cos! \u00c9s meu i de ning\u00fa m\u00e9s. Si no m\u2019agrada que em toquin, dic: \u201cDeixa\u2019m. No em toquis. No ho","breadcrumb":{"@id":"https:\/\/www.editorialjuventud.es\/el-meu-cos-es-meu-9788426141293\/#breadcrumb"},"inLanguage":"ca","potentialAction":[{"@type":"ReadAction","target":["https:\/\/www.editorialjuventud.es\/el-meu-cos-es-meu-9788426141293\/"]}]},{"@type":"ImageObject","inLanguage":"ca","@id":"https:\/\/www.editorialjuventud.es\/el-meu-cos-es-meu-9788426141293\/#primaryimage","url":"https:\/\/www.editorialjuventud.es\/wp-content\/uploads\/4129.jpg","contentUrl":"https:\/\/www.editorialjuventud.es\/wp-content\/uploads\/4129.jpg","width":360,"height":450,"caption":"4129.jpg"},{"@type":"BreadcrumbList","@id":"https:\/\/www.editorialjuventud.es\/el-meu-cos-es-meu-9788426141293\/#breadcrumb","itemListElement":[{"@type":"ListItem","position":1,"name":"Portada","item":"https:\/\/www.editorialjuventud.es\/"},{"@type":"ListItem","position":2,"name":"cat\u00e1logo","item":"https:\/\/www.editorialjuventud.es\/coleccion\/catalogo\/"},{"@type":"ListItem","position":3,"name":"catal\u00e0","item":"https:\/\/www.editorialjuventud.es\/coleccion\/catala\/"},{"@type":"ListItem","position":4,"name":"\u00c0lbums Il\u00b7lustrats","item":"https:\/\/www.editorialjuventud.es\/coleccion\/albums-il%c2%b7lustrats\/"},{"@type":"ListItem","position":5,"name":"Com i Per qu\u00e8","item":"https:\/\/www.editorialjuventud.es\/coleccion\/com-i-per-que\/"},{"@type":"ListItem","position":6,"name":"Cos i Emocions","item":"https:\/\/www.editorialjuventud.es\/coleccion\/cos-i-emocions\/"},{"@type":"ListItem","position":7,"name":"El meu cos \u00e9s meu!"}]},{"@type":"WebSite","@id":"https:\/\/www.editorialjuventud.es\/#website","url":"https:\/\/www.editorialjuventud.es\/","name":"Editorial Juventud","description":"","potentialAction":[{"@type":"SearchAction","target":{"@type":"EntryPoint","urlTemplate":"https:\/\/www.editorialjuventud.es\/?s={search_term_string}"},"query-input":{"@type":"PropertyValueSpecification","valueRequired":true,"valueName":"search_term_string"}}],"inLanguage":"ca"}]}},"_links":{"self":[{"href":"https:\/\/www.editorialjuventud.es\/ca\/wp-json\/wp\/v2\/product\/6022","targetHints":{"allow":["GET"]}}],"collection":[{"href":"https:\/\/www.editorialjuventud.es\/ca\/wp-json\/wp\/v2\/product"}],"about":[{"href":"https:\/\/www.editorialjuventud.es\/ca\/wp-json\/wp\/v2\/types\/product"}],"wp:featuredmedia":[{"embeddable":true,"href":"https:\/\/www.editorialjuventud.es\/ca\/wp-json\/wp\/v2\/media\/16724"}],"wp:attachment":[{"href":"https:\/\/www.editorialjuventud.es\/ca\/wp-json\/wp\/v2\/media?parent=6022"}],"wp:term":[{"taxonomy":"product_brand","embeddable":true,"href":"https:\/\/www.editorialjuventud.es\/ca\/wp-json\/wp\/v2\/product_brand?post=6022"},{"taxonomy":"product_cat","embeddable":true,"href":"https:\/\/www.editorialjuventud.es\/ca\/wp-json\/wp\/v2\/product_cat?post=6022"},{"taxonomy":"product_tag","embeddable":true,"href":"https:\/\/www.editorialjuventud.es\/ca\/wp-json\/wp\/v2\/product_tag?post=6022"},{"taxonomy":"coleccion","embeddable":true,"href":"https:\/\/www.editorialjuventud.es\/ca\/wp-json\/wp\/v2\/coleccion?post=6022"}],"curies":[{"name":"wp","href":"https:\/\/api.w.org\/{rel}","templated":true}]}}