{"id":6020,"date":"2018-08-24T13:46:45","date_gmt":"2018-08-24T09:46:45","guid":{"rendered":"http:\/\/www.editorialjuventud.es\/el-bogavante-cumple-cien-anos\/"},"modified":"2025-01-22T13:16:35","modified_gmt":"2025-01-22T12:16:35","slug":"el-bogavante-cumple-cien-anos-9788426141279","status":"publish","type":"product","link":"https:\/\/www.editorialjuventud.es\/ca\/el-bogavante-cumple-cien-anos-9788426141279\/","title":{"rendered":"\u00a1El bogavante cumple cien a\u00f1os!"},"content":{"rendered":"<p>\u00a1Incre\u00edble, pero cierto! El bogavante puede llegar a cumplir 100 a\u00f1os. Y la tortuga de los Gal\u00e1pagos m\u00e1s vieja vivi\u00f3 hasta los 176 a\u00f1os. Un \u00e1lbum ilustrado lleno de humor sobre la edad r\u00e9cord de los animales, desde la mosca ef\u00edmera hasta la ballena de Groenlandia.<\/p>\n","protected":false},"excerpt":{"rendered":"\u00a1Incre\u00edble, pero cierto! El bogavante puede llegar a cumplir 100 a\u00f1os. Y la tortuga de los Gal\u00e1pagos m\u00e1s vieja vivi\u00f3 hasta los 176 a\u00f1os. Un \u00e1lbum ilustrado lleno de humor sobre la edad r\u00e9cord de los animales, desde la mosca [&hellip;]","protected":false},"featured_media":11735,"template":"","meta":{"_acf_changed":false,"_exactmetrics_skip_tracking":false,"_exactmetrics_sitenote_active":false,"_exactmetrics_sitenote_note":"","_exactmetrics_sitenote_category":0},"product_brand":[],"product_cat":[900,1138,1123],"product_tag":[],"coleccion":[987],"class_list":{"0":"post-6020","1":"product","2":"type-product","3":"status-publish","4":"has-post-thumbnail","6":"product_cat-a-partir-de-5-anos","7":"product_cat-animales","8":"product_cat-libros-informativos-infantil","9":"coleccion-conocer-y-comprender","11":"first","12":"instock","13":"taxable","14":"shipping-taxable","15":"purchasable","16":"product-type-simple"},"acf":{"autor":"Badstuber, Martina","codart":"4127","ediciones":"1","encuadernacion":"Carton\u00e9","fecha_de_publicacion":"01\/01\/2015","novedad":"0","paginas":"36","subtitulo":"","texto_web_adicional":"","texto_web_novedad":"","orden":"999","portada":"0","texto_web_resaltado":"","autores-libros":[16203],"ilustradores-libros":[16203]},"yoast_head":"<!-- This site is optimized with the Yoast SEO plugin v27.3 - https:\/\/yoast.com\/product\/yoast-seo-wordpress\/ -->\n<title>\u00a1El bogavante cumple cien a\u00f1os! - Editorial Juventud<\/title>\n<meta name=\"description\" content=\"\u00a1Incre\u00edble, pero cierto! El bogavante puede llegar a cumplir 100 a\u00f1os. Y la tortuga de los Gal\u00e1pagos m\u00e1s vieja vivi\u00f3 hasta los 176 a\u00f1os. Un \u00e1lbum\" \/>\n<meta name=\"robots\" content=\"index, follow, max-snippet:-1, max-image-preview:large, max-video-preview:-1\" \/>\n<link rel=\"canonical\" href=\"https:\/\/www.editorialjuventud.es\/el-bogavante-cumple-cien-anos-9788426141279\/\" \/>\n<meta property=\"og:locale\" content=\"ca_ES\" \/>\n<meta property=\"og:type\" content=\"article\" \/>\n<meta property=\"og:title\" content=\"\u00a1El bogavante cumple cien a\u00f1os! - Editorial Juventud\" \/>\n<meta property=\"og:description\" content=\"\u00a1Incre\u00edble, pero cierto! El bogavante puede llegar a cumplir 100 a\u00f1os. Y la tortuga de los Gal\u00e1pagos m\u00e1s vieja vivi\u00f3 hasta los 176 a\u00f1os. Un \u00e1lbum\" \/>\n<meta property=\"og:url\" content=\"https:\/\/www.editorialjuventud.es\/el-bogavante-cumple-cien-anos-9788426141279\/\" \/>\n<meta property=\"og:site_name\" content=\"Editorial Juventud\" \/>\n<meta property=\"article:modified_time\" content=\"2025-01-22T12:16:35+00:00\" \/>\n<meta property=\"og:image\" content=\"https:\/\/www.editorialjuventud.es\/wp-content\/uploads\/4127.jpg\" \/>\n\t<meta property=\"og:image:width\" content=\"468\" \/>\n\t<meta property=\"og:image:height\" content=\"450\" \/>\n\t<meta property=\"og:image:type\" content=\"image\/jpeg\" \/>\n<meta name=\"twitter:card\" content=\"summary_large_image\" \/>\n<script type=\"application\/ld+json\" class=\"yoast-schema-graph\">{\"@context\":\"https:\\\/\\\/schema.org\",\"@graph\":[{\"@type\":\"WebPage\",\"@id\":\"https:\\\/\\\/www.editorialjuventud.es\\\/el-bogavante-cumple-cien-anos-9788426141279\\\/\",\"url\":\"https:\\\/\\\/www.editorialjuventud.es\\\/el-bogavante-cumple-cien-anos-9788426141279\\\/\",\"name\":\"\u00a1El bogavante cumple cien a\u00f1os! - Editorial Juventud\",\"isPartOf\":{\"@id\":\"https:\\\/\\\/www.editorialjuventud.es\\\/#website\"},\"primaryImageOfPage\":{\"@id\":\"https:\\\/\\\/www.editorialjuventud.es\\\/el-bogavante-cumple-cien-anos-9788426141279\\\/#primaryimage\"},\"image\":{\"@id\":\"https:\\\/\\\/www.editorialjuventud.es\\\/el-bogavante-cumple-cien-anos-9788426141279\\\/#primaryimage\"},\"thumbnailUrl\":\"https:\\\/\\\/www.editorialjuventud.es\\\/wp-content\\\/uploads\\\/4127.jpg\",\"datePublished\":\"2018-08-24T09:46:45+00:00\",\"dateModified\":\"2025-01-22T12:16:35+00:00\",\"description\":\"\u00a1Incre\u00edble, pero cierto! El bogavante puede llegar a cumplir 100 a\u00f1os. Y la tortuga de los Gal\u00e1pagos m\u00e1s vieja vivi\u00f3 hasta los 176 a\u00f1os. Un \u00e1lbum\",\"breadcrumb\":{\"@id\":\"https:\\\/\\\/www.editorialjuventud.es\\\/el-bogavante-cumple-cien-anos-9788426141279\\\/#breadcrumb\"},\"inLanguage\":\"ca\",\"potentialAction\":[{\"@type\":\"ReadAction\",\"target\":[\"https:\\\/\\\/www.editorialjuventud.es\\\/el-bogavante-cumple-cien-anos-9788426141279\\\/\"]}]},{\"@type\":\"ImageObject\",\"inLanguage\":\"ca\",\"@id\":\"https:\\\/\\\/www.editorialjuventud.es\\\/el-bogavante-cumple-cien-anos-9788426141279\\\/#primaryimage\",\"url\":\"https:\\\/\\\/www.editorialjuventud.es\\\/wp-content\\\/uploads\\\/4127.jpg\",\"contentUrl\":\"https:\\\/\\\/www.editorialjuventud.es\\\/wp-content\\\/uploads\\\/4127.jpg\",\"width\":468,\"height\":450,\"caption\":\"4127.jpg\"},{\"@type\":\"BreadcrumbList\",\"@id\":\"https:\\\/\\\/www.editorialjuventud.es\\\/el-bogavante-cumple-cien-anos-9788426141279\\\/#breadcrumb\",\"itemListElement\":[{\"@type\":\"ListItem\",\"position\":1,\"name\":\"Portada\",\"item\":\"https:\\\/\\\/www.editorialjuventud.es\\\/\"},{\"@type\":\"ListItem\",\"position\":2,\"name\":\"cat\u00e1logo\",\"item\":\"https:\\\/\\\/www.editorialjuventud.es\\\/coleccion\\\/catalogo\\\/\"},{\"@type\":\"ListItem\",\"position\":3,\"name\":\"castellano\",\"item\":\"https:\\\/\\\/www.editorialjuventud.es\\\/coleccion\\\/castellano\\\/\"},{\"@type\":\"ListItem\",\"position\":4,\"name\":\"\u00c1lbumes Ilustrados\",\"item\":\"https:\\\/\\\/www.editorialjuventud.es\\\/coleccion\\\/albumes-ilustrados\\\/\"},{\"@type\":\"ListItem\",\"position\":5,\"name\":\"Conocer y Comprender\",\"item\":\"https:\\\/\\\/www.editorialjuventud.es\\\/coleccion\\\/conocer-y-comprender\\\/\"},{\"@type\":\"ListItem\",\"position\":6,\"name\":\"\u00a1El bogavante cumple cien a\u00f1os!\"}]},{\"@type\":\"WebSite\",\"@id\":\"https:\\\/\\\/www.editorialjuventud.es\\\/#website\",\"url\":\"https:\\\/\\\/www.editorialjuventud.es\\\/\",\"name\":\"Editorial Juventud\",\"description\":\"\",\"potentialAction\":[{\"@type\":\"SearchAction\",\"target\":{\"@type\":\"EntryPoint\",\"urlTemplate\":\"https:\\\/\\\/www.editorialjuventud.es\\\/?s={search_term_string}\"},\"query-input\":{\"@type\":\"PropertyValueSpecification\",\"valueRequired\":true,\"valueName\":\"search_term_string\"}}],\"inLanguage\":\"ca\"}]}<\/script>\n<!-- \/ Yoast SEO plugin. -->","yoast_head_json":{"title":"\u00a1El bogavante cumple cien a\u00f1os! - Editorial Juventud","description":"\u00a1Incre\u00edble, pero cierto! El bogavante puede llegar a cumplir 100 a\u00f1os. Y la tortuga de los Gal\u00e1pagos m\u00e1s vieja vivi\u00f3 hasta los 176 a\u00f1os. Un \u00e1lbum","robots":{"index":"index","follow":"follow","max-snippet":"max-snippet:-1","max-image-preview":"max-image-preview:large","max-video-preview":"max-video-preview:-1"},"canonical":"https:\/\/www.editorialjuventud.es\/el-bogavante-cumple-cien-anos-9788426141279\/","og_locale":"ca_ES","og_type":"article","og_title":"\u00a1El bogavante cumple cien a\u00f1os! - Editorial Juventud","og_description":"\u00a1Incre\u00edble, pero cierto! El bogavante puede llegar a cumplir 100 a\u00f1os. Y la tortuga de los Gal\u00e1pagos m\u00e1s vieja vivi\u00f3 hasta los 176 a\u00f1os. Un \u00e1lbum","og_url":"https:\/\/www.editorialjuventud.es\/el-bogavante-cumple-cien-anos-9788426141279\/","og_site_name":"Editorial Juventud","article_modified_time":"2025-01-22T12:16:35+00:00","og_image":[{"width":468,"height":450,"url":"https:\/\/www.editorialjuventud.es\/wp-content\/uploads\/4127.jpg","type":"image\/jpeg"}],"twitter_card":"summary_large_image","schema":{"@context":"https:\/\/schema.org","@graph":[{"@type":"WebPage","@id":"https:\/\/www.editorialjuventud.es\/el-bogavante-cumple-cien-anos-9788426141279\/","url":"https:\/\/www.editorialjuventud.es\/el-bogavante-cumple-cien-anos-9788426141279\/","name":"\u00a1El bogavante cumple cien a\u00f1os! - Editorial Juventud","isPartOf":{"@id":"https:\/\/www.editorialjuventud.es\/#website"},"primaryImageOfPage":{"@id":"https:\/\/www.editorialjuventud.es\/el-bogavante-cumple-cien-anos-9788426141279\/#primaryimage"},"image":{"@id":"https:\/\/www.editorialjuventud.es\/el-bogavante-cumple-cien-anos-9788426141279\/#primaryimage"},"thumbnailUrl":"https:\/\/www.editorialjuventud.es\/wp-content\/uploads\/4127.jpg","datePublished":"2018-08-24T09:46:45+00:00","dateModified":"2025-01-22T12:16:35+00:00","description":"\u00a1Incre\u00edble, pero cierto! El bogavante puede llegar a cumplir 100 a\u00f1os. Y la tortuga de los Gal\u00e1pagos m\u00e1s vieja vivi\u00f3 hasta los 176 a\u00f1os. Un \u00e1lbum","breadcrumb":{"@id":"https:\/\/www.editorialjuventud.es\/el-bogavante-cumple-cien-anos-9788426141279\/#breadcrumb"},"inLanguage":"ca","potentialAction":[{"@type":"ReadAction","target":["https:\/\/www.editorialjuventud.es\/el-bogavante-cumple-cien-anos-9788426141279\/"]}]},{"@type":"ImageObject","inLanguage":"ca","@id":"https:\/\/www.editorialjuventud.es\/el-bogavante-cumple-cien-anos-9788426141279\/#primaryimage","url":"https:\/\/www.editorialjuventud.es\/wp-content\/uploads\/4127.jpg","contentUrl":"https:\/\/www.editorialjuventud.es\/wp-content\/uploads\/4127.jpg","width":468,"height":450,"caption":"4127.jpg"},{"@type":"BreadcrumbList","@id":"https:\/\/www.editorialjuventud.es\/el-bogavante-cumple-cien-anos-9788426141279\/#breadcrumb","itemListElement":[{"@type":"ListItem","position":1,"name":"Portada","item":"https:\/\/www.editorialjuventud.es\/"},{"@type":"ListItem","position":2,"name":"cat\u00e1logo","item":"https:\/\/www.editorialjuventud.es\/coleccion\/catalogo\/"},{"@type":"ListItem","position":3,"name":"castellano","item":"https:\/\/www.editorialjuventud.es\/coleccion\/castellano\/"},{"@type":"ListItem","position":4,"name":"\u00c1lbumes Ilustrados","item":"https:\/\/www.editorialjuventud.es\/coleccion\/albumes-ilustrados\/"},{"@type":"ListItem","position":5,"name":"Conocer y Comprender","item":"https:\/\/www.editorialjuventud.es\/coleccion\/conocer-y-comprender\/"},{"@type":"ListItem","position":6,"name":"\u00a1El bogavante cumple cien a\u00f1os!"}]},{"@type":"WebSite","@id":"https:\/\/www.editorialjuventud.es\/#website","url":"https:\/\/www.editorialjuventud.es\/","name":"Editorial Juventud","description":"","potentialAction":[{"@type":"SearchAction","target":{"@type":"EntryPoint","urlTemplate":"https:\/\/www.editorialjuventud.es\/?s={search_term_string}"},"query-input":{"@type":"PropertyValueSpecification","valueRequired":true,"valueName":"search_term_string"}}],"inLanguage":"ca"}]}},"_links":{"self":[{"href":"https:\/\/www.editorialjuventud.es\/ca\/wp-json\/wp\/v2\/product\/6020","targetHints":{"allow":["GET"]}}],"collection":[{"href":"https:\/\/www.editorialjuventud.es\/ca\/wp-json\/wp\/v2\/product"}],"about":[{"href":"https:\/\/www.editorialjuventud.es\/ca\/wp-json\/wp\/v2\/types\/product"}],"wp:featuredmedia":[{"embeddable":true,"href":"https:\/\/www.editorialjuventud.es\/ca\/wp-json\/wp\/v2\/media\/11735"}],"wp:attachment":[{"href":"https:\/\/www.editorialjuventud.es\/ca\/wp-json\/wp\/v2\/media?parent=6020"}],"wp:term":[{"taxonomy":"product_brand","embeddable":true,"href":"https:\/\/www.editorialjuventud.es\/ca\/wp-json\/wp\/v2\/product_brand?post=6020"},{"taxonomy":"product_cat","embeddable":true,"href":"https:\/\/www.editorialjuventud.es\/ca\/wp-json\/wp\/v2\/product_cat?post=6020"},{"taxonomy":"product_tag","embeddable":true,"href":"https:\/\/www.editorialjuventud.es\/ca\/wp-json\/wp\/v2\/product_tag?post=6020"},{"taxonomy":"coleccion","embeddable":true,"href":"https:\/\/www.editorialjuventud.es\/ca\/wp-json\/wp\/v2\/coleccion?post=6020"}],"curies":[{"name":"wp","href":"https:\/\/api.w.org\/{rel}","templated":true}]}}