{"id":6019,"date":"2018-08-24T11:46:40","date_gmt":"2018-08-24T09:46:40","guid":{"rendered":"http:\/\/www.editorialjuventud.es\/benvolguda-malala\/"},"modified":"2025-01-22T13:16:57","modified_gmt":"2025-01-22T12:16:57","slug":"benvolguda-malala-9788426141262","status":"publish","type":"product","link":"https:\/\/www.editorialjuventud.es\/ca\/benvolguda-malala-9788426141262\/","title":{"rendered":"Benvolguda Malala"},"content":{"rendered":"<p>La hist\u00f2ria de Malala Yousafzai \u00e9s inspiradora. Aquesta jove pakistanesa va ser tirotejada pels talibans nom\u00e9s perqu\u00e8 volia anar a escola. A partir d\u2019aquest moment, Malala va cridar l\u2019atenci\u00f3 mundial per ser tan valenta, i es va convertir en una veu que reclamava els drets de les noies de tot el m\u00f3n. Aquesta \u00e9s una carta per a la Malala, il\u00b7lustrada amb fotos de nenes d\u2019arreu expressant la solidaritat i admiraci\u00f3 que senten per ella. Moltes d\u2019aquestes joves coneixen per la seva pr\u00f2pia experi\u00e8ncia els obstacles que ha d\u2019enfrontar una nena per anar a escola: pobresa, discriminaci\u00f3, viol\u00e8ncia\u2026<\/p>\n","protected":false},"excerpt":{"rendered":"La hist\u00f2ria de Malala Yousafzai \u00e9s inspiradora. Aquesta jove pakistanesa va ser tirotejada pels talibans nom\u00e9s perqu\u00e8 volia anar a escola. A partir d\u2019aquest moment, Malala va cridar l\u2019atenci\u00f3 mundial per ser tan valenta, i es va convertir en una [&hellip;]","protected":false},"featured_media":11693,"template":"","meta":{"_acf_changed":false,"_exactmetrics_skip_tracking":false,"_exactmetrics_sitenote_active":false,"_exactmetrics_sitenote_note":"","_exactmetrics_sitenote_category":0},"product_brand":[],"product_cat":[902,1121,1155,1156,1219],"product_tag":[],"coleccion":[948,1045],"class_list":{"0":"post-6019","1":"product","2":"type-product","3":"status-publish","4":"has-post-thumbnail","6":"product_cat-a-partir-de-7-anos","7":"product_cat-albumes-ilustrados","8":"product_cat-conflictos","9":"product_cat-cooperacion","10":"product_cat-refugiados","11":"coleccion-convivencia-i-multiculturalitat","12":"coleccion-petits-herois","14":"first","15":"instock","16":"taxable","17":"shipping-taxable","18":"purchasable","19":"product-type-simple"},"acf":{"autor":"McCarney","codart":"4126","ediciones":"1","encuadernacion":"Carton\u00e9","fecha_de_publicacion":"01\/10\/2014","novedad":"0","paginas":"32","subtitulo":"","texto_web_adicional":"","texto_web_novedad":"","orden":"999","portada":"0","texto_web_resaltado":"","indice":"","autores-libros":[16498],"ilustradores-libros":"","traductores-libros":[18265],"descripcion_corta":"","recomendamos":"","mas_vendido":"","idioma-libro":"","color":false,"formato":"","mas_informacion_del_producto":false,"premios":false,"texto_enlace_cubierta":"","enlace_cubierta":false,"texto_enlace_ficha_tecnica":"","enlace_ficha_tecnica":false,"ficheros":false,"titulo-fr":"","texto-fr":""},"yoast_head":"<!-- This site is optimized with the Yoast SEO plugin v27.3 - https:\/\/yoast.com\/product\/yoast-seo-wordpress\/ -->\n<title>Benvolguda Malala - Editorial Juventud<\/title>\n<meta name=\"description\" content=\"La hist\u00f2ria de Malala Yousafzai \u00e9s inspiradora. Aquesta jove pakistanesa va ser tirotejada pels talibans nom\u00e9s perqu\u00e8 volia anar a escola. A partir\" \/>\n<meta name=\"robots\" content=\"index, follow, max-snippet:-1, max-image-preview:large, max-video-preview:-1\" \/>\n<link rel=\"canonical\" href=\"https:\/\/www.editorialjuventud.es\/benvolguda-malala-9788426141262\/\" \/>\n<meta property=\"og:locale\" content=\"ca_ES\" \/>\n<meta property=\"og:type\" content=\"article\" \/>\n<meta property=\"og:title\" content=\"Benvolguda Malala - Editorial Juventud\" \/>\n<meta property=\"og:description\" content=\"La hist\u00f2ria de Malala Yousafzai \u00e9s inspiradora. Aquesta jove pakistanesa va ser tirotejada pels talibans nom\u00e9s perqu\u00e8 volia anar a escola. A partir\" \/>\n<meta property=\"og:url\" content=\"https:\/\/www.editorialjuventud.es\/benvolguda-malala-9788426141262\/\" \/>\n<meta property=\"og:site_name\" content=\"Editorial Juventud\" \/>\n<meta property=\"article:modified_time\" content=\"2025-01-22T12:16:57+00:00\" \/>\n<meta property=\"og:image\" content=\"https:\/\/www.editorialjuventud.es\/wp-content\/uploads\/4126.jpg\" \/>\n\t<meta property=\"og:image:width\" content=\"578\" \/>\n\t<meta property=\"og:image:height\" content=\"450\" \/>\n\t<meta property=\"og:image:type\" content=\"image\/jpeg\" \/>\n<meta name=\"twitter:card\" content=\"summary_large_image\" \/>\n<meta name=\"twitter:label1\" content=\"Temps estimat de lectura\" \/>\n\t<meta name=\"twitter:data1\" content=\"1 minut\" \/>\n<script type=\"application\/ld+json\" class=\"yoast-schema-graph\">{\"@context\":\"https:\\\/\\\/schema.org\",\"@graph\":[{\"@type\":\"WebPage\",\"@id\":\"https:\\\/\\\/www.editorialjuventud.es\\\/benvolguda-malala-9788426141262\\\/\",\"url\":\"https:\\\/\\\/www.editorialjuventud.es\\\/benvolguda-malala-9788426141262\\\/\",\"name\":\"Benvolguda Malala - Editorial Juventud\",\"isPartOf\":{\"@id\":\"https:\\\/\\\/www.editorialjuventud.es\\\/#website\"},\"primaryImageOfPage\":{\"@id\":\"https:\\\/\\\/www.editorialjuventud.es\\\/benvolguda-malala-9788426141262\\\/#primaryimage\"},\"image\":{\"@id\":\"https:\\\/\\\/www.editorialjuventud.es\\\/benvolguda-malala-9788426141262\\\/#primaryimage\"},\"thumbnailUrl\":\"https:\\\/\\\/www.editorialjuventud.es\\\/wp-content\\\/uploads\\\/4126.jpg\",\"datePublished\":\"2018-08-24T09:46:40+00:00\",\"dateModified\":\"2025-01-22T12:16:57+00:00\",\"description\":\"La hist\u00f2ria de Malala Yousafzai \u00e9s inspiradora. Aquesta jove pakistanesa va ser tirotejada pels talibans nom\u00e9s perqu\u00e8 volia anar a escola. A partir\",\"breadcrumb\":{\"@id\":\"https:\\\/\\\/www.editorialjuventud.es\\\/benvolguda-malala-9788426141262\\\/#breadcrumb\"},\"inLanguage\":\"ca\",\"potentialAction\":[{\"@type\":\"ReadAction\",\"target\":[\"https:\\\/\\\/www.editorialjuventud.es\\\/benvolguda-malala-9788426141262\\\/\"]}]},{\"@type\":\"ImageObject\",\"inLanguage\":\"ca\",\"@id\":\"https:\\\/\\\/www.editorialjuventud.es\\\/benvolguda-malala-9788426141262\\\/#primaryimage\",\"url\":\"https:\\\/\\\/www.editorialjuventud.es\\\/wp-content\\\/uploads\\\/4126.jpg\",\"contentUrl\":\"https:\\\/\\\/www.editorialjuventud.es\\\/wp-content\\\/uploads\\\/4126.jpg\",\"width\":578,\"height\":450,\"caption\":\"4126.jpg\"},{\"@type\":\"BreadcrumbList\",\"@id\":\"https:\\\/\\\/www.editorialjuventud.es\\\/benvolguda-malala-9788426141262\\\/#breadcrumb\",\"itemListElement\":[{\"@type\":\"ListItem\",\"position\":1,\"name\":\"Portada\",\"item\":\"https:\\\/\\\/www.editorialjuventud.es\\\/\"},{\"@type\":\"ListItem\",\"position\":2,\"name\":\"cat\u00e1logo\",\"item\":\"https:\\\/\\\/www.editorialjuventud.es\\\/coleccion\\\/catalogo\\\/\"},{\"@type\":\"ListItem\",\"position\":3,\"name\":\"catal\u00e0\",\"item\":\"https:\\\/\\\/www.editorialjuventud.es\\\/coleccion\\\/catala\\\/\"},{\"@type\":\"ListItem\",\"position\":4,\"name\":\"\u00c0lbums Il\u00b7lustrats\",\"item\":\"https:\\\/\\\/www.editorialjuventud.es\\\/coleccion\\\/albums-il%c2%b7lustrats\\\/\"},{\"@type\":\"ListItem\",\"position\":5,\"name\":\"Conviv\u00e8ncia i Multiculturalitat\",\"item\":\"https:\\\/\\\/www.editorialjuventud.es\\\/coleccion\\\/convivencia-i-multiculturalitat\\\/\"},{\"@type\":\"ListItem\",\"position\":6,\"name\":\"Petits Herois\",\"item\":\"https:\\\/\\\/www.editorialjuventud.es\\\/coleccion\\\/petits-herois\\\/\"},{\"@type\":\"ListItem\",\"position\":7,\"name\":\"Benvolguda Malala\"}]},{\"@type\":\"WebSite\",\"@id\":\"https:\\\/\\\/www.editorialjuventud.es\\\/#website\",\"url\":\"https:\\\/\\\/www.editorialjuventud.es\\\/\",\"name\":\"Editorial Juventud\",\"description\":\"\",\"potentialAction\":[{\"@type\":\"SearchAction\",\"target\":{\"@type\":\"EntryPoint\",\"urlTemplate\":\"https:\\\/\\\/www.editorialjuventud.es\\\/?s={search_term_string}\"},\"query-input\":{\"@type\":\"PropertyValueSpecification\",\"valueRequired\":true,\"valueName\":\"search_term_string\"}}],\"inLanguage\":\"ca\"}]}<\/script>\n<!-- \/ Yoast SEO plugin. -->","yoast_head_json":{"title":"Benvolguda Malala - Editorial Juventud","description":"La hist\u00f2ria de Malala Yousafzai \u00e9s inspiradora. Aquesta jove pakistanesa va ser tirotejada pels talibans nom\u00e9s perqu\u00e8 volia anar a escola. A partir","robots":{"index":"index","follow":"follow","max-snippet":"max-snippet:-1","max-image-preview":"max-image-preview:large","max-video-preview":"max-video-preview:-1"},"canonical":"https:\/\/www.editorialjuventud.es\/benvolguda-malala-9788426141262\/","og_locale":"ca_ES","og_type":"article","og_title":"Benvolguda Malala - Editorial Juventud","og_description":"La hist\u00f2ria de Malala Yousafzai \u00e9s inspiradora. Aquesta jove pakistanesa va ser tirotejada pels talibans nom\u00e9s perqu\u00e8 volia anar a escola. A partir","og_url":"https:\/\/www.editorialjuventud.es\/benvolguda-malala-9788426141262\/","og_site_name":"Editorial Juventud","article_modified_time":"2025-01-22T12:16:57+00:00","og_image":[{"width":578,"height":450,"url":"https:\/\/www.editorialjuventud.es\/wp-content\/uploads\/4126.jpg","type":"image\/jpeg"}],"twitter_card":"summary_large_image","twitter_misc":{"Temps estimat de lectura":"1 minut"},"schema":{"@context":"https:\/\/schema.org","@graph":[{"@type":"WebPage","@id":"https:\/\/www.editorialjuventud.es\/benvolguda-malala-9788426141262\/","url":"https:\/\/www.editorialjuventud.es\/benvolguda-malala-9788426141262\/","name":"Benvolguda Malala - Editorial Juventud","isPartOf":{"@id":"https:\/\/www.editorialjuventud.es\/#website"},"primaryImageOfPage":{"@id":"https:\/\/www.editorialjuventud.es\/benvolguda-malala-9788426141262\/#primaryimage"},"image":{"@id":"https:\/\/www.editorialjuventud.es\/benvolguda-malala-9788426141262\/#primaryimage"},"thumbnailUrl":"https:\/\/www.editorialjuventud.es\/wp-content\/uploads\/4126.jpg","datePublished":"2018-08-24T09:46:40+00:00","dateModified":"2025-01-22T12:16:57+00:00","description":"La hist\u00f2ria de Malala Yousafzai \u00e9s inspiradora. Aquesta jove pakistanesa va ser tirotejada pels talibans nom\u00e9s perqu\u00e8 volia anar a escola. A partir","breadcrumb":{"@id":"https:\/\/www.editorialjuventud.es\/benvolguda-malala-9788426141262\/#breadcrumb"},"inLanguage":"ca","potentialAction":[{"@type":"ReadAction","target":["https:\/\/www.editorialjuventud.es\/benvolguda-malala-9788426141262\/"]}]},{"@type":"ImageObject","inLanguage":"ca","@id":"https:\/\/www.editorialjuventud.es\/benvolguda-malala-9788426141262\/#primaryimage","url":"https:\/\/www.editorialjuventud.es\/wp-content\/uploads\/4126.jpg","contentUrl":"https:\/\/www.editorialjuventud.es\/wp-content\/uploads\/4126.jpg","width":578,"height":450,"caption":"4126.jpg"},{"@type":"BreadcrumbList","@id":"https:\/\/www.editorialjuventud.es\/benvolguda-malala-9788426141262\/#breadcrumb","itemListElement":[{"@type":"ListItem","position":1,"name":"Portada","item":"https:\/\/www.editorialjuventud.es\/"},{"@type":"ListItem","position":2,"name":"cat\u00e1logo","item":"https:\/\/www.editorialjuventud.es\/coleccion\/catalogo\/"},{"@type":"ListItem","position":3,"name":"catal\u00e0","item":"https:\/\/www.editorialjuventud.es\/coleccion\/catala\/"},{"@type":"ListItem","position":4,"name":"\u00c0lbums Il\u00b7lustrats","item":"https:\/\/www.editorialjuventud.es\/coleccion\/albums-il%c2%b7lustrats\/"},{"@type":"ListItem","position":5,"name":"Conviv\u00e8ncia i Multiculturalitat","item":"https:\/\/www.editorialjuventud.es\/coleccion\/convivencia-i-multiculturalitat\/"},{"@type":"ListItem","position":6,"name":"Petits Herois","item":"https:\/\/www.editorialjuventud.es\/coleccion\/petits-herois\/"},{"@type":"ListItem","position":7,"name":"Benvolguda Malala"}]},{"@type":"WebSite","@id":"https:\/\/www.editorialjuventud.es\/#website","url":"https:\/\/www.editorialjuventud.es\/","name":"Editorial Juventud","description":"","potentialAction":[{"@type":"SearchAction","target":{"@type":"EntryPoint","urlTemplate":"https:\/\/www.editorialjuventud.es\/?s={search_term_string}"},"query-input":{"@type":"PropertyValueSpecification","valueRequired":true,"valueName":"search_term_string"}}],"inLanguage":"ca"}]}},"_links":{"self":[{"href":"https:\/\/www.editorialjuventud.es\/ca\/wp-json\/wp\/v2\/product\/6019","targetHints":{"allow":["GET"]}}],"collection":[{"href":"https:\/\/www.editorialjuventud.es\/ca\/wp-json\/wp\/v2\/product"}],"about":[{"href":"https:\/\/www.editorialjuventud.es\/ca\/wp-json\/wp\/v2\/types\/product"}],"wp:featuredmedia":[{"embeddable":true,"href":"https:\/\/www.editorialjuventud.es\/ca\/wp-json\/wp\/v2\/media\/11693"}],"wp:attachment":[{"href":"https:\/\/www.editorialjuventud.es\/ca\/wp-json\/wp\/v2\/media?parent=6019"}],"wp:term":[{"taxonomy":"product_brand","embeddable":true,"href":"https:\/\/www.editorialjuventud.es\/ca\/wp-json\/wp\/v2\/product_brand?post=6019"},{"taxonomy":"product_cat","embeddable":true,"href":"https:\/\/www.editorialjuventud.es\/ca\/wp-json\/wp\/v2\/product_cat?post=6019"},{"taxonomy":"product_tag","embeddable":true,"href":"https:\/\/www.editorialjuventud.es\/ca\/wp-json\/wp\/v2\/product_tag?post=6019"},{"taxonomy":"coleccion","embeddable":true,"href":"https:\/\/www.editorialjuventud.es\/ca\/wp-json\/wp\/v2\/coleccion?post=6019"}],"curies":[{"name":"wp","href":"https:\/\/api.w.org\/{rel}","templated":true}]}}