{"id":6018,"date":"2018-08-24T11:46:36","date_gmt":"2018-08-24T09:46:36","guid":{"rendered":"http:\/\/www.editorialjuventud.es\/querida-malala\/"},"modified":"2025-01-22T13:16:52","modified_gmt":"2025-01-22T12:16:52","slug":"querida-malala-9788426141255","status":"publish","type":"product","link":"https:\/\/www.editorialjuventud.es\/ca\/querida-malala-9788426141255\/","title":{"rendered":"Querida Malala"},"content":{"rendered":"<p>Malala Yousafzai es una ni\u00f1a pakistan\u00ed, v\u00edctima de un atentado talib\u00e1n en 2012 simplemente porque quer\u00eda ir a la escuela. Desde ese momento se ha convertido en la voz de los derechos de las ni\u00f1as.<br \/>En octubre de 2014, Malala Yousafzai ha sido galardonada con el Premio Nobel de la Paz, junto a Kailash Satyarthi, por su lucha a favor de la educaci\u00f3n infantil, convirti\u00e9ndose as\u00ed en la persona m\u00e1s joven de la historia en recibir este premio.<br \/>Este es un recopilatorio de cartas \u2013ilustradas con bellas fotograf\u00edas de Plan Internacional\u2013 escritas por ni\u00f1as de todo el mundo, afectadas por la pobreza, la discriminaci\u00f3n y la violencia, en las que expresan su solidaridad y hermandad con Malala y su admiraci\u00f3n por ella.<\/p>\n","protected":false},"excerpt":{"rendered":"Malala Yousafzai es una ni\u00f1a pakistan\u00ed, v\u00edctima de un atentado talib\u00e1n en 2012 simplemente porque quer\u00eda ir a la escuela. Desde ese momento se ha convertido en la voz de los derechos de las ni\u00f1as.En octubre de 2014, Malala Yousafzai [&hellip;]","protected":false},"featured_media":14635,"template":"","meta":{"_acf_changed":false,"_exactmetrics_skip_tracking":false,"_exactmetrics_sitenote_active":false,"_exactmetrics_sitenote_note":"","_exactmetrics_sitenote_category":0},"product_brand":[],"product_cat":[902,1121,1220,1156,1161,1173,1185,1207,1219],"product_tag":[],"coleccion":[988,1069],"class_list":{"0":"post-6018","1":"product","2":"type-product","3":"status-publish","4":"has-post-thumbnail","6":"product_cat-a-partir-de-7-anos","7":"product_cat-albumes-ilustrados","8":"product_cat-convivencia-relaciones-interculturales","9":"product_cat-cooperacion","10":"product_cat-derechos-humanos","11":"product_cat-escuela","12":"product_cat-igualdad-de-genero","13":"product_cat-personajes-reales","14":"product_cat-refugiados","15":"coleccion-convivencia-y-multiculturalidad","16":"coleccion-pequenos-heroes","18":"first","19":"instock","20":"taxable","21":"shipping-taxable","22":"purchasable","23":"product-type-simple"},"acf":{"autor":"McCarney, Rosemary","codart":"4125","ediciones":"1","encuadernacion":"Carton\u00e9","fecha_de_publicacion":"01\/10\/2014","novedad":"0","paginas":"32","subtitulo":"","texto_web_adicional":"","texto_web_novedad":"","orden":"999","portada":"0","texto_web_resaltado":"","autores-libros":[16498],"ilustradores-libros":[17982],"traductores-libros":[58414]},"yoast_head":"<!-- This site is optimized with the Yoast SEO plugin v27.5 - https:\/\/yoast.com\/product\/yoast-seo-wordpress\/ -->\n<title>Querida Malala - Editorial Juventud<\/title>\n<meta name=\"description\" content=\"Malala Yousafzai es una ni\u00f1a pakistan\u00ed, v\u00edctima de un atentado talib\u00e1n en 2012 simplemente porque quer\u00eda ir a la escuela. Desde ese momento se ha\" \/>\n<meta name=\"robots\" content=\"index, follow, max-snippet:-1, max-image-preview:large, max-video-preview:-1\" \/>\n<link rel=\"canonical\" href=\"https:\/\/www.editorialjuventud.es\/querida-malala-9788426141255\/\" \/>\n<meta property=\"og:locale\" content=\"ca_ES\" \/>\n<meta property=\"og:type\" content=\"article\" \/>\n<meta property=\"og:title\" content=\"Querida Malala - Editorial Juventud\" \/>\n<meta property=\"og:description\" content=\"Malala Yousafzai es una ni\u00f1a pakistan\u00ed, v\u00edctima de un atentado talib\u00e1n en 2012 simplemente porque quer\u00eda ir a la escuela. Desde ese momento se ha\" \/>\n<meta property=\"og:url\" content=\"https:\/\/www.editorialjuventud.es\/querida-malala-9788426141255\/\" \/>\n<meta property=\"og:site_name\" content=\"Editorial Juventud\" \/>\n<meta property=\"article:modified_time\" content=\"2025-01-22T12:16:52+00:00\" \/>\n<meta property=\"og:image\" content=\"https:\/\/www.editorialjuventud.es\/wp-content\/uploads\/4125.jpg\" \/>\n\t<meta property=\"og:image:width\" content=\"515\" \/>\n\t<meta property=\"og:image:height\" content=\"400\" \/>\n\t<meta property=\"og:image:type\" content=\"image\/jpeg\" \/>\n<meta name=\"twitter:card\" content=\"summary_large_image\" \/>\n<meta name=\"twitter:label1\" content=\"Temps estimat de lectura\" \/>\n\t<meta name=\"twitter:data1\" content=\"1 minut\" \/>\n<script type=\"application\/ld+json\" class=\"yoast-schema-graph\">{\"@context\":\"https:\\\/\\\/schema.org\",\"@graph\":[{\"@type\":\"WebPage\",\"@id\":\"https:\\\/\\\/www.editorialjuventud.es\\\/querida-malala-9788426141255\\\/\",\"url\":\"https:\\\/\\\/www.editorialjuventud.es\\\/querida-malala-9788426141255\\\/\",\"name\":\"Querida Malala - Editorial Juventud\",\"isPartOf\":{\"@id\":\"https:\\\/\\\/www.editorialjuventud.es\\\/#website\"},\"primaryImageOfPage\":{\"@id\":\"https:\\\/\\\/www.editorialjuventud.es\\\/querida-malala-9788426141255\\\/#primaryimage\"},\"image\":{\"@id\":\"https:\\\/\\\/www.editorialjuventud.es\\\/querida-malala-9788426141255\\\/#primaryimage\"},\"thumbnailUrl\":\"https:\\\/\\\/www.editorialjuventud.es\\\/wp-content\\\/uploads\\\/4125.jpg\",\"datePublished\":\"2018-08-24T09:46:36+00:00\",\"dateModified\":\"2025-01-22T12:16:52+00:00\",\"description\":\"Malala Yousafzai es una ni\u00f1a pakistan\u00ed, v\u00edctima de un atentado talib\u00e1n en 2012 simplemente porque quer\u00eda ir a la escuela. Desde ese momento se ha\",\"breadcrumb\":{\"@id\":\"https:\\\/\\\/www.editorialjuventud.es\\\/querida-malala-9788426141255\\\/#breadcrumb\"},\"inLanguage\":\"ca\",\"potentialAction\":[{\"@type\":\"ReadAction\",\"target\":[\"https:\\\/\\\/www.editorialjuventud.es\\\/querida-malala-9788426141255\\\/\"]}]},{\"@type\":\"ImageObject\",\"inLanguage\":\"ca\",\"@id\":\"https:\\\/\\\/www.editorialjuventud.es\\\/querida-malala-9788426141255\\\/#primaryimage\",\"url\":\"https:\\\/\\\/www.editorialjuventud.es\\\/wp-content\\\/uploads\\\/4125.jpg\",\"contentUrl\":\"https:\\\/\\\/www.editorialjuventud.es\\\/wp-content\\\/uploads\\\/4125.jpg\",\"width\":515,\"height\":400,\"caption\":\"4125.jpg\"},{\"@type\":\"BreadcrumbList\",\"@id\":\"https:\\\/\\\/www.editorialjuventud.es\\\/querida-malala-9788426141255\\\/#breadcrumb\",\"itemListElement\":[{\"@type\":\"ListItem\",\"position\":1,\"name\":\"Portada\",\"item\":\"https:\\\/\\\/www.editorialjuventud.es\\\/\"},{\"@type\":\"ListItem\",\"position\":2,\"name\":\"cat\u00e1logo\",\"item\":\"https:\\\/\\\/www.editorialjuventud.es\\\/coleccion\\\/catalogo\\\/\"},{\"@type\":\"ListItem\",\"position\":3,\"name\":\"castellano\",\"item\":\"https:\\\/\\\/www.editorialjuventud.es\\\/coleccion\\\/castellano\\\/\"},{\"@type\":\"ListItem\",\"position\":4,\"name\":\"\u00c1lbumes Ilustrados\",\"item\":\"https:\\\/\\\/www.editorialjuventud.es\\\/coleccion\\\/albumes-ilustrados\\\/\"},{\"@type\":\"ListItem\",\"position\":5,\"name\":\"Convivencia y Multiculturalidad\",\"item\":\"https:\\\/\\\/www.editorialjuventud.es\\\/coleccion\\\/convivencia-y-multiculturalidad\\\/\"},{\"@type\":\"ListItem\",\"position\":6,\"name\":\"Peque\u00f1os H\u00e9roes\",\"item\":\"https:\\\/\\\/www.editorialjuventud.es\\\/coleccion\\\/pequenos-heroes\\\/\"},{\"@type\":\"ListItem\",\"position\":7,\"name\":\"Querida Malala\"}]},{\"@type\":\"WebSite\",\"@id\":\"https:\\\/\\\/www.editorialjuventud.es\\\/#website\",\"url\":\"https:\\\/\\\/www.editorialjuventud.es\\\/\",\"name\":\"Editorial Juventud\",\"description\":\"\",\"potentialAction\":[{\"@type\":\"SearchAction\",\"target\":{\"@type\":\"EntryPoint\",\"urlTemplate\":\"https:\\\/\\\/www.editorialjuventud.es\\\/?s={search_term_string}\"},\"query-input\":{\"@type\":\"PropertyValueSpecification\",\"valueRequired\":true,\"valueName\":\"search_term_string\"}}],\"inLanguage\":\"ca\"}]}<\/script>\n<!-- \/ Yoast SEO plugin. -->","yoast_head_json":{"title":"Querida Malala - Editorial Juventud","description":"Malala Yousafzai es una ni\u00f1a pakistan\u00ed, v\u00edctima de un atentado talib\u00e1n en 2012 simplemente porque quer\u00eda ir a la escuela. Desde ese momento se ha","robots":{"index":"index","follow":"follow","max-snippet":"max-snippet:-1","max-image-preview":"max-image-preview:large","max-video-preview":"max-video-preview:-1"},"canonical":"https:\/\/www.editorialjuventud.es\/querida-malala-9788426141255\/","og_locale":"ca_ES","og_type":"article","og_title":"Querida Malala - Editorial Juventud","og_description":"Malala Yousafzai es una ni\u00f1a pakistan\u00ed, v\u00edctima de un atentado talib\u00e1n en 2012 simplemente porque quer\u00eda ir a la escuela. Desde ese momento se ha","og_url":"https:\/\/www.editorialjuventud.es\/querida-malala-9788426141255\/","og_site_name":"Editorial Juventud","article_modified_time":"2025-01-22T12:16:52+00:00","og_image":[{"width":515,"height":400,"url":"https:\/\/www.editorialjuventud.es\/wp-content\/uploads\/4125.jpg","type":"image\/jpeg"}],"twitter_card":"summary_large_image","twitter_misc":{"Temps estimat de lectura":"1 minut"},"schema":{"@context":"https:\/\/schema.org","@graph":[{"@type":"WebPage","@id":"https:\/\/www.editorialjuventud.es\/querida-malala-9788426141255\/","url":"https:\/\/www.editorialjuventud.es\/querida-malala-9788426141255\/","name":"Querida Malala - Editorial Juventud","isPartOf":{"@id":"https:\/\/www.editorialjuventud.es\/#website"},"primaryImageOfPage":{"@id":"https:\/\/www.editorialjuventud.es\/querida-malala-9788426141255\/#primaryimage"},"image":{"@id":"https:\/\/www.editorialjuventud.es\/querida-malala-9788426141255\/#primaryimage"},"thumbnailUrl":"https:\/\/www.editorialjuventud.es\/wp-content\/uploads\/4125.jpg","datePublished":"2018-08-24T09:46:36+00:00","dateModified":"2025-01-22T12:16:52+00:00","description":"Malala Yousafzai es una ni\u00f1a pakistan\u00ed, v\u00edctima de un atentado talib\u00e1n en 2012 simplemente porque quer\u00eda ir a la escuela. Desde ese momento se ha","breadcrumb":{"@id":"https:\/\/www.editorialjuventud.es\/querida-malala-9788426141255\/#breadcrumb"},"inLanguage":"ca","potentialAction":[{"@type":"ReadAction","target":["https:\/\/www.editorialjuventud.es\/querida-malala-9788426141255\/"]}]},{"@type":"ImageObject","inLanguage":"ca","@id":"https:\/\/www.editorialjuventud.es\/querida-malala-9788426141255\/#primaryimage","url":"https:\/\/www.editorialjuventud.es\/wp-content\/uploads\/4125.jpg","contentUrl":"https:\/\/www.editorialjuventud.es\/wp-content\/uploads\/4125.jpg","width":515,"height":400,"caption":"4125.jpg"},{"@type":"BreadcrumbList","@id":"https:\/\/www.editorialjuventud.es\/querida-malala-9788426141255\/#breadcrumb","itemListElement":[{"@type":"ListItem","position":1,"name":"Portada","item":"https:\/\/www.editorialjuventud.es\/"},{"@type":"ListItem","position":2,"name":"cat\u00e1logo","item":"https:\/\/www.editorialjuventud.es\/coleccion\/catalogo\/"},{"@type":"ListItem","position":3,"name":"castellano","item":"https:\/\/www.editorialjuventud.es\/coleccion\/castellano\/"},{"@type":"ListItem","position":4,"name":"\u00c1lbumes Ilustrados","item":"https:\/\/www.editorialjuventud.es\/coleccion\/albumes-ilustrados\/"},{"@type":"ListItem","position":5,"name":"Convivencia y Multiculturalidad","item":"https:\/\/www.editorialjuventud.es\/coleccion\/convivencia-y-multiculturalidad\/"},{"@type":"ListItem","position":6,"name":"Peque\u00f1os H\u00e9roes","item":"https:\/\/www.editorialjuventud.es\/coleccion\/pequenos-heroes\/"},{"@type":"ListItem","position":7,"name":"Querida Malala"}]},{"@type":"WebSite","@id":"https:\/\/www.editorialjuventud.es\/#website","url":"https:\/\/www.editorialjuventud.es\/","name":"Editorial Juventud","description":"","potentialAction":[{"@type":"SearchAction","target":{"@type":"EntryPoint","urlTemplate":"https:\/\/www.editorialjuventud.es\/?s={search_term_string}"},"query-input":{"@type":"PropertyValueSpecification","valueRequired":true,"valueName":"search_term_string"}}],"inLanguage":"ca"}]}},"_links":{"self":[{"href":"https:\/\/www.editorialjuventud.es\/ca\/wp-json\/wp\/v2\/product\/6018","targetHints":{"allow":["GET"]}}],"collection":[{"href":"https:\/\/www.editorialjuventud.es\/ca\/wp-json\/wp\/v2\/product"}],"about":[{"href":"https:\/\/www.editorialjuventud.es\/ca\/wp-json\/wp\/v2\/types\/product"}],"wp:featuredmedia":[{"embeddable":true,"href":"https:\/\/www.editorialjuventud.es\/ca\/wp-json\/wp\/v2\/media\/14635"}],"wp:attachment":[{"href":"https:\/\/www.editorialjuventud.es\/ca\/wp-json\/wp\/v2\/media?parent=6018"}],"wp:term":[{"taxonomy":"product_brand","embeddable":true,"href":"https:\/\/www.editorialjuventud.es\/ca\/wp-json\/wp\/v2\/product_brand?post=6018"},{"taxonomy":"product_cat","embeddable":true,"href":"https:\/\/www.editorialjuventud.es\/ca\/wp-json\/wp\/v2\/product_cat?post=6018"},{"taxonomy":"product_tag","embeddable":true,"href":"https:\/\/www.editorialjuventud.es\/ca\/wp-json\/wp\/v2\/product_tag?post=6018"},{"taxonomy":"coleccion","embeddable":true,"href":"https:\/\/www.editorialjuventud.es\/ca\/wp-json\/wp\/v2\/coleccion?post=6018"}],"curies":[{"name":"wp","href":"https:\/\/api.w.org\/{rel}","templated":true}]}}