{"id":6013,"date":"2018-08-24T11:46:12","date_gmt":"2018-08-24T09:46:12","guid":{"rendered":"http:\/\/www.editorialjuventud.es\/si-jo-fos-un-llibre\/"},"modified":"2025-11-05T14:15:15","modified_gmt":"2025-11-05T13:15:15","slug":"si-jo-fos-un-llibre-9788426141200","status":"publish","type":"product","link":"https:\/\/www.editorialjuventud.es\/ca\/si-jo-fos-un-llibre-9788426141200\/","title":{"rendered":"Si jo fos un llibre"},"content":{"rendered":"<p>Si jo fos un llibre, m&#8217;agradaria fer lliure i indomable al lector que m&#8217;escoll\u00eds. Un llibre no \u00e9s tan sols un conjunt de fulls impresos, agrupats de forma ordenada. Dins un llibre s&#8217;amaga tot un m\u00f3n. Nom\u00e9s cal voler obrir-lo. El llibre, objecte m\u00e0gic i captivador, que t\u00e9 la capacitat de canviar les postres vides per a fer-nos seguir un cam\u00ed diferent al que ten\u00edem planejat. Un llibre avi\u00f3, un llibre l\u00e0mpada per a il\u00b7luminar un carrer fosc, un llibre t\u00fanel d&#8217;on surt una locomotora a vapor. Aquestes son algunes de les met\u00e0fores de inspiraci\u00f3 llibresca que es troben en aquest t\u00edtol.<\/p>\n","protected":false},"excerpt":{"rendered":"Si jo fos un llibre, m&#8217;agradaria fer lliure i indomable al lector que m&#8217;escoll\u00eds. Un llibre no \u00e9s tan sols un conjunt de fulls impresos, agrupats de forma ordenada. Dins un llibre s&#8217;amaga tot un m\u00f3n. Nom\u00e9s cal voler obrir-lo. [&hellip;]","protected":false},"featured_media":14805,"template":"","meta":{"_acf_changed":false,"_exactmetrics_skip_tracking":false,"_exactmetrics_sitenote_active":false,"_exactmetrics_sitenote_note":"","_exactmetrics_sitenote_category":0},"product_brand":[],"product_cat":[902,1121,1144,1128],"product_tag":[],"coleccion":[955],"class_list":{"0":"post-6013","1":"product","2":"type-product","3":"status-publish","4":"has-post-thumbnail","6":"product_cat-a-partir-de-7-anos","7":"product_cat-albumes-ilustrados","8":"product_cat-bibliotecas-libros-sobre-libros","9":"product_cat-tematica","10":"coleccion-llibres-i-biblioteques","12":"first","13":"instock","14":"taxable","15":"shipping-taxable","16":"purchasable","17":"product-type-simple"},"acf":{"autor":"Jose Jorge y Andr\u00e9 Letria","codart":"4120","ediciones":"1","encuadernacion":"Carton\u00e9","fecha_de_publicacion":"01\/11\/2014","novedad":"0","paginas":"64","subtitulo":"","texto_web_adicional":"","texto_web_novedad":"","orden":"999","portada":"0","texto_web_resaltado":"","indice":"","autores-libros":"","ilustradores-libros":[17837],"traductores-libros":[17972],"fecha_de_reimpresion":"","descripcion_corta":"","recomendamos":"","mas_vendido":"","idioma-libro":"","color":false,"formato":"","mas_informacion_del_producto":false,"premios":false,"deshabilitar_compra":["deshabilitar"],"texto_enlace_cubierta":"","enlace_cubierta":false,"texto_enlace_ficha_tecnica":"","enlace_ficha_tecnica":false,"ficheros":false,"titulo-fr":"","texto-fr":""},"yoast_head":"<!-- This site is optimized with the Yoast SEO plugin v27.3 - https:\/\/yoast.com\/product\/yoast-seo-wordpress\/ -->\n<title>Si jo fos un llibre - Editorial Juventud<\/title>\n<meta name=\"description\" content=\"Si jo fos un llibre, m&#039;agradaria fer lliure i indomable al lector que m&#039;escoll\u00eds. Un llibre no \u00e9s tan sols un conjunt de fulls impresos, agrupats de forma\" \/>\n<meta name=\"robots\" content=\"index, follow, max-snippet:-1, max-image-preview:large, max-video-preview:-1\" \/>\n<link rel=\"canonical\" href=\"https:\/\/www.editorialjuventud.es\/si-jo-fos-un-llibre-9788426141200\/\" \/>\n<meta property=\"og:locale\" content=\"ca_ES\" \/>\n<meta property=\"og:type\" content=\"article\" \/>\n<meta property=\"og:title\" content=\"Si jo fos un llibre - Editorial Juventud\" \/>\n<meta property=\"og:description\" content=\"Si jo fos un llibre, m&#039;agradaria fer lliure i indomable al lector que m&#039;escoll\u00eds. Un llibre no \u00e9s tan sols un conjunt de fulls impresos, agrupats de forma\" \/>\n<meta property=\"og:url\" content=\"https:\/\/www.editorialjuventud.es\/si-jo-fos-un-llibre-9788426141200\/\" \/>\n<meta property=\"og:site_name\" content=\"Editorial Juventud\" \/>\n<meta property=\"article:modified_time\" content=\"2025-11-05T13:15:15+00:00\" \/>\n<meta property=\"og:image\" content=\"https:\/\/www.editorialjuventud.es\/wp-content\/uploads\/4120.jpg\" \/>\n\t<meta property=\"og:image:width\" content=\"364\" \/>\n\t<meta property=\"og:image:height\" content=\"450\" \/>\n\t<meta property=\"og:image:type\" content=\"image\/jpeg\" \/>\n<meta name=\"twitter:card\" content=\"summary_large_image\" \/>\n<meta name=\"twitter:label1\" content=\"Temps estimat de lectura\" \/>\n\t<meta name=\"twitter:data1\" content=\"1 minut\" \/>\n<script type=\"application\/ld+json\" class=\"yoast-schema-graph\">{\"@context\":\"https:\\\/\\\/schema.org\",\"@graph\":[{\"@type\":\"WebPage\",\"@id\":\"https:\\\/\\\/www.editorialjuventud.es\\\/si-jo-fos-un-llibre-9788426141200\\\/\",\"url\":\"https:\\\/\\\/www.editorialjuventud.es\\\/si-jo-fos-un-llibre-9788426141200\\\/\",\"name\":\"Si jo fos un llibre - Editorial Juventud\",\"isPartOf\":{\"@id\":\"https:\\\/\\\/www.editorialjuventud.es\\\/#website\"},\"primaryImageOfPage\":{\"@id\":\"https:\\\/\\\/www.editorialjuventud.es\\\/si-jo-fos-un-llibre-9788426141200\\\/#primaryimage\"},\"image\":{\"@id\":\"https:\\\/\\\/www.editorialjuventud.es\\\/si-jo-fos-un-llibre-9788426141200\\\/#primaryimage\"},\"thumbnailUrl\":\"https:\\\/\\\/www.editorialjuventud.es\\\/wp-content\\\/uploads\\\/4120.jpg\",\"datePublished\":\"2018-08-24T09:46:12+00:00\",\"dateModified\":\"2025-11-05T13:15:15+00:00\",\"description\":\"Si jo fos un llibre, m'agradaria fer lliure i indomable al lector que m'escoll\u00eds. Un llibre no \u00e9s tan sols un conjunt de fulls impresos, agrupats de forma\",\"breadcrumb\":{\"@id\":\"https:\\\/\\\/www.editorialjuventud.es\\\/si-jo-fos-un-llibre-9788426141200\\\/#breadcrumb\"},\"inLanguage\":\"ca\",\"potentialAction\":[{\"@type\":\"ReadAction\",\"target\":[\"https:\\\/\\\/www.editorialjuventud.es\\\/si-jo-fos-un-llibre-9788426141200\\\/\"]}]},{\"@type\":\"ImageObject\",\"inLanguage\":\"ca\",\"@id\":\"https:\\\/\\\/www.editorialjuventud.es\\\/si-jo-fos-un-llibre-9788426141200\\\/#primaryimage\",\"url\":\"https:\\\/\\\/www.editorialjuventud.es\\\/wp-content\\\/uploads\\\/4120.jpg\",\"contentUrl\":\"https:\\\/\\\/www.editorialjuventud.es\\\/wp-content\\\/uploads\\\/4120.jpg\",\"width\":364,\"height\":450,\"caption\":\"4120.jpg\"},{\"@type\":\"BreadcrumbList\",\"@id\":\"https:\\\/\\\/www.editorialjuventud.es\\\/si-jo-fos-un-llibre-9788426141200\\\/#breadcrumb\",\"itemListElement\":[{\"@type\":\"ListItem\",\"position\":1,\"name\":\"Portada\",\"item\":\"https:\\\/\\\/www.editorialjuventud.es\\\/\"},{\"@type\":\"ListItem\",\"position\":2,\"name\":\"cat\u00e1logo\",\"item\":\"https:\\\/\\\/www.editorialjuventud.es\\\/coleccion\\\/catalogo\\\/\"},{\"@type\":\"ListItem\",\"position\":3,\"name\":\"catal\u00e0\",\"item\":\"https:\\\/\\\/www.editorialjuventud.es\\\/coleccion\\\/catala\\\/\"},{\"@type\":\"ListItem\",\"position\":4,\"name\":\"\u00c0lbums Il\u00b7lustrats\",\"item\":\"https:\\\/\\\/www.editorialjuventud.es\\\/coleccion\\\/albums-il%c2%b7lustrats\\\/\"},{\"@type\":\"ListItem\",\"position\":5,\"name\":\"Llibres i Biblioteques\",\"item\":\"https:\\\/\\\/www.editorialjuventud.es\\\/coleccion\\\/llibres-i-biblioteques\\\/\"},{\"@type\":\"ListItem\",\"position\":6,\"name\":\"Si jo fos un llibre\"}]},{\"@type\":\"WebSite\",\"@id\":\"https:\\\/\\\/www.editorialjuventud.es\\\/#website\",\"url\":\"https:\\\/\\\/www.editorialjuventud.es\\\/\",\"name\":\"Editorial Juventud\",\"description\":\"\",\"potentialAction\":[{\"@type\":\"SearchAction\",\"target\":{\"@type\":\"EntryPoint\",\"urlTemplate\":\"https:\\\/\\\/www.editorialjuventud.es\\\/?s={search_term_string}\"},\"query-input\":{\"@type\":\"PropertyValueSpecification\",\"valueRequired\":true,\"valueName\":\"search_term_string\"}}],\"inLanguage\":\"ca\"}]}<\/script>\n<!-- \/ Yoast SEO plugin. -->","yoast_head_json":{"title":"Si jo fos un llibre - Editorial Juventud","description":"Si jo fos un llibre, m'agradaria fer lliure i indomable al lector que m'escoll\u00eds. Un llibre no \u00e9s tan sols un conjunt de fulls impresos, agrupats de forma","robots":{"index":"index","follow":"follow","max-snippet":"max-snippet:-1","max-image-preview":"max-image-preview:large","max-video-preview":"max-video-preview:-1"},"canonical":"https:\/\/www.editorialjuventud.es\/si-jo-fos-un-llibre-9788426141200\/","og_locale":"ca_ES","og_type":"article","og_title":"Si jo fos un llibre - Editorial Juventud","og_description":"Si jo fos un llibre, m'agradaria fer lliure i indomable al lector que m'escoll\u00eds. Un llibre no \u00e9s tan sols un conjunt de fulls impresos, agrupats de forma","og_url":"https:\/\/www.editorialjuventud.es\/si-jo-fos-un-llibre-9788426141200\/","og_site_name":"Editorial Juventud","article_modified_time":"2025-11-05T13:15:15+00:00","og_image":[{"width":364,"height":450,"url":"https:\/\/www.editorialjuventud.es\/wp-content\/uploads\/4120.jpg","type":"image\/jpeg"}],"twitter_card":"summary_large_image","twitter_misc":{"Temps estimat de lectura":"1 minut"},"schema":{"@context":"https:\/\/schema.org","@graph":[{"@type":"WebPage","@id":"https:\/\/www.editorialjuventud.es\/si-jo-fos-un-llibre-9788426141200\/","url":"https:\/\/www.editorialjuventud.es\/si-jo-fos-un-llibre-9788426141200\/","name":"Si jo fos un llibre - Editorial Juventud","isPartOf":{"@id":"https:\/\/www.editorialjuventud.es\/#website"},"primaryImageOfPage":{"@id":"https:\/\/www.editorialjuventud.es\/si-jo-fos-un-llibre-9788426141200\/#primaryimage"},"image":{"@id":"https:\/\/www.editorialjuventud.es\/si-jo-fos-un-llibre-9788426141200\/#primaryimage"},"thumbnailUrl":"https:\/\/www.editorialjuventud.es\/wp-content\/uploads\/4120.jpg","datePublished":"2018-08-24T09:46:12+00:00","dateModified":"2025-11-05T13:15:15+00:00","description":"Si jo fos un llibre, m'agradaria fer lliure i indomable al lector que m'escoll\u00eds. Un llibre no \u00e9s tan sols un conjunt de fulls impresos, agrupats de forma","breadcrumb":{"@id":"https:\/\/www.editorialjuventud.es\/si-jo-fos-un-llibre-9788426141200\/#breadcrumb"},"inLanguage":"ca","potentialAction":[{"@type":"ReadAction","target":["https:\/\/www.editorialjuventud.es\/si-jo-fos-un-llibre-9788426141200\/"]}]},{"@type":"ImageObject","inLanguage":"ca","@id":"https:\/\/www.editorialjuventud.es\/si-jo-fos-un-llibre-9788426141200\/#primaryimage","url":"https:\/\/www.editorialjuventud.es\/wp-content\/uploads\/4120.jpg","contentUrl":"https:\/\/www.editorialjuventud.es\/wp-content\/uploads\/4120.jpg","width":364,"height":450,"caption":"4120.jpg"},{"@type":"BreadcrumbList","@id":"https:\/\/www.editorialjuventud.es\/si-jo-fos-un-llibre-9788426141200\/#breadcrumb","itemListElement":[{"@type":"ListItem","position":1,"name":"Portada","item":"https:\/\/www.editorialjuventud.es\/"},{"@type":"ListItem","position":2,"name":"cat\u00e1logo","item":"https:\/\/www.editorialjuventud.es\/coleccion\/catalogo\/"},{"@type":"ListItem","position":3,"name":"catal\u00e0","item":"https:\/\/www.editorialjuventud.es\/coleccion\/catala\/"},{"@type":"ListItem","position":4,"name":"\u00c0lbums Il\u00b7lustrats","item":"https:\/\/www.editorialjuventud.es\/coleccion\/albums-il%c2%b7lustrats\/"},{"@type":"ListItem","position":5,"name":"Llibres i Biblioteques","item":"https:\/\/www.editorialjuventud.es\/coleccion\/llibres-i-biblioteques\/"},{"@type":"ListItem","position":6,"name":"Si jo fos un llibre"}]},{"@type":"WebSite","@id":"https:\/\/www.editorialjuventud.es\/#website","url":"https:\/\/www.editorialjuventud.es\/","name":"Editorial Juventud","description":"","potentialAction":[{"@type":"SearchAction","target":{"@type":"EntryPoint","urlTemplate":"https:\/\/www.editorialjuventud.es\/?s={search_term_string}"},"query-input":{"@type":"PropertyValueSpecification","valueRequired":true,"valueName":"search_term_string"}}],"inLanguage":"ca"}]}},"_links":{"self":[{"href":"https:\/\/www.editorialjuventud.es\/ca\/wp-json\/wp\/v2\/product\/6013","targetHints":{"allow":["GET"]}}],"collection":[{"href":"https:\/\/www.editorialjuventud.es\/ca\/wp-json\/wp\/v2\/product"}],"about":[{"href":"https:\/\/www.editorialjuventud.es\/ca\/wp-json\/wp\/v2\/types\/product"}],"wp:featuredmedia":[{"embeddable":true,"href":"https:\/\/www.editorialjuventud.es\/ca\/wp-json\/wp\/v2\/media\/14805"}],"wp:attachment":[{"href":"https:\/\/www.editorialjuventud.es\/ca\/wp-json\/wp\/v2\/media?parent=6013"}],"wp:term":[{"taxonomy":"product_brand","embeddable":true,"href":"https:\/\/www.editorialjuventud.es\/ca\/wp-json\/wp\/v2\/product_brand?post=6013"},{"taxonomy":"product_cat","embeddable":true,"href":"https:\/\/www.editorialjuventud.es\/ca\/wp-json\/wp\/v2\/product_cat?post=6013"},{"taxonomy":"product_tag","embeddable":true,"href":"https:\/\/www.editorialjuventud.es\/ca\/wp-json\/wp\/v2\/product_tag?post=6013"},{"taxonomy":"coleccion","embeddable":true,"href":"https:\/\/www.editorialjuventud.es\/ca\/wp-json\/wp\/v2\/coleccion?post=6013"}],"curies":[{"name":"wp","href":"https:\/\/api.w.org\/{rel}","templated":true}]}}