{"id":6009,"date":"2018-08-24T11:45:55","date_gmt":"2018-08-24T09:45:55","guid":{"rendered":"http:\/\/www.editorialjuventud.es\/lindbergh-lagosarada-historia-dun-ratoli-volador\/"},"modified":"2026-03-30T12:37:33","modified_gmt":"2026-03-30T10:37:33","slug":"lindbergh-9788426141170","status":"publish","type":"product","link":"https:\/\/www.editorialjuventud.es\/ca\/lindbergh-9788426141170\/","title":{"rendered":"Lindbergh"},"content":{"rendered":"<p>Corrien temps dif\u00edcils per als ratolins\u2026, uns nous paranys diab\u00f2lics els havia fet fugir gaireb\u00e9 tots cap a Am\u00e8rica, la terra de la llibertat. Quan el petit ratol\u00ed de biblioteca se n&#8217;adon\u00e0, s&#8217;havia quedat sol i sense possibilitat de marxar. Llavors es va empescar un pla molt agosarat: Aniria a Am\u00e8rica volant! Un repte per a un petit ratol\u00ed, un gran pas per a l&#8217;aviaci\u00f3. Una aventura extraordin\u00e0ria sobre l&#8217;exili i la hist\u00f2ria de l&#8217;aviaci\u00f3, amb un annex final que recull les proeses de grans aviadors.<br \/>\nLindbergh s&#8217;ha convertit en pocs mesos en un \u00e8xit arreu del m\u00f3n, tradu\u00eft a m\u00e9s de 19 idiomes i amb m\u00e9s de 30.000 c\u00f2pies venudes nom\u00e9s a Alemanya.<\/p>\n<p><img loading=\"lazy\" decoding=\"async\" class=\"alignnone  wp-image-101828\" src=\"https:\/\/www.editorialjuventud.es\/wp-content\/uploads\/Logo_Suport_ICEC-2.jpg\" alt=\"\" width=\"566\" height=\"148\" srcset=\"https:\/\/www.editorialjuventud.es\/wp-content\/uploads\/Logo_Suport_ICEC-2.jpg 1237w, https:\/\/www.editorialjuventud.es\/wp-content\/uploads\/Logo_Suport_ICEC-2-768x201.jpg 768w, https:\/\/www.editorialjuventud.es\/wp-content\/uploads\/Logo_Suport_ICEC-2-350x92.jpg 350w, https:\/\/www.editorialjuventud.es\/wp-content\/uploads\/Logo_Suport_ICEC-2-900x236.jpg 900w, https:\/\/www.editorialjuventud.es\/wp-content\/uploads\/Logo_Suport_ICEC-2-190x50.jpg 190w, https:\/\/www.editorialjuventud.es\/wp-content\/uploads\/Logo_Suport_ICEC-2-344x90.jpg 344w\" sizes=\"auto, (max-width: 566px) 100vw, 566px\" \/><\/p>\n","protected":false},"excerpt":{"rendered":"Corrien temps dif\u00edcils per als ratolins\u2026, uns nous paranys diab\u00f2lics els havia fet fugir gaireb\u00e9 tots cap a Am\u00e8rica, la terra de la llibertat. Quan el petit ratol\u00ed de biblioteca se n&#8217;adon\u00e0, s&#8217;havia quedat sol i sense possibilitat de marxar. [&hellip;]","protected":false},"featured_media":13913,"template":"","meta":{"_acf_changed":false,"_exactmetrics_skip_tracking":false,"_exactmetrics_sitenote_active":false,"_exactmetrics_sitenote_note":"","_exactmetrics_sitenote_category":0},"product_brand":[],"product_cat":[902,1121,1138,1142,1183,1207,1128],"product_tag":[],"coleccion":[952,1247],"class_list":{"0":"post-6009","1":"product","2":"type-product","3":"status-publish","4":"has-post-thumbnail","6":"product_cat-a-partir-de-7-anos","7":"product_cat-albumes-ilustrados","8":"product_cat-animales","9":"product_cat-aventura","10":"product_cat-historia","11":"product_cat-personajes-reales","12":"product_cat-tematica","13":"coleccion-ja-llegeixo-sol","14":"coleccion-ratolins-aventurers","16":"first","17":"instock","18":"taxable","19":"shipping-taxable","20":"purchasable","21":"product-type-simple"},"acf":{"autor":"Kuhlmann, Torben","codart":"4117","ediciones":"2","encuadernacion":"Carton\u00e9","fecha_de_publicacion":"01\/11\/2014","novedad":"0","paginas":"96","subtitulo":"L'agosarada hist\u00f2ria d'un ratol\u00ed volador","texto_web_adicional":"","texto_web_novedad":"","orden":"999","portada":"0","texto_web_resaltado":"","indice":"","autores-libros":[16448],"ilustradores-libros":[16448],"traductores-libros":[18265],"fecha_de_reimpresion":"","descripcion_corta":"","recomendamos":"","mas_vendido":"","idioma-libro":"","color":false,"formato":"","mas_informacion_del_producto":false,"premios":false,"deshabilitar_compra":[],"texto_enlace_cubierta":"","enlace_cubierta":false,"texto_enlace_ficha_tecnica":"","enlace_ficha_tecnica":false,"ficheros":false,"titulo-fr":"","texto-fr":""},"yoast_head":"<!-- This site is optimized with the Yoast SEO plugin v27.5 - https:\/\/yoast.com\/product\/yoast-seo-wordpress\/ -->\n<title>Lindbergh - Editorial Juventud<\/title>\n<meta name=\"description\" content=\"Corrien temps dif\u00edcils per als ratolins\u2026, uns nous paranys diab\u00f2lics els havia fet fugir gaireb\u00e9 tots cap a Am\u00e8rica, la terra de la llibertat. Quan el\" \/>\n<meta name=\"robots\" content=\"index, follow, max-snippet:-1, max-image-preview:large, max-video-preview:-1\" \/>\n<link rel=\"canonical\" href=\"https:\/\/www.editorialjuventud.es\/lindbergh-9788426141170\/\" \/>\n<meta property=\"og:locale\" content=\"ca_ES\" \/>\n<meta property=\"og:type\" content=\"article\" \/>\n<meta property=\"og:title\" content=\"Lindbergh - Editorial Juventud\" \/>\n<meta property=\"og:description\" content=\"Corrien temps dif\u00edcils per als ratolins\u2026, uns nous paranys diab\u00f2lics els havia fet fugir gaireb\u00e9 tots cap a Am\u00e8rica, la terra de la llibertat. Quan el\" \/>\n<meta property=\"og:url\" content=\"https:\/\/www.editorialjuventud.es\/lindbergh-9788426141170\/\" \/>\n<meta property=\"og:site_name\" content=\"Editorial Juventud\" \/>\n<meta property=\"article:modified_time\" content=\"2026-03-30T10:37:33+00:00\" \/>\n<meta property=\"og:image\" content=\"https:\/\/www.editorialjuventud.es\/wp-content\/uploads\/4117.jpg\" \/>\n\t<meta property=\"og:image:width\" content=\"350\" \/>\n\t<meta property=\"og:image:height\" content=\"450\" \/>\n\t<meta property=\"og:image:type\" content=\"image\/jpeg\" \/>\n<meta name=\"twitter:card\" content=\"summary_large_image\" \/>\n<meta name=\"twitter:label1\" content=\"Temps estimat de lectura\" \/>\n\t<meta name=\"twitter:data1\" content=\"1 minut\" \/>\n<script type=\"application\/ld+json\" class=\"yoast-schema-graph\">{\"@context\":\"https:\\\/\\\/schema.org\",\"@graph\":[{\"@type\":\"WebPage\",\"@id\":\"https:\\\/\\\/www.editorialjuventud.es\\\/lindbergh-9788426141170\\\/\",\"url\":\"https:\\\/\\\/www.editorialjuventud.es\\\/lindbergh-9788426141170\\\/\",\"name\":\"Lindbergh - Editorial Juventud\",\"isPartOf\":{\"@id\":\"https:\\\/\\\/www.editorialjuventud.es\\\/#website\"},\"primaryImageOfPage\":{\"@id\":\"https:\\\/\\\/www.editorialjuventud.es\\\/lindbergh-9788426141170\\\/#primaryimage\"},\"image\":{\"@id\":\"https:\\\/\\\/www.editorialjuventud.es\\\/lindbergh-9788426141170\\\/#primaryimage\"},\"thumbnailUrl\":\"https:\\\/\\\/www.editorialjuventud.es\\\/wp-content\\\/uploads\\\/4117.jpg\",\"datePublished\":\"2018-08-24T09:45:55+00:00\",\"dateModified\":\"2026-03-30T10:37:33+00:00\",\"description\":\"Corrien temps dif\u00edcils per als ratolins\u2026, uns nous paranys diab\u00f2lics els havia fet fugir gaireb\u00e9 tots cap a Am\u00e8rica, la terra de la llibertat. Quan el\",\"breadcrumb\":{\"@id\":\"https:\\\/\\\/www.editorialjuventud.es\\\/lindbergh-9788426141170\\\/#breadcrumb\"},\"inLanguage\":\"ca\",\"potentialAction\":[{\"@type\":\"ReadAction\",\"target\":[\"https:\\\/\\\/www.editorialjuventud.es\\\/lindbergh-9788426141170\\\/\"]}]},{\"@type\":\"ImageObject\",\"inLanguage\":\"ca\",\"@id\":\"https:\\\/\\\/www.editorialjuventud.es\\\/lindbergh-9788426141170\\\/#primaryimage\",\"url\":\"https:\\\/\\\/www.editorialjuventud.es\\\/wp-content\\\/uploads\\\/4117.jpg\",\"contentUrl\":\"https:\\\/\\\/www.editorialjuventud.es\\\/wp-content\\\/uploads\\\/4117.jpg\",\"width\":350,\"height\":450,\"caption\":\"4117.jpg\"},{\"@type\":\"BreadcrumbList\",\"@id\":\"https:\\\/\\\/www.editorialjuventud.es\\\/lindbergh-9788426141170\\\/#breadcrumb\",\"itemListElement\":[{\"@type\":\"ListItem\",\"position\":1,\"name\":\"Portada\",\"item\":\"https:\\\/\\\/www.editorialjuventud.es\\\/\"},{\"@type\":\"ListItem\",\"position\":2,\"name\":\"cat\u00e1logo\",\"item\":\"https:\\\/\\\/www.editorialjuventud.es\\\/coleccion\\\/catalogo\\\/\"},{\"@type\":\"ListItem\",\"position\":3,\"name\":\"catal\u00e0\",\"item\":\"https:\\\/\\\/www.editorialjuventud.es\\\/coleccion\\\/catala\\\/\"},{\"@type\":\"ListItem\",\"position\":4,\"name\":\"\u00c0lbums Il\u00b7lustrats\",\"item\":\"https:\\\/\\\/www.editorialjuventud.es\\\/coleccion\\\/albums-il%c2%b7lustrats\\\/\"},{\"@type\":\"ListItem\",\"position\":5,\"name\":\"Ja Llegeixo Sol!\",\"item\":\"https:\\\/\\\/www.editorialjuventud.es\\\/coleccion\\\/ja-llegeixo-sol\\\/\"},{\"@type\":\"ListItem\",\"position\":6,\"name\":\"Ratolins Aventurers\",\"item\":\"https:\\\/\\\/www.editorialjuventud.es\\\/coleccion\\\/ratolins-aventurers\\\/\"},{\"@type\":\"ListItem\",\"position\":7,\"name\":\"Lindbergh\"}]},{\"@type\":\"WebSite\",\"@id\":\"https:\\\/\\\/www.editorialjuventud.es\\\/#website\",\"url\":\"https:\\\/\\\/www.editorialjuventud.es\\\/\",\"name\":\"Editorial Juventud\",\"description\":\"\",\"potentialAction\":[{\"@type\":\"SearchAction\",\"target\":{\"@type\":\"EntryPoint\",\"urlTemplate\":\"https:\\\/\\\/www.editorialjuventud.es\\\/?s={search_term_string}\"},\"query-input\":{\"@type\":\"PropertyValueSpecification\",\"valueRequired\":true,\"valueName\":\"search_term_string\"}}],\"inLanguage\":\"ca\"}]}<\/script>\n<!-- \/ Yoast SEO plugin. -->","yoast_head_json":{"title":"Lindbergh - Editorial Juventud","description":"Corrien temps dif\u00edcils per als ratolins\u2026, uns nous paranys diab\u00f2lics els havia fet fugir gaireb\u00e9 tots cap a Am\u00e8rica, la terra de la llibertat. Quan el","robots":{"index":"index","follow":"follow","max-snippet":"max-snippet:-1","max-image-preview":"max-image-preview:large","max-video-preview":"max-video-preview:-1"},"canonical":"https:\/\/www.editorialjuventud.es\/lindbergh-9788426141170\/","og_locale":"ca_ES","og_type":"article","og_title":"Lindbergh - Editorial Juventud","og_description":"Corrien temps dif\u00edcils per als ratolins\u2026, uns nous paranys diab\u00f2lics els havia fet fugir gaireb\u00e9 tots cap a Am\u00e8rica, la terra de la llibertat. Quan el","og_url":"https:\/\/www.editorialjuventud.es\/lindbergh-9788426141170\/","og_site_name":"Editorial Juventud","article_modified_time":"2026-03-30T10:37:33+00:00","og_image":[{"width":350,"height":450,"url":"https:\/\/www.editorialjuventud.es\/wp-content\/uploads\/4117.jpg","type":"image\/jpeg"}],"twitter_card":"summary_large_image","twitter_misc":{"Temps estimat de lectura":"1 minut"},"schema":{"@context":"https:\/\/schema.org","@graph":[{"@type":"WebPage","@id":"https:\/\/www.editorialjuventud.es\/lindbergh-9788426141170\/","url":"https:\/\/www.editorialjuventud.es\/lindbergh-9788426141170\/","name":"Lindbergh - Editorial Juventud","isPartOf":{"@id":"https:\/\/www.editorialjuventud.es\/#website"},"primaryImageOfPage":{"@id":"https:\/\/www.editorialjuventud.es\/lindbergh-9788426141170\/#primaryimage"},"image":{"@id":"https:\/\/www.editorialjuventud.es\/lindbergh-9788426141170\/#primaryimage"},"thumbnailUrl":"https:\/\/www.editorialjuventud.es\/wp-content\/uploads\/4117.jpg","datePublished":"2018-08-24T09:45:55+00:00","dateModified":"2026-03-30T10:37:33+00:00","description":"Corrien temps dif\u00edcils per als ratolins\u2026, uns nous paranys diab\u00f2lics els havia fet fugir gaireb\u00e9 tots cap a Am\u00e8rica, la terra de la llibertat. Quan el","breadcrumb":{"@id":"https:\/\/www.editorialjuventud.es\/lindbergh-9788426141170\/#breadcrumb"},"inLanguage":"ca","potentialAction":[{"@type":"ReadAction","target":["https:\/\/www.editorialjuventud.es\/lindbergh-9788426141170\/"]}]},{"@type":"ImageObject","inLanguage":"ca","@id":"https:\/\/www.editorialjuventud.es\/lindbergh-9788426141170\/#primaryimage","url":"https:\/\/www.editorialjuventud.es\/wp-content\/uploads\/4117.jpg","contentUrl":"https:\/\/www.editorialjuventud.es\/wp-content\/uploads\/4117.jpg","width":350,"height":450,"caption":"4117.jpg"},{"@type":"BreadcrumbList","@id":"https:\/\/www.editorialjuventud.es\/lindbergh-9788426141170\/#breadcrumb","itemListElement":[{"@type":"ListItem","position":1,"name":"Portada","item":"https:\/\/www.editorialjuventud.es\/"},{"@type":"ListItem","position":2,"name":"cat\u00e1logo","item":"https:\/\/www.editorialjuventud.es\/coleccion\/catalogo\/"},{"@type":"ListItem","position":3,"name":"catal\u00e0","item":"https:\/\/www.editorialjuventud.es\/coleccion\/catala\/"},{"@type":"ListItem","position":4,"name":"\u00c0lbums Il\u00b7lustrats","item":"https:\/\/www.editorialjuventud.es\/coleccion\/albums-il%c2%b7lustrats\/"},{"@type":"ListItem","position":5,"name":"Ja Llegeixo Sol!","item":"https:\/\/www.editorialjuventud.es\/coleccion\/ja-llegeixo-sol\/"},{"@type":"ListItem","position":6,"name":"Ratolins Aventurers","item":"https:\/\/www.editorialjuventud.es\/coleccion\/ratolins-aventurers\/"},{"@type":"ListItem","position":7,"name":"Lindbergh"}]},{"@type":"WebSite","@id":"https:\/\/www.editorialjuventud.es\/#website","url":"https:\/\/www.editorialjuventud.es\/","name":"Editorial Juventud","description":"","potentialAction":[{"@type":"SearchAction","target":{"@type":"EntryPoint","urlTemplate":"https:\/\/www.editorialjuventud.es\/?s={search_term_string}"},"query-input":{"@type":"PropertyValueSpecification","valueRequired":true,"valueName":"search_term_string"}}],"inLanguage":"ca"}]}},"_links":{"self":[{"href":"https:\/\/www.editorialjuventud.es\/ca\/wp-json\/wp\/v2\/product\/6009","targetHints":{"allow":["GET"]}}],"collection":[{"href":"https:\/\/www.editorialjuventud.es\/ca\/wp-json\/wp\/v2\/product"}],"about":[{"href":"https:\/\/www.editorialjuventud.es\/ca\/wp-json\/wp\/v2\/types\/product"}],"wp:featuredmedia":[{"embeddable":true,"href":"https:\/\/www.editorialjuventud.es\/ca\/wp-json\/wp\/v2\/media\/13913"}],"wp:attachment":[{"href":"https:\/\/www.editorialjuventud.es\/ca\/wp-json\/wp\/v2\/media?parent=6009"}],"wp:term":[{"taxonomy":"product_brand","embeddable":true,"href":"https:\/\/www.editorialjuventud.es\/ca\/wp-json\/wp\/v2\/product_brand?post=6009"},{"taxonomy":"product_cat","embeddable":true,"href":"https:\/\/www.editorialjuventud.es\/ca\/wp-json\/wp\/v2\/product_cat?post=6009"},{"taxonomy":"product_tag","embeddable":true,"href":"https:\/\/www.editorialjuventud.es\/ca\/wp-json\/wp\/v2\/product_tag?post=6009"},{"taxonomy":"coleccion","embeddable":true,"href":"https:\/\/www.editorialjuventud.es\/ca\/wp-json\/wp\/v2\/coleccion?post=6009"}],"curies":[{"name":"wp","href":"https:\/\/api.w.org\/{rel}","templated":true}]}}