{"id":6008,"date":"2018-08-24T12:45:50","date_gmt":"2018-08-24T10:45:50","guid":{"rendered":"http:\/\/www.editorialjuventud.es\/lindbergh\/"},"modified":"2026-03-30T12:36:44","modified_gmt":"2026-03-30T10:36:44","slug":"lindbergh-9788426141163","status":"publish","type":"product","link":"https:\/\/www.editorialjuventud.es\/ca\/lindbergh-9788426141163\/","title":{"rendered":"Lindbergh"},"content":{"rendered":"<p>Corr\u00edan tiempos dif\u00edciles para los ratones\u2026 Una nueva ratonera diab\u00f3lica hizo que casi todos huyeran hacia Am\u00e9rica, el pa\u00eds de la libertad. Cuando el peque\u00f1o rat\u00f3n de biblioteca se dio cuenta, se hab\u00eda quedado solo y sin posibilidad de escapar. Entonces se le ocurri\u00f3 una idea brillante: \u00a1Ir\u00eda a Am\u00e9rica volando! Un reto para un rat\u00f3n, un gran paso para la aviaci\u00f3n.<br \/>\nUna aventura extraordinaria sobre el exilio y la historia de la aviaci\u00f3n, con un anexo final que recoge las proezas de grandes aviadores.<br \/>\nLindbergh se ha convertido en un \u00e9xito mundial, traducido a m\u00e1s de 19 idiomas y con m\u00e1s de 30.000 libros vendidos solo en Alemania.<\/p>\n<p><img loading=\"lazy\" decoding=\"async\" class=\"alignnone  wp-image-101828\" src=\"https:\/\/www.editorialjuventud.es\/wp-content\/uploads\/Logo_Suport_ICEC-2.jpg\" alt=\"\" width=\"574\" height=\"150\" srcset=\"https:\/\/www.editorialjuventud.es\/wp-content\/uploads\/Logo_Suport_ICEC-2.jpg 1237w, https:\/\/www.editorialjuventud.es\/wp-content\/uploads\/Logo_Suport_ICEC-2-768x201.jpg 768w, https:\/\/www.editorialjuventud.es\/wp-content\/uploads\/Logo_Suport_ICEC-2-350x92.jpg 350w, https:\/\/www.editorialjuventud.es\/wp-content\/uploads\/Logo_Suport_ICEC-2-900x236.jpg 900w, https:\/\/www.editorialjuventud.es\/wp-content\/uploads\/Logo_Suport_ICEC-2-190x50.jpg 190w, https:\/\/www.editorialjuventud.es\/wp-content\/uploads\/Logo_Suport_ICEC-2-344x90.jpg 344w\" sizes=\"auto, (max-width: 574px) 100vw, 574px\" \/><\/p>\n","protected":false},"excerpt":{"rendered":"Corr\u00edan tiempos dif\u00edciles para los ratones\u2026 Una nueva ratonera diab\u00f3lica hizo que casi todos huyeran hacia Am\u00e9rica, el pa\u00eds de la libertad. Cuando el peque\u00f1o rat\u00f3n de biblioteca se dio cuenta, se hab\u00eda quedado solo y sin posibilidad de escapar. [&hellip;]","protected":false},"featured_media":13885,"template":"","meta":{"_acf_changed":false,"_exactmetrics_skip_tracking":false,"_exactmetrics_sitenote_active":false,"_exactmetrics_sitenote_note":"","_exactmetrics_sitenote_category":0},"product_brand":[],"product_cat":[902,1121,1142,1158,1176,1186,1207],"product_tag":[],"coleccion":[984,1248],"class_list":{"0":"post-6008","1":"product","2":"type-product","3":"status-publish","4":"has-post-thumbnail","6":"product_cat-a-partir-de-7-anos","7":"product_cat-albumes-ilustrados","8":"product_cat-aventura","9":"product_cat-critica-social","10":"product_cat-fronteras","11":"product_cat-inmigracion","12":"product_cat-personajes-reales","13":"coleccion-ya-leo-solo","14":"coleccion-ratones-aventureros","16":"first","17":"instock","18":"taxable","19":"shipping-taxable","20":"purchasable","21":"product-type-simple"},"acf":{"autor":"Kuhlmann, Torben","codart":"4116","ediciones":"2","encuadernacion":"Carton\u00e9","fecha_de_publicacion":"01\/10\/2014","novedad":"0","paginas":"96","subtitulo":"La incre\u00edble historia de un rat\u00f3n volador","texto_web_adicional":"","texto_web_novedad":"","orden":"999","portada":"0","texto_web_resaltado":"","indice":"","autores-libros":[16448],"ilustradores-libros":[16448],"traductores-libros":"","fecha_de_reimpresion":"","descripcion_corta":"","recomendamos":"","mas_vendido":"","idioma-libro":"","color":false,"formato":"","mas_informacion_del_producto":false,"premios":false,"deshabilitar_compra":[],"texto_enlace_cubierta":"","enlace_cubierta":false,"texto_enlace_ficha_tecnica":"","enlace_ficha_tecnica":false,"ficheros":false,"titulo-fr":"","texto-fr":""},"yoast_head":"<!-- This site is optimized with the Yoast SEO plugin v27.5 - https:\/\/yoast.com\/product\/yoast-seo-wordpress\/ -->\n<title>Lindbergh - Editorial Juventud<\/title>\n<meta name=\"description\" content=\"Corr\u00edan tiempos dif\u00edciles para los ratones\u2026 Una nueva ratonera diab\u00f3lica hizo que casi todos huyeran hacia Am\u00e9rica, el pa\u00eds de la libertad. Cuando el\" \/>\n<meta name=\"robots\" content=\"index, follow, max-snippet:-1, max-image-preview:large, max-video-preview:-1\" \/>\n<link rel=\"canonical\" href=\"https:\/\/www.editorialjuventud.es\/lindbergh-9788426141163\/\" \/>\n<meta property=\"og:locale\" content=\"ca_ES\" \/>\n<meta property=\"og:type\" content=\"article\" \/>\n<meta property=\"og:title\" content=\"Lindbergh - Editorial Juventud\" \/>\n<meta property=\"og:description\" content=\"Corr\u00edan tiempos dif\u00edciles para los ratones\u2026 Una nueva ratonera diab\u00f3lica hizo que casi todos huyeran hacia Am\u00e9rica, el pa\u00eds de la libertad. Cuando el\" \/>\n<meta property=\"og:url\" content=\"https:\/\/www.editorialjuventud.es\/lindbergh-9788426141163\/\" \/>\n<meta property=\"og:site_name\" content=\"Editorial Juventud\" \/>\n<meta property=\"article:modified_time\" content=\"2026-03-30T10:36:44+00:00\" \/>\n<meta property=\"og:image\" content=\"https:\/\/www.editorialjuventud.es\/wp-content\/uploads\/4116.jpg\" \/>\n\t<meta property=\"og:image:width\" content=\"349\" \/>\n\t<meta property=\"og:image:height\" content=\"450\" \/>\n\t<meta property=\"og:image:type\" content=\"image\/jpeg\" \/>\n<meta name=\"twitter:card\" content=\"summary_large_image\" \/>\n<meta name=\"twitter:label1\" content=\"Temps estimat de lectura\" \/>\n\t<meta name=\"twitter:data1\" content=\"1 minut\" \/>\n<script type=\"application\/ld+json\" class=\"yoast-schema-graph\">{\"@context\":\"https:\\\/\\\/schema.org\",\"@graph\":[{\"@type\":\"WebPage\",\"@id\":\"https:\\\/\\\/www.editorialjuventud.es\\\/lindbergh-9788426141163\\\/\",\"url\":\"https:\\\/\\\/www.editorialjuventud.es\\\/lindbergh-9788426141163\\\/\",\"name\":\"Lindbergh - Editorial Juventud\",\"isPartOf\":{\"@id\":\"https:\\\/\\\/www.editorialjuventud.es\\\/#website\"},\"primaryImageOfPage\":{\"@id\":\"https:\\\/\\\/www.editorialjuventud.es\\\/lindbergh-9788426141163\\\/#primaryimage\"},\"image\":{\"@id\":\"https:\\\/\\\/www.editorialjuventud.es\\\/lindbergh-9788426141163\\\/#primaryimage\"},\"thumbnailUrl\":\"https:\\\/\\\/www.editorialjuventud.es\\\/wp-content\\\/uploads\\\/4116.jpg\",\"datePublished\":\"2018-08-24T10:45:50+00:00\",\"dateModified\":\"2026-03-30T10:36:44+00:00\",\"description\":\"Corr\u00edan tiempos dif\u00edciles para los ratones\u2026 Una nueva ratonera diab\u00f3lica hizo que casi todos huyeran hacia Am\u00e9rica, el pa\u00eds de la libertad. Cuando el\",\"breadcrumb\":{\"@id\":\"https:\\\/\\\/www.editorialjuventud.es\\\/lindbergh-9788426141163\\\/#breadcrumb\"},\"inLanguage\":\"ca\",\"potentialAction\":[{\"@type\":\"ReadAction\",\"target\":[\"https:\\\/\\\/www.editorialjuventud.es\\\/lindbergh-9788426141163\\\/\"]}]},{\"@type\":\"ImageObject\",\"inLanguage\":\"ca\",\"@id\":\"https:\\\/\\\/www.editorialjuventud.es\\\/lindbergh-9788426141163\\\/#primaryimage\",\"url\":\"https:\\\/\\\/www.editorialjuventud.es\\\/wp-content\\\/uploads\\\/4116.jpg\",\"contentUrl\":\"https:\\\/\\\/www.editorialjuventud.es\\\/wp-content\\\/uploads\\\/4116.jpg\",\"width\":349,\"height\":450,\"caption\":\"4116.jpg\"},{\"@type\":\"BreadcrumbList\",\"@id\":\"https:\\\/\\\/www.editorialjuventud.es\\\/lindbergh-9788426141163\\\/#breadcrumb\",\"itemListElement\":[{\"@type\":\"ListItem\",\"position\":1,\"name\":\"Portada\",\"item\":\"https:\\\/\\\/www.editorialjuventud.es\\\/\"},{\"@type\":\"ListItem\",\"position\":2,\"name\":\"cat\u00e1logo\",\"item\":\"https:\\\/\\\/www.editorialjuventud.es\\\/coleccion\\\/catalogo\\\/\"},{\"@type\":\"ListItem\",\"position\":3,\"name\":\"castellano\",\"item\":\"https:\\\/\\\/www.editorialjuventud.es\\\/coleccion\\\/castellano\\\/\"},{\"@type\":\"ListItem\",\"position\":4,\"name\":\"\u00c1lbumes Ilustrados\",\"item\":\"https:\\\/\\\/www.editorialjuventud.es\\\/coleccion\\\/albumes-ilustrados\\\/\"},{\"@type\":\"ListItem\",\"position\":5,\"name\":\"\u00a1Ya Leo Solo!\",\"item\":\"https:\\\/\\\/www.editorialjuventud.es\\\/coleccion\\\/ya-leo-solo\\\/\"},{\"@type\":\"ListItem\",\"position\":6,\"name\":\"Ratones Aventureros\",\"item\":\"https:\\\/\\\/www.editorialjuventud.es\\\/coleccion\\\/ratones-aventureros\\\/\"},{\"@type\":\"ListItem\",\"position\":7,\"name\":\"Lindbergh\"}]},{\"@type\":\"WebSite\",\"@id\":\"https:\\\/\\\/www.editorialjuventud.es\\\/#website\",\"url\":\"https:\\\/\\\/www.editorialjuventud.es\\\/\",\"name\":\"Editorial Juventud\",\"description\":\"\",\"potentialAction\":[{\"@type\":\"SearchAction\",\"target\":{\"@type\":\"EntryPoint\",\"urlTemplate\":\"https:\\\/\\\/www.editorialjuventud.es\\\/?s={search_term_string}\"},\"query-input\":{\"@type\":\"PropertyValueSpecification\",\"valueRequired\":true,\"valueName\":\"search_term_string\"}}],\"inLanguage\":\"ca\"}]}<\/script>\n<!-- \/ Yoast SEO plugin. -->","yoast_head_json":{"title":"Lindbergh - Editorial Juventud","description":"Corr\u00edan tiempos dif\u00edciles para los ratones\u2026 Una nueva ratonera diab\u00f3lica hizo que casi todos huyeran hacia Am\u00e9rica, el pa\u00eds de la libertad. Cuando el","robots":{"index":"index","follow":"follow","max-snippet":"max-snippet:-1","max-image-preview":"max-image-preview:large","max-video-preview":"max-video-preview:-1"},"canonical":"https:\/\/www.editorialjuventud.es\/lindbergh-9788426141163\/","og_locale":"ca_ES","og_type":"article","og_title":"Lindbergh - Editorial Juventud","og_description":"Corr\u00edan tiempos dif\u00edciles para los ratones\u2026 Una nueva ratonera diab\u00f3lica hizo que casi todos huyeran hacia Am\u00e9rica, el pa\u00eds de la libertad. Cuando el","og_url":"https:\/\/www.editorialjuventud.es\/lindbergh-9788426141163\/","og_site_name":"Editorial Juventud","article_modified_time":"2026-03-30T10:36:44+00:00","og_image":[{"width":349,"height":450,"url":"https:\/\/www.editorialjuventud.es\/wp-content\/uploads\/4116.jpg","type":"image\/jpeg"}],"twitter_card":"summary_large_image","twitter_misc":{"Temps estimat de lectura":"1 minut"},"schema":{"@context":"https:\/\/schema.org","@graph":[{"@type":"WebPage","@id":"https:\/\/www.editorialjuventud.es\/lindbergh-9788426141163\/","url":"https:\/\/www.editorialjuventud.es\/lindbergh-9788426141163\/","name":"Lindbergh - Editorial Juventud","isPartOf":{"@id":"https:\/\/www.editorialjuventud.es\/#website"},"primaryImageOfPage":{"@id":"https:\/\/www.editorialjuventud.es\/lindbergh-9788426141163\/#primaryimage"},"image":{"@id":"https:\/\/www.editorialjuventud.es\/lindbergh-9788426141163\/#primaryimage"},"thumbnailUrl":"https:\/\/www.editorialjuventud.es\/wp-content\/uploads\/4116.jpg","datePublished":"2018-08-24T10:45:50+00:00","dateModified":"2026-03-30T10:36:44+00:00","description":"Corr\u00edan tiempos dif\u00edciles para los ratones\u2026 Una nueva ratonera diab\u00f3lica hizo que casi todos huyeran hacia Am\u00e9rica, el pa\u00eds de la libertad. Cuando el","breadcrumb":{"@id":"https:\/\/www.editorialjuventud.es\/lindbergh-9788426141163\/#breadcrumb"},"inLanguage":"ca","potentialAction":[{"@type":"ReadAction","target":["https:\/\/www.editorialjuventud.es\/lindbergh-9788426141163\/"]}]},{"@type":"ImageObject","inLanguage":"ca","@id":"https:\/\/www.editorialjuventud.es\/lindbergh-9788426141163\/#primaryimage","url":"https:\/\/www.editorialjuventud.es\/wp-content\/uploads\/4116.jpg","contentUrl":"https:\/\/www.editorialjuventud.es\/wp-content\/uploads\/4116.jpg","width":349,"height":450,"caption":"4116.jpg"},{"@type":"BreadcrumbList","@id":"https:\/\/www.editorialjuventud.es\/lindbergh-9788426141163\/#breadcrumb","itemListElement":[{"@type":"ListItem","position":1,"name":"Portada","item":"https:\/\/www.editorialjuventud.es\/"},{"@type":"ListItem","position":2,"name":"cat\u00e1logo","item":"https:\/\/www.editorialjuventud.es\/coleccion\/catalogo\/"},{"@type":"ListItem","position":3,"name":"castellano","item":"https:\/\/www.editorialjuventud.es\/coleccion\/castellano\/"},{"@type":"ListItem","position":4,"name":"\u00c1lbumes Ilustrados","item":"https:\/\/www.editorialjuventud.es\/coleccion\/albumes-ilustrados\/"},{"@type":"ListItem","position":5,"name":"\u00a1Ya Leo Solo!","item":"https:\/\/www.editorialjuventud.es\/coleccion\/ya-leo-solo\/"},{"@type":"ListItem","position":6,"name":"Ratones Aventureros","item":"https:\/\/www.editorialjuventud.es\/coleccion\/ratones-aventureros\/"},{"@type":"ListItem","position":7,"name":"Lindbergh"}]},{"@type":"WebSite","@id":"https:\/\/www.editorialjuventud.es\/#website","url":"https:\/\/www.editorialjuventud.es\/","name":"Editorial Juventud","description":"","potentialAction":[{"@type":"SearchAction","target":{"@type":"EntryPoint","urlTemplate":"https:\/\/www.editorialjuventud.es\/?s={search_term_string}"},"query-input":{"@type":"PropertyValueSpecification","valueRequired":true,"valueName":"search_term_string"}}],"inLanguage":"ca"}]}},"_links":{"self":[{"href":"https:\/\/www.editorialjuventud.es\/ca\/wp-json\/wp\/v2\/product\/6008","targetHints":{"allow":["GET"]}}],"collection":[{"href":"https:\/\/www.editorialjuventud.es\/ca\/wp-json\/wp\/v2\/product"}],"about":[{"href":"https:\/\/www.editorialjuventud.es\/ca\/wp-json\/wp\/v2\/types\/product"}],"wp:featuredmedia":[{"embeddable":true,"href":"https:\/\/www.editorialjuventud.es\/ca\/wp-json\/wp\/v2\/media\/13885"}],"wp:attachment":[{"href":"https:\/\/www.editorialjuventud.es\/ca\/wp-json\/wp\/v2\/media?parent=6008"}],"wp:term":[{"taxonomy":"product_brand","embeddable":true,"href":"https:\/\/www.editorialjuventud.es\/ca\/wp-json\/wp\/v2\/product_brand?post=6008"},{"taxonomy":"product_cat","embeddable":true,"href":"https:\/\/www.editorialjuventud.es\/ca\/wp-json\/wp\/v2\/product_cat?post=6008"},{"taxonomy":"product_tag","embeddable":true,"href":"https:\/\/www.editorialjuventud.es\/ca\/wp-json\/wp\/v2\/product_tag?post=6008"},{"taxonomy":"coleccion","embeddable":true,"href":"https:\/\/www.editorialjuventud.es\/ca\/wp-json\/wp\/v2\/coleccion?post=6008"}],"curies":[{"name":"wp","href":"https:\/\/api.w.org\/{rel}","templated":true}]}}