{"id":6005,"date":"2018-08-24T13:45:36","date_gmt":"2018-08-24T09:45:36","guid":{"rendered":"http:\/\/www.editorialjuventud.es\/arte-moderno-en-accion\/"},"modified":"2022-05-13T11:46:27","modified_gmt":"2022-05-13T09:46:27","slug":"arte-moderno-en-accion-9788426141132","status":"publish","type":"product","link":"https:\/\/www.editorialjuventud.es\/ca\/arte-moderno-en-accion-9788426141132\/","title":{"rendered":"Arte moderno en acci\u00f3n"},"content":{"rendered":"<p>El arte moderno es atrevido, experimental y no entiende de reglas. En otras palabras, es perfecto para los ni\u00f1os a quienes les guste crear libremente. Este libro acerca a los peque\u00f1os artistas mayores de seis a\u00f1os a la historia del arte moderno a trav\u00e9s de 18 obras que sirven de inspiraci\u00f3n para estos apasionantes proyectos creativos. No hace falta tener conocimientos previos sobre arte, basta con las ganas de aprender, crear y experimentar.<\/p>\n","protected":false},"excerpt":{"rendered":"El arte moderno es atrevido, experimental y no entiende de reglas. En otras palabras, es perfecto para los ni\u00f1os a quienes les guste crear libremente. Este libro acerca a los peque\u00f1os artistas mayores de seis a\u00f1os a la historia del [&hellip;]","protected":false},"featured_media":12063,"template":"","meta":{"_acf_changed":false,"_exactmetrics_skip_tracking":false,"_exactmetrics_sitenote_active":false,"_exactmetrics_sitenote_note":"","_exactmetrics_sitenote_category":0},"product_brand":[],"product_cat":[902,1140,892,1115,1126,1192,1128],"product_tag":[],"coleccion":[1009,916,940],"class_list":{"0":"post-6005","1":"product","2":"type-product","3":"status-publish","4":"has-post-thumbnail","6":"product_cat-a-partir-de-7-anos","7":"product_cat-arte-y-creatividad","8":"product_cat-edades","9":"product_cat-generos","10":"product_cat-manualidades","11":"product_cat-manualidades-tematica","12":"product_cat-tematica","13":"coleccion-arte-en-accion","14":"coleccion-castellano","15":"coleccion-manos-creativas","17":"first","18":"instock","19":"taxable","20":"shipping-taxable","21":"purchasable","22":"product-type-simple"},"acf":{"autores-libros":[16450,16554]},"yoast_head":"<!-- This site is optimized with the Yoast SEO plugin v27.3 - https:\/\/yoast.com\/product\/yoast-seo-wordpress\/ -->\n<title>Arte moderno en acci\u00f3n - Editorial Juventud<\/title>\n<meta name=\"description\" content=\"El arte moderno es atrevido, experimental y no entiende de reglas. En otras palabras, es perfecto para los ni\u00f1os a quienes les guste crear libremente.\" \/>\n<meta name=\"robots\" content=\"index, follow, max-snippet:-1, max-image-preview:large, max-video-preview:-1\" \/>\n<link rel=\"canonical\" href=\"https:\/\/www.editorialjuventud.es\/arte-moderno-en-accion-9788426141132\/\" \/>\n<meta property=\"og:locale\" content=\"ca_ES\" \/>\n<meta property=\"og:type\" content=\"article\" \/>\n<meta property=\"og:title\" content=\"Arte moderno en acci\u00f3n - Editorial Juventud\" \/>\n<meta property=\"og:description\" content=\"El arte moderno es atrevido, experimental y no entiende de reglas. En otras palabras, es perfecto para los ni\u00f1os a quienes les guste crear libremente.\" \/>\n<meta property=\"og:url\" content=\"https:\/\/www.editorialjuventud.es\/arte-moderno-en-accion-9788426141132\/\" \/>\n<meta property=\"og:site_name\" content=\"Editorial Juventud\" \/>\n<meta property=\"article:modified_time\" content=\"2022-05-13T09:46:27+00:00\" \/>\n<meta property=\"og:image\" content=\"https:\/\/www.editorialjuventud.es\/wp-content\/uploads\/4113.jpg\" \/>\n\t<meta property=\"og:image:width\" content=\"363\" \/>\n\t<meta property=\"og:image:height\" content=\"450\" \/>\n\t<meta property=\"og:image:type\" content=\"image\/jpeg\" \/>\n<meta name=\"twitter:card\" content=\"summary_large_image\" \/>\n<script type=\"application\/ld+json\" class=\"yoast-schema-graph\">{\"@context\":\"https:\\\/\\\/schema.org\",\"@graph\":[{\"@type\":\"WebPage\",\"@id\":\"https:\\\/\\\/www.editorialjuventud.es\\\/arte-moderno-en-accion-9788426141132\\\/\",\"url\":\"https:\\\/\\\/www.editorialjuventud.es\\\/arte-moderno-en-accion-9788426141132\\\/\",\"name\":\"Arte moderno en acci\u00f3n - Editorial Juventud\",\"isPartOf\":{\"@id\":\"https:\\\/\\\/www.editorialjuventud.es\\\/#website\"},\"primaryImageOfPage\":{\"@id\":\"https:\\\/\\\/www.editorialjuventud.es\\\/arte-moderno-en-accion-9788426141132\\\/#primaryimage\"},\"image\":{\"@id\":\"https:\\\/\\\/www.editorialjuventud.es\\\/arte-moderno-en-accion-9788426141132\\\/#primaryimage\"},\"thumbnailUrl\":\"https:\\\/\\\/www.editorialjuventud.es\\\/wp-content\\\/uploads\\\/4113.jpg\",\"datePublished\":\"2018-08-24T09:45:36+00:00\",\"dateModified\":\"2022-05-13T09:46:27+00:00\",\"description\":\"El arte moderno es atrevido, experimental y no entiende de reglas. En otras palabras, es perfecto para los ni\u00f1os a quienes les guste crear libremente.\",\"breadcrumb\":{\"@id\":\"https:\\\/\\\/www.editorialjuventud.es\\\/arte-moderno-en-accion-9788426141132\\\/#breadcrumb\"},\"inLanguage\":\"ca\",\"potentialAction\":[{\"@type\":\"ReadAction\",\"target\":[\"https:\\\/\\\/www.editorialjuventud.es\\\/arte-moderno-en-accion-9788426141132\\\/\"]}]},{\"@type\":\"ImageObject\",\"inLanguage\":\"ca\",\"@id\":\"https:\\\/\\\/www.editorialjuventud.es\\\/arte-moderno-en-accion-9788426141132\\\/#primaryimage\",\"url\":\"https:\\\/\\\/www.editorialjuventud.es\\\/wp-content\\\/uploads\\\/4113.jpg\",\"contentUrl\":\"https:\\\/\\\/www.editorialjuventud.es\\\/wp-content\\\/uploads\\\/4113.jpg\",\"width\":363,\"height\":450,\"caption\":\"4113.jpg\"},{\"@type\":\"BreadcrumbList\",\"@id\":\"https:\\\/\\\/www.editorialjuventud.es\\\/arte-moderno-en-accion-9788426141132\\\/#breadcrumb\",\"itemListElement\":[{\"@type\":\"ListItem\",\"position\":1,\"name\":\"Portada\",\"item\":\"https:\\\/\\\/www.editorialjuventud.es\\\/\"},{\"@type\":\"ListItem\",\"position\":2,\"name\":\"cat\u00e1logo\",\"item\":\"https:\\\/\\\/www.editorialjuventud.es\\\/coleccion\\\/catalogo\\\/\"},{\"@type\":\"ListItem\",\"position\":3,\"name\":\"castellano\",\"item\":\"https:\\\/\\\/www.editorialjuventud.es\\\/coleccion\\\/castellano\\\/\"},{\"@type\":\"ListItem\",\"position\":4,\"name\":\"Manos Creativas\",\"item\":\"https:\\\/\\\/www.editorialjuventud.es\\\/coleccion\\\/manos-creativas\\\/\"},{\"@type\":\"ListItem\",\"position\":5,\"name\":\"Arte en Acci\u00f3n\",\"item\":\"https:\\\/\\\/www.editorialjuventud.es\\\/coleccion\\\/arte-en-accion\\\/\"},{\"@type\":\"ListItem\",\"position\":6,\"name\":\"Arte moderno en acci\u00f3n\"}]},{\"@type\":\"WebSite\",\"@id\":\"https:\\\/\\\/www.editorialjuventud.es\\\/#website\",\"url\":\"https:\\\/\\\/www.editorialjuventud.es\\\/\",\"name\":\"Editorial Juventud\",\"description\":\"\",\"potentialAction\":[{\"@type\":\"SearchAction\",\"target\":{\"@type\":\"EntryPoint\",\"urlTemplate\":\"https:\\\/\\\/www.editorialjuventud.es\\\/?s={search_term_string}\"},\"query-input\":{\"@type\":\"PropertyValueSpecification\",\"valueRequired\":true,\"valueName\":\"search_term_string\"}}],\"inLanguage\":\"ca\"}]}<\/script>\n<!-- \/ Yoast SEO plugin. -->","yoast_head_json":{"title":"Arte moderno en acci\u00f3n - Editorial Juventud","description":"El arte moderno es atrevido, experimental y no entiende de reglas. En otras palabras, es perfecto para los ni\u00f1os a quienes les guste crear libremente.","robots":{"index":"index","follow":"follow","max-snippet":"max-snippet:-1","max-image-preview":"max-image-preview:large","max-video-preview":"max-video-preview:-1"},"canonical":"https:\/\/www.editorialjuventud.es\/arte-moderno-en-accion-9788426141132\/","og_locale":"ca_ES","og_type":"article","og_title":"Arte moderno en acci\u00f3n - Editorial Juventud","og_description":"El arte moderno es atrevido, experimental y no entiende de reglas. En otras palabras, es perfecto para los ni\u00f1os a quienes les guste crear libremente.","og_url":"https:\/\/www.editorialjuventud.es\/arte-moderno-en-accion-9788426141132\/","og_site_name":"Editorial Juventud","article_modified_time":"2022-05-13T09:46:27+00:00","og_image":[{"width":363,"height":450,"url":"https:\/\/www.editorialjuventud.es\/wp-content\/uploads\/4113.jpg","type":"image\/jpeg"}],"twitter_card":"summary_large_image","schema":{"@context":"https:\/\/schema.org","@graph":[{"@type":"WebPage","@id":"https:\/\/www.editorialjuventud.es\/arte-moderno-en-accion-9788426141132\/","url":"https:\/\/www.editorialjuventud.es\/arte-moderno-en-accion-9788426141132\/","name":"Arte moderno en acci\u00f3n - Editorial Juventud","isPartOf":{"@id":"https:\/\/www.editorialjuventud.es\/#website"},"primaryImageOfPage":{"@id":"https:\/\/www.editorialjuventud.es\/arte-moderno-en-accion-9788426141132\/#primaryimage"},"image":{"@id":"https:\/\/www.editorialjuventud.es\/arte-moderno-en-accion-9788426141132\/#primaryimage"},"thumbnailUrl":"https:\/\/www.editorialjuventud.es\/wp-content\/uploads\/4113.jpg","datePublished":"2018-08-24T09:45:36+00:00","dateModified":"2022-05-13T09:46:27+00:00","description":"El arte moderno es atrevido, experimental y no entiende de reglas. En otras palabras, es perfecto para los ni\u00f1os a quienes les guste crear libremente.","breadcrumb":{"@id":"https:\/\/www.editorialjuventud.es\/arte-moderno-en-accion-9788426141132\/#breadcrumb"},"inLanguage":"ca","potentialAction":[{"@type":"ReadAction","target":["https:\/\/www.editorialjuventud.es\/arte-moderno-en-accion-9788426141132\/"]}]},{"@type":"ImageObject","inLanguage":"ca","@id":"https:\/\/www.editorialjuventud.es\/arte-moderno-en-accion-9788426141132\/#primaryimage","url":"https:\/\/www.editorialjuventud.es\/wp-content\/uploads\/4113.jpg","contentUrl":"https:\/\/www.editorialjuventud.es\/wp-content\/uploads\/4113.jpg","width":363,"height":450,"caption":"4113.jpg"},{"@type":"BreadcrumbList","@id":"https:\/\/www.editorialjuventud.es\/arte-moderno-en-accion-9788426141132\/#breadcrumb","itemListElement":[{"@type":"ListItem","position":1,"name":"Portada","item":"https:\/\/www.editorialjuventud.es\/"},{"@type":"ListItem","position":2,"name":"cat\u00e1logo","item":"https:\/\/www.editorialjuventud.es\/coleccion\/catalogo\/"},{"@type":"ListItem","position":3,"name":"castellano","item":"https:\/\/www.editorialjuventud.es\/coleccion\/castellano\/"},{"@type":"ListItem","position":4,"name":"Manos Creativas","item":"https:\/\/www.editorialjuventud.es\/coleccion\/manos-creativas\/"},{"@type":"ListItem","position":5,"name":"Arte en Acci\u00f3n","item":"https:\/\/www.editorialjuventud.es\/coleccion\/arte-en-accion\/"},{"@type":"ListItem","position":6,"name":"Arte moderno en acci\u00f3n"}]},{"@type":"WebSite","@id":"https:\/\/www.editorialjuventud.es\/#website","url":"https:\/\/www.editorialjuventud.es\/","name":"Editorial Juventud","description":"","potentialAction":[{"@type":"SearchAction","target":{"@type":"EntryPoint","urlTemplate":"https:\/\/www.editorialjuventud.es\/?s={search_term_string}"},"query-input":{"@type":"PropertyValueSpecification","valueRequired":true,"valueName":"search_term_string"}}],"inLanguage":"ca"}]}},"_links":{"self":[{"href":"https:\/\/www.editorialjuventud.es\/ca\/wp-json\/wp\/v2\/product\/6005","targetHints":{"allow":["GET"]}}],"collection":[{"href":"https:\/\/www.editorialjuventud.es\/ca\/wp-json\/wp\/v2\/product"}],"about":[{"href":"https:\/\/www.editorialjuventud.es\/ca\/wp-json\/wp\/v2\/types\/product"}],"wp:featuredmedia":[{"embeddable":true,"href":"https:\/\/www.editorialjuventud.es\/ca\/wp-json\/wp\/v2\/media\/12063"}],"wp:attachment":[{"href":"https:\/\/www.editorialjuventud.es\/ca\/wp-json\/wp\/v2\/media?parent=6005"}],"wp:term":[{"taxonomy":"product_brand","embeddable":true,"href":"https:\/\/www.editorialjuventud.es\/ca\/wp-json\/wp\/v2\/product_brand?post=6005"},{"taxonomy":"product_cat","embeddable":true,"href":"https:\/\/www.editorialjuventud.es\/ca\/wp-json\/wp\/v2\/product_cat?post=6005"},{"taxonomy":"product_tag","embeddable":true,"href":"https:\/\/www.editorialjuventud.es\/ca\/wp-json\/wp\/v2\/product_tag?post=6005"},{"taxonomy":"coleccion","embeddable":true,"href":"https:\/\/www.editorialjuventud.es\/ca\/wp-json\/wp\/v2\/coleccion?post=6005"}],"curies":[{"name":"wp","href":"https:\/\/api.w.org\/{rel}","templated":true}]}}