{"id":5999,"date":"2018-08-24T11:45:11","date_gmt":"2018-08-24T09:45:11","guid":{"rendered":"http:\/\/www.editorialjuventud.es\/petit-os-i-els-sis-ratolins-blancs\/"},"modified":"2025-01-22T13:17:24","modified_gmt":"2025-01-22T12:17:24","slug":"petit-os-i-els-sis-ratolins-blancs-9788426141088","status":"publish","type":"product","link":"https:\/\/www.editorialjuventud.es\/ca\/petit-os-i-els-sis-ratolins-blancs-9788426141088\/","title":{"rendered":"Petit \u00d3s i els sis ratolins blancs"},"content":{"rendered":"<p>Un petit \u00f3s surt a passejar i es troba sis ratolins blancs aterrits en el m\u00e9s profund d\u2019un bosc fer\u00e9stec. S\u2019han perdut, es fa fosc&#8230; i els sis ratolins estan segurs que alg\u00fa se\u2019ls cruspir\u00e0! Per\u00f2 no cal patir, perqu\u00e8 el petit \u00f3s \u00e9s aqu\u00ed per ajudar-los. Tanmateix, les seves idees seran prou enginyoses com per salvar-los de les criatures que s\u2019amaguen en la foscor?<br \/>Vet aqu\u00ed una meravellosa hist\u00f2ria que enalteix la valentia i la rapidesa mental.<\/p>\n","protected":false},"excerpt":{"rendered":"Un petit \u00f3s surt a passejar i es troba sis ratolins blancs aterrits en el m\u00e9s profund d\u2019un bosc fer\u00e9stec. S\u2019han perdut, es fa fosc&#8230; i els sis ratolins estan segurs que alg\u00fa se\u2019ls cruspir\u00e0! Per\u00f2 no cal patir, perqu\u00e8 [&hellip;]","protected":false},"featured_media":14487,"template":"","meta":{"_acf_changed":false,"_exactmetrics_skip_tracking":false,"_exactmetrics_sitenote_active":false,"_exactmetrics_sitenote_note":"","_exactmetrics_sitenote_category":0},"product_brand":[],"product_cat":[900,1121,1136,1156,1196,1128],"product_tag":[],"coleccion":[954],"class_list":{"0":"post-5999","1":"product","2":"type-product","3":"status-publish","4":"has-post-thumbnail","6":"product_cat-a-partir-de-5-anos","7":"product_cat-albumes-ilustrados","8":"product_cat-amistad","9":"product_cat-cooperacion","10":"product_cat-miedo-valentia","11":"product_cat-tematica","12":"coleccion-llegir-entre-rialles","14":"first","15":"instock","16":"taxable","17":"shipping-taxable","18":"purchasable","19":"product-type-simple"},"acf":{"autor":"Wormell, Chris","codart":"4108","ediciones":"1","encuadernacion":"Carton\u00e9","fecha_de_publicacion":"01\/10\/2014","novedad":"0","paginas":"32","subtitulo":"","texto_web_adicional":"","texto_web_novedad":"","orden":"999","portada":"0","texto_web_resaltado":"","indice":"","autores-libros":[16692],"ilustradores-libros":[16692],"traductores-libros":[18265],"descripcion_corta":"","recomendamos":"","mas_vendido":"","idioma-libro":"","color":false,"formato":"","mas_informacion_del_producto":false,"premios":false,"texto_enlace_cubierta":"","enlace_cubierta":false,"texto_enlace_ficha_tecnica":"","enlace_ficha_tecnica":false,"ficheros":false,"titulo-fr":"","texto-fr":"","fecha_de_reimpresion":"","deshabilitar_compra":["deshabilitar"]},"yoast_head":"<!-- This site is optimized with the Yoast SEO plugin v27.3 - https:\/\/yoast.com\/product\/yoast-seo-wordpress\/ -->\n<title>Petit \u00d3s i els sis ratolins blancs - Editorial Juventud<\/title>\n<meta name=\"description\" content=\"Un petit \u00f3s surt a passejar i es troba sis ratolins blancs aterrits en el m\u00e9s profund d\u2019un bosc fer\u00e9stec. S\u2019han perdut, es fa fosc... i els sis ratolins\" \/>\n<meta name=\"robots\" content=\"index, follow, max-snippet:-1, max-image-preview:large, max-video-preview:-1\" \/>\n<link rel=\"canonical\" href=\"https:\/\/www.editorialjuventud.es\/petit-os-i-els-sis-ratolins-blancs-9788426141088\/\" \/>\n<meta property=\"og:locale\" content=\"ca_ES\" \/>\n<meta property=\"og:type\" content=\"article\" \/>\n<meta property=\"og:title\" content=\"Petit \u00d3s i els sis ratolins blancs - Editorial Juventud\" \/>\n<meta property=\"og:description\" content=\"Un petit \u00f3s surt a passejar i es troba sis ratolins blancs aterrits en el m\u00e9s profund d\u2019un bosc fer\u00e9stec. S\u2019han perdut, es fa fosc... i els sis ratolins\" \/>\n<meta property=\"og:url\" content=\"https:\/\/www.editorialjuventud.es\/petit-os-i-els-sis-ratolins-blancs-9788426141088\/\" \/>\n<meta property=\"og:site_name\" content=\"Editorial Juventud\" \/>\n<meta property=\"article:modified_time\" content=\"2025-01-22T12:17:24+00:00\" \/>\n<meta property=\"og:image\" content=\"https:\/\/www.editorialjuventud.es\/wp-content\/uploads\/4108.jpg\" \/>\n\t<meta property=\"og:image:width\" content=\"438\" \/>\n\t<meta property=\"og:image:height\" content=\"450\" \/>\n\t<meta property=\"og:image:type\" content=\"image\/jpeg\" \/>\n<meta name=\"twitter:card\" content=\"summary_large_image\" \/>\n<script type=\"application\/ld+json\" class=\"yoast-schema-graph\">{\"@context\":\"https:\\\/\\\/schema.org\",\"@graph\":[{\"@type\":\"WebPage\",\"@id\":\"https:\\\/\\\/www.editorialjuventud.es\\\/petit-os-i-els-sis-ratolins-blancs-9788426141088\\\/\",\"url\":\"https:\\\/\\\/www.editorialjuventud.es\\\/petit-os-i-els-sis-ratolins-blancs-9788426141088\\\/\",\"name\":\"Petit \u00d3s i els sis ratolins blancs - Editorial Juventud\",\"isPartOf\":{\"@id\":\"https:\\\/\\\/www.editorialjuventud.es\\\/#website\"},\"primaryImageOfPage\":{\"@id\":\"https:\\\/\\\/www.editorialjuventud.es\\\/petit-os-i-els-sis-ratolins-blancs-9788426141088\\\/#primaryimage\"},\"image\":{\"@id\":\"https:\\\/\\\/www.editorialjuventud.es\\\/petit-os-i-els-sis-ratolins-blancs-9788426141088\\\/#primaryimage\"},\"thumbnailUrl\":\"https:\\\/\\\/www.editorialjuventud.es\\\/wp-content\\\/uploads\\\/4108.jpg\",\"datePublished\":\"2018-08-24T09:45:11+00:00\",\"dateModified\":\"2025-01-22T12:17:24+00:00\",\"description\":\"Un petit \u00f3s surt a passejar i es troba sis ratolins blancs aterrits en el m\u00e9s profund d\u2019un bosc fer\u00e9stec. S\u2019han perdut, es fa fosc... i els sis ratolins\",\"breadcrumb\":{\"@id\":\"https:\\\/\\\/www.editorialjuventud.es\\\/petit-os-i-els-sis-ratolins-blancs-9788426141088\\\/#breadcrumb\"},\"inLanguage\":\"ca\",\"potentialAction\":[{\"@type\":\"ReadAction\",\"target\":[\"https:\\\/\\\/www.editorialjuventud.es\\\/petit-os-i-els-sis-ratolins-blancs-9788426141088\\\/\"]}]},{\"@type\":\"ImageObject\",\"inLanguage\":\"ca\",\"@id\":\"https:\\\/\\\/www.editorialjuventud.es\\\/petit-os-i-els-sis-ratolins-blancs-9788426141088\\\/#primaryimage\",\"url\":\"https:\\\/\\\/www.editorialjuventud.es\\\/wp-content\\\/uploads\\\/4108.jpg\",\"contentUrl\":\"https:\\\/\\\/www.editorialjuventud.es\\\/wp-content\\\/uploads\\\/4108.jpg\",\"width\":438,\"height\":450,\"caption\":\"4108.jpg\"},{\"@type\":\"BreadcrumbList\",\"@id\":\"https:\\\/\\\/www.editorialjuventud.es\\\/petit-os-i-els-sis-ratolins-blancs-9788426141088\\\/#breadcrumb\",\"itemListElement\":[{\"@type\":\"ListItem\",\"position\":1,\"name\":\"Portada\",\"item\":\"https:\\\/\\\/www.editorialjuventud.es\\\/\"},{\"@type\":\"ListItem\",\"position\":2,\"name\":\"cat\u00e1logo\",\"item\":\"https:\\\/\\\/www.editorialjuventud.es\\\/coleccion\\\/catalogo\\\/\"},{\"@type\":\"ListItem\",\"position\":3,\"name\":\"catal\u00e0\",\"item\":\"https:\\\/\\\/www.editorialjuventud.es\\\/coleccion\\\/catala\\\/\"},{\"@type\":\"ListItem\",\"position\":4,\"name\":\"Petit \u00d3s i els sis ratolins blancs\"}]},{\"@type\":\"WebSite\",\"@id\":\"https:\\\/\\\/www.editorialjuventud.es\\\/#website\",\"url\":\"https:\\\/\\\/www.editorialjuventud.es\\\/\",\"name\":\"Editorial Juventud\",\"description\":\"\",\"potentialAction\":[{\"@type\":\"SearchAction\",\"target\":{\"@type\":\"EntryPoint\",\"urlTemplate\":\"https:\\\/\\\/www.editorialjuventud.es\\\/?s={search_term_string}\"},\"query-input\":{\"@type\":\"PropertyValueSpecification\",\"valueRequired\":true,\"valueName\":\"search_term_string\"}}],\"inLanguage\":\"ca\"}]}<\/script>\n<!-- \/ Yoast SEO plugin. -->","yoast_head_json":{"title":"Petit \u00d3s i els sis ratolins blancs - Editorial Juventud","description":"Un petit \u00f3s surt a passejar i es troba sis ratolins blancs aterrits en el m\u00e9s profund d\u2019un bosc fer\u00e9stec. S\u2019han perdut, es fa fosc... i els sis ratolins","robots":{"index":"index","follow":"follow","max-snippet":"max-snippet:-1","max-image-preview":"max-image-preview:large","max-video-preview":"max-video-preview:-1"},"canonical":"https:\/\/www.editorialjuventud.es\/petit-os-i-els-sis-ratolins-blancs-9788426141088\/","og_locale":"ca_ES","og_type":"article","og_title":"Petit \u00d3s i els sis ratolins blancs - Editorial Juventud","og_description":"Un petit \u00f3s surt a passejar i es troba sis ratolins blancs aterrits en el m\u00e9s profund d\u2019un bosc fer\u00e9stec. S\u2019han perdut, es fa fosc... i els sis ratolins","og_url":"https:\/\/www.editorialjuventud.es\/petit-os-i-els-sis-ratolins-blancs-9788426141088\/","og_site_name":"Editorial Juventud","article_modified_time":"2025-01-22T12:17:24+00:00","og_image":[{"width":438,"height":450,"url":"https:\/\/www.editorialjuventud.es\/wp-content\/uploads\/4108.jpg","type":"image\/jpeg"}],"twitter_card":"summary_large_image","schema":{"@context":"https:\/\/schema.org","@graph":[{"@type":"WebPage","@id":"https:\/\/www.editorialjuventud.es\/petit-os-i-els-sis-ratolins-blancs-9788426141088\/","url":"https:\/\/www.editorialjuventud.es\/petit-os-i-els-sis-ratolins-blancs-9788426141088\/","name":"Petit \u00d3s i els sis ratolins blancs - Editorial Juventud","isPartOf":{"@id":"https:\/\/www.editorialjuventud.es\/#website"},"primaryImageOfPage":{"@id":"https:\/\/www.editorialjuventud.es\/petit-os-i-els-sis-ratolins-blancs-9788426141088\/#primaryimage"},"image":{"@id":"https:\/\/www.editorialjuventud.es\/petit-os-i-els-sis-ratolins-blancs-9788426141088\/#primaryimage"},"thumbnailUrl":"https:\/\/www.editorialjuventud.es\/wp-content\/uploads\/4108.jpg","datePublished":"2018-08-24T09:45:11+00:00","dateModified":"2025-01-22T12:17:24+00:00","description":"Un petit \u00f3s surt a passejar i es troba sis ratolins blancs aterrits en el m\u00e9s profund d\u2019un bosc fer\u00e9stec. S\u2019han perdut, es fa fosc... i els sis ratolins","breadcrumb":{"@id":"https:\/\/www.editorialjuventud.es\/petit-os-i-els-sis-ratolins-blancs-9788426141088\/#breadcrumb"},"inLanguage":"ca","potentialAction":[{"@type":"ReadAction","target":["https:\/\/www.editorialjuventud.es\/petit-os-i-els-sis-ratolins-blancs-9788426141088\/"]}]},{"@type":"ImageObject","inLanguage":"ca","@id":"https:\/\/www.editorialjuventud.es\/petit-os-i-els-sis-ratolins-blancs-9788426141088\/#primaryimage","url":"https:\/\/www.editorialjuventud.es\/wp-content\/uploads\/4108.jpg","contentUrl":"https:\/\/www.editorialjuventud.es\/wp-content\/uploads\/4108.jpg","width":438,"height":450,"caption":"4108.jpg"},{"@type":"BreadcrumbList","@id":"https:\/\/www.editorialjuventud.es\/petit-os-i-els-sis-ratolins-blancs-9788426141088\/#breadcrumb","itemListElement":[{"@type":"ListItem","position":1,"name":"Portada","item":"https:\/\/www.editorialjuventud.es\/"},{"@type":"ListItem","position":2,"name":"cat\u00e1logo","item":"https:\/\/www.editorialjuventud.es\/coleccion\/catalogo\/"},{"@type":"ListItem","position":3,"name":"catal\u00e0","item":"https:\/\/www.editorialjuventud.es\/coleccion\/catala\/"},{"@type":"ListItem","position":4,"name":"Petit \u00d3s i els sis ratolins blancs"}]},{"@type":"WebSite","@id":"https:\/\/www.editorialjuventud.es\/#website","url":"https:\/\/www.editorialjuventud.es\/","name":"Editorial Juventud","description":"","potentialAction":[{"@type":"SearchAction","target":{"@type":"EntryPoint","urlTemplate":"https:\/\/www.editorialjuventud.es\/?s={search_term_string}"},"query-input":{"@type":"PropertyValueSpecification","valueRequired":true,"valueName":"search_term_string"}}],"inLanguage":"ca"}]}},"_links":{"self":[{"href":"https:\/\/www.editorialjuventud.es\/ca\/wp-json\/wp\/v2\/product\/5999","targetHints":{"allow":["GET"]}}],"collection":[{"href":"https:\/\/www.editorialjuventud.es\/ca\/wp-json\/wp\/v2\/product"}],"about":[{"href":"https:\/\/www.editorialjuventud.es\/ca\/wp-json\/wp\/v2\/types\/product"}],"wp:featuredmedia":[{"embeddable":true,"href":"https:\/\/www.editorialjuventud.es\/ca\/wp-json\/wp\/v2\/media\/14487"}],"wp:attachment":[{"href":"https:\/\/www.editorialjuventud.es\/ca\/wp-json\/wp\/v2\/media?parent=5999"}],"wp:term":[{"taxonomy":"product_brand","embeddable":true,"href":"https:\/\/www.editorialjuventud.es\/ca\/wp-json\/wp\/v2\/product_brand?post=5999"},{"taxonomy":"product_cat","embeddable":true,"href":"https:\/\/www.editorialjuventud.es\/ca\/wp-json\/wp\/v2\/product_cat?post=5999"},{"taxonomy":"product_tag","embeddable":true,"href":"https:\/\/www.editorialjuventud.es\/ca\/wp-json\/wp\/v2\/product_tag?post=5999"},{"taxonomy":"coleccion","embeddable":true,"href":"https:\/\/www.editorialjuventud.es\/ca\/wp-json\/wp\/v2\/coleccion?post=5999"}],"curies":[{"name":"wp","href":"https:\/\/api.w.org\/{rel}","templated":true}]}}