{"id":5997,"date":"2018-08-24T13:45:01","date_gmt":"2018-08-24T09:45:01","guid":{"rendered":"http:\/\/www.editorialjuventud.es\/heracles-teseo-y-edipo-dioses-y-heroes-de-la-grecia-antigua-ii\/"},"modified":"2024-02-01T13:40:44","modified_gmt":"2024-02-01T12:40:44","slug":"heracles-teseo-y-edipo-dioses-y-heroes-de-la-grecia-antigua-ii-9788426141064","status":"publish","type":"product","link":"https:\/\/www.editorialjuventud.es\/ca\/heracles-teseo-y-edipo-dioses-y-heroes-de-la-grecia-antigua-ii-9788426141064\/","title":{"rendered":"Heracles, Teseo y Edipo. Dioses y h\u00e9roes de la Grecia antigua II"},"content":{"rendered":"<p>Cuando el Renacimiento rescat\u00f3 del olvido las grandes obras de la Antig\u00fcedad Cl\u00e1sica, sac\u00f3 de nuevo a la luz la mitolog\u00eda y la mostr\u00f3 en toda su plenitud, utiliz\u00e1ndola una vez m\u00e1s como fuente de inspiraci\u00f3n de las artes y de las letras. De entre las muchas obras destinadas a ofrecer una imagen de conjunto de este inagotable patrimonio, destaca el recopilatorio Las m\u00e1s bellas leyendas de la Antig\u00fcedad Cl\u00e1sica publicado por el poeta y erudito alem\u00e1n Gustav Schwab entre 1838 y 1840, pensando en lectores j\u00f3venes, y que forma la base del libro que el lector tiene en sus manos. En este segundo tomo se recoge una cuidada selecci\u00f3n de los mitos de Heracles, Teseo y Edipo; mientras que en el primer tomo de esta colecci\u00f3n, publicado tambi\u00e9n por Editorial Juventud se relatan las proezas de Jas\u00f3n y los Argonautas junto a otras leyendas menores (Dioses y H\u00e9roes de la Grecia Antigua I). Para esta selecci\u00f3n, realizada por Jos\u00e9 Manuel de Prada Samper se ha utilizado la traducci\u00f3n \u00edntegra de la obra de Schwab hecha por Francesc Payarols; y adem\u00e1s, incorpora un breve estudio comparativo de mitos similares entre diferentes continentes.<\/p>\n","protected":false},"excerpt":{"rendered":"Cuando el Renacimiento rescat\u00f3 del olvido las grandes obras de la Antig\u00fcedad Cl\u00e1sica, sac\u00f3 de nuevo a la luz la mitolog\u00eda y la mostr\u00f3 en toda su plenitud, utiliz\u00e1ndola una vez m\u00e1s como fuente de inspiraci\u00f3n de las artes y [&hellip;]","protected":false},"featured_media":13341,"template":"","meta":{"_acf_changed":false,"_exactmetrics_skip_tracking":false,"_exactmetrics_sitenote_active":false,"_exactmetrics_sitenote_note":"","_exactmetrics_sitenote_category":0},"product_brand":[],"product_cat":[896,892,1115,1197,1119,1128,908],"product_tag":[],"coleccion":[916,931],"class_list":{"0":"post-5997","1":"product","2":"type-product","3":"status-publish","4":"has-post-thumbnail","6":"product_cat-a-partir-de-12-anos","7":"product_cat-edades","8":"product_cat-generos","9":"product_cat-mitologia","10":"product_cat-narrativa-juvenil","11":"product_cat-tematica","12":"product_cat-todas-las-edades","13":"coleccion-castellano","14":"coleccion-cuentos-universales","16":"first","17":"instock","18":"taxable","19":"shipping-taxable","20":"purchasable","21":"product-type-simple"},"acf":{"autores-libros":[16606],"ilustradores-libros":[16328],"traductores-libros":[77938]},"yoast_head":"<!-- This site is optimized with the Yoast SEO plugin v27.5 - https:\/\/yoast.com\/product\/yoast-seo-wordpress\/ -->\n<title>Heracles, Teseo y Edipo. Dioses y h\u00e9roes de la Grecia antigua II - Editorial Juventud<\/title>\n<meta name=\"description\" content=\"Cuando el Renacimiento rescat\u00f3 del olvido las grandes obras de la Antig\u00fcedad Cl\u00e1sica, sac\u00f3 de nuevo a la luz la mitolog\u00eda y la mostr\u00f3 en toda su plenitud,\" \/>\n<meta name=\"robots\" content=\"index, follow, max-snippet:-1, max-image-preview:large, max-video-preview:-1\" \/>\n<link rel=\"canonical\" href=\"https:\/\/www.editorialjuventud.es\/heracles-teseo-y-edipo-dioses-y-heroes-de-la-grecia-antigua-ii-9788426141064\/\" \/>\n<meta property=\"og:locale\" content=\"ca_ES\" \/>\n<meta property=\"og:type\" content=\"article\" \/>\n<meta property=\"og:title\" content=\"Heracles, Teseo y Edipo. Dioses y h\u00e9roes de la Grecia antigua II - Editorial Juventud\" \/>\n<meta property=\"og:description\" content=\"Cuando el Renacimiento rescat\u00f3 del olvido las grandes obras de la Antig\u00fcedad Cl\u00e1sica, sac\u00f3 de nuevo a la luz la mitolog\u00eda y la mostr\u00f3 en toda su plenitud,\" \/>\n<meta property=\"og:url\" content=\"https:\/\/www.editorialjuventud.es\/heracles-teseo-y-edipo-dioses-y-heroes-de-la-grecia-antigua-ii-9788426141064\/\" \/>\n<meta property=\"og:site_name\" content=\"Editorial Juventud\" \/>\n<meta property=\"article:modified_time\" content=\"2024-02-01T12:40:44+00:00\" \/>\n<meta property=\"og:image\" content=\"https:\/\/www.editorialjuventud.es\/wp-content\/uploads\/4106.jpg\" \/>\n\t<meta property=\"og:image:width\" content=\"341\" \/>\n\t<meta property=\"og:image:height\" content=\"450\" \/>\n\t<meta property=\"og:image:type\" content=\"image\/jpeg\" \/>\n<meta name=\"twitter:card\" content=\"summary_large_image\" \/>\n<meta name=\"twitter:label1\" content=\"Temps estimat de lectura\" \/>\n\t<meta name=\"twitter:data1\" content=\"1 minut\" \/>\n<script type=\"application\/ld+json\" class=\"yoast-schema-graph\">{\"@context\":\"https:\\\/\\\/schema.org\",\"@graph\":[{\"@type\":\"WebPage\",\"@id\":\"https:\\\/\\\/www.editorialjuventud.es\\\/heracles-teseo-y-edipo-dioses-y-heroes-de-la-grecia-antigua-ii-9788426141064\\\/\",\"url\":\"https:\\\/\\\/www.editorialjuventud.es\\\/heracles-teseo-y-edipo-dioses-y-heroes-de-la-grecia-antigua-ii-9788426141064\\\/\",\"name\":\"Heracles, Teseo y Edipo. Dioses y h\u00e9roes de la Grecia antigua II - Editorial Juventud\",\"isPartOf\":{\"@id\":\"https:\\\/\\\/www.editorialjuventud.es\\\/#website\"},\"primaryImageOfPage\":{\"@id\":\"https:\\\/\\\/www.editorialjuventud.es\\\/heracles-teseo-y-edipo-dioses-y-heroes-de-la-grecia-antigua-ii-9788426141064\\\/#primaryimage\"},\"image\":{\"@id\":\"https:\\\/\\\/www.editorialjuventud.es\\\/heracles-teseo-y-edipo-dioses-y-heroes-de-la-grecia-antigua-ii-9788426141064\\\/#primaryimage\"},\"thumbnailUrl\":\"https:\\\/\\\/www.editorialjuventud.es\\\/wp-content\\\/uploads\\\/4106.jpg\",\"datePublished\":\"2018-08-24T09:45:01+00:00\",\"dateModified\":\"2024-02-01T12:40:44+00:00\",\"description\":\"Cuando el Renacimiento rescat\u00f3 del olvido las grandes obras de la Antig\u00fcedad Cl\u00e1sica, sac\u00f3 de nuevo a la luz la mitolog\u00eda y la mostr\u00f3 en toda su plenitud,\",\"breadcrumb\":{\"@id\":\"https:\\\/\\\/www.editorialjuventud.es\\\/heracles-teseo-y-edipo-dioses-y-heroes-de-la-grecia-antigua-ii-9788426141064\\\/#breadcrumb\"},\"inLanguage\":\"ca\",\"potentialAction\":[{\"@type\":\"ReadAction\",\"target\":[\"https:\\\/\\\/www.editorialjuventud.es\\\/heracles-teseo-y-edipo-dioses-y-heroes-de-la-grecia-antigua-ii-9788426141064\\\/\"]}]},{\"@type\":\"ImageObject\",\"inLanguage\":\"ca\",\"@id\":\"https:\\\/\\\/www.editorialjuventud.es\\\/heracles-teseo-y-edipo-dioses-y-heroes-de-la-grecia-antigua-ii-9788426141064\\\/#primaryimage\",\"url\":\"https:\\\/\\\/www.editorialjuventud.es\\\/wp-content\\\/uploads\\\/4106.jpg\",\"contentUrl\":\"https:\\\/\\\/www.editorialjuventud.es\\\/wp-content\\\/uploads\\\/4106.jpg\",\"width\":341,\"height\":450,\"caption\":\"4106.jpg\"},{\"@type\":\"BreadcrumbList\",\"@id\":\"https:\\\/\\\/www.editorialjuventud.es\\\/heracles-teseo-y-edipo-dioses-y-heroes-de-la-grecia-antigua-ii-9788426141064\\\/#breadcrumb\",\"itemListElement\":[{\"@type\":\"ListItem\",\"position\":1,\"name\":\"Portada\",\"item\":\"https:\\\/\\\/www.editorialjuventud.es\\\/\"},{\"@type\":\"ListItem\",\"position\":2,\"name\":\"cat\u00e1logo\",\"item\":\"https:\\\/\\\/www.editorialjuventud.es\\\/coleccion\\\/catalogo\\\/\"},{\"@type\":\"ListItem\",\"position\":3,\"name\":\"castellano\",\"item\":\"https:\\\/\\\/www.editorialjuventud.es\\\/coleccion\\\/castellano\\\/\"},{\"@type\":\"ListItem\",\"position\":4,\"name\":\"Cuentos Universales\",\"item\":\"https:\\\/\\\/www.editorialjuventud.es\\\/coleccion\\\/cuentos-universales\\\/\"},{\"@type\":\"ListItem\",\"position\":5,\"name\":\"Heracles, Teseo y Edipo. Dioses y h\u00e9roes de la Grecia antigua II\"}]},{\"@type\":\"WebSite\",\"@id\":\"https:\\\/\\\/www.editorialjuventud.es\\\/#website\",\"url\":\"https:\\\/\\\/www.editorialjuventud.es\\\/\",\"name\":\"Editorial Juventud\",\"description\":\"\",\"potentialAction\":[{\"@type\":\"SearchAction\",\"target\":{\"@type\":\"EntryPoint\",\"urlTemplate\":\"https:\\\/\\\/www.editorialjuventud.es\\\/?s={search_term_string}\"},\"query-input\":{\"@type\":\"PropertyValueSpecification\",\"valueRequired\":true,\"valueName\":\"search_term_string\"}}],\"inLanguage\":\"ca\"}]}<\/script>\n<!-- \/ Yoast SEO plugin. -->","yoast_head_json":{"title":"Heracles, Teseo y Edipo. Dioses y h\u00e9roes de la Grecia antigua II - Editorial Juventud","description":"Cuando el Renacimiento rescat\u00f3 del olvido las grandes obras de la Antig\u00fcedad Cl\u00e1sica, sac\u00f3 de nuevo a la luz la mitolog\u00eda y la mostr\u00f3 en toda su plenitud,","robots":{"index":"index","follow":"follow","max-snippet":"max-snippet:-1","max-image-preview":"max-image-preview:large","max-video-preview":"max-video-preview:-1"},"canonical":"https:\/\/www.editorialjuventud.es\/heracles-teseo-y-edipo-dioses-y-heroes-de-la-grecia-antigua-ii-9788426141064\/","og_locale":"ca_ES","og_type":"article","og_title":"Heracles, Teseo y Edipo. Dioses y h\u00e9roes de la Grecia antigua II - Editorial Juventud","og_description":"Cuando el Renacimiento rescat\u00f3 del olvido las grandes obras de la Antig\u00fcedad Cl\u00e1sica, sac\u00f3 de nuevo a la luz la mitolog\u00eda y la mostr\u00f3 en toda su plenitud,","og_url":"https:\/\/www.editorialjuventud.es\/heracles-teseo-y-edipo-dioses-y-heroes-de-la-grecia-antigua-ii-9788426141064\/","og_site_name":"Editorial Juventud","article_modified_time":"2024-02-01T12:40:44+00:00","og_image":[{"width":341,"height":450,"url":"https:\/\/www.editorialjuventud.es\/wp-content\/uploads\/4106.jpg","type":"image\/jpeg"}],"twitter_card":"summary_large_image","twitter_misc":{"Temps estimat de lectura":"1 minut"},"schema":{"@context":"https:\/\/schema.org","@graph":[{"@type":"WebPage","@id":"https:\/\/www.editorialjuventud.es\/heracles-teseo-y-edipo-dioses-y-heroes-de-la-grecia-antigua-ii-9788426141064\/","url":"https:\/\/www.editorialjuventud.es\/heracles-teseo-y-edipo-dioses-y-heroes-de-la-grecia-antigua-ii-9788426141064\/","name":"Heracles, Teseo y Edipo. Dioses y h\u00e9roes de la Grecia antigua II - Editorial Juventud","isPartOf":{"@id":"https:\/\/www.editorialjuventud.es\/#website"},"primaryImageOfPage":{"@id":"https:\/\/www.editorialjuventud.es\/heracles-teseo-y-edipo-dioses-y-heroes-de-la-grecia-antigua-ii-9788426141064\/#primaryimage"},"image":{"@id":"https:\/\/www.editorialjuventud.es\/heracles-teseo-y-edipo-dioses-y-heroes-de-la-grecia-antigua-ii-9788426141064\/#primaryimage"},"thumbnailUrl":"https:\/\/www.editorialjuventud.es\/wp-content\/uploads\/4106.jpg","datePublished":"2018-08-24T09:45:01+00:00","dateModified":"2024-02-01T12:40:44+00:00","description":"Cuando el Renacimiento rescat\u00f3 del olvido las grandes obras de la Antig\u00fcedad Cl\u00e1sica, sac\u00f3 de nuevo a la luz la mitolog\u00eda y la mostr\u00f3 en toda su plenitud,","breadcrumb":{"@id":"https:\/\/www.editorialjuventud.es\/heracles-teseo-y-edipo-dioses-y-heroes-de-la-grecia-antigua-ii-9788426141064\/#breadcrumb"},"inLanguage":"ca","potentialAction":[{"@type":"ReadAction","target":["https:\/\/www.editorialjuventud.es\/heracles-teseo-y-edipo-dioses-y-heroes-de-la-grecia-antigua-ii-9788426141064\/"]}]},{"@type":"ImageObject","inLanguage":"ca","@id":"https:\/\/www.editorialjuventud.es\/heracles-teseo-y-edipo-dioses-y-heroes-de-la-grecia-antigua-ii-9788426141064\/#primaryimage","url":"https:\/\/www.editorialjuventud.es\/wp-content\/uploads\/4106.jpg","contentUrl":"https:\/\/www.editorialjuventud.es\/wp-content\/uploads\/4106.jpg","width":341,"height":450,"caption":"4106.jpg"},{"@type":"BreadcrumbList","@id":"https:\/\/www.editorialjuventud.es\/heracles-teseo-y-edipo-dioses-y-heroes-de-la-grecia-antigua-ii-9788426141064\/#breadcrumb","itemListElement":[{"@type":"ListItem","position":1,"name":"Portada","item":"https:\/\/www.editorialjuventud.es\/"},{"@type":"ListItem","position":2,"name":"cat\u00e1logo","item":"https:\/\/www.editorialjuventud.es\/coleccion\/catalogo\/"},{"@type":"ListItem","position":3,"name":"castellano","item":"https:\/\/www.editorialjuventud.es\/coleccion\/castellano\/"},{"@type":"ListItem","position":4,"name":"Cuentos Universales","item":"https:\/\/www.editorialjuventud.es\/coleccion\/cuentos-universales\/"},{"@type":"ListItem","position":5,"name":"Heracles, Teseo y Edipo. Dioses y h\u00e9roes de la Grecia antigua II"}]},{"@type":"WebSite","@id":"https:\/\/www.editorialjuventud.es\/#website","url":"https:\/\/www.editorialjuventud.es\/","name":"Editorial Juventud","description":"","potentialAction":[{"@type":"SearchAction","target":{"@type":"EntryPoint","urlTemplate":"https:\/\/www.editorialjuventud.es\/?s={search_term_string}"},"query-input":{"@type":"PropertyValueSpecification","valueRequired":true,"valueName":"search_term_string"}}],"inLanguage":"ca"}]}},"_links":{"self":[{"href":"https:\/\/www.editorialjuventud.es\/ca\/wp-json\/wp\/v2\/product\/5997","targetHints":{"allow":["GET"]}}],"collection":[{"href":"https:\/\/www.editorialjuventud.es\/ca\/wp-json\/wp\/v2\/product"}],"about":[{"href":"https:\/\/www.editorialjuventud.es\/ca\/wp-json\/wp\/v2\/types\/product"}],"wp:featuredmedia":[{"embeddable":true,"href":"https:\/\/www.editorialjuventud.es\/ca\/wp-json\/wp\/v2\/media\/13341"}],"wp:attachment":[{"href":"https:\/\/www.editorialjuventud.es\/ca\/wp-json\/wp\/v2\/media?parent=5997"}],"wp:term":[{"taxonomy":"product_brand","embeddable":true,"href":"https:\/\/www.editorialjuventud.es\/ca\/wp-json\/wp\/v2\/product_brand?post=5997"},{"taxonomy":"product_cat","embeddable":true,"href":"https:\/\/www.editorialjuventud.es\/ca\/wp-json\/wp\/v2\/product_cat?post=5997"},{"taxonomy":"product_tag","embeddable":true,"href":"https:\/\/www.editorialjuventud.es\/ca\/wp-json\/wp\/v2\/product_tag?post=5997"},{"taxonomy":"coleccion","embeddable":true,"href":"https:\/\/www.editorialjuventud.es\/ca\/wp-json\/wp\/v2\/coleccion?post=5997"}],"curies":[{"name":"wp","href":"https:\/\/api.w.org\/{rel}","templated":true}]}}