{"id":5995,"date":"2018-08-24T11:44:52","date_gmt":"2018-08-24T09:44:52","guid":{"rendered":"http:\/\/www.editorialjuventud.es\/quan-sigui-gran\/"},"modified":"2021-10-19T18:25:34","modified_gmt":"2021-10-19T16:25:34","slug":"quan-sigui-gran-9788426141040","status":"publish","type":"product","link":"https:\/\/www.editorialjuventud.es\/ca\/quan-sigui-gran-9788426141040\/","title":{"rendered":"Quan sigui gran&#8230;"},"content":{"rendered":"<p>Imagina&#8217;t que buscant entre les teves disfresses trobes un pegat per a l&#8217;ull. Posa-te&#8217;l i converteix-te en un pirata! Amb aquest llibre, un senzill detall en una p\u00e0gina transparent d&#8217;acetat transformar\u00e0 el personatge, com per art de m\u00e0gia. Imagina&#8217;t que, ja des de ben petit, pots convertir-te en astronauta, veterin\u00e0ria, o superheroi, tot \u00e9s possible!<\/p>\n","protected":false},"excerpt":{"rendered":"Imagina&#8217;t que buscant entre les teves disfresses trobes un pegat per a l&#8217;ull. Posa-te&#8217;l i converteix-te en un pirata! Amb aquest llibre, un senzill detall en una p\u00e0gina transparent d&#8217;acetat transformar\u00e0 el personatge, com per art de m\u00e0gia. Imagina&#8217;t que, [&hellip;]","protected":false},"featured_media":17044,"template":"","meta":{"_acf_changed":false,"_exactmetrics_skip_tracking":false,"_exactmetrics_sitenote_active":false,"_exactmetrics_sitenote_note":"","_exactmetrics_sitenote_category":0},"product_brand":[],"product_cat":[899,1121,892,1115,1123,1213,1128],"product_tag":[],"coleccion":[915,962,920],"class_list":{"0":"post-5995","1":"product","2":"type-product","3":"status-publish","4":"has-post-thumbnail","6":"product_cat-a-partir-de-3-anos","7":"product_cat-albumes-ilustrados","8":"product_cat-edades","9":"product_cat-generos","10":"product_cat-libros-informativos-infantil","11":"product_cat-primeros-conceptos","12":"product_cat-tematica","13":"coleccion-catala","14":"coleccion-els-meus-primers-conceptes","15":"coleccion-els-meus-primers-llibres","17":"first","18":"instock","19":"taxable","20":"shipping-taxable","21":"purchasable","22":"product-type-simple"},"acf":{"autor":"PATRICKGEORGE","codart":"4104","ediciones":"1","encuadernacion":"Carton\u00e9","fecha_de_publicacion":"01\/10\/2014","novedad":"0","paginas":"32","subtitulo":"","texto_web_adicional":"","texto_web_novedad":"","orden":"999","portada":"0","texto_web_resaltado":"","indice":"","autores-libros":[17699],"ilustradores-libros":[17699],"traductores-libros":[58416],"descripcion_corta":"","recomendamos":"","mas_vendido":"","idioma-libro":"","color":false,"formato":"","mas_informacion_del_producto":false,"premios":false,"texto_enlace_cubierta":"","enlace_cubierta":{"ID":24290,"id":24290,"title":"cover-4104","filename":"cover-4104.jpg","filesize":16963,"url":"https:\/\/www.editorialjuventud.es\/wp-content\/uploads\/cover-4104.jpg","link":"https:\/\/www.editorialjuventud.es\/ca\/?attachment_id=24290","alt":"","author":"47","description":"","caption":"","name":"cover-4104","status":"inherit","uploaded_to":5995,"date":"2019-04-16 06:44:45","modified":"2019-04-16 06:44:45","menu_order":0,"mime_type":"image\/jpeg","type":"image","subtype":"jpeg","icon":"https:\/\/www.editorialjuventud.es\/wp-includes\/images\/media\/default.png","width":465,"height":450,"sizes":{"thumbnail":"https:\/\/www.editorialjuventud.es\/wp-content\/uploads\/cover-4104-200x200.jpg","thumbnail-width":200,"thumbnail-height":200,"medium":"https:\/\/www.editorialjuventud.es\/wp-content\/uploads\/cover-4104.jpg","medium-width":465,"medium-height":450,"medium_large":"https:\/\/www.editorialjuventud.es\/wp-content\/uploads\/cover-4104.jpg","medium_large-width":465,"medium_large-height":450,"large":"https:\/\/www.editorialjuventud.es\/wp-content\/uploads\/cover-4104.jpg","large-width":465,"large-height":450,"1536x1536":"https:\/\/www.editorialjuventud.es\/wp-content\/uploads\/cover-4104.jpg","1536x1536-width":465,"1536x1536-height":450,"2048x2048":"https:\/\/www.editorialjuventud.es\/wp-content\/uploads\/cover-4104.jpg","2048x2048-width":465,"2048x2048-height":450,"woocommerce_thumbnail":"https:\/\/www.editorialjuventud.es\/wp-content\/uploads\/cover-4104-350x339.jpg","woocommerce_thumbnail-width":350,"woocommerce_thumbnail-height":339,"woocommerce_single":"https:\/\/www.editorialjuventud.es\/wp-content\/uploads\/cover-4104.jpg","woocommerce_single-width":465,"woocommerce_single-height":450,"woocommerce_gallery_thumbnail":"https:\/\/www.editorialjuventud.es\/wp-content\/uploads\/cover-4104-100x100.jpg","woocommerce_gallery_thumbnail-width":100,"woocommerce_gallery_thumbnail-height":100,"ppec_logo_image_size":"https:\/\/www.editorialjuventud.es\/wp-content\/uploads\/cover-4104.jpg","ppec_logo_image_size-width":62,"ppec_logo_image_size-height":60,"ppec_header_image_size":"https:\/\/www.editorialjuventud.es\/wp-content\/uploads\/cover-4104.jpg","ppec_header_image_size-width":93,"ppec_header_image_size-height":90}},"texto_enlace_ficha_tecnica":"","enlace_ficha_tecnica":false,"ficheros":false,"titulo-fr":"","texto-fr":""},"yoast_head":"<!-- This site is optimized with the Yoast SEO plugin v27.5 - https:\/\/yoast.com\/product\/yoast-seo-wordpress\/ -->\n<title>Quan sigui gran... - Editorial Juventud<\/title>\n<meta name=\"description\" content=\"Imagina&#039;t que buscant entre les teves disfresses trobes un pegat per a l&#039;ull. Posa-te&#039;l i converteix-te en un pirata! Amb aquest llibre, un senzill detall\" \/>\n<meta name=\"robots\" content=\"index, follow, max-snippet:-1, max-image-preview:large, max-video-preview:-1\" \/>\n<link rel=\"canonical\" href=\"https:\/\/www.editorialjuventud.es\/ca\/quan-sigui-gran-9788426141040\/\" \/>\n<meta property=\"og:locale\" content=\"ca_ES\" \/>\n<meta property=\"og:type\" content=\"article\" \/>\n<meta property=\"og:title\" content=\"Quan sigui gran... - Editorial Juventud\" \/>\n<meta property=\"og:description\" content=\"Imagina&#039;t que buscant entre les teves disfresses trobes un pegat per a l&#039;ull. Posa-te&#039;l i converteix-te en un pirata! Amb aquest llibre, un senzill detall\" \/>\n<meta property=\"og:url\" content=\"https:\/\/www.editorialjuventud.es\/ca\/quan-sigui-gran-9788426141040\/\" \/>\n<meta property=\"og:site_name\" content=\"Editorial Juventud\" \/>\n<meta property=\"article:modified_time\" content=\"2021-10-19T16:25:34+00:00\" \/>\n<meta property=\"og:image\" content=\"https:\/\/www.editorialjuventud.es\/wp-content\/uploads\/4104.jpg\" \/>\n\t<meta property=\"og:image:width\" content=\"465\" \/>\n\t<meta property=\"og:image:height\" content=\"450\" \/>\n\t<meta property=\"og:image:type\" content=\"image\/jpeg\" \/>\n<meta name=\"twitter:card\" content=\"summary_large_image\" \/>\n<script type=\"application\/ld+json\" class=\"yoast-schema-graph\">{\"@context\":\"https:\\\/\\\/schema.org\",\"@graph\":[{\"@type\":\"WebPage\",\"@id\":\"https:\\\/\\\/www.editorialjuventud.es\\\/ca\\\/quan-sigui-gran-9788426141040\\\/\",\"url\":\"https:\\\/\\\/www.editorialjuventud.es\\\/ca\\\/quan-sigui-gran-9788426141040\\\/\",\"name\":\"Quan sigui gran... - Editorial Juventud\",\"isPartOf\":{\"@id\":\"https:\\\/\\\/www.editorialjuventud.es\\\/#website\"},\"primaryImageOfPage\":{\"@id\":\"https:\\\/\\\/www.editorialjuventud.es\\\/ca\\\/quan-sigui-gran-9788426141040\\\/#primaryimage\"},\"image\":{\"@id\":\"https:\\\/\\\/www.editorialjuventud.es\\\/ca\\\/quan-sigui-gran-9788426141040\\\/#primaryimage\"},\"thumbnailUrl\":\"https:\\\/\\\/www.editorialjuventud.es\\\/wp-content\\\/uploads\\\/4104.jpg\",\"datePublished\":\"2018-08-24T09:44:52+00:00\",\"dateModified\":\"2021-10-19T16:25:34+00:00\",\"description\":\"Imagina't que buscant entre les teves disfresses trobes un pegat per a l'ull. Posa-te'l i converteix-te en un pirata! Amb aquest llibre, un senzill detall\",\"breadcrumb\":{\"@id\":\"https:\\\/\\\/www.editorialjuventud.es\\\/ca\\\/quan-sigui-gran-9788426141040\\\/#breadcrumb\"},\"inLanguage\":\"ca\",\"potentialAction\":[{\"@type\":\"ReadAction\",\"target\":[\"https:\\\/\\\/www.editorialjuventud.es\\\/ca\\\/quan-sigui-gran-9788426141040\\\/\"]}]},{\"@type\":\"ImageObject\",\"inLanguage\":\"ca\",\"@id\":\"https:\\\/\\\/www.editorialjuventud.es\\\/ca\\\/quan-sigui-gran-9788426141040\\\/#primaryimage\",\"url\":\"https:\\\/\\\/www.editorialjuventud.es\\\/wp-content\\\/uploads\\\/4104.jpg\",\"contentUrl\":\"https:\\\/\\\/www.editorialjuventud.es\\\/wp-content\\\/uploads\\\/4104.jpg\",\"width\":465,\"height\":450,\"caption\":\"4104.jpg\"},{\"@type\":\"BreadcrumbList\",\"@id\":\"https:\\\/\\\/www.editorialjuventud.es\\\/ca\\\/quan-sigui-gran-9788426141040\\\/#breadcrumb\",\"itemListElement\":[{\"@type\":\"ListItem\",\"position\":1,\"name\":\"Portada\",\"item\":\"https:\\\/\\\/www.editorialjuventud.es\\\/\"},{\"@type\":\"ListItem\",\"position\":2,\"name\":\"cat\u00e1logo\",\"item\":\"https:\\\/\\\/www.editorialjuventud.es\\\/coleccion\\\/catalogo\\\/\"},{\"@type\":\"ListItem\",\"position\":3,\"name\":\"catal\u00e0\",\"item\":\"https:\\\/\\\/www.editorialjuventud.es\\\/coleccion\\\/catala\\\/\"},{\"@type\":\"ListItem\",\"position\":4,\"name\":\"Quan sigui gran&#8230;\"}]},{\"@type\":\"WebSite\",\"@id\":\"https:\\\/\\\/www.editorialjuventud.es\\\/#website\",\"url\":\"https:\\\/\\\/www.editorialjuventud.es\\\/\",\"name\":\"Editorial Juventud\",\"description\":\"\",\"potentialAction\":[{\"@type\":\"SearchAction\",\"target\":{\"@type\":\"EntryPoint\",\"urlTemplate\":\"https:\\\/\\\/www.editorialjuventud.es\\\/?s={search_term_string}\"},\"query-input\":{\"@type\":\"PropertyValueSpecification\",\"valueRequired\":true,\"valueName\":\"search_term_string\"}}],\"inLanguage\":\"ca\"}]}<\/script>\n<!-- \/ Yoast SEO plugin. -->","yoast_head_json":{"title":"Quan sigui gran... - Editorial Juventud","description":"Imagina't que buscant entre les teves disfresses trobes un pegat per a l'ull. Posa-te'l i converteix-te en un pirata! Amb aquest llibre, un senzill detall","robots":{"index":"index","follow":"follow","max-snippet":"max-snippet:-1","max-image-preview":"max-image-preview:large","max-video-preview":"max-video-preview:-1"},"canonical":"https:\/\/www.editorialjuventud.es\/ca\/quan-sigui-gran-9788426141040\/","og_locale":"ca_ES","og_type":"article","og_title":"Quan sigui gran... - Editorial Juventud","og_description":"Imagina't que buscant entre les teves disfresses trobes un pegat per a l'ull. Posa-te'l i converteix-te en un pirata! Amb aquest llibre, un senzill detall","og_url":"https:\/\/www.editorialjuventud.es\/ca\/quan-sigui-gran-9788426141040\/","og_site_name":"Editorial Juventud","article_modified_time":"2021-10-19T16:25:34+00:00","og_image":[{"width":465,"height":450,"url":"https:\/\/www.editorialjuventud.es\/wp-content\/uploads\/4104.jpg","type":"image\/jpeg"}],"twitter_card":"summary_large_image","schema":{"@context":"https:\/\/schema.org","@graph":[{"@type":"WebPage","@id":"https:\/\/www.editorialjuventud.es\/ca\/quan-sigui-gran-9788426141040\/","url":"https:\/\/www.editorialjuventud.es\/ca\/quan-sigui-gran-9788426141040\/","name":"Quan sigui gran... - Editorial Juventud","isPartOf":{"@id":"https:\/\/www.editorialjuventud.es\/#website"},"primaryImageOfPage":{"@id":"https:\/\/www.editorialjuventud.es\/ca\/quan-sigui-gran-9788426141040\/#primaryimage"},"image":{"@id":"https:\/\/www.editorialjuventud.es\/ca\/quan-sigui-gran-9788426141040\/#primaryimage"},"thumbnailUrl":"https:\/\/www.editorialjuventud.es\/wp-content\/uploads\/4104.jpg","datePublished":"2018-08-24T09:44:52+00:00","dateModified":"2021-10-19T16:25:34+00:00","description":"Imagina't que buscant entre les teves disfresses trobes un pegat per a l'ull. Posa-te'l i converteix-te en un pirata! Amb aquest llibre, un senzill detall","breadcrumb":{"@id":"https:\/\/www.editorialjuventud.es\/ca\/quan-sigui-gran-9788426141040\/#breadcrumb"},"inLanguage":"ca","potentialAction":[{"@type":"ReadAction","target":["https:\/\/www.editorialjuventud.es\/ca\/quan-sigui-gran-9788426141040\/"]}]},{"@type":"ImageObject","inLanguage":"ca","@id":"https:\/\/www.editorialjuventud.es\/ca\/quan-sigui-gran-9788426141040\/#primaryimage","url":"https:\/\/www.editorialjuventud.es\/wp-content\/uploads\/4104.jpg","contentUrl":"https:\/\/www.editorialjuventud.es\/wp-content\/uploads\/4104.jpg","width":465,"height":450,"caption":"4104.jpg"},{"@type":"BreadcrumbList","@id":"https:\/\/www.editorialjuventud.es\/ca\/quan-sigui-gran-9788426141040\/#breadcrumb","itemListElement":[{"@type":"ListItem","position":1,"name":"Portada","item":"https:\/\/www.editorialjuventud.es\/"},{"@type":"ListItem","position":2,"name":"cat\u00e1logo","item":"https:\/\/www.editorialjuventud.es\/coleccion\/catalogo\/"},{"@type":"ListItem","position":3,"name":"catal\u00e0","item":"https:\/\/www.editorialjuventud.es\/coleccion\/catala\/"},{"@type":"ListItem","position":4,"name":"Quan sigui gran&#8230;"}]},{"@type":"WebSite","@id":"https:\/\/www.editorialjuventud.es\/#website","url":"https:\/\/www.editorialjuventud.es\/","name":"Editorial Juventud","description":"","potentialAction":[{"@type":"SearchAction","target":{"@type":"EntryPoint","urlTemplate":"https:\/\/www.editorialjuventud.es\/?s={search_term_string}"},"query-input":{"@type":"PropertyValueSpecification","valueRequired":true,"valueName":"search_term_string"}}],"inLanguage":"ca"}]}},"_links":{"self":[{"href":"https:\/\/www.editorialjuventud.es\/ca\/wp-json\/wp\/v2\/product\/5995","targetHints":{"allow":["GET"]}}],"collection":[{"href":"https:\/\/www.editorialjuventud.es\/ca\/wp-json\/wp\/v2\/product"}],"about":[{"href":"https:\/\/www.editorialjuventud.es\/ca\/wp-json\/wp\/v2\/types\/product"}],"wp:featuredmedia":[{"embeddable":true,"href":"https:\/\/www.editorialjuventud.es\/ca\/wp-json\/wp\/v2\/media\/17044"}],"wp:attachment":[{"href":"https:\/\/www.editorialjuventud.es\/ca\/wp-json\/wp\/v2\/media?parent=5995"}],"wp:term":[{"taxonomy":"product_brand","embeddable":true,"href":"https:\/\/www.editorialjuventud.es\/ca\/wp-json\/wp\/v2\/product_brand?post=5995"},{"taxonomy":"product_cat","embeddable":true,"href":"https:\/\/www.editorialjuventud.es\/ca\/wp-json\/wp\/v2\/product_cat?post=5995"},{"taxonomy":"product_tag","embeddable":true,"href":"https:\/\/www.editorialjuventud.es\/ca\/wp-json\/wp\/v2\/product_tag?post=5995"},{"taxonomy":"coleccion","embeddable":true,"href":"https:\/\/www.editorialjuventud.es\/ca\/wp-json\/wp\/v2\/coleccion?post=5995"}],"curies":[{"name":"wp","href":"https:\/\/api.w.org\/{rel}","templated":true}]}}