{"id":5992,"date":"2018-08-24T11:44:37","date_gmt":"2018-08-24T09:44:37","guid":{"rendered":"http:\/\/www.editorialjuventud.es\/en-promenade-avec-monsieur-gaudi\/"},"modified":"2025-01-31T10:46:03","modified_gmt":"2025-01-31T09:46:03","slug":"en-promenade-avec-monsieur-gaudi-9788426141019","status":"publish","type":"product","link":"https:\/\/www.editorialjuventud.es\/ca\/en-promenade-avec-monsieur-gaudi-9788426141019\/","title":{"rendered":"En promenade avec monsieur Gaud\u00ed"},"content":{"rendered":"<p>Monsieur Gaudi habite dans un endroit tr\u00e8s particulier \u00e0 Barcelone: le Parc G\u00fcell qu&#8217;il a construit \u00e0 la demande du Comte G\u00fcell. Tous les matins, l&#8217;architecte visite les chantiers pour surveiller les travaux qu&#8217;on lui a confi\u00e9s: La Pedrera, la Sagrada Familia, la Casa Batll\u00f3&#8230; Rien dans son aspect ne  laisse penser que Antoni Gaudi est l&#8217;un des architectes les plus reconnus de son \u00e9poque, encore que ses constructions ne plaisent parfois pas \u00e0 tout le monde, et apparaissent un peu trop extravagantes&#8230; Cet album constitue une premi\u00e8re approche au personnage de Gaud\u00ed et \u00e0 la ville de Barcelone.<\/p>\n","protected":false},"excerpt":{"rendered":"Monsieur Gaudi habite dans un endroit tr\u00e8s particulier \u00e0 Barcelone: le Parc G\u00fcell qu&#8217;il a construit \u00e0 la demande du Comte G\u00fcell. Tous les matins, l&#8217;architecte visite les chantiers pour surveiller les travaux qu&#8217;on lui a confi\u00e9s: La Pedrera, la [&hellip;]","protected":false},"featured_media":17040,"template":"","meta":{"_acf_changed":false,"_exactmetrics_skip_tracking":false,"_exactmetrics_sitenote_active":false,"_exactmetrics_sitenote_note":"","_exactmetrics_sitenote_category":0},"product_brand":[],"product_cat":[902,1121,1139,1125,1140,1123,1215],"product_tag":[],"coleccion":[928,986,916],"class_list":{"0":"post-5992","1":"product","2":"type-product","3":"status-publish","4":"has-post-thumbnail","6":"product_cat-a-partir-de-7-anos","7":"product_cat-albumes-ilustrados","8":"product_cat-arquitectura","9":"product_cat-arte","10":"product_cat-arte-y-creatividad","11":"product_cat-libros-informativos-infantil","12":"product_cat-profesiones-trabajo","13":"coleccion-albumes-ilustrados","14":"coleccion-arte-y-creatividad","15":"coleccion-castellano","17":"first","18":"instock","19":"taxable","20":"shipping-taxable","21":"purchasable","22":"product-type-simple"},"acf":{"autor":"Estrada, Pau","codart":"4101","ediciones":"9","encuadernacion":"Carton\u00e9","fecha_de_publicacion":"01\/06\/2014","novedad":"0","paginas":"48","subtitulo":"","texto_web_adicional":"","texto_web_novedad":"","orden":"999","portada":"0","texto_web_resaltado":"","indice":"","autores-libros":[16351],"ilustradores-libros":[16351],"traductores-libros":"","descripcion_corta":"","recomendamos":"","mas_vendido":"","idioma-libro":"","color":false,"formato":"","mas_informacion_del_producto":false,"premios":false,"texto_enlace_cubierta":"","enlace_cubierta":{"ID":36557,"id":36557,"title":"GAUDI cover FRANCESA.indd","filename":"Gaudi_Cover_300px_frances.jpg","filesize":1892556,"url":"https:\/\/www.editorialjuventud.es\/wp-content\/uploads\/Gaudi_Cover_300px_frances.jpg","link":"https:\/\/www.editorialjuventud.es\/ca\/?attachment_id=36557","alt":"","author":"50","description":"","caption":"","name":"gaudi-cover-francesa-indd","status":"inherit","uploaded_to":5992,"date":"2020-01-16 14:56:46","modified":"2020-01-16 14:56:46","menu_order":0,"mime_type":"image\/jpeg","type":"image","subtype":"jpeg","icon":"https:\/\/www.editorialjuventud.es\/wp-includes\/images\/media\/default.png","width":2626,"height":3391,"sizes":{"thumbnail":"https:\/\/www.editorialjuventud.es\/wp-content\/uploads\/Gaudi_Cover_300px_frances-200x200.jpg","thumbnail-width":200,"thumbnail-height":200,"medium":"https:\/\/www.editorialjuventud.es\/wp-content\/uploads\/Gaudi_Cover_300px_frances.jpg","medium-width":2626,"medium-height":3391,"medium_large":"https:\/\/www.editorialjuventud.es\/wp-content\/uploads\/Gaudi_Cover_300px_frances-768x992.jpg","medium_large-width":768,"medium_large-height":992,"large":"https:\/\/www.editorialjuventud.es\/wp-content\/uploads\/Gaudi_Cover_300px_frances.jpg","large-width":2626,"large-height":3391,"1536x1536":"https:\/\/www.editorialjuventud.es\/wp-content\/uploads\/Gaudi_Cover_300px_frances.jpg","1536x1536-width":1189,"1536x1536-height":1536,"2048x2048":"https:\/\/www.editorialjuventud.es\/wp-content\/uploads\/Gaudi_Cover_300px_frances.jpg","2048x2048-width":1586,"2048x2048-height":2048,"woocommerce_thumbnail":"https:\/\/www.editorialjuventud.es\/wp-content\/uploads\/Gaudi_Cover_300px_frances-350x452.jpg","woocommerce_thumbnail-width":350,"woocommerce_thumbnail-height":452,"woocommerce_single":"https:\/\/www.editorialjuventud.es\/wp-content\/uploads\/Gaudi_Cover_300px_frances-900x1162.jpg","woocommerce_single-width":900,"woocommerce_single-height":1162,"woocommerce_gallery_thumbnail":"https:\/\/www.editorialjuventud.es\/wp-content\/uploads\/Gaudi_Cover_300px_frances-100x100.jpg","woocommerce_gallery_thumbnail-width":100,"woocommerce_gallery_thumbnail-height":100,"ppec_logo_image_size":"https:\/\/www.editorialjuventud.es\/wp-content\/uploads\/Gaudi_Cover_300px_frances.jpg","ppec_logo_image_size-width":46,"ppec_logo_image_size-height":60,"ppec_header_image_size":"https:\/\/www.editorialjuventud.es\/wp-content\/uploads\/Gaudi_Cover_300px_frances.jpg","ppec_header_image_size-width":70,"ppec_header_image_size-height":90}},"texto_enlace_ficha_tecnica":"","enlace_ficha_tecnica":false,"ficheros":false,"titulo-fr":"","texto-fr":"","fecha_de_reimpresion":"01\/02\/2024"},"yoast_head":"<!-- This site is optimized with the Yoast SEO plugin v27.5 - https:\/\/yoast.com\/product\/yoast-seo-wordpress\/ -->\n<title>En promenade avec monsieur Gaud\u00ed - Editorial Juventud<\/title>\n<meta name=\"description\" content=\"Monsieur Gaudi habite dans un endroit tr\u00e8s particulier \u00e0 Barcelone: le Parc G\u00fcell qu&#039;il a construit \u00e0 la demande du Comte G\u00fcell. Tous les matins,\" \/>\n<meta name=\"robots\" content=\"index, follow, max-snippet:-1, max-image-preview:large, max-video-preview:-1\" \/>\n<link rel=\"canonical\" href=\"https:\/\/www.editorialjuventud.es\/en-promenade-avec-monsieur-gaudi-9788426141019\/\" \/>\n<meta property=\"og:locale\" content=\"ca_ES\" \/>\n<meta property=\"og:type\" content=\"article\" \/>\n<meta property=\"og:title\" content=\"En promenade avec monsieur Gaud\u00ed - Editorial Juventud\" \/>\n<meta property=\"og:description\" content=\"Monsieur Gaudi habite dans un endroit tr\u00e8s particulier \u00e0 Barcelone: le Parc G\u00fcell qu&#039;il a construit \u00e0 la demande du Comte G\u00fcell. Tous les matins,\" \/>\n<meta property=\"og:url\" content=\"https:\/\/www.editorialjuventud.es\/en-promenade-avec-monsieur-gaudi-9788426141019\/\" \/>\n<meta property=\"og:site_name\" content=\"Editorial Juventud\" \/>\n<meta property=\"article:modified_time\" content=\"2025-01-31T09:46:03+00:00\" \/>\n<meta property=\"og:image\" content=\"https:\/\/www.editorialjuventud.es\/wp-content\/uploads\/4101.jpg\" \/>\n\t<meta property=\"og:image:width\" content=\"341\" \/>\n\t<meta property=\"og:image:height\" content=\"450\" \/>\n\t<meta property=\"og:image:type\" content=\"image\/jpeg\" \/>\n<meta name=\"twitter:card\" content=\"summary_large_image\" \/>\n<meta name=\"twitter:label1\" content=\"Temps estimat de lectura\" \/>\n\t<meta name=\"twitter:data1\" content=\"1 minut\" \/>\n<script type=\"application\/ld+json\" class=\"yoast-schema-graph\">{\"@context\":\"https:\\\/\\\/schema.org\",\"@graph\":[{\"@type\":\"WebPage\",\"@id\":\"https:\\\/\\\/www.editorialjuventud.es\\\/en-promenade-avec-monsieur-gaudi-9788426141019\\\/\",\"url\":\"https:\\\/\\\/www.editorialjuventud.es\\\/en-promenade-avec-monsieur-gaudi-9788426141019\\\/\",\"name\":\"En promenade avec monsieur Gaud\u00ed - Editorial Juventud\",\"isPartOf\":{\"@id\":\"https:\\\/\\\/www.editorialjuventud.es\\\/#website\"},\"primaryImageOfPage\":{\"@id\":\"https:\\\/\\\/www.editorialjuventud.es\\\/en-promenade-avec-monsieur-gaudi-9788426141019\\\/#primaryimage\"},\"image\":{\"@id\":\"https:\\\/\\\/www.editorialjuventud.es\\\/en-promenade-avec-monsieur-gaudi-9788426141019\\\/#primaryimage\"},\"thumbnailUrl\":\"https:\\\/\\\/www.editorialjuventud.es\\\/wp-content\\\/uploads\\\/4101.jpg\",\"datePublished\":\"2018-08-24T09:44:37+00:00\",\"dateModified\":\"2025-01-31T09:46:03+00:00\",\"description\":\"Monsieur Gaudi habite dans un endroit tr\u00e8s particulier \u00e0 Barcelone: le Parc G\u00fcell qu'il a construit \u00e0 la demande du Comte G\u00fcell. Tous les matins,\",\"breadcrumb\":{\"@id\":\"https:\\\/\\\/www.editorialjuventud.es\\\/en-promenade-avec-monsieur-gaudi-9788426141019\\\/#breadcrumb\"},\"inLanguage\":\"ca\",\"potentialAction\":[{\"@type\":\"ReadAction\",\"target\":[\"https:\\\/\\\/www.editorialjuventud.es\\\/en-promenade-avec-monsieur-gaudi-9788426141019\\\/\"]}]},{\"@type\":\"ImageObject\",\"inLanguage\":\"ca\",\"@id\":\"https:\\\/\\\/www.editorialjuventud.es\\\/en-promenade-avec-monsieur-gaudi-9788426141019\\\/#primaryimage\",\"url\":\"https:\\\/\\\/www.editorialjuventud.es\\\/wp-content\\\/uploads\\\/4101.jpg\",\"contentUrl\":\"https:\\\/\\\/www.editorialjuventud.es\\\/wp-content\\\/uploads\\\/4101.jpg\",\"width\":341,\"height\":450,\"caption\":\"9788426141019.jpg\"},{\"@type\":\"BreadcrumbList\",\"@id\":\"https:\\\/\\\/www.editorialjuventud.es\\\/en-promenade-avec-monsieur-gaudi-9788426141019\\\/#breadcrumb\",\"itemListElement\":[{\"@type\":\"ListItem\",\"position\":1,\"name\":\"Portada\",\"item\":\"https:\\\/\\\/www.editorialjuventud.es\\\/\"},{\"@type\":\"ListItem\",\"position\":2,\"name\":\"cat\u00e1logo\",\"item\":\"https:\\\/\\\/www.editorialjuventud.es\\\/coleccion\\\/catalogo\\\/\"},{\"@type\":\"ListItem\",\"position\":3,\"name\":\"castellano\",\"item\":\"https:\\\/\\\/www.editorialjuventud.es\\\/coleccion\\\/castellano\\\/\"},{\"@type\":\"ListItem\",\"position\":4,\"name\":\"\u00c1lbumes Ilustrados\",\"item\":\"https:\\\/\\\/www.editorialjuventud.es\\\/coleccion\\\/albumes-ilustrados\\\/\"},{\"@type\":\"ListItem\",\"position\":5,\"name\":\"Arte y Creatividad\",\"item\":\"https:\\\/\\\/www.editorialjuventud.es\\\/ca\\\/coleccion\\\/arte-y-creatividad\\\/\"},{\"@type\":\"ListItem\",\"position\":6,\"name\":\"En promenade avec monsieur Gaud\u00ed\"}]},{\"@type\":\"WebSite\",\"@id\":\"https:\\\/\\\/www.editorialjuventud.es\\\/#website\",\"url\":\"https:\\\/\\\/www.editorialjuventud.es\\\/\",\"name\":\"Editorial Juventud\",\"description\":\"\",\"potentialAction\":[{\"@type\":\"SearchAction\",\"target\":{\"@type\":\"EntryPoint\",\"urlTemplate\":\"https:\\\/\\\/www.editorialjuventud.es\\\/?s={search_term_string}\"},\"query-input\":{\"@type\":\"PropertyValueSpecification\",\"valueRequired\":true,\"valueName\":\"search_term_string\"}}],\"inLanguage\":\"ca\"}]}<\/script>\n<!-- \/ Yoast SEO plugin. -->","yoast_head_json":{"title":"En promenade avec monsieur Gaud\u00ed - Editorial Juventud","description":"Monsieur Gaudi habite dans un endroit tr\u00e8s particulier \u00e0 Barcelone: le Parc G\u00fcell qu'il a construit \u00e0 la demande du Comte G\u00fcell. Tous les matins,","robots":{"index":"index","follow":"follow","max-snippet":"max-snippet:-1","max-image-preview":"max-image-preview:large","max-video-preview":"max-video-preview:-1"},"canonical":"https:\/\/www.editorialjuventud.es\/en-promenade-avec-monsieur-gaudi-9788426141019\/","og_locale":"ca_ES","og_type":"article","og_title":"En promenade avec monsieur Gaud\u00ed - Editorial Juventud","og_description":"Monsieur Gaudi habite dans un endroit tr\u00e8s particulier \u00e0 Barcelone: le Parc G\u00fcell qu'il a construit \u00e0 la demande du Comte G\u00fcell. Tous les matins,","og_url":"https:\/\/www.editorialjuventud.es\/en-promenade-avec-monsieur-gaudi-9788426141019\/","og_site_name":"Editorial Juventud","article_modified_time":"2025-01-31T09:46:03+00:00","og_image":[{"width":341,"height":450,"url":"https:\/\/www.editorialjuventud.es\/wp-content\/uploads\/4101.jpg","type":"image\/jpeg"}],"twitter_card":"summary_large_image","twitter_misc":{"Temps estimat de lectura":"1 minut"},"schema":{"@context":"https:\/\/schema.org","@graph":[{"@type":"WebPage","@id":"https:\/\/www.editorialjuventud.es\/en-promenade-avec-monsieur-gaudi-9788426141019\/","url":"https:\/\/www.editorialjuventud.es\/en-promenade-avec-monsieur-gaudi-9788426141019\/","name":"En promenade avec monsieur Gaud\u00ed - Editorial Juventud","isPartOf":{"@id":"https:\/\/www.editorialjuventud.es\/#website"},"primaryImageOfPage":{"@id":"https:\/\/www.editorialjuventud.es\/en-promenade-avec-monsieur-gaudi-9788426141019\/#primaryimage"},"image":{"@id":"https:\/\/www.editorialjuventud.es\/en-promenade-avec-monsieur-gaudi-9788426141019\/#primaryimage"},"thumbnailUrl":"https:\/\/www.editorialjuventud.es\/wp-content\/uploads\/4101.jpg","datePublished":"2018-08-24T09:44:37+00:00","dateModified":"2025-01-31T09:46:03+00:00","description":"Monsieur Gaudi habite dans un endroit tr\u00e8s particulier \u00e0 Barcelone: le Parc G\u00fcell qu'il a construit \u00e0 la demande du Comte G\u00fcell. Tous les matins,","breadcrumb":{"@id":"https:\/\/www.editorialjuventud.es\/en-promenade-avec-monsieur-gaudi-9788426141019\/#breadcrumb"},"inLanguage":"ca","potentialAction":[{"@type":"ReadAction","target":["https:\/\/www.editorialjuventud.es\/en-promenade-avec-monsieur-gaudi-9788426141019\/"]}]},{"@type":"ImageObject","inLanguage":"ca","@id":"https:\/\/www.editorialjuventud.es\/en-promenade-avec-monsieur-gaudi-9788426141019\/#primaryimage","url":"https:\/\/www.editorialjuventud.es\/wp-content\/uploads\/4101.jpg","contentUrl":"https:\/\/www.editorialjuventud.es\/wp-content\/uploads\/4101.jpg","width":341,"height":450,"caption":"9788426141019.jpg"},{"@type":"BreadcrumbList","@id":"https:\/\/www.editorialjuventud.es\/en-promenade-avec-monsieur-gaudi-9788426141019\/#breadcrumb","itemListElement":[{"@type":"ListItem","position":1,"name":"Portada","item":"https:\/\/www.editorialjuventud.es\/"},{"@type":"ListItem","position":2,"name":"cat\u00e1logo","item":"https:\/\/www.editorialjuventud.es\/coleccion\/catalogo\/"},{"@type":"ListItem","position":3,"name":"castellano","item":"https:\/\/www.editorialjuventud.es\/coleccion\/castellano\/"},{"@type":"ListItem","position":4,"name":"\u00c1lbumes Ilustrados","item":"https:\/\/www.editorialjuventud.es\/coleccion\/albumes-ilustrados\/"},{"@type":"ListItem","position":5,"name":"Arte y Creatividad","item":"https:\/\/www.editorialjuventud.es\/ca\/coleccion\/arte-y-creatividad\/"},{"@type":"ListItem","position":6,"name":"En promenade avec monsieur Gaud\u00ed"}]},{"@type":"WebSite","@id":"https:\/\/www.editorialjuventud.es\/#website","url":"https:\/\/www.editorialjuventud.es\/","name":"Editorial Juventud","description":"","potentialAction":[{"@type":"SearchAction","target":{"@type":"EntryPoint","urlTemplate":"https:\/\/www.editorialjuventud.es\/?s={search_term_string}"},"query-input":{"@type":"PropertyValueSpecification","valueRequired":true,"valueName":"search_term_string"}}],"inLanguage":"ca"}]}},"_links":{"self":[{"href":"https:\/\/www.editorialjuventud.es\/ca\/wp-json\/wp\/v2\/product\/5992","targetHints":{"allow":["GET"]}}],"collection":[{"href":"https:\/\/www.editorialjuventud.es\/ca\/wp-json\/wp\/v2\/product"}],"about":[{"href":"https:\/\/www.editorialjuventud.es\/ca\/wp-json\/wp\/v2\/types\/product"}],"wp:featuredmedia":[{"embeddable":true,"href":"https:\/\/www.editorialjuventud.es\/ca\/wp-json\/wp\/v2\/media\/17040"}],"wp:attachment":[{"href":"https:\/\/www.editorialjuventud.es\/ca\/wp-json\/wp\/v2\/media?parent=5992"}],"wp:term":[{"taxonomy":"product_brand","embeddable":true,"href":"https:\/\/www.editorialjuventud.es\/ca\/wp-json\/wp\/v2\/product_brand?post=5992"},{"taxonomy":"product_cat","embeddable":true,"href":"https:\/\/www.editorialjuventud.es\/ca\/wp-json\/wp\/v2\/product_cat?post=5992"},{"taxonomy":"product_tag","embeddable":true,"href":"https:\/\/www.editorialjuventud.es\/ca\/wp-json\/wp\/v2\/product_tag?post=5992"},{"taxonomy":"coleccion","embeddable":true,"href":"https:\/\/www.editorialjuventud.es\/ca\/wp-json\/wp\/v2\/coleccion?post=5992"}],"curies":[{"name":"wp","href":"https:\/\/api.w.org\/{rel}","templated":true}]}}