{"id":5980,"date":"2018-08-24T13:43:41","date_gmt":"2018-08-24T09:43:41","guid":{"rendered":"http:\/\/www.editorialjuventud.es\/el-gato-y-el-pajaro\/"},"modified":"2025-01-22T13:17:42","modified_gmt":"2025-01-22T12:17:42","slug":"el-gato-y-el-pajaro-9788426140906","status":"publish","type":"product","link":"https:\/\/www.editorialjuventud.es\/ca\/el-gato-y-el-pajaro-9788426140906\/","title":{"rendered":"El Gato y el P\u00e1jaro"},"content":{"rendered":"<p>\u00a1Un gato enjaulado, qu\u00e9 extra\u00f1a imagen! Fuera, un p\u00e1jaro vuela. El felino lo devora con los ojos. Si el gato lo mira, tal vez no es porque quiera com\u00e9rselo, sino porque le envidia por su libertad. Una po\u00e9tica historia inspirada en el cuadro Gato y P\u00e1jaro, del pintor Paul Klee.<\/p>\n","protected":false},"excerpt":{"rendered":"\u00a1Un gato enjaulado, qu\u00e9 extra\u00f1a imagen! Fuera, un p\u00e1jaro vuela. El felino lo devora con los ojos. Si el gato lo mira, tal vez no es porque quiera com\u00e9rselo, sino porque le envidia por su libertad. Una po\u00e9tica historia inspirada [&hellip;]","protected":false},"featured_media":12657,"template":"","meta":{"_acf_changed":false,"_exactmetrics_skip_tracking":false,"_exactmetrics_sitenote_active":false,"_exactmetrics_sitenote_note":"","_exactmetrics_sitenote_category":0},"product_brand":[],"product_cat":[902,1125,1140,1190,1211],"product_tag":[],"coleccion":[986,1054],"class_list":{"0":"post-5980","1":"product","2":"type-product","3":"status-publish","4":"has-post-thumbnail","6":"product_cat-a-partir-de-7-anos","7":"product_cat-arte","8":"product_cat-arte-y-creatividad","9":"product_cat-libertad","10":"product_cat-poesia-rimas","11":"coleccion-arte-y-creatividad","12":"coleccion-la-puerta-del-arte","14":"first","15":"instock","16":"taxable","17":"shipping-taxable","18":"purchasable","19":"product-type-simple"},"acf":{"autor":"G. Elschner - P. Nille","codart":"4090","ediciones":"1","encuadernacion":"Carton\u00e9","fecha_de_publicacion":"10\/05\/2014","novedad":"0","paginas":"40","subtitulo":"El Gato y el P\u00e1jaro","texto_web_adicional":"","texto_web_novedad":"","orden":"999","portada":"0","texto_web_resaltado":"","autores-libros":[16344],"ilustradores-libros":[17952]},"yoast_head":"<!-- This site is optimized with the Yoast SEO plugin v27.5 - https:\/\/yoast.com\/product\/yoast-seo-wordpress\/ -->\n<title>El Gato y el P\u00e1jaro - Editorial Juventud<\/title>\n<meta name=\"description\" content=\"\u00a1Un gato enjaulado, qu\u00e9 extra\u00f1a imagen! Fuera, un p\u00e1jaro vuela. El felino lo devora con los ojos. Si el gato lo mira, tal vez no es porque quiera\" \/>\n<meta name=\"robots\" content=\"index, follow, max-snippet:-1, max-image-preview:large, max-video-preview:-1\" \/>\n<link rel=\"canonical\" href=\"https:\/\/www.editorialjuventud.es\/el-gato-y-el-pajaro-9788426140906\/\" \/>\n<meta property=\"og:locale\" content=\"ca_ES\" \/>\n<meta property=\"og:type\" content=\"article\" \/>\n<meta property=\"og:title\" content=\"El Gato y el P\u00e1jaro - Editorial Juventud\" \/>\n<meta property=\"og:description\" content=\"\u00a1Un gato enjaulado, qu\u00e9 extra\u00f1a imagen! Fuera, un p\u00e1jaro vuela. El felino lo devora con los ojos. Si el gato lo mira, tal vez no es porque quiera\" \/>\n<meta property=\"og:url\" content=\"https:\/\/www.editorialjuventud.es\/el-gato-y-el-pajaro-9788426140906\/\" \/>\n<meta property=\"og:site_name\" content=\"Editorial Juventud\" \/>\n<meta property=\"article:modified_time\" content=\"2025-01-22T12:17:42+00:00\" \/>\n<meta property=\"og:image\" content=\"https:\/\/www.editorialjuventud.es\/wp-content\/uploads\/4090.jpg\" \/>\n\t<meta property=\"og:image:width\" content=\"337\" \/>\n\t<meta property=\"og:image:height\" content=\"450\" \/>\n\t<meta property=\"og:image:type\" content=\"image\/jpeg\" \/>\n<meta name=\"twitter:card\" content=\"summary_large_image\" \/>\n<script type=\"application\/ld+json\" class=\"yoast-schema-graph\">{\"@context\":\"https:\\\/\\\/schema.org\",\"@graph\":[{\"@type\":\"WebPage\",\"@id\":\"https:\\\/\\\/www.editorialjuventud.es\\\/el-gato-y-el-pajaro-9788426140906\\\/\",\"url\":\"https:\\\/\\\/www.editorialjuventud.es\\\/el-gato-y-el-pajaro-9788426140906\\\/\",\"name\":\"El Gato y el P\u00e1jaro - Editorial Juventud\",\"isPartOf\":{\"@id\":\"https:\\\/\\\/www.editorialjuventud.es\\\/#website\"},\"primaryImageOfPage\":{\"@id\":\"https:\\\/\\\/www.editorialjuventud.es\\\/el-gato-y-el-pajaro-9788426140906\\\/#primaryimage\"},\"image\":{\"@id\":\"https:\\\/\\\/www.editorialjuventud.es\\\/el-gato-y-el-pajaro-9788426140906\\\/#primaryimage\"},\"thumbnailUrl\":\"https:\\\/\\\/www.editorialjuventud.es\\\/wp-content\\\/uploads\\\/4090.jpg\",\"datePublished\":\"2018-08-24T09:43:41+00:00\",\"dateModified\":\"2025-01-22T12:17:42+00:00\",\"description\":\"\u00a1Un gato enjaulado, qu\u00e9 extra\u00f1a imagen! Fuera, un p\u00e1jaro vuela. El felino lo devora con los ojos. Si el gato lo mira, tal vez no es porque quiera\",\"breadcrumb\":{\"@id\":\"https:\\\/\\\/www.editorialjuventud.es\\\/el-gato-y-el-pajaro-9788426140906\\\/#breadcrumb\"},\"inLanguage\":\"ca\",\"potentialAction\":[{\"@type\":\"ReadAction\",\"target\":[\"https:\\\/\\\/www.editorialjuventud.es\\\/el-gato-y-el-pajaro-9788426140906\\\/\"]}]},{\"@type\":\"ImageObject\",\"inLanguage\":\"ca\",\"@id\":\"https:\\\/\\\/www.editorialjuventud.es\\\/el-gato-y-el-pajaro-9788426140906\\\/#primaryimage\",\"url\":\"https:\\\/\\\/www.editorialjuventud.es\\\/wp-content\\\/uploads\\\/4090.jpg\",\"contentUrl\":\"https:\\\/\\\/www.editorialjuventud.es\\\/wp-content\\\/uploads\\\/4090.jpg\",\"width\":337,\"height\":450,\"caption\":\"4090.jpg\"},{\"@type\":\"BreadcrumbList\",\"@id\":\"https:\\\/\\\/www.editorialjuventud.es\\\/el-gato-y-el-pajaro-9788426140906\\\/#breadcrumb\",\"itemListElement\":[{\"@type\":\"ListItem\",\"position\":1,\"name\":\"Portada\",\"item\":\"https:\\\/\\\/www.editorialjuventud.es\\\/\"},{\"@type\":\"ListItem\",\"position\":2,\"name\":\"cat\u00e1logo\",\"item\":\"https:\\\/\\\/www.editorialjuventud.es\\\/coleccion\\\/catalogo\\\/\"},{\"@type\":\"ListItem\",\"position\":3,\"name\":\"castellano\",\"item\":\"https:\\\/\\\/www.editorialjuventud.es\\\/coleccion\\\/castellano\\\/\"},{\"@type\":\"ListItem\",\"position\":4,\"name\":\"\u00c1lbumes Ilustrados\",\"item\":\"https:\\\/\\\/www.editorialjuventud.es\\\/coleccion\\\/albumes-ilustrados\\\/\"},{\"@type\":\"ListItem\",\"position\":5,\"name\":\"Arte y Creatividad\",\"item\":\"https:\\\/\\\/www.editorialjuventud.es\\\/ca\\\/coleccion\\\/arte-y-creatividad\\\/\"},{\"@type\":\"ListItem\",\"position\":6,\"name\":\"La Puerta del Arte\",\"item\":\"https:\\\/\\\/www.editorialjuventud.es\\\/coleccion\\\/la-puerta-del-arte\\\/\"},{\"@type\":\"ListItem\",\"position\":7,\"name\":\"El Gato y el P\u00e1jaro\"}]},{\"@type\":\"WebSite\",\"@id\":\"https:\\\/\\\/www.editorialjuventud.es\\\/#website\",\"url\":\"https:\\\/\\\/www.editorialjuventud.es\\\/\",\"name\":\"Editorial Juventud\",\"description\":\"\",\"potentialAction\":[{\"@type\":\"SearchAction\",\"target\":{\"@type\":\"EntryPoint\",\"urlTemplate\":\"https:\\\/\\\/www.editorialjuventud.es\\\/?s={search_term_string}\"},\"query-input\":{\"@type\":\"PropertyValueSpecification\",\"valueRequired\":true,\"valueName\":\"search_term_string\"}}],\"inLanguage\":\"ca\"}]}<\/script>\n<!-- \/ Yoast SEO plugin. -->","yoast_head_json":{"title":"El Gato y el P\u00e1jaro - Editorial Juventud","description":"\u00a1Un gato enjaulado, qu\u00e9 extra\u00f1a imagen! Fuera, un p\u00e1jaro vuela. El felino lo devora con los ojos. Si el gato lo mira, tal vez no es porque quiera","robots":{"index":"index","follow":"follow","max-snippet":"max-snippet:-1","max-image-preview":"max-image-preview:large","max-video-preview":"max-video-preview:-1"},"canonical":"https:\/\/www.editorialjuventud.es\/el-gato-y-el-pajaro-9788426140906\/","og_locale":"ca_ES","og_type":"article","og_title":"El Gato y el P\u00e1jaro - Editorial Juventud","og_description":"\u00a1Un gato enjaulado, qu\u00e9 extra\u00f1a imagen! Fuera, un p\u00e1jaro vuela. El felino lo devora con los ojos. Si el gato lo mira, tal vez no es porque quiera","og_url":"https:\/\/www.editorialjuventud.es\/el-gato-y-el-pajaro-9788426140906\/","og_site_name":"Editorial Juventud","article_modified_time":"2025-01-22T12:17:42+00:00","og_image":[{"width":337,"height":450,"url":"https:\/\/www.editorialjuventud.es\/wp-content\/uploads\/4090.jpg","type":"image\/jpeg"}],"twitter_card":"summary_large_image","schema":{"@context":"https:\/\/schema.org","@graph":[{"@type":"WebPage","@id":"https:\/\/www.editorialjuventud.es\/el-gato-y-el-pajaro-9788426140906\/","url":"https:\/\/www.editorialjuventud.es\/el-gato-y-el-pajaro-9788426140906\/","name":"El Gato y el P\u00e1jaro - Editorial Juventud","isPartOf":{"@id":"https:\/\/www.editorialjuventud.es\/#website"},"primaryImageOfPage":{"@id":"https:\/\/www.editorialjuventud.es\/el-gato-y-el-pajaro-9788426140906\/#primaryimage"},"image":{"@id":"https:\/\/www.editorialjuventud.es\/el-gato-y-el-pajaro-9788426140906\/#primaryimage"},"thumbnailUrl":"https:\/\/www.editorialjuventud.es\/wp-content\/uploads\/4090.jpg","datePublished":"2018-08-24T09:43:41+00:00","dateModified":"2025-01-22T12:17:42+00:00","description":"\u00a1Un gato enjaulado, qu\u00e9 extra\u00f1a imagen! Fuera, un p\u00e1jaro vuela. El felino lo devora con los ojos. Si el gato lo mira, tal vez no es porque quiera","breadcrumb":{"@id":"https:\/\/www.editorialjuventud.es\/el-gato-y-el-pajaro-9788426140906\/#breadcrumb"},"inLanguage":"ca","potentialAction":[{"@type":"ReadAction","target":["https:\/\/www.editorialjuventud.es\/el-gato-y-el-pajaro-9788426140906\/"]}]},{"@type":"ImageObject","inLanguage":"ca","@id":"https:\/\/www.editorialjuventud.es\/el-gato-y-el-pajaro-9788426140906\/#primaryimage","url":"https:\/\/www.editorialjuventud.es\/wp-content\/uploads\/4090.jpg","contentUrl":"https:\/\/www.editorialjuventud.es\/wp-content\/uploads\/4090.jpg","width":337,"height":450,"caption":"4090.jpg"},{"@type":"BreadcrumbList","@id":"https:\/\/www.editorialjuventud.es\/el-gato-y-el-pajaro-9788426140906\/#breadcrumb","itemListElement":[{"@type":"ListItem","position":1,"name":"Portada","item":"https:\/\/www.editorialjuventud.es\/"},{"@type":"ListItem","position":2,"name":"cat\u00e1logo","item":"https:\/\/www.editorialjuventud.es\/coleccion\/catalogo\/"},{"@type":"ListItem","position":3,"name":"castellano","item":"https:\/\/www.editorialjuventud.es\/coleccion\/castellano\/"},{"@type":"ListItem","position":4,"name":"\u00c1lbumes Ilustrados","item":"https:\/\/www.editorialjuventud.es\/coleccion\/albumes-ilustrados\/"},{"@type":"ListItem","position":5,"name":"Arte y Creatividad","item":"https:\/\/www.editorialjuventud.es\/ca\/coleccion\/arte-y-creatividad\/"},{"@type":"ListItem","position":6,"name":"La Puerta del Arte","item":"https:\/\/www.editorialjuventud.es\/coleccion\/la-puerta-del-arte\/"},{"@type":"ListItem","position":7,"name":"El Gato y el P\u00e1jaro"}]},{"@type":"WebSite","@id":"https:\/\/www.editorialjuventud.es\/#website","url":"https:\/\/www.editorialjuventud.es\/","name":"Editorial Juventud","description":"","potentialAction":[{"@type":"SearchAction","target":{"@type":"EntryPoint","urlTemplate":"https:\/\/www.editorialjuventud.es\/?s={search_term_string}"},"query-input":{"@type":"PropertyValueSpecification","valueRequired":true,"valueName":"search_term_string"}}],"inLanguage":"ca"}]}},"_links":{"self":[{"href":"https:\/\/www.editorialjuventud.es\/ca\/wp-json\/wp\/v2\/product\/5980","targetHints":{"allow":["GET"]}}],"collection":[{"href":"https:\/\/www.editorialjuventud.es\/ca\/wp-json\/wp\/v2\/product"}],"about":[{"href":"https:\/\/www.editorialjuventud.es\/ca\/wp-json\/wp\/v2\/types\/product"}],"wp:featuredmedia":[{"embeddable":true,"href":"https:\/\/www.editorialjuventud.es\/ca\/wp-json\/wp\/v2\/media\/12657"}],"wp:attachment":[{"href":"https:\/\/www.editorialjuventud.es\/ca\/wp-json\/wp\/v2\/media?parent=5980"}],"wp:term":[{"taxonomy":"product_brand","embeddable":true,"href":"https:\/\/www.editorialjuventud.es\/ca\/wp-json\/wp\/v2\/product_brand?post=5980"},{"taxonomy":"product_cat","embeddable":true,"href":"https:\/\/www.editorialjuventud.es\/ca\/wp-json\/wp\/v2\/product_cat?post=5980"},{"taxonomy":"product_tag","embeddable":true,"href":"https:\/\/www.editorialjuventud.es\/ca\/wp-json\/wp\/v2\/product_tag?post=5980"},{"taxonomy":"coleccion","embeddable":true,"href":"https:\/\/www.editorialjuventud.es\/ca\/wp-json\/wp\/v2\/coleccion?post=5980"}],"curies":[{"name":"wp","href":"https:\/\/api.w.org\/{rel}","templated":true}]}}