{"id":5977,"date":"2018-08-24T11:43:28","date_gmt":"2018-08-24T09:43:28","guid":{"rendered":"http:\/\/www.editorialjuventud.es\/ricitos-de-oso\/"},"modified":"2025-05-26T12:35:08","modified_gmt":"2025-05-26T10:35:08","slug":"ricitos-de-oso-9788426140883","status":"publish","type":"product","link":"https:\/\/www.editorialjuventud.es\/ca\/ricitos-de-oso-9788426140883\/","title":{"rendered":"Ricitos de oso"},"content":{"rendered":"<p>Esta noche es el gran carnaval del bosque y todos preparan sus disfraces: Mam\u00e1 Osa acaba de coser su disfraz de Bella Durmiente, Pap\u00e1 Oso se ve fant\u00e1stico disfrazado de Lobo Feroz. \u00ab\u00bfY t\u00fa, Osito?\u00bb \u00ab\u00a1Yo, de Ricitos de Oso!\u00bb  A Pap\u00e1 Oso no le gusta la idea de que su hijo vaya con falda y coletas rubias e intenta persuadirle para cambiar de disfraz, pero Osito se mantiene firme.   Un \u00e1lbum en clave de humor contra las convenciones sociales y los g\u00e9neros establecidos.<\/p>\n","protected":false},"excerpt":{"rendered":"Esta noche es el gran carnaval del bosque y todos preparan sus disfraces: Mam\u00e1 Osa acaba de coser su disfraz de Bella Durmiente, Pap\u00e1 Oso se ve fant\u00e1stico disfrazado de Lobo Feroz. \u00ab\u00bfY t\u00fa, Osito?\u00bb \u00ab\u00a1Yo, de Ricitos de Oso!\u00bb [&hellip;]","protected":false},"featured_media":14673,"template":"","meta":{"_acf_changed":false,"_exactmetrics_skip_tracking":false,"_exactmetrics_sitenote_active":false,"_exactmetrics_sitenote_note":"","_exactmetrics_sitenote_category":0},"product_brand":[],"product_cat":[900,1121,1145,1185],"product_tag":[],"coleccion":[998],"class_list":{"0":"post-5977","1":"product","2":"type-product","3":"status-publish","4":"has-post-thumbnail","6":"product_cat-a-partir-de-5-anos","7":"product_cat-albumes-ilustrados","8":"product_cat-carnaval","9":"product_cat-igualdad-de-genero","10":"coleccion-para-hablar-en-familia","12":"first","13":"instock","14":"taxable","15":"shipping-taxable","16":"purchasable","17":"product-type-simple"},"acf":{"autor":"Servant, St\u00e9phane","codart":"4088","ediciones":"3","encuadernacion":"Carton\u00e9","fecha_de_publicacion":"01\/04\/2014","novedad":"0","paginas":"32","subtitulo":"","texto_web_adicional":"","texto_web_novedad":"","orden":"999","portada":"0","texto_web_resaltado":"","indice":"","autores-libros":[16610],"ilustradores-libros":[17834],"traductores-libros":[17430],"descripcion_corta":"","recomendamos":"","mas_vendido":"","idioma-libro":"","color":false,"formato":"","mas_informacion_del_producto":false,"premios":false,"texto_enlace_cubierta":"","enlace_cubierta":{"ID":21189,"id":21189,"title":"cover RICITOS DE OSO copiar(0)","filename":"cover-RICITOS-DE-OSO-copiar0.jpg","filesize":61648,"url":"https:\/\/www.editorialjuventud.es\/wp-content\/uploads\/cover-RICITOS-DE-OSO-copiar0.jpg","link":"https:\/\/www.editorialjuventud.es\/ca\/?attachment_id=21189","alt":"","author":"47","description":"","caption":"","name":"cover-ricitos-de-oso-copiar0","status":"inherit","uploaded_to":5977,"date":"2019-02-14 15:07:48","modified":"2019-02-14 15:07:48","menu_order":0,"mime_type":"image\/jpeg","type":"image","subtype":"jpeg","icon":"https:\/\/www.editorialjuventud.es\/wp-includes\/images\/media\/default.png","width":642,"height":743,"sizes":{"thumbnail":"https:\/\/www.editorialjuventud.es\/wp-content\/uploads\/cover-RICITOS-DE-OSO-copiar0-200x200.jpg","thumbnail-width":200,"thumbnail-height":200,"medium":"https:\/\/www.editorialjuventud.es\/wp-content\/uploads\/cover-RICITOS-DE-OSO-copiar0.jpg","medium-width":642,"medium-height":743,"medium_large":"https:\/\/www.editorialjuventud.es\/wp-content\/uploads\/cover-RICITOS-DE-OSO-copiar0.jpg","medium_large-width":642,"medium_large-height":743,"large":"https:\/\/www.editorialjuventud.es\/wp-content\/uploads\/cover-RICITOS-DE-OSO-copiar0.jpg","large-width":642,"large-height":743,"1536x1536":"https:\/\/www.editorialjuventud.es\/wp-content\/uploads\/cover-RICITOS-DE-OSO-copiar0.jpg","1536x1536-width":642,"1536x1536-height":743,"2048x2048":"https:\/\/www.editorialjuventud.es\/wp-content\/uploads\/cover-RICITOS-DE-OSO-copiar0.jpg","2048x2048-width":642,"2048x2048-height":743,"woocommerce_thumbnail":"https:\/\/www.editorialjuventud.es\/wp-content\/uploads\/cover-RICITOS-DE-OSO-copiar0-350x405.jpg","woocommerce_thumbnail-width":350,"woocommerce_thumbnail-height":405,"woocommerce_single":"https:\/\/www.editorialjuventud.es\/wp-content\/uploads\/cover-RICITOS-DE-OSO-copiar0.jpg","woocommerce_single-width":642,"woocommerce_single-height":743,"woocommerce_gallery_thumbnail":"https:\/\/www.editorialjuventud.es\/wp-content\/uploads\/cover-RICITOS-DE-OSO-copiar0-100x100.jpg","woocommerce_gallery_thumbnail-width":100,"woocommerce_gallery_thumbnail-height":100,"ppec_logo_image_size":"https:\/\/www.editorialjuventud.es\/wp-content\/uploads\/cover-RICITOS-DE-OSO-copiar0.jpg","ppec_logo_image_size-width":52,"ppec_logo_image_size-height":60,"ppec_header_image_size":"https:\/\/www.editorialjuventud.es\/wp-content\/uploads\/cover-RICITOS-DE-OSO-copiar0.jpg","ppec_header_image_size-width":78,"ppec_header_image_size-height":90}},"texto_enlace_ficha_tecnica":"","enlace_ficha_tecnica":false,"ficheros":false,"titulo-fr":"","texto-fr":"","fecha_de_reimpresion":"11\/01\/2021","deshabilitar_compra":[]},"yoast_head":"<!-- This site is optimized with the Yoast SEO plugin v27.5 - https:\/\/yoast.com\/product\/yoast-seo-wordpress\/ -->\n<title>Ricitos de Oso - Editorial Juventud - \u00c1lbum Ilustrado<\/title>\n<meta name=\"description\" content=\"Esta noche es el gran carnaval del bosque y todos preparan sus disfraces: Mam\u00e1 Osa acaba de coser su disfraz de Bella Durmiente, Pap\u00e1 Oso se ve fant\u00e1stico disfrazado de Lobo Feroz. \u00ab\u00bfY t\u00fa, Osito?\u00bb \u00ab\u00a1Yo, de Ricitos de Oso!\u00bb\" \/>\n<meta name=\"robots\" content=\"index, follow, max-snippet:-1, max-image-preview:large, max-video-preview:-1\" \/>\n<link rel=\"canonical\" href=\"https:\/\/www.editorialjuventud.es\/ricitos-de-oso-9788426140883\/\" \/>\n<meta property=\"og:locale\" content=\"ca_ES\" \/>\n<meta property=\"og:type\" content=\"article\" \/>\n<meta property=\"og:title\" content=\"Ricitos de Oso - Editorial Juventud - \u00c1lbum Ilustrado\" \/>\n<meta property=\"og:description\" content=\"Esta noche es el gran carnaval del bosque y todos preparan sus disfraces: Mam\u00e1 Osa acaba de coser su disfraz de Bella Durmiente, Pap\u00e1 Oso se ve fant\u00e1stico disfrazado de Lobo Feroz. \u00ab\u00bfY t\u00fa, Osito?\u00bb \u00ab\u00a1Yo, de Ricitos de Oso!\u00bb\" \/>\n<meta property=\"og:url\" content=\"https:\/\/www.editorialjuventud.es\/ricitos-de-oso-9788426140883\/\" \/>\n<meta property=\"og:site_name\" content=\"Editorial Juventud\" \/>\n<meta property=\"article:modified_time\" content=\"2025-05-26T10:35:08+00:00\" \/>\n<meta property=\"og:image\" content=\"https:\/\/www.editorialjuventud.es\/wp-content\/uploads\/4088.jpg\" \/>\n\t<meta property=\"og:image:width\" content=\"420\" \/>\n\t<meta property=\"og:image:height\" content=\"450\" \/>\n\t<meta property=\"og:image:type\" content=\"image\/jpeg\" \/>\n<meta name=\"twitter:card\" content=\"summary_large_image\" \/>\n<meta name=\"twitter:label1\" content=\"Temps estimat de lectura\" \/>\n\t<meta name=\"twitter:data1\" content=\"1 minut\" \/>\n<script type=\"application\/ld+json\" class=\"yoast-schema-graph\">{\"@context\":\"https:\\\/\\\/schema.org\",\"@graph\":[{\"@type\":\"WebPage\",\"@id\":\"https:\\\/\\\/www.editorialjuventud.es\\\/ricitos-de-oso-9788426140883\\\/\",\"url\":\"https:\\\/\\\/www.editorialjuventud.es\\\/ricitos-de-oso-9788426140883\\\/\",\"name\":\"Ricitos de Oso - Editorial Juventud - \u00c1lbum Ilustrado\",\"isPartOf\":{\"@id\":\"https:\\\/\\\/www.editorialjuventud.es\\\/#website\"},\"primaryImageOfPage\":{\"@id\":\"https:\\\/\\\/www.editorialjuventud.es\\\/ricitos-de-oso-9788426140883\\\/#primaryimage\"},\"image\":{\"@id\":\"https:\\\/\\\/www.editorialjuventud.es\\\/ricitos-de-oso-9788426140883\\\/#primaryimage\"},\"thumbnailUrl\":\"https:\\\/\\\/www.editorialjuventud.es\\\/wp-content\\\/uploads\\\/4088.jpg\",\"datePublished\":\"2018-08-24T09:43:28+00:00\",\"dateModified\":\"2025-05-26T10:35:08+00:00\",\"description\":\"Esta noche es el gran carnaval del bosque y todos preparan sus disfraces: Mam\u00e1 Osa acaba de coser su disfraz de Bella Durmiente, Pap\u00e1 Oso se ve fant\u00e1stico disfrazado de Lobo Feroz. \u00ab\u00bfY t\u00fa, Osito?\u00bb \u00ab\u00a1Yo, de Ricitos de Oso!\u00bb\",\"breadcrumb\":{\"@id\":\"https:\\\/\\\/www.editorialjuventud.es\\\/ricitos-de-oso-9788426140883\\\/#breadcrumb\"},\"inLanguage\":\"ca\",\"potentialAction\":[{\"@type\":\"ReadAction\",\"target\":[\"https:\\\/\\\/www.editorialjuventud.es\\\/ricitos-de-oso-9788426140883\\\/\"]}]},{\"@type\":\"ImageObject\",\"inLanguage\":\"ca\",\"@id\":\"https:\\\/\\\/www.editorialjuventud.es\\\/ricitos-de-oso-9788426140883\\\/#primaryimage\",\"url\":\"https:\\\/\\\/www.editorialjuventud.es\\\/wp-content\\\/uploads\\\/4088.jpg\",\"contentUrl\":\"https:\\\/\\\/www.editorialjuventud.es\\\/wp-content\\\/uploads\\\/4088.jpg\",\"width\":420,\"height\":450,\"caption\":\"4088.jpg\"},{\"@type\":\"BreadcrumbList\",\"@id\":\"https:\\\/\\\/www.editorialjuventud.es\\\/ricitos-de-oso-9788426140883\\\/#breadcrumb\",\"itemListElement\":[{\"@type\":\"ListItem\",\"position\":1,\"name\":\"Portada\",\"item\":\"https:\\\/\\\/www.editorialjuventud.es\\\/\"},{\"@type\":\"ListItem\",\"position\":2,\"name\":\"cat\u00e1logo\",\"item\":\"https:\\\/\\\/www.editorialjuventud.es\\\/coleccion\\\/catalogo\\\/\"},{\"@type\":\"ListItem\",\"position\":3,\"name\":\"castellano\",\"item\":\"https:\\\/\\\/www.editorialjuventud.es\\\/coleccion\\\/castellano\\\/\"},{\"@type\":\"ListItem\",\"position\":4,\"name\":\"\u00c1lbumes Ilustrados\",\"item\":\"https:\\\/\\\/www.editorialjuventud.es\\\/coleccion\\\/albumes-ilustrados\\\/\"},{\"@type\":\"ListItem\",\"position\":5,\"name\":\"Para Hablar en Familia\",\"item\":\"https:\\\/\\\/www.editorialjuventud.es\\\/coleccion\\\/para-hablar-en-familia\\\/\"},{\"@type\":\"ListItem\",\"position\":6,\"name\":\"Ricitos de oso\"}]},{\"@type\":\"WebSite\",\"@id\":\"https:\\\/\\\/www.editorialjuventud.es\\\/#website\",\"url\":\"https:\\\/\\\/www.editorialjuventud.es\\\/\",\"name\":\"Editorial Juventud\",\"description\":\"\",\"potentialAction\":[{\"@type\":\"SearchAction\",\"target\":{\"@type\":\"EntryPoint\",\"urlTemplate\":\"https:\\\/\\\/www.editorialjuventud.es\\\/?s={search_term_string}\"},\"query-input\":{\"@type\":\"PropertyValueSpecification\",\"valueRequired\":true,\"valueName\":\"search_term_string\"}}],\"inLanguage\":\"ca\"}]}<\/script>\n<!-- \/ Yoast SEO plugin. -->","yoast_head_json":{"title":"Ricitos de Oso - Editorial Juventud - \u00c1lbum Ilustrado","description":"Esta noche es el gran carnaval del bosque y todos preparan sus disfraces: Mam\u00e1 Osa acaba de coser su disfraz de Bella Durmiente, Pap\u00e1 Oso se ve fant\u00e1stico disfrazado de Lobo Feroz. \u00ab\u00bfY t\u00fa, Osito?\u00bb \u00ab\u00a1Yo, de Ricitos de Oso!\u00bb","robots":{"index":"index","follow":"follow","max-snippet":"max-snippet:-1","max-image-preview":"max-image-preview:large","max-video-preview":"max-video-preview:-1"},"canonical":"https:\/\/www.editorialjuventud.es\/ricitos-de-oso-9788426140883\/","og_locale":"ca_ES","og_type":"article","og_title":"Ricitos de Oso - Editorial Juventud - \u00c1lbum Ilustrado","og_description":"Esta noche es el gran carnaval del bosque y todos preparan sus disfraces: Mam\u00e1 Osa acaba de coser su disfraz de Bella Durmiente, Pap\u00e1 Oso se ve fant\u00e1stico disfrazado de Lobo Feroz. \u00ab\u00bfY t\u00fa, Osito?\u00bb \u00ab\u00a1Yo, de Ricitos de Oso!\u00bb","og_url":"https:\/\/www.editorialjuventud.es\/ricitos-de-oso-9788426140883\/","og_site_name":"Editorial Juventud","article_modified_time":"2025-05-26T10:35:08+00:00","og_image":[{"width":420,"height":450,"url":"https:\/\/www.editorialjuventud.es\/wp-content\/uploads\/4088.jpg","type":"image\/jpeg"}],"twitter_card":"summary_large_image","twitter_misc":{"Temps estimat de lectura":"1 minut"},"schema":{"@context":"https:\/\/schema.org","@graph":[{"@type":"WebPage","@id":"https:\/\/www.editorialjuventud.es\/ricitos-de-oso-9788426140883\/","url":"https:\/\/www.editorialjuventud.es\/ricitos-de-oso-9788426140883\/","name":"Ricitos de Oso - Editorial Juventud - \u00c1lbum Ilustrado","isPartOf":{"@id":"https:\/\/www.editorialjuventud.es\/#website"},"primaryImageOfPage":{"@id":"https:\/\/www.editorialjuventud.es\/ricitos-de-oso-9788426140883\/#primaryimage"},"image":{"@id":"https:\/\/www.editorialjuventud.es\/ricitos-de-oso-9788426140883\/#primaryimage"},"thumbnailUrl":"https:\/\/www.editorialjuventud.es\/wp-content\/uploads\/4088.jpg","datePublished":"2018-08-24T09:43:28+00:00","dateModified":"2025-05-26T10:35:08+00:00","description":"Esta noche es el gran carnaval del bosque y todos preparan sus disfraces: Mam\u00e1 Osa acaba de coser su disfraz de Bella Durmiente, Pap\u00e1 Oso se ve fant\u00e1stico disfrazado de Lobo Feroz. \u00ab\u00bfY t\u00fa, Osito?\u00bb \u00ab\u00a1Yo, de Ricitos de Oso!\u00bb","breadcrumb":{"@id":"https:\/\/www.editorialjuventud.es\/ricitos-de-oso-9788426140883\/#breadcrumb"},"inLanguage":"ca","potentialAction":[{"@type":"ReadAction","target":["https:\/\/www.editorialjuventud.es\/ricitos-de-oso-9788426140883\/"]}]},{"@type":"ImageObject","inLanguage":"ca","@id":"https:\/\/www.editorialjuventud.es\/ricitos-de-oso-9788426140883\/#primaryimage","url":"https:\/\/www.editorialjuventud.es\/wp-content\/uploads\/4088.jpg","contentUrl":"https:\/\/www.editorialjuventud.es\/wp-content\/uploads\/4088.jpg","width":420,"height":450,"caption":"4088.jpg"},{"@type":"BreadcrumbList","@id":"https:\/\/www.editorialjuventud.es\/ricitos-de-oso-9788426140883\/#breadcrumb","itemListElement":[{"@type":"ListItem","position":1,"name":"Portada","item":"https:\/\/www.editorialjuventud.es\/"},{"@type":"ListItem","position":2,"name":"cat\u00e1logo","item":"https:\/\/www.editorialjuventud.es\/coleccion\/catalogo\/"},{"@type":"ListItem","position":3,"name":"castellano","item":"https:\/\/www.editorialjuventud.es\/coleccion\/castellano\/"},{"@type":"ListItem","position":4,"name":"\u00c1lbumes Ilustrados","item":"https:\/\/www.editorialjuventud.es\/coleccion\/albumes-ilustrados\/"},{"@type":"ListItem","position":5,"name":"Para Hablar en Familia","item":"https:\/\/www.editorialjuventud.es\/coleccion\/para-hablar-en-familia\/"},{"@type":"ListItem","position":6,"name":"Ricitos de oso"}]},{"@type":"WebSite","@id":"https:\/\/www.editorialjuventud.es\/#website","url":"https:\/\/www.editorialjuventud.es\/","name":"Editorial Juventud","description":"","potentialAction":[{"@type":"SearchAction","target":{"@type":"EntryPoint","urlTemplate":"https:\/\/www.editorialjuventud.es\/?s={search_term_string}"},"query-input":{"@type":"PropertyValueSpecification","valueRequired":true,"valueName":"search_term_string"}}],"inLanguage":"ca"}]}},"_links":{"self":[{"href":"https:\/\/www.editorialjuventud.es\/ca\/wp-json\/wp\/v2\/product\/5977","targetHints":{"allow":["GET"]}}],"collection":[{"href":"https:\/\/www.editorialjuventud.es\/ca\/wp-json\/wp\/v2\/product"}],"about":[{"href":"https:\/\/www.editorialjuventud.es\/ca\/wp-json\/wp\/v2\/types\/product"}],"wp:featuredmedia":[{"embeddable":true,"href":"https:\/\/www.editorialjuventud.es\/ca\/wp-json\/wp\/v2\/media\/14673"}],"wp:attachment":[{"href":"https:\/\/www.editorialjuventud.es\/ca\/wp-json\/wp\/v2\/media?parent=5977"}],"wp:term":[{"taxonomy":"product_brand","embeddable":true,"href":"https:\/\/www.editorialjuventud.es\/ca\/wp-json\/wp\/v2\/product_brand?post=5977"},{"taxonomy":"product_cat","embeddable":true,"href":"https:\/\/www.editorialjuventud.es\/ca\/wp-json\/wp\/v2\/product_cat?post=5977"},{"taxonomy":"product_tag","embeddable":true,"href":"https:\/\/www.editorialjuventud.es\/ca\/wp-json\/wp\/v2\/product_tag?post=5977"},{"taxonomy":"coleccion","embeddable":true,"href":"https:\/\/www.editorialjuventud.es\/ca\/wp-json\/wp\/v2\/coleccion?post=5977"}],"curies":[{"name":"wp","href":"https:\/\/api.w.org\/{rel}","templated":true}]}}