{"id":5970,"date":"2018-08-24T11:42:59","date_gmt":"2018-08-24T09:42:59","guid":{"rendered":"http:\/\/www.editorialjuventud.es\/manualidades-para-ninos\/"},"modified":"2025-01-22T13:18:24","modified_gmt":"2025-01-22T12:18:24","slug":"manualidades-para-ninos-9788426140814","status":"publish","type":"product","link":"https:\/\/www.editorialjuventud.es\/ca\/manualidades-para-ninos-9788426140814\/","title":{"rendered":"Manualidades para ni\u00f1os"},"content":{"rendered":"<p>En este libro hallar\u00e1s inspiraci\u00f3n inagotable para despertar su imaginaci\u00f3n y encontrar\u00e1s much\u00edsimas ideas ingeniosas y las instrucciones para llevarlas a cabo, con la descripci\u00f3n detallada de los pasos a seguir. <br \/>Muchos de estos proyectos se realizan con elementos b\u00e1sicos y objetos reciclados. Podr\u00e1s crear juguetes, dise\u00f1ar collares y joyas, fabricar instrumentos musicales, realizar experimentos sencillos, improvisar juegos, preparar regalos personalizados y mucho m\u00e1s. En definitiva, este libro te ofrece todo lo necesario para pasar horas y horas de diversi\u00f3n familiar.<\/p>\n","protected":false},"excerpt":{"rendered":"En este libro hallar\u00e1s inspiraci\u00f3n inagotable para despertar su imaginaci\u00f3n y encontrar\u00e1s much\u00edsimas ideas ingeniosas y las instrucciones para llevarlas a cabo, con la descripci\u00f3n detallada de los pasos a seguir. Muchos de estos proyectos se realizan con elementos b\u00e1sicos [&hellip;]","protected":false},"featured_media":14021,"template":"","meta":{"_acf_changed":false,"_exactmetrics_skip_tracking":false,"_exactmetrics_sitenote_active":false,"_exactmetrics_sitenote_note":"","_exactmetrics_sitenote_category":0},"product_brand":[],"product_cat":[900,1140,1167,1192,1126,1218],"product_tag":[],"coleccion":[940],"class_list":{"0":"post-5970","1":"product","2":"type-product","3":"status-publish","4":"has-post-thumbnail","6":"product_cat-a-partir-de-5-anos","7":"product_cat-arte-y-creatividad","8":"product_cat-ecologia-medio-ambiente","9":"product_cat-manualidades-tematica","10":"product_cat-manualidades","11":"product_cat-reciclaje","12":"coleccion-manos-creativas","14":"first","15":"instock","16":"taxable","17":"shipping-taxable","18":"purchasable","19":"product-type-simple"},"acf":{"autor":"Stewart, Martha","codart":"4081","ediciones":"1","encuadernacion":"R\u00fastica","fecha_de_publicacion":"01\/03\/2014","novedad":"0","paginas":"352","subtitulo":"","texto_web_adicional":"","texto_web_novedad":"","orden":"999","portada":"0","texto_web_resaltado":"","indice":"","autores-libros":[16628],"ilustradores-libros":"","traductores-libros":"","fecha_de_reimpresion":"","descripcion_corta":"","recomendamos":"","mas_vendido":"","idioma-libro":"","color":false,"formato":"","mas_informacion_del_producto":false,"premios":false,"deshabilitar_compra":["deshabilitar"],"texto_enlace_cubierta":"","enlace_cubierta":false,"texto_enlace_ficha_tecnica":"","enlace_ficha_tecnica":false,"ficheros":false,"titulo-fr":"","texto-fr":""},"yoast_head":"<!-- This site is optimized with the Yoast SEO plugin v27.5 - https:\/\/yoast.com\/product\/yoast-seo-wordpress\/ -->\n<title>Manualidades para ni\u00f1os - Editorial Juventud<\/title>\n<meta name=\"description\" content=\"En este libro hallar\u00e1s inspiraci\u00f3n inagotable para despertar su imaginaci\u00f3n y encontrar\u00e1s much\u00edsimas ideas ingeniosas y las instrucciones para llevarlas a\" \/>\n<meta name=\"robots\" content=\"index, follow, max-snippet:-1, max-image-preview:large, max-video-preview:-1\" \/>\n<link rel=\"canonical\" href=\"https:\/\/www.editorialjuventud.es\/manualidades-para-ninos-9788426140814\/\" \/>\n<meta property=\"og:locale\" content=\"ca_ES\" \/>\n<meta property=\"og:type\" content=\"article\" \/>\n<meta property=\"og:title\" content=\"Manualidades para ni\u00f1os - Editorial Juventud\" \/>\n<meta property=\"og:description\" content=\"En este libro hallar\u00e1s inspiraci\u00f3n inagotable para despertar su imaginaci\u00f3n y encontrar\u00e1s much\u00edsimas ideas ingeniosas y las instrucciones para llevarlas a\" \/>\n<meta property=\"og:url\" content=\"https:\/\/www.editorialjuventud.es\/manualidades-para-ninos-9788426140814\/\" \/>\n<meta property=\"og:site_name\" content=\"Editorial Juventud\" \/>\n<meta property=\"article:modified_time\" content=\"2025-01-22T12:18:24+00:00\" \/>\n<meta property=\"og:image\" content=\"https:\/\/www.editorialjuventud.es\/wp-content\/uploads\/4081.jpg\" \/>\n\t<meta property=\"og:image:width\" content=\"360\" \/>\n\t<meta property=\"og:image:height\" content=\"450\" \/>\n\t<meta property=\"og:image:type\" content=\"image\/jpeg\" \/>\n<meta name=\"twitter:card\" content=\"summary_large_image\" \/>\n<script type=\"application\/ld+json\" class=\"yoast-schema-graph\">{\"@context\":\"https:\\\/\\\/schema.org\",\"@graph\":[{\"@type\":\"WebPage\",\"@id\":\"https:\\\/\\\/www.editorialjuventud.es\\\/manualidades-para-ninos-9788426140814\\\/\",\"url\":\"https:\\\/\\\/www.editorialjuventud.es\\\/manualidades-para-ninos-9788426140814\\\/\",\"name\":\"Manualidades para ni\u00f1os - Editorial Juventud\",\"isPartOf\":{\"@id\":\"https:\\\/\\\/www.editorialjuventud.es\\\/#website\"},\"primaryImageOfPage\":{\"@id\":\"https:\\\/\\\/www.editorialjuventud.es\\\/manualidades-para-ninos-9788426140814\\\/#primaryimage\"},\"image\":{\"@id\":\"https:\\\/\\\/www.editorialjuventud.es\\\/manualidades-para-ninos-9788426140814\\\/#primaryimage\"},\"thumbnailUrl\":\"https:\\\/\\\/www.editorialjuventud.es\\\/wp-content\\\/uploads\\\/4081.jpg\",\"datePublished\":\"2018-08-24T09:42:59+00:00\",\"dateModified\":\"2025-01-22T12:18:24+00:00\",\"description\":\"En este libro hallar\u00e1s inspiraci\u00f3n inagotable para despertar su imaginaci\u00f3n y encontrar\u00e1s much\u00edsimas ideas ingeniosas y las instrucciones para llevarlas a\",\"breadcrumb\":{\"@id\":\"https:\\\/\\\/www.editorialjuventud.es\\\/manualidades-para-ninos-9788426140814\\\/#breadcrumb\"},\"inLanguage\":\"ca\",\"potentialAction\":[{\"@type\":\"ReadAction\",\"target\":[\"https:\\\/\\\/www.editorialjuventud.es\\\/manualidades-para-ninos-9788426140814\\\/\"]}]},{\"@type\":\"ImageObject\",\"inLanguage\":\"ca\",\"@id\":\"https:\\\/\\\/www.editorialjuventud.es\\\/manualidades-para-ninos-9788426140814\\\/#primaryimage\",\"url\":\"https:\\\/\\\/www.editorialjuventud.es\\\/wp-content\\\/uploads\\\/4081.jpg\",\"contentUrl\":\"https:\\\/\\\/www.editorialjuventud.es\\\/wp-content\\\/uploads\\\/4081.jpg\",\"width\":360,\"height\":450,\"caption\":\"4081.jpg\"},{\"@type\":\"BreadcrumbList\",\"@id\":\"https:\\\/\\\/www.editorialjuventud.es\\\/manualidades-para-ninos-9788426140814\\\/#breadcrumb\",\"itemListElement\":[{\"@type\":\"ListItem\",\"position\":1,\"name\":\"Portada\",\"item\":\"https:\\\/\\\/www.editorialjuventud.es\\\/\"},{\"@type\":\"ListItem\",\"position\":2,\"name\":\"cat\u00e1logo\",\"item\":\"https:\\\/\\\/www.editorialjuventud.es\\\/coleccion\\\/catalogo\\\/\"},{\"@type\":\"ListItem\",\"position\":3,\"name\":\"castellano\",\"item\":\"https:\\\/\\\/www.editorialjuventud.es\\\/coleccion\\\/castellano\\\/\"},{\"@type\":\"ListItem\",\"position\":4,\"name\":\"Manos Creativas\",\"item\":\"https:\\\/\\\/www.editorialjuventud.es\\\/coleccion\\\/manos-creativas\\\/\"},{\"@type\":\"ListItem\",\"position\":5,\"name\":\"Manualidades para ni\u00f1os\"}]},{\"@type\":\"WebSite\",\"@id\":\"https:\\\/\\\/www.editorialjuventud.es\\\/#website\",\"url\":\"https:\\\/\\\/www.editorialjuventud.es\\\/\",\"name\":\"Editorial Juventud\",\"description\":\"\",\"potentialAction\":[{\"@type\":\"SearchAction\",\"target\":{\"@type\":\"EntryPoint\",\"urlTemplate\":\"https:\\\/\\\/www.editorialjuventud.es\\\/?s={search_term_string}\"},\"query-input\":{\"@type\":\"PropertyValueSpecification\",\"valueRequired\":true,\"valueName\":\"search_term_string\"}}],\"inLanguage\":\"ca\"}]}<\/script>\n<!-- \/ Yoast SEO plugin. -->","yoast_head_json":{"title":"Manualidades para ni\u00f1os - Editorial Juventud","description":"En este libro hallar\u00e1s inspiraci\u00f3n inagotable para despertar su imaginaci\u00f3n y encontrar\u00e1s much\u00edsimas ideas ingeniosas y las instrucciones para llevarlas a","robots":{"index":"index","follow":"follow","max-snippet":"max-snippet:-1","max-image-preview":"max-image-preview:large","max-video-preview":"max-video-preview:-1"},"canonical":"https:\/\/www.editorialjuventud.es\/manualidades-para-ninos-9788426140814\/","og_locale":"ca_ES","og_type":"article","og_title":"Manualidades para ni\u00f1os - Editorial Juventud","og_description":"En este libro hallar\u00e1s inspiraci\u00f3n inagotable para despertar su imaginaci\u00f3n y encontrar\u00e1s much\u00edsimas ideas ingeniosas y las instrucciones para llevarlas a","og_url":"https:\/\/www.editorialjuventud.es\/manualidades-para-ninos-9788426140814\/","og_site_name":"Editorial Juventud","article_modified_time":"2025-01-22T12:18:24+00:00","og_image":[{"width":360,"height":450,"url":"https:\/\/www.editorialjuventud.es\/wp-content\/uploads\/4081.jpg","type":"image\/jpeg"}],"twitter_card":"summary_large_image","schema":{"@context":"https:\/\/schema.org","@graph":[{"@type":"WebPage","@id":"https:\/\/www.editorialjuventud.es\/manualidades-para-ninos-9788426140814\/","url":"https:\/\/www.editorialjuventud.es\/manualidades-para-ninos-9788426140814\/","name":"Manualidades para ni\u00f1os - Editorial Juventud","isPartOf":{"@id":"https:\/\/www.editorialjuventud.es\/#website"},"primaryImageOfPage":{"@id":"https:\/\/www.editorialjuventud.es\/manualidades-para-ninos-9788426140814\/#primaryimage"},"image":{"@id":"https:\/\/www.editorialjuventud.es\/manualidades-para-ninos-9788426140814\/#primaryimage"},"thumbnailUrl":"https:\/\/www.editorialjuventud.es\/wp-content\/uploads\/4081.jpg","datePublished":"2018-08-24T09:42:59+00:00","dateModified":"2025-01-22T12:18:24+00:00","description":"En este libro hallar\u00e1s inspiraci\u00f3n inagotable para despertar su imaginaci\u00f3n y encontrar\u00e1s much\u00edsimas ideas ingeniosas y las instrucciones para llevarlas a","breadcrumb":{"@id":"https:\/\/www.editorialjuventud.es\/manualidades-para-ninos-9788426140814\/#breadcrumb"},"inLanguage":"ca","potentialAction":[{"@type":"ReadAction","target":["https:\/\/www.editorialjuventud.es\/manualidades-para-ninos-9788426140814\/"]}]},{"@type":"ImageObject","inLanguage":"ca","@id":"https:\/\/www.editorialjuventud.es\/manualidades-para-ninos-9788426140814\/#primaryimage","url":"https:\/\/www.editorialjuventud.es\/wp-content\/uploads\/4081.jpg","contentUrl":"https:\/\/www.editorialjuventud.es\/wp-content\/uploads\/4081.jpg","width":360,"height":450,"caption":"4081.jpg"},{"@type":"BreadcrumbList","@id":"https:\/\/www.editorialjuventud.es\/manualidades-para-ninos-9788426140814\/#breadcrumb","itemListElement":[{"@type":"ListItem","position":1,"name":"Portada","item":"https:\/\/www.editorialjuventud.es\/"},{"@type":"ListItem","position":2,"name":"cat\u00e1logo","item":"https:\/\/www.editorialjuventud.es\/coleccion\/catalogo\/"},{"@type":"ListItem","position":3,"name":"castellano","item":"https:\/\/www.editorialjuventud.es\/coleccion\/castellano\/"},{"@type":"ListItem","position":4,"name":"Manos Creativas","item":"https:\/\/www.editorialjuventud.es\/coleccion\/manos-creativas\/"},{"@type":"ListItem","position":5,"name":"Manualidades para ni\u00f1os"}]},{"@type":"WebSite","@id":"https:\/\/www.editorialjuventud.es\/#website","url":"https:\/\/www.editorialjuventud.es\/","name":"Editorial Juventud","description":"","potentialAction":[{"@type":"SearchAction","target":{"@type":"EntryPoint","urlTemplate":"https:\/\/www.editorialjuventud.es\/?s={search_term_string}"},"query-input":{"@type":"PropertyValueSpecification","valueRequired":true,"valueName":"search_term_string"}}],"inLanguage":"ca"}]}},"_links":{"self":[{"href":"https:\/\/www.editorialjuventud.es\/ca\/wp-json\/wp\/v2\/product\/5970","targetHints":{"allow":["GET"]}}],"collection":[{"href":"https:\/\/www.editorialjuventud.es\/ca\/wp-json\/wp\/v2\/product"}],"about":[{"href":"https:\/\/www.editorialjuventud.es\/ca\/wp-json\/wp\/v2\/types\/product"}],"wp:featuredmedia":[{"embeddable":true,"href":"https:\/\/www.editorialjuventud.es\/ca\/wp-json\/wp\/v2\/media\/14021"}],"wp:attachment":[{"href":"https:\/\/www.editorialjuventud.es\/ca\/wp-json\/wp\/v2\/media?parent=5970"}],"wp:term":[{"taxonomy":"product_brand","embeddable":true,"href":"https:\/\/www.editorialjuventud.es\/ca\/wp-json\/wp\/v2\/product_brand?post=5970"},{"taxonomy":"product_cat","embeddable":true,"href":"https:\/\/www.editorialjuventud.es\/ca\/wp-json\/wp\/v2\/product_cat?post=5970"},{"taxonomy":"product_tag","embeddable":true,"href":"https:\/\/www.editorialjuventud.es\/ca\/wp-json\/wp\/v2\/product_tag?post=5970"},{"taxonomy":"coleccion","embeddable":true,"href":"https:\/\/www.editorialjuventud.es\/ca\/wp-json\/wp\/v2\/coleccion?post=5970"}],"curies":[{"name":"wp","href":"https:\/\/api.w.org\/{rel}","templated":true}]}}