{"id":5963,"date":"2018-08-24T11:42:28","date_gmt":"2018-08-24T09:42:28","guid":{"rendered":"http:\/\/www.editorialjuventud.es\/benvingut-a-la-familia\/"},"modified":"2019-10-11T14:34:33","modified_gmt":"2019-10-11T12:34:33","slug":"benvingut-a-la-familia-9788426140746","status":"publish","type":"product","link":"https:\/\/www.editorialjuventud.es\/ca\/benvingut-a-la-familia-9788426140746\/","title":{"rendered":"Benvingut a la fam\u00edlia"},"content":{"rendered":"<p>Aquest llibre il\u00b7lustrat explora les diferents maneres en qu\u00e8 un beb\u00e8 o un nen pot arribar a una fam\u00edlia: part natural, l\u0092adopci\u00f3, la fam\u00edlia d\u0092acollida, aix\u00ed com els diferents tipus de fam\u00edlia; monoparentals, pares del mateix sexe, etc. Es tracta d\u0092un llibre informatiu \u00fanic, amb un missatge important i positiu: cada fam\u00edlia \u00e9s diferent i cada fam\u00edlia es igualment v\u00e0lida i especial, tant \u00e9s com o quan arriben els nens a la fam\u00edlia, l\u0092essencial \u00e9s que s\u0092hi sentin feli\u00e7os!<\/p>\n","protected":false},"excerpt":{"rendered":"Aquest llibre il\u00b7lustrat explora les diferents maneres en qu\u00e8 un beb\u00e8 o un nen pot arribar a una fam\u00edlia: part natural, l\u0092adopci\u00f3, la fam\u00edlia d\u0092acollida, aix\u00ed com els diferents tipus de fam\u00edlia; monoparentals, pares del mateix sexe, etc. Es tracta [&hellip;]","protected":false},"featured_media":11691,"template":"","meta":{"_acf_changed":false,"_exactmetrics_skip_tracking":false,"_exactmetrics_sitenote_active":false,"_exactmetrics_sitenote_note":"","_exactmetrics_sitenote_category":0},"product_brand":[],"product_cat":[900,1131,1121,1164,892,1171,1115,1185,1191,1205,1128],"product_tag":[],"coleccion":[917,915,958],"class_list":{"0":"post-5963","1":"product","2":"type-product","3":"status-publish","4":"has-post-thumbnail","6":"product_cat-a-partir-de-5-anos","7":"product_cat-adopcion","8":"product_cat-albumes-ilustrados","9":"product_cat-divorcio-separacion","10":"product_cat-edades","11":"product_cat-embarazo-gestacion","12":"product_cat-generos","13":"product_cat-igualdad-de-genero","14":"product_cat-madres","15":"product_cat-padres","16":"product_cat-tematica","17":"coleccion-albums-illustrats","18":"coleccion-catala","19":"coleccion-per-parlar-en-familia","21":"first","22":"instock","23":"taxable","24":"shipping-taxable","25":"purchasable","26":"product-type-simple"},"acf":{"autor":"HOFFMAN-ASQUITH","codart":"4074","ediciones":"1","encuadernacion":"Carton\u00e9","fecha_de_publicacion":"08\/01\/2014","novedad":"0","paginas":"32","subtitulo":"","texto_web_adicional":"","texto_web_novedad":"","orden":"999","portada":"0","texto_web_resaltado":"","indice":"","autores-libros":[16416],"ilustradores-libros":[17367],"traductores-libros":[16364],"descripcion_corta":"","recomendamos":"","mas_vendido":"","idioma-libro":"","color":false,"formato":"","mas_informacion_del_producto":false,"premios":false,"texto_enlace_cubierta":"","enlace_cubierta":false,"texto_enlace_ficha_tecnica":"","enlace_ficha_tecnica":false,"ficheros":false,"titulo-fr":"","texto-fr":""},"yoast_head":"<!-- This site is optimized with the Yoast SEO plugin v27.3 - https:\/\/yoast.com\/product\/yoast-seo-wordpress\/ -->\n<title>Benvingut a la fam\u00edlia - Editorial Juventud<\/title>\n<meta name=\"description\" content=\"Aquest llibre il\u00b7lustrat explora les diferents maneres en qu\u00e8 un beb\u00e8 o un nen pot arribar a una fam\u00edlia: part natural, l\u0092adopci\u00f3, la fam\u00edlia d\u0092acollida,\" \/>\n<meta name=\"robots\" content=\"index, follow, max-snippet:-1, max-image-preview:large, max-video-preview:-1\" \/>\n<link rel=\"canonical\" href=\"https:\/\/www.editorialjuventud.es\/ca\/benvingut-a-la-familia-9788426140746\/\" \/>\n<meta property=\"og:locale\" content=\"ca_ES\" \/>\n<meta property=\"og:type\" content=\"article\" \/>\n<meta property=\"og:title\" content=\"Benvingut a la fam\u00edlia - Editorial Juventud\" \/>\n<meta property=\"og:description\" content=\"Aquest llibre il\u00b7lustrat explora les diferents maneres en qu\u00e8 un beb\u00e8 o un nen pot arribar a una fam\u00edlia: part natural, l\u0092adopci\u00f3, la fam\u00edlia d\u0092acollida,\" \/>\n<meta property=\"og:url\" content=\"https:\/\/www.editorialjuventud.es\/ca\/benvingut-a-la-familia-9788426140746\/\" \/>\n<meta property=\"og:site_name\" content=\"Editorial Juventud\" \/>\n<meta property=\"article:modified_time\" content=\"2019-10-11T12:34:33+00:00\" \/>\n<meta property=\"og:image\" content=\"https:\/\/www.editorialjuventud.es\/wp-content\/uploads\/4074.jpg\" \/>\n\t<meta property=\"og:image:width\" content=\"357\" \/>\n\t<meta property=\"og:image:height\" content=\"450\" \/>\n\t<meta property=\"og:image:type\" content=\"image\/jpeg\" \/>\n<meta name=\"twitter:card\" content=\"summary_large_image\" \/>\n<script type=\"application\/ld+json\" class=\"yoast-schema-graph\">{\"@context\":\"https:\\\/\\\/schema.org\",\"@graph\":[{\"@type\":\"WebPage\",\"@id\":\"https:\\\/\\\/www.editorialjuventud.es\\\/ca\\\/benvingut-a-la-familia-9788426140746\\\/\",\"url\":\"https:\\\/\\\/www.editorialjuventud.es\\\/ca\\\/benvingut-a-la-familia-9788426140746\\\/\",\"name\":\"Benvingut a la fam\u00edlia - Editorial Juventud\",\"isPartOf\":{\"@id\":\"https:\\\/\\\/www.editorialjuventud.es\\\/#website\"},\"primaryImageOfPage\":{\"@id\":\"https:\\\/\\\/www.editorialjuventud.es\\\/ca\\\/benvingut-a-la-familia-9788426140746\\\/#primaryimage\"},\"image\":{\"@id\":\"https:\\\/\\\/www.editorialjuventud.es\\\/ca\\\/benvingut-a-la-familia-9788426140746\\\/#primaryimage\"},\"thumbnailUrl\":\"https:\\\/\\\/www.editorialjuventud.es\\\/wp-content\\\/uploads\\\/4074.jpg\",\"datePublished\":\"2018-08-24T09:42:28+00:00\",\"dateModified\":\"2019-10-11T12:34:33+00:00\",\"description\":\"Aquest llibre il\u00b7lustrat explora les diferents maneres en qu\u00e8 un beb\u00e8 o un nen pot arribar a una fam\u00edlia: part natural, l\u0092adopci\u00f3, la fam\u00edlia d\u0092acollida,\",\"breadcrumb\":{\"@id\":\"https:\\\/\\\/www.editorialjuventud.es\\\/ca\\\/benvingut-a-la-familia-9788426140746\\\/#breadcrumb\"},\"inLanguage\":\"ca\",\"potentialAction\":[{\"@type\":\"ReadAction\",\"target\":[\"https:\\\/\\\/www.editorialjuventud.es\\\/ca\\\/benvingut-a-la-familia-9788426140746\\\/\"]}]},{\"@type\":\"ImageObject\",\"inLanguage\":\"ca\",\"@id\":\"https:\\\/\\\/www.editorialjuventud.es\\\/ca\\\/benvingut-a-la-familia-9788426140746\\\/#primaryimage\",\"url\":\"https:\\\/\\\/www.editorialjuventud.es\\\/wp-content\\\/uploads\\\/4074.jpg\",\"contentUrl\":\"https:\\\/\\\/www.editorialjuventud.es\\\/wp-content\\\/uploads\\\/4074.jpg\",\"width\":357,\"height\":450,\"caption\":\"4074.jpg\"},{\"@type\":\"BreadcrumbList\",\"@id\":\"https:\\\/\\\/www.editorialjuventud.es\\\/ca\\\/benvingut-a-la-familia-9788426140746\\\/#breadcrumb\",\"itemListElement\":[{\"@type\":\"ListItem\",\"position\":1,\"name\":\"Portada\",\"item\":\"https:\\\/\\\/www.editorialjuventud.es\\\/\"},{\"@type\":\"ListItem\",\"position\":2,\"name\":\"cat\u00e1logo\",\"item\":\"https:\\\/\\\/www.editorialjuventud.es\\\/coleccion\\\/catalogo\\\/\"},{\"@type\":\"ListItem\",\"position\":3,\"name\":\"catal\u00e0\",\"item\":\"https:\\\/\\\/www.editorialjuventud.es\\\/coleccion\\\/catala\\\/\"},{\"@type\":\"ListItem\",\"position\":4,\"name\":\"\u00c0lbums Il\u00b7lustrats\",\"item\":\"https:\\\/\\\/www.editorialjuventud.es\\\/coleccion\\\/albums-il%c2%b7lustrats\\\/\"},{\"@type\":\"ListItem\",\"position\":5,\"name\":\"Per Parlar en Fam\u00edlia\",\"item\":\"https:\\\/\\\/www.editorialjuventud.es\\\/ca\\\/coleccion\\\/per-parlar-en-familia\\\/\"},{\"@type\":\"ListItem\",\"position\":6,\"name\":\"Benvingut a la fam\u00edlia\"}]},{\"@type\":\"WebSite\",\"@id\":\"https:\\\/\\\/www.editorialjuventud.es\\\/#website\",\"url\":\"https:\\\/\\\/www.editorialjuventud.es\\\/\",\"name\":\"Editorial Juventud\",\"description\":\"\",\"potentialAction\":[{\"@type\":\"SearchAction\",\"target\":{\"@type\":\"EntryPoint\",\"urlTemplate\":\"https:\\\/\\\/www.editorialjuventud.es\\\/?s={search_term_string}\"},\"query-input\":{\"@type\":\"PropertyValueSpecification\",\"valueRequired\":true,\"valueName\":\"search_term_string\"}}],\"inLanguage\":\"ca\"}]}<\/script>\n<!-- \/ Yoast SEO plugin. -->","yoast_head_json":{"title":"Benvingut a la fam\u00edlia - Editorial Juventud","description":"Aquest llibre il\u00b7lustrat explora les diferents maneres en qu\u00e8 un beb\u00e8 o un nen pot arribar a una fam\u00edlia: part natural, l\u0092adopci\u00f3, la fam\u00edlia d\u0092acollida,","robots":{"index":"index","follow":"follow","max-snippet":"max-snippet:-1","max-image-preview":"max-image-preview:large","max-video-preview":"max-video-preview:-1"},"canonical":"https:\/\/www.editorialjuventud.es\/ca\/benvingut-a-la-familia-9788426140746\/","og_locale":"ca_ES","og_type":"article","og_title":"Benvingut a la fam\u00edlia - Editorial Juventud","og_description":"Aquest llibre il\u00b7lustrat explora les diferents maneres en qu\u00e8 un beb\u00e8 o un nen pot arribar a una fam\u00edlia: part natural, l\u0092adopci\u00f3, la fam\u00edlia d\u0092acollida,","og_url":"https:\/\/www.editorialjuventud.es\/ca\/benvingut-a-la-familia-9788426140746\/","og_site_name":"Editorial Juventud","article_modified_time":"2019-10-11T12:34:33+00:00","og_image":[{"width":357,"height":450,"url":"https:\/\/www.editorialjuventud.es\/wp-content\/uploads\/4074.jpg","type":"image\/jpeg"}],"twitter_card":"summary_large_image","schema":{"@context":"https:\/\/schema.org","@graph":[{"@type":"WebPage","@id":"https:\/\/www.editorialjuventud.es\/ca\/benvingut-a-la-familia-9788426140746\/","url":"https:\/\/www.editorialjuventud.es\/ca\/benvingut-a-la-familia-9788426140746\/","name":"Benvingut a la fam\u00edlia - Editorial Juventud","isPartOf":{"@id":"https:\/\/www.editorialjuventud.es\/#website"},"primaryImageOfPage":{"@id":"https:\/\/www.editorialjuventud.es\/ca\/benvingut-a-la-familia-9788426140746\/#primaryimage"},"image":{"@id":"https:\/\/www.editorialjuventud.es\/ca\/benvingut-a-la-familia-9788426140746\/#primaryimage"},"thumbnailUrl":"https:\/\/www.editorialjuventud.es\/wp-content\/uploads\/4074.jpg","datePublished":"2018-08-24T09:42:28+00:00","dateModified":"2019-10-11T12:34:33+00:00","description":"Aquest llibre il\u00b7lustrat explora les diferents maneres en qu\u00e8 un beb\u00e8 o un nen pot arribar a una fam\u00edlia: part natural, l\u0092adopci\u00f3, la fam\u00edlia d\u0092acollida,","breadcrumb":{"@id":"https:\/\/www.editorialjuventud.es\/ca\/benvingut-a-la-familia-9788426140746\/#breadcrumb"},"inLanguage":"ca","potentialAction":[{"@type":"ReadAction","target":["https:\/\/www.editorialjuventud.es\/ca\/benvingut-a-la-familia-9788426140746\/"]}]},{"@type":"ImageObject","inLanguage":"ca","@id":"https:\/\/www.editorialjuventud.es\/ca\/benvingut-a-la-familia-9788426140746\/#primaryimage","url":"https:\/\/www.editorialjuventud.es\/wp-content\/uploads\/4074.jpg","contentUrl":"https:\/\/www.editorialjuventud.es\/wp-content\/uploads\/4074.jpg","width":357,"height":450,"caption":"4074.jpg"},{"@type":"BreadcrumbList","@id":"https:\/\/www.editorialjuventud.es\/ca\/benvingut-a-la-familia-9788426140746\/#breadcrumb","itemListElement":[{"@type":"ListItem","position":1,"name":"Portada","item":"https:\/\/www.editorialjuventud.es\/"},{"@type":"ListItem","position":2,"name":"cat\u00e1logo","item":"https:\/\/www.editorialjuventud.es\/coleccion\/catalogo\/"},{"@type":"ListItem","position":3,"name":"catal\u00e0","item":"https:\/\/www.editorialjuventud.es\/coleccion\/catala\/"},{"@type":"ListItem","position":4,"name":"\u00c0lbums Il\u00b7lustrats","item":"https:\/\/www.editorialjuventud.es\/coleccion\/albums-il%c2%b7lustrats\/"},{"@type":"ListItem","position":5,"name":"Per Parlar en Fam\u00edlia","item":"https:\/\/www.editorialjuventud.es\/ca\/coleccion\/per-parlar-en-familia\/"},{"@type":"ListItem","position":6,"name":"Benvingut a la fam\u00edlia"}]},{"@type":"WebSite","@id":"https:\/\/www.editorialjuventud.es\/#website","url":"https:\/\/www.editorialjuventud.es\/","name":"Editorial Juventud","description":"","potentialAction":[{"@type":"SearchAction","target":{"@type":"EntryPoint","urlTemplate":"https:\/\/www.editorialjuventud.es\/?s={search_term_string}"},"query-input":{"@type":"PropertyValueSpecification","valueRequired":true,"valueName":"search_term_string"}}],"inLanguage":"ca"}]}},"_links":{"self":[{"href":"https:\/\/www.editorialjuventud.es\/ca\/wp-json\/wp\/v2\/product\/5963","targetHints":{"allow":["GET"]}}],"collection":[{"href":"https:\/\/www.editorialjuventud.es\/ca\/wp-json\/wp\/v2\/product"}],"about":[{"href":"https:\/\/www.editorialjuventud.es\/ca\/wp-json\/wp\/v2\/types\/product"}],"wp:featuredmedia":[{"embeddable":true,"href":"https:\/\/www.editorialjuventud.es\/ca\/wp-json\/wp\/v2\/media\/11691"}],"wp:attachment":[{"href":"https:\/\/www.editorialjuventud.es\/ca\/wp-json\/wp\/v2\/media?parent=5963"}],"wp:term":[{"taxonomy":"product_brand","embeddable":true,"href":"https:\/\/www.editorialjuventud.es\/ca\/wp-json\/wp\/v2\/product_brand?post=5963"},{"taxonomy":"product_cat","embeddable":true,"href":"https:\/\/www.editorialjuventud.es\/ca\/wp-json\/wp\/v2\/product_cat?post=5963"},{"taxonomy":"product_tag","embeddable":true,"href":"https:\/\/www.editorialjuventud.es\/ca\/wp-json\/wp\/v2\/product_tag?post=5963"},{"taxonomy":"coleccion","embeddable":true,"href":"https:\/\/www.editorialjuventud.es\/ca\/wp-json\/wp\/v2\/coleccion?post=5963"}],"curies":[{"name":"wp","href":"https:\/\/api.w.org\/{rel}","templated":true}]}}