{"id":5962,"date":"2018-08-24T11:42:22","date_gmt":"2018-08-24T09:42:22","guid":{"rendered":"http:\/\/www.editorialjuventud.es\/bienvenido-a-la-familia\/"},"modified":"2020-01-22T12:39:37","modified_gmt":"2020-01-22T11:39:37","slug":"bienvenido-a-la-familia-9788426140739","status":"publish","type":"product","link":"https:\/\/www.editorialjuventud.es\/ca\/bienvenido-a-la-familia-9788426140739\/","title":{"rendered":"Bienvenido a la familia"},"content":{"rendered":"<p>Este libro ilustrado explora las diferentes maneras en que un beb\u00e9 o un ni\u00f1o pueden llegar a una familia: parto natural, adopci\u00f3n, familia de acogida, as\u00ed como los distintos tipos de familia; monoparentales, padres del mismo sexo, etc. Se trata de un libro de informaci\u00f3n \u00fanico, con un mensaje importante y positivo: cada familia es diferente y cada familia es igualmente v\u00e1lida y especial, no importa c\u00f3mo o cu\u00e1ndo llegan a la familia los ni\u00f1os, \u00a1lo esencial es que se sientan felices en ella!<\/p>\n","protected":false},"excerpt":{"rendered":"Este libro ilustrado explora las diferentes maneras en que un beb\u00e9 o un ni\u00f1o pueden llegar a una familia: parto natural, adopci\u00f3n, familia de acogida, as\u00ed como los distintos tipos de familia; monoparentales, padres del mismo sexo, etc. Se trata [&hellip;]","protected":false},"featured_media":17034,"template":"","meta":{"_acf_changed":false,"_exactmetrics_skip_tracking":false,"_exactmetrics_sitenote_active":false,"_exactmetrics_sitenote_note":"","_exactmetrics_sitenote_category":0},"product_brand":[],"product_cat":[900,1131,1121,1164,892,1171,1115,1185,1191,1205,1128],"product_tag":[],"coleccion":[928,916,998],"class_list":{"0":"post-5962","1":"product","2":"type-product","3":"status-publish","4":"has-post-thumbnail","6":"product_cat-a-partir-de-5-anos","7":"product_cat-adopcion","8":"product_cat-albumes-ilustrados","9":"product_cat-divorcio-separacion","10":"product_cat-edades","11":"product_cat-embarazo-gestacion","12":"product_cat-generos","13":"product_cat-igualdad-de-genero","14":"product_cat-madres","15":"product_cat-padres","16":"product_cat-tematica","17":"coleccion-albumes-ilustrados","18":"coleccion-castellano","19":"coleccion-para-hablar-en-familia","21":"first","22":"instock","23":"taxable","24":"shipping-taxable","25":"purchasable","26":"product-type-simple"},"acf":{"autor":"HOFFMAN-ASQUITH","codart":"4073","ediciones":"1","encuadernacion":"Carton\u00e9","fecha_de_publicacion":"08\/01\/2014","novedad":"0","paginas":"32","subtitulo":"","texto_web_adicional":"","texto_web_novedad":"","orden":"999","portada":"0","texto_web_resaltado":"","indice":"","autores-libros":[16416],"ilustradores-libros":[17367],"traductores-libros":[58416],"descripcion_corta":"","recomendamos":"","mas_vendido":"","idioma-libro":"","color":false,"formato":"","mas_informacion_del_producto":false,"premios":false,"texto_enlace_cubierta":"","enlace_cubierta":false,"texto_enlace_ficha_tecnica":"","enlace_ficha_tecnica":false,"ficheros":false,"titulo-fr":"","texto-fr":"","fecha_de_reimpresion":"","deshabilitar_compra":["deshabilitar"]},"yoast_head":"<!-- This site is optimized with the Yoast SEO plugin v27.5 - https:\/\/yoast.com\/product\/yoast-seo-wordpress\/ -->\n<title>Bienvenido a la familia - Editorial Juventud<\/title>\n<meta name=\"description\" content=\"Este libro ilustrado explora las diferentes maneras en que un beb\u00e9 o un ni\u00f1o pueden llegar a una familia: parto natural, adopci\u00f3n, familia de acogida, as\u00ed\" \/>\n<meta name=\"robots\" content=\"index, follow, max-snippet:-1, max-image-preview:large, max-video-preview:-1\" \/>\n<link rel=\"canonical\" href=\"https:\/\/www.editorialjuventud.es\/bienvenido-a-la-familia-9788426140739\/\" \/>\n<meta property=\"og:locale\" content=\"ca_ES\" \/>\n<meta property=\"og:type\" content=\"article\" \/>\n<meta property=\"og:title\" content=\"Bienvenido a la familia - Editorial Juventud\" \/>\n<meta property=\"og:description\" content=\"Este libro ilustrado explora las diferentes maneras en que un beb\u00e9 o un ni\u00f1o pueden llegar a una familia: parto natural, adopci\u00f3n, familia de acogida, as\u00ed\" \/>\n<meta property=\"og:url\" content=\"https:\/\/www.editorialjuventud.es\/bienvenido-a-la-familia-9788426140739\/\" \/>\n<meta property=\"og:site_name\" content=\"Editorial Juventud\" \/>\n<meta property=\"article:modified_time\" content=\"2020-01-22T11:39:37+00:00\" \/>\n<meta property=\"og:image\" content=\"https:\/\/www.editorialjuventud.es\/wp-content\/uploads\/4073.jpg\" \/>\n\t<meta property=\"og:image:width\" content=\"352\" \/>\n\t<meta property=\"og:image:height\" content=\"450\" \/>\n\t<meta property=\"og:image:type\" content=\"image\/jpeg\" \/>\n<meta name=\"twitter:card\" content=\"summary_large_image\" \/>\n<script type=\"application\/ld+json\" class=\"yoast-schema-graph\">{\"@context\":\"https:\\\/\\\/schema.org\",\"@graph\":[{\"@type\":\"WebPage\",\"@id\":\"https:\\\/\\\/www.editorialjuventud.es\\\/bienvenido-a-la-familia-9788426140739\\\/\",\"url\":\"https:\\\/\\\/www.editorialjuventud.es\\\/bienvenido-a-la-familia-9788426140739\\\/\",\"name\":\"Bienvenido a la familia - Editorial Juventud\",\"isPartOf\":{\"@id\":\"https:\\\/\\\/www.editorialjuventud.es\\\/#website\"},\"primaryImageOfPage\":{\"@id\":\"https:\\\/\\\/www.editorialjuventud.es\\\/bienvenido-a-la-familia-9788426140739\\\/#primaryimage\"},\"image\":{\"@id\":\"https:\\\/\\\/www.editorialjuventud.es\\\/bienvenido-a-la-familia-9788426140739\\\/#primaryimage\"},\"thumbnailUrl\":\"https:\\\/\\\/www.editorialjuventud.es\\\/wp-content\\\/uploads\\\/4073.jpg\",\"datePublished\":\"2018-08-24T09:42:22+00:00\",\"dateModified\":\"2020-01-22T11:39:37+00:00\",\"description\":\"Este libro ilustrado explora las diferentes maneras en que un beb\u00e9 o un ni\u00f1o pueden llegar a una familia: parto natural, adopci\u00f3n, familia de acogida, as\u00ed\",\"breadcrumb\":{\"@id\":\"https:\\\/\\\/www.editorialjuventud.es\\\/bienvenido-a-la-familia-9788426140739\\\/#breadcrumb\"},\"inLanguage\":\"ca\",\"potentialAction\":[{\"@type\":\"ReadAction\",\"target\":[\"https:\\\/\\\/www.editorialjuventud.es\\\/bienvenido-a-la-familia-9788426140739\\\/\"]}]},{\"@type\":\"ImageObject\",\"inLanguage\":\"ca\",\"@id\":\"https:\\\/\\\/www.editorialjuventud.es\\\/bienvenido-a-la-familia-9788426140739\\\/#primaryimage\",\"url\":\"https:\\\/\\\/www.editorialjuventud.es\\\/wp-content\\\/uploads\\\/4073.jpg\",\"contentUrl\":\"https:\\\/\\\/www.editorialjuventud.es\\\/wp-content\\\/uploads\\\/4073.jpg\",\"width\":352,\"height\":450,\"caption\":\"4073.jpg\"},{\"@type\":\"BreadcrumbList\",\"@id\":\"https:\\\/\\\/www.editorialjuventud.es\\\/bienvenido-a-la-familia-9788426140739\\\/#breadcrumb\",\"itemListElement\":[{\"@type\":\"ListItem\",\"position\":1,\"name\":\"Portada\",\"item\":\"https:\\\/\\\/www.editorialjuventud.es\\\/\"},{\"@type\":\"ListItem\",\"position\":2,\"name\":\"cat\u00e1logo\",\"item\":\"https:\\\/\\\/www.editorialjuventud.es\\\/coleccion\\\/catalogo\\\/\"},{\"@type\":\"ListItem\",\"position\":3,\"name\":\"castellano\",\"item\":\"https:\\\/\\\/www.editorialjuventud.es\\\/coleccion\\\/castellano\\\/\"},{\"@type\":\"ListItem\",\"position\":4,\"name\":\"\u00c1lbumes Ilustrados\",\"item\":\"https:\\\/\\\/www.editorialjuventud.es\\\/coleccion\\\/albumes-ilustrados\\\/\"},{\"@type\":\"ListItem\",\"position\":5,\"name\":\"Para Hablar en Familia\",\"item\":\"https:\\\/\\\/www.editorialjuventud.es\\\/coleccion\\\/para-hablar-en-familia\\\/\"},{\"@type\":\"ListItem\",\"position\":6,\"name\":\"Bienvenido a la familia\"}]},{\"@type\":\"WebSite\",\"@id\":\"https:\\\/\\\/www.editorialjuventud.es\\\/#website\",\"url\":\"https:\\\/\\\/www.editorialjuventud.es\\\/\",\"name\":\"Editorial Juventud\",\"description\":\"\",\"potentialAction\":[{\"@type\":\"SearchAction\",\"target\":{\"@type\":\"EntryPoint\",\"urlTemplate\":\"https:\\\/\\\/www.editorialjuventud.es\\\/?s={search_term_string}\"},\"query-input\":{\"@type\":\"PropertyValueSpecification\",\"valueRequired\":true,\"valueName\":\"search_term_string\"}}],\"inLanguage\":\"ca\"}]}<\/script>\n<!-- \/ Yoast SEO plugin. -->","yoast_head_json":{"title":"Bienvenido a la familia - Editorial Juventud","description":"Este libro ilustrado explora las diferentes maneras en que un beb\u00e9 o un ni\u00f1o pueden llegar a una familia: parto natural, adopci\u00f3n, familia de acogida, as\u00ed","robots":{"index":"index","follow":"follow","max-snippet":"max-snippet:-1","max-image-preview":"max-image-preview:large","max-video-preview":"max-video-preview:-1"},"canonical":"https:\/\/www.editorialjuventud.es\/bienvenido-a-la-familia-9788426140739\/","og_locale":"ca_ES","og_type":"article","og_title":"Bienvenido a la familia - Editorial Juventud","og_description":"Este libro ilustrado explora las diferentes maneras en que un beb\u00e9 o un ni\u00f1o pueden llegar a una familia: parto natural, adopci\u00f3n, familia de acogida, as\u00ed","og_url":"https:\/\/www.editorialjuventud.es\/bienvenido-a-la-familia-9788426140739\/","og_site_name":"Editorial Juventud","article_modified_time":"2020-01-22T11:39:37+00:00","og_image":[{"width":352,"height":450,"url":"https:\/\/www.editorialjuventud.es\/wp-content\/uploads\/4073.jpg","type":"image\/jpeg"}],"twitter_card":"summary_large_image","schema":{"@context":"https:\/\/schema.org","@graph":[{"@type":"WebPage","@id":"https:\/\/www.editorialjuventud.es\/bienvenido-a-la-familia-9788426140739\/","url":"https:\/\/www.editorialjuventud.es\/bienvenido-a-la-familia-9788426140739\/","name":"Bienvenido a la familia - Editorial Juventud","isPartOf":{"@id":"https:\/\/www.editorialjuventud.es\/#website"},"primaryImageOfPage":{"@id":"https:\/\/www.editorialjuventud.es\/bienvenido-a-la-familia-9788426140739\/#primaryimage"},"image":{"@id":"https:\/\/www.editorialjuventud.es\/bienvenido-a-la-familia-9788426140739\/#primaryimage"},"thumbnailUrl":"https:\/\/www.editorialjuventud.es\/wp-content\/uploads\/4073.jpg","datePublished":"2018-08-24T09:42:22+00:00","dateModified":"2020-01-22T11:39:37+00:00","description":"Este libro ilustrado explora las diferentes maneras en que un beb\u00e9 o un ni\u00f1o pueden llegar a una familia: parto natural, adopci\u00f3n, familia de acogida, as\u00ed","breadcrumb":{"@id":"https:\/\/www.editorialjuventud.es\/bienvenido-a-la-familia-9788426140739\/#breadcrumb"},"inLanguage":"ca","potentialAction":[{"@type":"ReadAction","target":["https:\/\/www.editorialjuventud.es\/bienvenido-a-la-familia-9788426140739\/"]}]},{"@type":"ImageObject","inLanguage":"ca","@id":"https:\/\/www.editorialjuventud.es\/bienvenido-a-la-familia-9788426140739\/#primaryimage","url":"https:\/\/www.editorialjuventud.es\/wp-content\/uploads\/4073.jpg","contentUrl":"https:\/\/www.editorialjuventud.es\/wp-content\/uploads\/4073.jpg","width":352,"height":450,"caption":"4073.jpg"},{"@type":"BreadcrumbList","@id":"https:\/\/www.editorialjuventud.es\/bienvenido-a-la-familia-9788426140739\/#breadcrumb","itemListElement":[{"@type":"ListItem","position":1,"name":"Portada","item":"https:\/\/www.editorialjuventud.es\/"},{"@type":"ListItem","position":2,"name":"cat\u00e1logo","item":"https:\/\/www.editorialjuventud.es\/coleccion\/catalogo\/"},{"@type":"ListItem","position":3,"name":"castellano","item":"https:\/\/www.editorialjuventud.es\/coleccion\/castellano\/"},{"@type":"ListItem","position":4,"name":"\u00c1lbumes Ilustrados","item":"https:\/\/www.editorialjuventud.es\/coleccion\/albumes-ilustrados\/"},{"@type":"ListItem","position":5,"name":"Para Hablar en Familia","item":"https:\/\/www.editorialjuventud.es\/coleccion\/para-hablar-en-familia\/"},{"@type":"ListItem","position":6,"name":"Bienvenido a la familia"}]},{"@type":"WebSite","@id":"https:\/\/www.editorialjuventud.es\/#website","url":"https:\/\/www.editorialjuventud.es\/","name":"Editorial Juventud","description":"","potentialAction":[{"@type":"SearchAction","target":{"@type":"EntryPoint","urlTemplate":"https:\/\/www.editorialjuventud.es\/?s={search_term_string}"},"query-input":{"@type":"PropertyValueSpecification","valueRequired":true,"valueName":"search_term_string"}}],"inLanguage":"ca"}]}},"_links":{"self":[{"href":"https:\/\/www.editorialjuventud.es\/ca\/wp-json\/wp\/v2\/product\/5962","targetHints":{"allow":["GET"]}}],"collection":[{"href":"https:\/\/www.editorialjuventud.es\/ca\/wp-json\/wp\/v2\/product"}],"about":[{"href":"https:\/\/www.editorialjuventud.es\/ca\/wp-json\/wp\/v2\/types\/product"}],"wp:featuredmedia":[{"embeddable":true,"href":"https:\/\/www.editorialjuventud.es\/ca\/wp-json\/wp\/v2\/media\/17034"}],"wp:attachment":[{"href":"https:\/\/www.editorialjuventud.es\/ca\/wp-json\/wp\/v2\/media?parent=5962"}],"wp:term":[{"taxonomy":"product_brand","embeddable":true,"href":"https:\/\/www.editorialjuventud.es\/ca\/wp-json\/wp\/v2\/product_brand?post=5962"},{"taxonomy":"product_cat","embeddable":true,"href":"https:\/\/www.editorialjuventud.es\/ca\/wp-json\/wp\/v2\/product_cat?post=5962"},{"taxonomy":"product_tag","embeddable":true,"href":"https:\/\/www.editorialjuventud.es\/ca\/wp-json\/wp\/v2\/product_tag?post=5962"},{"taxonomy":"coleccion","embeddable":true,"href":"https:\/\/www.editorialjuventud.es\/ca\/wp-json\/wp\/v2\/coleccion?post=5962"}],"curies":[{"name":"wp","href":"https:\/\/api.w.org\/{rel}","templated":true}]}}