{"id":5960,"date":"2018-08-24T13:42:12","date_gmt":"2018-08-24T09:42:12","guid":{"rendered":"http:\/\/www.editorialjuventud.es\/max-el-valiente\/"},"modified":"2025-01-22T13:18:39","modified_gmt":"2025-01-22T12:18:39","slug":"max-el-valiente-9788426140715","status":"publish","type":"product","link":"https:\/\/www.editorialjuventud.es\/ca\/max-el-valiente-9788426140715\/","title":{"rendered":"Max el Valiente"},"content":{"rendered":"<p>Este es Max. Max el valiente, Max el intr\u00e9pido, Max el que caza ratones&#8230; Pero, para ser un cazador de ratones, Max necesita averiguar qu\u00e9 aspecto tiene un rat\u00f3n? Este hilarante \u00e1lbum ilustrado del talentoso autor e ilustrador Ed Vere introduce un nuevo y adorable personaje a trav\u00e9s de una historia clara y audaz.<\/p>\n","protected":false},"excerpt":{"rendered":"Este es Max. Max el valiente, Max el intr\u00e9pido, Max el que caza ratones&#8230; Pero, para ser un cazador de ratones, Max necesita averiguar qu\u00e9 aspecto tiene un rat\u00f3n? Este hilarante \u00e1lbum ilustrado del talentoso autor e ilustrador Ed Vere [&hellip;]","protected":false},"featured_media":14063,"template":"","meta":{"_acf_changed":false,"_exactmetrics_skip_tracking":false,"_exactmetrics_sitenote_active":false,"_exactmetrics_sitenote_note":"","_exactmetrics_sitenote_category":0},"product_brand":[],"product_cat":[899,1121,1196,1198],"product_tag":[],"coleccion":[1074],"class_list":{"0":"post-5960","1":"product","2":"type-product","3":"status-publish","4":"has-post-thumbnail","6":"product_cat-a-partir-de-3-anos","7":"product_cat-albumes-ilustrados","8":"product_cat-miedo-valentia","9":"product_cat-monstruos","10":"coleccion-max-el-gatito","12":"first","13":"instock","14":"taxable","15":"shipping-taxable","16":"purchasable","17":"product-type-simple"},"acf":{"autor":"Vere, Ed","codart":"4071","ediciones":"1","encuadernacion":"Carton\u00e9","fecha_de_publicacion":"01\/08\/2014","novedad":"0","paginas":"32","subtitulo":"","texto_web_adicional":"","texto_web_novedad":"","orden":"999","portada":"0","texto_web_resaltado":"","autores-libros":[33004],"ilustradores-libros":[33004],"traductores-libros":[17430]},"yoast_head":"<!-- This site is optimized with the Yoast SEO plugin v27.3 - https:\/\/yoast.com\/product\/yoast-seo-wordpress\/ -->\n<title>Max el Valiente - Editorial Juventud<\/title>\n<meta name=\"description\" content=\"Este es Max. Max el valiente, Max el intr\u00e9pido, Max el que caza ratones... Pero, para ser un cazador de ratones, Max necesita averiguar qu\u00e9 aspecto tiene\" \/>\n<meta name=\"robots\" content=\"index, follow, max-snippet:-1, max-image-preview:large, max-video-preview:-1\" \/>\n<link rel=\"canonical\" href=\"https:\/\/www.editorialjuventud.es\/max-el-valiente-9788426140715\/\" \/>\n<meta property=\"og:locale\" content=\"ca_ES\" \/>\n<meta property=\"og:type\" content=\"article\" \/>\n<meta property=\"og:title\" content=\"Max el Valiente - Editorial Juventud\" \/>\n<meta property=\"og:description\" content=\"Este es Max. Max el valiente, Max el intr\u00e9pido, Max el que caza ratones... Pero, para ser un cazador de ratones, Max necesita averiguar qu\u00e9 aspecto tiene\" \/>\n<meta property=\"og:url\" content=\"https:\/\/www.editorialjuventud.es\/max-el-valiente-9788426140715\/\" \/>\n<meta property=\"og:site_name\" content=\"Editorial Juventud\" \/>\n<meta property=\"article:modified_time\" content=\"2025-01-22T12:18:39+00:00\" \/>\n<meta property=\"og:image\" content=\"https:\/\/www.editorialjuventud.es\/wp-content\/uploads\/4071.jpg\" \/>\n\t<meta property=\"og:image:width\" content=\"338\" \/>\n\t<meta property=\"og:image:height\" content=\"450\" \/>\n\t<meta property=\"og:image:type\" content=\"image\/jpeg\" \/>\n<meta name=\"twitter:card\" content=\"summary_large_image\" \/>\n<script type=\"application\/ld+json\" class=\"yoast-schema-graph\">{\"@context\":\"https:\\\/\\\/schema.org\",\"@graph\":[{\"@type\":\"WebPage\",\"@id\":\"https:\\\/\\\/www.editorialjuventud.es\\\/max-el-valiente-9788426140715\\\/\",\"url\":\"https:\\\/\\\/www.editorialjuventud.es\\\/max-el-valiente-9788426140715\\\/\",\"name\":\"Max el Valiente - Editorial Juventud\",\"isPartOf\":{\"@id\":\"https:\\\/\\\/www.editorialjuventud.es\\\/#website\"},\"primaryImageOfPage\":{\"@id\":\"https:\\\/\\\/www.editorialjuventud.es\\\/max-el-valiente-9788426140715\\\/#primaryimage\"},\"image\":{\"@id\":\"https:\\\/\\\/www.editorialjuventud.es\\\/max-el-valiente-9788426140715\\\/#primaryimage\"},\"thumbnailUrl\":\"https:\\\/\\\/www.editorialjuventud.es\\\/wp-content\\\/uploads\\\/4071.jpg\",\"datePublished\":\"2018-08-24T09:42:12+00:00\",\"dateModified\":\"2025-01-22T12:18:39+00:00\",\"description\":\"Este es Max. Max el valiente, Max el intr\u00e9pido, Max el que caza ratones... Pero, para ser un cazador de ratones, Max necesita averiguar qu\u00e9 aspecto tiene\",\"breadcrumb\":{\"@id\":\"https:\\\/\\\/www.editorialjuventud.es\\\/max-el-valiente-9788426140715\\\/#breadcrumb\"},\"inLanguage\":\"ca\",\"potentialAction\":[{\"@type\":\"ReadAction\",\"target\":[\"https:\\\/\\\/www.editorialjuventud.es\\\/max-el-valiente-9788426140715\\\/\"]}]},{\"@type\":\"ImageObject\",\"inLanguage\":\"ca\",\"@id\":\"https:\\\/\\\/www.editorialjuventud.es\\\/max-el-valiente-9788426140715\\\/#primaryimage\",\"url\":\"https:\\\/\\\/www.editorialjuventud.es\\\/wp-content\\\/uploads\\\/4071.jpg\",\"contentUrl\":\"https:\\\/\\\/www.editorialjuventud.es\\\/wp-content\\\/uploads\\\/4071.jpg\",\"width\":338,\"height\":450,\"caption\":\"4071.jpg\"},{\"@type\":\"BreadcrumbList\",\"@id\":\"https:\\\/\\\/www.editorialjuventud.es\\\/max-el-valiente-9788426140715\\\/#breadcrumb\",\"itemListElement\":[{\"@type\":\"ListItem\",\"position\":1,\"name\":\"Portada\",\"item\":\"https:\\\/\\\/www.editorialjuventud.es\\\/\"},{\"@type\":\"ListItem\",\"position\":2,\"name\":\"cat\u00e1logo\",\"item\":\"https:\\\/\\\/www.editorialjuventud.es\\\/coleccion\\\/catalogo\\\/\"},{\"@type\":\"ListItem\",\"position\":3,\"name\":\"castellano\",\"item\":\"https:\\\/\\\/www.editorialjuventud.es\\\/coleccion\\\/castellano\\\/\"},{\"@type\":\"ListItem\",\"position\":4,\"name\":\"\u00c1lbumes Ilustrados\",\"item\":\"https:\\\/\\\/www.editorialjuventud.es\\\/coleccion\\\/albumes-ilustrados\\\/\"},{\"@type\":\"ListItem\",\"position\":5,\"name\":\"Leer entre Risas\",\"item\":\"https:\\\/\\\/www.editorialjuventud.es\\\/coleccion\\\/leer-entre-risas\\\/\"},{\"@type\":\"ListItem\",\"position\":6,\"name\":\"Max el Gatito\",\"item\":\"https:\\\/\\\/www.editorialjuventud.es\\\/coleccion\\\/max-el-gatito\\\/\"},{\"@type\":\"ListItem\",\"position\":7,\"name\":\"Max el Valiente\"}]},{\"@type\":\"WebSite\",\"@id\":\"https:\\\/\\\/www.editorialjuventud.es\\\/#website\",\"url\":\"https:\\\/\\\/www.editorialjuventud.es\\\/\",\"name\":\"Editorial Juventud\",\"description\":\"\",\"potentialAction\":[{\"@type\":\"SearchAction\",\"target\":{\"@type\":\"EntryPoint\",\"urlTemplate\":\"https:\\\/\\\/www.editorialjuventud.es\\\/?s={search_term_string}\"},\"query-input\":{\"@type\":\"PropertyValueSpecification\",\"valueRequired\":true,\"valueName\":\"search_term_string\"}}],\"inLanguage\":\"ca\"}]}<\/script>\n<!-- \/ Yoast SEO plugin. -->","yoast_head_json":{"title":"Max el Valiente - Editorial Juventud","description":"Este es Max. Max el valiente, Max el intr\u00e9pido, Max el que caza ratones... Pero, para ser un cazador de ratones, Max necesita averiguar qu\u00e9 aspecto tiene","robots":{"index":"index","follow":"follow","max-snippet":"max-snippet:-1","max-image-preview":"max-image-preview:large","max-video-preview":"max-video-preview:-1"},"canonical":"https:\/\/www.editorialjuventud.es\/max-el-valiente-9788426140715\/","og_locale":"ca_ES","og_type":"article","og_title":"Max el Valiente - Editorial Juventud","og_description":"Este es Max. Max el valiente, Max el intr\u00e9pido, Max el que caza ratones... Pero, para ser un cazador de ratones, Max necesita averiguar qu\u00e9 aspecto tiene","og_url":"https:\/\/www.editorialjuventud.es\/max-el-valiente-9788426140715\/","og_site_name":"Editorial Juventud","article_modified_time":"2025-01-22T12:18:39+00:00","og_image":[{"width":338,"height":450,"url":"https:\/\/www.editorialjuventud.es\/wp-content\/uploads\/4071.jpg","type":"image\/jpeg"}],"twitter_card":"summary_large_image","schema":{"@context":"https:\/\/schema.org","@graph":[{"@type":"WebPage","@id":"https:\/\/www.editorialjuventud.es\/max-el-valiente-9788426140715\/","url":"https:\/\/www.editorialjuventud.es\/max-el-valiente-9788426140715\/","name":"Max el Valiente - Editorial Juventud","isPartOf":{"@id":"https:\/\/www.editorialjuventud.es\/#website"},"primaryImageOfPage":{"@id":"https:\/\/www.editorialjuventud.es\/max-el-valiente-9788426140715\/#primaryimage"},"image":{"@id":"https:\/\/www.editorialjuventud.es\/max-el-valiente-9788426140715\/#primaryimage"},"thumbnailUrl":"https:\/\/www.editorialjuventud.es\/wp-content\/uploads\/4071.jpg","datePublished":"2018-08-24T09:42:12+00:00","dateModified":"2025-01-22T12:18:39+00:00","description":"Este es Max. Max el valiente, Max el intr\u00e9pido, Max el que caza ratones... Pero, para ser un cazador de ratones, Max necesita averiguar qu\u00e9 aspecto tiene","breadcrumb":{"@id":"https:\/\/www.editorialjuventud.es\/max-el-valiente-9788426140715\/#breadcrumb"},"inLanguage":"ca","potentialAction":[{"@type":"ReadAction","target":["https:\/\/www.editorialjuventud.es\/max-el-valiente-9788426140715\/"]}]},{"@type":"ImageObject","inLanguage":"ca","@id":"https:\/\/www.editorialjuventud.es\/max-el-valiente-9788426140715\/#primaryimage","url":"https:\/\/www.editorialjuventud.es\/wp-content\/uploads\/4071.jpg","contentUrl":"https:\/\/www.editorialjuventud.es\/wp-content\/uploads\/4071.jpg","width":338,"height":450,"caption":"4071.jpg"},{"@type":"BreadcrumbList","@id":"https:\/\/www.editorialjuventud.es\/max-el-valiente-9788426140715\/#breadcrumb","itemListElement":[{"@type":"ListItem","position":1,"name":"Portada","item":"https:\/\/www.editorialjuventud.es\/"},{"@type":"ListItem","position":2,"name":"cat\u00e1logo","item":"https:\/\/www.editorialjuventud.es\/coleccion\/catalogo\/"},{"@type":"ListItem","position":3,"name":"castellano","item":"https:\/\/www.editorialjuventud.es\/coleccion\/castellano\/"},{"@type":"ListItem","position":4,"name":"\u00c1lbumes Ilustrados","item":"https:\/\/www.editorialjuventud.es\/coleccion\/albumes-ilustrados\/"},{"@type":"ListItem","position":5,"name":"Leer entre Risas","item":"https:\/\/www.editorialjuventud.es\/coleccion\/leer-entre-risas\/"},{"@type":"ListItem","position":6,"name":"Max el Gatito","item":"https:\/\/www.editorialjuventud.es\/coleccion\/max-el-gatito\/"},{"@type":"ListItem","position":7,"name":"Max el Valiente"}]},{"@type":"WebSite","@id":"https:\/\/www.editorialjuventud.es\/#website","url":"https:\/\/www.editorialjuventud.es\/","name":"Editorial Juventud","description":"","potentialAction":[{"@type":"SearchAction","target":{"@type":"EntryPoint","urlTemplate":"https:\/\/www.editorialjuventud.es\/?s={search_term_string}"},"query-input":{"@type":"PropertyValueSpecification","valueRequired":true,"valueName":"search_term_string"}}],"inLanguage":"ca"}]}},"_links":{"self":[{"href":"https:\/\/www.editorialjuventud.es\/ca\/wp-json\/wp\/v2\/product\/5960","targetHints":{"allow":["GET"]}}],"collection":[{"href":"https:\/\/www.editorialjuventud.es\/ca\/wp-json\/wp\/v2\/product"}],"about":[{"href":"https:\/\/www.editorialjuventud.es\/ca\/wp-json\/wp\/v2\/types\/product"}],"wp:featuredmedia":[{"embeddable":true,"href":"https:\/\/www.editorialjuventud.es\/ca\/wp-json\/wp\/v2\/media\/14063"}],"wp:attachment":[{"href":"https:\/\/www.editorialjuventud.es\/ca\/wp-json\/wp\/v2\/media?parent=5960"}],"wp:term":[{"taxonomy":"product_brand","embeddable":true,"href":"https:\/\/www.editorialjuventud.es\/ca\/wp-json\/wp\/v2\/product_brand?post=5960"},{"taxonomy":"product_cat","embeddable":true,"href":"https:\/\/www.editorialjuventud.es\/ca\/wp-json\/wp\/v2\/product_cat?post=5960"},{"taxonomy":"product_tag","embeddable":true,"href":"https:\/\/www.editorialjuventud.es\/ca\/wp-json\/wp\/v2\/product_tag?post=5960"},{"taxonomy":"coleccion","embeddable":true,"href":"https:\/\/www.editorialjuventud.es\/ca\/wp-json\/wp\/v2\/coleccion?post=5960"}],"curies":[{"name":"wp","href":"https:\/\/api.w.org\/{rel}","templated":true}]}}