{"id":59588,"date":"2021-11-15T10:06:13","date_gmt":"2021-11-15T09:06:13","guid":{"rendered":"https:\/\/www.editorialjuventud.es\/los-lunes-de-colores-un-bibliomovil-en-honduras-9788426147417\/"},"modified":"2025-04-30T11:31:57","modified_gmt":"2025-04-30T09:31:57","slug":"los-lunes-de-colores-un-bibliomovil-en-honduras-9788426147417","status":"publish","type":"product","link":"https:\/\/www.editorialjuventud.es\/ca\/los-lunes-de-colores-un-bibliomovil-en-honduras-9788426147417\/","title":{"rendered":"Los lunes de colores. Un bibliom\u00f3vil en Honduras"},"content":{"rendered":"<p>En Villa Nueva parece que abundan las historias tristes. Pero el lunes es el d\u00eda m\u00e1s esperado: Nelson y Gerson acuden con su bibliom\u00f3vil y sus historias consiguen que los ni\u00f1os regresen m\u00e1s felices a sus casas.<\/p>\n<p>El bibliom\u00f3vil es un veh\u00edculo equipado con libros, mesas, carpas, sillas&#8230; pero es mucho m\u00e1s que eso. Es la puerta de entrada al mundo de la narraci\u00f3n, a la diversi\u00f3n, a un mundo infinito lleno de posibilidades. Esta es la historia de Nelson, del bibliom\u00f3vil y, sobre todo, de todos los ni\u00f1os que se paran a escuchar sus historias all\u00e1 donde vaya.<br \/>\nA trav\u00e9s de las p\u00e1ginas de este \u00e1lbum conoceremos la incansable labor de Nelson Rodr\u00edguez y su dedicaci\u00f3n por promover libros, ense\u00f1ar m\u00fasica y llevar alegr\u00eda a las comunidades m\u00e1s desfavorecidas de su pa\u00eds, Honduras. Una historia inspiradora.<\/p>\n<p><img loading=\"lazy\" decoding=\"async\" class=\"alignnone size-full wp-image-79655\" src=\"https:\/\/www.editorialjuventud.es\/wp-content\/uploads\/Logo_Suport_ICEC-e1738321957667.jpg\" alt=\"\" width=\"500\" height=\"131\" \/><\/p>\n","protected":false},"excerpt":{"rendered":"En Villa Nueva parece que abundan las historias tristes. Pero el lunes es el d\u00eda m\u00e1s esperado: Nelson y Gerson acuden con su bibliom\u00f3vil y sus historias consiguen que los ni\u00f1os regresen m\u00e1s felices a sus casas. El bibliom\u00f3vil es [&hellip;]","protected":false},"featured_media":59589,"template":"","meta":{"_acf_changed":false,"_exactmetrics_skip_tracking":false,"_exactmetrics_sitenote_active":false,"_exactmetrics_sitenote_note":"","_exactmetrics_sitenote_category":0},"product_brand":[],"product_cat":[902,1121,1133,1135,1144],"product_tag":[],"coleccion":[1233],"class_list":{"0":"post-59588","1":"product","2":"type-product","3":"status-publish","4":"has-post-thumbnail","6":"product_cat-a-partir-de-7-anos","7":"product_cat-albumes-ilustrados","8":"product_cat-alfabetizacion","9":"product_cat-america-latina","10":"product_cat-bibliotecas-libros-sobre-libros","11":"coleccion-libros-y-bibliotecas-albumes-ilustrados","13":"first","14":"instock","15":"taxable","16":"shipping-taxable","17":"purchasable","18":"product-type-simple"},"acf":{"indice":"","autor":"Rodr\u00edguez, Nelson; Montes, L. A.","codart":"4741","ediciones":"1","encuadernacion":"Carton\u00e9","fecha_de_publicacion":"01\/11\/2021","fecha_de_reimpresion":"","novedad":"0","paginas":"32","subtitulo":"","texto_web_adicional":"","autores-libros":[59188,59189],"ilustradores-libros":[59453,59454],"texto_web_novedad":"","orden":"999","portada":"0","texto_web_resaltado":"","traductores-libros":"","descripcion_corta":"En Villa Nueva parece que abundan las historias tristes. Pero el lunes es el d\u00eda m\u00e1s esperado: Nelson y Gerson acuden con su bibliom\u00f3vil","recomendamos":"","mas_vendido":"","idioma-libro":"","color":false,"formato":"","mas_informacion_del_producto":false,"premios":[{"premio":"USBBY Outstanding International Book","anyo_del_premio":"2024","pais_del_premio":"EE.UU."},{"premio":"The Original Art por la Society of Illustrators Original Art Exhibit","anyo_del_premio":"2023","pais_del_premio":"Nueva York, EE.UU."}],"deshabilitar_compra":[],"texto_enlace_cubierta":"","enlace_cubierta":{"ID":59633,"id":59633,"title":"cover (mercedes) los lunes de colores.indd","filename":"Los-Lunes-de-Colores_Cover.jpg","filesize":2303756,"url":"https:\/\/www.editorialjuventud.es\/wp-content\/uploads\/Los-Lunes-de-Colores_Cover.jpg","link":"https:\/\/www.editorialjuventud.es\/ca\/?attachment_id=59633","alt":"","author":"50","description":"","caption":"","name":"cover-mercedes-los-lunes-de-colores-indd-3","status":"inherit","uploaded_to":59588,"date":"2021-11-16 09:40:06","modified":"2021-11-16 09:40:06","menu_order":0,"mime_type":"image\/jpeg","type":"image","subtype":"jpeg","icon":"https:\/\/www.editorialjuventud.es\/wp-includes\/images\/media\/default.png","width":3072,"height":3072,"sizes":{"thumbnail":"https:\/\/www.editorialjuventud.es\/wp-content\/uploads\/Los-Lunes-de-Colores_Cover-200x200.jpg","thumbnail-width":200,"thumbnail-height":200,"medium":"https:\/\/www.editorialjuventud.es\/wp-content\/uploads\/Los-Lunes-de-Colores_Cover.jpg","medium-width":3072,"medium-height":3072,"medium_large":"https:\/\/www.editorialjuventud.es\/wp-content\/uploads\/Los-Lunes-de-Colores_Cover-768x768.jpg","medium_large-width":768,"medium_large-height":768,"large":"https:\/\/www.editorialjuventud.es\/wp-content\/uploads\/Los-Lunes-de-Colores_Cover.jpg","large-width":3072,"large-height":3072,"1536x1536":"https:\/\/www.editorialjuventud.es\/wp-content\/uploads\/Los-Lunes-de-Colores_Cover.jpg","1536x1536-width":1536,"1536x1536-height":1536,"2048x2048":"https:\/\/www.editorialjuventud.es\/wp-content\/uploads\/Los-Lunes-de-Colores_Cover.jpg","2048x2048-width":2048,"2048x2048-height":2048,"woocommerce_thumbnail":"https:\/\/www.editorialjuventud.es\/wp-content\/uploads\/Los-Lunes-de-Colores_Cover-350x350.jpg","woocommerce_thumbnail-width":350,"woocommerce_thumbnail-height":350,"woocommerce_single":"https:\/\/www.editorialjuventud.es\/wp-content\/uploads\/Los-Lunes-de-Colores_Cover-900x900.jpg","woocommerce_single-width":900,"woocommerce_single-height":900,"woocommerce_gallery_thumbnail":"https:\/\/www.editorialjuventud.es\/wp-content\/uploads\/Los-Lunes-de-Colores_Cover-100x100.jpg","woocommerce_gallery_thumbnail-width":100,"woocommerce_gallery_thumbnail-height":100,"ppec_logo_image_size":"https:\/\/www.editorialjuventud.es\/wp-content\/uploads\/Los-Lunes-de-Colores_Cover.jpg","ppec_logo_image_size-width":60,"ppec_logo_image_size-height":60,"ppec_header_image_size":"https:\/\/www.editorialjuventud.es\/wp-content\/uploads\/Los-Lunes-de-Colores_Cover.jpg","ppec_header_image_size-width":90,"ppec_header_image_size-height":90}},"texto_enlace_ficha_tecnica":"","enlace_ficha_tecnica":{"ID":59828,"id":59828,"title":"LosLunesDeColores_Ficha","filename":"LosLunesDeColores_Ficha.pdf","filesize":1203001,"url":"https:\/\/www.editorialjuventud.es\/wp-content\/uploads\/LosLunesDeColores_Ficha.pdf","link":"https:\/\/www.editorialjuventud.es\/ca\/?attachment_id=59828","alt":"","author":"50","description":"","caption":"","name":"loslunesdecolores_ficha","status":"inherit","uploaded_to":59588,"date":"2021-11-19 13:26:32","modified":"2021-11-19 13:26:32","menu_order":0,"mime_type":"application\/pdf","type":"application","subtype":"pdf","icon":"https:\/\/www.editorialjuventud.es\/wp-includes\/images\/media\/document.png"},"ficheros":false,"titulo-fr":"Colorful Mondays. A Bookmobile In Honduras","texto-fr":"<p>In Villa Nueva seems like sad stories abound. However, Monday is the most desired day: Nelson and Gerson go with their bookmobile and their stories make the kids go back home happy.<\/p>\n<p>The bookmobile is a vehicle equipped with books, tables, tents, chairs\u2026 but it is much more than that. It is the entrance door to the narration universe, to fun, and an infinite world with plenty of possibilities. This is the story of Nelson, the bookmobile and, especially, of all the kids that stop to listen to their stories whenever they go.<\/p>\n<p><span style=\"color: #008080;\"><em>\u203a Rights sold: Korea, Brazil and English (Worldwide)<\/em><\/span><\/p>\n"},"yoast_head":"<!-- This site is optimized with the Yoast SEO plugin v27.5 - https:\/\/yoast.com\/product\/yoast-seo-wordpress\/ -->\n<title>Los lunes de colores. Un bibliom\u00f3vil en Honduras - Editorial Juventud<\/title>\n<meta name=\"description\" content=\"En Villa Nueva parece que abundan las historias tristes. Pero el lunes es el d\u00eda m\u00e1s esperado: Nelson y Gerson acuden con su bibliom\u00f3vil y sus historias\" \/>\n<meta name=\"robots\" content=\"index, follow, max-snippet:-1, max-image-preview:large, max-video-preview:-1\" \/>\n<link rel=\"canonical\" href=\"https:\/\/www.editorialjuventud.es\/los-lunes-de-colores-un-bibliomovil-en-honduras-9788426147417\/\" \/>\n<meta property=\"og:locale\" content=\"ca_ES\" \/>\n<meta property=\"og:type\" content=\"article\" \/>\n<meta property=\"og:title\" content=\"Los lunes de colores. Un bibliom\u00f3vil en Honduras - Editorial Juventud\" \/>\n<meta property=\"og:description\" content=\"En Villa Nueva parece que abundan las historias tristes. Pero el lunes es el d\u00eda m\u00e1s esperado: Nelson y Gerson acuden con su bibliom\u00f3vil y sus historias\" \/>\n<meta property=\"og:url\" content=\"https:\/\/www.editorialjuventud.es\/los-lunes-de-colores-un-bibliomovil-en-honduras-9788426147417\/\" \/>\n<meta property=\"og:site_name\" content=\"Editorial Juventud\" \/>\n<meta property=\"article:modified_time\" content=\"2025-04-30T09:31:57+00:00\" \/>\n<meta property=\"og:image\" content=\"https:\/\/www.editorialjuventud.es\/wp-content\/uploads\/9788426147417-1.jpg\" \/>\n\t<meta property=\"og:image:width\" content=\"540\" \/>\n\t<meta property=\"og:image:height\" content=\"540\" \/>\n\t<meta property=\"og:image:type\" content=\"image\/jpeg\" \/>\n<meta name=\"twitter:card\" content=\"summary_large_image\" \/>\n<meta name=\"twitter:label1\" content=\"Temps estimat de lectura\" \/>\n\t<meta name=\"twitter:data1\" content=\"2 minuts\" \/>\n<script type=\"application\/ld+json\" class=\"yoast-schema-graph\">{\"@context\":\"https:\\\/\\\/schema.org\",\"@graph\":[{\"@type\":\"WebPage\",\"@id\":\"https:\\\/\\\/www.editorialjuventud.es\\\/los-lunes-de-colores-un-bibliomovil-en-honduras-9788426147417\\\/\",\"url\":\"https:\\\/\\\/www.editorialjuventud.es\\\/los-lunes-de-colores-un-bibliomovil-en-honduras-9788426147417\\\/\",\"name\":\"Los lunes de colores. Un bibliom\u00f3vil en Honduras - Editorial Juventud\",\"isPartOf\":{\"@id\":\"https:\\\/\\\/www.editorialjuventud.es\\\/#website\"},\"primaryImageOfPage\":{\"@id\":\"https:\\\/\\\/www.editorialjuventud.es\\\/los-lunes-de-colores-un-bibliomovil-en-honduras-9788426147417\\\/#primaryimage\"},\"image\":{\"@id\":\"https:\\\/\\\/www.editorialjuventud.es\\\/los-lunes-de-colores-un-bibliomovil-en-honduras-9788426147417\\\/#primaryimage\"},\"thumbnailUrl\":\"https:\\\/\\\/www.editorialjuventud.es\\\/wp-content\\\/uploads\\\/9788426147417-1.jpg\",\"datePublished\":\"2021-11-15T09:06:13+00:00\",\"dateModified\":\"2025-04-30T09:31:57+00:00\",\"description\":\"En Villa Nueva parece que abundan las historias tristes. Pero el lunes es el d\u00eda m\u00e1s esperado: Nelson y Gerson acuden con su bibliom\u00f3vil y sus historias\",\"breadcrumb\":{\"@id\":\"https:\\\/\\\/www.editorialjuventud.es\\\/los-lunes-de-colores-un-bibliomovil-en-honduras-9788426147417\\\/#breadcrumb\"},\"inLanguage\":\"ca\",\"potentialAction\":[{\"@type\":\"ReadAction\",\"target\":[\"https:\\\/\\\/www.editorialjuventud.es\\\/los-lunes-de-colores-un-bibliomovil-en-honduras-9788426147417\\\/\"]}]},{\"@type\":\"ImageObject\",\"inLanguage\":\"ca\",\"@id\":\"https:\\\/\\\/www.editorialjuventud.es\\\/los-lunes-de-colores-un-bibliomovil-en-honduras-9788426147417\\\/#primaryimage\",\"url\":\"https:\\\/\\\/www.editorialjuventud.es\\\/wp-content\\\/uploads\\\/9788426147417-1.jpg\",\"contentUrl\":\"https:\\\/\\\/www.editorialjuventud.es\\\/wp-content\\\/uploads\\\/9788426147417-1.jpg\",\"width\":540,\"height\":540,\"caption\":\"9788426147417.jpg\"},{\"@type\":\"BreadcrumbList\",\"@id\":\"https:\\\/\\\/www.editorialjuventud.es\\\/los-lunes-de-colores-un-bibliomovil-en-honduras-9788426147417\\\/#breadcrumb\",\"itemListElement\":[{\"@type\":\"ListItem\",\"position\":1,\"name\":\"Portada\",\"item\":\"https:\\\/\\\/www.editorialjuventud.es\\\/\"},{\"@type\":\"ListItem\",\"position\":2,\"name\":\"cat\u00e1logo\",\"item\":\"https:\\\/\\\/www.editorialjuventud.es\\\/coleccion\\\/catalogo\\\/\"},{\"@type\":\"ListItem\",\"position\":3,\"name\":\"castellano\",\"item\":\"https:\\\/\\\/www.editorialjuventud.es\\\/coleccion\\\/castellano\\\/\"},{\"@type\":\"ListItem\",\"position\":4,\"name\":\"\u00c1lbumes Ilustrados\",\"item\":\"https:\\\/\\\/www.editorialjuventud.es\\\/coleccion\\\/albumes-ilustrados\\\/\"},{\"@type\":\"ListItem\",\"position\":5,\"name\":\"Libros y Bibliotecas\",\"item\":\"https:\\\/\\\/www.editorialjuventud.es\\\/coleccion\\\/libros-y-bibliotecas-albumes-ilustrados\\\/\"},{\"@type\":\"ListItem\",\"position\":6,\"name\":\"Los lunes de colores. Un bibliom\u00f3vil en Honduras\"}]},{\"@type\":\"WebSite\",\"@id\":\"https:\\\/\\\/www.editorialjuventud.es\\\/#website\",\"url\":\"https:\\\/\\\/www.editorialjuventud.es\\\/\",\"name\":\"Editorial Juventud\",\"description\":\"\",\"potentialAction\":[{\"@type\":\"SearchAction\",\"target\":{\"@type\":\"EntryPoint\",\"urlTemplate\":\"https:\\\/\\\/www.editorialjuventud.es\\\/?s={search_term_string}\"},\"query-input\":{\"@type\":\"PropertyValueSpecification\",\"valueRequired\":true,\"valueName\":\"search_term_string\"}}],\"inLanguage\":\"ca\"}]}<\/script>\n<!-- \/ Yoast SEO plugin. -->","yoast_head_json":{"title":"Los lunes de colores. Un bibliom\u00f3vil en Honduras - Editorial Juventud","description":"En Villa Nueva parece que abundan las historias tristes. Pero el lunes es el d\u00eda m\u00e1s esperado: Nelson y Gerson acuden con su bibliom\u00f3vil y sus historias","robots":{"index":"index","follow":"follow","max-snippet":"max-snippet:-1","max-image-preview":"max-image-preview:large","max-video-preview":"max-video-preview:-1"},"canonical":"https:\/\/www.editorialjuventud.es\/los-lunes-de-colores-un-bibliomovil-en-honduras-9788426147417\/","og_locale":"ca_ES","og_type":"article","og_title":"Los lunes de colores. Un bibliom\u00f3vil en Honduras - Editorial Juventud","og_description":"En Villa Nueva parece que abundan las historias tristes. Pero el lunes es el d\u00eda m\u00e1s esperado: Nelson y Gerson acuden con su bibliom\u00f3vil y sus historias","og_url":"https:\/\/www.editorialjuventud.es\/los-lunes-de-colores-un-bibliomovil-en-honduras-9788426147417\/","og_site_name":"Editorial Juventud","article_modified_time":"2025-04-30T09:31:57+00:00","og_image":[{"width":540,"height":540,"url":"https:\/\/www.editorialjuventud.es\/wp-content\/uploads\/9788426147417-1.jpg","type":"image\/jpeg"}],"twitter_card":"summary_large_image","twitter_misc":{"Temps estimat de lectura":"2 minuts"},"schema":{"@context":"https:\/\/schema.org","@graph":[{"@type":"WebPage","@id":"https:\/\/www.editorialjuventud.es\/los-lunes-de-colores-un-bibliomovil-en-honduras-9788426147417\/","url":"https:\/\/www.editorialjuventud.es\/los-lunes-de-colores-un-bibliomovil-en-honduras-9788426147417\/","name":"Los lunes de colores. Un bibliom\u00f3vil en Honduras - Editorial Juventud","isPartOf":{"@id":"https:\/\/www.editorialjuventud.es\/#website"},"primaryImageOfPage":{"@id":"https:\/\/www.editorialjuventud.es\/los-lunes-de-colores-un-bibliomovil-en-honduras-9788426147417\/#primaryimage"},"image":{"@id":"https:\/\/www.editorialjuventud.es\/los-lunes-de-colores-un-bibliomovil-en-honduras-9788426147417\/#primaryimage"},"thumbnailUrl":"https:\/\/www.editorialjuventud.es\/wp-content\/uploads\/9788426147417-1.jpg","datePublished":"2021-11-15T09:06:13+00:00","dateModified":"2025-04-30T09:31:57+00:00","description":"En Villa Nueva parece que abundan las historias tristes. Pero el lunes es el d\u00eda m\u00e1s esperado: Nelson y Gerson acuden con su bibliom\u00f3vil y sus historias","breadcrumb":{"@id":"https:\/\/www.editorialjuventud.es\/los-lunes-de-colores-un-bibliomovil-en-honduras-9788426147417\/#breadcrumb"},"inLanguage":"ca","potentialAction":[{"@type":"ReadAction","target":["https:\/\/www.editorialjuventud.es\/los-lunes-de-colores-un-bibliomovil-en-honduras-9788426147417\/"]}]},{"@type":"ImageObject","inLanguage":"ca","@id":"https:\/\/www.editorialjuventud.es\/los-lunes-de-colores-un-bibliomovil-en-honduras-9788426147417\/#primaryimage","url":"https:\/\/www.editorialjuventud.es\/wp-content\/uploads\/9788426147417-1.jpg","contentUrl":"https:\/\/www.editorialjuventud.es\/wp-content\/uploads\/9788426147417-1.jpg","width":540,"height":540,"caption":"9788426147417.jpg"},{"@type":"BreadcrumbList","@id":"https:\/\/www.editorialjuventud.es\/los-lunes-de-colores-un-bibliomovil-en-honduras-9788426147417\/#breadcrumb","itemListElement":[{"@type":"ListItem","position":1,"name":"Portada","item":"https:\/\/www.editorialjuventud.es\/"},{"@type":"ListItem","position":2,"name":"cat\u00e1logo","item":"https:\/\/www.editorialjuventud.es\/coleccion\/catalogo\/"},{"@type":"ListItem","position":3,"name":"castellano","item":"https:\/\/www.editorialjuventud.es\/coleccion\/castellano\/"},{"@type":"ListItem","position":4,"name":"\u00c1lbumes Ilustrados","item":"https:\/\/www.editorialjuventud.es\/coleccion\/albumes-ilustrados\/"},{"@type":"ListItem","position":5,"name":"Libros y Bibliotecas","item":"https:\/\/www.editorialjuventud.es\/coleccion\/libros-y-bibliotecas-albumes-ilustrados\/"},{"@type":"ListItem","position":6,"name":"Los lunes de colores. Un bibliom\u00f3vil en Honduras"}]},{"@type":"WebSite","@id":"https:\/\/www.editorialjuventud.es\/#website","url":"https:\/\/www.editorialjuventud.es\/","name":"Editorial Juventud","description":"","potentialAction":[{"@type":"SearchAction","target":{"@type":"EntryPoint","urlTemplate":"https:\/\/www.editorialjuventud.es\/?s={search_term_string}"},"query-input":{"@type":"PropertyValueSpecification","valueRequired":true,"valueName":"search_term_string"}}],"inLanguage":"ca"}]}},"_links":{"self":[{"href":"https:\/\/www.editorialjuventud.es\/ca\/wp-json\/wp\/v2\/product\/59588","targetHints":{"allow":["GET"]}}],"collection":[{"href":"https:\/\/www.editorialjuventud.es\/ca\/wp-json\/wp\/v2\/product"}],"about":[{"href":"https:\/\/www.editorialjuventud.es\/ca\/wp-json\/wp\/v2\/types\/product"}],"wp:featuredmedia":[{"embeddable":true,"href":"https:\/\/www.editorialjuventud.es\/ca\/wp-json\/wp\/v2\/media\/59589"}],"wp:attachment":[{"href":"https:\/\/www.editorialjuventud.es\/ca\/wp-json\/wp\/v2\/media?parent=59588"}],"wp:term":[{"taxonomy":"product_brand","embeddable":true,"href":"https:\/\/www.editorialjuventud.es\/ca\/wp-json\/wp\/v2\/product_brand?post=59588"},{"taxonomy":"product_cat","embeddable":true,"href":"https:\/\/www.editorialjuventud.es\/ca\/wp-json\/wp\/v2\/product_cat?post=59588"},{"taxonomy":"product_tag","embeddable":true,"href":"https:\/\/www.editorialjuventud.es\/ca\/wp-json\/wp\/v2\/product_tag?post=59588"},{"taxonomy":"coleccion","embeddable":true,"href":"https:\/\/www.editorialjuventud.es\/ca\/wp-json\/wp\/v2\/coleccion?post=59588"}],"curies":[{"name":"wp","href":"https:\/\/api.w.org\/{rel}","templated":true}]}}