{"id":5949,"date":"2018-08-24T11:41:25","date_gmt":"2018-08-24T09:41:25","guid":{"rendered":"http:\/\/www.editorialjuventud.es\/formas\/"},"modified":"2020-04-27T11:54:44","modified_gmt":"2020-04-27T09:54:44","slug":"formas-9788426140616","status":"publish","type":"product","link":"https:\/\/www.editorialjuventud.es\/ca\/formas-9788426140616\/","title":{"rendered":"Formas"},"content":{"rendered":"<p>Sigue la misteriosa caja roja a trav\u00e9s de su viaje por tierra, mar y aire en un viaje a trav\u00e9s de las formas\u0085<\/p>\n<p>Solo tienes que girar las p\u00e1ginas transparentes hacia delante y hacia atr\u00e1s para descubrir las diferentes formas y ver c\u00f3mo cambian las im\u00e1genes bajo las transparencias\u0085<\/p>\n","protected":false},"excerpt":{"rendered":"Sigue la misteriosa caja roja a trav\u00e9s de su viaje por tierra, mar y aire en un viaje a trav\u00e9s de las formas\u0085 Solo tienes que girar las p\u00e1ginas transparentes hacia delante y hacia atr\u00e1s para descubrir las diferentes formas [&hellip;]","protected":false},"featured_media":17026,"template":"","meta":{"_acf_changed":false,"_exactmetrics_skip_tracking":false,"_exactmetrics_sitenote_active":false,"_exactmetrics_sitenote_note":"","_exactmetrics_sitenote_category":0},"product_brand":[],"product_cat":[899,1121,892,1115,1213,1128],"product_tag":[],"coleccion":[916,1012,1296],"class_list":{"0":"post-5949","1":"product","2":"type-product","3":"status-publish","4":"has-post-thumbnail","6":"product_cat-a-partir-de-3-anos","7":"product_cat-albumes-ilustrados","8":"product_cat-edades","9":"product_cat-generos","10":"product_cat-primeros-conceptos","11":"product_cat-tematica","12":"coleccion-castellano","13":"coleccion-mis-primeros-conceptos","14":"coleccion-mis-primeros-libros","16":"first","17":"instock","18":"taxable","19":"shipping-taxable","20":"purchasable","21":"product-type-simple"},"acf":{"autor":"PATRICKGEORGE","codart":"4061","ediciones":"1","encuadernacion":"Carton\u00e9","fecha_de_publicacion":"10\/05\/2014","novedad":"0","paginas":"0","subtitulo":"","texto_web_adicional":"","texto_web_novedad":"","orden":"999","portada":"0","texto_web_resaltado":"","indice":"","autores-libros":[17699],"ilustradores-libros":[17699],"traductores-libros":"","descripcion_corta":"","recomendamos":"","mas_vendido":"","idioma-libro":"","color":false,"formato":"","mas_informacion_del_producto":false,"premios":false,"texto_enlace_cubierta":"","enlace_cubierta":false,"texto_enlace_ficha_tecnica":"","enlace_ficha_tecnica":false,"ficheros":false,"titulo-fr":"","texto-fr":"","fecha_de_reimpresion":"","deshabilitar_compra":["deshabilitar"]},"yoast_head":"<!-- This site is optimized with the Yoast SEO plugin v27.5 - https:\/\/yoast.com\/product\/yoast-seo-wordpress\/ -->\n<title>Formas - Editorial Juventud<\/title>\n<meta name=\"description\" content=\"Sigue la misteriosa caja roja a trav\u00e9s de su viaje por tierra, mar y aire en un viaje a trav\u00e9s de las formas\u0085 Solo tienes que girar las p\u00e1ginas\" \/>\n<meta name=\"robots\" content=\"index, follow, max-snippet:-1, max-image-preview:large, max-video-preview:-1\" \/>\n<link rel=\"canonical\" href=\"https:\/\/www.editorialjuventud.es\/formas-9788426140616\/\" \/>\n<meta property=\"og:locale\" content=\"ca_ES\" \/>\n<meta property=\"og:type\" content=\"article\" \/>\n<meta property=\"og:title\" content=\"Formas - Editorial Juventud\" \/>\n<meta property=\"og:description\" content=\"Sigue la misteriosa caja roja a trav\u00e9s de su viaje por tierra, mar y aire en un viaje a trav\u00e9s de las formas\u0085 Solo tienes que girar las p\u00e1ginas\" \/>\n<meta property=\"og:url\" content=\"https:\/\/www.editorialjuventud.es\/formas-9788426140616\/\" \/>\n<meta property=\"og:site_name\" content=\"Editorial Juventud\" \/>\n<meta property=\"article:modified_time\" content=\"2020-04-27T09:54:44+00:00\" \/>\n<meta property=\"og:image\" content=\"https:\/\/www.editorialjuventud.es\/wp-content\/uploads\/4061.jpg\" \/>\n\t<meta property=\"og:image:width\" content=\"491\" \/>\n\t<meta property=\"og:image:height\" content=\"450\" \/>\n\t<meta property=\"og:image:type\" content=\"image\/jpeg\" \/>\n<meta name=\"twitter:card\" content=\"summary_large_image\" \/>\n<script type=\"application\/ld+json\" class=\"yoast-schema-graph\">{\"@context\":\"https:\\\/\\\/schema.org\",\"@graph\":[{\"@type\":\"WebPage\",\"@id\":\"https:\\\/\\\/www.editorialjuventud.es\\\/formas-9788426140616\\\/\",\"url\":\"https:\\\/\\\/www.editorialjuventud.es\\\/formas-9788426140616\\\/\",\"name\":\"Formas - Editorial Juventud\",\"isPartOf\":{\"@id\":\"https:\\\/\\\/www.editorialjuventud.es\\\/#website\"},\"primaryImageOfPage\":{\"@id\":\"https:\\\/\\\/www.editorialjuventud.es\\\/formas-9788426140616\\\/#primaryimage\"},\"image\":{\"@id\":\"https:\\\/\\\/www.editorialjuventud.es\\\/formas-9788426140616\\\/#primaryimage\"},\"thumbnailUrl\":\"https:\\\/\\\/www.editorialjuventud.es\\\/wp-content\\\/uploads\\\/4061.jpg\",\"datePublished\":\"2018-08-24T09:41:25+00:00\",\"dateModified\":\"2020-04-27T09:54:44+00:00\",\"description\":\"Sigue la misteriosa caja roja a trav\u00e9s de su viaje por tierra, mar y aire en un viaje a trav\u00e9s de las formas\u0085 Solo tienes que girar las p\u00e1ginas\",\"breadcrumb\":{\"@id\":\"https:\\\/\\\/www.editorialjuventud.es\\\/formas-9788426140616\\\/#breadcrumb\"},\"inLanguage\":\"ca\",\"potentialAction\":[{\"@type\":\"ReadAction\",\"target\":[\"https:\\\/\\\/www.editorialjuventud.es\\\/formas-9788426140616\\\/\"]}]},{\"@type\":\"ImageObject\",\"inLanguage\":\"ca\",\"@id\":\"https:\\\/\\\/www.editorialjuventud.es\\\/formas-9788426140616\\\/#primaryimage\",\"url\":\"https:\\\/\\\/www.editorialjuventud.es\\\/wp-content\\\/uploads\\\/4061.jpg\",\"contentUrl\":\"https:\\\/\\\/www.editorialjuventud.es\\\/wp-content\\\/uploads\\\/4061.jpg\",\"width\":491,\"height\":450,\"caption\":\"4061.jpg\"},{\"@type\":\"BreadcrumbList\",\"@id\":\"https:\\\/\\\/www.editorialjuventud.es\\\/formas-9788426140616\\\/#breadcrumb\",\"itemListElement\":[{\"@type\":\"ListItem\",\"position\":1,\"name\":\"Portada\",\"item\":\"https:\\\/\\\/www.editorialjuventud.es\\\/\"},{\"@type\":\"ListItem\",\"position\":2,\"name\":\"cat\u00e1logo\",\"item\":\"https:\\\/\\\/www.editorialjuventud.es\\\/coleccion\\\/catalogo\\\/\"},{\"@type\":\"ListItem\",\"position\":3,\"name\":\"castellano\",\"item\":\"https:\\\/\\\/www.editorialjuventud.es\\\/coleccion\\\/castellano\\\/\"},{\"@type\":\"ListItem\",\"position\":4,\"name\":\"Mis Primeros Libros\",\"item\":\"https:\\\/\\\/www.editorialjuventud.es\\\/coleccion\\\/mis-primeros-libros\\\/\"},{\"@type\":\"ListItem\",\"position\":5,\"name\":\"Mis Primeros Conceptos\",\"item\":\"https:\\\/\\\/www.editorialjuventud.es\\\/coleccion\\\/mis-primeros-conceptos\\\/\"},{\"@type\":\"ListItem\",\"position\":6,\"name\":\"Formas\"}]},{\"@type\":\"WebSite\",\"@id\":\"https:\\\/\\\/www.editorialjuventud.es\\\/#website\",\"url\":\"https:\\\/\\\/www.editorialjuventud.es\\\/\",\"name\":\"Editorial Juventud\",\"description\":\"\",\"potentialAction\":[{\"@type\":\"SearchAction\",\"target\":{\"@type\":\"EntryPoint\",\"urlTemplate\":\"https:\\\/\\\/www.editorialjuventud.es\\\/?s={search_term_string}\"},\"query-input\":{\"@type\":\"PropertyValueSpecification\",\"valueRequired\":true,\"valueName\":\"search_term_string\"}}],\"inLanguage\":\"ca\"}]}<\/script>\n<!-- \/ Yoast SEO plugin. -->","yoast_head_json":{"title":"Formas - Editorial Juventud","description":"Sigue la misteriosa caja roja a trav\u00e9s de su viaje por tierra, mar y aire en un viaje a trav\u00e9s de las formas\u0085 Solo tienes que girar las p\u00e1ginas","robots":{"index":"index","follow":"follow","max-snippet":"max-snippet:-1","max-image-preview":"max-image-preview:large","max-video-preview":"max-video-preview:-1"},"canonical":"https:\/\/www.editorialjuventud.es\/formas-9788426140616\/","og_locale":"ca_ES","og_type":"article","og_title":"Formas - Editorial Juventud","og_description":"Sigue la misteriosa caja roja a trav\u00e9s de su viaje por tierra, mar y aire en un viaje a trav\u00e9s de las formas\u0085 Solo tienes que girar las p\u00e1ginas","og_url":"https:\/\/www.editorialjuventud.es\/formas-9788426140616\/","og_site_name":"Editorial Juventud","article_modified_time":"2020-04-27T09:54:44+00:00","og_image":[{"width":491,"height":450,"url":"https:\/\/www.editorialjuventud.es\/wp-content\/uploads\/4061.jpg","type":"image\/jpeg"}],"twitter_card":"summary_large_image","schema":{"@context":"https:\/\/schema.org","@graph":[{"@type":"WebPage","@id":"https:\/\/www.editorialjuventud.es\/formas-9788426140616\/","url":"https:\/\/www.editorialjuventud.es\/formas-9788426140616\/","name":"Formas - Editorial Juventud","isPartOf":{"@id":"https:\/\/www.editorialjuventud.es\/#website"},"primaryImageOfPage":{"@id":"https:\/\/www.editorialjuventud.es\/formas-9788426140616\/#primaryimage"},"image":{"@id":"https:\/\/www.editorialjuventud.es\/formas-9788426140616\/#primaryimage"},"thumbnailUrl":"https:\/\/www.editorialjuventud.es\/wp-content\/uploads\/4061.jpg","datePublished":"2018-08-24T09:41:25+00:00","dateModified":"2020-04-27T09:54:44+00:00","description":"Sigue la misteriosa caja roja a trav\u00e9s de su viaje por tierra, mar y aire en un viaje a trav\u00e9s de las formas\u0085 Solo tienes que girar las p\u00e1ginas","breadcrumb":{"@id":"https:\/\/www.editorialjuventud.es\/formas-9788426140616\/#breadcrumb"},"inLanguage":"ca","potentialAction":[{"@type":"ReadAction","target":["https:\/\/www.editorialjuventud.es\/formas-9788426140616\/"]}]},{"@type":"ImageObject","inLanguage":"ca","@id":"https:\/\/www.editorialjuventud.es\/formas-9788426140616\/#primaryimage","url":"https:\/\/www.editorialjuventud.es\/wp-content\/uploads\/4061.jpg","contentUrl":"https:\/\/www.editorialjuventud.es\/wp-content\/uploads\/4061.jpg","width":491,"height":450,"caption":"4061.jpg"},{"@type":"BreadcrumbList","@id":"https:\/\/www.editorialjuventud.es\/formas-9788426140616\/#breadcrumb","itemListElement":[{"@type":"ListItem","position":1,"name":"Portada","item":"https:\/\/www.editorialjuventud.es\/"},{"@type":"ListItem","position":2,"name":"cat\u00e1logo","item":"https:\/\/www.editorialjuventud.es\/coleccion\/catalogo\/"},{"@type":"ListItem","position":3,"name":"castellano","item":"https:\/\/www.editorialjuventud.es\/coleccion\/castellano\/"},{"@type":"ListItem","position":4,"name":"Mis Primeros Libros","item":"https:\/\/www.editorialjuventud.es\/coleccion\/mis-primeros-libros\/"},{"@type":"ListItem","position":5,"name":"Mis Primeros Conceptos","item":"https:\/\/www.editorialjuventud.es\/coleccion\/mis-primeros-conceptos\/"},{"@type":"ListItem","position":6,"name":"Formas"}]},{"@type":"WebSite","@id":"https:\/\/www.editorialjuventud.es\/#website","url":"https:\/\/www.editorialjuventud.es\/","name":"Editorial Juventud","description":"","potentialAction":[{"@type":"SearchAction","target":{"@type":"EntryPoint","urlTemplate":"https:\/\/www.editorialjuventud.es\/?s={search_term_string}"},"query-input":{"@type":"PropertyValueSpecification","valueRequired":true,"valueName":"search_term_string"}}],"inLanguage":"ca"}]}},"_links":{"self":[{"href":"https:\/\/www.editorialjuventud.es\/ca\/wp-json\/wp\/v2\/product\/5949","targetHints":{"allow":["GET"]}}],"collection":[{"href":"https:\/\/www.editorialjuventud.es\/ca\/wp-json\/wp\/v2\/product"}],"about":[{"href":"https:\/\/www.editorialjuventud.es\/ca\/wp-json\/wp\/v2\/types\/product"}],"wp:featuredmedia":[{"embeddable":true,"href":"https:\/\/www.editorialjuventud.es\/ca\/wp-json\/wp\/v2\/media\/17026"}],"wp:attachment":[{"href":"https:\/\/www.editorialjuventud.es\/ca\/wp-json\/wp\/v2\/media?parent=5949"}],"wp:term":[{"taxonomy":"product_brand","embeddable":true,"href":"https:\/\/www.editorialjuventud.es\/ca\/wp-json\/wp\/v2\/product_brand?post=5949"},{"taxonomy":"product_cat","embeddable":true,"href":"https:\/\/www.editorialjuventud.es\/ca\/wp-json\/wp\/v2\/product_cat?post=5949"},{"taxonomy":"product_tag","embeddable":true,"href":"https:\/\/www.editorialjuventud.es\/ca\/wp-json\/wp\/v2\/product_tag?post=5949"},{"taxonomy":"coleccion","embeddable":true,"href":"https:\/\/www.editorialjuventud.es\/ca\/wp-json\/wp\/v2\/coleccion?post=5949"}],"curies":[{"name":"wp","href":"https:\/\/api.w.org\/{rel}","templated":true}]}}