{"id":5948,"date":"2018-08-24T13:41:21","date_gmt":"2018-08-24T09:41:21","guid":{"rendered":"http:\/\/www.editorialjuventud.es\/croniques-duna-mar-desapareguda\/"},"modified":"2023-07-04T13:31:26","modified_gmt":"2023-07-04T11:31:26","slug":"croniques-duna-mar-desapareguda-9788426140609","status":"publish","type":"product","link":"https:\/\/www.editorialjuventud.es\/ca\/croniques-duna-mar-desapareguda-9788426140609\/","title":{"rendered":"Cr\u00f2niques d&#8217;una mar desapareguda"},"content":{"rendered":"<p>Cr\u00f2niques d&#8217;una mar desapareguda, narrada en primera persona per un alter ego de l&#8217;autor, situa la seva acci\u00f3 en una poblaci\u00f3 imagin\u00e0ria, Santa Maria d&#8217;Atipar (pal\u00edndrom de R\u00e0pita), de la qual en clau real i m\u00e0gica al mateix temps es narren els fets ocorreguts al llarg d&#8217;aproximadament uns vint anys. Es tracta d&#8217;una novel\u00b7la coral per on van desfilant personatges reals de la vila i d&#8217;altres imaginaris i fant\u00e0stics, que comparteixen una mateixa identitat marcada per la mar i les seves coses i que dibuixen un retrat acurat de la R\u00e0pita dels anys cinquanta i seixanta.<\/p>\n","protected":false},"excerpt":{"rendered":"Cr\u00f2niques d&#8217;una mar desapareguda, narrada en primera persona per un alter ego de l&#8217;autor, situa la seva acci\u00f3 en una poblaci\u00f3 imagin\u00e0ria, Santa Maria d&#8217;Atipar (pal\u00edndrom de R\u00e0pita), de la qual en clau real i m\u00e0gica al mateix temps es [&hellip;]","protected":false},"featured_media":12253,"template":"","meta":{"_acf_changed":false,"_exactmetrics_skip_tracking":false,"_exactmetrics_sitenote_active":false,"_exactmetrics_sitenote_note":"","_exactmetrics_sitenote_category":0},"product_brand":[],"product_cat":[905,892,1115,1120],"product_tag":[],"coleccion":[915,923,979,1053],"class_list":{"0":"post-5948","1":"product","2":"type-product","3":"status-publish","4":"has-post-thumbnail","6":"product_cat-adulto","7":"product_cat-edades","8":"product_cat-generos","9":"product_cat-nautica","10":"coleccion-catala","11":"coleccion-lectures-entorn-del-mar","12":"coleccion-narrativa-maritima","13":"coleccion-nostromo-laventura-maritima","15":"first","16":"instock","17":"taxable","18":"shipping-taxable","19":"purchasable","20":"product-type-simple"},"acf":{"autor":"REVERT\u00c9, MIQUEL","codart":"4060","ediciones":"1","encuadernacion":"R\u00fastica","fecha_de_publicacion":"01\/03\/2014","novedad":"0","paginas":"0","subtitulo":"","texto_web_adicional":"","texto_web_novedad":"","orden":"999","portada":"0","texto_web_resaltado":"","indice":"","autores-libros":[16580],"ilustradores-libros":"","traductores-libros":"","descripcion_corta":"","recomendamos":"","mas_vendido":"","idioma-libro":"","color":false,"formato":"","mas_informacion_del_producto":false,"premios":false,"texto_enlace_cubierta":"","enlace_cubierta":false,"texto_enlace_ficha_tecnica":"","enlace_ficha_tecnica":false,"ficheros":false,"titulo-fr":"","texto-fr":""},"yoast_head":"<!-- This site is optimized with the Yoast SEO plugin v27.5 - https:\/\/yoast.com\/product\/yoast-seo-wordpress\/ -->\n<title>Cr\u00f2niques d&#039;una mar desapareguda - Editorial Juventud<\/title>\n<meta name=\"description\" content=\"Cr\u00f2niques d&#039;una mar desapareguda, narrada en primera persona per un alter ego de l&#039;autor, situa la seva acci\u00f3 en una poblaci\u00f3 imagin\u00e0ria, Santa Maria\" \/>\n<meta name=\"robots\" content=\"index, follow, max-snippet:-1, max-image-preview:large, max-video-preview:-1\" \/>\n<link rel=\"canonical\" href=\"https:\/\/www.editorialjuventud.es\/croniques-duna-mar-desapareguda-9788426140609\/\" \/>\n<meta property=\"og:locale\" content=\"ca_ES\" \/>\n<meta property=\"og:type\" content=\"article\" \/>\n<meta property=\"og:title\" content=\"Cr\u00f2niques d&#039;una mar desapareguda - Editorial Juventud\" \/>\n<meta property=\"og:description\" content=\"Cr\u00f2niques d&#039;una mar desapareguda, narrada en primera persona per un alter ego de l&#039;autor, situa la seva acci\u00f3 en una poblaci\u00f3 imagin\u00e0ria, Santa Maria\" \/>\n<meta property=\"og:url\" content=\"https:\/\/www.editorialjuventud.es\/croniques-duna-mar-desapareguda-9788426140609\/\" \/>\n<meta property=\"og:site_name\" content=\"Editorial Juventud\" \/>\n<meta property=\"article:modified_time\" content=\"2023-07-04T11:31:26+00:00\" \/>\n<meta property=\"og:image\" content=\"https:\/\/www.editorialjuventud.es\/wp-content\/uploads\/4060.jpg\" \/>\n\t<meta property=\"og:image:width\" content=\"289\" \/>\n\t<meta property=\"og:image:height\" content=\"450\" \/>\n\t<meta property=\"og:image:type\" content=\"image\/jpeg\" \/>\n<meta name=\"twitter:card\" content=\"summary_large_image\" \/>\n<meta name=\"twitter:label1\" content=\"Temps estimat de lectura\" \/>\n\t<meta name=\"twitter:data1\" content=\"1 minut\" \/>\n<script type=\"application\/ld+json\" class=\"yoast-schema-graph\">{\"@context\":\"https:\\\/\\\/schema.org\",\"@graph\":[{\"@type\":\"WebPage\",\"@id\":\"https:\\\/\\\/www.editorialjuventud.es\\\/croniques-duna-mar-desapareguda-9788426140609\\\/\",\"url\":\"https:\\\/\\\/www.editorialjuventud.es\\\/croniques-duna-mar-desapareguda-9788426140609\\\/\",\"name\":\"Cr\u00f2niques d'una mar desapareguda - Editorial Juventud\",\"isPartOf\":{\"@id\":\"https:\\\/\\\/www.editorialjuventud.es\\\/#website\"},\"primaryImageOfPage\":{\"@id\":\"https:\\\/\\\/www.editorialjuventud.es\\\/croniques-duna-mar-desapareguda-9788426140609\\\/#primaryimage\"},\"image\":{\"@id\":\"https:\\\/\\\/www.editorialjuventud.es\\\/croniques-duna-mar-desapareguda-9788426140609\\\/#primaryimage\"},\"thumbnailUrl\":\"https:\\\/\\\/www.editorialjuventud.es\\\/wp-content\\\/uploads\\\/4060.jpg\",\"datePublished\":\"2018-08-24T09:41:21+00:00\",\"dateModified\":\"2023-07-04T11:31:26+00:00\",\"description\":\"Cr\u00f2niques d'una mar desapareguda, narrada en primera persona per un alter ego de l'autor, situa la seva acci\u00f3 en una poblaci\u00f3 imagin\u00e0ria, Santa Maria\",\"breadcrumb\":{\"@id\":\"https:\\\/\\\/www.editorialjuventud.es\\\/croniques-duna-mar-desapareguda-9788426140609\\\/#breadcrumb\"},\"inLanguage\":\"ca\",\"potentialAction\":[{\"@type\":\"ReadAction\",\"target\":[\"https:\\\/\\\/www.editorialjuventud.es\\\/croniques-duna-mar-desapareguda-9788426140609\\\/\"]}]},{\"@type\":\"ImageObject\",\"inLanguage\":\"ca\",\"@id\":\"https:\\\/\\\/www.editorialjuventud.es\\\/croniques-duna-mar-desapareguda-9788426140609\\\/#primaryimage\",\"url\":\"https:\\\/\\\/www.editorialjuventud.es\\\/wp-content\\\/uploads\\\/4060.jpg\",\"contentUrl\":\"https:\\\/\\\/www.editorialjuventud.es\\\/wp-content\\\/uploads\\\/4060.jpg\",\"width\":289,\"height\":450,\"caption\":\"4060.jpg\"},{\"@type\":\"BreadcrumbList\",\"@id\":\"https:\\\/\\\/www.editorialjuventud.es\\\/croniques-duna-mar-desapareguda-9788426140609\\\/#breadcrumb\",\"itemListElement\":[{\"@type\":\"ListItem\",\"position\":1,\"name\":\"Portada\",\"item\":\"https:\\\/\\\/www.editorialjuventud.es\\\/\"},{\"@type\":\"ListItem\",\"position\":2,\"name\":\"cat\u00e1logo\",\"item\":\"https:\\\/\\\/www.editorialjuventud.es\\\/coleccion\\\/catalogo\\\/\"},{\"@type\":\"ListItem\",\"position\":3,\"name\":\"catal\u00e0\",\"item\":\"https:\\\/\\\/www.editorialjuventud.es\\\/coleccion\\\/catala\\\/\"},{\"@type\":\"ListItem\",\"position\":4,\"name\":\"Lectures entorn del Mar\",\"item\":\"https:\\\/\\\/www.editorialjuventud.es\\\/coleccion\\\/lectures-entorn-del-mar\\\/\"},{\"@type\":\"ListItem\",\"position\":5,\"name\":\"Narrativa Mar\u00edtima\",\"item\":\"https:\\\/\\\/www.editorialjuventud.es\\\/coleccion\\\/narrativa-maritima\\\/\"},{\"@type\":\"ListItem\",\"position\":6,\"name\":\"Nostromo. L'Aventura Mar\u00edtima\",\"item\":\"https:\\\/\\\/www.editorialjuventud.es\\\/coleccion\\\/nostromo-laventura-maritima\\\/\"},{\"@type\":\"ListItem\",\"position\":7,\"name\":\"Cr\u00f2niques d&#8217;una mar desapareguda\"}]},{\"@type\":\"WebSite\",\"@id\":\"https:\\\/\\\/www.editorialjuventud.es\\\/#website\",\"url\":\"https:\\\/\\\/www.editorialjuventud.es\\\/\",\"name\":\"Editorial Juventud\",\"description\":\"\",\"potentialAction\":[{\"@type\":\"SearchAction\",\"target\":{\"@type\":\"EntryPoint\",\"urlTemplate\":\"https:\\\/\\\/www.editorialjuventud.es\\\/?s={search_term_string}\"},\"query-input\":{\"@type\":\"PropertyValueSpecification\",\"valueRequired\":true,\"valueName\":\"search_term_string\"}}],\"inLanguage\":\"ca\"}]}<\/script>\n<!-- \/ Yoast SEO plugin. -->","yoast_head_json":{"title":"Cr\u00f2niques d'una mar desapareguda - Editorial Juventud","description":"Cr\u00f2niques d'una mar desapareguda, narrada en primera persona per un alter ego de l'autor, situa la seva acci\u00f3 en una poblaci\u00f3 imagin\u00e0ria, Santa Maria","robots":{"index":"index","follow":"follow","max-snippet":"max-snippet:-1","max-image-preview":"max-image-preview:large","max-video-preview":"max-video-preview:-1"},"canonical":"https:\/\/www.editorialjuventud.es\/croniques-duna-mar-desapareguda-9788426140609\/","og_locale":"ca_ES","og_type":"article","og_title":"Cr\u00f2niques d'una mar desapareguda - Editorial Juventud","og_description":"Cr\u00f2niques d'una mar desapareguda, narrada en primera persona per un alter ego de l'autor, situa la seva acci\u00f3 en una poblaci\u00f3 imagin\u00e0ria, Santa Maria","og_url":"https:\/\/www.editorialjuventud.es\/croniques-duna-mar-desapareguda-9788426140609\/","og_site_name":"Editorial Juventud","article_modified_time":"2023-07-04T11:31:26+00:00","og_image":[{"width":289,"height":450,"url":"https:\/\/www.editorialjuventud.es\/wp-content\/uploads\/4060.jpg","type":"image\/jpeg"}],"twitter_card":"summary_large_image","twitter_misc":{"Temps estimat de lectura":"1 minut"},"schema":{"@context":"https:\/\/schema.org","@graph":[{"@type":"WebPage","@id":"https:\/\/www.editorialjuventud.es\/croniques-duna-mar-desapareguda-9788426140609\/","url":"https:\/\/www.editorialjuventud.es\/croniques-duna-mar-desapareguda-9788426140609\/","name":"Cr\u00f2niques d'una mar desapareguda - Editorial Juventud","isPartOf":{"@id":"https:\/\/www.editorialjuventud.es\/#website"},"primaryImageOfPage":{"@id":"https:\/\/www.editorialjuventud.es\/croniques-duna-mar-desapareguda-9788426140609\/#primaryimage"},"image":{"@id":"https:\/\/www.editorialjuventud.es\/croniques-duna-mar-desapareguda-9788426140609\/#primaryimage"},"thumbnailUrl":"https:\/\/www.editorialjuventud.es\/wp-content\/uploads\/4060.jpg","datePublished":"2018-08-24T09:41:21+00:00","dateModified":"2023-07-04T11:31:26+00:00","description":"Cr\u00f2niques d'una mar desapareguda, narrada en primera persona per un alter ego de l'autor, situa la seva acci\u00f3 en una poblaci\u00f3 imagin\u00e0ria, Santa Maria","breadcrumb":{"@id":"https:\/\/www.editorialjuventud.es\/croniques-duna-mar-desapareguda-9788426140609\/#breadcrumb"},"inLanguage":"ca","potentialAction":[{"@type":"ReadAction","target":["https:\/\/www.editorialjuventud.es\/croniques-duna-mar-desapareguda-9788426140609\/"]}]},{"@type":"ImageObject","inLanguage":"ca","@id":"https:\/\/www.editorialjuventud.es\/croniques-duna-mar-desapareguda-9788426140609\/#primaryimage","url":"https:\/\/www.editorialjuventud.es\/wp-content\/uploads\/4060.jpg","contentUrl":"https:\/\/www.editorialjuventud.es\/wp-content\/uploads\/4060.jpg","width":289,"height":450,"caption":"4060.jpg"},{"@type":"BreadcrumbList","@id":"https:\/\/www.editorialjuventud.es\/croniques-duna-mar-desapareguda-9788426140609\/#breadcrumb","itemListElement":[{"@type":"ListItem","position":1,"name":"Portada","item":"https:\/\/www.editorialjuventud.es\/"},{"@type":"ListItem","position":2,"name":"cat\u00e1logo","item":"https:\/\/www.editorialjuventud.es\/coleccion\/catalogo\/"},{"@type":"ListItem","position":3,"name":"catal\u00e0","item":"https:\/\/www.editorialjuventud.es\/coleccion\/catala\/"},{"@type":"ListItem","position":4,"name":"Lectures entorn del Mar","item":"https:\/\/www.editorialjuventud.es\/coleccion\/lectures-entorn-del-mar\/"},{"@type":"ListItem","position":5,"name":"Narrativa Mar\u00edtima","item":"https:\/\/www.editorialjuventud.es\/coleccion\/narrativa-maritima\/"},{"@type":"ListItem","position":6,"name":"Nostromo. L'Aventura Mar\u00edtima","item":"https:\/\/www.editorialjuventud.es\/coleccion\/nostromo-laventura-maritima\/"},{"@type":"ListItem","position":7,"name":"Cr\u00f2niques d&#8217;una mar desapareguda"}]},{"@type":"WebSite","@id":"https:\/\/www.editorialjuventud.es\/#website","url":"https:\/\/www.editorialjuventud.es\/","name":"Editorial Juventud","description":"","potentialAction":[{"@type":"SearchAction","target":{"@type":"EntryPoint","urlTemplate":"https:\/\/www.editorialjuventud.es\/?s={search_term_string}"},"query-input":{"@type":"PropertyValueSpecification","valueRequired":true,"valueName":"search_term_string"}}],"inLanguage":"ca"}]}},"_links":{"self":[{"href":"https:\/\/www.editorialjuventud.es\/ca\/wp-json\/wp\/v2\/product\/5948","targetHints":{"allow":["GET"]}}],"collection":[{"href":"https:\/\/www.editorialjuventud.es\/ca\/wp-json\/wp\/v2\/product"}],"about":[{"href":"https:\/\/www.editorialjuventud.es\/ca\/wp-json\/wp\/v2\/types\/product"}],"wp:featuredmedia":[{"embeddable":true,"href":"https:\/\/www.editorialjuventud.es\/ca\/wp-json\/wp\/v2\/media\/12253"}],"wp:attachment":[{"href":"https:\/\/www.editorialjuventud.es\/ca\/wp-json\/wp\/v2\/media?parent=5948"}],"wp:term":[{"taxonomy":"product_brand","embeddable":true,"href":"https:\/\/www.editorialjuventud.es\/ca\/wp-json\/wp\/v2\/product_brand?post=5948"},{"taxonomy":"product_cat","embeddable":true,"href":"https:\/\/www.editorialjuventud.es\/ca\/wp-json\/wp\/v2\/product_cat?post=5948"},{"taxonomy":"product_tag","embeddable":true,"href":"https:\/\/www.editorialjuventud.es\/ca\/wp-json\/wp\/v2\/product_tag?post=5948"},{"taxonomy":"coleccion","embeddable":true,"href":"https:\/\/www.editorialjuventud.es\/ca\/wp-json\/wp\/v2\/coleccion?post=5948"}],"curies":[{"name":"wp","href":"https:\/\/api.w.org\/{rel}","templated":true}]}}