{"id":59445,"date":"2021-11-11T14:26:54","date_gmt":"2021-11-11T13:26:54","guid":{"rendered":"https:\/\/www.editorialjuventud.es\/descubre-la-energia-9788426147394\/"},"modified":"2025-01-31T12:16:20","modified_gmt":"2025-01-31T11:16:20","slug":"descubre-la-energia-9788426147394","status":"publish","type":"product","link":"https:\/\/www.editorialjuventud.es\/ca\/descubre-la-energia-9788426147394\/","title":{"rendered":"Descubre la energ\u00eda"},"content":{"rendered":"<p>Todos sabemos que la energ\u00eda es importante, pero \u00bfsabemos qu\u00e9 es exactamente? El calor del Sol, el movimiento de nuestros cuerpos, la energ\u00eda de los r\u00edos y oc\u00e9anos, la fuerza del viento&#8230;, \u00a1todo a nuestro alrededor es energ\u00eda!<\/p>\n<p>En este \u00e1lbum ilustrado y con din\u00e1micos diagramas veremos de d\u00f3nde proviene la energ\u00eda, c\u00f3mo ha evolucionado su conocimiento, desde el descubrimiento del fuego a los avances en energ\u00eda nuclear, y c\u00f3mo el ser humano ha aprendido a aprovecharla de formas distintas para hacer su vida m\u00e1s f\u00e1cil.<\/p>\n<p>Debido al cambio clim\u00e1tico necesitamos encontrar nuevas fuentes de energ\u00eda y en este libro presentamos los revolucionarios inventos que podr\u00edan proporcionarnos energ\u00eda limpia, segura y sostenible para el futuro. Del ilustrador de la serie Dr. Albert presenta.<\/p>\n<p><img loading=\"lazy\" decoding=\"async\" class=\"alignnone size-full wp-image-79655\" src=\"https:\/\/www.editorialjuventud.es\/wp-content\/uploads\/Logo_Suport_ICEC-e1738321957667.jpg\" alt=\"\" width=\"500\" height=\"131\" \/><\/p>\n","protected":false},"excerpt":{"rendered":"Todos sabemos que la energ\u00eda es importante, pero \u00bfsabemos qu\u00e9 es exactamente? El calor del Sol, el movimiento de nuestros cuerpos, la energ\u00eda de los r\u00edos y oc\u00e9anos, la fuerza del viento&#8230;, \u00a1todo a nuestro alrededor es energ\u00eda! En este [&hellip;]","protected":false},"featured_media":59446,"template":"","meta":{"_acf_changed":false,"_exactmetrics_skip_tracking":false,"_exactmetrics_sitenote_active":false,"_exactmetrics_sitenote_note":"","_exactmetrics_sitenote_category":0},"product_brand":[],"product_cat":[904,1121,1149,1293],"product_tag":[],"coleccion":[928,916,987],"class_list":{"0":"post-59445","1":"product","2":"type-product","3":"status-publish","4":"has-post-thumbnail","6":"product_cat-a-partir-de-9-anos","7":"product_cat-albumes-ilustrados","8":"product_cat-ciencia","9":"product_cat-tecnologia","10":"coleccion-albumes-ilustrados","11":"coleccion-castellano","12":"coleccion-conocer-y-comprender","14":"first","15":"instock","16":"taxable","17":"shipping-taxable","18":"purchasable","19":"product-type-simple"},"acf":{"indice":"","autor":"Hirn, Johannes; Sanz, Ver\u00f3nica","codart":"4739","ediciones":"1","encuadernacion":"Carton\u00e9","fecha_de_publicacion":"01\/11\/2021","fecha_de_reimpresion":"","novedad":"0","paginas":"48","subtitulo":"","texto_web_adicional":"","autores-libros":[59443,59444],"ilustradores-libros":[17344],"texto_web_novedad":"","orden":"999","portada":"0","texto_web_resaltado":"","traductores-libros":[58414],"descripcion_corta":"Todos sabemos que la energ\u00eda es importante, pero \u00bfsabemos qu\u00e9 es exactamente?","recomendamos":"","mas_vendido":"","idioma-libro":"","color":false,"formato":"","mas_informacion_del_producto":false,"premios":false,"deshabilitar_compra":["deshabilitar"],"texto_enlace_cubierta":"","enlace_cubierta":{"ID":59717,"id":59717,"title":"Descubre Energia_cover_CAST","filename":"Descubre-Energia_cover_CAST.jpg","filesize":719927,"url":"https:\/\/www.editorialjuventud.es\/wp-content\/uploads\/Descubre-Energia_cover_CAST.jpg","link":"https:\/\/www.editorialjuventud.es\/ca\/?attachment_id=59717","alt":"","author":"50","description":"","caption":"","name":"descubre-energia_cover_cast","status":"inherit","uploaded_to":59445,"date":"2021-11-17 13:06:10","modified":"2021-11-17 13:06:10","menu_order":0,"mime_type":"image\/jpeg","type":"image","subtype":"jpeg","icon":"https:\/\/www.editorialjuventud.es\/wp-includes\/images\/media\/default.png","width":3428,"height":3380,"sizes":{"thumbnail":"https:\/\/www.editorialjuventud.es\/wp-content\/uploads\/Descubre-Energia_cover_CAST-200x200.jpg","thumbnail-width":200,"thumbnail-height":200,"medium":"https:\/\/www.editorialjuventud.es\/wp-content\/uploads\/Descubre-Energia_cover_CAST.jpg","medium-width":3428,"medium-height":3380,"medium_large":"https:\/\/www.editorialjuventud.es\/wp-content\/uploads\/Descubre-Energia_cover_CAST-768x757.jpg","medium_large-width":768,"medium_large-height":757,"large":"https:\/\/www.editorialjuventud.es\/wp-content\/uploads\/Descubre-Energia_cover_CAST.jpg","large-width":3428,"large-height":3380,"1536x1536":"https:\/\/www.editorialjuventud.es\/wp-content\/uploads\/Descubre-Energia_cover_CAST.jpg","1536x1536-width":1536,"1536x1536-height":1514,"2048x2048":"https:\/\/www.editorialjuventud.es\/wp-content\/uploads\/Descubre-Energia_cover_CAST.jpg","2048x2048-width":2048,"2048x2048-height":2019,"woocommerce_thumbnail":"https:\/\/www.editorialjuventud.es\/wp-content\/uploads\/Descubre-Energia_cover_CAST-350x345.jpg","woocommerce_thumbnail-width":350,"woocommerce_thumbnail-height":345,"woocommerce_single":"https:\/\/www.editorialjuventud.es\/wp-content\/uploads\/Descubre-Energia_cover_CAST-900x887.jpg","woocommerce_single-width":900,"woocommerce_single-height":887,"woocommerce_gallery_thumbnail":"https:\/\/www.editorialjuventud.es\/wp-content\/uploads\/Descubre-Energia_cover_CAST-100x100.jpg","woocommerce_gallery_thumbnail-width":100,"woocommerce_gallery_thumbnail-height":100,"ppec_logo_image_size":"https:\/\/www.editorialjuventud.es\/wp-content\/uploads\/Descubre-Energia_cover_CAST.jpg","ppec_logo_image_size-width":61,"ppec_logo_image_size-height":60,"ppec_header_image_size":"https:\/\/www.editorialjuventud.es\/wp-content\/uploads\/Descubre-Energia_cover_CAST.jpg","ppec_header_image_size-width":91,"ppec_header_image_size-height":90}},"texto_enlace_ficha_tecnica":"","enlace_ficha_tecnica":{"ID":59831,"id":59831,"title":"Descobriendo la Energia","filename":"Descobriendo-la-Energia.pdf","filesize":712576,"url":"https:\/\/www.editorialjuventud.es\/wp-content\/uploads\/Descobriendo-la-Energia.pdf","link":"https:\/\/www.editorialjuventud.es\/ca\/?attachment_id=59831","alt":"","author":"50","description":"","caption":"","name":"descobriendo-la-energia","status":"inherit","uploaded_to":59445,"date":"2021-11-19 13:38:37","modified":"2021-11-19 13:38:37","menu_order":0,"mime_type":"application\/pdf","type":"application","subtype":"pdf","icon":"https:\/\/www.editorialjuventud.es\/wp-includes\/images\/media\/document.png"},"ficheros":false,"titulo-fr":"","texto-fr":""},"yoast_head":"<!-- This site is optimized with the Yoast SEO plugin v27.5 - https:\/\/yoast.com\/product\/yoast-seo-wordpress\/ -->\n<title>Descubre la energ\u00eda - Editorial Juventud<\/title>\n<meta name=\"description\" content=\"Todos sabemos que la energ\u00eda es importante, pero \u00bfsabemos qu\u00e9 es exactamente? El calor del Sol, el movimiento de nuestros cuerpos, la energ\u00eda de los r\u00edos\" \/>\n<meta name=\"robots\" content=\"index, follow, max-snippet:-1, max-image-preview:large, max-video-preview:-1\" \/>\n<link rel=\"canonical\" href=\"https:\/\/www.editorialjuventud.es\/descubre-la-energia-9788426147394\/\" \/>\n<meta property=\"og:locale\" content=\"ca_ES\" \/>\n<meta property=\"og:type\" content=\"article\" \/>\n<meta property=\"og:title\" content=\"Descubre la energ\u00eda - Editorial Juventud\" \/>\n<meta property=\"og:description\" content=\"Todos sabemos que la energ\u00eda es importante, pero \u00bfsabemos qu\u00e9 es exactamente? El calor del Sol, el movimiento de nuestros cuerpos, la energ\u00eda de los r\u00edos\" \/>\n<meta property=\"og:url\" content=\"https:\/\/www.editorialjuventud.es\/descubre-la-energia-9788426147394\/\" \/>\n<meta property=\"og:site_name\" content=\"Editorial Juventud\" \/>\n<meta property=\"article:modified_time\" content=\"2025-01-31T11:16:20+00:00\" \/>\n<meta property=\"og:image\" content=\"https:\/\/www.editorialjuventud.es\/wp-content\/uploads\/9788426147394.jpg\" \/>\n\t<meta property=\"og:image:width\" content=\"540\" \/>\n\t<meta property=\"og:image:height\" content=\"532\" \/>\n\t<meta property=\"og:image:type\" content=\"image\/jpeg\" \/>\n<meta name=\"twitter:card\" content=\"summary_large_image\" \/>\n<meta name=\"twitter:label1\" content=\"Temps estimat de lectura\" \/>\n\t<meta name=\"twitter:data1\" content=\"1 minut\" \/>\n<script type=\"application\/ld+json\" class=\"yoast-schema-graph\">{\"@context\":\"https:\\\/\\\/schema.org\",\"@graph\":[{\"@type\":\"WebPage\",\"@id\":\"https:\\\/\\\/www.editorialjuventud.es\\\/descubre-la-energia-9788426147394\\\/\",\"url\":\"https:\\\/\\\/www.editorialjuventud.es\\\/descubre-la-energia-9788426147394\\\/\",\"name\":\"Descubre la energ\u00eda - Editorial Juventud\",\"isPartOf\":{\"@id\":\"https:\\\/\\\/www.editorialjuventud.es\\\/#website\"},\"primaryImageOfPage\":{\"@id\":\"https:\\\/\\\/www.editorialjuventud.es\\\/descubre-la-energia-9788426147394\\\/#primaryimage\"},\"image\":{\"@id\":\"https:\\\/\\\/www.editorialjuventud.es\\\/descubre-la-energia-9788426147394\\\/#primaryimage\"},\"thumbnailUrl\":\"https:\\\/\\\/www.editorialjuventud.es\\\/wp-content\\\/uploads\\\/9788426147394.jpg\",\"datePublished\":\"2021-11-11T13:26:54+00:00\",\"dateModified\":\"2025-01-31T11:16:20+00:00\",\"description\":\"Todos sabemos que la energ\u00eda es importante, pero \u00bfsabemos qu\u00e9 es exactamente? El calor del Sol, el movimiento de nuestros cuerpos, la energ\u00eda de los r\u00edos\",\"breadcrumb\":{\"@id\":\"https:\\\/\\\/www.editorialjuventud.es\\\/descubre-la-energia-9788426147394\\\/#breadcrumb\"},\"inLanguage\":\"ca\",\"potentialAction\":[{\"@type\":\"ReadAction\",\"target\":[\"https:\\\/\\\/www.editorialjuventud.es\\\/descubre-la-energia-9788426147394\\\/\"]}]},{\"@type\":\"ImageObject\",\"inLanguage\":\"ca\",\"@id\":\"https:\\\/\\\/www.editorialjuventud.es\\\/descubre-la-energia-9788426147394\\\/#primaryimage\",\"url\":\"https:\\\/\\\/www.editorialjuventud.es\\\/wp-content\\\/uploads\\\/9788426147394.jpg\",\"contentUrl\":\"https:\\\/\\\/www.editorialjuventud.es\\\/wp-content\\\/uploads\\\/9788426147394.jpg\",\"width\":540,\"height\":532,\"caption\":\"9788426147394.jpg\"},{\"@type\":\"BreadcrumbList\",\"@id\":\"https:\\\/\\\/www.editorialjuventud.es\\\/descubre-la-energia-9788426147394\\\/#breadcrumb\",\"itemListElement\":[{\"@type\":\"ListItem\",\"position\":1,\"name\":\"Portada\",\"item\":\"https:\\\/\\\/www.editorialjuventud.es\\\/\"},{\"@type\":\"ListItem\",\"position\":2,\"name\":\"cat\u00e1logo\",\"item\":\"https:\\\/\\\/www.editorialjuventud.es\\\/coleccion\\\/catalogo\\\/\"},{\"@type\":\"ListItem\",\"position\":3,\"name\":\"castellano\",\"item\":\"https:\\\/\\\/www.editorialjuventud.es\\\/coleccion\\\/castellano\\\/\"},{\"@type\":\"ListItem\",\"position\":4,\"name\":\"\u00c1lbumes Ilustrados\",\"item\":\"https:\\\/\\\/www.editorialjuventud.es\\\/coleccion\\\/albumes-ilustrados\\\/\"},{\"@type\":\"ListItem\",\"position\":5,\"name\":\"Conocer y Comprender\",\"item\":\"https:\\\/\\\/www.editorialjuventud.es\\\/coleccion\\\/conocer-y-comprender\\\/\"},{\"@type\":\"ListItem\",\"position\":6,\"name\":\"Descubre la energ\u00eda\"}]},{\"@type\":\"WebSite\",\"@id\":\"https:\\\/\\\/www.editorialjuventud.es\\\/#website\",\"url\":\"https:\\\/\\\/www.editorialjuventud.es\\\/\",\"name\":\"Editorial Juventud\",\"description\":\"\",\"potentialAction\":[{\"@type\":\"SearchAction\",\"target\":{\"@type\":\"EntryPoint\",\"urlTemplate\":\"https:\\\/\\\/www.editorialjuventud.es\\\/?s={search_term_string}\"},\"query-input\":{\"@type\":\"PropertyValueSpecification\",\"valueRequired\":true,\"valueName\":\"search_term_string\"}}],\"inLanguage\":\"ca\"}]}<\/script>\n<!-- \/ Yoast SEO plugin. -->","yoast_head_json":{"title":"Descubre la energ\u00eda - Editorial Juventud","description":"Todos sabemos que la energ\u00eda es importante, pero \u00bfsabemos qu\u00e9 es exactamente? El calor del Sol, el movimiento de nuestros cuerpos, la energ\u00eda de los r\u00edos","robots":{"index":"index","follow":"follow","max-snippet":"max-snippet:-1","max-image-preview":"max-image-preview:large","max-video-preview":"max-video-preview:-1"},"canonical":"https:\/\/www.editorialjuventud.es\/descubre-la-energia-9788426147394\/","og_locale":"ca_ES","og_type":"article","og_title":"Descubre la energ\u00eda - Editorial Juventud","og_description":"Todos sabemos que la energ\u00eda es importante, pero \u00bfsabemos qu\u00e9 es exactamente? El calor del Sol, el movimiento de nuestros cuerpos, la energ\u00eda de los r\u00edos","og_url":"https:\/\/www.editorialjuventud.es\/descubre-la-energia-9788426147394\/","og_site_name":"Editorial Juventud","article_modified_time":"2025-01-31T11:16:20+00:00","og_image":[{"width":540,"height":532,"url":"https:\/\/www.editorialjuventud.es\/wp-content\/uploads\/9788426147394.jpg","type":"image\/jpeg"}],"twitter_card":"summary_large_image","twitter_misc":{"Temps estimat de lectura":"1 minut"},"schema":{"@context":"https:\/\/schema.org","@graph":[{"@type":"WebPage","@id":"https:\/\/www.editorialjuventud.es\/descubre-la-energia-9788426147394\/","url":"https:\/\/www.editorialjuventud.es\/descubre-la-energia-9788426147394\/","name":"Descubre la energ\u00eda - Editorial Juventud","isPartOf":{"@id":"https:\/\/www.editorialjuventud.es\/#website"},"primaryImageOfPage":{"@id":"https:\/\/www.editorialjuventud.es\/descubre-la-energia-9788426147394\/#primaryimage"},"image":{"@id":"https:\/\/www.editorialjuventud.es\/descubre-la-energia-9788426147394\/#primaryimage"},"thumbnailUrl":"https:\/\/www.editorialjuventud.es\/wp-content\/uploads\/9788426147394.jpg","datePublished":"2021-11-11T13:26:54+00:00","dateModified":"2025-01-31T11:16:20+00:00","description":"Todos sabemos que la energ\u00eda es importante, pero \u00bfsabemos qu\u00e9 es exactamente? El calor del Sol, el movimiento de nuestros cuerpos, la energ\u00eda de los r\u00edos","breadcrumb":{"@id":"https:\/\/www.editorialjuventud.es\/descubre-la-energia-9788426147394\/#breadcrumb"},"inLanguage":"ca","potentialAction":[{"@type":"ReadAction","target":["https:\/\/www.editorialjuventud.es\/descubre-la-energia-9788426147394\/"]}]},{"@type":"ImageObject","inLanguage":"ca","@id":"https:\/\/www.editorialjuventud.es\/descubre-la-energia-9788426147394\/#primaryimage","url":"https:\/\/www.editorialjuventud.es\/wp-content\/uploads\/9788426147394.jpg","contentUrl":"https:\/\/www.editorialjuventud.es\/wp-content\/uploads\/9788426147394.jpg","width":540,"height":532,"caption":"9788426147394.jpg"},{"@type":"BreadcrumbList","@id":"https:\/\/www.editorialjuventud.es\/descubre-la-energia-9788426147394\/#breadcrumb","itemListElement":[{"@type":"ListItem","position":1,"name":"Portada","item":"https:\/\/www.editorialjuventud.es\/"},{"@type":"ListItem","position":2,"name":"cat\u00e1logo","item":"https:\/\/www.editorialjuventud.es\/coleccion\/catalogo\/"},{"@type":"ListItem","position":3,"name":"castellano","item":"https:\/\/www.editorialjuventud.es\/coleccion\/castellano\/"},{"@type":"ListItem","position":4,"name":"\u00c1lbumes Ilustrados","item":"https:\/\/www.editorialjuventud.es\/coleccion\/albumes-ilustrados\/"},{"@type":"ListItem","position":5,"name":"Conocer y Comprender","item":"https:\/\/www.editorialjuventud.es\/coleccion\/conocer-y-comprender\/"},{"@type":"ListItem","position":6,"name":"Descubre la energ\u00eda"}]},{"@type":"WebSite","@id":"https:\/\/www.editorialjuventud.es\/#website","url":"https:\/\/www.editorialjuventud.es\/","name":"Editorial Juventud","description":"","potentialAction":[{"@type":"SearchAction","target":{"@type":"EntryPoint","urlTemplate":"https:\/\/www.editorialjuventud.es\/?s={search_term_string}"},"query-input":{"@type":"PropertyValueSpecification","valueRequired":true,"valueName":"search_term_string"}}],"inLanguage":"ca"}]}},"_links":{"self":[{"href":"https:\/\/www.editorialjuventud.es\/ca\/wp-json\/wp\/v2\/product\/59445","targetHints":{"allow":["GET"]}}],"collection":[{"href":"https:\/\/www.editorialjuventud.es\/ca\/wp-json\/wp\/v2\/product"}],"about":[{"href":"https:\/\/www.editorialjuventud.es\/ca\/wp-json\/wp\/v2\/types\/product"}],"wp:featuredmedia":[{"embeddable":true,"href":"https:\/\/www.editorialjuventud.es\/ca\/wp-json\/wp\/v2\/media\/59446"}],"wp:attachment":[{"href":"https:\/\/www.editorialjuventud.es\/ca\/wp-json\/wp\/v2\/media?parent=59445"}],"wp:term":[{"taxonomy":"product_brand","embeddable":true,"href":"https:\/\/www.editorialjuventud.es\/ca\/wp-json\/wp\/v2\/product_brand?post=59445"},{"taxonomy":"product_cat","embeddable":true,"href":"https:\/\/www.editorialjuventud.es\/ca\/wp-json\/wp\/v2\/product_cat?post=59445"},{"taxonomy":"product_tag","embeddable":true,"href":"https:\/\/www.editorialjuventud.es\/ca\/wp-json\/wp\/v2\/product_tag?post=59445"},{"taxonomy":"coleccion","embeddable":true,"href":"https:\/\/www.editorialjuventud.es\/ca\/wp-json\/wp\/v2\/coleccion?post=59445"}],"curies":[{"name":"wp","href":"https:\/\/api.w.org\/{rel}","templated":true}]}}