{"id":5944,"date":"2018-08-24T11:41:03","date_gmt":"2018-08-24T09:41:03","guid":{"rendered":"http:\/\/www.editorialjuventud.es\/els-meus-plats-preferits\/"},"modified":"2021-10-27T21:41:44","modified_gmt":"2021-10-27T19:41:44","slug":"els-meus-plats-preferits-9788426140418","status":"publish","type":"product","link":"https:\/\/www.editorialjuventud.es\/ca\/els-meus-plats-preferits-9788426140418\/","title":{"rendered":"Els meus plats preferits"},"content":{"rendered":"<p>Els nens i les nenes, des de molt aviat, se senten atrets pels aliments que els proposen les cadenes de restaurants de menjar r\u00e0pid i per les marques industrials.\u00a0Tanmateix, aquest tipus de menjar poques vegades est\u00e0 adaptat al r\u00e8gim alimentari equilibrat d&#8217;un nen: massa greix\u00f3s, massa salat, massa ensucrat&#8230; encara que, d&#8217;entrada, els ofereixi un plaer immediat.\u00a0Amb aquet llibre podem fer a casa, amb els nostres fills, i divertint-nos, els plats de\u00a0menjar r\u00e0pid\u00a0que tant els agraden utilitzant productes de qualitat, elaborats amb les bases d&#8217;una cuina senzilla, divertida i deliciosa!<\/p>\n","protected":false},"excerpt":{"rendered":"Els nens i les nenes, des de molt aviat, se senten atrets pels aliments que els proposen les cadenes de restaurants de menjar r\u00e0pid i per les marques industrials.\u00a0Tanmateix, aquest tipus de menjar poques vegades est\u00e0 adaptat al r\u00e8gim alimentari [&hellip;]","protected":false},"featured_media":13227,"template":"","meta":{"_acf_changed":false,"_exactmetrics_skip_tracking":false,"_exactmetrics_sitenote_active":false,"_exactmetrics_sitenote_note":"","_exactmetrics_sitenote_category":0},"product_brand":[],"product_cat":[899,1124,892,1115],"product_tag":[],"coleccion":[915,976,921],"class_list":{"0":"post-5944","1":"product","2":"type-product","3":"status-publish","4":"has-post-thumbnail","6":"product_cat-a-partir-de-3-anos","7":"product_cat-cocina","8":"product_cat-edades","9":"product_cat-generos","10":"coleccion-catala","11":"coleccion-cuina-per-a-nens","12":"coleccion-gastronomia-i-rebosteria","14":"first","15":"instock","16":"taxable","17":"shipping-taxable","18":"purchasable","19":"product-type-simple"},"acf":{"autores-libros":[16503],"ilustradores-libros":[16283,17831],"traductores-libros":[58414]},"yoast_head":"<!-- This site is optimized with the Yoast SEO plugin v27.5 - https:\/\/yoast.com\/product\/yoast-seo-wordpress\/ -->\n<title>Els meus plats preferits - Editorial Juventud<\/title>\n<meta name=\"description\" content=\"Els nens i les nenes, des de molt aviat, se senten atrets pels aliments que els proposen les cadenes de restaurants de menjar r\u00e0pid i per les marques\" \/>\n<meta name=\"robots\" content=\"index, follow, max-snippet:-1, max-image-preview:large, max-video-preview:-1\" \/>\n<link rel=\"canonical\" href=\"https:\/\/www.editorialjuventud.es\/els-meus-plats-preferits-9788426140418\/\" \/>\n<meta property=\"og:locale\" content=\"ca_ES\" \/>\n<meta property=\"og:type\" content=\"article\" \/>\n<meta property=\"og:title\" content=\"Els meus plats preferits - Editorial Juventud\" \/>\n<meta property=\"og:description\" content=\"Els nens i les nenes, des de molt aviat, se senten atrets pels aliments que els proposen les cadenes de restaurants de menjar r\u00e0pid i per les marques\" \/>\n<meta property=\"og:url\" content=\"https:\/\/www.editorialjuventud.es\/els-meus-plats-preferits-9788426140418\/\" \/>\n<meta property=\"og:site_name\" content=\"Editorial Juventud\" \/>\n<meta property=\"article:modified_time\" content=\"2021-10-27T19:41:44+00:00\" \/>\n<meta property=\"og:image\" content=\"https:\/\/www.editorialjuventud.es\/wp-content\/uploads\/4041.jpg\" \/>\n\t<meta property=\"og:image:width\" content=\"450\" \/>\n\t<meta property=\"og:image:height\" content=\"450\" \/>\n\t<meta property=\"og:image:type\" content=\"image\/jpeg\" \/>\n<meta name=\"twitter:card\" content=\"summary_large_image\" \/>\n<script type=\"application\/ld+json\" class=\"yoast-schema-graph\">{\"@context\":\"https:\\\/\\\/schema.org\",\"@graph\":[{\"@type\":\"WebPage\",\"@id\":\"https:\\\/\\\/www.editorialjuventud.es\\\/els-meus-plats-preferits-9788426140418\\\/\",\"url\":\"https:\\\/\\\/www.editorialjuventud.es\\\/els-meus-plats-preferits-9788426140418\\\/\",\"name\":\"Els meus plats preferits - Editorial Juventud\",\"isPartOf\":{\"@id\":\"https:\\\/\\\/www.editorialjuventud.es\\\/#website\"},\"primaryImageOfPage\":{\"@id\":\"https:\\\/\\\/www.editorialjuventud.es\\\/els-meus-plats-preferits-9788426140418\\\/#primaryimage\"},\"image\":{\"@id\":\"https:\\\/\\\/www.editorialjuventud.es\\\/els-meus-plats-preferits-9788426140418\\\/#primaryimage\"},\"thumbnailUrl\":\"https:\\\/\\\/www.editorialjuventud.es\\\/wp-content\\\/uploads\\\/4041.jpg\",\"datePublished\":\"2018-08-24T09:41:03+00:00\",\"dateModified\":\"2021-10-27T19:41:44+00:00\",\"description\":\"Els nens i les nenes, des de molt aviat, se senten atrets pels aliments que els proposen les cadenes de restaurants de menjar r\u00e0pid i per les marques\",\"breadcrumb\":{\"@id\":\"https:\\\/\\\/www.editorialjuventud.es\\\/els-meus-plats-preferits-9788426140418\\\/#breadcrumb\"},\"inLanguage\":\"ca\",\"potentialAction\":[{\"@type\":\"ReadAction\",\"target\":[\"https:\\\/\\\/www.editorialjuventud.es\\\/els-meus-plats-preferits-9788426140418\\\/\"]}]},{\"@type\":\"ImageObject\",\"inLanguage\":\"ca\",\"@id\":\"https:\\\/\\\/www.editorialjuventud.es\\\/els-meus-plats-preferits-9788426140418\\\/#primaryimage\",\"url\":\"https:\\\/\\\/www.editorialjuventud.es\\\/wp-content\\\/uploads\\\/4041.jpg\",\"contentUrl\":\"https:\\\/\\\/www.editorialjuventud.es\\\/wp-content\\\/uploads\\\/4041.jpg\",\"width\":450,\"height\":450,\"caption\":\"4041.jpg\"},{\"@type\":\"BreadcrumbList\",\"@id\":\"https:\\\/\\\/www.editorialjuventud.es\\\/els-meus-plats-preferits-9788426140418\\\/#breadcrumb\",\"itemListElement\":[{\"@type\":\"ListItem\",\"position\":1,\"name\":\"Portada\",\"item\":\"https:\\\/\\\/www.editorialjuventud.es\\\/\"},{\"@type\":\"ListItem\",\"position\":2,\"name\":\"cat\u00e1logo\",\"item\":\"https:\\\/\\\/www.editorialjuventud.es\\\/coleccion\\\/catalogo\\\/\"},{\"@type\":\"ListItem\",\"position\":3,\"name\":\"catal\u00e0\",\"item\":\"https:\\\/\\\/www.editorialjuventud.es\\\/coleccion\\\/catala\\\/\"},{\"@type\":\"ListItem\",\"position\":4,\"name\":\"Gastronomia i Rebosteria\",\"item\":\"https:\\\/\\\/www.editorialjuventud.es\\\/coleccion\\\/gastronomia-i-rebosteria\\\/\"},{\"@type\":\"ListItem\",\"position\":5,\"name\":\"Cuina per a Nens\",\"item\":\"https:\\\/\\\/www.editorialjuventud.es\\\/coleccion\\\/cuina-per-a-nens\\\/\"},{\"@type\":\"ListItem\",\"position\":6,\"name\":\"Els meus plats preferits\"}]},{\"@type\":\"WebSite\",\"@id\":\"https:\\\/\\\/www.editorialjuventud.es\\\/#website\",\"url\":\"https:\\\/\\\/www.editorialjuventud.es\\\/\",\"name\":\"Editorial Juventud\",\"description\":\"\",\"potentialAction\":[{\"@type\":\"SearchAction\",\"target\":{\"@type\":\"EntryPoint\",\"urlTemplate\":\"https:\\\/\\\/www.editorialjuventud.es\\\/?s={search_term_string}\"},\"query-input\":{\"@type\":\"PropertyValueSpecification\",\"valueRequired\":true,\"valueName\":\"search_term_string\"}}],\"inLanguage\":\"ca\"}]}<\/script>\n<!-- \/ Yoast SEO plugin. -->","yoast_head_json":{"title":"Els meus plats preferits - Editorial Juventud","description":"Els nens i les nenes, des de molt aviat, se senten atrets pels aliments que els proposen les cadenes de restaurants de menjar r\u00e0pid i per les marques","robots":{"index":"index","follow":"follow","max-snippet":"max-snippet:-1","max-image-preview":"max-image-preview:large","max-video-preview":"max-video-preview:-1"},"canonical":"https:\/\/www.editorialjuventud.es\/els-meus-plats-preferits-9788426140418\/","og_locale":"ca_ES","og_type":"article","og_title":"Els meus plats preferits - Editorial Juventud","og_description":"Els nens i les nenes, des de molt aviat, se senten atrets pels aliments que els proposen les cadenes de restaurants de menjar r\u00e0pid i per les marques","og_url":"https:\/\/www.editorialjuventud.es\/els-meus-plats-preferits-9788426140418\/","og_site_name":"Editorial Juventud","article_modified_time":"2021-10-27T19:41:44+00:00","og_image":[{"width":450,"height":450,"url":"https:\/\/www.editorialjuventud.es\/wp-content\/uploads\/4041.jpg","type":"image\/jpeg"}],"twitter_card":"summary_large_image","schema":{"@context":"https:\/\/schema.org","@graph":[{"@type":"WebPage","@id":"https:\/\/www.editorialjuventud.es\/els-meus-plats-preferits-9788426140418\/","url":"https:\/\/www.editorialjuventud.es\/els-meus-plats-preferits-9788426140418\/","name":"Els meus plats preferits - Editorial Juventud","isPartOf":{"@id":"https:\/\/www.editorialjuventud.es\/#website"},"primaryImageOfPage":{"@id":"https:\/\/www.editorialjuventud.es\/els-meus-plats-preferits-9788426140418\/#primaryimage"},"image":{"@id":"https:\/\/www.editorialjuventud.es\/els-meus-plats-preferits-9788426140418\/#primaryimage"},"thumbnailUrl":"https:\/\/www.editorialjuventud.es\/wp-content\/uploads\/4041.jpg","datePublished":"2018-08-24T09:41:03+00:00","dateModified":"2021-10-27T19:41:44+00:00","description":"Els nens i les nenes, des de molt aviat, se senten atrets pels aliments que els proposen les cadenes de restaurants de menjar r\u00e0pid i per les marques","breadcrumb":{"@id":"https:\/\/www.editorialjuventud.es\/els-meus-plats-preferits-9788426140418\/#breadcrumb"},"inLanguage":"ca","potentialAction":[{"@type":"ReadAction","target":["https:\/\/www.editorialjuventud.es\/els-meus-plats-preferits-9788426140418\/"]}]},{"@type":"ImageObject","inLanguage":"ca","@id":"https:\/\/www.editorialjuventud.es\/els-meus-plats-preferits-9788426140418\/#primaryimage","url":"https:\/\/www.editorialjuventud.es\/wp-content\/uploads\/4041.jpg","contentUrl":"https:\/\/www.editorialjuventud.es\/wp-content\/uploads\/4041.jpg","width":450,"height":450,"caption":"4041.jpg"},{"@type":"BreadcrumbList","@id":"https:\/\/www.editorialjuventud.es\/els-meus-plats-preferits-9788426140418\/#breadcrumb","itemListElement":[{"@type":"ListItem","position":1,"name":"Portada","item":"https:\/\/www.editorialjuventud.es\/"},{"@type":"ListItem","position":2,"name":"cat\u00e1logo","item":"https:\/\/www.editorialjuventud.es\/coleccion\/catalogo\/"},{"@type":"ListItem","position":3,"name":"catal\u00e0","item":"https:\/\/www.editorialjuventud.es\/coleccion\/catala\/"},{"@type":"ListItem","position":4,"name":"Gastronomia i Rebosteria","item":"https:\/\/www.editorialjuventud.es\/coleccion\/gastronomia-i-rebosteria\/"},{"@type":"ListItem","position":5,"name":"Cuina per a Nens","item":"https:\/\/www.editorialjuventud.es\/coleccion\/cuina-per-a-nens\/"},{"@type":"ListItem","position":6,"name":"Els meus plats preferits"}]},{"@type":"WebSite","@id":"https:\/\/www.editorialjuventud.es\/#website","url":"https:\/\/www.editorialjuventud.es\/","name":"Editorial Juventud","description":"","potentialAction":[{"@type":"SearchAction","target":{"@type":"EntryPoint","urlTemplate":"https:\/\/www.editorialjuventud.es\/?s={search_term_string}"},"query-input":{"@type":"PropertyValueSpecification","valueRequired":true,"valueName":"search_term_string"}}],"inLanguage":"ca"}]}},"_links":{"self":[{"href":"https:\/\/www.editorialjuventud.es\/ca\/wp-json\/wp\/v2\/product\/5944","targetHints":{"allow":["GET"]}}],"collection":[{"href":"https:\/\/www.editorialjuventud.es\/ca\/wp-json\/wp\/v2\/product"}],"about":[{"href":"https:\/\/www.editorialjuventud.es\/ca\/wp-json\/wp\/v2\/types\/product"}],"wp:featuredmedia":[{"embeddable":true,"href":"https:\/\/www.editorialjuventud.es\/ca\/wp-json\/wp\/v2\/media\/13227"}],"wp:attachment":[{"href":"https:\/\/www.editorialjuventud.es\/ca\/wp-json\/wp\/v2\/media?parent=5944"}],"wp:term":[{"taxonomy":"product_brand","embeddable":true,"href":"https:\/\/www.editorialjuventud.es\/ca\/wp-json\/wp\/v2\/product_brand?post=5944"},{"taxonomy":"product_cat","embeddable":true,"href":"https:\/\/www.editorialjuventud.es\/ca\/wp-json\/wp\/v2\/product_cat?post=5944"},{"taxonomy":"product_tag","embeddable":true,"href":"https:\/\/www.editorialjuventud.es\/ca\/wp-json\/wp\/v2\/product_tag?post=5944"},{"taxonomy":"coleccion","embeddable":true,"href":"https:\/\/www.editorialjuventud.es\/ca\/wp-json\/wp\/v2\/coleccion?post=5944"}],"curies":[{"name":"wp","href":"https:\/\/api.w.org\/{rel}","templated":true}]}}