{"id":5943,"date":"2018-08-24T11:40:59","date_gmt":"2018-08-24T09:40:59","guid":{"rendered":"http:\/\/www.editorialjuventud.es\/mis-platos-preferidos\/"},"modified":"2021-10-27T21:44:13","modified_gmt":"2021-10-27T19:44:13","slug":"mis-platos-preferidos-9788426140401","status":"publish","type":"product","link":"https:\/\/www.editorialjuventud.es\/ca\/mis-platos-preferidos-9788426140401\/","title":{"rendered":"Mis platos preferidos"},"content":{"rendered":"<p>Los ni\u00f1os y las ni\u00f1as se sienten atra\u00eddos, desde muy temprana edad por los alimentos que les proponen las cadenas de restaurantes de comida r\u00e1pida y las marcas industriales. No obstante, este tipo de alimentos pocas veces est\u00e1n adaptados a un r\u00e9gimen alimentario sano: demasiado graso, demasiado salado, demasiado azucarado\u0085 aunque de entrada les ofrezca un placer inmediato.<br \/>\nCon este libro los ni\u00f1os, (acompa\u00f1ados de un adulto), pueden cocinar en casa estos platos que tanto les gustan, pero utilizando productos sanos y frescos de calidad, y aprendiendo las bases de una cocina sencilla, divertida y deliciosa!<br \/>\nPizzas, hamburguesas, brownies, helados\u0085 22 platos divertidos, sencillos y deliciosos para compartir en familia o con amigos. Un libro de cocina simple y atractivo para ni\u00f1os. Una primera introducci\u00f3n a la cocina para peque\u00f1os lectores con ilustraciones coloridas y divertidas.<\/p>\n","protected":false},"excerpt":{"rendered":"Los ni\u00f1os y las ni\u00f1as se sienten atra\u00eddos, desde muy temprana edad por los alimentos que les proponen las cadenas de restaurantes de comida r\u00e1pida y las marcas industriales. No obstante, este tipo de alimentos pocas veces est\u00e1n adaptados a [&hellip;]","protected":false},"featured_media":14169,"template":"","meta":{"_acf_changed":false,"_exactmetrics_skip_tracking":false,"_exactmetrics_sitenote_active":false,"_exactmetrics_sitenote_note":"","_exactmetrics_sitenote_category":0},"product_brand":[],"product_cat":[900,1151,1124,892,1115,1128],"product_tag":[],"coleccion":[916,1001,933],"class_list":{"0":"post-5943","1":"product","2":"type-product","3":"status-publish","4":"has-post-thumbnail","6":"product_cat-a-partir-de-5-anos","7":"product_cat-cocina-tematica","8":"product_cat-cocina","9":"product_cat-edades","10":"product_cat-generos","11":"product_cat-tematica","12":"coleccion-castellano","13":"coleccion-cocina-para-ninos","14":"coleccion-gastronomia-y-reposteria","16":"first","17":"instock","18":"taxable","19":"shipping-taxable","20":"purchasable","21":"product-type-simple"},"acf":{"autores-libros":[16503],"ilustradores-libros":[16283,16425],"traductores-libros":[58414]},"yoast_head":"<!-- This site is optimized with the Yoast SEO plugin v27.5 - https:\/\/yoast.com\/product\/yoast-seo-wordpress\/ -->\n<title>Mis platos preferidos - Editorial Juventud<\/title>\n<meta name=\"description\" content=\"Los ni\u00f1os y las ni\u00f1as se sienten atra\u00eddos, desde muy temprana edad por los alimentos que les proponen las cadenas de restaurantes de comida r\u00e1pida y las\" \/>\n<meta name=\"robots\" content=\"index, follow, max-snippet:-1, max-image-preview:large, max-video-preview:-1\" \/>\n<link rel=\"canonical\" href=\"https:\/\/www.editorialjuventud.es\/ca\/mis-platos-preferidos-9788426140401\/\" \/>\n<meta property=\"og:locale\" content=\"ca_ES\" \/>\n<meta property=\"og:type\" content=\"article\" \/>\n<meta property=\"og:title\" content=\"Mis platos preferidos - Editorial Juventud\" \/>\n<meta property=\"og:description\" content=\"Los ni\u00f1os y las ni\u00f1as se sienten atra\u00eddos, desde muy temprana edad por los alimentos que les proponen las cadenas de restaurantes de comida r\u00e1pida y las\" \/>\n<meta property=\"og:url\" content=\"https:\/\/www.editorialjuventud.es\/ca\/mis-platos-preferidos-9788426140401\/\" \/>\n<meta property=\"og:site_name\" content=\"Editorial Juventud\" \/>\n<meta property=\"article:modified_time\" content=\"2021-10-27T19:44:13+00:00\" \/>\n<meta property=\"og:image\" content=\"https:\/\/www.editorialjuventud.es\/wp-content\/uploads\/4040.jpg\" \/>\n\t<meta property=\"og:image:width\" content=\"450\" \/>\n\t<meta property=\"og:image:height\" content=\"450\" \/>\n\t<meta property=\"og:image:type\" content=\"image\/jpeg\" \/>\n<meta name=\"twitter:card\" content=\"summary_large_image\" \/>\n<meta name=\"twitter:label1\" content=\"Temps estimat de lectura\" \/>\n\t<meta name=\"twitter:data1\" content=\"1 minut\" \/>\n<script type=\"application\/ld+json\" class=\"yoast-schema-graph\">{\"@context\":\"https:\\\/\\\/schema.org\",\"@graph\":[{\"@type\":\"WebPage\",\"@id\":\"https:\\\/\\\/www.editorialjuventud.es\\\/ca\\\/mis-platos-preferidos-9788426140401\\\/\",\"url\":\"https:\\\/\\\/www.editorialjuventud.es\\\/ca\\\/mis-platos-preferidos-9788426140401\\\/\",\"name\":\"Mis platos preferidos - Editorial Juventud\",\"isPartOf\":{\"@id\":\"https:\\\/\\\/www.editorialjuventud.es\\\/#website\"},\"primaryImageOfPage\":{\"@id\":\"https:\\\/\\\/www.editorialjuventud.es\\\/ca\\\/mis-platos-preferidos-9788426140401\\\/#primaryimage\"},\"image\":{\"@id\":\"https:\\\/\\\/www.editorialjuventud.es\\\/ca\\\/mis-platos-preferidos-9788426140401\\\/#primaryimage\"},\"thumbnailUrl\":\"https:\\\/\\\/www.editorialjuventud.es\\\/wp-content\\\/uploads\\\/4040.jpg\",\"datePublished\":\"2018-08-24T09:40:59+00:00\",\"dateModified\":\"2021-10-27T19:44:13+00:00\",\"description\":\"Los ni\u00f1os y las ni\u00f1as se sienten atra\u00eddos, desde muy temprana edad por los alimentos que les proponen las cadenas de restaurantes de comida r\u00e1pida y las\",\"breadcrumb\":{\"@id\":\"https:\\\/\\\/www.editorialjuventud.es\\\/ca\\\/mis-platos-preferidos-9788426140401\\\/#breadcrumb\"},\"inLanguage\":\"ca\",\"potentialAction\":[{\"@type\":\"ReadAction\",\"target\":[\"https:\\\/\\\/www.editorialjuventud.es\\\/ca\\\/mis-platos-preferidos-9788426140401\\\/\"]}]},{\"@type\":\"ImageObject\",\"inLanguage\":\"ca\",\"@id\":\"https:\\\/\\\/www.editorialjuventud.es\\\/ca\\\/mis-platos-preferidos-9788426140401\\\/#primaryimage\",\"url\":\"https:\\\/\\\/www.editorialjuventud.es\\\/wp-content\\\/uploads\\\/4040.jpg\",\"contentUrl\":\"https:\\\/\\\/www.editorialjuventud.es\\\/wp-content\\\/uploads\\\/4040.jpg\",\"width\":450,\"height\":450,\"caption\":\"4040.jpg\"},{\"@type\":\"BreadcrumbList\",\"@id\":\"https:\\\/\\\/www.editorialjuventud.es\\\/ca\\\/mis-platos-preferidos-9788426140401\\\/#breadcrumb\",\"itemListElement\":[{\"@type\":\"ListItem\",\"position\":1,\"name\":\"Portada\",\"item\":\"https:\\\/\\\/www.editorialjuventud.es\\\/\"},{\"@type\":\"ListItem\",\"position\":2,\"name\":\"cat\u00e1logo\",\"item\":\"https:\\\/\\\/www.editorialjuventud.es\\\/coleccion\\\/catalogo\\\/\"},{\"@type\":\"ListItem\",\"position\":3,\"name\":\"castellano\",\"item\":\"https:\\\/\\\/www.editorialjuventud.es\\\/coleccion\\\/castellano\\\/\"},{\"@type\":\"ListItem\",\"position\":4,\"name\":\"Gastronom\u00eda y Reposter\u00eda\",\"item\":\"https:\\\/\\\/www.editorialjuventud.es\\\/coleccion\\\/gastronomia-y-reposteria\\\/\"},{\"@type\":\"ListItem\",\"position\":5,\"name\":\"Cocina para Ni\u00f1os\",\"item\":\"https:\\\/\\\/www.editorialjuventud.es\\\/ca\\\/coleccion\\\/cocina-para-ninos\\\/\"},{\"@type\":\"ListItem\",\"position\":6,\"name\":\"Mis platos preferidos\"}]},{\"@type\":\"WebSite\",\"@id\":\"https:\\\/\\\/www.editorialjuventud.es\\\/#website\",\"url\":\"https:\\\/\\\/www.editorialjuventud.es\\\/\",\"name\":\"Editorial Juventud\",\"description\":\"\",\"potentialAction\":[{\"@type\":\"SearchAction\",\"target\":{\"@type\":\"EntryPoint\",\"urlTemplate\":\"https:\\\/\\\/www.editorialjuventud.es\\\/?s={search_term_string}\"},\"query-input\":{\"@type\":\"PropertyValueSpecification\",\"valueRequired\":true,\"valueName\":\"search_term_string\"}}],\"inLanguage\":\"ca\"}]}<\/script>\n<!-- \/ Yoast SEO plugin. -->","yoast_head_json":{"title":"Mis platos preferidos - Editorial Juventud","description":"Los ni\u00f1os y las ni\u00f1as se sienten atra\u00eddos, desde muy temprana edad por los alimentos que les proponen las cadenas de restaurantes de comida r\u00e1pida y las","robots":{"index":"index","follow":"follow","max-snippet":"max-snippet:-1","max-image-preview":"max-image-preview:large","max-video-preview":"max-video-preview:-1"},"canonical":"https:\/\/www.editorialjuventud.es\/ca\/mis-platos-preferidos-9788426140401\/","og_locale":"ca_ES","og_type":"article","og_title":"Mis platos preferidos - Editorial Juventud","og_description":"Los ni\u00f1os y las ni\u00f1as se sienten atra\u00eddos, desde muy temprana edad por los alimentos que les proponen las cadenas de restaurantes de comida r\u00e1pida y las","og_url":"https:\/\/www.editorialjuventud.es\/ca\/mis-platos-preferidos-9788426140401\/","og_site_name":"Editorial Juventud","article_modified_time":"2021-10-27T19:44:13+00:00","og_image":[{"width":450,"height":450,"url":"https:\/\/www.editorialjuventud.es\/wp-content\/uploads\/4040.jpg","type":"image\/jpeg"}],"twitter_card":"summary_large_image","twitter_misc":{"Temps estimat de lectura":"1 minut"},"schema":{"@context":"https:\/\/schema.org","@graph":[{"@type":"WebPage","@id":"https:\/\/www.editorialjuventud.es\/ca\/mis-platos-preferidos-9788426140401\/","url":"https:\/\/www.editorialjuventud.es\/ca\/mis-platos-preferidos-9788426140401\/","name":"Mis platos preferidos - Editorial Juventud","isPartOf":{"@id":"https:\/\/www.editorialjuventud.es\/#website"},"primaryImageOfPage":{"@id":"https:\/\/www.editorialjuventud.es\/ca\/mis-platos-preferidos-9788426140401\/#primaryimage"},"image":{"@id":"https:\/\/www.editorialjuventud.es\/ca\/mis-platos-preferidos-9788426140401\/#primaryimage"},"thumbnailUrl":"https:\/\/www.editorialjuventud.es\/wp-content\/uploads\/4040.jpg","datePublished":"2018-08-24T09:40:59+00:00","dateModified":"2021-10-27T19:44:13+00:00","description":"Los ni\u00f1os y las ni\u00f1as se sienten atra\u00eddos, desde muy temprana edad por los alimentos que les proponen las cadenas de restaurantes de comida r\u00e1pida y las","breadcrumb":{"@id":"https:\/\/www.editorialjuventud.es\/ca\/mis-platos-preferidos-9788426140401\/#breadcrumb"},"inLanguage":"ca","potentialAction":[{"@type":"ReadAction","target":["https:\/\/www.editorialjuventud.es\/ca\/mis-platos-preferidos-9788426140401\/"]}]},{"@type":"ImageObject","inLanguage":"ca","@id":"https:\/\/www.editorialjuventud.es\/ca\/mis-platos-preferidos-9788426140401\/#primaryimage","url":"https:\/\/www.editorialjuventud.es\/wp-content\/uploads\/4040.jpg","contentUrl":"https:\/\/www.editorialjuventud.es\/wp-content\/uploads\/4040.jpg","width":450,"height":450,"caption":"4040.jpg"},{"@type":"BreadcrumbList","@id":"https:\/\/www.editorialjuventud.es\/ca\/mis-platos-preferidos-9788426140401\/#breadcrumb","itemListElement":[{"@type":"ListItem","position":1,"name":"Portada","item":"https:\/\/www.editorialjuventud.es\/"},{"@type":"ListItem","position":2,"name":"cat\u00e1logo","item":"https:\/\/www.editorialjuventud.es\/coleccion\/catalogo\/"},{"@type":"ListItem","position":3,"name":"castellano","item":"https:\/\/www.editorialjuventud.es\/coleccion\/castellano\/"},{"@type":"ListItem","position":4,"name":"Gastronom\u00eda y Reposter\u00eda","item":"https:\/\/www.editorialjuventud.es\/coleccion\/gastronomia-y-reposteria\/"},{"@type":"ListItem","position":5,"name":"Cocina para Ni\u00f1os","item":"https:\/\/www.editorialjuventud.es\/ca\/coleccion\/cocina-para-ninos\/"},{"@type":"ListItem","position":6,"name":"Mis platos preferidos"}]},{"@type":"WebSite","@id":"https:\/\/www.editorialjuventud.es\/#website","url":"https:\/\/www.editorialjuventud.es\/","name":"Editorial Juventud","description":"","potentialAction":[{"@type":"SearchAction","target":{"@type":"EntryPoint","urlTemplate":"https:\/\/www.editorialjuventud.es\/?s={search_term_string}"},"query-input":{"@type":"PropertyValueSpecification","valueRequired":true,"valueName":"search_term_string"}}],"inLanguage":"ca"}]}},"_links":{"self":[{"href":"https:\/\/www.editorialjuventud.es\/ca\/wp-json\/wp\/v2\/product\/5943","targetHints":{"allow":["GET"]}}],"collection":[{"href":"https:\/\/www.editorialjuventud.es\/ca\/wp-json\/wp\/v2\/product"}],"about":[{"href":"https:\/\/www.editorialjuventud.es\/ca\/wp-json\/wp\/v2\/types\/product"}],"wp:featuredmedia":[{"embeddable":true,"href":"https:\/\/www.editorialjuventud.es\/ca\/wp-json\/wp\/v2\/media\/14169"}],"wp:attachment":[{"href":"https:\/\/www.editorialjuventud.es\/ca\/wp-json\/wp\/v2\/media?parent=5943"}],"wp:term":[{"taxonomy":"product_brand","embeddable":true,"href":"https:\/\/www.editorialjuventud.es\/ca\/wp-json\/wp\/v2\/product_brand?post=5943"},{"taxonomy":"product_cat","embeddable":true,"href":"https:\/\/www.editorialjuventud.es\/ca\/wp-json\/wp\/v2\/product_cat?post=5943"},{"taxonomy":"product_tag","embeddable":true,"href":"https:\/\/www.editorialjuventud.es\/ca\/wp-json\/wp\/v2\/product_tag?post=5943"},{"taxonomy":"coleccion","embeddable":true,"href":"https:\/\/www.editorialjuventud.es\/ca\/wp-json\/wp\/v2\/coleccion?post=5943"}],"curies":[{"name":"wp","href":"https:\/\/api.w.org\/{rel}","templated":true}]}}