{"id":5941,"date":"2018-08-24T13:40:51","date_gmt":"2018-08-24T09:40:51","guid":{"rendered":"http:\/\/www.editorialjuventud.es\/advertencia-no-obris-aquest-llibre\/"},"modified":"2023-07-28T11:16:02","modified_gmt":"2023-07-28T09:16:02","slug":"advertencia-no-obris-aquest-llibre-9788426140395","status":"publish","type":"product","link":"https:\/\/www.editorialjuventud.es\/ca\/advertencia-no-obris-aquest-llibre-9788426140395\/","title":{"rendered":"Advert\u00e8ncia: No obris aquest llibre!"},"content":{"rendered":"<p>Compte! Aquest llibre \u00e9s perill\u00f3s! No hauries d&#8217;obrir aquest llibre. Ho dic seriosament. Despr\u00e9s no diguis que no et vaig avisar\u0085 T\u00e9 l&#8217;aspecte d&#8217;un llibre normal i fins i tot fa olor de llibre. Per\u00f2 v\u00e9s amb compte&#8230;, en el seu interior micos i tucans viuen entre la bogeria i el caos!<br \/>\nUn llibre molt divertit en el qual interactuen els personatges i el lector.<\/p>\n","protected":false},"excerpt":{"rendered":"Compte! Aquest llibre \u00e9s perill\u00f3s! No hauries d&#8217;obrir aquest llibre. Ho dic seriosament. Despr\u00e9s no diguis que no et vaig avisar\u0085 T\u00e9 l&#8217;aspecte d&#8217;un llibre normal i fins i tot fa olor de llibre. Per\u00f2 v\u00e9s amb compte&#8230;, en el [&hellip;]","protected":false},"featured_media":12003,"template":"","meta":{"_acf_changed":false,"_exactmetrics_skip_tracking":false,"_exactmetrics_sitenote_active":false,"_exactmetrics_sitenote_note":"","_exactmetrics_sitenote_category":0},"product_brand":[],"product_cat":[900,1121,892,1115,1184,1128],"product_tag":[],"coleccion":[917,915,954],"class_list":{"0":"post-5941","1":"product","2":"type-product","3":"status-publish","4":"has-post-thumbnail","6":"product_cat-a-partir-de-5-anos","7":"product_cat-albumes-ilustrados","8":"product_cat-edades","9":"product_cat-generos","10":"product_cat-humor","11":"product_cat-tematica","12":"coleccion-albums-illustrats","13":"coleccion-catala","14":"coleccion-llegir-entre-rialles","16":"first","17":"instock","18":"taxable","19":"shipping-taxable","20":"purchasable","21":"product-type-simple"},"acf":{"autores-libros":[16459],"ilustradores-libros":[17675],"traductores-libros":[58416]},"yoast_head":"<!-- This site is optimized with the Yoast SEO plugin v27.5 - https:\/\/yoast.com\/product\/yoast-seo-wordpress\/ -->\n<title>Advert\u00e8ncia: No obris aquest llibre! - Editorial Juventud<\/title>\n<meta name=\"description\" content=\"Compte! Aquest llibre \u00e9s perill\u00f3s! No hauries d&#039;obrir aquest llibre. Ho dic seriosament. Despr\u00e9s no diguis que no et vaig avisar\u0085 T\u00e9 l&#039;aspecte d&#039;un llibre\" \/>\n<meta name=\"robots\" content=\"index, follow, max-snippet:-1, max-image-preview:large, max-video-preview:-1\" \/>\n<link rel=\"canonical\" href=\"https:\/\/www.editorialjuventud.es\/advertencia-no-obris-aquest-llibre-9788426140395\/\" \/>\n<meta property=\"og:locale\" content=\"ca_ES\" \/>\n<meta property=\"og:type\" content=\"article\" \/>\n<meta property=\"og:title\" content=\"Advert\u00e8ncia: No obris aquest llibre! - Editorial Juventud\" \/>\n<meta property=\"og:description\" content=\"Compte! Aquest llibre \u00e9s perill\u00f3s! No hauries d&#039;obrir aquest llibre. Ho dic seriosament. Despr\u00e9s no diguis que no et vaig avisar\u0085 T\u00e9 l&#039;aspecte d&#039;un llibre\" \/>\n<meta property=\"og:url\" content=\"https:\/\/www.editorialjuventud.es\/advertencia-no-obris-aquest-llibre-9788426140395\/\" \/>\n<meta property=\"og:site_name\" content=\"Editorial Juventud\" \/>\n<meta property=\"article:modified_time\" content=\"2023-07-28T09:16:02+00:00\" \/>\n<meta property=\"og:image\" content=\"https:\/\/www.editorialjuventud.es\/wp-content\/uploads\/4039.jpg\" \/>\n\t<meta property=\"og:image:width\" content=\"443\" \/>\n\t<meta property=\"og:image:height\" content=\"450\" \/>\n\t<meta property=\"og:image:type\" content=\"image\/jpeg\" \/>\n<meta name=\"twitter:card\" content=\"summary_large_image\" \/>\n<script type=\"application\/ld+json\" class=\"yoast-schema-graph\">{\"@context\":\"https:\\\/\\\/schema.org\",\"@graph\":[{\"@type\":\"WebPage\",\"@id\":\"https:\\\/\\\/www.editorialjuventud.es\\\/advertencia-no-obris-aquest-llibre-9788426140395\\\/\",\"url\":\"https:\\\/\\\/www.editorialjuventud.es\\\/advertencia-no-obris-aquest-llibre-9788426140395\\\/\",\"name\":\"Advert\u00e8ncia: No obris aquest llibre! - Editorial Juventud\",\"isPartOf\":{\"@id\":\"https:\\\/\\\/www.editorialjuventud.es\\\/#website\"},\"primaryImageOfPage\":{\"@id\":\"https:\\\/\\\/www.editorialjuventud.es\\\/advertencia-no-obris-aquest-llibre-9788426140395\\\/#primaryimage\"},\"image\":{\"@id\":\"https:\\\/\\\/www.editorialjuventud.es\\\/advertencia-no-obris-aquest-llibre-9788426140395\\\/#primaryimage\"},\"thumbnailUrl\":\"https:\\\/\\\/www.editorialjuventud.es\\\/wp-content\\\/uploads\\\/4039.jpg\",\"datePublished\":\"2018-08-24T09:40:51+00:00\",\"dateModified\":\"2023-07-28T09:16:02+00:00\",\"description\":\"Compte! Aquest llibre \u00e9s perill\u00f3s! No hauries d'obrir aquest llibre. Ho dic seriosament. Despr\u00e9s no diguis que no et vaig avisar\u0085 T\u00e9 l'aspecte d'un llibre\",\"breadcrumb\":{\"@id\":\"https:\\\/\\\/www.editorialjuventud.es\\\/advertencia-no-obris-aquest-llibre-9788426140395\\\/#breadcrumb\"},\"inLanguage\":\"ca\",\"potentialAction\":[{\"@type\":\"ReadAction\",\"target\":[\"https:\\\/\\\/www.editorialjuventud.es\\\/advertencia-no-obris-aquest-llibre-9788426140395\\\/\"]}]},{\"@type\":\"ImageObject\",\"inLanguage\":\"ca\",\"@id\":\"https:\\\/\\\/www.editorialjuventud.es\\\/advertencia-no-obris-aquest-llibre-9788426140395\\\/#primaryimage\",\"url\":\"https:\\\/\\\/www.editorialjuventud.es\\\/wp-content\\\/uploads\\\/4039.jpg\",\"contentUrl\":\"https:\\\/\\\/www.editorialjuventud.es\\\/wp-content\\\/uploads\\\/4039.jpg\",\"width\":443,\"height\":450,\"caption\":\"4039.jpg\"},{\"@type\":\"BreadcrumbList\",\"@id\":\"https:\\\/\\\/www.editorialjuventud.es\\\/advertencia-no-obris-aquest-llibre-9788426140395\\\/#breadcrumb\",\"itemListElement\":[{\"@type\":\"ListItem\",\"position\":1,\"name\":\"Portada\",\"item\":\"https:\\\/\\\/www.editorialjuventud.es\\\/\"},{\"@type\":\"ListItem\",\"position\":2,\"name\":\"cat\u00e1logo\",\"item\":\"https:\\\/\\\/www.editorialjuventud.es\\\/coleccion\\\/catalogo\\\/\"},{\"@type\":\"ListItem\",\"position\":3,\"name\":\"catal\u00e0\",\"item\":\"https:\\\/\\\/www.editorialjuventud.es\\\/coleccion\\\/catala\\\/\"},{\"@type\":\"ListItem\",\"position\":4,\"name\":\"\u00c0lbums Il\u00b7lustrats\",\"item\":\"https:\\\/\\\/www.editorialjuventud.es\\\/coleccion\\\/albums-il%c2%b7lustrats\\\/\"},{\"@type\":\"ListItem\",\"position\":5,\"name\":\"Llegir entre Rialles\",\"item\":\"https:\\\/\\\/www.editorialjuventud.es\\\/coleccion\\\/llegir-entre-rialles\\\/\"},{\"@type\":\"ListItem\",\"position\":6,\"name\":\"Advert\u00e8ncia: No obris aquest llibre!\"}]},{\"@type\":\"WebSite\",\"@id\":\"https:\\\/\\\/www.editorialjuventud.es\\\/#website\",\"url\":\"https:\\\/\\\/www.editorialjuventud.es\\\/\",\"name\":\"Editorial Juventud\",\"description\":\"\",\"potentialAction\":[{\"@type\":\"SearchAction\",\"target\":{\"@type\":\"EntryPoint\",\"urlTemplate\":\"https:\\\/\\\/www.editorialjuventud.es\\\/?s={search_term_string}\"},\"query-input\":{\"@type\":\"PropertyValueSpecification\",\"valueRequired\":true,\"valueName\":\"search_term_string\"}}],\"inLanguage\":\"ca\"}]}<\/script>\n<!-- \/ Yoast SEO plugin. -->","yoast_head_json":{"title":"Advert\u00e8ncia: No obris aquest llibre! - Editorial Juventud","description":"Compte! Aquest llibre \u00e9s perill\u00f3s! No hauries d'obrir aquest llibre. Ho dic seriosament. Despr\u00e9s no diguis que no et vaig avisar\u0085 T\u00e9 l'aspecte d'un llibre","robots":{"index":"index","follow":"follow","max-snippet":"max-snippet:-1","max-image-preview":"max-image-preview:large","max-video-preview":"max-video-preview:-1"},"canonical":"https:\/\/www.editorialjuventud.es\/advertencia-no-obris-aquest-llibre-9788426140395\/","og_locale":"ca_ES","og_type":"article","og_title":"Advert\u00e8ncia: No obris aquest llibre! - Editorial Juventud","og_description":"Compte! Aquest llibre \u00e9s perill\u00f3s! No hauries d'obrir aquest llibre. Ho dic seriosament. Despr\u00e9s no diguis que no et vaig avisar\u0085 T\u00e9 l'aspecte d'un llibre","og_url":"https:\/\/www.editorialjuventud.es\/advertencia-no-obris-aquest-llibre-9788426140395\/","og_site_name":"Editorial Juventud","article_modified_time":"2023-07-28T09:16:02+00:00","og_image":[{"width":443,"height":450,"url":"https:\/\/www.editorialjuventud.es\/wp-content\/uploads\/4039.jpg","type":"image\/jpeg"}],"twitter_card":"summary_large_image","schema":{"@context":"https:\/\/schema.org","@graph":[{"@type":"WebPage","@id":"https:\/\/www.editorialjuventud.es\/advertencia-no-obris-aquest-llibre-9788426140395\/","url":"https:\/\/www.editorialjuventud.es\/advertencia-no-obris-aquest-llibre-9788426140395\/","name":"Advert\u00e8ncia: No obris aquest llibre! - Editorial Juventud","isPartOf":{"@id":"https:\/\/www.editorialjuventud.es\/#website"},"primaryImageOfPage":{"@id":"https:\/\/www.editorialjuventud.es\/advertencia-no-obris-aquest-llibre-9788426140395\/#primaryimage"},"image":{"@id":"https:\/\/www.editorialjuventud.es\/advertencia-no-obris-aquest-llibre-9788426140395\/#primaryimage"},"thumbnailUrl":"https:\/\/www.editorialjuventud.es\/wp-content\/uploads\/4039.jpg","datePublished":"2018-08-24T09:40:51+00:00","dateModified":"2023-07-28T09:16:02+00:00","description":"Compte! Aquest llibre \u00e9s perill\u00f3s! No hauries d'obrir aquest llibre. Ho dic seriosament. Despr\u00e9s no diguis que no et vaig avisar\u0085 T\u00e9 l'aspecte d'un llibre","breadcrumb":{"@id":"https:\/\/www.editorialjuventud.es\/advertencia-no-obris-aquest-llibre-9788426140395\/#breadcrumb"},"inLanguage":"ca","potentialAction":[{"@type":"ReadAction","target":["https:\/\/www.editorialjuventud.es\/advertencia-no-obris-aquest-llibre-9788426140395\/"]}]},{"@type":"ImageObject","inLanguage":"ca","@id":"https:\/\/www.editorialjuventud.es\/advertencia-no-obris-aquest-llibre-9788426140395\/#primaryimage","url":"https:\/\/www.editorialjuventud.es\/wp-content\/uploads\/4039.jpg","contentUrl":"https:\/\/www.editorialjuventud.es\/wp-content\/uploads\/4039.jpg","width":443,"height":450,"caption":"4039.jpg"},{"@type":"BreadcrumbList","@id":"https:\/\/www.editorialjuventud.es\/advertencia-no-obris-aquest-llibre-9788426140395\/#breadcrumb","itemListElement":[{"@type":"ListItem","position":1,"name":"Portada","item":"https:\/\/www.editorialjuventud.es\/"},{"@type":"ListItem","position":2,"name":"cat\u00e1logo","item":"https:\/\/www.editorialjuventud.es\/coleccion\/catalogo\/"},{"@type":"ListItem","position":3,"name":"catal\u00e0","item":"https:\/\/www.editorialjuventud.es\/coleccion\/catala\/"},{"@type":"ListItem","position":4,"name":"\u00c0lbums Il\u00b7lustrats","item":"https:\/\/www.editorialjuventud.es\/coleccion\/albums-il%c2%b7lustrats\/"},{"@type":"ListItem","position":5,"name":"Llegir entre Rialles","item":"https:\/\/www.editorialjuventud.es\/coleccion\/llegir-entre-rialles\/"},{"@type":"ListItem","position":6,"name":"Advert\u00e8ncia: No obris aquest llibre!"}]},{"@type":"WebSite","@id":"https:\/\/www.editorialjuventud.es\/#website","url":"https:\/\/www.editorialjuventud.es\/","name":"Editorial Juventud","description":"","potentialAction":[{"@type":"SearchAction","target":{"@type":"EntryPoint","urlTemplate":"https:\/\/www.editorialjuventud.es\/?s={search_term_string}"},"query-input":{"@type":"PropertyValueSpecification","valueRequired":true,"valueName":"search_term_string"}}],"inLanguage":"ca"}]}},"_links":{"self":[{"href":"https:\/\/www.editorialjuventud.es\/ca\/wp-json\/wp\/v2\/product\/5941","targetHints":{"allow":["GET"]}}],"collection":[{"href":"https:\/\/www.editorialjuventud.es\/ca\/wp-json\/wp\/v2\/product"}],"about":[{"href":"https:\/\/www.editorialjuventud.es\/ca\/wp-json\/wp\/v2\/types\/product"}],"wp:featuredmedia":[{"embeddable":true,"href":"https:\/\/www.editorialjuventud.es\/ca\/wp-json\/wp\/v2\/media\/12003"}],"wp:attachment":[{"href":"https:\/\/www.editorialjuventud.es\/ca\/wp-json\/wp\/v2\/media?parent=5941"}],"wp:term":[{"taxonomy":"product_brand","embeddable":true,"href":"https:\/\/www.editorialjuventud.es\/ca\/wp-json\/wp\/v2\/product_brand?post=5941"},{"taxonomy":"product_cat","embeddable":true,"href":"https:\/\/www.editorialjuventud.es\/ca\/wp-json\/wp\/v2\/product_cat?post=5941"},{"taxonomy":"product_tag","embeddable":true,"href":"https:\/\/www.editorialjuventud.es\/ca\/wp-json\/wp\/v2\/product_tag?post=5941"},{"taxonomy":"coleccion","embeddable":true,"href":"https:\/\/www.editorialjuventud.es\/ca\/wp-json\/wp\/v2\/coleccion?post=5941"}],"curies":[{"name":"wp","href":"https:\/\/api.w.org\/{rel}","templated":true}]}}