{"id":5938,"date":"2018-08-24T11:40:37","date_gmt":"2018-08-24T09:40:37","guid":{"rendered":"http:\/\/www.editorialjuventud.es\/els-bons-veins\/"},"modified":"2025-01-22T13:18:51","modified_gmt":"2025-01-22T12:18:51","slug":"els-bons-veins-9788426140364","status":"publish","type":"product","link":"https:\/\/www.editorialjuventud.es\/ca\/els-bons-veins-9788426140364\/","title":{"rendered":"Els bons ve\u00efns"},"content":{"rendered":"<p>Dos bons amics troben dos sacs de llavors i decideixen plantar-les per tenir menjar per el seg\u00fcent hivern. Sempre s\u2019han ajudat i han compartit el menjar. Com ho faran per a repartir la collita que han fet cr\u00e9ixer junts? Entre tots dos, dividiran la collita i la repartiran entre la fam\u00edlia i els amics. Un conte que inclou els primers conceptes b\u00e0sics sobre les matem\u00e0tiques, amb explicacions senzilles sobre les fraccions. <br \/>Introducci\u00f3 l\u00fadica a les matem\u00e0tiques.<\/p>\n","protected":false},"excerpt":{"rendered":"Dos bons amics troben dos sacs de llavors i decideixen plantar-les per tenir menjar per el seg\u00fcent hivern. Sempre s\u2019han ajudat i han compartit el menjar. Com ho faran per a repartir la collita que han fet cr\u00e9ixer junts? Entre [&hellip;]","protected":false},"featured_media":13207,"template":"","meta":{"_acf_changed":false,"_exactmetrics_skip_tracking":false,"_exactmetrics_sitenote_active":false,"_exactmetrics_sitenote_note":"","_exactmetrics_sitenote_category":0},"product_brand":[],"product_cat":[900,1123,1195,1203,1128],"product_tag":[],"coleccion":[946],"class_list":{"0":"post-5938","1":"product","2":"type-product","3":"status-publish","4":"has-post-thumbnail","6":"product_cat-a-partir-de-5-anos","7":"product_cat-libros-informativos-infantil","8":"product_cat-matematicas","9":"product_cat-numeros-contar","10":"product_cat-tematica","11":"coleccion-com-i-per-que","13":"first","14":"instock","15":"taxable","16":"shipping-taxable","17":"purchasable","18":"product-type-simple"},"acf":{"autor":"Choi, Yun-jeong  ","codart":"4036","ediciones":"1","encuadernacion":"Carton\u00e9","fecha_de_publicacion":"01\/07\/2014","novedad":"0","paginas":"44","subtitulo":"","texto_web_adicional":"","texto_web_novedad":"","orden":"999","portada":"0","texto_web_resaltado":"","indice":"","autores-libros":[16280],"ilustradores-libros":[17466],"traductores-libros":[58414],"descripcion_corta":"","recomendamos":"","mas_vendido":"","idioma-libro":"","color":false,"formato":"","mas_informacion_del_producto":false,"premios":false,"texto_enlace_cubierta":"","enlace_cubierta":false,"texto_enlace_ficha_tecnica":"","enlace_ficha_tecnica":false,"ficheros":false,"titulo-fr":"","texto-fr":""},"yoast_head":"<!-- This site is optimized with the Yoast SEO plugin v27.5 - https:\/\/yoast.com\/product\/yoast-seo-wordpress\/ -->\n<title>Els bons ve\u00efns - Editorial Juventud<\/title>\n<meta name=\"description\" content=\"Dos bons amics troben dos sacs de llavors i decideixen plantar-les per tenir menjar per el seg\u00fcent hivern. Sempre s\u2019han ajudat i han compartit el menjar.\" \/>\n<meta name=\"robots\" content=\"index, follow, max-snippet:-1, max-image-preview:large, max-video-preview:-1\" \/>\n<link rel=\"canonical\" href=\"https:\/\/www.editorialjuventud.es\/els-bons-veins-9788426140364\/\" \/>\n<meta property=\"og:locale\" content=\"ca_ES\" \/>\n<meta property=\"og:type\" content=\"article\" \/>\n<meta property=\"og:title\" content=\"Els bons ve\u00efns - Editorial Juventud\" \/>\n<meta property=\"og:description\" content=\"Dos bons amics troben dos sacs de llavors i decideixen plantar-les per tenir menjar per el seg\u00fcent hivern. Sempre s\u2019han ajudat i han compartit el menjar.\" \/>\n<meta property=\"og:url\" content=\"https:\/\/www.editorialjuventud.es\/els-bons-veins-9788426140364\/\" \/>\n<meta property=\"og:site_name\" content=\"Editorial Juventud\" \/>\n<meta property=\"article:modified_time\" content=\"2025-01-22T12:18:51+00:00\" \/>\n<meta property=\"og:image\" content=\"https:\/\/www.editorialjuventud.es\/wp-content\/uploads\/4036.jpg\" \/>\n\t<meta property=\"og:image:width\" content=\"434\" \/>\n\t<meta property=\"og:image:height\" content=\"450\" \/>\n\t<meta property=\"og:image:type\" content=\"image\/jpeg\" \/>\n<meta name=\"twitter:card\" content=\"summary_large_image\" \/>\n<script type=\"application\/ld+json\" class=\"yoast-schema-graph\">{\"@context\":\"https:\\\/\\\/schema.org\",\"@graph\":[{\"@type\":\"WebPage\",\"@id\":\"https:\\\/\\\/www.editorialjuventud.es\\\/els-bons-veins-9788426140364\\\/\",\"url\":\"https:\\\/\\\/www.editorialjuventud.es\\\/els-bons-veins-9788426140364\\\/\",\"name\":\"Els bons ve\u00efns - Editorial Juventud\",\"isPartOf\":{\"@id\":\"https:\\\/\\\/www.editorialjuventud.es\\\/#website\"},\"primaryImageOfPage\":{\"@id\":\"https:\\\/\\\/www.editorialjuventud.es\\\/els-bons-veins-9788426140364\\\/#primaryimage\"},\"image\":{\"@id\":\"https:\\\/\\\/www.editorialjuventud.es\\\/els-bons-veins-9788426140364\\\/#primaryimage\"},\"thumbnailUrl\":\"https:\\\/\\\/www.editorialjuventud.es\\\/wp-content\\\/uploads\\\/4036.jpg\",\"datePublished\":\"2018-08-24T09:40:37+00:00\",\"dateModified\":\"2025-01-22T12:18:51+00:00\",\"description\":\"Dos bons amics troben dos sacs de llavors i decideixen plantar-les per tenir menjar per el seg\u00fcent hivern. Sempre s\u2019han ajudat i han compartit el menjar.\",\"breadcrumb\":{\"@id\":\"https:\\\/\\\/www.editorialjuventud.es\\\/els-bons-veins-9788426140364\\\/#breadcrumb\"},\"inLanguage\":\"ca\",\"potentialAction\":[{\"@type\":\"ReadAction\",\"target\":[\"https:\\\/\\\/www.editorialjuventud.es\\\/els-bons-veins-9788426140364\\\/\"]}]},{\"@type\":\"ImageObject\",\"inLanguage\":\"ca\",\"@id\":\"https:\\\/\\\/www.editorialjuventud.es\\\/els-bons-veins-9788426140364\\\/#primaryimage\",\"url\":\"https:\\\/\\\/www.editorialjuventud.es\\\/wp-content\\\/uploads\\\/4036.jpg\",\"contentUrl\":\"https:\\\/\\\/www.editorialjuventud.es\\\/wp-content\\\/uploads\\\/4036.jpg\",\"width\":434,\"height\":450,\"caption\":\"4036.jpg\"},{\"@type\":\"BreadcrumbList\",\"@id\":\"https:\\\/\\\/www.editorialjuventud.es\\\/els-bons-veins-9788426140364\\\/#breadcrumb\",\"itemListElement\":[{\"@type\":\"ListItem\",\"position\":1,\"name\":\"Portada\",\"item\":\"https:\\\/\\\/www.editorialjuventud.es\\\/\"},{\"@type\":\"ListItem\",\"position\":2,\"name\":\"cat\u00e1logo\",\"item\":\"https:\\\/\\\/www.editorialjuventud.es\\\/coleccion\\\/catalogo\\\/\"},{\"@type\":\"ListItem\",\"position\":3,\"name\":\"catal\u00e0\",\"item\":\"https:\\\/\\\/www.editorialjuventud.es\\\/coleccion\\\/catala\\\/\"},{\"@type\":\"ListItem\",\"position\":4,\"name\":\"\u00c0lbums Il\u00b7lustrats\",\"item\":\"https:\\\/\\\/www.editorialjuventud.es\\\/coleccion\\\/albums-il%c2%b7lustrats\\\/\"},{\"@type\":\"ListItem\",\"position\":5,\"name\":\"Com i Per qu\u00e8\",\"item\":\"https:\\\/\\\/www.editorialjuventud.es\\\/coleccion\\\/com-i-per-que\\\/\"},{\"@type\":\"ListItem\",\"position\":6,\"name\":\"Els bons ve\u00efns\"}]},{\"@type\":\"WebSite\",\"@id\":\"https:\\\/\\\/www.editorialjuventud.es\\\/#website\",\"url\":\"https:\\\/\\\/www.editorialjuventud.es\\\/\",\"name\":\"Editorial Juventud\",\"description\":\"\",\"potentialAction\":[{\"@type\":\"SearchAction\",\"target\":{\"@type\":\"EntryPoint\",\"urlTemplate\":\"https:\\\/\\\/www.editorialjuventud.es\\\/?s={search_term_string}\"},\"query-input\":{\"@type\":\"PropertyValueSpecification\",\"valueRequired\":true,\"valueName\":\"search_term_string\"}}],\"inLanguage\":\"ca\"}]}<\/script>\n<!-- \/ Yoast SEO plugin. -->","yoast_head_json":{"title":"Els bons ve\u00efns - Editorial Juventud","description":"Dos bons amics troben dos sacs de llavors i decideixen plantar-les per tenir menjar per el seg\u00fcent hivern. Sempre s\u2019han ajudat i han compartit el menjar.","robots":{"index":"index","follow":"follow","max-snippet":"max-snippet:-1","max-image-preview":"max-image-preview:large","max-video-preview":"max-video-preview:-1"},"canonical":"https:\/\/www.editorialjuventud.es\/els-bons-veins-9788426140364\/","og_locale":"ca_ES","og_type":"article","og_title":"Els bons ve\u00efns - Editorial Juventud","og_description":"Dos bons amics troben dos sacs de llavors i decideixen plantar-les per tenir menjar per el seg\u00fcent hivern. Sempre s\u2019han ajudat i han compartit el menjar.","og_url":"https:\/\/www.editorialjuventud.es\/els-bons-veins-9788426140364\/","og_site_name":"Editorial Juventud","article_modified_time":"2025-01-22T12:18:51+00:00","og_image":[{"width":434,"height":450,"url":"https:\/\/www.editorialjuventud.es\/wp-content\/uploads\/4036.jpg","type":"image\/jpeg"}],"twitter_card":"summary_large_image","schema":{"@context":"https:\/\/schema.org","@graph":[{"@type":"WebPage","@id":"https:\/\/www.editorialjuventud.es\/els-bons-veins-9788426140364\/","url":"https:\/\/www.editorialjuventud.es\/els-bons-veins-9788426140364\/","name":"Els bons ve\u00efns - Editorial Juventud","isPartOf":{"@id":"https:\/\/www.editorialjuventud.es\/#website"},"primaryImageOfPage":{"@id":"https:\/\/www.editorialjuventud.es\/els-bons-veins-9788426140364\/#primaryimage"},"image":{"@id":"https:\/\/www.editorialjuventud.es\/els-bons-veins-9788426140364\/#primaryimage"},"thumbnailUrl":"https:\/\/www.editorialjuventud.es\/wp-content\/uploads\/4036.jpg","datePublished":"2018-08-24T09:40:37+00:00","dateModified":"2025-01-22T12:18:51+00:00","description":"Dos bons amics troben dos sacs de llavors i decideixen plantar-les per tenir menjar per el seg\u00fcent hivern. Sempre s\u2019han ajudat i han compartit el menjar.","breadcrumb":{"@id":"https:\/\/www.editorialjuventud.es\/els-bons-veins-9788426140364\/#breadcrumb"},"inLanguage":"ca","potentialAction":[{"@type":"ReadAction","target":["https:\/\/www.editorialjuventud.es\/els-bons-veins-9788426140364\/"]}]},{"@type":"ImageObject","inLanguage":"ca","@id":"https:\/\/www.editorialjuventud.es\/els-bons-veins-9788426140364\/#primaryimage","url":"https:\/\/www.editorialjuventud.es\/wp-content\/uploads\/4036.jpg","contentUrl":"https:\/\/www.editorialjuventud.es\/wp-content\/uploads\/4036.jpg","width":434,"height":450,"caption":"4036.jpg"},{"@type":"BreadcrumbList","@id":"https:\/\/www.editorialjuventud.es\/els-bons-veins-9788426140364\/#breadcrumb","itemListElement":[{"@type":"ListItem","position":1,"name":"Portada","item":"https:\/\/www.editorialjuventud.es\/"},{"@type":"ListItem","position":2,"name":"cat\u00e1logo","item":"https:\/\/www.editorialjuventud.es\/coleccion\/catalogo\/"},{"@type":"ListItem","position":3,"name":"catal\u00e0","item":"https:\/\/www.editorialjuventud.es\/coleccion\/catala\/"},{"@type":"ListItem","position":4,"name":"\u00c0lbums Il\u00b7lustrats","item":"https:\/\/www.editorialjuventud.es\/coleccion\/albums-il%c2%b7lustrats\/"},{"@type":"ListItem","position":5,"name":"Com i Per qu\u00e8","item":"https:\/\/www.editorialjuventud.es\/coleccion\/com-i-per-que\/"},{"@type":"ListItem","position":6,"name":"Els bons ve\u00efns"}]},{"@type":"WebSite","@id":"https:\/\/www.editorialjuventud.es\/#website","url":"https:\/\/www.editorialjuventud.es\/","name":"Editorial Juventud","description":"","potentialAction":[{"@type":"SearchAction","target":{"@type":"EntryPoint","urlTemplate":"https:\/\/www.editorialjuventud.es\/?s={search_term_string}"},"query-input":{"@type":"PropertyValueSpecification","valueRequired":true,"valueName":"search_term_string"}}],"inLanguage":"ca"}]}},"_links":{"self":[{"href":"https:\/\/www.editorialjuventud.es\/ca\/wp-json\/wp\/v2\/product\/5938","targetHints":{"allow":["GET"]}}],"collection":[{"href":"https:\/\/www.editorialjuventud.es\/ca\/wp-json\/wp\/v2\/product"}],"about":[{"href":"https:\/\/www.editorialjuventud.es\/ca\/wp-json\/wp\/v2\/types\/product"}],"wp:featuredmedia":[{"embeddable":true,"href":"https:\/\/www.editorialjuventud.es\/ca\/wp-json\/wp\/v2\/media\/13207"}],"wp:attachment":[{"href":"https:\/\/www.editorialjuventud.es\/ca\/wp-json\/wp\/v2\/media?parent=5938"}],"wp:term":[{"taxonomy":"product_brand","embeddable":true,"href":"https:\/\/www.editorialjuventud.es\/ca\/wp-json\/wp\/v2\/product_brand?post=5938"},{"taxonomy":"product_cat","embeddable":true,"href":"https:\/\/www.editorialjuventud.es\/ca\/wp-json\/wp\/v2\/product_cat?post=5938"},{"taxonomy":"product_tag","embeddable":true,"href":"https:\/\/www.editorialjuventud.es\/ca\/wp-json\/wp\/v2\/product_tag?post=5938"},{"taxonomy":"coleccion","embeddable":true,"href":"https:\/\/www.editorialjuventud.es\/ca\/wp-json\/wp\/v2\/coleccion?post=5938"}],"curies":[{"name":"wp","href":"https:\/\/api.w.org\/{rel}","templated":true}]}}