{"id":5936,"date":"2018-08-24T11:40:25","date_gmt":"2018-08-24T09:40:25","guid":{"rendered":"http:\/\/www.editorialjuventud.es\/les-tisores-de-matisse\/"},"modified":"2021-10-27T20:02:00","modified_gmt":"2021-10-27T18:02:00","slug":"les-tisores-de-matisse-9788426140340","status":"publish","type":"product","link":"https:\/\/www.editorialjuventud.es\/ca\/les-tisores-de-matisse-9788426140340\/","title":{"rendered":"Les tisores de Matisse"},"content":{"rendered":"<p>En una petita ciutat francesa, un jove anomenat Henri \u00c9mile Matisse es passava el temps dibuixant. Quan va cr\u00e9ixer, es va traslladar a Par\u00eds i es va convertir en un fam\u00f3s artista. Ja de gran, una malaltia greu el va immobilitzar en el llit i va haver de buscar valor per seguir estimant la vida\u0085 Un dia va retallar unes formes en paper pintat. Estava dibuixant amb unes tisores!<br \/>\nBasada en la vida de Henri Matisse, aquest colorit \u00e0lbum il\u00b7lustrat inclou una nota de l&#8217;autora, cites del propi Matisse, i una mirada sobre el proc\u00e9s creatiu d&#8217;un gran artista.<\/p>\n","protected":false},"excerpt":{"rendered":"En una petita ciutat francesa, un jove anomenat Henri \u00c9mile Matisse es passava el temps dibuixant. Quan va cr\u00e9ixer, es va traslladar a Par\u00eds i es va convertir en un fam\u00f3s artista. Ja de gran, una malaltia greu el va [&hellip;]","protected":false},"featured_media":17024,"template":"","meta":{"_acf_changed":false,"_exactmetrics_skip_tracking":false,"_exactmetrics_sitenote_active":false,"_exactmetrics_sitenote_note":"","_exactmetrics_sitenote_category":0},"product_brand":[],"product_cat":[902,1121,1125,1140,892,1115,1207,1128],"product_tag":[],"coleccion":[917,945,915],"class_list":{"0":"post-5936","1":"product","2":"type-product","3":"status-publish","4":"has-post-thumbnail","6":"product_cat-a-partir-de-7-anos","7":"product_cat-albumes-ilustrados","8":"product_cat-arte","9":"product_cat-arte-y-creatividad","10":"product_cat-edades","11":"product_cat-generos","12":"product_cat-personajes-reales","13":"product_cat-tematica","14":"coleccion-albums-illustrats","15":"coleccion-art-i-creativitat","16":"coleccion-catala","18":"first","19":"instock","20":"taxable","21":"shipping-taxable","22":"purchasable","23":"product-type-simple"},"acf":{"autor":"WINTER, DE JEANETTE","codart":"4034","ediciones":"1","encuadernacion":"Carton\u00e9","fecha_de_publicacion":"01\/02\/2014","novedad":"0","paginas":"40","subtitulo":"","texto_web_adicional":"","texto_web_novedad":"","orden":"999","portada":"0","texto_web_resaltado":"","indice":"","autores-libros":[16687],"ilustradores-libros":[16687],"traductores-libros":[58414],"descripcion_corta":"","recomendamos":"","mas_vendido":"","idioma-libro":"","color":false,"formato":"","mas_informacion_del_producto":false,"premios":false,"texto_enlace_cubierta":"","enlace_cubierta":{"ID":24240,"id":24240,"title":"cover - les tisores de Matisse","filename":"cover-les-tisores-de-Matisse.jpg","filesize":71363,"url":"https:\/\/www.editorialjuventud.es\/wp-content\/uploads\/cover-les-tisores-de-Matisse.jpg","link":"https:\/\/www.editorialjuventud.es\/ca\/?attachment_id=24240","alt":"","author":"47","description":"","caption":"","name":"cover-les-tisores-de-matisse","status":"inherit","uploaded_to":5936,"date":"2019-04-15 18:10:03","modified":"2019-04-15 18:10:03","menu_order":0,"mime_type":"image\/jpeg","type":"image","subtype":"jpeg","icon":"https:\/\/www.editorialjuventud.es\/wp-includes\/images\/media\/default.png","width":703,"height":750,"sizes":{"thumbnail":"https:\/\/www.editorialjuventud.es\/wp-content\/uploads\/cover-les-tisores-de-Matisse-200x200.jpg","thumbnail-width":200,"thumbnail-height":200,"medium":"https:\/\/www.editorialjuventud.es\/wp-content\/uploads\/cover-les-tisores-de-Matisse.jpg","medium-width":703,"medium-height":750,"medium_large":"https:\/\/www.editorialjuventud.es\/wp-content\/uploads\/cover-les-tisores-de-Matisse.jpg","medium_large-width":703,"medium_large-height":750,"large":"https:\/\/www.editorialjuventud.es\/wp-content\/uploads\/cover-les-tisores-de-Matisse.jpg","large-width":703,"large-height":750,"1536x1536":"https:\/\/www.editorialjuventud.es\/wp-content\/uploads\/cover-les-tisores-de-Matisse.jpg","1536x1536-width":703,"1536x1536-height":750,"2048x2048":"https:\/\/www.editorialjuventud.es\/wp-content\/uploads\/cover-les-tisores-de-Matisse.jpg","2048x2048-width":703,"2048x2048-height":750,"woocommerce_thumbnail":"https:\/\/www.editorialjuventud.es\/wp-content\/uploads\/cover-les-tisores-de-Matisse-350x373.jpg","woocommerce_thumbnail-width":350,"woocommerce_thumbnail-height":373,"woocommerce_single":"https:\/\/www.editorialjuventud.es\/wp-content\/uploads\/cover-les-tisores-de-Matisse.jpg","woocommerce_single-width":703,"woocommerce_single-height":750,"woocommerce_gallery_thumbnail":"https:\/\/www.editorialjuventud.es\/wp-content\/uploads\/cover-les-tisores-de-Matisse-100x100.jpg","woocommerce_gallery_thumbnail-width":100,"woocommerce_gallery_thumbnail-height":100,"ppec_logo_image_size":"https:\/\/www.editorialjuventud.es\/wp-content\/uploads\/cover-les-tisores-de-Matisse.jpg","ppec_logo_image_size-width":56,"ppec_logo_image_size-height":60,"ppec_header_image_size":"https:\/\/www.editorialjuventud.es\/wp-content\/uploads\/cover-les-tisores-de-Matisse.jpg","ppec_header_image_size-width":84,"ppec_header_image_size-height":90}},"texto_enlace_ficha_tecnica":"","enlace_ficha_tecnica":false,"ficheros":false,"titulo-fr":"","texto-fr":""},"yoast_head":"<!-- This site is optimized with the Yoast SEO plugin v27.3 - https:\/\/yoast.com\/product\/yoast-seo-wordpress\/ -->\n<title>Les tisores de Matisse - Editorial Juventud<\/title>\n<meta name=\"description\" content=\"En una petita ciutat francesa, un jove anomenat Henri \u00c9mile Matisse es passava el temps dibuixant. Quan va cr\u00e9ixer, es va traslladar a Par\u00eds i es va\" \/>\n<meta name=\"robots\" content=\"index, follow, max-snippet:-1, max-image-preview:large, max-video-preview:-1\" \/>\n<link rel=\"canonical\" href=\"https:\/\/www.editorialjuventud.es\/les-tisores-de-matisse-9788426140340\/\" \/>\n<meta property=\"og:locale\" content=\"ca_ES\" \/>\n<meta property=\"og:type\" content=\"article\" \/>\n<meta property=\"og:title\" content=\"Les tisores de Matisse - Editorial Juventud\" \/>\n<meta property=\"og:description\" content=\"En una petita ciutat francesa, un jove anomenat Henri \u00c9mile Matisse es passava el temps dibuixant. Quan va cr\u00e9ixer, es va traslladar a Par\u00eds i es va\" \/>\n<meta property=\"og:url\" content=\"https:\/\/www.editorialjuventud.es\/les-tisores-de-matisse-9788426140340\/\" \/>\n<meta property=\"og:site_name\" content=\"Editorial Juventud\" \/>\n<meta property=\"article:modified_time\" content=\"2021-10-27T18:02:00+00:00\" \/>\n<meta property=\"og:image\" content=\"https:\/\/www.editorialjuventud.es\/wp-content\/uploads\/4034.jpg\" \/>\n\t<meta property=\"og:image:width\" content=\"451\" \/>\n\t<meta property=\"og:image:height\" content=\"450\" \/>\n\t<meta property=\"og:image:type\" content=\"image\/jpeg\" \/>\n<meta name=\"twitter:card\" content=\"summary_large_image\" \/>\n<meta name=\"twitter:label1\" content=\"Temps estimat de lectura\" \/>\n\t<meta name=\"twitter:data1\" content=\"1 minut\" \/>\n<script type=\"application\/ld+json\" class=\"yoast-schema-graph\">{\"@context\":\"https:\\\/\\\/schema.org\",\"@graph\":[{\"@type\":\"WebPage\",\"@id\":\"https:\\\/\\\/www.editorialjuventud.es\\\/les-tisores-de-matisse-9788426140340\\\/\",\"url\":\"https:\\\/\\\/www.editorialjuventud.es\\\/les-tisores-de-matisse-9788426140340\\\/\",\"name\":\"Les tisores de Matisse - Editorial Juventud\",\"isPartOf\":{\"@id\":\"https:\\\/\\\/www.editorialjuventud.es\\\/#website\"},\"primaryImageOfPage\":{\"@id\":\"https:\\\/\\\/www.editorialjuventud.es\\\/les-tisores-de-matisse-9788426140340\\\/#primaryimage\"},\"image\":{\"@id\":\"https:\\\/\\\/www.editorialjuventud.es\\\/les-tisores-de-matisse-9788426140340\\\/#primaryimage\"},\"thumbnailUrl\":\"https:\\\/\\\/www.editorialjuventud.es\\\/wp-content\\\/uploads\\\/4034.jpg\",\"datePublished\":\"2018-08-24T09:40:25+00:00\",\"dateModified\":\"2021-10-27T18:02:00+00:00\",\"description\":\"En una petita ciutat francesa, un jove anomenat Henri \u00c9mile Matisse es passava el temps dibuixant. Quan va cr\u00e9ixer, es va traslladar a Par\u00eds i es va\",\"breadcrumb\":{\"@id\":\"https:\\\/\\\/www.editorialjuventud.es\\\/les-tisores-de-matisse-9788426140340\\\/#breadcrumb\"},\"inLanguage\":\"ca\",\"potentialAction\":[{\"@type\":\"ReadAction\",\"target\":[\"https:\\\/\\\/www.editorialjuventud.es\\\/les-tisores-de-matisse-9788426140340\\\/\"]}]},{\"@type\":\"ImageObject\",\"inLanguage\":\"ca\",\"@id\":\"https:\\\/\\\/www.editorialjuventud.es\\\/les-tisores-de-matisse-9788426140340\\\/#primaryimage\",\"url\":\"https:\\\/\\\/www.editorialjuventud.es\\\/wp-content\\\/uploads\\\/4034.jpg\",\"contentUrl\":\"https:\\\/\\\/www.editorialjuventud.es\\\/wp-content\\\/uploads\\\/4034.jpg\",\"width\":451,\"height\":450,\"caption\":\"4034.jpg\"},{\"@type\":\"BreadcrumbList\",\"@id\":\"https:\\\/\\\/www.editorialjuventud.es\\\/les-tisores-de-matisse-9788426140340\\\/#breadcrumb\",\"itemListElement\":[{\"@type\":\"ListItem\",\"position\":1,\"name\":\"Portada\",\"item\":\"https:\\\/\\\/www.editorialjuventud.es\\\/\"},{\"@type\":\"ListItem\",\"position\":2,\"name\":\"cat\u00e1logo\",\"item\":\"https:\\\/\\\/www.editorialjuventud.es\\\/coleccion\\\/catalogo\\\/\"},{\"@type\":\"ListItem\",\"position\":3,\"name\":\"catal\u00e0\",\"item\":\"https:\\\/\\\/www.editorialjuventud.es\\\/coleccion\\\/catala\\\/\"},{\"@type\":\"ListItem\",\"position\":4,\"name\":\"\u00c0lbums Il\u00b7lustrats\",\"item\":\"https:\\\/\\\/www.editorialjuventud.es\\\/coleccion\\\/albums-il%c2%b7lustrats\\\/\"},{\"@type\":\"ListItem\",\"position\":5,\"name\":\"Art i Creativitat\",\"item\":\"https:\\\/\\\/www.editorialjuventud.es\\\/ca\\\/coleccion\\\/art-i-creativitat\\\/\"},{\"@type\":\"ListItem\",\"position\":6,\"name\":\"Les tisores de Matisse\"}]},{\"@type\":\"WebSite\",\"@id\":\"https:\\\/\\\/www.editorialjuventud.es\\\/#website\",\"url\":\"https:\\\/\\\/www.editorialjuventud.es\\\/\",\"name\":\"Editorial Juventud\",\"description\":\"\",\"potentialAction\":[{\"@type\":\"SearchAction\",\"target\":{\"@type\":\"EntryPoint\",\"urlTemplate\":\"https:\\\/\\\/www.editorialjuventud.es\\\/?s={search_term_string}\"},\"query-input\":{\"@type\":\"PropertyValueSpecification\",\"valueRequired\":true,\"valueName\":\"search_term_string\"}}],\"inLanguage\":\"ca\"}]}<\/script>\n<!-- \/ Yoast SEO plugin. -->","yoast_head_json":{"title":"Les tisores de Matisse - Editorial Juventud","description":"En una petita ciutat francesa, un jove anomenat Henri \u00c9mile Matisse es passava el temps dibuixant. Quan va cr\u00e9ixer, es va traslladar a Par\u00eds i es va","robots":{"index":"index","follow":"follow","max-snippet":"max-snippet:-1","max-image-preview":"max-image-preview:large","max-video-preview":"max-video-preview:-1"},"canonical":"https:\/\/www.editorialjuventud.es\/les-tisores-de-matisse-9788426140340\/","og_locale":"ca_ES","og_type":"article","og_title":"Les tisores de Matisse - Editorial Juventud","og_description":"En una petita ciutat francesa, un jove anomenat Henri \u00c9mile Matisse es passava el temps dibuixant. Quan va cr\u00e9ixer, es va traslladar a Par\u00eds i es va","og_url":"https:\/\/www.editorialjuventud.es\/les-tisores-de-matisse-9788426140340\/","og_site_name":"Editorial Juventud","article_modified_time":"2021-10-27T18:02:00+00:00","og_image":[{"width":451,"height":450,"url":"https:\/\/www.editorialjuventud.es\/wp-content\/uploads\/4034.jpg","type":"image\/jpeg"}],"twitter_card":"summary_large_image","twitter_misc":{"Temps estimat de lectura":"1 minut"},"schema":{"@context":"https:\/\/schema.org","@graph":[{"@type":"WebPage","@id":"https:\/\/www.editorialjuventud.es\/les-tisores-de-matisse-9788426140340\/","url":"https:\/\/www.editorialjuventud.es\/les-tisores-de-matisse-9788426140340\/","name":"Les tisores de Matisse - Editorial Juventud","isPartOf":{"@id":"https:\/\/www.editorialjuventud.es\/#website"},"primaryImageOfPage":{"@id":"https:\/\/www.editorialjuventud.es\/les-tisores-de-matisse-9788426140340\/#primaryimage"},"image":{"@id":"https:\/\/www.editorialjuventud.es\/les-tisores-de-matisse-9788426140340\/#primaryimage"},"thumbnailUrl":"https:\/\/www.editorialjuventud.es\/wp-content\/uploads\/4034.jpg","datePublished":"2018-08-24T09:40:25+00:00","dateModified":"2021-10-27T18:02:00+00:00","description":"En una petita ciutat francesa, un jove anomenat Henri \u00c9mile Matisse es passava el temps dibuixant. Quan va cr\u00e9ixer, es va traslladar a Par\u00eds i es va","breadcrumb":{"@id":"https:\/\/www.editorialjuventud.es\/les-tisores-de-matisse-9788426140340\/#breadcrumb"},"inLanguage":"ca","potentialAction":[{"@type":"ReadAction","target":["https:\/\/www.editorialjuventud.es\/les-tisores-de-matisse-9788426140340\/"]}]},{"@type":"ImageObject","inLanguage":"ca","@id":"https:\/\/www.editorialjuventud.es\/les-tisores-de-matisse-9788426140340\/#primaryimage","url":"https:\/\/www.editorialjuventud.es\/wp-content\/uploads\/4034.jpg","contentUrl":"https:\/\/www.editorialjuventud.es\/wp-content\/uploads\/4034.jpg","width":451,"height":450,"caption":"4034.jpg"},{"@type":"BreadcrumbList","@id":"https:\/\/www.editorialjuventud.es\/les-tisores-de-matisse-9788426140340\/#breadcrumb","itemListElement":[{"@type":"ListItem","position":1,"name":"Portada","item":"https:\/\/www.editorialjuventud.es\/"},{"@type":"ListItem","position":2,"name":"cat\u00e1logo","item":"https:\/\/www.editorialjuventud.es\/coleccion\/catalogo\/"},{"@type":"ListItem","position":3,"name":"catal\u00e0","item":"https:\/\/www.editorialjuventud.es\/coleccion\/catala\/"},{"@type":"ListItem","position":4,"name":"\u00c0lbums Il\u00b7lustrats","item":"https:\/\/www.editorialjuventud.es\/coleccion\/albums-il%c2%b7lustrats\/"},{"@type":"ListItem","position":5,"name":"Art i Creativitat","item":"https:\/\/www.editorialjuventud.es\/ca\/coleccion\/art-i-creativitat\/"},{"@type":"ListItem","position":6,"name":"Les tisores de Matisse"}]},{"@type":"WebSite","@id":"https:\/\/www.editorialjuventud.es\/#website","url":"https:\/\/www.editorialjuventud.es\/","name":"Editorial Juventud","description":"","potentialAction":[{"@type":"SearchAction","target":{"@type":"EntryPoint","urlTemplate":"https:\/\/www.editorialjuventud.es\/?s={search_term_string}"},"query-input":{"@type":"PropertyValueSpecification","valueRequired":true,"valueName":"search_term_string"}}],"inLanguage":"ca"}]}},"_links":{"self":[{"href":"https:\/\/www.editorialjuventud.es\/ca\/wp-json\/wp\/v2\/product\/5936","targetHints":{"allow":["GET"]}}],"collection":[{"href":"https:\/\/www.editorialjuventud.es\/ca\/wp-json\/wp\/v2\/product"}],"about":[{"href":"https:\/\/www.editorialjuventud.es\/ca\/wp-json\/wp\/v2\/types\/product"}],"wp:featuredmedia":[{"embeddable":true,"href":"https:\/\/www.editorialjuventud.es\/ca\/wp-json\/wp\/v2\/media\/17024"}],"wp:attachment":[{"href":"https:\/\/www.editorialjuventud.es\/ca\/wp-json\/wp\/v2\/media?parent=5936"}],"wp:term":[{"taxonomy":"product_brand","embeddable":true,"href":"https:\/\/www.editorialjuventud.es\/ca\/wp-json\/wp\/v2\/product_brand?post=5936"},{"taxonomy":"product_cat","embeddable":true,"href":"https:\/\/www.editorialjuventud.es\/ca\/wp-json\/wp\/v2\/product_cat?post=5936"},{"taxonomy":"product_tag","embeddable":true,"href":"https:\/\/www.editorialjuventud.es\/ca\/wp-json\/wp\/v2\/product_tag?post=5936"},{"taxonomy":"coleccion","embeddable":true,"href":"https:\/\/www.editorialjuventud.es\/ca\/wp-json\/wp\/v2\/coleccion?post=5936"}],"curies":[{"name":"wp","href":"https:\/\/api.w.org\/{rel}","templated":true}]}}