{"id":5935,"date":"2018-08-24T13:40:18","date_gmt":"2018-08-24T09:40:18","guid":{"rendered":"http:\/\/www.editorialjuventud.es\/las-tijeras-de-matisse\/"},"modified":"2023-05-04T17:26:40","modified_gmt":"2023-05-04T15:26:40","slug":"las-tijeras-de-matisse-9788426140333","status":"publish","type":"product","link":"https:\/\/www.editorialjuventud.es\/ca\/las-tijeras-de-matisse-9788426140333\/","title":{"rendered":"Las tijeras de Matisse"},"content":{"rendered":"<p>En una peque\u00f1a ciudad francesa, un joven llamado Henri \u00c9mile Matisse se pasaba el tiempo dibujando. Cuando creci\u00f3, se traslad\u00f3 a Par\u00eds y se convirti\u00f3 en un famoso artista. Ya mayor, una enfermedad grave le inmoviliz\u00f3 en la cama y tuvo que buscar valor para seguir amando la vida&#8230; Un d\u00eda recort\u00f3 unas formas en papel pintado. \u00a1Estaba dibujando con unas tijeras! Basado en la vida de Henri Matisse, este colorido \u00e1lbum ilustrado incluye una nota de la autora, citas del propio Matisse, y una mirada sobre el proceso creativo de un gran artista.<\/p>\n","protected":false},"excerpt":{"rendered":"En una peque\u00f1a ciudad francesa, un joven llamado Henri \u00c9mile Matisse se pasaba el tiempo dibujando. Cuando creci\u00f3, se traslad\u00f3 a Par\u00eds y se convirti\u00f3 en un famoso artista. Ya mayor, una enfermedad grave le inmoviliz\u00f3 en la cama y [&hellip;]","protected":false},"featured_media":17022,"template":"","meta":{"_acf_changed":false,"_exactmetrics_skip_tracking":false,"_exactmetrics_sitenote_active":false,"_exactmetrics_sitenote_note":"","_exactmetrics_sitenote_category":0},"product_brand":[],"product_cat":[902,1125,1140,892,1115,1207,1128],"product_tag":[],"coleccion":[928,986,916],"class_list":{"0":"post-5935","1":"product","2":"type-product","3":"status-publish","4":"has-post-thumbnail","6":"product_cat-a-partir-de-7-anos","7":"product_cat-arte","8":"product_cat-arte-y-creatividad","9":"product_cat-edades","10":"product_cat-generos","11":"product_cat-personajes-reales","12":"product_cat-tematica","13":"coleccion-albumes-ilustrados","14":"coleccion-arte-y-creatividad","15":"coleccion-castellano","17":"first","18":"instock","19":"taxable","20":"shipping-taxable","21":"purchasable","22":"product-type-simple"},"acf":{"autor":"WINTER, DE JEANETTE","codart":"4033","ediciones":"3","encuadernacion":"Carton\u00e9","fecha_de_publicacion":"01\/02\/2014","novedad":"0","paginas":"40","subtitulo":"","texto_web_adicional":"","texto_web_novedad":"","orden":"999","portada":"0","texto_web_resaltado":"","indice":"","autores-libros":[16687],"ilustradores-libros":[16687],"traductores-libros":[58416],"descripcion_corta":"","recomendamos":"","mas_vendido":"","idioma-libro":"","color":false,"formato":"","mas_informacion_del_producto":false,"premios":[{"premio":"Banco del Libro","anyo_del_premio":"libro postulado","pais_del_premio":"Venezuela"},{"premio":"Booklist Editors' Choice","anyo_del_premio":"","pais_del_premio":"EE.UU."},{"premio":"Georgia Children's Picture Book Award","anyo_del_premio":"nominado","pais_del_premio":"EE.UU."},{"premio":"MSTA Reading Circle List","anyo_del_premio":"","pais_del_premio":"EE.UU."},{"premio":"Colorado CLEL Bell Picture Book ","anyo_del_premio":"seleccionado","pais_del_premio":"EE.UU."}],"texto_enlace_cubierta":"","enlace_cubierta":{"ID":23932,"id":23932,"title":"las Tijeras de Matisse CAST-cover","filename":"las-Tijeras-de-Matisse-CAST-cover.jpg","filesize":111324,"url":"https:\/\/www.editorialjuventud.es\/wp-content\/uploads\/las-Tijeras-de-Matisse-CAST-cover.jpg","link":"https:\/\/www.editorialjuventud.es\/ca\/?attachment_id=23932","alt":"","author":"47","description":"","caption":"","name":"las-tijeras-de-matisse-cast-cover","status":"inherit","uploaded_to":5935,"date":"2019-04-12 07:25:54","modified":"2019-04-12 07:25:54","menu_order":0,"mime_type":"image\/jpeg","type":"image","subtype":"jpeg","icon":"https:\/\/www.editorialjuventud.es\/wp-includes\/images\/media\/default.png","width":936,"height":942,"sizes":{"thumbnail":"https:\/\/www.editorialjuventud.es\/wp-content\/uploads\/las-Tijeras-de-Matisse-CAST-cover-200x200.jpg","thumbnail-width":200,"thumbnail-height":200,"medium":"https:\/\/www.editorialjuventud.es\/wp-content\/uploads\/las-Tijeras-de-Matisse-CAST-cover.jpg","medium-width":936,"medium-height":942,"medium_large":"https:\/\/www.editorialjuventud.es\/wp-content\/uploads\/las-Tijeras-de-Matisse-CAST-cover-768x773.jpg","medium_large-width":768,"medium_large-height":773,"large":"https:\/\/www.editorialjuventud.es\/wp-content\/uploads\/las-Tijeras-de-Matisse-CAST-cover.jpg","large-width":936,"large-height":942,"1536x1536":"https:\/\/www.editorialjuventud.es\/wp-content\/uploads\/las-Tijeras-de-Matisse-CAST-cover.jpg","1536x1536-width":936,"1536x1536-height":942,"2048x2048":"https:\/\/www.editorialjuventud.es\/wp-content\/uploads\/las-Tijeras-de-Matisse-CAST-cover.jpg","2048x2048-width":936,"2048x2048-height":942,"woocommerce_thumbnail":"https:\/\/www.editorialjuventud.es\/wp-content\/uploads\/las-Tijeras-de-Matisse-CAST-cover-350x352.jpg","woocommerce_thumbnail-width":350,"woocommerce_thumbnail-height":352,"woocommerce_single":"https:\/\/www.editorialjuventud.es\/wp-content\/uploads\/las-Tijeras-de-Matisse-CAST-cover-900x906.jpg","woocommerce_single-width":900,"woocommerce_single-height":906,"woocommerce_gallery_thumbnail":"https:\/\/www.editorialjuventud.es\/wp-content\/uploads\/las-Tijeras-de-Matisse-CAST-cover-100x100.jpg","woocommerce_gallery_thumbnail-width":100,"woocommerce_gallery_thumbnail-height":100,"ppec_logo_image_size":"https:\/\/www.editorialjuventud.es\/wp-content\/uploads\/las-Tijeras-de-Matisse-CAST-cover.jpg","ppec_logo_image_size-width":60,"ppec_logo_image_size-height":60,"ppec_header_image_size":"https:\/\/www.editorialjuventud.es\/wp-content\/uploads\/las-Tijeras-de-Matisse-CAST-cover.jpg","ppec_header_image_size-width":89,"ppec_header_image_size-height":90}},"texto_enlace_ficha_tecnica":"","enlace_ficha_tecnica":{"ID":33102,"id":33102,"title":"Las tijeras de Matisse_Sales page","filename":"Las-tijeras-de-Matisse_Sales-page.pdf","filesize":216360,"url":"https:\/\/www.editorialjuventud.es\/wp-content\/uploads\/Las-tijeras-de-Matisse_Sales-page.pdf","link":"https:\/\/www.editorialjuventud.es\/ca\/?attachment_id=33102","alt":"","author":"50","description":"","caption":"","name":"las-tijeras-de-matisse_sales-page","status":"inherit","uploaded_to":5935,"date":"2019-10-10 18:51:07","modified":"2019-10-10 18:51:07","menu_order":0,"mime_type":"application\/pdf","type":"application","subtype":"pdf","icon":"https:\/\/www.editorialjuventud.es\/wp-includes\/images\/media\/document.png"},"ficheros":false,"titulo-fr":"","texto-fr":""},"yoast_head":"<!-- This site is optimized with the Yoast SEO plugin v27.5 - https:\/\/yoast.com\/product\/yoast-seo-wordpress\/ -->\n<title>Las tijeras de Matisse - Editorial Juventud<\/title>\n<meta name=\"description\" content=\"En una peque\u00f1a ciudad francesa, un joven llamado Henri \u00c9mile Matisse se pasaba el tiempo dibujando. Cuando creci\u00f3, se traslad\u00f3 a Par\u00eds y se convirti\u00f3 en\" \/>\n<meta name=\"robots\" content=\"index, follow, max-snippet:-1, max-image-preview:large, max-video-preview:-1\" \/>\n<link rel=\"canonical\" href=\"https:\/\/www.editorialjuventud.es\/ca\/las-tijeras-de-matisse-9788426140333\/\" \/>\n<meta property=\"og:locale\" content=\"ca_ES\" \/>\n<meta property=\"og:type\" content=\"article\" \/>\n<meta property=\"og:title\" content=\"Las tijeras de Matisse - Editorial Juventud\" \/>\n<meta property=\"og:description\" content=\"En una peque\u00f1a ciudad francesa, un joven llamado Henri \u00c9mile Matisse se pasaba el tiempo dibujando. Cuando creci\u00f3, se traslad\u00f3 a Par\u00eds y se convirti\u00f3 en\" \/>\n<meta property=\"og:url\" content=\"https:\/\/www.editorialjuventud.es\/ca\/las-tijeras-de-matisse-9788426140333\/\" \/>\n<meta property=\"og:site_name\" content=\"Editorial Juventud\" \/>\n<meta property=\"article:modified_time\" content=\"2023-05-04T15:26:40+00:00\" \/>\n<meta property=\"og:image\" content=\"https:\/\/www.editorialjuventud.es\/wp-content\/uploads\/4033.jpg\" \/>\n\t<meta property=\"og:image:width\" content=\"451\" \/>\n\t<meta property=\"og:image:height\" content=\"450\" \/>\n\t<meta property=\"og:image:type\" content=\"image\/jpeg\" \/>\n<meta name=\"twitter:card\" content=\"summary_large_image\" \/>\n<script type=\"application\/ld+json\" class=\"yoast-schema-graph\">{\"@context\":\"https:\\\/\\\/schema.org\",\"@graph\":[{\"@type\":\"WebPage\",\"@id\":\"https:\\\/\\\/www.editorialjuventud.es\\\/ca\\\/las-tijeras-de-matisse-9788426140333\\\/\",\"url\":\"https:\\\/\\\/www.editorialjuventud.es\\\/ca\\\/las-tijeras-de-matisse-9788426140333\\\/\",\"name\":\"Las tijeras de Matisse - Editorial Juventud\",\"isPartOf\":{\"@id\":\"https:\\\/\\\/www.editorialjuventud.es\\\/#website\"},\"primaryImageOfPage\":{\"@id\":\"https:\\\/\\\/www.editorialjuventud.es\\\/ca\\\/las-tijeras-de-matisse-9788426140333\\\/#primaryimage\"},\"image\":{\"@id\":\"https:\\\/\\\/www.editorialjuventud.es\\\/ca\\\/las-tijeras-de-matisse-9788426140333\\\/#primaryimage\"},\"thumbnailUrl\":\"https:\\\/\\\/www.editorialjuventud.es\\\/wp-content\\\/uploads\\\/4033.jpg\",\"datePublished\":\"2018-08-24T09:40:18+00:00\",\"dateModified\":\"2023-05-04T15:26:40+00:00\",\"description\":\"En una peque\u00f1a ciudad francesa, un joven llamado Henri \u00c9mile Matisse se pasaba el tiempo dibujando. Cuando creci\u00f3, se traslad\u00f3 a Par\u00eds y se convirti\u00f3 en\",\"breadcrumb\":{\"@id\":\"https:\\\/\\\/www.editorialjuventud.es\\\/ca\\\/las-tijeras-de-matisse-9788426140333\\\/#breadcrumb\"},\"inLanguage\":\"ca\",\"potentialAction\":[{\"@type\":\"ReadAction\",\"target\":[\"https:\\\/\\\/www.editorialjuventud.es\\\/ca\\\/las-tijeras-de-matisse-9788426140333\\\/\"]}]},{\"@type\":\"ImageObject\",\"inLanguage\":\"ca\",\"@id\":\"https:\\\/\\\/www.editorialjuventud.es\\\/ca\\\/las-tijeras-de-matisse-9788426140333\\\/#primaryimage\",\"url\":\"https:\\\/\\\/www.editorialjuventud.es\\\/wp-content\\\/uploads\\\/4033.jpg\",\"contentUrl\":\"https:\\\/\\\/www.editorialjuventud.es\\\/wp-content\\\/uploads\\\/4033.jpg\",\"width\":451,\"height\":450,\"caption\":\"4033.jpg\"},{\"@type\":\"BreadcrumbList\",\"@id\":\"https:\\\/\\\/www.editorialjuventud.es\\\/ca\\\/las-tijeras-de-matisse-9788426140333\\\/#breadcrumb\",\"itemListElement\":[{\"@type\":\"ListItem\",\"position\":1,\"name\":\"Portada\",\"item\":\"https:\\\/\\\/www.editorialjuventud.es\\\/\"},{\"@type\":\"ListItem\",\"position\":2,\"name\":\"cat\u00e1logo\",\"item\":\"https:\\\/\\\/www.editorialjuventud.es\\\/coleccion\\\/catalogo\\\/\"},{\"@type\":\"ListItem\",\"position\":3,\"name\":\"castellano\",\"item\":\"https:\\\/\\\/www.editorialjuventud.es\\\/coleccion\\\/castellano\\\/\"},{\"@type\":\"ListItem\",\"position\":4,\"name\":\"\u00c1lbumes Ilustrados\",\"item\":\"https:\\\/\\\/www.editorialjuventud.es\\\/coleccion\\\/albumes-ilustrados\\\/\"},{\"@type\":\"ListItem\",\"position\":5,\"name\":\"Arte y Creatividad\",\"item\":\"https:\\\/\\\/www.editorialjuventud.es\\\/ca\\\/coleccion\\\/arte-y-creatividad\\\/\"},{\"@type\":\"ListItem\",\"position\":6,\"name\":\"Las tijeras de Matisse\"}]},{\"@type\":\"WebSite\",\"@id\":\"https:\\\/\\\/www.editorialjuventud.es\\\/#website\",\"url\":\"https:\\\/\\\/www.editorialjuventud.es\\\/\",\"name\":\"Editorial Juventud\",\"description\":\"\",\"potentialAction\":[{\"@type\":\"SearchAction\",\"target\":{\"@type\":\"EntryPoint\",\"urlTemplate\":\"https:\\\/\\\/www.editorialjuventud.es\\\/?s={search_term_string}\"},\"query-input\":{\"@type\":\"PropertyValueSpecification\",\"valueRequired\":true,\"valueName\":\"search_term_string\"}}],\"inLanguage\":\"ca\"}]}<\/script>\n<!-- \/ Yoast SEO plugin. -->","yoast_head_json":{"title":"Las tijeras de Matisse - Editorial Juventud","description":"En una peque\u00f1a ciudad francesa, un joven llamado Henri \u00c9mile Matisse se pasaba el tiempo dibujando. Cuando creci\u00f3, se traslad\u00f3 a Par\u00eds y se convirti\u00f3 en","robots":{"index":"index","follow":"follow","max-snippet":"max-snippet:-1","max-image-preview":"max-image-preview:large","max-video-preview":"max-video-preview:-1"},"canonical":"https:\/\/www.editorialjuventud.es\/ca\/las-tijeras-de-matisse-9788426140333\/","og_locale":"ca_ES","og_type":"article","og_title":"Las tijeras de Matisse - Editorial Juventud","og_description":"En una peque\u00f1a ciudad francesa, un joven llamado Henri \u00c9mile Matisse se pasaba el tiempo dibujando. Cuando creci\u00f3, se traslad\u00f3 a Par\u00eds y se convirti\u00f3 en","og_url":"https:\/\/www.editorialjuventud.es\/ca\/las-tijeras-de-matisse-9788426140333\/","og_site_name":"Editorial Juventud","article_modified_time":"2023-05-04T15:26:40+00:00","og_image":[{"width":451,"height":450,"url":"https:\/\/www.editorialjuventud.es\/wp-content\/uploads\/4033.jpg","type":"image\/jpeg"}],"twitter_card":"summary_large_image","schema":{"@context":"https:\/\/schema.org","@graph":[{"@type":"WebPage","@id":"https:\/\/www.editorialjuventud.es\/ca\/las-tijeras-de-matisse-9788426140333\/","url":"https:\/\/www.editorialjuventud.es\/ca\/las-tijeras-de-matisse-9788426140333\/","name":"Las tijeras de Matisse - Editorial Juventud","isPartOf":{"@id":"https:\/\/www.editorialjuventud.es\/#website"},"primaryImageOfPage":{"@id":"https:\/\/www.editorialjuventud.es\/ca\/las-tijeras-de-matisse-9788426140333\/#primaryimage"},"image":{"@id":"https:\/\/www.editorialjuventud.es\/ca\/las-tijeras-de-matisse-9788426140333\/#primaryimage"},"thumbnailUrl":"https:\/\/www.editorialjuventud.es\/wp-content\/uploads\/4033.jpg","datePublished":"2018-08-24T09:40:18+00:00","dateModified":"2023-05-04T15:26:40+00:00","description":"En una peque\u00f1a ciudad francesa, un joven llamado Henri \u00c9mile Matisse se pasaba el tiempo dibujando. Cuando creci\u00f3, se traslad\u00f3 a Par\u00eds y se convirti\u00f3 en","breadcrumb":{"@id":"https:\/\/www.editorialjuventud.es\/ca\/las-tijeras-de-matisse-9788426140333\/#breadcrumb"},"inLanguage":"ca","potentialAction":[{"@type":"ReadAction","target":["https:\/\/www.editorialjuventud.es\/ca\/las-tijeras-de-matisse-9788426140333\/"]}]},{"@type":"ImageObject","inLanguage":"ca","@id":"https:\/\/www.editorialjuventud.es\/ca\/las-tijeras-de-matisse-9788426140333\/#primaryimage","url":"https:\/\/www.editorialjuventud.es\/wp-content\/uploads\/4033.jpg","contentUrl":"https:\/\/www.editorialjuventud.es\/wp-content\/uploads\/4033.jpg","width":451,"height":450,"caption":"4033.jpg"},{"@type":"BreadcrumbList","@id":"https:\/\/www.editorialjuventud.es\/ca\/las-tijeras-de-matisse-9788426140333\/#breadcrumb","itemListElement":[{"@type":"ListItem","position":1,"name":"Portada","item":"https:\/\/www.editorialjuventud.es\/"},{"@type":"ListItem","position":2,"name":"cat\u00e1logo","item":"https:\/\/www.editorialjuventud.es\/coleccion\/catalogo\/"},{"@type":"ListItem","position":3,"name":"castellano","item":"https:\/\/www.editorialjuventud.es\/coleccion\/castellano\/"},{"@type":"ListItem","position":4,"name":"\u00c1lbumes Ilustrados","item":"https:\/\/www.editorialjuventud.es\/coleccion\/albumes-ilustrados\/"},{"@type":"ListItem","position":5,"name":"Arte y Creatividad","item":"https:\/\/www.editorialjuventud.es\/ca\/coleccion\/arte-y-creatividad\/"},{"@type":"ListItem","position":6,"name":"Las tijeras de Matisse"}]},{"@type":"WebSite","@id":"https:\/\/www.editorialjuventud.es\/#website","url":"https:\/\/www.editorialjuventud.es\/","name":"Editorial Juventud","description":"","potentialAction":[{"@type":"SearchAction","target":{"@type":"EntryPoint","urlTemplate":"https:\/\/www.editorialjuventud.es\/?s={search_term_string}"},"query-input":{"@type":"PropertyValueSpecification","valueRequired":true,"valueName":"search_term_string"}}],"inLanguage":"ca"}]}},"_links":{"self":[{"href":"https:\/\/www.editorialjuventud.es\/ca\/wp-json\/wp\/v2\/product\/5935","targetHints":{"allow":["GET"]}}],"collection":[{"href":"https:\/\/www.editorialjuventud.es\/ca\/wp-json\/wp\/v2\/product"}],"about":[{"href":"https:\/\/www.editorialjuventud.es\/ca\/wp-json\/wp\/v2\/types\/product"}],"wp:featuredmedia":[{"embeddable":true,"href":"https:\/\/www.editorialjuventud.es\/ca\/wp-json\/wp\/v2\/media\/17022"}],"wp:attachment":[{"href":"https:\/\/www.editorialjuventud.es\/ca\/wp-json\/wp\/v2\/media?parent=5935"}],"wp:term":[{"taxonomy":"product_brand","embeddable":true,"href":"https:\/\/www.editorialjuventud.es\/ca\/wp-json\/wp\/v2\/product_brand?post=5935"},{"taxonomy":"product_cat","embeddable":true,"href":"https:\/\/www.editorialjuventud.es\/ca\/wp-json\/wp\/v2\/product_cat?post=5935"},{"taxonomy":"product_tag","embeddable":true,"href":"https:\/\/www.editorialjuventud.es\/ca\/wp-json\/wp\/v2\/product_tag?post=5935"},{"taxonomy":"coleccion","embeddable":true,"href":"https:\/\/www.editorialjuventud.es\/ca\/wp-json\/wp\/v2\/coleccion?post=5935"}],"curies":[{"name":"wp","href":"https:\/\/api.w.org\/{rel}","templated":true}]}}