{"id":5925,"date":"2018-08-24T13:39:29","date_gmt":"2018-08-24T09:39:29","guid":{"rendered":"http:\/\/www.editorialjuventud.es\/cuentos-de-la-madre-tierra\/"},"modified":"2025-01-22T13:19:34","modified_gmt":"2025-01-22T12:19:34","slug":"cuentos-de-la-madre-tierra-9788426140241","status":"publish","type":"product","link":"https:\/\/www.editorialjuventud.es\/ca\/cuentos-de-la-madre-tierra-9788426140241\/","title":{"rendered":"Cuentos de la madre Tierra"},"content":{"rendered":"<p>En estos nueve cuentos, la protagonista es nuestra Tierra, nuestro bello planeta, tan amenazado. Estos cuentos de la tradici\u00f3n popular procedentes del Amazonas, Australia, Colombia, Yemen, la India&#8230;, hablan de problemas actuales y nos transmiten una sabidur\u00eda ancestral, invit\u00e1ndonos a respetar la naturaleza, el cielo, la tierra y el mar, los animales y las plantas a trav\u00e9s de nueve lecciones de ecolog\u00eda.<\/p>\n","protected":false},"excerpt":{"rendered":"En estos nueve cuentos, la protagonista es nuestra Tierra, nuestro bello planeta, tan amenazado. Estos cuentos de la tradici\u00f3n popular procedentes del Amazonas, Australia, Colombia, Yemen, la India&#8230;, hablan de problemas actuales y nos transmiten una sabidur\u00eda ancestral, invit\u00e1ndonos a [&hellip;]","protected":false},"featured_media":12291,"template":"","meta":{"_acf_changed":false,"_exactmetrics_skip_tracking":false,"_exactmetrics_sitenote_active":false,"_exactmetrics_sitenote_note":"","_exactmetrics_sitenote_category":0},"product_brand":[],"product_cat":[902,1121,1135,1142,1201],"product_tag":[],"coleccion":[916,931],"class_list":{"0":"post-5925","1":"product","2":"type-product","3":"status-publish","4":"has-post-thumbnail","6":"product_cat-a-partir-de-7-anos","7":"product_cat-albumes-ilustrados","8":"product_cat-america-latina","9":"product_cat-aventura","10":"product_cat-naturaleza-biodiversidad","11":"coleccion-castellano","12":"coleccion-cuentos-universales","14":"first","15":"instock","16":"taxable","17":"shipping-taxable","18":"purchasable","19":"product-type-simple"},"acf":{"autor":"Causse, Rolande - V\u00e9zinet, Nane y Jean Luc","codart":"4024","ediciones":"1","encuadernacion":"Carton\u00e9","fecha_de_publicacion":"01\/10\/2014","novedad":"0","paginas":"44","subtitulo":"","texto_web_adicional":"","texto_web_novedad":"","orden":"999","portada":"0","texto_web_resaltado":"","indice":"","autores-libros":[16273,16519,16519,16669],"ilustradores-libros":[17667],"traductores-libros":[58414],"fecha_de_reimpresion":"","descripcion_corta":"","recomendamos":"","mas_vendido":"","idioma-libro":"","color":false,"formato":"","mas_informacion_del_producto":false,"premios":false,"deshabilitar_compra":["deshabilitar"],"texto_enlace_cubierta":"","enlace_cubierta":false,"texto_enlace_ficha_tecnica":"","enlace_ficha_tecnica":false,"ficheros":false,"titulo-fr":"","texto-fr":""},"yoast_head":"<!-- This site is optimized with the Yoast SEO plugin v27.5 - https:\/\/yoast.com\/product\/yoast-seo-wordpress\/ -->\n<title>Cuentos de la madre Tierra - Editorial Juventud<\/title>\n<meta name=\"description\" content=\"En estos nueve cuentos, la protagonista es nuestra Tierra, nuestro bello planeta, tan amenazado. Estos cuentos de la tradici\u00f3n popular procedentes del\" \/>\n<meta name=\"robots\" content=\"index, follow, max-snippet:-1, max-image-preview:large, max-video-preview:-1\" \/>\n<link rel=\"canonical\" href=\"https:\/\/www.editorialjuventud.es\/cuentos-de-la-madre-tierra-9788426140241\/\" \/>\n<meta property=\"og:locale\" content=\"ca_ES\" \/>\n<meta property=\"og:type\" content=\"article\" \/>\n<meta property=\"og:title\" content=\"Cuentos de la madre Tierra - Editorial Juventud\" \/>\n<meta property=\"og:description\" content=\"En estos nueve cuentos, la protagonista es nuestra Tierra, nuestro bello planeta, tan amenazado. Estos cuentos de la tradici\u00f3n popular procedentes del\" \/>\n<meta property=\"og:url\" content=\"https:\/\/www.editorialjuventud.es\/cuentos-de-la-madre-tierra-9788426140241\/\" \/>\n<meta property=\"og:site_name\" content=\"Editorial Juventud\" \/>\n<meta property=\"article:modified_time\" content=\"2025-01-22T12:19:34+00:00\" \/>\n<meta property=\"og:image\" content=\"https:\/\/www.editorialjuventud.es\/wp-content\/uploads\/4024.jpg\" \/>\n\t<meta property=\"og:image:width\" content=\"360\" \/>\n\t<meta property=\"og:image:height\" content=\"450\" \/>\n\t<meta property=\"og:image:type\" content=\"image\/jpeg\" \/>\n<meta name=\"twitter:card\" content=\"summary_large_image\" \/>\n<script type=\"application\/ld+json\" class=\"yoast-schema-graph\">{\"@context\":\"https:\\\/\\\/schema.org\",\"@graph\":[{\"@type\":\"WebPage\",\"@id\":\"https:\\\/\\\/www.editorialjuventud.es\\\/cuentos-de-la-madre-tierra-9788426140241\\\/\",\"url\":\"https:\\\/\\\/www.editorialjuventud.es\\\/cuentos-de-la-madre-tierra-9788426140241\\\/\",\"name\":\"Cuentos de la madre Tierra - Editorial Juventud\",\"isPartOf\":{\"@id\":\"https:\\\/\\\/www.editorialjuventud.es\\\/#website\"},\"primaryImageOfPage\":{\"@id\":\"https:\\\/\\\/www.editorialjuventud.es\\\/cuentos-de-la-madre-tierra-9788426140241\\\/#primaryimage\"},\"image\":{\"@id\":\"https:\\\/\\\/www.editorialjuventud.es\\\/cuentos-de-la-madre-tierra-9788426140241\\\/#primaryimage\"},\"thumbnailUrl\":\"https:\\\/\\\/www.editorialjuventud.es\\\/wp-content\\\/uploads\\\/4024.jpg\",\"datePublished\":\"2018-08-24T09:39:29+00:00\",\"dateModified\":\"2025-01-22T12:19:34+00:00\",\"description\":\"En estos nueve cuentos, la protagonista es nuestra Tierra, nuestro bello planeta, tan amenazado. Estos cuentos de la tradici\u00f3n popular procedentes del\",\"breadcrumb\":{\"@id\":\"https:\\\/\\\/www.editorialjuventud.es\\\/cuentos-de-la-madre-tierra-9788426140241\\\/#breadcrumb\"},\"inLanguage\":\"ca\",\"potentialAction\":[{\"@type\":\"ReadAction\",\"target\":[\"https:\\\/\\\/www.editorialjuventud.es\\\/cuentos-de-la-madre-tierra-9788426140241\\\/\"]}]},{\"@type\":\"ImageObject\",\"inLanguage\":\"ca\",\"@id\":\"https:\\\/\\\/www.editorialjuventud.es\\\/cuentos-de-la-madre-tierra-9788426140241\\\/#primaryimage\",\"url\":\"https:\\\/\\\/www.editorialjuventud.es\\\/wp-content\\\/uploads\\\/4024.jpg\",\"contentUrl\":\"https:\\\/\\\/www.editorialjuventud.es\\\/wp-content\\\/uploads\\\/4024.jpg\",\"width\":360,\"height\":450,\"caption\":\"4024.jpg\"},{\"@type\":\"BreadcrumbList\",\"@id\":\"https:\\\/\\\/www.editorialjuventud.es\\\/cuentos-de-la-madre-tierra-9788426140241\\\/#breadcrumb\",\"itemListElement\":[{\"@type\":\"ListItem\",\"position\":1,\"name\":\"Portada\",\"item\":\"https:\\\/\\\/www.editorialjuventud.es\\\/\"},{\"@type\":\"ListItem\",\"position\":2,\"name\":\"cat\u00e1logo\",\"item\":\"https:\\\/\\\/www.editorialjuventud.es\\\/coleccion\\\/catalogo\\\/\"},{\"@type\":\"ListItem\",\"position\":3,\"name\":\"castellano\",\"item\":\"https:\\\/\\\/www.editorialjuventud.es\\\/coleccion\\\/castellano\\\/\"},{\"@type\":\"ListItem\",\"position\":4,\"name\":\"Cuentos Reunidos\",\"item\":\"https:\\\/\\\/www.editorialjuventud.es\\\/coleccion\\\/cuentos-reunidos-2\\\/\"},{\"@type\":\"ListItem\",\"position\":5,\"name\":\"Cuentos de la madre Tierra\"}]},{\"@type\":\"WebSite\",\"@id\":\"https:\\\/\\\/www.editorialjuventud.es\\\/#website\",\"url\":\"https:\\\/\\\/www.editorialjuventud.es\\\/\",\"name\":\"Editorial Juventud\",\"description\":\"\",\"potentialAction\":[{\"@type\":\"SearchAction\",\"target\":{\"@type\":\"EntryPoint\",\"urlTemplate\":\"https:\\\/\\\/www.editorialjuventud.es\\\/?s={search_term_string}\"},\"query-input\":{\"@type\":\"PropertyValueSpecification\",\"valueRequired\":true,\"valueName\":\"search_term_string\"}}],\"inLanguage\":\"ca\"}]}<\/script>\n<!-- \/ Yoast SEO plugin. -->","yoast_head_json":{"title":"Cuentos de la madre Tierra - Editorial Juventud","description":"En estos nueve cuentos, la protagonista es nuestra Tierra, nuestro bello planeta, tan amenazado. Estos cuentos de la tradici\u00f3n popular procedentes del","robots":{"index":"index","follow":"follow","max-snippet":"max-snippet:-1","max-image-preview":"max-image-preview:large","max-video-preview":"max-video-preview:-1"},"canonical":"https:\/\/www.editorialjuventud.es\/cuentos-de-la-madre-tierra-9788426140241\/","og_locale":"ca_ES","og_type":"article","og_title":"Cuentos de la madre Tierra - Editorial Juventud","og_description":"En estos nueve cuentos, la protagonista es nuestra Tierra, nuestro bello planeta, tan amenazado. Estos cuentos de la tradici\u00f3n popular procedentes del","og_url":"https:\/\/www.editorialjuventud.es\/cuentos-de-la-madre-tierra-9788426140241\/","og_site_name":"Editorial Juventud","article_modified_time":"2025-01-22T12:19:34+00:00","og_image":[{"width":360,"height":450,"url":"https:\/\/www.editorialjuventud.es\/wp-content\/uploads\/4024.jpg","type":"image\/jpeg"}],"twitter_card":"summary_large_image","schema":{"@context":"https:\/\/schema.org","@graph":[{"@type":"WebPage","@id":"https:\/\/www.editorialjuventud.es\/cuentos-de-la-madre-tierra-9788426140241\/","url":"https:\/\/www.editorialjuventud.es\/cuentos-de-la-madre-tierra-9788426140241\/","name":"Cuentos de la madre Tierra - Editorial Juventud","isPartOf":{"@id":"https:\/\/www.editorialjuventud.es\/#website"},"primaryImageOfPage":{"@id":"https:\/\/www.editorialjuventud.es\/cuentos-de-la-madre-tierra-9788426140241\/#primaryimage"},"image":{"@id":"https:\/\/www.editorialjuventud.es\/cuentos-de-la-madre-tierra-9788426140241\/#primaryimage"},"thumbnailUrl":"https:\/\/www.editorialjuventud.es\/wp-content\/uploads\/4024.jpg","datePublished":"2018-08-24T09:39:29+00:00","dateModified":"2025-01-22T12:19:34+00:00","description":"En estos nueve cuentos, la protagonista es nuestra Tierra, nuestro bello planeta, tan amenazado. Estos cuentos de la tradici\u00f3n popular procedentes del","breadcrumb":{"@id":"https:\/\/www.editorialjuventud.es\/cuentos-de-la-madre-tierra-9788426140241\/#breadcrumb"},"inLanguage":"ca","potentialAction":[{"@type":"ReadAction","target":["https:\/\/www.editorialjuventud.es\/cuentos-de-la-madre-tierra-9788426140241\/"]}]},{"@type":"ImageObject","inLanguage":"ca","@id":"https:\/\/www.editorialjuventud.es\/cuentos-de-la-madre-tierra-9788426140241\/#primaryimage","url":"https:\/\/www.editorialjuventud.es\/wp-content\/uploads\/4024.jpg","contentUrl":"https:\/\/www.editorialjuventud.es\/wp-content\/uploads\/4024.jpg","width":360,"height":450,"caption":"4024.jpg"},{"@type":"BreadcrumbList","@id":"https:\/\/www.editorialjuventud.es\/cuentos-de-la-madre-tierra-9788426140241\/#breadcrumb","itemListElement":[{"@type":"ListItem","position":1,"name":"Portada","item":"https:\/\/www.editorialjuventud.es\/"},{"@type":"ListItem","position":2,"name":"cat\u00e1logo","item":"https:\/\/www.editorialjuventud.es\/coleccion\/catalogo\/"},{"@type":"ListItem","position":3,"name":"castellano","item":"https:\/\/www.editorialjuventud.es\/coleccion\/castellano\/"},{"@type":"ListItem","position":4,"name":"Cuentos Reunidos","item":"https:\/\/www.editorialjuventud.es\/coleccion\/cuentos-reunidos-2\/"},{"@type":"ListItem","position":5,"name":"Cuentos de la madre Tierra"}]},{"@type":"WebSite","@id":"https:\/\/www.editorialjuventud.es\/#website","url":"https:\/\/www.editorialjuventud.es\/","name":"Editorial Juventud","description":"","potentialAction":[{"@type":"SearchAction","target":{"@type":"EntryPoint","urlTemplate":"https:\/\/www.editorialjuventud.es\/?s={search_term_string}"},"query-input":{"@type":"PropertyValueSpecification","valueRequired":true,"valueName":"search_term_string"}}],"inLanguage":"ca"}]}},"_links":{"self":[{"href":"https:\/\/www.editorialjuventud.es\/ca\/wp-json\/wp\/v2\/product\/5925","targetHints":{"allow":["GET"]}}],"collection":[{"href":"https:\/\/www.editorialjuventud.es\/ca\/wp-json\/wp\/v2\/product"}],"about":[{"href":"https:\/\/www.editorialjuventud.es\/ca\/wp-json\/wp\/v2\/types\/product"}],"wp:featuredmedia":[{"embeddable":true,"href":"https:\/\/www.editorialjuventud.es\/ca\/wp-json\/wp\/v2\/media\/12291"}],"wp:attachment":[{"href":"https:\/\/www.editorialjuventud.es\/ca\/wp-json\/wp\/v2\/media?parent=5925"}],"wp:term":[{"taxonomy":"product_brand","embeddable":true,"href":"https:\/\/www.editorialjuventud.es\/ca\/wp-json\/wp\/v2\/product_brand?post=5925"},{"taxonomy":"product_cat","embeddable":true,"href":"https:\/\/www.editorialjuventud.es\/ca\/wp-json\/wp\/v2\/product_cat?post=5925"},{"taxonomy":"product_tag","embeddable":true,"href":"https:\/\/www.editorialjuventud.es\/ca\/wp-json\/wp\/v2\/product_tag?post=5925"},{"taxonomy":"coleccion","embeddable":true,"href":"https:\/\/www.editorialjuventud.es\/ca\/wp-json\/wp\/v2\/coleccion?post=5925"}],"curies":[{"name":"wp","href":"https:\/\/api.w.org\/{rel}","templated":true}]}}