{"id":5912,"date":"2018-08-24T13:38:28","date_gmt":"2018-08-24T09:38:28","guid":{"rendered":"http:\/\/www.editorialjuventud.es\/cuando-desaparecio-el-mar\/"},"modified":"2025-01-22T13:20:28","modified_gmt":"2025-01-22T12:20:28","slug":"cuando-desaparecio-el-mar-9788426140111","status":"publish","type":"product","link":"https:\/\/www.editorialjuventud.es\/ca\/cuando-desaparecio-el-mar-9788426140111\/","title":{"rendered":"Cuando desapareci\u00f3 el mar"},"content":{"rendered":"<p>\u00ab\u00bfLos barcos no van por el mar? Entonces \u00bfqu\u00e9 hacen estos aqu\u00ed en el desierto?\u00bb, pregunta Alexandre. Su padre le explica que este desierto hab\u00eda sido un mar enorme y que los habitantes de la zona viv\u00edan de la pesca, hasta que un d\u00eda, unas m\u00e1quinas desviaron el agua. Alexandre, impresionado por este desastre ecol\u00f3gico, desear\u00e1 buscar una soluci\u00f3n para recuperar de nuevo el mar de Aral&#8230; Fue una zona pr\u00f3spera que viv\u00eda de la pesca, pero las autoridades desviaron el agua de los r\u00edos y se sec\u00f3. Alexander so\u00f1\u00f3 que las l\u00e1grimas de los habitantes volv\u00edan a llenar de agua el lugar. Este \u00e1lbum ilustrado pretende llamar la atenci\u00f3n sobre el uso racional del agua y hacer m\u00e1s visible uno de los mayores desastres ambientales de nuestra historia.<\/p>\n","protected":false},"excerpt":{"rendered":"\u00ab\u00bfLos barcos no van por el mar? Entonces \u00bfqu\u00e9 hacen estos aqu\u00ed en el desierto?\u00bb, pregunta Alexandre. Su padre le explica que este desierto hab\u00eda sido un mar enorme y que los habitantes de la zona viv\u00edan de la pesca, [&hellip;]","protected":false},"featured_media":12255,"template":"","meta":{"_acf_changed":false,"_exactmetrics_skip_tracking":false,"_exactmetrics_sitenote_active":false,"_exactmetrics_sitenote_note":"","_exactmetrics_sitenote_category":0},"product_brand":[],"product_cat":[900,1121,1328,1158,1167,1193],"product_tag":[],"coleccion":[991],"class_list":{"0":"post-5912","1":"product","2":"type-product","3":"status-publish","4":"has-post-thumbnail","6":"product_cat-a-partir-de-5-anos","7":"product_cat-albumes-ilustrados","8":"product_cat-cambio-climatico","9":"product_cat-critica-social","10":"product_cat-ecologia-medio-ambiente","11":"product_cat-mar-oceano","12":"coleccion-ecologia-albumes-ilustrados","14":"first","15":"instock","16":"taxable","17":"shipping-taxable","18":"purchasable","19":"product-type-simple"},"acf":{"autor":"S\u00e1nchez Mart\u00ednez, Francisco","codart":"4011","ediciones":"1","encuadernacion":"Carton\u00e9","fecha_de_publicacion":"01\/09\/2013","novedad":"0","paginas":"40","subtitulo":"","texto_web_adicional":"","texto_web_novedad":"","orden":"999","portada":"0","texto_web_resaltado":"","indice":"","autores-libros":[16600],"ilustradores-libros":[18078],"traductores-libros":"","descripcion_corta":"","recomendamos":"","mas_vendido":"","color":false,"formato":"","mas_informacion_del_producto":false,"premios":false,"texto_enlace_cubierta":"","enlace_cubierta":false,"texto_enlace_ficha_tecnica":"","enlace_ficha_tecnica":false,"ficheros":false,"titulo-fr":"When The Sea Disappeared","texto-fr":"<p><img loading=\"lazy\" decoding=\"async\" class=\"aligncenter size-full wp-image-24767\" src=\"http:\/\/www.editorialjuventud.es\/wp-content\/uploads\/5.png\" alt=\"\" width=\"43\" height=\"43\" \/><\/p>\n<p><strong>The loss of the Aral Sea is considered one of the worst ecological disasters in history<\/strong><\/p>\n<p>Alexander\u2019s father tells him that the desert in which they live, years ago was a sea: the Aral Sea. It was a prosperous area that lived from fishing, but the authorities diverted the water from the rivers and dried up. Alexandre, impressed by this ecological disaster, will dream a solution to recover the Aral Sea again&#8230;<\/p>\n<p>This illustrated album presents a historical reality: the ecological disaster that meant the disappearance of the Aral Sea. It wants to put the attention to the rational use of water.<\/p>\n<h4><span style=\"color: #008ca9;\"><strong>\u203a <em>Selected illustrator for \u00abSharing a Future\u00bb exhibition at Bologna\u2019s Book Fair 2017<\/em><\/strong><\/span><\/h4>\n<h2><\/h2>\n<hr \/>\n<p>&nbsp;<\/p>\n<p><img loading=\"lazy\" decoding=\"async\" class=\"alignnone size-medium wp-image-19127\" src=\"http:\/\/www.editorialjuventud.es\/wp-content\/uploads\/Francisco-S\u00e1nchez-1.jpg\" alt=\"\" width=\"142\" height=\"142\" srcset=\"https:\/\/www.editorialjuventud.es\/wp-content\/uploads\/Francisco-S\u00e1nchez-1.jpg 142w, https:\/\/www.editorialjuventud.es\/wp-content\/uploads\/Francisco-S\u00e1nchez-1-100x100.jpg 100w\" sizes=\"auto, (max-width: 142px) 100vw, 142px\" \/><\/p>\n<h2><strong>Francisco S\u00e1nchez<\/strong><\/h2>\n<h6><\/h6>\n<p>Is author of works like the graphic novels <em>Los bosques de Upsala<\/em> or\u00a0<em>Chern\u00f3bil la zona<\/em>, which had an international projection and for which he received the Tournesol award at the Angoul\u00eame Comic Festival. He always tries that his works serve as social denunciation.<\/p>\n<hr \/>\n<h5>\u203a\u00a0<span style=\"text-decoration: underline;\"><span style=\"color: #0000ff;\"><strong><a href=\"http:\/\/www.editorialjuventud.es\/wp-content\/uploads\/Ficha-FR-When-The-Sea-Disappeared.pdf\" target=\"_blank\" rel=\"noopener\">Fact Sheet<\/a><\/strong><\/span><\/span><\/h5>\n","idioma-libro":""},"yoast_head":"<!-- This site is optimized with the Yoast SEO plugin v27.5 - https:\/\/yoast.com\/product\/yoast-seo-wordpress\/ -->\n<title>Cuando desapareci\u00f3 el mar - Editorial Juventud<\/title>\n<meta name=\"description\" content=\"\u00ab\u00bfLos barcos no van por el mar? Entonces \u00bfqu\u00e9 hacen estos aqu\u00ed en el desierto?\u00bb, pregunta Alexandre. Su padre le explica que este desierto hab\u00eda sido un\" \/>\n<meta name=\"robots\" content=\"index, follow, max-snippet:-1, max-image-preview:large, max-video-preview:-1\" \/>\n<link rel=\"canonical\" href=\"https:\/\/www.editorialjuventud.es\/cuando-desaparecio-el-mar-9788426140111\/\" \/>\n<meta property=\"og:locale\" content=\"ca_ES\" \/>\n<meta property=\"og:type\" content=\"article\" \/>\n<meta property=\"og:title\" content=\"Cuando desapareci\u00f3 el mar - Editorial Juventud\" \/>\n<meta property=\"og:description\" content=\"\u00ab\u00bfLos barcos no van por el mar? Entonces \u00bfqu\u00e9 hacen estos aqu\u00ed en el desierto?\u00bb, pregunta Alexandre. Su padre le explica que este desierto hab\u00eda sido un\" \/>\n<meta property=\"og:url\" content=\"https:\/\/www.editorialjuventud.es\/cuando-desaparecio-el-mar-9788426140111\/\" \/>\n<meta property=\"og:site_name\" content=\"Editorial Juventud\" \/>\n<meta property=\"article:modified_time\" content=\"2025-01-22T12:20:28+00:00\" \/>\n<meta property=\"og:image\" content=\"https:\/\/www.editorialjuventud.es\/wp-content\/uploads\/4011.jpg\" \/>\n\t<meta property=\"og:image:width\" content=\"448\" \/>\n\t<meta property=\"og:image:height\" content=\"450\" \/>\n\t<meta property=\"og:image:type\" content=\"image\/jpeg\" \/>\n<meta name=\"twitter:card\" content=\"summary_large_image\" \/>\n<meta name=\"twitter:label1\" content=\"Temps estimat de lectura\" \/>\n\t<meta name=\"twitter:data1\" content=\"1 minut\" \/>\n<script type=\"application\/ld+json\" class=\"yoast-schema-graph\">{\"@context\":\"https:\\\/\\\/schema.org\",\"@graph\":[{\"@type\":\"WebPage\",\"@id\":\"https:\\\/\\\/www.editorialjuventud.es\\\/cuando-desaparecio-el-mar-9788426140111\\\/\",\"url\":\"https:\\\/\\\/www.editorialjuventud.es\\\/cuando-desaparecio-el-mar-9788426140111\\\/\",\"name\":\"Cuando desapareci\u00f3 el mar - Editorial Juventud\",\"isPartOf\":{\"@id\":\"https:\\\/\\\/www.editorialjuventud.es\\\/#website\"},\"primaryImageOfPage\":{\"@id\":\"https:\\\/\\\/www.editorialjuventud.es\\\/cuando-desaparecio-el-mar-9788426140111\\\/#primaryimage\"},\"image\":{\"@id\":\"https:\\\/\\\/www.editorialjuventud.es\\\/cuando-desaparecio-el-mar-9788426140111\\\/#primaryimage\"},\"thumbnailUrl\":\"https:\\\/\\\/www.editorialjuventud.es\\\/wp-content\\\/uploads\\\/4011.jpg\",\"datePublished\":\"2018-08-24T09:38:28+00:00\",\"dateModified\":\"2025-01-22T12:20:28+00:00\",\"description\":\"\u00ab\u00bfLos barcos no van por el mar? Entonces \u00bfqu\u00e9 hacen estos aqu\u00ed en el desierto?\u00bb, pregunta Alexandre. Su padre le explica que este desierto hab\u00eda sido un\",\"breadcrumb\":{\"@id\":\"https:\\\/\\\/www.editorialjuventud.es\\\/cuando-desaparecio-el-mar-9788426140111\\\/#breadcrumb\"},\"inLanguage\":\"ca\",\"potentialAction\":[{\"@type\":\"ReadAction\",\"target\":[\"https:\\\/\\\/www.editorialjuventud.es\\\/cuando-desaparecio-el-mar-9788426140111\\\/\"]}]},{\"@type\":\"ImageObject\",\"inLanguage\":\"ca\",\"@id\":\"https:\\\/\\\/www.editorialjuventud.es\\\/cuando-desaparecio-el-mar-9788426140111\\\/#primaryimage\",\"url\":\"https:\\\/\\\/www.editorialjuventud.es\\\/wp-content\\\/uploads\\\/4011.jpg\",\"contentUrl\":\"https:\\\/\\\/www.editorialjuventud.es\\\/wp-content\\\/uploads\\\/4011.jpg\",\"width\":448,\"height\":450,\"caption\":\"4011.jpg\"},{\"@type\":\"BreadcrumbList\",\"@id\":\"https:\\\/\\\/www.editorialjuventud.es\\\/cuando-desaparecio-el-mar-9788426140111\\\/#breadcrumb\",\"itemListElement\":[{\"@type\":\"ListItem\",\"position\":1,\"name\":\"Portada\",\"item\":\"https:\\\/\\\/www.editorialjuventud.es\\\/\"},{\"@type\":\"ListItem\",\"position\":2,\"name\":\"cat\u00e1logo\",\"item\":\"https:\\\/\\\/www.editorialjuventud.es\\\/coleccion\\\/catalogo\\\/\"},{\"@type\":\"ListItem\",\"position\":3,\"name\":\"castellano\",\"item\":\"https:\\\/\\\/www.editorialjuventud.es\\\/coleccion\\\/castellano\\\/\"},{\"@type\":\"ListItem\",\"position\":4,\"name\":\"\u00c1lbumes Ilustrados\",\"item\":\"https:\\\/\\\/www.editorialjuventud.es\\\/coleccion\\\/albumes-ilustrados\\\/\"},{\"@type\":\"ListItem\",\"position\":5,\"name\":\"Ecolog\u00eda\",\"item\":\"https:\\\/\\\/www.editorialjuventud.es\\\/coleccion\\\/ecologia-albumes-ilustrados\\\/\"},{\"@type\":\"ListItem\",\"position\":6,\"name\":\"Cuando desapareci\u00f3 el mar\"}]},{\"@type\":\"WebSite\",\"@id\":\"https:\\\/\\\/www.editorialjuventud.es\\\/#website\",\"url\":\"https:\\\/\\\/www.editorialjuventud.es\\\/\",\"name\":\"Editorial Juventud\",\"description\":\"\",\"potentialAction\":[{\"@type\":\"SearchAction\",\"target\":{\"@type\":\"EntryPoint\",\"urlTemplate\":\"https:\\\/\\\/www.editorialjuventud.es\\\/?s={search_term_string}\"},\"query-input\":{\"@type\":\"PropertyValueSpecification\",\"valueRequired\":true,\"valueName\":\"search_term_string\"}}],\"inLanguage\":\"ca\"}]}<\/script>\n<!-- \/ Yoast SEO plugin. -->","yoast_head_json":{"title":"Cuando desapareci\u00f3 el mar - Editorial Juventud","description":"\u00ab\u00bfLos barcos no van por el mar? Entonces \u00bfqu\u00e9 hacen estos aqu\u00ed en el desierto?\u00bb, pregunta Alexandre. Su padre le explica que este desierto hab\u00eda sido un","robots":{"index":"index","follow":"follow","max-snippet":"max-snippet:-1","max-image-preview":"max-image-preview:large","max-video-preview":"max-video-preview:-1"},"canonical":"https:\/\/www.editorialjuventud.es\/cuando-desaparecio-el-mar-9788426140111\/","og_locale":"ca_ES","og_type":"article","og_title":"Cuando desapareci\u00f3 el mar - Editorial Juventud","og_description":"\u00ab\u00bfLos barcos no van por el mar? Entonces \u00bfqu\u00e9 hacen estos aqu\u00ed en el desierto?\u00bb, pregunta Alexandre. Su padre le explica que este desierto hab\u00eda sido un","og_url":"https:\/\/www.editorialjuventud.es\/cuando-desaparecio-el-mar-9788426140111\/","og_site_name":"Editorial Juventud","article_modified_time":"2025-01-22T12:20:28+00:00","og_image":[{"width":448,"height":450,"url":"https:\/\/www.editorialjuventud.es\/wp-content\/uploads\/4011.jpg","type":"image\/jpeg"}],"twitter_card":"summary_large_image","twitter_misc":{"Temps estimat de lectura":"1 minut"},"schema":{"@context":"https:\/\/schema.org","@graph":[{"@type":"WebPage","@id":"https:\/\/www.editorialjuventud.es\/cuando-desaparecio-el-mar-9788426140111\/","url":"https:\/\/www.editorialjuventud.es\/cuando-desaparecio-el-mar-9788426140111\/","name":"Cuando desapareci\u00f3 el mar - Editorial Juventud","isPartOf":{"@id":"https:\/\/www.editorialjuventud.es\/#website"},"primaryImageOfPage":{"@id":"https:\/\/www.editorialjuventud.es\/cuando-desaparecio-el-mar-9788426140111\/#primaryimage"},"image":{"@id":"https:\/\/www.editorialjuventud.es\/cuando-desaparecio-el-mar-9788426140111\/#primaryimage"},"thumbnailUrl":"https:\/\/www.editorialjuventud.es\/wp-content\/uploads\/4011.jpg","datePublished":"2018-08-24T09:38:28+00:00","dateModified":"2025-01-22T12:20:28+00:00","description":"\u00ab\u00bfLos barcos no van por el mar? Entonces \u00bfqu\u00e9 hacen estos aqu\u00ed en el desierto?\u00bb, pregunta Alexandre. Su padre le explica que este desierto hab\u00eda sido un","breadcrumb":{"@id":"https:\/\/www.editorialjuventud.es\/cuando-desaparecio-el-mar-9788426140111\/#breadcrumb"},"inLanguage":"ca","potentialAction":[{"@type":"ReadAction","target":["https:\/\/www.editorialjuventud.es\/cuando-desaparecio-el-mar-9788426140111\/"]}]},{"@type":"ImageObject","inLanguage":"ca","@id":"https:\/\/www.editorialjuventud.es\/cuando-desaparecio-el-mar-9788426140111\/#primaryimage","url":"https:\/\/www.editorialjuventud.es\/wp-content\/uploads\/4011.jpg","contentUrl":"https:\/\/www.editorialjuventud.es\/wp-content\/uploads\/4011.jpg","width":448,"height":450,"caption":"4011.jpg"},{"@type":"BreadcrumbList","@id":"https:\/\/www.editorialjuventud.es\/cuando-desaparecio-el-mar-9788426140111\/#breadcrumb","itemListElement":[{"@type":"ListItem","position":1,"name":"Portada","item":"https:\/\/www.editorialjuventud.es\/"},{"@type":"ListItem","position":2,"name":"cat\u00e1logo","item":"https:\/\/www.editorialjuventud.es\/coleccion\/catalogo\/"},{"@type":"ListItem","position":3,"name":"castellano","item":"https:\/\/www.editorialjuventud.es\/coleccion\/castellano\/"},{"@type":"ListItem","position":4,"name":"\u00c1lbumes Ilustrados","item":"https:\/\/www.editorialjuventud.es\/coleccion\/albumes-ilustrados\/"},{"@type":"ListItem","position":5,"name":"Ecolog\u00eda","item":"https:\/\/www.editorialjuventud.es\/coleccion\/ecologia-albumes-ilustrados\/"},{"@type":"ListItem","position":6,"name":"Cuando desapareci\u00f3 el mar"}]},{"@type":"WebSite","@id":"https:\/\/www.editorialjuventud.es\/#website","url":"https:\/\/www.editorialjuventud.es\/","name":"Editorial Juventud","description":"","potentialAction":[{"@type":"SearchAction","target":{"@type":"EntryPoint","urlTemplate":"https:\/\/www.editorialjuventud.es\/?s={search_term_string}"},"query-input":{"@type":"PropertyValueSpecification","valueRequired":true,"valueName":"search_term_string"}}],"inLanguage":"ca"}]}},"_links":{"self":[{"href":"https:\/\/www.editorialjuventud.es\/ca\/wp-json\/wp\/v2\/product\/5912","targetHints":{"allow":["GET"]}}],"collection":[{"href":"https:\/\/www.editorialjuventud.es\/ca\/wp-json\/wp\/v2\/product"}],"about":[{"href":"https:\/\/www.editorialjuventud.es\/ca\/wp-json\/wp\/v2\/types\/product"}],"wp:featuredmedia":[{"embeddable":true,"href":"https:\/\/www.editorialjuventud.es\/ca\/wp-json\/wp\/v2\/media\/12255"}],"wp:attachment":[{"href":"https:\/\/www.editorialjuventud.es\/ca\/wp-json\/wp\/v2\/media?parent=5912"}],"wp:term":[{"taxonomy":"product_brand","embeddable":true,"href":"https:\/\/www.editorialjuventud.es\/ca\/wp-json\/wp\/v2\/product_brand?post=5912"},{"taxonomy":"product_cat","embeddable":true,"href":"https:\/\/www.editorialjuventud.es\/ca\/wp-json\/wp\/v2\/product_cat?post=5912"},{"taxonomy":"product_tag","embeddable":true,"href":"https:\/\/www.editorialjuventud.es\/ca\/wp-json\/wp\/v2\/product_tag?post=5912"},{"taxonomy":"coleccion","embeddable":true,"href":"https:\/\/www.editorialjuventud.es\/ca\/wp-json\/wp\/v2\/coleccion?post=5912"}],"curies":[{"name":"wp","href":"https:\/\/api.w.org\/{rel}","templated":true}]}}