{"id":5902,"date":"2018-08-24T13:37:45","date_gmt":"2018-08-24T09:37:45","guid":{"rendered":"http:\/\/www.editorialjuventud.es\/el-roc-escriu-una-historia\/"},"modified":"2023-01-27T09:33:01","modified_gmt":"2023-01-27T08:33:01","slug":"el-roc-escriu-una-historia-9788426140029","status":"publish","type":"product","link":"https:\/\/www.editorialjuventud.es\/ca\/el-roc-escriu-una-historia-9788426140029\/","title":{"rendered":"El Roc escriu una hist\u00f2ria"},"content":{"rendered":"<p>El Roc estima els llibres i li encanten les paraules. Un dia t\u00e9 la idea d&#8217;escriure una hist\u00f2ria. Per\u00f2 no sap qu\u00e8 escriure. No li ve cap hist\u00f2ria al cap.<br \/>\nEl seu mestre, el petit canari, l&#8217;aconsellar\u00e0. El Roc observa el seu entorn fins que troba un tema i les paraules adequades per escriure una hist\u00f2ria molt bonica.<\/p>\n","protected":false},"excerpt":{"rendered":"El Roc estima els llibres i li encanten les paraules. Un dia t\u00e9 la idea d&#8217;escriure una hist\u00f2ria. Per\u00f2 no sap qu\u00e8 escriure. No li ve cap hist\u00f2ria al cap. El seu mestre, el petit canari, l&#8217;aconsellar\u00e0. El Roc observa [&hellip;]","protected":false},"featured_media":13089,"template":"","meta":{"_acf_changed":false,"_exactmetrics_skip_tracking":false,"_exactmetrics_sitenote_active":false,"_exactmetrics_sitenote_note":"","_exactmetrics_sitenote_category":0},"product_brand":[],"product_cat":[900,1232,1121,1281,892,1115,1181,1128],"product_tag":[],"coleccion":[917,944,915],"class_list":{"0":"post-5902","1":"product","2":"type-product","3":"status-publish","4":"has-post-thumbnail","6":"product_cat-a-partir-de-5-anos","7":"product_cat-abecedario","8":"product_cat-albumes-ilustrados","9":"product_cat-aprendizaje","10":"product_cat-edades","11":"product_cat-generos","12":"product_cat-habitos","13":"product_cat-tematica","14":"coleccion-albums-illustrats","15":"coleccion-aprenent-a-llegir","16":"coleccion-catala","18":"first","19":"instock","20":"taxable","21":"shipping-taxable","22":"purchasable","23":"product-type-simple"},"acf":{"autores-libros":[16413],"ilustradores-libros":[16413],"traductores-libros":[16364]},"yoast_head":"<!-- This site is optimized with the Yoast SEO plugin v27.5 - https:\/\/yoast.com\/product\/yoast-seo-wordpress\/ -->\n<title>El Roc escriu una hist\u00f2ria - Editorial Juventud<\/title>\n<meta name=\"description\" content=\"El Roc estima els llibres i li encanten les paraules. Un dia t\u00e9 la idea d&#039;escriure una hist\u00f2ria. Per\u00f2 no sap qu\u00e8 escriure. No li ve cap hist\u00f2ria al cap.\" \/>\n<meta name=\"robots\" content=\"index, follow, max-snippet:-1, max-image-preview:large, max-video-preview:-1\" \/>\n<link rel=\"canonical\" href=\"https:\/\/www.editorialjuventud.es\/ca\/el-roc-escriu-una-historia-9788426140029\/\" \/>\n<meta property=\"og:locale\" content=\"ca_ES\" \/>\n<meta property=\"og:type\" content=\"article\" \/>\n<meta property=\"og:title\" content=\"El Roc escriu una hist\u00f2ria - Editorial Juventud\" \/>\n<meta property=\"og:description\" content=\"El Roc estima els llibres i li encanten les paraules. Un dia t\u00e9 la idea d&#039;escriure una hist\u00f2ria. Per\u00f2 no sap qu\u00e8 escriure. No li ve cap hist\u00f2ria al cap.\" \/>\n<meta property=\"og:url\" content=\"https:\/\/www.editorialjuventud.es\/ca\/el-roc-escriu-una-historia-9788426140029\/\" \/>\n<meta property=\"og:site_name\" content=\"Editorial Juventud\" \/>\n<meta property=\"article:modified_time\" content=\"2023-01-27T08:33:01+00:00\" \/>\n<meta property=\"og:image\" content=\"https:\/\/www.editorialjuventud.es\/wp-content\/uploads\/4002.jpg\" \/>\n\t<meta property=\"og:image:width\" content=\"404\" \/>\n\t<meta property=\"og:image:height\" content=\"450\" \/>\n\t<meta property=\"og:image:type\" content=\"image\/jpeg\" \/>\n<meta name=\"twitter:card\" content=\"summary_large_image\" \/>\n<script type=\"application\/ld+json\" class=\"yoast-schema-graph\">{\"@context\":\"https:\\\/\\\/schema.org\",\"@graph\":[{\"@type\":\"WebPage\",\"@id\":\"https:\\\/\\\/www.editorialjuventud.es\\\/ca\\\/el-roc-escriu-una-historia-9788426140029\\\/\",\"url\":\"https:\\\/\\\/www.editorialjuventud.es\\\/ca\\\/el-roc-escriu-una-historia-9788426140029\\\/\",\"name\":\"El Roc escriu una hist\u00f2ria - Editorial Juventud\",\"isPartOf\":{\"@id\":\"https:\\\/\\\/www.editorialjuventud.es\\\/#website\"},\"primaryImageOfPage\":{\"@id\":\"https:\\\/\\\/www.editorialjuventud.es\\\/ca\\\/el-roc-escriu-una-historia-9788426140029\\\/#primaryimage\"},\"image\":{\"@id\":\"https:\\\/\\\/www.editorialjuventud.es\\\/ca\\\/el-roc-escriu-una-historia-9788426140029\\\/#primaryimage\"},\"thumbnailUrl\":\"https:\\\/\\\/www.editorialjuventud.es\\\/wp-content\\\/uploads\\\/4002.jpg\",\"datePublished\":\"2018-08-24T09:37:45+00:00\",\"dateModified\":\"2023-01-27T08:33:01+00:00\",\"description\":\"El Roc estima els llibres i li encanten les paraules. Un dia t\u00e9 la idea d'escriure una hist\u00f2ria. Per\u00f2 no sap qu\u00e8 escriure. No li ve cap hist\u00f2ria al cap.\",\"breadcrumb\":{\"@id\":\"https:\\\/\\\/www.editorialjuventud.es\\\/ca\\\/el-roc-escriu-una-historia-9788426140029\\\/#breadcrumb\"},\"inLanguage\":\"ca\",\"potentialAction\":[{\"@type\":\"ReadAction\",\"target\":[\"https:\\\/\\\/www.editorialjuventud.es\\\/ca\\\/el-roc-escriu-una-historia-9788426140029\\\/\"]}]},{\"@type\":\"ImageObject\",\"inLanguage\":\"ca\",\"@id\":\"https:\\\/\\\/www.editorialjuventud.es\\\/ca\\\/el-roc-escriu-una-historia-9788426140029\\\/#primaryimage\",\"url\":\"https:\\\/\\\/www.editorialjuventud.es\\\/wp-content\\\/uploads\\\/4002.jpg\",\"contentUrl\":\"https:\\\/\\\/www.editorialjuventud.es\\\/wp-content\\\/uploads\\\/4002.jpg\",\"width\":404,\"height\":450,\"caption\":\"4002.jpg\"},{\"@type\":\"BreadcrumbList\",\"@id\":\"https:\\\/\\\/www.editorialjuventud.es\\\/ca\\\/el-roc-escriu-una-historia-9788426140029\\\/#breadcrumb\",\"itemListElement\":[{\"@type\":\"ListItem\",\"position\":1,\"name\":\"Portada\",\"item\":\"https:\\\/\\\/www.editorialjuventud.es\\\/\"},{\"@type\":\"ListItem\",\"position\":2,\"name\":\"cat\u00e1logo\",\"item\":\"https:\\\/\\\/www.editorialjuventud.es\\\/coleccion\\\/catalogo\\\/\"},{\"@type\":\"ListItem\",\"position\":3,\"name\":\"catal\u00e0\",\"item\":\"https:\\\/\\\/www.editorialjuventud.es\\\/coleccion\\\/catala\\\/\"},{\"@type\":\"ListItem\",\"position\":4,\"name\":\"\u00c0lbums Il\u00b7lustrats\",\"item\":\"https:\\\/\\\/www.editorialjuventud.es\\\/coleccion\\\/albums-il%c2%b7lustrats\\\/\"},{\"@type\":\"ListItem\",\"position\":5,\"name\":\"Aprenent a Llegir\",\"item\":\"https:\\\/\\\/www.editorialjuventud.es\\\/coleccion\\\/aprenent-a-llegir\\\/\"},{\"@type\":\"ListItem\",\"position\":6,\"name\":\"El Roc escriu una hist\u00f2ria\"}]},{\"@type\":\"WebSite\",\"@id\":\"https:\\\/\\\/www.editorialjuventud.es\\\/#website\",\"url\":\"https:\\\/\\\/www.editorialjuventud.es\\\/\",\"name\":\"Editorial Juventud\",\"description\":\"\",\"potentialAction\":[{\"@type\":\"SearchAction\",\"target\":{\"@type\":\"EntryPoint\",\"urlTemplate\":\"https:\\\/\\\/www.editorialjuventud.es\\\/?s={search_term_string}\"},\"query-input\":{\"@type\":\"PropertyValueSpecification\",\"valueRequired\":true,\"valueName\":\"search_term_string\"}}],\"inLanguage\":\"ca\"}]}<\/script>\n<!-- \/ Yoast SEO plugin. -->","yoast_head_json":{"title":"El Roc escriu una hist\u00f2ria - Editorial Juventud","description":"El Roc estima els llibres i li encanten les paraules. Un dia t\u00e9 la idea d'escriure una hist\u00f2ria. Per\u00f2 no sap qu\u00e8 escriure. No li ve cap hist\u00f2ria al cap.","robots":{"index":"index","follow":"follow","max-snippet":"max-snippet:-1","max-image-preview":"max-image-preview:large","max-video-preview":"max-video-preview:-1"},"canonical":"https:\/\/www.editorialjuventud.es\/ca\/el-roc-escriu-una-historia-9788426140029\/","og_locale":"ca_ES","og_type":"article","og_title":"El Roc escriu una hist\u00f2ria - Editorial Juventud","og_description":"El Roc estima els llibres i li encanten les paraules. Un dia t\u00e9 la idea d'escriure una hist\u00f2ria. Per\u00f2 no sap qu\u00e8 escriure. No li ve cap hist\u00f2ria al cap.","og_url":"https:\/\/www.editorialjuventud.es\/ca\/el-roc-escriu-una-historia-9788426140029\/","og_site_name":"Editorial Juventud","article_modified_time":"2023-01-27T08:33:01+00:00","og_image":[{"width":404,"height":450,"url":"https:\/\/www.editorialjuventud.es\/wp-content\/uploads\/4002.jpg","type":"image\/jpeg"}],"twitter_card":"summary_large_image","schema":{"@context":"https:\/\/schema.org","@graph":[{"@type":"WebPage","@id":"https:\/\/www.editorialjuventud.es\/ca\/el-roc-escriu-una-historia-9788426140029\/","url":"https:\/\/www.editorialjuventud.es\/ca\/el-roc-escriu-una-historia-9788426140029\/","name":"El Roc escriu una hist\u00f2ria - Editorial Juventud","isPartOf":{"@id":"https:\/\/www.editorialjuventud.es\/#website"},"primaryImageOfPage":{"@id":"https:\/\/www.editorialjuventud.es\/ca\/el-roc-escriu-una-historia-9788426140029\/#primaryimage"},"image":{"@id":"https:\/\/www.editorialjuventud.es\/ca\/el-roc-escriu-una-historia-9788426140029\/#primaryimage"},"thumbnailUrl":"https:\/\/www.editorialjuventud.es\/wp-content\/uploads\/4002.jpg","datePublished":"2018-08-24T09:37:45+00:00","dateModified":"2023-01-27T08:33:01+00:00","description":"El Roc estima els llibres i li encanten les paraules. Un dia t\u00e9 la idea d'escriure una hist\u00f2ria. Per\u00f2 no sap qu\u00e8 escriure. No li ve cap hist\u00f2ria al cap.","breadcrumb":{"@id":"https:\/\/www.editorialjuventud.es\/ca\/el-roc-escriu-una-historia-9788426140029\/#breadcrumb"},"inLanguage":"ca","potentialAction":[{"@type":"ReadAction","target":["https:\/\/www.editorialjuventud.es\/ca\/el-roc-escriu-una-historia-9788426140029\/"]}]},{"@type":"ImageObject","inLanguage":"ca","@id":"https:\/\/www.editorialjuventud.es\/ca\/el-roc-escriu-una-historia-9788426140029\/#primaryimage","url":"https:\/\/www.editorialjuventud.es\/wp-content\/uploads\/4002.jpg","contentUrl":"https:\/\/www.editorialjuventud.es\/wp-content\/uploads\/4002.jpg","width":404,"height":450,"caption":"4002.jpg"},{"@type":"BreadcrumbList","@id":"https:\/\/www.editorialjuventud.es\/ca\/el-roc-escriu-una-historia-9788426140029\/#breadcrumb","itemListElement":[{"@type":"ListItem","position":1,"name":"Portada","item":"https:\/\/www.editorialjuventud.es\/"},{"@type":"ListItem","position":2,"name":"cat\u00e1logo","item":"https:\/\/www.editorialjuventud.es\/coleccion\/catalogo\/"},{"@type":"ListItem","position":3,"name":"catal\u00e0","item":"https:\/\/www.editorialjuventud.es\/coleccion\/catala\/"},{"@type":"ListItem","position":4,"name":"\u00c0lbums Il\u00b7lustrats","item":"https:\/\/www.editorialjuventud.es\/coleccion\/albums-il%c2%b7lustrats\/"},{"@type":"ListItem","position":5,"name":"Aprenent a Llegir","item":"https:\/\/www.editorialjuventud.es\/coleccion\/aprenent-a-llegir\/"},{"@type":"ListItem","position":6,"name":"El Roc escriu una hist\u00f2ria"}]},{"@type":"WebSite","@id":"https:\/\/www.editorialjuventud.es\/#website","url":"https:\/\/www.editorialjuventud.es\/","name":"Editorial Juventud","description":"","potentialAction":[{"@type":"SearchAction","target":{"@type":"EntryPoint","urlTemplate":"https:\/\/www.editorialjuventud.es\/?s={search_term_string}"},"query-input":{"@type":"PropertyValueSpecification","valueRequired":true,"valueName":"search_term_string"}}],"inLanguage":"ca"}]}},"_links":{"self":[{"href":"https:\/\/www.editorialjuventud.es\/ca\/wp-json\/wp\/v2\/product\/5902","targetHints":{"allow":["GET"]}}],"collection":[{"href":"https:\/\/www.editorialjuventud.es\/ca\/wp-json\/wp\/v2\/product"}],"about":[{"href":"https:\/\/www.editorialjuventud.es\/ca\/wp-json\/wp\/v2\/types\/product"}],"wp:featuredmedia":[{"embeddable":true,"href":"https:\/\/www.editorialjuventud.es\/ca\/wp-json\/wp\/v2\/media\/13089"}],"wp:attachment":[{"href":"https:\/\/www.editorialjuventud.es\/ca\/wp-json\/wp\/v2\/media?parent=5902"}],"wp:term":[{"taxonomy":"product_brand","embeddable":true,"href":"https:\/\/www.editorialjuventud.es\/ca\/wp-json\/wp\/v2\/product_brand?post=5902"},{"taxonomy":"product_cat","embeddable":true,"href":"https:\/\/www.editorialjuventud.es\/ca\/wp-json\/wp\/v2\/product_cat?post=5902"},{"taxonomy":"product_tag","embeddable":true,"href":"https:\/\/www.editorialjuventud.es\/ca\/wp-json\/wp\/v2\/product_tag?post=5902"},{"taxonomy":"coleccion","embeddable":true,"href":"https:\/\/www.editorialjuventud.es\/ca\/wp-json\/wp\/v2\/coleccion?post=5902"}],"curies":[{"name":"wp","href":"https:\/\/api.w.org\/{rel}","templated":true}]}}