{"id":5901,"date":"2018-08-24T13:37:41","date_gmt":"2018-08-24T09:37:41","guid":{"rendered":"http:\/\/www.editorialjuventud.es\/roc-escribe-una-historia\/"},"modified":"2025-01-22T13:20:39","modified_gmt":"2025-01-22T12:20:39","slug":"roc-escribe-una-historia-9788426140012","status":"publish","type":"product","link":"https:\/\/www.editorialjuventud.es\/ca\/roc-escribe-una-historia-9788426140012\/","title":{"rendered":"Roc escribe una historia"},"content":{"rendered":"<p>A Roc le encantan los libros y las palabras, y un d\u00eda decide que \u00e9l escribir\u00e1 su propio libro. Pero no sabe qu\u00e9 escribir. Su maestro, el peque\u00f1o canario, le aconseja mirar de cerca el mundo que le rodea en busca de inspiraci\u00f3n. Roc descubre detalles que nunca hab\u00eda visto antes, conoce a un nuevo amigo y encuentra las palabras adecuadas para contar una bella historia.<\/p>\n","protected":false},"excerpt":{"rendered":"A Roc le encantan los libros y las palabras, y un d\u00eda decide que \u00e9l escribir\u00e1 su propio libro. Pero no sabe qu\u00e9 escribir. Su maestro, el peque\u00f1o canario, le aconseja mirar de cerca el mundo que le rodea en [&hellip;]","protected":false},"featured_media":14711,"template":"","meta":{"_acf_changed":false,"_exactmetrics_skip_tracking":false,"_exactmetrics_sitenote_active":false,"_exactmetrics_sitenote_note":"","_exactmetrics_sitenote_category":0},"product_brand":[],"product_cat":[900,1232,1121,1281,1144],"product_tag":[],"coleccion":[985],"class_list":{"0":"post-5901","1":"product","2":"type-product","3":"status-publish","4":"has-post-thumbnail","6":"product_cat-a-partir-de-5-anos","7":"product_cat-abecedario","8":"product_cat-albumes-ilustrados","9":"product_cat-aprendizaje","10":"product_cat-bibliotecas-libros-sobre-libros","11":"coleccion-aprendiendo-a-leer","13":"first","14":"instock","15":"taxable","16":"shipping-taxable","17":"purchasable","18":"product-type-simple"},"acf":{"autor":"Hills, Tad","codart":"4001","ediciones":"2","encuadernacion":"Carton\u00e9","fecha_de_publicacion":"01\/09\/2013","novedad":"0","paginas":"40","subtitulo":"","texto_web_adicional":"","texto_web_novedad":"","orden":"999","portada":"0","texto_web_resaltado":"","autores-libros":[16413],"ilustradores-libros":[16413],"traductores-libros":[16176]},"yoast_head":"<!-- This site is optimized with the Yoast SEO plugin v27.5 - https:\/\/yoast.com\/product\/yoast-seo-wordpress\/ -->\n<title>Roc escribe una historia - Editorial Juventud<\/title>\n<meta name=\"description\" content=\"A Roc le encantan los libros y las palabras, y un d\u00eda decide que \u00e9l escribir\u00e1 su propio libro. Pero no sabe qu\u00e9 escribir. Su maestro, el peque\u00f1o canario,\" \/>\n<meta name=\"robots\" content=\"index, follow, max-snippet:-1, max-image-preview:large, max-video-preview:-1\" \/>\n<link rel=\"canonical\" href=\"https:\/\/www.editorialjuventud.es\/roc-escribe-una-historia-9788426140012\/\" \/>\n<meta property=\"og:locale\" content=\"ca_ES\" \/>\n<meta property=\"og:type\" content=\"article\" \/>\n<meta property=\"og:title\" content=\"Roc escribe una historia - Editorial Juventud\" \/>\n<meta property=\"og:description\" content=\"A Roc le encantan los libros y las palabras, y un d\u00eda decide que \u00e9l escribir\u00e1 su propio libro. Pero no sabe qu\u00e9 escribir. Su maestro, el peque\u00f1o canario,\" \/>\n<meta property=\"og:url\" content=\"https:\/\/www.editorialjuventud.es\/roc-escribe-una-historia-9788426140012\/\" \/>\n<meta property=\"og:site_name\" content=\"Editorial Juventud\" \/>\n<meta property=\"article:modified_time\" content=\"2025-01-22T12:20:39+00:00\" \/>\n<meta property=\"og:image\" content=\"https:\/\/www.editorialjuventud.es\/wp-content\/uploads\/4001.jpg\" \/>\n\t<meta property=\"og:image:width\" content=\"394\" \/>\n\t<meta property=\"og:image:height\" content=\"450\" \/>\n\t<meta property=\"og:image:type\" content=\"image\/jpeg\" \/>\n<meta name=\"twitter:card\" content=\"summary_large_image\" \/>\n<script type=\"application\/ld+json\" class=\"yoast-schema-graph\">{\"@context\":\"https:\\\/\\\/schema.org\",\"@graph\":[{\"@type\":\"WebPage\",\"@id\":\"https:\\\/\\\/www.editorialjuventud.es\\\/roc-escribe-una-historia-9788426140012\\\/\",\"url\":\"https:\\\/\\\/www.editorialjuventud.es\\\/roc-escribe-una-historia-9788426140012\\\/\",\"name\":\"Roc escribe una historia - Editorial Juventud\",\"isPartOf\":{\"@id\":\"https:\\\/\\\/www.editorialjuventud.es\\\/#website\"},\"primaryImageOfPage\":{\"@id\":\"https:\\\/\\\/www.editorialjuventud.es\\\/roc-escribe-una-historia-9788426140012\\\/#primaryimage\"},\"image\":{\"@id\":\"https:\\\/\\\/www.editorialjuventud.es\\\/roc-escribe-una-historia-9788426140012\\\/#primaryimage\"},\"thumbnailUrl\":\"https:\\\/\\\/www.editorialjuventud.es\\\/wp-content\\\/uploads\\\/4001.jpg\",\"datePublished\":\"2018-08-24T09:37:41+00:00\",\"dateModified\":\"2025-01-22T12:20:39+00:00\",\"description\":\"A Roc le encantan los libros y las palabras, y un d\u00eda decide que \u00e9l escribir\u00e1 su propio libro. Pero no sabe qu\u00e9 escribir. Su maestro, el peque\u00f1o canario,\",\"breadcrumb\":{\"@id\":\"https:\\\/\\\/www.editorialjuventud.es\\\/roc-escribe-una-historia-9788426140012\\\/#breadcrumb\"},\"inLanguage\":\"ca\",\"potentialAction\":[{\"@type\":\"ReadAction\",\"target\":[\"https:\\\/\\\/www.editorialjuventud.es\\\/roc-escribe-una-historia-9788426140012\\\/\"]}]},{\"@type\":\"ImageObject\",\"inLanguage\":\"ca\",\"@id\":\"https:\\\/\\\/www.editorialjuventud.es\\\/roc-escribe-una-historia-9788426140012\\\/#primaryimage\",\"url\":\"https:\\\/\\\/www.editorialjuventud.es\\\/wp-content\\\/uploads\\\/4001.jpg\",\"contentUrl\":\"https:\\\/\\\/www.editorialjuventud.es\\\/wp-content\\\/uploads\\\/4001.jpg\",\"width\":394,\"height\":450,\"caption\":\"4001.jpg\"},{\"@type\":\"BreadcrumbList\",\"@id\":\"https:\\\/\\\/www.editorialjuventud.es\\\/roc-escribe-una-historia-9788426140012\\\/#breadcrumb\",\"itemListElement\":[{\"@type\":\"ListItem\",\"position\":1,\"name\":\"Portada\",\"item\":\"https:\\\/\\\/www.editorialjuventud.es\\\/\"},{\"@type\":\"ListItem\",\"position\":2,\"name\":\"cat\u00e1logo\",\"item\":\"https:\\\/\\\/www.editorialjuventud.es\\\/coleccion\\\/catalogo\\\/\"},{\"@type\":\"ListItem\",\"position\":3,\"name\":\"castellano\",\"item\":\"https:\\\/\\\/www.editorialjuventud.es\\\/coleccion\\\/castellano\\\/\"},{\"@type\":\"ListItem\",\"position\":4,\"name\":\"\u00c1lbumes Ilustrados\",\"item\":\"https:\\\/\\\/www.editorialjuventud.es\\\/coleccion\\\/albumes-ilustrados\\\/\"},{\"@type\":\"ListItem\",\"position\":5,\"name\":\"Aprendiendo a Leer\",\"item\":\"https:\\\/\\\/www.editorialjuventud.es\\\/coleccion\\\/aprendiendo-a-leer\\\/\"},{\"@type\":\"ListItem\",\"position\":6,\"name\":\"Roc escribe una historia\"}]},{\"@type\":\"WebSite\",\"@id\":\"https:\\\/\\\/www.editorialjuventud.es\\\/#website\",\"url\":\"https:\\\/\\\/www.editorialjuventud.es\\\/\",\"name\":\"Editorial Juventud\",\"description\":\"\",\"potentialAction\":[{\"@type\":\"SearchAction\",\"target\":{\"@type\":\"EntryPoint\",\"urlTemplate\":\"https:\\\/\\\/www.editorialjuventud.es\\\/?s={search_term_string}\"},\"query-input\":{\"@type\":\"PropertyValueSpecification\",\"valueRequired\":true,\"valueName\":\"search_term_string\"}}],\"inLanguage\":\"ca\"}]}<\/script>\n<!-- \/ Yoast SEO plugin. -->","yoast_head_json":{"title":"Roc escribe una historia - Editorial Juventud","description":"A Roc le encantan los libros y las palabras, y un d\u00eda decide que \u00e9l escribir\u00e1 su propio libro. Pero no sabe qu\u00e9 escribir. Su maestro, el peque\u00f1o canario,","robots":{"index":"index","follow":"follow","max-snippet":"max-snippet:-1","max-image-preview":"max-image-preview:large","max-video-preview":"max-video-preview:-1"},"canonical":"https:\/\/www.editorialjuventud.es\/roc-escribe-una-historia-9788426140012\/","og_locale":"ca_ES","og_type":"article","og_title":"Roc escribe una historia - Editorial Juventud","og_description":"A Roc le encantan los libros y las palabras, y un d\u00eda decide que \u00e9l escribir\u00e1 su propio libro. Pero no sabe qu\u00e9 escribir. Su maestro, el peque\u00f1o canario,","og_url":"https:\/\/www.editorialjuventud.es\/roc-escribe-una-historia-9788426140012\/","og_site_name":"Editorial Juventud","article_modified_time":"2025-01-22T12:20:39+00:00","og_image":[{"width":394,"height":450,"url":"https:\/\/www.editorialjuventud.es\/wp-content\/uploads\/4001.jpg","type":"image\/jpeg"}],"twitter_card":"summary_large_image","schema":{"@context":"https:\/\/schema.org","@graph":[{"@type":"WebPage","@id":"https:\/\/www.editorialjuventud.es\/roc-escribe-una-historia-9788426140012\/","url":"https:\/\/www.editorialjuventud.es\/roc-escribe-una-historia-9788426140012\/","name":"Roc escribe una historia - Editorial Juventud","isPartOf":{"@id":"https:\/\/www.editorialjuventud.es\/#website"},"primaryImageOfPage":{"@id":"https:\/\/www.editorialjuventud.es\/roc-escribe-una-historia-9788426140012\/#primaryimage"},"image":{"@id":"https:\/\/www.editorialjuventud.es\/roc-escribe-una-historia-9788426140012\/#primaryimage"},"thumbnailUrl":"https:\/\/www.editorialjuventud.es\/wp-content\/uploads\/4001.jpg","datePublished":"2018-08-24T09:37:41+00:00","dateModified":"2025-01-22T12:20:39+00:00","description":"A Roc le encantan los libros y las palabras, y un d\u00eda decide que \u00e9l escribir\u00e1 su propio libro. Pero no sabe qu\u00e9 escribir. Su maestro, el peque\u00f1o canario,","breadcrumb":{"@id":"https:\/\/www.editorialjuventud.es\/roc-escribe-una-historia-9788426140012\/#breadcrumb"},"inLanguage":"ca","potentialAction":[{"@type":"ReadAction","target":["https:\/\/www.editorialjuventud.es\/roc-escribe-una-historia-9788426140012\/"]}]},{"@type":"ImageObject","inLanguage":"ca","@id":"https:\/\/www.editorialjuventud.es\/roc-escribe-una-historia-9788426140012\/#primaryimage","url":"https:\/\/www.editorialjuventud.es\/wp-content\/uploads\/4001.jpg","contentUrl":"https:\/\/www.editorialjuventud.es\/wp-content\/uploads\/4001.jpg","width":394,"height":450,"caption":"4001.jpg"},{"@type":"BreadcrumbList","@id":"https:\/\/www.editorialjuventud.es\/roc-escribe-una-historia-9788426140012\/#breadcrumb","itemListElement":[{"@type":"ListItem","position":1,"name":"Portada","item":"https:\/\/www.editorialjuventud.es\/"},{"@type":"ListItem","position":2,"name":"cat\u00e1logo","item":"https:\/\/www.editorialjuventud.es\/coleccion\/catalogo\/"},{"@type":"ListItem","position":3,"name":"castellano","item":"https:\/\/www.editorialjuventud.es\/coleccion\/castellano\/"},{"@type":"ListItem","position":4,"name":"\u00c1lbumes Ilustrados","item":"https:\/\/www.editorialjuventud.es\/coleccion\/albumes-ilustrados\/"},{"@type":"ListItem","position":5,"name":"Aprendiendo a Leer","item":"https:\/\/www.editorialjuventud.es\/coleccion\/aprendiendo-a-leer\/"},{"@type":"ListItem","position":6,"name":"Roc escribe una historia"}]},{"@type":"WebSite","@id":"https:\/\/www.editorialjuventud.es\/#website","url":"https:\/\/www.editorialjuventud.es\/","name":"Editorial Juventud","description":"","potentialAction":[{"@type":"SearchAction","target":{"@type":"EntryPoint","urlTemplate":"https:\/\/www.editorialjuventud.es\/?s={search_term_string}"},"query-input":{"@type":"PropertyValueSpecification","valueRequired":true,"valueName":"search_term_string"}}],"inLanguage":"ca"}]}},"_links":{"self":[{"href":"https:\/\/www.editorialjuventud.es\/ca\/wp-json\/wp\/v2\/product\/5901","targetHints":{"allow":["GET"]}}],"collection":[{"href":"https:\/\/www.editorialjuventud.es\/ca\/wp-json\/wp\/v2\/product"}],"about":[{"href":"https:\/\/www.editorialjuventud.es\/ca\/wp-json\/wp\/v2\/types\/product"}],"wp:featuredmedia":[{"embeddable":true,"href":"https:\/\/www.editorialjuventud.es\/ca\/wp-json\/wp\/v2\/media\/14711"}],"wp:attachment":[{"href":"https:\/\/www.editorialjuventud.es\/ca\/wp-json\/wp\/v2\/media?parent=5901"}],"wp:term":[{"taxonomy":"product_brand","embeddable":true,"href":"https:\/\/www.editorialjuventud.es\/ca\/wp-json\/wp\/v2\/product_brand?post=5901"},{"taxonomy":"product_cat","embeddable":true,"href":"https:\/\/www.editorialjuventud.es\/ca\/wp-json\/wp\/v2\/product_cat?post=5901"},{"taxonomy":"product_tag","embeddable":true,"href":"https:\/\/www.editorialjuventud.es\/ca\/wp-json\/wp\/v2\/product_tag?post=5901"},{"taxonomy":"coleccion","embeddable":true,"href":"https:\/\/www.editorialjuventud.es\/ca\/wp-json\/wp\/v2\/coleccion?post=5901"}],"curies":[{"name":"wp","href":"https:\/\/api.w.org\/{rel}","templated":true}]}}