{"id":5900,"date":"2018-08-24T11:37:37","date_gmt":"2018-08-24T09:37:37","guid":{"rendered":"http:\/\/www.editorialjuventud.es\/la-maquina-del-tiempo\/"},"modified":"2025-01-22T13:20:44","modified_gmt":"2025-01-22T12:20:44","slug":"la-maquina-del-tiempo-9788426140005","status":"publish","type":"product","link":"https:\/\/www.editorialjuventud.es\/ca\/la-maquina-del-tiempo-9788426140005\/","title":{"rendered":"La m\u00e1quina del tiempo"},"content":{"rendered":"<p>Un cient\u00edfico inventa una m\u00e1quina para viajar a trav\u00e9s del tiempo. En un viaje experimental llega al a\u00f1o 802.701 y encuentra la tierra habitada por los Eloi, pac\u00edficos y ociosos. El Viajero del Tiempo deduce que est\u00e1n tan avanzados que unas m\u00e1quinas deben de trabajar por ellos. M\u00e1s tarde descubrir\u00e1 a los malvados y depredadores Morlocks, y habr\u00e1 de escapar para salvar la vida. A su regreso al presente su relato es recibido con escepticismo\u2026<\/p>\n<p>La m\u00e1quina del tiempo, escrita en 1895 por Herbert George Wells, se halla en los inicios de la novela de ciencia-ficci\u00f3n. Sigue conservando el mismo poder de fascinaci\u00f3n y vigor narrativo que le valieron el \u00e9xito inmediato en el momento de su publicaci\u00f3n. Afortunada s\u00edntesis de los conocimientos cient\u00edficos del autor, del maquinismo, (creencia que confiaba en que las m\u00e1quinas ser\u00edan la salvaci\u00f3n de la humanidad), que hac\u00eda furor en la \u00e9poca y de la visi\u00f3n esc\u00e9ptica de H.G. Wells (1866-1946) respecto al rumbo tomado por la sociedad que le toc\u00f3 vivir, el relato describe un futuro inquietante en el que dos razas semibestiales, los eloi y los morlock, comparten en una peculiar simbiosis un planeta extra\u00f1o y desolado sobre el que se han cernido cat\u00e1strofes y transformaciones, pero en el que brilla a\u00fan, como tenue esperanza, un h\u00e1lito de humanidad.<\/p>\n","protected":false},"excerpt":{"rendered":"Un cient\u00edfico inventa una m\u00e1quina para viajar a trav\u00e9s del tiempo. En un viaje experimental llega al a\u00f1o 802.701 y encuentra la tierra habitada por los Eloi, pac\u00edficos y ociosos. El Viajero del Tiempo deduce que est\u00e1n tan avanzados que [&hellip;]","protected":false},"featured_media":13639,"template":"","meta":{"_acf_changed":false,"_exactmetrics_skip_tracking":false,"_exactmetrics_sitenote_active":false,"_exactmetrics_sitenote_note":"","_exactmetrics_sitenote_category":0},"product_brand":[],"product_cat":[897,1150,1119,1226],"product_tag":[],"coleccion":[1025],"class_list":{"0":"post-5900","1":"product","2":"type-product","3":"status-publish","4":"has-post-thumbnail","6":"product_cat-a-partir-de-13-anos","7":"product_cat-ciencia-ficcion","8":"product_cat-narrativa-juvenil","9":"product_cat-tiempo","10":"coleccion-coleccion-juventud","12":"first","13":"instock","14":"taxable","15":"shipping-taxable","16":"purchasable","17":"product-type-simple"},"acf":{"autor":"H. G. Wells","codart":"4000","ediciones":"1","encuadernacion":"Carton\u00e9","fecha_de_publicacion":"01\/07\/2013","novedad":"0","paginas":"136","subtitulo":"","texto_web_adicional":"","texto_web_novedad":"","orden":"999","portada":"0","texto_web_resaltado":"","autores-libros":[16679],"ilustradores-libros":[17789]},"yoast_head":"<!-- This site is optimized with the Yoast SEO plugin v27.5 - https:\/\/yoast.com\/product\/yoast-seo-wordpress\/ -->\n<title>La m\u00e1quina del tiempo - Editorial Juventud<\/title>\n<meta name=\"description\" content=\"Un cient\u00edfico inventa una m\u00e1quina para viajar a trav\u00e9s del tiempo. En un viaje experimental llega al a\u00f1o 802.701 y encuentra la tierra habitada por los\" \/>\n<meta name=\"robots\" content=\"index, follow, max-snippet:-1, max-image-preview:large, max-video-preview:-1\" \/>\n<link rel=\"canonical\" href=\"https:\/\/www.editorialjuventud.es\/la-maquina-del-tiempo-9788426140005\/\" \/>\n<meta property=\"og:locale\" content=\"ca_ES\" \/>\n<meta property=\"og:type\" content=\"article\" \/>\n<meta property=\"og:title\" content=\"La m\u00e1quina del tiempo - Editorial Juventud\" \/>\n<meta property=\"og:description\" content=\"Un cient\u00edfico inventa una m\u00e1quina para viajar a trav\u00e9s del tiempo. En un viaje experimental llega al a\u00f1o 802.701 y encuentra la tierra habitada por los\" \/>\n<meta property=\"og:url\" content=\"https:\/\/www.editorialjuventud.es\/la-maquina-del-tiempo-9788426140005\/\" \/>\n<meta property=\"og:site_name\" content=\"Editorial Juventud\" \/>\n<meta property=\"article:modified_time\" content=\"2025-01-22T12:20:44+00:00\" \/>\n<meta property=\"og:image\" content=\"https:\/\/www.editorialjuventud.es\/wp-content\/uploads\/4000.jpg\" \/>\n\t<meta property=\"og:image:width\" content=\"285\" \/>\n\t<meta property=\"og:image:height\" content=\"450\" \/>\n\t<meta property=\"og:image:type\" content=\"image\/jpeg\" \/>\n<meta name=\"twitter:card\" content=\"summary_large_image\" \/>\n<meta name=\"twitter:label1\" content=\"Temps estimat de lectura\" \/>\n\t<meta name=\"twitter:data1\" content=\"1 minut\" \/>\n<script type=\"application\/ld+json\" class=\"yoast-schema-graph\">{\"@context\":\"https:\\\/\\\/schema.org\",\"@graph\":[{\"@type\":\"WebPage\",\"@id\":\"https:\\\/\\\/www.editorialjuventud.es\\\/la-maquina-del-tiempo-9788426140005\\\/\",\"url\":\"https:\\\/\\\/www.editorialjuventud.es\\\/la-maquina-del-tiempo-9788426140005\\\/\",\"name\":\"La m\u00e1quina del tiempo - Editorial Juventud\",\"isPartOf\":{\"@id\":\"https:\\\/\\\/www.editorialjuventud.es\\\/#website\"},\"primaryImageOfPage\":{\"@id\":\"https:\\\/\\\/www.editorialjuventud.es\\\/la-maquina-del-tiempo-9788426140005\\\/#primaryimage\"},\"image\":{\"@id\":\"https:\\\/\\\/www.editorialjuventud.es\\\/la-maquina-del-tiempo-9788426140005\\\/#primaryimage\"},\"thumbnailUrl\":\"https:\\\/\\\/www.editorialjuventud.es\\\/wp-content\\\/uploads\\\/4000.jpg\",\"datePublished\":\"2018-08-24T09:37:37+00:00\",\"dateModified\":\"2025-01-22T12:20:44+00:00\",\"description\":\"Un cient\u00edfico inventa una m\u00e1quina para viajar a trav\u00e9s del tiempo. En un viaje experimental llega al a\u00f1o 802.701 y encuentra la tierra habitada por los\",\"breadcrumb\":{\"@id\":\"https:\\\/\\\/www.editorialjuventud.es\\\/la-maquina-del-tiempo-9788426140005\\\/#breadcrumb\"},\"inLanguage\":\"ca\",\"potentialAction\":[{\"@type\":\"ReadAction\",\"target\":[\"https:\\\/\\\/www.editorialjuventud.es\\\/la-maquina-del-tiempo-9788426140005\\\/\"]}]},{\"@type\":\"ImageObject\",\"inLanguage\":\"ca\",\"@id\":\"https:\\\/\\\/www.editorialjuventud.es\\\/la-maquina-del-tiempo-9788426140005\\\/#primaryimage\",\"url\":\"https:\\\/\\\/www.editorialjuventud.es\\\/wp-content\\\/uploads\\\/4000.jpg\",\"contentUrl\":\"https:\\\/\\\/www.editorialjuventud.es\\\/wp-content\\\/uploads\\\/4000.jpg\",\"width\":285,\"height\":450,\"caption\":\"4000.jpg\"},{\"@type\":\"BreadcrumbList\",\"@id\":\"https:\\\/\\\/www.editorialjuventud.es\\\/la-maquina-del-tiempo-9788426140005\\\/#breadcrumb\",\"itemListElement\":[{\"@type\":\"ListItem\",\"position\":1,\"name\":\"Portada\",\"item\":\"https:\\\/\\\/www.editorialjuventud.es\\\/\"},{\"@type\":\"ListItem\",\"position\":2,\"name\":\"cat\u00e1logo\",\"item\":\"https:\\\/\\\/www.editorialjuventud.es\\\/coleccion\\\/catalogo\\\/\"},{\"@type\":\"ListItem\",\"position\":3,\"name\":\"castellano\",\"item\":\"https:\\\/\\\/www.editorialjuventud.es\\\/coleccion\\\/castellano\\\/\"},{\"@type\":\"ListItem\",\"position\":4,\"name\":\"Narrativa Juvenil\",\"item\":\"https:\\\/\\\/www.editorialjuventud.es\\\/coleccion\\\/narrativa-juvenil-castellano\\\/\"},{\"@type\":\"ListItem\",\"position\":5,\"name\":\"Colecci\u00f3n Juventud\",\"item\":\"https:\\\/\\\/www.editorialjuventud.es\\\/coleccion\\\/coleccion-juventud\\\/\"},{\"@type\":\"ListItem\",\"position\":6,\"name\":\"La m\u00e1quina del tiempo\"}]},{\"@type\":\"WebSite\",\"@id\":\"https:\\\/\\\/www.editorialjuventud.es\\\/#website\",\"url\":\"https:\\\/\\\/www.editorialjuventud.es\\\/\",\"name\":\"Editorial Juventud\",\"description\":\"\",\"potentialAction\":[{\"@type\":\"SearchAction\",\"target\":{\"@type\":\"EntryPoint\",\"urlTemplate\":\"https:\\\/\\\/www.editorialjuventud.es\\\/?s={search_term_string}\"},\"query-input\":{\"@type\":\"PropertyValueSpecification\",\"valueRequired\":true,\"valueName\":\"search_term_string\"}}],\"inLanguage\":\"ca\"}]}<\/script>\n<!-- \/ Yoast SEO plugin. -->","yoast_head_json":{"title":"La m\u00e1quina del tiempo - Editorial Juventud","description":"Un cient\u00edfico inventa una m\u00e1quina para viajar a trav\u00e9s del tiempo. En un viaje experimental llega al a\u00f1o 802.701 y encuentra la tierra habitada por los","robots":{"index":"index","follow":"follow","max-snippet":"max-snippet:-1","max-image-preview":"max-image-preview:large","max-video-preview":"max-video-preview:-1"},"canonical":"https:\/\/www.editorialjuventud.es\/la-maquina-del-tiempo-9788426140005\/","og_locale":"ca_ES","og_type":"article","og_title":"La m\u00e1quina del tiempo - Editorial Juventud","og_description":"Un cient\u00edfico inventa una m\u00e1quina para viajar a trav\u00e9s del tiempo. En un viaje experimental llega al a\u00f1o 802.701 y encuentra la tierra habitada por los","og_url":"https:\/\/www.editorialjuventud.es\/la-maquina-del-tiempo-9788426140005\/","og_site_name":"Editorial Juventud","article_modified_time":"2025-01-22T12:20:44+00:00","og_image":[{"width":285,"height":450,"url":"https:\/\/www.editorialjuventud.es\/wp-content\/uploads\/4000.jpg","type":"image\/jpeg"}],"twitter_card":"summary_large_image","twitter_misc":{"Temps estimat de lectura":"1 minut"},"schema":{"@context":"https:\/\/schema.org","@graph":[{"@type":"WebPage","@id":"https:\/\/www.editorialjuventud.es\/la-maquina-del-tiempo-9788426140005\/","url":"https:\/\/www.editorialjuventud.es\/la-maquina-del-tiempo-9788426140005\/","name":"La m\u00e1quina del tiempo - Editorial Juventud","isPartOf":{"@id":"https:\/\/www.editorialjuventud.es\/#website"},"primaryImageOfPage":{"@id":"https:\/\/www.editorialjuventud.es\/la-maquina-del-tiempo-9788426140005\/#primaryimage"},"image":{"@id":"https:\/\/www.editorialjuventud.es\/la-maquina-del-tiempo-9788426140005\/#primaryimage"},"thumbnailUrl":"https:\/\/www.editorialjuventud.es\/wp-content\/uploads\/4000.jpg","datePublished":"2018-08-24T09:37:37+00:00","dateModified":"2025-01-22T12:20:44+00:00","description":"Un cient\u00edfico inventa una m\u00e1quina para viajar a trav\u00e9s del tiempo. En un viaje experimental llega al a\u00f1o 802.701 y encuentra la tierra habitada por los","breadcrumb":{"@id":"https:\/\/www.editorialjuventud.es\/la-maquina-del-tiempo-9788426140005\/#breadcrumb"},"inLanguage":"ca","potentialAction":[{"@type":"ReadAction","target":["https:\/\/www.editorialjuventud.es\/la-maquina-del-tiempo-9788426140005\/"]}]},{"@type":"ImageObject","inLanguage":"ca","@id":"https:\/\/www.editorialjuventud.es\/la-maquina-del-tiempo-9788426140005\/#primaryimage","url":"https:\/\/www.editorialjuventud.es\/wp-content\/uploads\/4000.jpg","contentUrl":"https:\/\/www.editorialjuventud.es\/wp-content\/uploads\/4000.jpg","width":285,"height":450,"caption":"4000.jpg"},{"@type":"BreadcrumbList","@id":"https:\/\/www.editorialjuventud.es\/la-maquina-del-tiempo-9788426140005\/#breadcrumb","itemListElement":[{"@type":"ListItem","position":1,"name":"Portada","item":"https:\/\/www.editorialjuventud.es\/"},{"@type":"ListItem","position":2,"name":"cat\u00e1logo","item":"https:\/\/www.editorialjuventud.es\/coleccion\/catalogo\/"},{"@type":"ListItem","position":3,"name":"castellano","item":"https:\/\/www.editorialjuventud.es\/coleccion\/castellano\/"},{"@type":"ListItem","position":4,"name":"Narrativa Juvenil","item":"https:\/\/www.editorialjuventud.es\/coleccion\/narrativa-juvenil-castellano\/"},{"@type":"ListItem","position":5,"name":"Colecci\u00f3n Juventud","item":"https:\/\/www.editorialjuventud.es\/coleccion\/coleccion-juventud\/"},{"@type":"ListItem","position":6,"name":"La m\u00e1quina del tiempo"}]},{"@type":"WebSite","@id":"https:\/\/www.editorialjuventud.es\/#website","url":"https:\/\/www.editorialjuventud.es\/","name":"Editorial Juventud","description":"","potentialAction":[{"@type":"SearchAction","target":{"@type":"EntryPoint","urlTemplate":"https:\/\/www.editorialjuventud.es\/?s={search_term_string}"},"query-input":{"@type":"PropertyValueSpecification","valueRequired":true,"valueName":"search_term_string"}}],"inLanguage":"ca"}]}},"_links":{"self":[{"href":"https:\/\/www.editorialjuventud.es\/ca\/wp-json\/wp\/v2\/product\/5900","targetHints":{"allow":["GET"]}}],"collection":[{"href":"https:\/\/www.editorialjuventud.es\/ca\/wp-json\/wp\/v2\/product"}],"about":[{"href":"https:\/\/www.editorialjuventud.es\/ca\/wp-json\/wp\/v2\/types\/product"}],"wp:featuredmedia":[{"embeddable":true,"href":"https:\/\/www.editorialjuventud.es\/ca\/wp-json\/wp\/v2\/media\/13639"}],"wp:attachment":[{"href":"https:\/\/www.editorialjuventud.es\/ca\/wp-json\/wp\/v2\/media?parent=5900"}],"wp:term":[{"taxonomy":"product_brand","embeddable":true,"href":"https:\/\/www.editorialjuventud.es\/ca\/wp-json\/wp\/v2\/product_brand?post=5900"},{"taxonomy":"product_cat","embeddable":true,"href":"https:\/\/www.editorialjuventud.es\/ca\/wp-json\/wp\/v2\/product_cat?post=5900"},{"taxonomy":"product_tag","embeddable":true,"href":"https:\/\/www.editorialjuventud.es\/ca\/wp-json\/wp\/v2\/product_tag?post=5900"},{"taxonomy":"coleccion","embeddable":true,"href":"https:\/\/www.editorialjuventud.es\/ca\/wp-json\/wp\/v2\/coleccion?post=5900"}],"curies":[{"name":"wp","href":"https:\/\/api.w.org\/{rel}","templated":true}]}}