{"id":5893,"date":"2018-08-24T11:37:06","date_gmt":"2018-08-24T09:37:06","guid":{"rendered":"http:\/\/www.editorialjuventud.es\/colors\/"},"modified":"2021-10-19T13:03:27","modified_gmt":"2021-10-19T11:03:27","slug":"colors-9788426139948","status":"publish","type":"product","link":"https:\/\/www.editorialjuventud.es\/ca\/colors-9788426139948\/","title":{"rendered":"Colors"},"content":{"rendered":"<p>Qu\u00e8 passa quan barreges dos colors?<br \/>\nAquest llibre et mostra els colors i el que passa quan jugues amb ells.<br \/>\nMirant a trav\u00e9s de la p\u00e0gina transparent, per davant i per darrere, veur\u00e0s dos colors diferents i dos dibuixos diferents!<br \/>\nAquest \u00e9s un llibre per a llegir amb els m\u00e9s petits; creat per a estimular la conversa i la interacci\u00f3 visual en cada p\u00e0gina.<\/p>\n","protected":false},"excerpt":{"rendered":"Qu\u00e8 passa quan barreges dos colors? Aquest llibre et mostra els colors i el que passa quan jugues amb ells. Mirant a trav\u00e9s de la p\u00e0gina transparent, per davant i per darrere, veur\u00e0s dos colors diferents i dos dibuixos diferents! [&hellip;]","protected":false},"featured_media":17010,"template":"","meta":{"_acf_changed":false,"_exactmetrics_skip_tracking":false,"_exactmetrics_sitenote_active":false,"_exactmetrics_sitenote_note":"","_exactmetrics_sitenote_category":0},"product_brand":[],"product_cat":[899,1121,1281,1152,892,1115,1123,1213,1128],"product_tag":[],"coleccion":[915,962,920],"class_list":{"0":"post-5893","1":"product","2":"type-product","3":"status-publish","4":"has-post-thumbnail","6":"product_cat-a-partir-de-3-anos","7":"product_cat-albumes-ilustrados","8":"product_cat-aprendizaje","9":"product_cat-colores","10":"product_cat-edades","11":"product_cat-generos","12":"product_cat-libros-informativos-infantil","13":"product_cat-primeros-conceptos","14":"product_cat-tematica","15":"coleccion-catala","16":"coleccion-els-meus-primers-conceptes","17":"coleccion-els-meus-primers-llibres","19":"first","20":"instock","21":"taxable","22":"shipping-taxable","23":"purchasable","24":"product-type-simple"},"acf":{"autor":"PATRICK GEORGE","codart":"3994","ediciones":"1","encuadernacion":"Carton\u00e9","fecha_de_publicacion":"01\/08\/2013","novedad":"0","paginas":"32","subtitulo":"","texto_web_adicional":"","texto_web_novedad":"","orden":"999","portada":"0","texto_web_resaltado":"","indice":"","autores-libros":[17699],"ilustradores-libros":[17699],"traductores-libros":[58416],"descripcion_corta":"","recomendamos":"","mas_vendido":"","idioma-libro":"","color":false,"formato":"","mas_informacion_del_producto":false,"premios":false,"texto_enlace_cubierta":"","enlace_cubierta":{"ID":24284,"id":24284,"title":"COVER-3994","filename":"COVER-3994.jpg","filesize":22725,"url":"https:\/\/www.editorialjuventud.es\/wp-content\/uploads\/COVER-3994.jpg","link":"https:\/\/www.editorialjuventud.es\/ca\/?attachment_id=24284","alt":"","author":"47","description":"","caption":"","name":"cover-3994","status":"inherit","uploaded_to":5893,"date":"2019-04-16 06:34:49","modified":"2019-04-16 06:34:49","menu_order":0,"mime_type":"image\/jpeg","type":"image","subtype":"jpeg","icon":"https:\/\/www.editorialjuventud.es\/wp-includes\/images\/media\/default.png","width":475,"height":450,"sizes":{"thumbnail":"https:\/\/www.editorialjuventud.es\/wp-content\/uploads\/COVER-3994-200x200.jpg","thumbnail-width":200,"thumbnail-height":200,"medium":"https:\/\/www.editorialjuventud.es\/wp-content\/uploads\/COVER-3994.jpg","medium-width":475,"medium-height":450,"medium_large":"https:\/\/www.editorialjuventud.es\/wp-content\/uploads\/COVER-3994.jpg","medium_large-width":475,"medium_large-height":450,"large":"https:\/\/www.editorialjuventud.es\/wp-content\/uploads\/COVER-3994.jpg","large-width":475,"large-height":450,"1536x1536":"https:\/\/www.editorialjuventud.es\/wp-content\/uploads\/COVER-3994.jpg","1536x1536-width":475,"1536x1536-height":450,"2048x2048":"https:\/\/www.editorialjuventud.es\/wp-content\/uploads\/COVER-3994.jpg","2048x2048-width":475,"2048x2048-height":450,"woocommerce_thumbnail":"https:\/\/www.editorialjuventud.es\/wp-content\/uploads\/COVER-3994-350x332.jpg","woocommerce_thumbnail-width":350,"woocommerce_thumbnail-height":332,"woocommerce_single":"https:\/\/www.editorialjuventud.es\/wp-content\/uploads\/COVER-3994.jpg","woocommerce_single-width":475,"woocommerce_single-height":450,"woocommerce_gallery_thumbnail":"https:\/\/www.editorialjuventud.es\/wp-content\/uploads\/COVER-3994-100x100.jpg","woocommerce_gallery_thumbnail-width":100,"woocommerce_gallery_thumbnail-height":100,"ppec_logo_image_size":"https:\/\/www.editorialjuventud.es\/wp-content\/uploads\/COVER-3994.jpg","ppec_logo_image_size-width":63,"ppec_logo_image_size-height":60,"ppec_header_image_size":"https:\/\/www.editorialjuventud.es\/wp-content\/uploads\/COVER-3994.jpg","ppec_header_image_size-width":95,"ppec_header_image_size-height":90}},"texto_enlace_ficha_tecnica":"","enlace_ficha_tecnica":false,"ficheros":false,"titulo-fr":"","texto-fr":""},"yoast_head":"<!-- This site is optimized with the Yoast SEO plugin v27.5 - https:\/\/yoast.com\/product\/yoast-seo-wordpress\/ -->\n<title>Colors - Editorial Juventud<\/title>\n<meta name=\"description\" content=\"Qu\u00e8 passa quan barreges dos colors? Aquest llibre et mostra els colors i el que passa quan jugues amb ells. Mirant a trav\u00e9s de la p\u00e0gina transparent, per\" \/>\n<meta name=\"robots\" content=\"index, follow, max-snippet:-1, max-image-preview:large, max-video-preview:-1\" \/>\n<link rel=\"canonical\" href=\"https:\/\/www.editorialjuventud.es\/colors-9788426139948\/\" \/>\n<meta property=\"og:locale\" content=\"ca_ES\" \/>\n<meta property=\"og:type\" content=\"article\" \/>\n<meta property=\"og:title\" content=\"Colors - Editorial Juventud\" \/>\n<meta property=\"og:description\" content=\"Qu\u00e8 passa quan barreges dos colors? Aquest llibre et mostra els colors i el que passa quan jugues amb ells. Mirant a trav\u00e9s de la p\u00e0gina transparent, per\" \/>\n<meta property=\"og:url\" content=\"https:\/\/www.editorialjuventud.es\/colors-9788426139948\/\" \/>\n<meta property=\"og:site_name\" content=\"Editorial Juventud\" \/>\n<meta property=\"article:modified_time\" content=\"2021-10-19T11:03:27+00:00\" \/>\n<meta property=\"og:image\" content=\"https:\/\/www.editorialjuventud.es\/wp-content\/uploads\/3994.jpg\" \/>\n\t<meta property=\"og:image:width\" content=\"475\" \/>\n\t<meta property=\"og:image:height\" content=\"450\" \/>\n\t<meta property=\"og:image:type\" content=\"image\/jpeg\" \/>\n<meta name=\"twitter:card\" content=\"summary_large_image\" \/>\n<script type=\"application\/ld+json\" class=\"yoast-schema-graph\">{\"@context\":\"https:\\\/\\\/schema.org\",\"@graph\":[{\"@type\":\"WebPage\",\"@id\":\"https:\\\/\\\/www.editorialjuventud.es\\\/colors-9788426139948\\\/\",\"url\":\"https:\\\/\\\/www.editorialjuventud.es\\\/colors-9788426139948\\\/\",\"name\":\"Colors - Editorial Juventud\",\"isPartOf\":{\"@id\":\"https:\\\/\\\/www.editorialjuventud.es\\\/#website\"},\"primaryImageOfPage\":{\"@id\":\"https:\\\/\\\/www.editorialjuventud.es\\\/colors-9788426139948\\\/#primaryimage\"},\"image\":{\"@id\":\"https:\\\/\\\/www.editorialjuventud.es\\\/colors-9788426139948\\\/#primaryimage\"},\"thumbnailUrl\":\"https:\\\/\\\/www.editorialjuventud.es\\\/wp-content\\\/uploads\\\/3994.jpg\",\"datePublished\":\"2018-08-24T09:37:06+00:00\",\"dateModified\":\"2021-10-19T11:03:27+00:00\",\"description\":\"Qu\u00e8 passa quan barreges dos colors? Aquest llibre et mostra els colors i el que passa quan jugues amb ells. Mirant a trav\u00e9s de la p\u00e0gina transparent, per\",\"breadcrumb\":{\"@id\":\"https:\\\/\\\/www.editorialjuventud.es\\\/colors-9788426139948\\\/#breadcrumb\"},\"inLanguage\":\"ca\",\"potentialAction\":[{\"@type\":\"ReadAction\",\"target\":[\"https:\\\/\\\/www.editorialjuventud.es\\\/colors-9788426139948\\\/\"]}]},{\"@type\":\"ImageObject\",\"inLanguage\":\"ca\",\"@id\":\"https:\\\/\\\/www.editorialjuventud.es\\\/colors-9788426139948\\\/#primaryimage\",\"url\":\"https:\\\/\\\/www.editorialjuventud.es\\\/wp-content\\\/uploads\\\/3994.jpg\",\"contentUrl\":\"https:\\\/\\\/www.editorialjuventud.es\\\/wp-content\\\/uploads\\\/3994.jpg\",\"width\":475,\"height\":450,\"caption\":\"3994.jpg\"},{\"@type\":\"BreadcrumbList\",\"@id\":\"https:\\\/\\\/www.editorialjuventud.es\\\/colors-9788426139948\\\/#breadcrumb\",\"itemListElement\":[{\"@type\":\"ListItem\",\"position\":1,\"name\":\"Portada\",\"item\":\"https:\\\/\\\/www.editorialjuventud.es\\\/\"},{\"@type\":\"ListItem\",\"position\":2,\"name\":\"cat\u00e1logo\",\"item\":\"https:\\\/\\\/www.editorialjuventud.es\\\/coleccion\\\/catalogo\\\/\"},{\"@type\":\"ListItem\",\"position\":3,\"name\":\"catal\u00e0\",\"item\":\"https:\\\/\\\/www.editorialjuventud.es\\\/coleccion\\\/catala\\\/\"},{\"@type\":\"ListItem\",\"position\":4,\"name\":\"Colors\"}]},{\"@type\":\"WebSite\",\"@id\":\"https:\\\/\\\/www.editorialjuventud.es\\\/#website\",\"url\":\"https:\\\/\\\/www.editorialjuventud.es\\\/\",\"name\":\"Editorial Juventud\",\"description\":\"\",\"potentialAction\":[{\"@type\":\"SearchAction\",\"target\":{\"@type\":\"EntryPoint\",\"urlTemplate\":\"https:\\\/\\\/www.editorialjuventud.es\\\/?s={search_term_string}\"},\"query-input\":{\"@type\":\"PropertyValueSpecification\",\"valueRequired\":true,\"valueName\":\"search_term_string\"}}],\"inLanguage\":\"ca\"}]}<\/script>\n<!-- \/ Yoast SEO plugin. -->","yoast_head_json":{"title":"Colors - Editorial Juventud","description":"Qu\u00e8 passa quan barreges dos colors? Aquest llibre et mostra els colors i el que passa quan jugues amb ells. Mirant a trav\u00e9s de la p\u00e0gina transparent, per","robots":{"index":"index","follow":"follow","max-snippet":"max-snippet:-1","max-image-preview":"max-image-preview:large","max-video-preview":"max-video-preview:-1"},"canonical":"https:\/\/www.editorialjuventud.es\/colors-9788426139948\/","og_locale":"ca_ES","og_type":"article","og_title":"Colors - Editorial Juventud","og_description":"Qu\u00e8 passa quan barreges dos colors? Aquest llibre et mostra els colors i el que passa quan jugues amb ells. Mirant a trav\u00e9s de la p\u00e0gina transparent, per","og_url":"https:\/\/www.editorialjuventud.es\/colors-9788426139948\/","og_site_name":"Editorial Juventud","article_modified_time":"2021-10-19T11:03:27+00:00","og_image":[{"width":475,"height":450,"url":"https:\/\/www.editorialjuventud.es\/wp-content\/uploads\/3994.jpg","type":"image\/jpeg"}],"twitter_card":"summary_large_image","schema":{"@context":"https:\/\/schema.org","@graph":[{"@type":"WebPage","@id":"https:\/\/www.editorialjuventud.es\/colors-9788426139948\/","url":"https:\/\/www.editorialjuventud.es\/colors-9788426139948\/","name":"Colors - Editorial Juventud","isPartOf":{"@id":"https:\/\/www.editorialjuventud.es\/#website"},"primaryImageOfPage":{"@id":"https:\/\/www.editorialjuventud.es\/colors-9788426139948\/#primaryimage"},"image":{"@id":"https:\/\/www.editorialjuventud.es\/colors-9788426139948\/#primaryimage"},"thumbnailUrl":"https:\/\/www.editorialjuventud.es\/wp-content\/uploads\/3994.jpg","datePublished":"2018-08-24T09:37:06+00:00","dateModified":"2021-10-19T11:03:27+00:00","description":"Qu\u00e8 passa quan barreges dos colors? Aquest llibre et mostra els colors i el que passa quan jugues amb ells. Mirant a trav\u00e9s de la p\u00e0gina transparent, per","breadcrumb":{"@id":"https:\/\/www.editorialjuventud.es\/colors-9788426139948\/#breadcrumb"},"inLanguage":"ca","potentialAction":[{"@type":"ReadAction","target":["https:\/\/www.editorialjuventud.es\/colors-9788426139948\/"]}]},{"@type":"ImageObject","inLanguage":"ca","@id":"https:\/\/www.editorialjuventud.es\/colors-9788426139948\/#primaryimage","url":"https:\/\/www.editorialjuventud.es\/wp-content\/uploads\/3994.jpg","contentUrl":"https:\/\/www.editorialjuventud.es\/wp-content\/uploads\/3994.jpg","width":475,"height":450,"caption":"3994.jpg"},{"@type":"BreadcrumbList","@id":"https:\/\/www.editorialjuventud.es\/colors-9788426139948\/#breadcrumb","itemListElement":[{"@type":"ListItem","position":1,"name":"Portada","item":"https:\/\/www.editorialjuventud.es\/"},{"@type":"ListItem","position":2,"name":"cat\u00e1logo","item":"https:\/\/www.editorialjuventud.es\/coleccion\/catalogo\/"},{"@type":"ListItem","position":3,"name":"catal\u00e0","item":"https:\/\/www.editorialjuventud.es\/coleccion\/catala\/"},{"@type":"ListItem","position":4,"name":"Colors"}]},{"@type":"WebSite","@id":"https:\/\/www.editorialjuventud.es\/#website","url":"https:\/\/www.editorialjuventud.es\/","name":"Editorial Juventud","description":"","potentialAction":[{"@type":"SearchAction","target":{"@type":"EntryPoint","urlTemplate":"https:\/\/www.editorialjuventud.es\/?s={search_term_string}"},"query-input":{"@type":"PropertyValueSpecification","valueRequired":true,"valueName":"search_term_string"}}],"inLanguage":"ca"}]}},"_links":{"self":[{"href":"https:\/\/www.editorialjuventud.es\/ca\/wp-json\/wp\/v2\/product\/5893","targetHints":{"allow":["GET"]}}],"collection":[{"href":"https:\/\/www.editorialjuventud.es\/ca\/wp-json\/wp\/v2\/product"}],"about":[{"href":"https:\/\/www.editorialjuventud.es\/ca\/wp-json\/wp\/v2\/types\/product"}],"wp:featuredmedia":[{"embeddable":true,"href":"https:\/\/www.editorialjuventud.es\/ca\/wp-json\/wp\/v2\/media\/17010"}],"wp:attachment":[{"href":"https:\/\/www.editorialjuventud.es\/ca\/wp-json\/wp\/v2\/media?parent=5893"}],"wp:term":[{"taxonomy":"product_brand","embeddable":true,"href":"https:\/\/www.editorialjuventud.es\/ca\/wp-json\/wp\/v2\/product_brand?post=5893"},{"taxonomy":"product_cat","embeddable":true,"href":"https:\/\/www.editorialjuventud.es\/ca\/wp-json\/wp\/v2\/product_cat?post=5893"},{"taxonomy":"product_tag","embeddable":true,"href":"https:\/\/www.editorialjuventud.es\/ca\/wp-json\/wp\/v2\/product_tag?post=5893"},{"taxonomy":"coleccion","embeddable":true,"href":"https:\/\/www.editorialjuventud.es\/ca\/wp-json\/wp\/v2\/coleccion?post=5893"}],"curies":[{"name":"wp","href":"https:\/\/api.w.org\/{rel}","templated":true}]}}