{"id":5892,"date":"2018-08-24T11:37:02","date_gmt":"2018-08-24T09:37:02","guid":{"rendered":"http:\/\/www.editorialjuventud.es\/colores\/"},"modified":"2021-10-19T18:23:33","modified_gmt":"2021-10-19T16:23:33","slug":"colores-9788426139931","status":"publish","type":"product","link":"https:\/\/www.editorialjuventud.es\/ca\/colores-9788426139931\/","title":{"rendered":"Colores"},"content":{"rendered":"<p>\u00bfQu\u00e9 pasa cuando mezclas dos colores? Este libro te muestra los colores y lo que pasa cuando juegas con ellos.<\/p>\n<p>A trav\u00e9s de las p\u00e1ginas transparentes, ver\u00e1s dos colores diferentes, a un lado y al otro, \u00a1y dos dibujos diferentes!<\/p>\n<p>Un libro para leer con los m\u00e1s peque\u00f1os, creado para estimular la conversaci\u00f3n y la interacci\u00f3n visual en cada p\u00e1gina.<\/p>\n","protected":false},"excerpt":{"rendered":"\u00bfQu\u00e9 pasa cuando mezclas dos colores? Este libro te muestra los colores y lo que pasa cuando juegas con ellos. A trav\u00e9s de las p\u00e1ginas transparentes, ver\u00e1s dos colores diferentes, a un lado y al otro, \u00a1y dos dibujos diferentes! [&hellip;]","protected":false},"featured_media":17008,"template":"","meta":{"_acf_changed":false,"_exactmetrics_skip_tracking":false,"_exactmetrics_sitenote_active":false,"_exactmetrics_sitenote_note":"","_exactmetrics_sitenote_category":0},"product_brand":[],"product_cat":[899,1121,1281,1152,892,1115,1123,1213,1128],"product_tag":[],"coleccion":[916,1012,1296],"class_list":{"0":"post-5892","1":"product","2":"type-product","3":"status-publish","4":"has-post-thumbnail","6":"product_cat-a-partir-de-3-anos","7":"product_cat-albumes-ilustrados","8":"product_cat-aprendizaje","9":"product_cat-colores","10":"product_cat-edades","11":"product_cat-generos","12":"product_cat-libros-informativos-infantil","13":"product_cat-primeros-conceptos","14":"product_cat-tematica","15":"coleccion-castellano","16":"coleccion-mis-primeros-conceptos","17":"coleccion-mis-primeros-libros","19":"first","20":"instock","21":"taxable","22":"shipping-taxable","23":"purchasable","24":"product-type-simple"},"acf":{"autor":"PATRICK GEORGE","codart":"3993","ediciones":"1","encuadernacion":"Carton\u00e9","fecha_de_publicacion":"01\/08\/2013","novedad":"0","paginas":"32","subtitulo":"","texto_web_adicional":"","texto_web_novedad":"","orden":"999","portada":"0","texto_web_resaltado":"","indice":"","autores-libros":[17699],"ilustradores-libros":[17699],"traductores-libros":"","descripcion_corta":"","recomendamos":"","mas_vendido":"","idioma-libro":"","color":false,"formato":"","mas_informacion_del_producto":false,"premios":false,"texto_enlace_cubierta":"","enlace_cubierta":{"ID":24087,"id":24087,"title":"cover3993","filename":"cover3993.jpg","filesize":23458,"url":"https:\/\/www.editorialjuventud.es\/wp-content\/uploads\/cover3993.jpg","link":"https:\/\/www.editorialjuventud.es\/ca\/?attachment_id=24087","alt":"","author":"47","description":"","caption":"","name":"cover3993","status":"inherit","uploaded_to":5892,"date":"2019-04-15 10:51:08","modified":"2019-04-15 10:51:08","menu_order":0,"mime_type":"image\/jpeg","type":"image","subtype":"jpeg","icon":"https:\/\/www.editorialjuventud.es\/wp-includes\/images\/media\/default.png","width":464,"height":450,"sizes":{"thumbnail":"https:\/\/www.editorialjuventud.es\/wp-content\/uploads\/cover3993-200x200.jpg","thumbnail-width":200,"thumbnail-height":200,"medium":"https:\/\/www.editorialjuventud.es\/wp-content\/uploads\/cover3993.jpg","medium-width":464,"medium-height":450,"medium_large":"https:\/\/www.editorialjuventud.es\/wp-content\/uploads\/cover3993.jpg","medium_large-width":464,"medium_large-height":450,"large":"https:\/\/www.editorialjuventud.es\/wp-content\/uploads\/cover3993.jpg","large-width":464,"large-height":450,"1536x1536":"https:\/\/www.editorialjuventud.es\/wp-content\/uploads\/cover3993.jpg","1536x1536-width":464,"1536x1536-height":450,"2048x2048":"https:\/\/www.editorialjuventud.es\/wp-content\/uploads\/cover3993.jpg","2048x2048-width":464,"2048x2048-height":450,"woocommerce_thumbnail":"https:\/\/www.editorialjuventud.es\/wp-content\/uploads\/cover3993-350x339.jpg","woocommerce_thumbnail-width":350,"woocommerce_thumbnail-height":339,"woocommerce_single":"https:\/\/www.editorialjuventud.es\/wp-content\/uploads\/cover3993.jpg","woocommerce_single-width":464,"woocommerce_single-height":450,"woocommerce_gallery_thumbnail":"https:\/\/www.editorialjuventud.es\/wp-content\/uploads\/cover3993-100x100.jpg","woocommerce_gallery_thumbnail-width":100,"woocommerce_gallery_thumbnail-height":100,"ppec_logo_image_size":"https:\/\/www.editorialjuventud.es\/wp-content\/uploads\/cover3993.jpg","ppec_logo_image_size-width":62,"ppec_logo_image_size-height":60,"ppec_header_image_size":"https:\/\/www.editorialjuventud.es\/wp-content\/uploads\/cover3993.jpg","ppec_header_image_size-width":93,"ppec_header_image_size-height":90}},"texto_enlace_ficha_tecnica":"","enlace_ficha_tecnica":false,"ficheros":false,"titulo-fr":"","texto-fr":"","fecha_de_reimpresion":"","deshabilitar_compra":["deshabilitar"]},"yoast_head":"<!-- This site is optimized with the Yoast SEO plugin v27.5 - https:\/\/yoast.com\/product\/yoast-seo-wordpress\/ -->\n<title>Colores - Editorial Juventud<\/title>\n<meta name=\"description\" content=\"\u00bfQu\u00e9 pasa cuando mezclas dos colores? Este libro te muestra los colores y lo que pasa cuando juegas con ellos. A trav\u00e9s de las p\u00e1ginas transparentes,\" \/>\n<meta name=\"robots\" content=\"index, follow, max-snippet:-1, max-image-preview:large, max-video-preview:-1\" \/>\n<link rel=\"canonical\" href=\"https:\/\/www.editorialjuventud.es\/colores-9788426139931\/\" \/>\n<meta property=\"og:locale\" content=\"ca_ES\" \/>\n<meta property=\"og:type\" content=\"article\" \/>\n<meta property=\"og:title\" content=\"Colores - Editorial Juventud\" \/>\n<meta property=\"og:description\" content=\"\u00bfQu\u00e9 pasa cuando mezclas dos colores? Este libro te muestra los colores y lo que pasa cuando juegas con ellos. A trav\u00e9s de las p\u00e1ginas transparentes,\" \/>\n<meta property=\"og:url\" content=\"https:\/\/www.editorialjuventud.es\/colores-9788426139931\/\" \/>\n<meta property=\"og:site_name\" content=\"Editorial Juventud\" \/>\n<meta property=\"article:modified_time\" content=\"2021-10-19T16:23:33+00:00\" \/>\n<meta property=\"og:image\" content=\"https:\/\/www.editorialjuventud.es\/wp-content\/uploads\/3993.jpg\" \/>\n\t<meta property=\"og:image:width\" content=\"464\" \/>\n\t<meta property=\"og:image:height\" content=\"450\" \/>\n\t<meta property=\"og:image:type\" content=\"image\/jpeg\" \/>\n<meta name=\"twitter:card\" content=\"summary_large_image\" \/>\n<script type=\"application\/ld+json\" class=\"yoast-schema-graph\">{\"@context\":\"https:\\\/\\\/schema.org\",\"@graph\":[{\"@type\":\"WebPage\",\"@id\":\"https:\\\/\\\/www.editorialjuventud.es\\\/colores-9788426139931\\\/\",\"url\":\"https:\\\/\\\/www.editorialjuventud.es\\\/colores-9788426139931\\\/\",\"name\":\"Colores - Editorial Juventud\",\"isPartOf\":{\"@id\":\"https:\\\/\\\/www.editorialjuventud.es\\\/#website\"},\"primaryImageOfPage\":{\"@id\":\"https:\\\/\\\/www.editorialjuventud.es\\\/colores-9788426139931\\\/#primaryimage\"},\"image\":{\"@id\":\"https:\\\/\\\/www.editorialjuventud.es\\\/colores-9788426139931\\\/#primaryimage\"},\"thumbnailUrl\":\"https:\\\/\\\/www.editorialjuventud.es\\\/wp-content\\\/uploads\\\/3993.jpg\",\"datePublished\":\"2018-08-24T09:37:02+00:00\",\"dateModified\":\"2021-10-19T16:23:33+00:00\",\"description\":\"\u00bfQu\u00e9 pasa cuando mezclas dos colores? Este libro te muestra los colores y lo que pasa cuando juegas con ellos. A trav\u00e9s de las p\u00e1ginas transparentes,\",\"breadcrumb\":{\"@id\":\"https:\\\/\\\/www.editorialjuventud.es\\\/colores-9788426139931\\\/#breadcrumb\"},\"inLanguage\":\"ca\",\"potentialAction\":[{\"@type\":\"ReadAction\",\"target\":[\"https:\\\/\\\/www.editorialjuventud.es\\\/colores-9788426139931\\\/\"]}]},{\"@type\":\"ImageObject\",\"inLanguage\":\"ca\",\"@id\":\"https:\\\/\\\/www.editorialjuventud.es\\\/colores-9788426139931\\\/#primaryimage\",\"url\":\"https:\\\/\\\/www.editorialjuventud.es\\\/wp-content\\\/uploads\\\/3993.jpg\",\"contentUrl\":\"https:\\\/\\\/www.editorialjuventud.es\\\/wp-content\\\/uploads\\\/3993.jpg\",\"width\":464,\"height\":450,\"caption\":\"3993.jpg\"},{\"@type\":\"BreadcrumbList\",\"@id\":\"https:\\\/\\\/www.editorialjuventud.es\\\/colores-9788426139931\\\/#breadcrumb\",\"itemListElement\":[{\"@type\":\"ListItem\",\"position\":1,\"name\":\"Portada\",\"item\":\"https:\\\/\\\/www.editorialjuventud.es\\\/\"},{\"@type\":\"ListItem\",\"position\":2,\"name\":\"cat\u00e1logo\",\"item\":\"https:\\\/\\\/www.editorialjuventud.es\\\/coleccion\\\/catalogo\\\/\"},{\"@type\":\"ListItem\",\"position\":3,\"name\":\"castellano\",\"item\":\"https:\\\/\\\/www.editorialjuventud.es\\\/coleccion\\\/castellano\\\/\"},{\"@type\":\"ListItem\",\"position\":4,\"name\":\"Mis Primeros Libros\",\"item\":\"https:\\\/\\\/www.editorialjuventud.es\\\/coleccion\\\/mis-primeros-libros\\\/\"},{\"@type\":\"ListItem\",\"position\":5,\"name\":\"Mis Primeros Conceptos\",\"item\":\"https:\\\/\\\/www.editorialjuventud.es\\\/coleccion\\\/mis-primeros-conceptos\\\/\"},{\"@type\":\"ListItem\",\"position\":6,\"name\":\"Colores\"}]},{\"@type\":\"WebSite\",\"@id\":\"https:\\\/\\\/www.editorialjuventud.es\\\/#website\",\"url\":\"https:\\\/\\\/www.editorialjuventud.es\\\/\",\"name\":\"Editorial Juventud\",\"description\":\"\",\"potentialAction\":[{\"@type\":\"SearchAction\",\"target\":{\"@type\":\"EntryPoint\",\"urlTemplate\":\"https:\\\/\\\/www.editorialjuventud.es\\\/?s={search_term_string}\"},\"query-input\":{\"@type\":\"PropertyValueSpecification\",\"valueRequired\":true,\"valueName\":\"search_term_string\"}}],\"inLanguage\":\"ca\"}]}<\/script>\n<!-- \/ Yoast SEO plugin. -->","yoast_head_json":{"title":"Colores - Editorial Juventud","description":"\u00bfQu\u00e9 pasa cuando mezclas dos colores? Este libro te muestra los colores y lo que pasa cuando juegas con ellos. A trav\u00e9s de las p\u00e1ginas transparentes,","robots":{"index":"index","follow":"follow","max-snippet":"max-snippet:-1","max-image-preview":"max-image-preview:large","max-video-preview":"max-video-preview:-1"},"canonical":"https:\/\/www.editorialjuventud.es\/colores-9788426139931\/","og_locale":"ca_ES","og_type":"article","og_title":"Colores - Editorial Juventud","og_description":"\u00bfQu\u00e9 pasa cuando mezclas dos colores? Este libro te muestra los colores y lo que pasa cuando juegas con ellos. A trav\u00e9s de las p\u00e1ginas transparentes,","og_url":"https:\/\/www.editorialjuventud.es\/colores-9788426139931\/","og_site_name":"Editorial Juventud","article_modified_time":"2021-10-19T16:23:33+00:00","og_image":[{"width":464,"height":450,"url":"https:\/\/www.editorialjuventud.es\/wp-content\/uploads\/3993.jpg","type":"image\/jpeg"}],"twitter_card":"summary_large_image","schema":{"@context":"https:\/\/schema.org","@graph":[{"@type":"WebPage","@id":"https:\/\/www.editorialjuventud.es\/colores-9788426139931\/","url":"https:\/\/www.editorialjuventud.es\/colores-9788426139931\/","name":"Colores - Editorial Juventud","isPartOf":{"@id":"https:\/\/www.editorialjuventud.es\/#website"},"primaryImageOfPage":{"@id":"https:\/\/www.editorialjuventud.es\/colores-9788426139931\/#primaryimage"},"image":{"@id":"https:\/\/www.editorialjuventud.es\/colores-9788426139931\/#primaryimage"},"thumbnailUrl":"https:\/\/www.editorialjuventud.es\/wp-content\/uploads\/3993.jpg","datePublished":"2018-08-24T09:37:02+00:00","dateModified":"2021-10-19T16:23:33+00:00","description":"\u00bfQu\u00e9 pasa cuando mezclas dos colores? Este libro te muestra los colores y lo que pasa cuando juegas con ellos. A trav\u00e9s de las p\u00e1ginas transparentes,","breadcrumb":{"@id":"https:\/\/www.editorialjuventud.es\/colores-9788426139931\/#breadcrumb"},"inLanguage":"ca","potentialAction":[{"@type":"ReadAction","target":["https:\/\/www.editorialjuventud.es\/colores-9788426139931\/"]}]},{"@type":"ImageObject","inLanguage":"ca","@id":"https:\/\/www.editorialjuventud.es\/colores-9788426139931\/#primaryimage","url":"https:\/\/www.editorialjuventud.es\/wp-content\/uploads\/3993.jpg","contentUrl":"https:\/\/www.editorialjuventud.es\/wp-content\/uploads\/3993.jpg","width":464,"height":450,"caption":"3993.jpg"},{"@type":"BreadcrumbList","@id":"https:\/\/www.editorialjuventud.es\/colores-9788426139931\/#breadcrumb","itemListElement":[{"@type":"ListItem","position":1,"name":"Portada","item":"https:\/\/www.editorialjuventud.es\/"},{"@type":"ListItem","position":2,"name":"cat\u00e1logo","item":"https:\/\/www.editorialjuventud.es\/coleccion\/catalogo\/"},{"@type":"ListItem","position":3,"name":"castellano","item":"https:\/\/www.editorialjuventud.es\/coleccion\/castellano\/"},{"@type":"ListItem","position":4,"name":"Mis Primeros Libros","item":"https:\/\/www.editorialjuventud.es\/coleccion\/mis-primeros-libros\/"},{"@type":"ListItem","position":5,"name":"Mis Primeros Conceptos","item":"https:\/\/www.editorialjuventud.es\/coleccion\/mis-primeros-conceptos\/"},{"@type":"ListItem","position":6,"name":"Colores"}]},{"@type":"WebSite","@id":"https:\/\/www.editorialjuventud.es\/#website","url":"https:\/\/www.editorialjuventud.es\/","name":"Editorial Juventud","description":"","potentialAction":[{"@type":"SearchAction","target":{"@type":"EntryPoint","urlTemplate":"https:\/\/www.editorialjuventud.es\/?s={search_term_string}"},"query-input":{"@type":"PropertyValueSpecification","valueRequired":true,"valueName":"search_term_string"}}],"inLanguage":"ca"}]}},"_links":{"self":[{"href":"https:\/\/www.editorialjuventud.es\/ca\/wp-json\/wp\/v2\/product\/5892","targetHints":{"allow":["GET"]}}],"collection":[{"href":"https:\/\/www.editorialjuventud.es\/ca\/wp-json\/wp\/v2\/product"}],"about":[{"href":"https:\/\/www.editorialjuventud.es\/ca\/wp-json\/wp\/v2\/types\/product"}],"wp:featuredmedia":[{"embeddable":true,"href":"https:\/\/www.editorialjuventud.es\/ca\/wp-json\/wp\/v2\/media\/17008"}],"wp:attachment":[{"href":"https:\/\/www.editorialjuventud.es\/ca\/wp-json\/wp\/v2\/media?parent=5892"}],"wp:term":[{"taxonomy":"product_brand","embeddable":true,"href":"https:\/\/www.editorialjuventud.es\/ca\/wp-json\/wp\/v2\/product_brand?post=5892"},{"taxonomy":"product_cat","embeddable":true,"href":"https:\/\/www.editorialjuventud.es\/ca\/wp-json\/wp\/v2\/product_cat?post=5892"},{"taxonomy":"product_tag","embeddable":true,"href":"https:\/\/www.editorialjuventud.es\/ca\/wp-json\/wp\/v2\/product_tag?post=5892"},{"taxonomy":"coleccion","embeddable":true,"href":"https:\/\/www.editorialjuventud.es\/ca\/wp-json\/wp\/v2\/coleccion?post=5892"}],"curies":[{"name":"wp","href":"https:\/\/api.w.org\/{rel}","templated":true}]}}